{"id":14292,"date":"2024-09-19T08:09:57","date_gmt":"2024-09-19T08:09:57","guid":{"rendered":"https:\/\/travelshelper.com\/staging\/?page_id=14292"},"modified":"2026-03-11T23:25:28","modified_gmt":"2026-03-11T23:25:28","slug":"aalborg","status":"publish","type":"page","link":"https:\/\/travelshelper.com\/cs\/destinations\/europe\/denmark\/aalborg\/","title":{"rendered":"Aalborg"},"content":{"rendered":"<p>Aalborg se rozkl\u00e1d\u00e1 pod\u00e9l neju\u017e\u0161\u00edho \u00faseku Limfjordu, jeho\u017e n\u00edzko polo\u017een\u00e9 pob\u0159e\u017e\u00ed je pevn\u011b zako\u0159en\u011bno v pr\u016fm\u011brn\u00e9 nadmo\u0159sk\u00e9 v\u00fd\u0161ce sotva p\u011bt metr\u016f, p\u0159esto je obklopeno kopci, kter\u00e9 se ty\u010d\u00ed do v\u00fd\u0161ky p\u0159es \u0161edes\u00e1t metr\u016f. Z tohoto vyhl\u00eddkov\u00e9ho m\u00edsta se m\u011bsto otev\u00edr\u00e1 v\u00fdhledem na v\u00fdchod sm\u011brem k Kattegatu, kter\u00fd se nach\u00e1z\u00ed asi t\u0159icet p\u011bt kilometr\u016f za n\u00edm, zat\u00edmco jeho obchodn\u00ed a kulturn\u00ed \u017e\u00edly se t\u00e1hnou na sever k N\u00f8rresundby a na jihoz\u00e1pad k Randers, Aarhusu a Kodani. Aalborg, \u010dtvrt\u00e1 nejv\u011bt\u0161\u00ed m\u011bstsk\u00e1 oblast D\u00e1nska \u2013 v polovin\u011b roku 2022 zde \u017eilo zhruba 144 000 obyvatel \u2013 je tak\u00e9 kotvou regionu Severn\u00ed Jutsko a slou\u017e\u00ed jako jeho hlavn\u00ed p\u0159\u00edstav, pr\u016fmyslov\u00e9 centrum a akademick\u00e9 srdce.<\/p>\n<p>Archeologick\u00e9 stopy ukazuj\u00ed na prvn\u00ed os\u00eddlen\u00ed kolem roku 700 n. l., kdy klikat\u00e9 proudy Limfjordu a bohat\u00fd rybolov p\u0159il\u00e1kaly k jeho b\u0159eh\u016fm odoln\u00e9 obyvatele Severn\u00edho Jutska. Ve st\u0159edov\u011bku poskytovala poloha Aalborgu v neju\u017e\u0161\u00edm m\u00edst\u011b fjordu strategickou v\u00fdhodu: lod\u011b sm\u011b\u0159uj\u00edc\u00ed do Kattegatu nebo k \u0159\u00ed\u010dn\u00edmu b\u0159ehu na jih proplouvaly kolem jeho n\u00e1b\u0159e\u017e\u00ed. Skromn\u00e9 \u200b\u200bobchodn\u00ed st\u0159edisko se rozrostlo v ru\u0161n\u00e9 st\u0159edov\u011bk\u00e9 m\u011bsto, jeho\u017e prosperita se dnes odr\u00e1\u017e\u00ed v hr\u00e1zd\u011bn\u00fdch obchodn\u00edch s\u00eddlech, kter\u00e1 lemuj\u00ed \u00d8ster\u00e5gade a jsou poz\u016fstatky cechov\u00e9 obchodn\u00ed spole\u010dnosti.<\/p>\n<p>Koncem \u010dtrn\u00e1ct\u00e9ho stolet\u00ed byl farn\u00ed kostel v Budolfi p\u0159em\u011bn\u011bn na gotickou katedr\u00e1lu zasv\u011bcenou sv. Botolphovi \u2013 cihlovou pam\u00e1tku s lomen\u00fdm obloukem, kter\u00e1 se dochovala jako s\u00eddlo aalborsk\u00e9ho biskupstv\u00ed. Nedaleko, na ostrohu s v\u00fdhledem na vodu, stoj\u00ed hrad Aalborghus, postaven\u00fd v roce 1550 za kr\u00e1le Kristi\u00e1na III. Jeho ob\u00edlen\u00e9 panely a \u010derven\u011b nat\u0159en\u00e9 tr\u00e1my p\u0159ipom\u00ednaj\u00ed dobu, kdy d\u00e1nsk\u00e1 kr\u00e1lovsk\u00e1 spr\u00e1va vyb\u00edrala dan\u011b v jeho hr\u00e1zd\u011bn\u00fdch zdech. A\u010dkoli v hrad\u011b nyn\u00ed s\u00eddl\u00ed obecn\u00ed \u00fa\u0159ady, jeho letn\u00ed zahrady a \u017eal\u00e1\u0159e st\u00e1le evokuj\u00ed dvorskou ok\u00e1zalost \u0161estn\u00e1ct\u00e9ho stolet\u00ed inspirovanou Tudorovci.<\/p>\n<p>Na \u00d8ster\u00e5gade se dochovaly dva z nejkr\u00e1sn\u011bj\u0161\u00edch d\u00e1nsk\u00fdch m\u011bstsk\u00fdch dom\u016f ze sedmn\u00e1ct\u00e9ho stolet\u00ed: d\u016fm Jense Banga (1624) a d\u016fm J\u00f8rgena Olufsena (1616). Oba byly postaveny z p\u00edskovce v duchu nizozemsk\u00e9 renesance a vyzna\u010duj\u00ed se stoupaj\u00edc\u00edmi \u0161t\u00edty, tvarovan\u00fdmi u\u0161n\u00edmi r\u00e1my a v Olufsenov\u011b p\u0159\u00edpad\u011b i neporu\u0161en\u00fdm skladov\u00fdm portikem s \u017eelezn\u00fdm h\u00e1kem na v\u00e1hy. \u010cty\u0159patrov\u00e1 rezidence Jense Banga po v\u00edce ne\u017e t\u0159i stolet\u00ed ukr\u00fdvala nejstar\u0161\u00ed l\u00e9k\u00e1rnu ve m\u011bst\u011b; p\u0159es ulici se nach\u00e1z\u00ed Olufsen\u016fv b\u00fdval\u00fd d\u016fm, kter\u00fd dokl\u00e1d\u00e1 \u00fazk\u00e9 spojen\u00ed mezi m\u011bstskou autoritou a obchodn\u00edm bohatstv\u00edm, nebo\u0165 jeho p\u016fvodn\u00ed majitel zast\u00e1val tak\u00e9 starostovstv\u00ed.<\/p>\n<p>V devaten\u00e1ct\u00e9m stolet\u00ed Aalborg p\u0159erostl svou st\u0159edov\u011bkou stopu. Koncem 19. stolet\u00ed do\u0161lo ke slou\u010den\u00ed okoln\u00edch vesnic \u2013 \u00d8ster Sundby, R\u00f8rdal Fabriksby a Tranders \u2013 do pr\u016fmyslov\u00e9 aglomerace, jej\u00ed\u017e populace vzrostla ze \u010dtrn\u00e1cti tis\u00edc v roce 1880 na zhruba t\u0159icet jedna tis\u00edc do roku 1901. V\u00fdroba cementu, mlet\u00ed obil\u00ed a destilace akvavitu upevnily m\u00edstn\u00ed ekonomiku. Spole\u010dnosti jako Aalborg Portland Cement a De Danske Spritfabrikker (d\u00e1nsk\u00e9 pal\u00edrny) se dostaly do celosv\u011btov\u00e9ho v\u00fdznamu a dodnes existuj\u00edc\u00ed k\u0159\u00eddov\u00e9 lomy v R\u00f8rdalu a Vokslevu podpo\u0159ily region\u00e1ln\u00ed cement\u00e1rny.<\/p>\n<p>V posledn\u00edch desetilet\u00edch ustoupil hukot t\u011b\u017ek\u00fdch stroj\u016f p\u0159esnosti pr\u016fmyslov\u00fdch odv\u011btv\u00ed zalo\u017een\u00fdch na znalostech. V\u00fdroba rotor\u016f v\u011btrn\u00fdch turb\u00edn ve spole\u010dnosti Siemens Gamesa Renewable Energy, konstrukce lodn\u00edch kotl\u016f ve spole\u010dnosti Alfa Laval a v\u00fdzkum zelen\u00e9 energie na Aalborsk\u00e9 univerzit\u011b nyn\u00ed poh\u00e1n\u011bj\u00ed ekonomiku m\u011bsta. P\u0159esto p\u0159\u00edstavn\u00ed za\u0159\u00edzen\u00ed nad\u00e1le p\u0159epravuj\u00ed obil\u00ed, cement a lihoviny po cel\u00e9m sv\u011bt\u011b, zat\u00edmco samotn\u00e9 n\u00e1b\u0159e\u017e\u00ed se nov\u011b vn\u00edm\u00e1 jako prostor pro kreativn\u00ed pr\u016fmysl a voln\u00fd \u010das.<\/p>\n<p>Centrum m\u011bsta, rozlo\u017een\u00e9 na hlin\u011bn\u00fdch b\u0159ez\u00edch ve sm\u011bru v\u00fdchod-z\u00e1pad, tvo\u0159en\u00fdch d\u00e1vno zanikl\u00fdmi potoky Vester\u00e5 a Lille\u00e5, si zachov\u00e1v\u00e1 svou st\u0159edov\u011bkou m\u0159\u00ed\u017eku Algade (star\u00e9 tr\u017en\u00ed ulice), lemovanou Bispengade a vrchol\u00edc\u00ed u Gammeltorvu, star\u00e9ho tr\u017en\u00edho n\u00e1m\u011bst\u00ed. Zde se katedr\u00e1la Budolfi d\u00edv\u00e1 na z\u00e1pad p\u0159es barokn\u00ed fas\u00e1du radnice z roku 1762, jej\u00ed\u017e st\u0159echa z \u010dern\u00fdch glazovan\u00fdch ta\u0161ek a pilastrov\u00fd vstup zna\u010d\u00ed posun k osv\u00edceneck\u00e9 form\u00e1lnosti. Za oblast\u00ed n\u00e1dra\u017e\u00ed na z\u00e1pad\u011b vyrostla ve dvac\u00e1t\u00e9m stolet\u00ed Hasseris jako \u010dtvr\u0165 vil, zat\u00edmco hlavn\u00ed t\u011b\u017ei\u0161t\u011b v\u00fdstavby se nyn\u00ed obr\u00e1tilo na v\u00fdchod od centra, kde bytov\u00e1 v\u00fdstavba lemuje funk\u010dn\u00ed doky \u00d8sthavnenu a Utzon Center stoj\u00ed vedle nov\u011b koncipovan\u00e9 koncertn\u00ed s\u00edn\u011b Musikkens Hus.<\/p>\n<p>Pov\u011bst Aalborgu jako kulturn\u00edho centra spo\u010d\u00edv\u00e1 na souhv\u011bzd\u00ed instituc\u00ed. V muzejn\u00ed \u010dtvrti se nach\u00e1z\u00ed Aalborgsk\u00e9 historick\u00e9 muzeum (zal. 1863) a Muzeum modern\u00edho um\u011bn\u00ed KUNSTEN, kter\u00e9 je zn\u00e1m\u00e9 budovou Alvara Aalta z roku 1972 a svou socha\u0159skou zahradou. Sou\u010dasn\u00e1 d\u00edla nach\u00e1zej\u00ed domov v Nordkraftu \u2013 zrekonstruovan\u00e9 elektr\u00e1rn\u011b \u2013 zat\u00edmco Utzonovo centrum, kter\u00e9 ct\u00ed architekta J\u00f8rna Utzona, narozen\u00e9ho ve m\u011bst\u011b, po\u0159\u00e1d\u00e1 v\u00fdstavy v\u011bnovan\u00e9 jeho d\u00edlu a \u0161ir\u0161\u00edm t\u00e9mat\u016fm designu. M\u011bstsk\u00fd symfonick\u00fd orchestr, opern\u00ed soubor a Aalborgsk\u00e9 divadlo (1878) o\u017eivuj\u00ed p\u00f3dia po cel\u00fd rok; jeho multifunk\u010dn\u00ed Kongresov\u00e9 a kulturn\u00ed centrum \u2013 otev\u0159en\u00e9 v roce 1952 a roz\u0161\u00ed\u0159en\u00e9 v roce 1991 \u2013 host\u00ed a\u017e 2 500 div\u00e1k\u016f na balet, popov\u00e9 koncerty a mezin\u00e1rodn\u00ed hv\u011bzdy.<\/p>\n<p>Nejdemokrati\u010dt\u011bj\u0161\u00ed akc\u00ed je v\u0161ak ka\u017edoro\u010dn\u00ed Aalborsk\u00fd karneval, kter\u00fd se kon\u00e1 koncem kv\u011btna. B\u011bhem t\u0159\u00ed dn\u016f se zde sch\u00e1z\u00ed asi 100 000 \u00fa\u010dastn\u00edk\u016f na d\u011btsk\u00e9 pr\u016fvody, sout\u011b\u017ee karnevalov\u00fdch kapel a velkolep\u00fd ma\u0161karn\u00ed pr\u016fvod \u2013 nejv\u011bt\u0161\u00ed sv\u00e9ho druhu v severn\u00ed Evrop\u011b. Stejn\u011b \u00factyhodn\u00fd je trh Hjallerup, t\u0159\u00eddenn\u00ed ko\u0148sk\u00fd trh, kter\u00fd ka\u017ed\u00fd \u010derven p\u0159il\u00e1k\u00e1 p\u0159es 200 000 n\u00e1v\u0161t\u011bvn\u00edk\u016f, aby si kon\u011b kupovali, prod\u00e1vali a obchodovali s nimi ve vesnic\u00edch severov\u00fdchodn\u011b od m\u011bsta.<\/p>\n<p>Od sv\u00e9ho zalo\u017een\u00ed v roce 1974 se Aalborgsk\u00e1 univerzita (AAU) rozrostla v p\u0159edn\u00ed akademickou instituci Severn\u00edho Jutska a v roce 2018 na n\u00ed studovalo v\u00edce ne\u017e 20 000 student\u016f. Jej\u00ed model u\u010den\u00ed zalo\u017een\u00fd na \u0159e\u0161en\u00ed probl\u00e9m\u016f si z\u00edskal mezin\u00e1rodn\u00ed uzn\u00e1n\u00ed a jej\u00ed fakulty zahrnuj\u00ed in\u017een\u00fdrstv\u00ed, spole\u010densk\u00e9 v\u011bdy, humanitn\u00ed v\u011bdy a zdravotnick\u00e9 v\u011bdy. Nedaleko se nach\u00e1z\u00ed University College of Northern Denmark a Royal School of Library and Information Science, kter\u00e9 se v\u011bnuj\u00ed odborn\u00e9mu a specializovan\u00e9mu studiu, zat\u00edmco Aalborgsk\u00e1 univerzitn\u00ed nemocnice \u2013 zalo\u017een\u00e1 v roce 1881 \u2013 z\u016fst\u00e1v\u00e1 p\u0159edn\u00edm zdravotnick\u00fdm centrem regionu. Vojenskou logistiku a v\u00fdcvik v oblasti urgentn\u00ed l\u00e9ka\u0159sk\u00e9 p\u00e9\u010de zaji\u0161\u0165uje Tr\u00e6nregimentet, kter\u00fd ve m\u011bst\u011b s\u00eddl\u00ed.<\/p>\n<p>Nordjyske Arena, domov fotbalov\u00e9ho klubu Aalborg BK od jeho zalo\u017een\u00ed v roce 1885, byla sv\u011bdkem \u010dty\u0159 triumf\u016f v d\u00e1nsk\u00e9 Superlize (1994\u201395, 1998\u201399, 2007\u201308, 2013\u201314). Mezi dal\u0161\u00ed kluby pat\u0159\u00ed hokejov\u00fd Aalborg Pirates, h\u00e1zenk\u00e1\u0159sk\u00fd Aalborg H\u00e5ndbold a tak\u00e9 ragbyov\u00e9 a kriketov\u00e9 asociace. Ve\u0159ejn\u00e9 parky \u2013 mimo jin\u00e9 \u00d8stre Anl\u00e6g, Lindholm Fjordpark, Kildeparken a M\u00f8lleparken \u2013 nab\u00edzej\u00ed b\u011b\u017eeck\u00e9 stezky, golfov\u00e1 h\u0159i\u0161t\u011b a mok\u0159ady s pta\u010d\u00ed rezervac\u00ed. Ka\u017ed\u00fd rok \u00d8stre Anl\u00e6g p\u0159il\u00e1k\u00e1 na sv\u00e9 tr\u00e1vn\u00edky a jezero, kdysi hlin\u011bn\u00fd d\u016fl, nyn\u00ed s v\u00fdhledem na kostel svat\u00e9ho Marka, p\u0159ibli\u017en\u011b 175 000 n\u00e1v\u0161t\u011bvn\u00edk\u016f. Lindholm Fjordpark, obnoven\u00fd z p\u016fvodn\u00ed skl\u00e1dky odpadu, mezit\u00edm podporuje st\u011bhovav\u00e9 husy a kolihy, windsurfing a \u0161estijamkov\u00e9 h\u0159i\u0161t\u011b.<\/p>\n<p>Zoologick\u00e9 aktivity nach\u00e1zej\u00ed domov v zoo v Aalborgu (1935), kde se nach\u00e1z\u00ed zhruba 1300 zv\u00ed\u0159at 138 druh\u016f \u2013 mezi nimi tyg\u0159i, ledn\u00ed medv\u011bdi a tu\u010d\u0148\u00e1ci \u2013 v rekonstruovan\u00fdch biotopech. Karolinelund, zanikl\u00fd z\u00e1bavn\u00ed park z roku 1946, byl znovu aktivov\u00e1n dobrovoln\u00edky z organizace Platform4, jej\u00ed\u017e semin\u00e1\u0159e, koncerty a v\u00fdstavy udr\u017euj\u00ed park jako m\u00edsto pro um\u011bn\u00ed a technologie, i kdy\u017e bez d\u0159\u00edv\u011bj\u0161\u00edch mechanick\u00fdch atrakc\u00ed.<\/p>\n<p>Mo\u0159sk\u00e9 klima ovlivn\u011bn\u00e9 lod\u00ed ovliv\u0148uje ro\u010dn\u00ed obdob\u00ed v Aalborgu: l\u00e9ta z\u0159\u00eddka p\u0159ekro\u010d\u00ed dvacet stup\u0148\u016f Celsia a zimy se pr\u016fm\u011brn\u011b pohybuj\u00ed mezi minus t\u0159emi a plus dv\u011bma stupni, s vz\u00e1cn\u00fdmi poklesy pod minus patn\u00e1ct. Sr\u00e1\u017eky padaj\u00ed po cel\u00fd rok \u2013 v \u0159\u00edjnu spadne nejv\u00edce sr\u00e1\u017eek \u2013 a \u010derven m\u00e1 pr\u016fm\u011brn\u011b nejv\u00edce hodin slune\u010dn\u00edho svitu. Na jihov\u00fdchod\u011b le\u017e\u00ed Lille Vildmose, nejv\u011bt\u0161\u00ed vrchovi\u0161tn\u00ed ra\u0161elini\u0161t\u011b v severn\u00ed Evrop\u011b, zat\u00edmco v\u0159esovi\u0161t\u011b Rold Forest, v\u010detn\u011b Rebild Hills, se rozkl\u00e1daj\u00ed asi t\u0159icet kilometr\u016f od m\u011bstsk\u00fdch bran. Nibe Bredning v Limfjordu s rozs\u00e1hl\u00fdmi p\u00e1sy \u00faho\u0159ovit\u00fdch trav poskytuje podporu tis\u00edc\u016fm st\u011bhovav\u00fdch pt\u00e1k\u016f a signalizuje ekologickou vitalitu regionu.<\/p>\n<p>\u017delezni\u010dn\u00ed spojen\u00ed spojuje Aalborg s Randers a d\u00e1le od roku 1869, p\u0159i\u010dem\u017e linky Nordjyske Jernbaner a DSB se sb\u00edhaj\u00ed na zrekonstruovan\u00e9m n\u00e1dra\u017e\u00ed z roku 1902 na n\u00e1m\u011bst\u00ed Johna F. Kennedyho. Silni\u010dn\u00ed p\u0159\u00edstup je zaji\u0161t\u011bn po d\u00e1lnici E45 \u2013 t\u00e1hnouc\u00ed se od norsk\u00e9ho Finnmarku po italskou Kal\u00e1brii \u2013 a tak\u00e9 po st\u00e1tn\u00edch d\u00e1lnic\u00edch do Aarhusu, Frederikshavnu a Kodan\u011b, p\u0159i\u010dem\u017e Koda\u0148 vede p\u0159es Great Belt Fixed Link vzd\u00e1lenou asi 414 kilometr\u016f. Leteckou dopravu obsluhuje leti\u0161t\u011b Aalborg, \u0161est kilometr\u016f severoz\u00e1padn\u011b od centra, kter\u00e9 ro\u010dn\u011b odbav\u00ed 1,4 milionu cestuj\u00edc\u00edch na dvaceti p\u0159\u00edm\u00fdch tras\u00e1ch nap\u0159\u00ed\u010d Evropou a sez\u00f3nn\u00edch link\u00e1ch do vzd\u00e1len\u011bj\u0161\u00edch oblast\u00ed. Sousedn\u00ed leteck\u00e1 z\u00e1kladna Aalborg dopl\u0148uje civiln\u00ed dopravu vojensk\u00fdmi operacemi.<\/p>\n<p>M\u00edstn\u00ed doprava se vyvinula z programu bezplatn\u00e9 j\u00edzdy na kole (2009\u20132014) do s\u00edt\u011b rychl\u00e9 autobusov\u00e9 dopravy \u2013 Plusbus \u2013 spu\u0161t\u011bn\u00e9 v z\u00e1\u0159\u00ed 2023. Autobusov\u00e9 linky proch\u00e1zej\u00ed centrem m\u011bsta a p\u0159edm\u011bst\u00edmi, zat\u00edmco 44 procent obyvatel jezd\u00ed na kole n\u011bkolikr\u00e1t t\u00fddn\u011b a 27 procent doj\u00ed\u017ed\u00ed na kole. Partnersk\u00e1 m\u011bsta spojuj\u00ed mosty a tunely: silni\u010dn\u00ed most Limfjordsbroen (1933), zvedac\u00ed \u017eelezni\u010dn\u00ed most o dev\u00edti pol\u00edch (1938) \u2013 kter\u00fd se ro\u010dn\u011b stav\u00ed p\u0159ibli\u017en\u011b 4 000kr\u00e1t pro proj\u00ed\u017ed\u011bj\u00edc\u00ed plavidla \u2013 a tunel Limfjord (1969), prvn\u00ed d\u00e1lni\u010dn\u00ed tunel v D\u00e1nsku, jeho\u017e t\u0159i j\u00edzdn\u00ed pruhy vedou pod fjordem po silnici E45.<\/p>\n<p>Aalborgu, kter\u00e9mu kdysi dominovaly lod\u011bnice, lihovary a cement\u00e1rny, dnes harmonizuje sv\u00e9 pr\u016fmyslov\u00e9 d\u011bdictv\u00ed s kulturn\u00ed obnovou a p\u00e9\u010d\u00ed o \u017eivotn\u00ed prost\u0159ed\u00ed. N\u00e1b\u0159e\u017en\u00ed n\u00e1b\u0159e\u017e\u00ed ustoupila v\u00fdstavn\u00edm hal\u00e1m, kav\u00e1rn\u00e1m a promen\u00e1d\u00e1m; v b\u00fdval\u00fdch tov\u00e1rn\u00edch \u010dtvrt\u00edch se nyn\u00ed nach\u00e1zej\u00ed startupy, galerie a univerzitn\u00ed inkub\u00e1tory. Klikat\u00e9 st\u0159echy centra Utzon se skl\u00e1n\u011bj\u00ed p\u0159es vodu k b\u00fdval\u00e9mu p\u0159\u00edstavu \u00d8stre Havn, kde je\u0159\u00e1by kdysi vykl\u00e1daly uhl\u00ed a nyn\u00ed jsou prom\u011bn\u011bny ve skluzavky pro kajak\u00e1\u0159sk\u00e9 kluby a \u0161koly windsurfingu.<\/p>\n<p>V pr\u016fb\u011bhu ka\u017ed\u00e9ho stolet\u00ed sv\u00e9 t\u00e9m\u011b\u0159 t\u0159in\u00e1ctisetlet\u00e9 historie byl Aalborg formov\u00e1n vodou \u2013 jej\u00edmi proudy, obchodem a schopnost\u00ed propojovat komunity. V sou\u010dasnosti tent\u00fd\u017e fjord zve obyvatele i n\u00e1v\u0161t\u011bvn\u00edky k zamy\u0161len\u00ed nad budoucnost\u00ed dynamickou jako p\u0159\u00edlivy, kter\u00e9 usm\u011br\u0148uje, budoucnost\u00ed, kde se na b\u0159ez\u00edch Limfjordu sb\u00edhaj\u00ed tradice a inovace.<\/p>","protected":false},"excerpt":{"rendered":"<p>Aalborg, \u010dtvrt\u00e9 nejv\u011bt\u0161\u00ed m\u011bstsk\u00e9 os\u00eddlen\u00ed v D\u00e1nsku, m\u00e1 119 862 obyvatel ve vlastn\u00edm m\u011bst\u011b a 143 598 m\u011bstsk\u00fdch obyvatel k 1. \u010dervenci 2022. Toto dynamick\u00e9 m\u011bsto se nach\u00e1z\u00ed v severn\u00ed \u010d\u00e1sti Jutsk\u00e9ho poloostrova a funguje jako z\u00e1sadn\u00ed ekonomick\u00e9 a kulturn\u00ed centrum t\u00e9to oblasti. Strategick\u00e1 poloha Aalborgu v neju\u017e\u0161\u00edm m\u00edst\u011b Limfjordu byla z\u00e1sadn\u00ed pro ovlivn\u011bn\u00ed jeho historick\u00e9ho v\u00fdvoje a v\u00fdznamu v D\u00e1nsku.<\/p>","protected":false},"author":1,"featured_media":2734,"parent":14261,"menu_order":0,"comment_status":"closed","ping_status":"closed","template":"elementor_theme","meta":{"_eb_attr":"","footnotes":""},"class_list":["post-14292","page","type-page","status-publish","has-post-thumbnail"],"_links":{"self":[{"href":"https:\/\/travelshelper.com\/cs\/wp-json\/wp\/v2\/pages\/14292","targetHints":{"allow":["GET"]}}],"collection":[{"href":"https:\/\/travelshelper.com\/cs\/wp-json\/wp\/v2\/pages"}],"about":[{"href":"https:\/\/travelshelper.com\/cs\/wp-json\/wp\/v2\/types\/page"}],"author":[{"embeddable":true,"href":"https:\/\/travelshelper.com\/cs\/wp-json\/wp\/v2\/users\/1"}],"replies":[{"embeddable":true,"href":"https:\/\/travelshelper.com\/cs\/wp-json\/wp\/v2\/comments?post=14292"}],"version-history":[{"count":0,"href":"https:\/\/travelshelper.com\/cs\/wp-json\/wp\/v2\/pages\/14292\/revisions"}],"up":[{"embeddable":true,"href":"https:\/\/travelshelper.com\/cs\/wp-json\/wp\/v2\/pages\/14261"}],"wp:featuredmedia":[{"embeddable":true,"href":"https:\/\/travelshelper.com\/cs\/wp-json\/wp\/v2\/media\/2734"}],"wp:attachment":[{"href":"https:\/\/travelshelper.com\/cs\/wp-json\/wp\/v2\/media?parent=14292"}],"curies":[{"name":"wp","href":"https:\/\/api.w.org\/{rel}","templated":true}]}}