{"id":14276,"date":"2024-09-18T23:14:52","date_gmt":"2024-09-18T23:14:52","guid":{"rendered":"https:\/\/travelshelper.com\/staging\/?page_id=14276"},"modified":"2026-03-11T23:24:45","modified_gmt":"2026-03-11T23:24:45","slug":"roskilde","status":"publish","type":"page","link":"https:\/\/travelshelper.com\/cs\/destinations\/europe\/denmark\/roskilde\/","title":{"rendered":"Roskilde"},"content":{"rendered":"<p>Roskilde, kompaktn\u00ed m\u011bsto t\u0159icet kilometr\u016f z\u00e1padn\u011b od Kodan\u011b na d\u00e1nsk\u00e9m ostrov\u011b Z\u00e9land, jeho\u017e po\u010d\u00e1tky sahaj\u00ed a\u017e do p\u0159edk\u0159es\u0165ansk\u00e9 doby Viking\u016f, dnes vzkv\u00e9t\u00e1 jako region\u00e1ln\u00ed centrum vzd\u011bl\u00e1v\u00e1n\u00ed, obchodu a kultury. Jeho hlavn\u00edm centrem je katedr\u00e1la zapsan\u00e1 na seznamu UNESCO a \u0159ada sv\u011btov\u011b proslul\u00fdch muze\u00ed, v\u00fdzkumn\u00fdch park\u016f a ka\u017edoro\u010dn\u00edch akc\u00ed, kter\u00e9 p\u0159itahuj\u00ed n\u00e1v\u0161t\u011bvn\u00edky i m\u00edstn\u00ed obyvatele.<\/p>\n<p>Ran\u00fd v\u00fdznam Roskilde je patrn\u00fd z jeho n\u00e1zvu, kter\u00fd v 11. stolet\u00ed zaznamenal Adam von Bremen jako nejv\u011bt\u0161\u00ed m\u011bsto Z\u00e9landu, a z gotick\u00e9 katedr\u00e1ly dokon\u010den\u00e9 v roce 1275, kter\u00e1 dodnes ukr\u00fdv\u00e1 t\u0159icet dev\u011bt kr\u00e1lovsk\u00fdch hrobek. Tato ty\u010d\u00edc\u00ed se cihlov\u00e1 stavba, prvn\u00ed sv\u00e9ho druhu ve Skandin\u00e1vii, se stala n\u00e1bo\u017eensk\u00fdm centrem a\u017e do reformace a nyn\u00ed ka\u017edoro\u010dn\u011b v\u00edt\u00e1 v\u00edce ne\u017e sto tis\u00edc host\u016f. Za impozantn\u00edmi v\u011b\u017eemi se dochoval st\u0159edov\u011bk\u00fd pl\u00e1n ulic m\u011bsta kolem Skomagergade, Algade a hlavn\u00edch n\u00e1m\u011bst\u00ed St\u00e6ndertorvet a Hestetorvet, zat\u00edmco parkov\u00e9 koridory Byparken a Folkeparken sestupuj\u00ed k fjordu a nab\u00edzej\u00ed zelen\u00fd kontrapunkt k \u010derven\u00fdm ta\u0161kov\u00fdm st\u0159ech\u00e1m a bled\u00e9mu zdivu.<\/p>\n<p>Dlouh\u00fd h\u0159eben Roskildesk\u00e9ho fjordu vymezuje severn\u00ed okraj m\u011bsta, jeho\u017e vody prot\u00e9kaj\u00ed kolem pramene Maglekilde, ne\u017e se roz\u0161\u00ed\u0159\u00ed do ji\u017en\u00ed v\u011btve Isefjordu. Na zalesn\u011bn\u00fdch svaz\u00edch severoz\u00e1padn\u011b od centra se ka\u017ed\u00e9 jaro rozprost\u00edr\u00e1 Boserup Skov, kde se zvln\u011bn\u00e9 kopce hem\u017e\u00ed buky a sasankami, zat\u00edmco zp\u011bvn\u00ed pt\u00e1ci ohla\u0161uj\u00ed za\u010d\u00e1tek l\u00e9ta. Ji\u017en\u011b od stadionu roz\u0161i\u0159uje nov\u00fd Hyrdeh\u00f8j Skov m\u011bstskou zelenou s\u00ed\u0165 na okraj m\u011bsta, kde se ty\u010d\u00ed \u010dtvr\u0165 Trekroner s pl\u00e1ny na tis\u00edce nov\u00fdch dom\u016f. Nedalek\u00fd Musicon, navazuj\u00edc\u00ed na are\u00e1l b\u00fdval\u00e9 cement\u00e1rny, ji\u017e p\u0159il\u00e1kal kreativn\u00ed podniky a p\u0159ibli\u017en\u011b dvacet dev\u011bt kulturn\u00edch podnik\u016f s vyhl\u00eddkami na dal\u0161\u00ed r\u016fst vedle v\u00fdstavi\u0161t\u011b, kter\u00e9 ka\u017edoro\u010dn\u011b host\u00ed festival Roskilde.<\/p>\n<p>Tento festival, zalo\u017een\u00fd v roce 1971, se stal jedn\u00edm z nejv\u011bt\u0161\u00edch hudebn\u00edch setk\u00e1n\u00ed ve Skandin\u00e1vii a ka\u017ed\u00e9 l\u00e9to zapln\u00ed are\u00e1l \u010dty\u0159i kilometry ji\u017en\u011b od n\u00e1dra\u017e\u00ed osmdes\u00e1ti tis\u00edci n\u00e1v\u0161t\u011bvn\u00edky, kte\u0159\u00ed si mohou vychutnat spektrum rocku, hip-hopu, elektroniky a world music. Ve\u0161ker\u00fd zisk jde na charitativn\u00ed \u00fa\u010dely, co\u017e odr\u00e1\u017e\u00ed ducha komunity, kter\u00fd o\u017eivuje i sportovn\u00ed kluby v Roskilde \u2013 od FC Roskilde v 1. divizi a\u017e po m\u00edstn\u00ed ragby a \u00factyhodnou vesla\u0159skou asociaci m\u011bsta. V klidn\u011bj\u0161\u00edch chv\u00edl\u00edch se n\u00e1v\u0161t\u011bvn\u00edci mohou proch\u00e1zet Muzeem vikingsk\u00fdch lod\u00ed na b\u0159ehu fjordu, kde p\u011bt plavidel z 11. stolet\u00ed, zachr\u00e1n\u011bn\u00fdch po stalet\u00edch pod vodou, ilustruje \u0159emesln\u00e9 zpracov\u00e1n\u00ed dlouh\u00fdch lod\u00ed, v\u00e1le\u010dn\u00fdch lod\u00ed a obchodn\u00edch plavidel. Experiment\u00e1ln\u00ed rekonstrukce v lod\u011bnici muzea zachov\u00e1vaj\u00ed n\u00e1mo\u0159nick\u00e9 tradice pro nov\u00e9 generace.<\/p>\n<p>Vzd\u011bl\u00e1v\u00e1n\u00ed a v\u00fdzkum tvo\u0159\u00ed velkou \u010d\u00e1st modern\u00ed identity Roskilde. Univerzita, zalo\u017een\u00e1 v roce 1972, p\u0159inesla p\u0159\u00edliv akademik\u016f a student\u016f, \u010d\u00edm\u017e transformovala ekonomiku a populaci. Spolu s historickou katedr\u00e1ln\u00ed \u0161kolou a d\u00e1nskou vysokou \u0161kolou pro obchod s masem z roku 1964 podporuje \u017eivou atmosf\u00e9ru kampusu na stanici Trekroner. V\u00fdzkumn\u00e9 za\u0159\u00edzen\u00ed Ris\u00f8, nyn\u00ed sou\u010d\u00e1st Technick\u00e9 univerzity v D\u00e1nsku, a Centrum pro pokro\u010dil\u00e9 technologie podn\u011bcuj\u00ed pr\u00e1ci v oblasti udr\u017eiteln\u00e9 energie, v\u011btrn\u00e9 energie a biotechnologi\u00ed s pl\u00e1ny na roz\u0161\u00ed\u0159en\u00ed provozu \u010dist\u00fdch technologi\u00ed na p\u0159ibli\u017en\u011b 120 akr\u016f. Ve\u0159ejn\u00e9 v\u00fdzkumn\u00e9 org\u00e1ny, v\u010detn\u011b D\u00e1nsk\u00e9 rady pro vy\u0161et\u0159ov\u00e1n\u00ed nehod, d\u00e1le diverzifikuj\u00ed znalostn\u00ed z\u00e1kladnu m\u011bsta.<\/p>\n<p>Nemocnice v Roskilde, zalo\u017een\u00e1 v roce 1855 a neust\u00e1le modernizovan\u00e1, nyn\u00ed zahrnuje rozs\u00e1hl\u00e9 v\u00fdzkumn\u00e9 programy a v\u00fdznamn\u00e9 psychiatrick\u00e9 za\u0159\u00edzen\u00ed Sankt Hans, kter\u00e9 nab\u00edz\u00ed specializovanou forenzn\u00ed p\u00e9\u010di regionu hlavn\u00edho m\u011bsta. V okoln\u00edch ulic\u00edch s\u00ed\u0165 firem lehk\u00e9ho pr\u016fmyslu a slu\u017eeb udr\u017euje zam\u011bstnanost. BEC, poskytovatel IT slu\u017eeb pro d\u00e1nsk\u00e9 banky, a DLF-Trifolium, producent semen, pat\u0159\u00ed mezi nejv\u011bt\u0161\u00ed soukrom\u00e9 zam\u011bstnavatele. Z\u00e9landsk\u00e9 operace spole\u010dnosti Ramb\u00f8ll se v Roskilde konsolidovaly, zat\u00edmco Top-Toy, GPI, Roskilde Galvanisering a Mathiesen dopl\u0148uj\u00ed seznam, kter\u00fd sah\u00e1 od mikroakustick\u00fdch komponent\u016f v Sonionu a\u017e po slu\u017eby odmrazov\u00e1n\u00ed letectv\u00ed ve Vestergaardu. Potravin\u00e1\u0159sk\u00fd pr\u016fmysl, jako jsou Chr. Hansen, Dan\u00c6g, Scandinavian Pizza Company a Stryhns, dopl\u0148uje ekonomickou mozaiku m\u011bsta.<\/p>\n<p>19. stolet\u00ed p\u0159ineslo \u017eeleznici, p\u0159i\u010dem\u017e stanice Roskilde byla otev\u0159ena v roce 1847 jako prvn\u00ed kamenn\u00e1 a nyn\u00ed nejstar\u0161\u00ed funk\u010dn\u00ed stanice v D\u00e1nsku. Na konci stolet\u00ed se pod\u00e9l nov\u00fdch trat\u00ed rozkl\u00e1daly tab\u00e1kov\u00e9 hut\u011b, sl\u00e9v\u00e1rny \u017eeleza a stroj\u00edrny, kter\u00e9 p\u0159edznamen\u00e1valy dne\u0161n\u00ed vyv\u00e1\u017eenou ekonomiku slu\u017eeb a pr\u016fmyslu. Silni\u010dn\u00ed spojen\u00ed vzniklo v 70. letech 20. stolet\u00ed s d\u00e1lnic\u00ed Holb\u00e6k, kter\u00e1 zkr\u00e1tila dobu cestov\u00e1n\u00ed do Kodan\u011b a podpo\u0159ila doj\u00ed\u017ed\u011bn\u00ed a obchod. V roce 1973 bylo otev\u0159eno mal\u00e9 leti\u0161t\u011b ur\u010den\u00e9 pro v\u00fdcvik l\u00e9t\u00e1n\u00ed lehk\u00fdch letadel a obchodn\u00ed dopravu, p\u0159i\u010dem\u017e pl\u00e1ny na roz\u0161\u00ed\u0159en\u00ed byly dosud pozastaveny. Hlavn\u00ed mezin\u00e1rodn\u00ed branou mezit\u00edm z\u016fst\u00e1v\u00e1 leti\u0161t\u011b v Kodani, kam se vlakem dostanete za m\u00e9n\u011b ne\u017e \u010dty\u0159icet minut.<\/p>\n<p>Po\u010det obyvatel odr\u00e1\u017e\u00ed osudy Roskilde: od zhruba \u0161esti tis\u00edc v dob\u011b reformace v roce 1536 k nejni\u017e\u0161\u00edmu po\u010dtu patn\u00e1cti set v roce 1753, pot\u00e9 k n\u00e1r\u016fstu na p\u011bt tis\u00edc v 60. letech 19. stolet\u00ed a dev\u011bt tis\u00edc v roce 1900. R\u016fst se zrychlil po zalo\u017een\u00ed univerzity a do roku 2014 dos\u00e1hl vrcholu t\u00e9m\u011b\u0159 \u010dty\u0159iceti sedmi tis\u00edc a v lednu 2024 pades\u00e1ti t\u0159\u00ed tis\u00edc. Obec \u010d\u00edt\u00e1 p\u0159es sedmdes\u00e1t \u0161est tis\u00edc obyvatel d\u00e1nsk\u00e9ho p\u016fvodu a v\u00edt\u00e1 komunity z Turecka, Ir\u00e1ku, Polska a Afgh\u00e1nist\u00e1nu, co\u017e obohacuje soci\u00e1ln\u00ed strukturu m\u011bsta.<\/p>\n<p>Ob\u010dansk\u00fd \u017eivot se odehr\u00e1v\u00e1 v r\u00e1mci m\u011bstsk\u00e9 rady, kde v roce 2013 m\u011bli soci\u00e1ln\u00ed demokrat\u00e9 pod veden\u00edm starostky Joy Mogensenov\u00e9 v\u011bt\u0161inu. V sn\u011bmovn\u011b zased\u00e1 jeden\u00e1ct stran, kter\u00e9 odr\u00e1\u017eej\u00ed rozmanit\u00e9 politick\u00e9 proudy. M\u011bstsk\u00e9 pl\u00e1nov\u00e1n\u00ed tuto pluralitu propojuje s kulturn\u00edmi a m\u011bstsk\u00fdmi iniciativami \u2013 mezi nimi\u017e je kreativn\u00ed blok Musiconu, rozvoj Trekroneru a projekty kulturn\u00edho d\u011bdictv\u00ed zam\u011b\u0159en\u00e9 na \u0159adu pam\u00e1tek m\u011bsta.<\/p>\n<p>Mnoho z t\u011bchto pam\u00e1tek utkv\u011blo ve ve\u0159ejn\u00e9 pam\u011bti. Roskildesk\u00fd pal\u00e1c, barokn\u00ed soubor \u017elut\u011b om\u00edtnut\u00fdch k\u0159\u00eddel a galeri\u00ed, stoj\u00ed vedle katedr\u00e1ly a nyn\u00ed v n\u011bm s\u00eddl\u00ed Muzeum sou\u010dasn\u00e9ho um\u011bn\u00ed. Jeho br\u00e1na a st\u0159echa s \u010derven\u00fdmi ta\u0161kami p\u0159ipom\u00ednaj\u00ed s\u00eddlo st\u0159edov\u011bk\u00fdch biskup\u016f a v\u00e1le\u010dn\u00e9 velitelstv\u00ed budouc\u00edho v\u00e9vody z Wellingtonu. Naproti tomu kl\u00e1\u0161ter na m\u00edst\u011b p\u0159evorstv\u00ed ze 13. stolet\u00ed ukr\u00fdv\u00e1 sb\u00edrku dobov\u00fdch obraz\u016f a n\u00e1bytku, jeho\u017e olt\u00e1\u0159n\u00ed obrazy v kapli \u0161eptaj\u00ed o p\u0159edreforma\u010dn\u00ed \u00e9\u0159e D\u00e1nska.<\/p>\n<p>M\u00edstn\u00ed muzea mapuj\u00ed minulost Roskilde v k\u0159i\u0161\u0165\u00e1lov\u011b detailn\u00edch detailech. V Cukrovaru a Liebe House, d\u0159\u00edve cukrovaru a obchodn\u00edm dom\u011b, se nach\u00e1z\u00ed region\u00e1ln\u00ed historick\u00e9 muzeum s expozicemi od vikingsk\u00e9 doby a\u017e po modern\u00ed dobu, a samostatn\u00e9 muzeum n\u00e1stroj\u016f, kter\u00e9 uchov\u00e1v\u00e1 \u0159emesln\u00e9 n\u00e1stroje z 19. a po\u010d\u00e1tku 20. stolet\u00ed. T\u00e9m\u011b\u0159 deset let pot\u00e9, co bylo v roce 2016 pod patronac\u00ed korunn\u00edho prince Frederika otev\u0159eno muzeum ml\u00e1de\u017enick\u00e9 kultury a rockov\u00e9 hudby Ragnarock, se stalo v\u00fdraznou architektonickou pam\u00e1tkou v Musiconu, mapuj\u00edc\u00ed pop a rock od 50. let 20. stolet\u00ed.<\/p>\n<p>Historick\u00e9 kostely za katedr\u00e1lou dod\u00e1vaj\u00ed budov\u011b dal\u0161\u00ed vrstvy. Star\u00fd kostel Panny Marie, travertinov\u00e1 bazilika z 11. stolet\u00ed, si zachoval svou centr\u00e1ln\u00ed lo\u010f a p\u016fvodn\u00ed kazatelnu. Kostel sv. Iba, rom\u00e1nsk\u00e1 travertinov\u00e1 budova pobl\u00ed\u017e p\u0159\u00edstavu, zachov\u00e1v\u00e1 fragmenty st\u0159edov\u011bk\u00fdch fresek, zat\u00edmco kostel sv. J\u00f8rgensbjerga, nejstar\u0161\u00ed stoj\u00edc\u00ed kamenn\u00e1 stavba v D\u00e1nsku, nab\u00edz\u00ed ze sv\u00e9ho vrcholu kopce v\u00fdhled na fjord. Osam\u011bl\u00e1 v\u011b\u017e Sankt Laurentii, poz\u016fstatek kostela ze 13. stolet\u00ed, je kotvou radnice a ukr\u00fdv\u00e1 archeologick\u00e9 muzeum.<\/p>\n<p>Um\u011bn\u00ed a socha\u0159stv\u00ed se prol\u00ednaj\u00ed s ka\u017edodenn\u00edm \u017eivotem na n\u00e1m\u011bst\u00ed p\u0159ed n\u00e1dra\u017e\u00edm, kde v m\u011blk\u00e9 vod\u011b stoj\u00ed t\u0159i monument\u00e1ln\u00ed keramick\u00e9 n\u00e1doby od Petera Brandese, kter\u00e9 p\u0159ipom\u00ednaj\u00ed mil\u00e9nium Roskilde v roce 1998. Kr\u00e1tk\u00e1 proch\u00e1zka po p\u011b\u0161\u00edch ulic\u00edch odhal\u00ed butiky, kav\u00e1rny a restaurace v Algade a Skomagergade. Raadhusk\u00e6lderen, v hr\u00e1zd\u011bn\u00e9 klenb\u011b z roku 1430, je proslul\u00e1 sv\u00fdm steakem z lososa s tatarskou om\u00e1\u010dkou a grilovan\u00fdm ku\u0159ec\u00edm masem, zat\u00edmco La Brasserie, anglick\u00e1 restaurace Gimle Musikcafe a Restaurant Toppen na vrcholu 84 metr\u016f vysok\u00e9 v\u011b\u017ee nab\u00edzej\u00ed chut\u011b, kter\u00e9 odr\u00e1\u017eej\u00ed proslul\u00e9 patro m\u011bsta.<\/p>\n<p>Hotely sahaj\u00ed od historick\u00e9ho Prindsenu, jeho\u017e z\u00e1klady sahaj\u00ed do roku 1695 a jeho\u017e apartm\u00e1 Hanse Christiana Andersena evokuje severskou eleganci, a\u017e po hotelov\u00fd \u0159et\u011bzec Scandic zalo\u017een\u00fd v roce 1989. Mimo centrum m\u011bsta nab\u00edz\u00ed intimn\u00ed ubytov\u00e1n\u00ed Svogerslev Kro s do\u0161kovou st\u0159echou, hostinec od roku 1727, dva a p\u016fl m\u00edle z\u00e1padn\u011b od star\u00e9ho m\u011bsta.<\/p>\n<p>B\u011bhem stalet\u00ed zm\u011bn si Roskilde zachovalo svou mozaiku pam\u011bti a dynamiky. Jeho st\u0159edov\u011bk\u00e9 j\u00e1dro, akademick\u00e9 \u010dtvrti, pr\u016fmyslov\u00e9 parky a festivalov\u00e9 are\u00e1ly se prol\u00ednaj\u00ed v p\u0159\u00edb\u011bhu adaptace a spr\u00e1vy. A\u0165 u\u017e je p\u0159itahuj\u00ed kr\u00e1lovsk\u00e9 hrobky nebo skaln\u00ed rytmy, parky na b\u0159ehu fjord\u016f nebo v\u00fdzkumn\u00e9 laborato\u0159e, n\u00e1v\u0161t\u011bvn\u00edci i obyvatel\u00e9 v Roskilde nach\u00e1zej\u00ed m\u011bsto zn\u00e1m\u00e9 i ne\u010dekan\u011b komplexn\u00ed, m\u00edsto, kde ka\u017ed\u00e1 ulice a instituce nese ozv\u011bny d\u00e1nsk\u00e9 minulosti a p\u0159\u00edslib jej\u00ed budoucnosti.<\/p>","protected":false},"excerpt":{"rendered":"<p>Roskilde, m\u011bsto historick\u00e9ho v\u00fdznamu i sou\u010dasn\u00e9ho v\u00fdznamu, se nach\u00e1z\u00ed na d\u00e1nsk\u00e9m ostrov\u011b Zealand, zhruba 30 kilometr\u016f z\u00e1padn\u011b od Kodan\u011b. K 1. lednu 2024 m\u00e1 toto m\u011bstsk\u00e9 centrum 52 974 obyvatel, co\u017e potvrzuje jeho status 10. nejv\u011bt\u0161\u00edho m\u011bsta v D\u00e1nsku. Strategick\u00e1 poloha a historick\u00fd v\u00fdznam Roskilde usnadnily jej\u00ed rozvoj v centr\u00e1ln\u00ed obchodn\u00ed a vzd\u011bl\u00e1vac\u00ed centrum regionu, na kter\u00e9 dohl\u00ed\u017e\u00ed spr\u00e1vn\u00ed rada m\u011bsta Roskilde.<\/p>","protected":false},"author":1,"featured_media":3537,"parent":14261,"menu_order":0,"comment_status":"closed","ping_status":"closed","template":"elementor_theme","meta":{"_eb_attr":"","footnotes":""},"class_list":["post-14276","page","type-page","status-publish","has-post-thumbnail"],"_links":{"self":[{"href":"https:\/\/travelshelper.com\/cs\/wp-json\/wp\/v2\/pages\/14276","targetHints":{"allow":["GET"]}}],"collection":[{"href":"https:\/\/travelshelper.com\/cs\/wp-json\/wp\/v2\/pages"}],"about":[{"href":"https:\/\/travelshelper.com\/cs\/wp-json\/wp\/v2\/types\/page"}],"author":[{"embeddable":true,"href":"https:\/\/travelshelper.com\/cs\/wp-json\/wp\/v2\/users\/1"}],"replies":[{"embeddable":true,"href":"https:\/\/travelshelper.com\/cs\/wp-json\/wp\/v2\/comments?post=14276"}],"version-history":[{"count":0,"href":"https:\/\/travelshelper.com\/cs\/wp-json\/wp\/v2\/pages\/14276\/revisions"}],"up":[{"embeddable":true,"href":"https:\/\/travelshelper.com\/cs\/wp-json\/wp\/v2\/pages\/14261"}],"wp:featuredmedia":[{"embeddable":true,"href":"https:\/\/travelshelper.com\/cs\/wp-json\/wp\/v2\/media\/3537"}],"wp:attachment":[{"href":"https:\/\/travelshelper.com\/cs\/wp-json\/wp\/v2\/media?parent=14276"}],"curies":[{"name":"wp","href":"https:\/\/api.w.org\/{rel}","templated":true}]}}