{"id":14267,"date":"2024-09-18T23:10:49","date_gmt":"2024-09-18T23:10:49","guid":{"rendered":"https:\/\/travelshelper.com\/staging\/?page_id=14267"},"modified":"2026-03-11T23:24:56","modified_gmt":"2026-03-11T23:24:56","slug":"odense","status":"publish","type":"page","link":"https:\/\/travelshelper.com\/cs\/destinations\/europe\/denmark\/odense\/","title":{"rendered":"Odense"},"content":{"rendered":"<p>Odense je t\u0159et\u00edm nejv\u011bt\u0161\u00edm m\u011bstem D\u00e1nska a kulturn\u00edm srdcem Fynu. Jeho dl\u00e1\u017ed\u011bn\u00e9 uli\u010dky a klikat\u00e9 vodn\u00ed cesty nab\u00edzej\u00ed mozaiku st\u0159edov\u011bk\u00fdch intrik, pr\u016fmyslov\u00e9ho r\u016fstu a liter\u00e1rn\u00edho d\u011bdictv\u00ed. Probl\u00e9m: Mnoho cestovatel\u016f Odense obch\u00e1z\u00ed a vyd\u00e1v\u00e1 se za zn\u00e1m\u011bj\u0161\u00edmi skandin\u00e1vsk\u00fdmi metropolemi, ani\u017e by si uv\u011bdomovali jeho mnohovrstevnatou minulost a dynamickou sou\u010dasnost. Neklid: Takov\u00e9 p\u0159ehl\u00e9dnut\u00ed hroz\u00ed, \u017ee prohl\u00e9dnou stalet\u00e9 katedr\u00e1ly, skryt\u00e1 vikingsk\u00e1 opevn\u011bn\u00ed, pulzuj\u00edc\u00ed pr\u016fmyslov\u00e9 \u010dtvrti a samotn\u00e9 rodi\u0161t\u011b Hanse Christiana Andersena. \u0158e\u0161en\u00ed: Komentovan\u00e1 prohl\u00eddka geografie, historie, ekonomiky, kulturn\u00edch pam\u00e1tek a modern\u00edch inovac\u00ed Odense odhaluje m\u011bsto, jeho\u017e kontrasty \u2013 starobyl\u00e9 a avantgardn\u00ed, venkovsk\u00e9 a kosmopolitn\u00ed \u2013 z n\u011bj \u010din\u00ed nepostradatelnou sou\u010d\u00e1st ka\u017ed\u00e9ho n\u00e1ro\u010dn\u00e9ho n\u00e1v\u0161t\u011bvn\u00edka.<\/p>\n<p>Archeologick\u00e9 d\u016fkazy sv\u011bd\u010d\u00ed o lidsk\u00e9m os\u00eddlen\u00ed oblasti Odense po v\u00edce ne\u017e \u010dty\u0159i tis\u00edcilet\u00ed, p\u00edsemn\u00e9 z\u00e1znamy se v\u0161ak objevuj\u00ed a\u017e koncem des\u00e1t\u00e9ho stolet\u00ed, kdy se o osad\u011b v roce 988 zmi\u0148uje Ota III. ze Svat\u00e9 \u0159\u00ed\u0161e \u0159\u00edmsk\u00e9. V polovin\u011b jeden\u00e1ct\u00e9ho stolet\u00ed se Odense rozvinulo v region\u00e1ln\u00ed obchodn\u00ed centrum a jeho strategick\u00e1 poloha na \u0159ece Odense podporovala ran\u00fd obchod. M\u011bsto z\u00edskalo nov\u00fd v\u00fdznam, kdy\u017e Knut IV. \u2013 \u010dasto uv\u00e1d\u011bn\u00fd jako posledn\u00ed d\u00e1nsk\u00fd vikingsk\u00fd monarcha \u2013 10. \u010dervence 1086 zem\u0159el v p\u0159evorstv\u00ed svat\u00e9ho Albana. Tato dramatick\u00e1 ud\u00e1lost se vryla do n\u00e1rodn\u00ed pam\u011bti.<\/p>\n<p>St\u0159edov\u011bk p\u0159inesl jak pohromu, tak i obnovu. Dynastick\u00fd spor v roce 1249 vedl k vyp\u00e1len\u00ed Odense v r\u00e1mci soupe\u0159\u00edc\u00edch n\u00e1rok\u016f na d\u00e1nsk\u00fd tr\u016fn, ale odolnost jeho obchodn\u00edk\u016f a \u0159emesln\u00edk\u016f zajistila rychl\u00e9 o\u017eiven\u00ed. Renesance a reformace prom\u011bnily ob\u010dansk\u00fd \u017eivot: kl\u00e1\u0161tern\u00ed instituce ustoupily kr\u00e1lovsk\u00e9 jurisdikci a koncem sedmn\u00e1ct\u00e9ho stolet\u00ed \u017eilo v Odense asi 3 800 obyvatel. Osmn\u00e1ct\u00e9 stolet\u00ed zah\u00e1jilo \u00e9ru pl\u00e1novan\u00e9 expanze za kr\u00e1le Fridricha IV., jeho\u017e barokn\u00ed pal\u00e1cov\u00e9 k\u0159\u00eddlo \u2013 dokon\u010den\u00e9 v roce 1723 \u2013 dodnes tvo\u0159\u00ed ukotvuj\u00edc\u00ed kr\u00e1lovsk\u00fd okrsek m\u011bsta. Sou\u010dasn\u011b kan\u00e1l spojuj\u00edc\u00ed st\u0159edov\u011bk\u00e9 j\u00e1dro s Kattegatem pos\u00edlil n\u00e1mo\u0159n\u00ed obchod a p\u0159ipravil p\u016fdu pro rychl\u00fd r\u016fst v devaten\u00e1ct\u00e9m stolet\u00ed.<\/p>\n<p>V\u00fdstavba \u017eeleznice v roce 1865 z\u0159\u00eddila v Odense jednu z nejv\u011bt\u0161\u00edch koncov\u00fdch stanic v D\u00e1nsku, co\u017e urychlilo r\u016fst populace, kter\u00e1 do roku 1900 vedla k p\u0159ekro\u010den\u00ed 35 000 obyvatel. Sou\u010dasn\u011b se vyv\u00edjela i m\u011bstsk\u00e1 krajina: pod\u00e9l b\u0159eh\u016f \u0159eky vyr\u016fstaly tov\u00e1rny a sklady a z\u00e1rove\u0148 se formovala ob\u010dansk\u00e1 vybavenost, jako jsou divadla a koncertn\u00ed s\u00e1ly. Odinst\u00e5rnet, dokon\u010den\u00fd v roce 1935, se kr\u00e1tce \u0159adil mezi nejvy\u0161\u0161\u00ed v\u011b\u017ee v Evrop\u011b, ne\u017e byl zni\u010den b\u011bhem druh\u00e9 sv\u011btov\u00e9 v\u00e1lky. Pov\u00e1le\u010dn\u00e1 rekonstrukce zahrnovala zalo\u017een\u00ed Univerzity ji\u017en\u00edho D\u00e1nska v roce 1966, kter\u00e1 upevnila identitu Odense jako akademick\u00e9ho centra a p\u0159il\u00e1kala mladou populaci.<\/p>\n<p>Poloha Odense v severov\u00fdchodn\u00ed \u010d\u00e1sti Fynu ji stav\u00ed do centra d\u00e1nsk\u00e9 dopravy a obchodu. Po silnici le\u017e\u00ed m\u011bsto 45 km severn\u011b od Svendborgu, 144 km ji\u017en\u011b od Aarhusu, 167 km jihoz\u00e1padn\u011b od Kodan\u011b, 136 km v\u00fdchodn\u011b od Esbjergu a 69 km jihov\u00fdchodn\u011b od Koldingu. Jeho p\u0159edm\u011bst\u00ed \u2013 Stige, Seden, Bullerup, Agedrup, Blommenslyst, Bellinge, Neder Holluf a H\u00f8jby \u2013 tvo\u0159\u00ed p\u016flkruh kolem historick\u00e9ho j\u00e1dra. \u0158eka Odense prot\u00edn\u00e1 centr\u00e1ln\u00ed n\u00e1kupn\u00ed \u010dtvr\u0165, zat\u00edmco na severu se \u0159eka roz\u0161i\u0159uje do Odensesk\u00e9ho fjordu, jeho\u017e \u00fazk\u00fd p\u0159\u00edstupov\u00fd kan\u00e1l je kan\u00e1lem spojen s p\u0159\u00edstavem Odense. Tato n\u00e1mo\u0159n\u00ed br\u00e1na umo\u017e\u0148uje p\u0159epravu plavidel o d\u00e9lce a\u017e 160 m a ponoru 6,8 m, kter\u00e1 manipuluj\u00ed s b\u011b\u017en\u00fdm n\u00e1kladem, sypk\u00fdm zbo\u017e\u00edm a LPG.<\/p>\n<p>Uvnit\u0159 fjordu le\u017e\u00ed ostrovy Vigels\u00f8 a Torn\u00f8, p\u0159i\u010dem\u017e prvn\u00ed z nich pokr\u00fdv\u00e1 132 ha lesa a pob\u0159e\u017en\u00edch luk, zat\u00edmco druh\u00fd \u2013 pouh\u00fdch 21 ha \u2013 je s pevninou spojen\u00fd 300 m dlouhou hr\u00e1z\u00ed. Vigels\u00f8 je podle sm\u011brnic EU ozna\u010den za zvl\u00e1\u0161tn\u00ed oblast ochrany a slou\u017e\u00ed jako d\u016fle\u017eit\u00e9 hn\u00edzdi\u0161t\u011b st\u011bhovav\u00fdch pt\u00e1k\u016f; ekologick\u00fd monitoring usiluje o dosa\u017een\u00ed \u201edobr\u00e9ho\u201c stavu, p\u0159i\u010dem\u017e nejvy\u0161\u0161\u00ed nadmo\u0159sk\u00e9 v\u00fd\u0161ky sotva p\u0159esahuj\u00ed \u0161est metr\u016f. Z\u00e1toky, z\u00e1livy a poloostrovy, kter\u00e9 fjord lemuj\u00ed \u2013 Fyns Hoved, Skoven, Dalby Bugt a Korshavn \u2013 p\u0159isp\u00edvaj\u00ed jak k biodiverzit\u011b, tak k n\u00e1mo\u0159n\u00edmu d\u011bdictv\u00ed m\u011bsta.<\/p>\n<p>Klima v Odense se \u0159ad\u00ed mezi m\u00edrn\u00e9 oce\u00e1nsk\u00e9 (K\u00f6ppenovo klima). L\u00e9ta jsou m\u00edrn\u00e1, s pr\u016fm\u011brn\u00fdmi maximy v \u010dervenci a srpnu 21 \u00b0C a denn\u00edmi pr\u016fm\u011bry kolem dvan\u00e1cti stup\u0148\u016f Celsia; v t\u011bchto m\u011bs\u00edc\u00edch tak\u00e9 nast\u00e1vaj\u00ed vrcholy sr\u00e1\u017eek, kolem 64 mm, respektive 80 mm. Zimy se pohybuj\u00ed bl\u00edzko bodu mrazu, s pr\u016fm\u011brn\u00fdmi teplotami v lednu a \u00fanoru 0 \u00b0C a minimy a\u017e -3 \u00b0C. Sez\u00f3nn\u00ed tvorba ledu ve fjordu je obvykl\u00e1 mezi lednem a b\u0159eznem, co\u017e vy\u017eaduje provoz ledoborc\u016f k udr\u017een\u00ed splavnosti. Kol\u00eds\u00e1n\u00ed p\u0159\u00edlivu a odlivu z\u0159\u00eddka p\u0159esahuje 0,6 m, a\u010dkoli p\u0159etrv\u00e1vaj\u00edc\u00ed v\u00edtr m\u016f\u017ee zp\u016fsobit zm\u011bny hladiny vody bl\u00ed\u017e\u00edc\u00ed se dv\u011bma metr\u016fm.<\/p>\n<p>Demografick\u00e9 z\u00e1znamy mapuj\u00ed prom\u011bnu Odense ze skromn\u00e9ho st\u0159edov\u011bk\u00e9ho m\u011bsta v region\u00e1ln\u00ed metropoli. V roce 1670 \u017eilo 3 808 obyvatel; do roku 1787 dos\u00e1hlo 5 363 obyvatel, pot\u00e9 se jejich po\u010det postupn\u011b zvy\u0161oval na 12 932 v roce 1855 a 30 268 v roce 1890. Na za\u010d\u00e1tku dvac\u00e1t\u00e9ho stolet\u00ed se po\u010det obyvatel zv\u00fd\u0161il na 40 138 v roce 1901, 61 969 v roce 1921 a 103 107 na konci druh\u00e9 sv\u011btov\u00e9 v\u00e1lky. Pov\u00e1le\u010dn\u00fd boom p\u0159inesl v roce 1955 120 570 obyvatel, kte\u0159\u00ed vrcholili v roce 1970 na 139 490. Redefinice obc\u00ed v 70. letech 20. stolet\u00ed zahrnovala i p\u0159\u00edm\u011bstsk\u00e9 \u010dtvrti, co\u017e zp\u016fsobilo m\u00edrn\u00fd pokles na 136 646 v roce 1981, ne\u017e obnoven\u00e1 expanze vedla k 145 554 v roce 2004 a odhadem 176 683 v roce 2017. K 1. lednu 2024 m\u00e1 samotn\u00e9 m\u011bsto 183 763 obyvatel, p\u0159i\u010dem\u017e obec Odense m\u00e1 209 078 obyvatel a \u0161ir\u0161\u00ed funk\u010dn\u00ed m\u011bstsk\u00e1 oblast Fyn 504 066.<\/p>\n<p>Z ekonomick\u00e9ho hlediska je Odense centrem pr\u016fmyslov\u00e9 a obchodn\u00ed \u010dinnosti Fynu. Historick\u00e9 podniky \u2013 zpracov\u00e1n\u00ed d\u0159eva, textil a stavba lod\u00ed v Lind\u00f8 Wharf \u2013 ustoupily diverzifikovan\u00fdm modern\u00edm odv\u011btv\u00edm. Pivovar Albani pokra\u010duje v tradici m\u00edstn\u00edho pivovarnictv\u00ed z 19. stolet\u00ed, zat\u00edmco GASA dominuje zahradnick\u00e9mu obchodu s ovocem, zeleninou a kv\u011btinami. Pr\u016fmyslovou mozaiku tvo\u0159\u00ed v\u00fdrobci elektrick\u00fdch za\u0159\u00edzen\u00ed, jako jsou ABB a SG Lighting, v\u00fdrobce od\u011bv\u016f Kansas Workwear a specialista na obaly Plus Pack. Pr\u016fmyslov\u00fd park Lind\u00f8 nyn\u00ed p\u0159estavuje b\u00fdval\u00e9 doky lod\u011bnic na skladov\u00e1n\u00ed komponent\u016f pro offshore energii. Role v sektoru slu\u017eeb p\u0159evy\u0161uj\u00ed po\u010det rol\u00ed ve v\u00fdrob\u011b, p\u0159i\u010dem\u017e v roce 2002 bylo ve slu\u017eb\u00e1ch zam\u011bstn\u00e1no 51 procent pracovn\u00ed s\u00edly. Televizn\u00ed stanice TV 2 zde s\u00eddl\u00ed v roce 1988 a Roseng\u00e5rdcentret \u2013 nejv\u011bt\u0161\u00ed n\u00e1kupn\u00ed centrum v D\u00e1nsku o rozloze 140 000 m\u00b2 \u2013 l\u00e1k\u00e1 n\u00e1v\u0161t\u011bvn\u00edky do v\u00edce ne\u017e 150 maloobchodn\u00edch prodejen, restaurac\u00ed, kina a fitness center.<\/p>\n<p>Kulturn\u00ed instituce vdechuj\u00ed Odense um\u011bleckou vitalitu. Odensesk\u00fd pal\u00e1c \u2013 p\u016fvodn\u011b kr\u00e1lovsk\u00e1 rezidence, kde v roce 1730 zem\u0159el kr\u00e1l Fridrich IV. \u2013 stoj\u00ed uprost\u0159ed form\u00e1ln\u00edch zahrad navr\u017een\u00fdch Johanem Corneliusem Kriegerem. Divadlo Odense Teater, slavnostn\u011b otev\u0159en\u00e9 v roce 1796 a p\u0159em\u00edst\u011bn\u00e9 v roce 1914 do Jacobsenovy budovy Jernbanegade, se \u0159ad\u00ed k druh\u00fdm nejstar\u0161\u00edm divadlu v D\u00e1nsku; na jeho sc\u00e9n\u00e1ch se konaly premi\u00e9ry, jako nap\u0159\u00edklad Ibsenovy Pil\u00ed\u0159e spole\u010dnosti z roku 1877, a v b\u00fdval\u00e9m cukrovaru Sukkerkogeriet se udr\u017euje dramatick\u00e1 \u0161kolen\u00ed. Divadlo Teater Momentum, zalo\u017een\u00e9 v roce 2005, je pr\u016fkopn\u00edkem v ka\u017edoro\u010dn\u00edm posunu re\u017eijn\u00edch viz\u00ed prost\u0159ednictv\u00edm her, koncert\u016f a debat. Hudba nach\u00e1z\u00ed sv\u016fj hlas v Odensesk\u00e9m symfonick\u00e9m orchestru, zalo\u017een\u00e9m v roce 1946 a s\u00eddl\u00edc\u00edm v koncertn\u00ed s\u00edni z roku 1982, jej\u00ed\u017e s\u00e1l Carla Nielsena pojme 1 212 div\u00e1k\u016f a je vybaven varhanami Marcussen &amp; Son. Funen Opera, zalo\u017een\u00e1 v roce 1948 a obnoven\u00e1 v roce 1996, se specializuje na sou\u010dasn\u00e9 inscenace v d\u00e1n\u0161tin\u011b.<\/p>\n<p>N\u00e1bo\u017eensk\u00e1 architektura je zt\u011blesn\u011bn\u00edm stalet\u00ed oddanosti. Katedr\u00e1la svat\u00e9ho Knuta, gotick\u00e1 cihlov\u00e1 stavba z konce 11. stolet\u00ed, obsahuje ostatky Knuta IV. a jeho bratra, doprov\u00e1zen\u00e9 fragmentem byzantsk\u00e9 l\u00e1tky. Triptych Clause Berga pat\u0159\u00ed k nejv\u00fdznamn\u011bj\u0161\u00edm d\u00e1nsk\u00fdm liturgick\u00fdm um\u011bleck\u00fdm d\u00edl\u016fm. Kostel sv. Albana, vysv\u011bcen\u00fd v roce 1908, se ty\u010d\u00ed z neogotick\u00fdch \u010derven\u00fdch cihel s 54 m vysokou v\u011b\u017e\u00ed. Kostel sv. Marie a kostel sv. Jana \u2013 poch\u00e1zej\u00edc\u00ed ze 13. a konce 15. stolet\u00ed \u2013 si zachov\u00e1vaj\u00ed vy\u0159ez\u00e1van\u00e9 olt\u00e1\u0159n\u00ed obrazy a gotick\u00e9 okno. Kostel Ansgars (1902) a Fredenskirke (1920) odr\u00e1\u017eej\u00ed rom\u00e1nsk\u00e9 obrozen\u00ed a meziv\u00e1le\u010dnou vd\u011b\u010dnost, p\u0159i\u010dem\u017e oba p\u0159edstavuj\u00ed architektonick\u00e9 odchylky od st\u0159edov\u011bk\u00fdch precedent\u016f.<\/p>\n<p>V m\u011bstsk\u00e9m centru Odense se nach\u00e1z\u00ed radnice z roku 1883 v historizuj\u00edc\u00edm stylu, jej\u00ed\u017e stup\u0148ovit\u00e9 \u0161t\u00edty a p\u00edskovcov\u00e9 detaily jsou inspirov\u00e1ny italsk\u00fdmi st\u0159edov\u011bk\u00fdmi radnicemi. P\u0159\u00edstavba Benta Helvega-M\u00f8llera (dokon\u010den\u00e1 v roce 1955) zv\u011bt\u0161ila m\u011bstsk\u00e9 s\u00edn\u011b, kter\u00e9 byly pozd\u011bji zrekonstruov\u00e1ny u p\u0159\u00edle\u017eitosti dvoust\u00e9ho v\u00fdro\u010d\u00ed Hanse Christiana Andersena v roce 2005.<\/p>\n<p>Odkaz Hanse Christiana Andersena prostupuje m\u011bstskou strukturou. Spisovatel se narodil v roce 1805 ve skromn\u00e9m hr\u00e1zd\u011bn\u00e9m dom\u011b na ulici Munkem\u00f8llestr\u00e6de a jeho vyprav\u011b\u010dsk\u00fd duch p\u0159etrv\u00e1v\u00e1 ve dvou muze\u00edch: v jeho rodn\u00e9m dom\u011b na ulici Hans Jensens Str\u00e6de, otev\u0159en\u00e9m pro ve\u0159ejnost v roce 1908, a v jeho d\u011btsk\u00e9m dom\u011b na ulici Munkem\u00f8llestr\u00e6de, slavnostn\u011b otev\u0159en\u00e9m jako muzeum v roce 1930. M\u011bstsk\u00e1 muzea dohl\u00ed\u017eej\u00ed na sochy Andersenov\u00fdch postav \u2013 Neochv\u011bjn\u00e9ho c\u00ednov\u00e9ho voj\u00e1\u010dka, Ropuchy, Divok\u00fdch labut\u00ed \u2013 roztrou\u0161en\u00fdch od Eventyrparkenu a\u017e po katedr\u00e1ln\u00ed okrsky.<\/p>\n<p>Krom\u011b liter\u00e1rn\u00edho d\u011bdictv\u00ed nab\u00edz\u00ed M\u011bstsk\u00e1 muzea v Odense rozmanit\u00e9 sb\u00edrky. Um\u011bleck\u00e9 muzeum na Fynu, zalo\u017een\u00e9 v roce 1885, p\u0159edstavuje d\u00edla Jense Juela, P. S. Kr\u00f8yera a Dankvarta Dreyera. Den Fynske Landsby, skanzen, rekonstruuje venkovsk\u00fd \u017eivot Andersenovy \u00e9ry. Muzeum Carla Nielsena zachycuje nejv\u00fdznamn\u011bj\u0161\u00edho d\u00e1nsk\u00e9ho skladatele prost\u0159ednictv\u00edm hudebn\u00edch n\u00e1stroj\u016f a origin\u00e1ln\u00edch partitur. M\u00f8nterg\u00e5rden, renesan\u010dn\u00ed m\u011bstsk\u00fd d\u016fm z roku 1646, vystavuje vikingsk\u00e9 artefakty a historii ra\u017eby st\u0159edov\u011bk\u00fdch minc\u00ed. D\u00e1nsk\u00e9 \u017eelezni\u010dn\u00ed muzeum \u2013 nejv\u011bt\u0161\u00ed ve Skandin\u00e1vii, od roku 1975 \u2013 uchov\u00e1v\u00e1 lokomotivy od roku 1869. Fotografick\u00e9 um\u011bn\u00ed nach\u00e1z\u00ed n\u00e1rodn\u00ed f\u00f3rum v Brandtsov\u011b muzeu, zat\u00edmco Muzeum m\u00e9di\u00ed zkoum\u00e1 svobodu tisku od roku 1849 do sou\u010dasnosti.<\/p>\n<p>Sport a voln\u00fd \u010das prol\u00ednaj\u00ed tradici s modern\u00edm el\u00e1nem. Fotbalov\u00e9 kluby OB, BM, B1909 a B1913 se v\u011bnuj\u00ed m\u00edstn\u00edm v\u00e1\u0161n\u00edm, zat\u00edmco Odense Bulldogs sout\u011b\u017e\u00ed v profesion\u00e1ln\u00edm ledn\u00edm hokeji. Ka\u017edoro\u010dn\u00ed setk\u00e1n\u00ed, jako je maraton HC Andersen, spojuj\u00ed amat\u00e9rsk\u00e9 b\u011b\u017ece v malebn\u00e9m prost\u0159ed\u00ed.<\/p>\n<p>Dopravn\u00ed infrastruktura podtrhuje propojen\u00ed Odense. Leti\u0161t\u011b Hanse Christiana Andersena nab\u00edz\u00ed sez\u00f3nn\u00ed lety do letovisek a n\u00e1dra\u017e\u00ed Odense spojuje vnitrost\u00e1tn\u00ed trasy z Kodan\u011b do Jutska a mezin\u00e1rodn\u00ed linky do Hamburku. Svendborgbanen zaji\u0161\u0165uje spojen\u00ed s p\u0159\u00edstavn\u00edm m\u011bstem na jihu, zat\u00edmco FynBus provozuje region\u00e1ln\u00ed a m\u011bstsk\u00e9 autobusy. V kv\u011btnu 2022 byla zah\u00e1jena provoz 14,5 km dlouh\u00e1 dvoukolejn\u00e1 tramvajov\u00e1 tra\u0165, kter\u00e1 vede z Tarupu k univerzit\u011b, nemocnici a Hjallese. Dostupnost silnic se podstatn\u011b zlep\u0161ila po otev\u0159en\u00ed mostu Great Belt pro \u017eeleznici v roce 1997 a silni\u010dn\u00ed dopravy v roce 1998, \u010d\u00edm\u017e se cesta vlakem do Kodan\u011b zkr\u00e1tila na pouh\u00fdch 75 minut. D\u00e1lnice Funish (E20) a d\u00e1lnice Svendborg (st\u00e1tn\u00ed silnice 9) ohrani\u010duj\u00ed Odense v d\u00e1nsk\u00e9 dopravn\u00ed s\u00edti. Odbo\u010duj\u00edc\u00ed diamantov\u00fd mimo\u00farov\u0148ov\u00fd k\u0159i\u017eovatkov\u00fd syst\u00e9m \u201eDynamic Ruderanl\u00e6g\u201c na d\u00e1lnici E20 z roku 2017 je p\u0159\u00edkladem n\u00e1vrhu dopravy zalo\u017een\u00e9ho na datech.<\/p>\n<p>V \u00e9\u0159e udr\u017eitelnosti se Odense zasazuje o cyklistiku. De\u0161\u0165ov\u00e9 senzory integrovan\u00e9 do semafor\u016f pod\u00e9l super cyklistick\u00fdch d\u00e1lnic interaguj\u00ed s detektory pohybu a prodlu\u017euj\u00ed tak dobu trv\u00e1n\u00ed zelen\u00e9 f\u00e1ze a\u017e o 20 sekund v dob\u011b, kdy by d\u00e9\u0161\u0165 cyklisty zpozdil. Tento syst\u00e9m, kter\u00fd je nasazov\u00e1n st\u0159\u00eddm\u011b \u2013 ne v\u00edce ne\u017e t\u0159i aktivace za m\u011bs\u00edc \u2013 podporuje soudr\u017enou \u201ezelenou vlnu\u201c a zvy\u0161uje bezpe\u010dnost. Tato opat\u0159en\u00ed, kter\u00e1 iniciovala D\u00e1nsk\u00e1 cyklistick\u00e1 ambas\u00e1da, odr\u00e1\u017eej\u00ed z\u00e1vazek m\u011bsta k spravedliv\u00e9 a efektivn\u00ed doprav\u011b a p\u0159edznamen\u00e1vaj\u00ed \u0161ir\u0161\u00ed roz\u0161\u00ed\u0159en\u00ed k\u0159i\u017eovatek \u0159\u00edzen\u00fdch senzory.<\/p>\n<p>V\u00fdvoj Odense z vikingsk\u00e9 pevnosti v modern\u00ed centrum kultury, vzd\u011bl\u00e1v\u00e1n\u00ed a pr\u016fmyslu ilustruje m\u011bsto, kter\u00e9 se neust\u00e1le obnovuje. Jeho st\u0159edov\u011bk\u00e9 kostely a pal\u00e1ce stoj\u00ed vedle inovativn\u00edch robotick\u00fdch klastr\u016f, univerzitn\u00edch laborato\u0159\u00ed a zelen\u00fdch dopravn\u00edch s\u00edt\u00ed. \u017divot a d\u00edlo Hanse Christiana Andersena v cel\u00e9m m\u011bst\u011b vytv\u00e1\u0159ej\u00ed narativn\u00ed podtext, kter\u00fd propojuje minulost s p\u0159\u00edtomnost\u00ed. Pro cestovatele hledaj\u00edc\u00ed autenticitu nab\u00edz\u00ed Odense rozmanit\u00fd p\u0159ehled d\u00e1nsk\u00e9ho d\u011bdictv\u00ed, formovan\u00e9ho stalet\u00edmi obchodu, kreativity a komunity.<\/p>","protected":false},"excerpt":{"rendered":"<p>Odense, kter\u00fd se nach\u00e1z\u00ed na ostrov\u011b Funen, m\u00e1 k 1. lednu 2024 183 763 obyvatel, co\u017e z n\u011bj \u010din\u00ed v\u00fdznamn\u00e9 m\u011bstsk\u00e9 centrum v D\u00e1nsku. Populace vlastn\u00edho m\u011bsta je roz\u0161\u00ed\u0159ena o \u0161ir\u0161\u00ed obec Odense, kter\u00e1 m\u00e1 celkem 209 078 obyvatel, co\u017e z n\u00ed \u010din\u00ed \u010dtvrtou nejv\u011bt\u0161\u00ed obec v D\u00e1nsku po Kodani, Aarhusu a Aalborgu. Vliv Odense, p\u0159i pohledu v r\u00e1mci \u0161ir\u0161\u00ed metropolitn\u00ed oblasti definovan\u00e9 Eurostatem a OECD, pokr\u00fdv\u00e1 celou provincii Fyn s 504 066 obyvateli k 1. \u010dervenci 2022. Tento rozs\u00e1hl\u00fd dosah zd\u016fraz\u0148uje v\u00fdznam Odense jako centr\u00e1ln\u00edho uzlu v regionu.<\/p>","protected":false},"author":1,"featured_media":4194,"parent":14261,"menu_order":0,"comment_status":"closed","ping_status":"closed","template":"elementor_theme","meta":{"_eb_attr":"","footnotes":""},"class_list":["post-14267","page","type-page","status-publish","has-post-thumbnail"],"_links":{"self":[{"href":"https:\/\/travelshelper.com\/cs\/wp-json\/wp\/v2\/pages\/14267","targetHints":{"allow":["GET"]}}],"collection":[{"href":"https:\/\/travelshelper.com\/cs\/wp-json\/wp\/v2\/pages"}],"about":[{"href":"https:\/\/travelshelper.com\/cs\/wp-json\/wp\/v2\/types\/page"}],"author":[{"embeddable":true,"href":"https:\/\/travelshelper.com\/cs\/wp-json\/wp\/v2\/users\/1"}],"replies":[{"embeddable":true,"href":"https:\/\/travelshelper.com\/cs\/wp-json\/wp\/v2\/comments?post=14267"}],"version-history":[{"count":0,"href":"https:\/\/travelshelper.com\/cs\/wp-json\/wp\/v2\/pages\/14267\/revisions"}],"up":[{"embeddable":true,"href":"https:\/\/travelshelper.com\/cs\/wp-json\/wp\/v2\/pages\/14261"}],"wp:featuredmedia":[{"embeddable":true,"href":"https:\/\/travelshelper.com\/cs\/wp-json\/wp\/v2\/media\/4194"}],"wp:attachment":[{"href":"https:\/\/travelshelper.com\/cs\/wp-json\/wp\/v2\/media?parent=14267"}],"curies":[{"name":"wp","href":"https:\/\/api.w.org\/{rel}","templated":true}]}}