{"id":14261,"date":"2024-09-18T23:04:01","date_gmt":"2024-09-18T23:04:01","guid":{"rendered":"https:\/\/travelshelper.com\/staging\/?page_id=14261"},"modified":"2026-03-11T23:25:49","modified_gmt":"2026-03-11T23:25:49","slug":"dansko","status":"publish","type":"page","link":"https:\/\/travelshelper.com\/cs\/destinations\/europe\/denmark\/","title":{"rendered":"D\u00e1nsko"},"content":{"rendered":"<p>D\u00e1nsko se nach\u00e1z\u00ed na severn\u00edm okraji evropsk\u00e9ho kontinentu jako \u0159\u00ed\u0161e definovan\u00e1 jak sv\u00fdm n\u00e1mo\u0159n\u00edm d\u011bdictv\u00edm, tak i rozlehl\u00fdmi pl\u00e1n\u011bmi. Seversk\u00fd n\u00e1rod se skromnou rozlohou, ale zna\u010dn\u00fdm vlivem, zab\u00edr\u00e1 ji\u017en\u00ed \u010d\u00e1sti Skandin\u00e1vsk\u00e9ho poloostrova a rozkl\u00e1d\u00e1 se na v\u00edce ne\u017e \u010dty\u0159ech stech ostrovech. Jeho identita je neodd\u011bliteln\u00e1 od mo\u0159e, jeho historie je formov\u00e1na n\u00e1mo\u0159n\u00ed silou a jeho modern\u00ed charakter se utv\u00e1\u0159\u00ed v souh\u0159e mezi ploch\u00fdmi, \u00farodn\u00fdmi poli a prom\u011bnliv\u00fdmi p\u0159\u00edlivy Severn\u00edho a Baltsk\u00e9ho mo\u0159e.<\/p>\n<p>Soused\u00edc\u00ed \u010d\u00e1st D\u00e1nska, \u010dasto ozna\u010dovan\u00e1 jako \u201ekontinent\u00e1ln\u00ed D\u00e1nsko\u201c nebo \u201evlastn\u00ed D\u00e1nsko\u201c, zahrnuje Jutsk\u00fd poloostrov a souostrov\u00ed 406 ostrov\u016f, z nich\u017e 78 slou\u017e\u00ed jako trval\u00e9 obce. Na severu a v\u00fdchod\u011b \u0161t\u00edhl\u00e9 z\u00e1toky Baltsk\u00e9ho a Severn\u00edho mo\u0159e eroduj\u00ed p\u00edse\u010dn\u00e9 b\u0159ehy, co\u017e vede k dun\u00e1m v severn\u00ed \u010d\u00e1sti Jutska a rozs\u00e1hl\u00fdm p\u0159\u00edlivov\u00fdm ploch\u00e1m pod\u00e9l jihoz\u00e1padn\u00edho pob\u0159e\u017e\u00ed, kde m\u016f\u017ee odliv ustoupit a\u017e o deset kilometr\u016f. \u017d\u00e1dn\u00fd bod nele\u017e\u00ed d\u00e1le ne\u017e pades\u00e1t dva kilometr\u016f od mo\u0159e a samotn\u00e9 mo\u0159e obklopuje p\u0159ibli\u017en\u011b 8 750 kilometr\u016f p\u0159\u00edlivov\u00e9 b\u0159ehu a kop\u00edruje obrysy mal\u00fdch z\u00e1tok a poloostrov\u016f, kter\u00e9 definuj\u00ed prom\u011bnlivou hranici zem\u011b.<\/p>\n<p>Mezi t\u011bmito ostrovy zauj\u00edm\u00e1 prim\u00e1t Z\u00e9land. Nach\u00e1z\u00ed se zde Koda\u0148, hlavn\u00ed m\u011bsto a kulturn\u00ed srdce zem\u011b, a \u017eije zde t\u00e9m\u011b\u0159 \u010dty\u0159icet procent obyvatel zem\u011b v r\u00e1mci skromn\u00fdch patn\u00e1cti procent d\u00e1nsk\u00e9ho \u00fazem\u00ed. N\u00e1sleduj\u00ed Fyn a Severn\u00ed Jutsko, zat\u00edmco Bornholm stoj\u00ed stranou, opu\u0161t\u011bn\u00fd v Baltsk\u00e9m mo\u0159i asi 150 kilometr\u016f od zbytku kr\u00e1lovstv\u00ed. Hlavn\u00ed ostrovy spojuj\u00ed mosty: \u00d8resundsk\u00fd most spojuje \u0161v\u00e9dsk\u00e9 Malm\u00f6, most p\u0159es Velk\u00fd Belt spojuje Z\u00e9land a Fyn a most p\u0159es Mal\u00fd Belt spojuje Fyn s Jutskem. Trajekty a lehk\u00e1 letadla udr\u017euj\u00ed \u017eivotn\u00ed trasy do vzd\u00e1len\u011bj\u0161\u00edch enkl\u00e1v.<\/p>\n<p>Krajina le\u017e\u00ed n\u00edzko. Pr\u016fm\u011brn\u00e1 nadmo\u0159sk\u00e1 v\u00fd\u0161ka t\u0159icet jedna metr\u016f nad mo\u0159em vytv\u00e1\u0159\u00ed p\u0159ev\u00e1\u017en\u011b ploch\u00e9 vnitrozem\u00ed, kter\u00e9 je p\u0159eru\u0161ov\u00e1no pouze m\u00edrn\u011b zvln\u011bn\u00fdmi rovinami a nejvy\u0161\u0161\u00edm bodem zem\u011b, M\u00f8lleh\u00f8jem, s v\u00fd\u0161kou 170,86 metru. Tento skromn\u00fd vrchol nicm\u00e9n\u011b zaji\u0161\u0165uje D\u00e1nsku m\u00edsto mezi seversk\u00fdmi n\u00e1rody jako nejni\u017e\u0161\u00ed \u201evrchol\u201c ze v\u0161ech. Lidsk\u00e9 \u00fasil\u00ed o rekultivaci p\u016fdy p\u016fsob\u00ed proti ne\u00fanavn\u00e9 pr\u00e1ci vln, zat\u00edmco postglaci\u00e1ln\u00ed odskok \u2013 nen\u00e1padn\u00fd, ale neust\u00e1l\u00fd \u2013 vytv\u00e1\u0159\u00ed na severu a v\u00fdchod\u011b nov\u00e9 pob\u0159e\u017e\u00ed s rychlost\u00ed p\u0159ibli\u017en\u011b jeden centimetr ro\u010dn\u011b.<\/p>\n<p>Od roku 2007 se D\u00e1nsko organizuje do p\u011bti region\u016f, z nich\u017e ka\u017ed\u00fd je d\u00e1le rozd\u011blen na obce \u2013 devades\u00e1t osm po slou\u010den\u00ed, kter\u00e9 sn\u00ed\u017eilo p\u0159edchoz\u00ed po\u010det 271. Tyto region\u00e1ln\u00ed a obecn\u00ed org\u00e1ny dohl\u00ed\u017eej\u00ed na zdravotnictv\u00ed, vzd\u011bl\u00e1v\u00e1n\u00ed a infrastrukturu na m\u00edstn\u00ed \u00farovni. Provincie, statistick\u00e9 konstrukty, kter\u00e9 se nach\u00e1zej\u00ed mezi regiony a obcemi, \u0159\u00edd\u00ed pl\u00e1nov\u00e1n\u00ed, ani\u017e by uplat\u0148ovaly politickou moc. Posledn\u00ed komun\u00e1ln\u00ed volby, konan\u00e9 v listopadu 2021, potvrdily praxi pom\u011brn\u00e9ho zastoupen\u00ed, kter\u00e1 je obdobou celost\u00e1tn\u00edho volebn\u00edho syst\u00e9mu.<\/p>\n<p>Po\u010d\u00e1tky D\u00e1nska sahaj\u00ed do osm\u00e9ho stolet\u00ed n. l., kdy se viking\u0161t\u00ed n\u00e1\u010deln\u00edci sjednotili pod n\u00e1mo\u0159n\u00ed vlajkou, aby bojovali o kontrolu nad baltsk\u00fdm obchodem. V roce 1397 sjednotila Kalmarsk\u00e1 unie D\u00e1nsko, Norsko a \u0160v\u00e9dsko pod jednu korunu. Tato unie se rozpadla s odchodem \u0160v\u00e9dska v roce 1523 a trvala jako D\u00e1nsko-Norsko a\u017e do v\u00e1lek v sedmn\u00e1ct\u00e9m stolet\u00ed, kter\u00e9 donutily D\u00e1nsko postoupit dal\u0161\u00ed \u00fazem\u00ed vzestupuj\u00edc\u00ed n\u011bmeck\u00e9 \u0159\u00ed\u0161i.<\/p>\n<p>N\u00e1rodn\u00ed identita se utv\u00e1\u0159ela v devaten\u00e1ct\u00e9m stolet\u00ed. Por\u00e1\u017eka v prvn\u00ed schleswigsk\u00e9 v\u00e1lce (1848\u20131851) a ztr\u00e1ta v\u00e9vodstv\u00ed ve prosp\u011bch Pruska a Rakouska podn\u00edtily D\u00e1ny k soci\u00e1ln\u00ed soudr\u017enosti. V\u0159esovi\u0161t\u011b v Jutsku bylo vy\u010di\u0161t\u011bno pro zem\u011bd\u011blstv\u00ed s t\u00edm, jak s\u00edlilo k\u0159es\u0165ansk\u00e9 hnut\u00ed Indremission, a nov\u00e1 \u00fastava z 5. \u010dervna 1849 nahradila absolutn\u00ed monarchii parlamentn\u00edm syst\u00e9mem zakotven\u00fdm v ob\u010dansk\u00fdch svobod\u00e1ch a lidov\u00e9m zastoupen\u00ed.<\/p>\n<p>V polovin\u011b devaten\u00e1ct\u00e9ho stolet\u00ed n\u00e1sledovala industrializace. D\u00e1nsko vyu\u017eilo sv\u00e9 \u00farodn\u00e9 p\u016fdy k tomu, aby se stalo v\u00fdznamn\u00fdm v\u00fdvozcem zem\u011bd\u011blsk\u00fdch produkt\u016f. Soci\u00e1ln\u00ed reformy v oblasti pracovn\u00edho a soci\u00e1ln\u00edho pr\u00e1va na po\u010d\u00e1tku dvac\u00e1t\u00e9ho stolet\u00ed polo\u017eily z\u00e1klady pro sm\u00ed\u0161enou ekonomiku a komplexn\u00ed soci\u00e1ln\u00ed st\u00e1t. D\u00e1nsko bylo v prvn\u00ed sv\u011btov\u00e9 v\u00e1lce neutr\u00e1ln\u00ed, ale jeho neutralita byla v dubnu 1940 rozbita invaz\u00ed n\u011bmeck\u00fdch vojsk, co\u017e vyvolalo okupaci, kter\u00e1 skon\u010dila osvobozen\u00edm v kv\u011btnu 1945. Odtr\u017een\u00ed Islandu v roce 1944 znamenalo prvn\u00ed krok od spole\u010dn\u00e9ho kr\u00e1lovstv\u00ed. V roce 1973 se D\u00e1nsko p\u0159ipojilo k Evropsk\u00e9mu hospod\u00e1\u0159sk\u00e9mu spole\u010denstv\u00ed spolu s Gr\u00f3nskem (Faersk\u00e9 ostrovy se vyhl\u00e1sily ne\u00fa\u010dast\u00ed), \u010d\u00edm\u017e si zajistilo ekonomicky v\u00fdhodn\u00e9 vazby a z\u00e1rove\u0148 si zachovalo ur\u010dit\u00e9 v\u00fdjimky, zejm\u00e9na korunu.<\/p>\n<p>V lednu 2025 dos\u00e1hl po\u010det obyvatel D\u00e1nska 5,99 milionu a nach\u00e1z\u00ed se v zemi proslul\u00e9 jedn\u00edm z nejvy\u0161\u0161\u00edch st\u0159edn\u00edch v\u011bkov\u00fdch pr\u016fm\u011br\u016f na sv\u011bt\u011b \u2013 42,2 let. M\u00edrn\u00e1 porodnost, vyv\u00e1\u017een\u00e1 \u010distou imigrac\u00ed, udr\u017euje ro\u010dn\u00ed tempo r\u016fstu 0,44 procenta. D\u00e1nsk\u00fd model soci\u00e1ln\u00edho zabezpe\u010den\u00ed, financovan\u00fd z jedn\u011bch z nejstrm\u011bj\u0161\u00edch da\u0148ov\u00fdch sazeb na sv\u011bt\u011b, poskytuje v\u0161eobecnou zdravotn\u00ed p\u00e9\u010di, bezplatn\u00e9 vysoko\u0161kolsk\u00e9 vzd\u011bl\u00e1n\u00ed se studentsk\u00fdmi granty, dotovanou p\u00e9\u010di o d\u011bti a d\u016fchody. P\u0159erozd\u011blen\u00ed p\u0159\u00edjm\u016f m\u00e1 jeden z nejni\u017e\u0161\u00edch Giniho koeficient\u016f v Evrop\u011b a hustota odbor\u016f, zakotven\u00e1 v kolektivn\u00edm vyjedn\u00e1v\u00e1n\u00ed, v roce 2015 \u010dinila 68 procent. Minim\u00e1ln\u00ed mzda, nep\u0159\u00edmo stanoven\u00e1 prost\u0159ednictv\u00edm odv\u011btvov\u00fdch dohod, zasti\u0148uje minim\u00e1ln\u00ed mzdu ve v\u011bt\u0161in\u011b rozvinut\u00fdch zem\u00ed.<\/p>\n<p>D\u00e1nsk\u00e1 spole\u010dnost se trvale \u0159ad\u00ed mezi nej\u0161\u0165astn\u011bj\u0161\u00ed na sv\u011bt\u011b. Z\u00e1kladem tohoto postaven\u00ed je kvalita vzd\u011bl\u00e1v\u00e1n\u00ed a zdravotn\u00ed p\u00e9\u010de, spolu s n\u00edzkou nerovnost\u00ed a v\u0161udyp\u0159\u00edtomn\u00fdm smyslem pro soci\u00e1ln\u00ed odpov\u011bdnost. Opakovan\u00e9 um\u00edst\u011bn\u00ed D\u00e1nska na vrcholu \u017eeb\u0159\u00ed\u010dku nebo v jeho bl\u00edzkosti ve Zpr\u00e1v\u011b o sv\u011btov\u00e9m \u0161t\u011bst\u00ed odr\u00e1\u017e\u00ed d\u016fv\u011bru ve\u0159ejnosti v instituce a hmatateln\u00e9 v\u00fdhody stabiln\u00ed spole\u010densk\u00e9 smlouvy.<\/p>\n<p>D\u00e1nsko se nach\u00e1z\u00ed na rozhran\u00ed kontinent\u00e1ln\u00edch a p\u0159\u00edmo\u0159sk\u00fdch vliv\u016f a m\u00e1 m\u00edrn\u00e9 podneb\u00ed. Zimy jsou chladn\u00e9, s lednem okolo 1,5 \u00b0C, a l\u00e9ta m\u00edrn\u00e1, s pr\u016fm\u011brnou teplotou v srpnu kolem 17,2 \u00b0C. Po\u010das\u00ed rychle kol\u00eds\u00e1 \u2013 podzim p\u0159in\u00e1\u0161\u00ed nejvy\u0161\u0161\u00ed ro\u010dn\u00ed sr\u00e1\u017eky a jaro nejsu\u0161\u0161\u00ed. Rekordn\u00ed teploty se pohybuj\u00ed od \u201331,2 \u00b0C v roce 1982 do 36,4 \u00b0C v roce 1975. Extr\u00e9mn\u00ed denn\u00ed sv\u011btlo odr\u00e1\u017e\u00ed vysokou zem\u011bpisnou \u0161\u00ed\u0159ku zem\u011b: dny v polovin\u011b zimy trvaj\u00ed sotva sedm hodin, zat\u00edmco letn\u00ed \u010das prodlu\u017euje slune\u010dn\u00ed sv\u011btlo na t\u00e9m\u011b\u0159 osmn\u00e1ct hodin. V polovin\u011b l\u00e9ta je skute\u010dn\u00e1 noc d\u00edky p\u0159etrv\u00e1vaj\u00edc\u00edmu soumraku t\u00e9m\u011b\u0159 nepost\u0159ehnuteln\u00e1.<\/p>\n<p>D\u00e1nsk\u00e9 vodn\u00ed toky a jezera \u2013 jich je p\u0159es tis\u00edc, z toho \u0161estn\u00e1ct o rozloze p\u0159esahuj\u00edc\u00ed 500 hektar\u016f \u2013 k\u0159i\u017euj\u00ed ter\u00e9n. Hlavn\u00ed \u0159eky, jako je Guden\u00e5 v Jutsku a Odense a Sus\u00e5 na Fynu a Sj\u00e5landu, \u017eivily historick\u00e1 os\u00eddlen\u00ed a nyn\u00ed podporuj\u00ed rekrea\u010dn\u00ed plavbu. Pob\u0159e\u017en\u00ed ekosyst\u00e9my, duny a v\u0159esovi\u0161t\u011b udr\u017euj\u00ed rozmanitou fl\u00f3ru a faunu. N\u00e1v\u0161t\u011bvn\u00edky z\u0159\u00eddka ohro\u017euje divok\u00e1 zv\u011b\u0159; jedin\u00fd jedovat\u00fd had, zmije evropsk\u00e1, je plach\u00fd a z\u0159\u00eddka se s n\u00edm setk\u00e1v\u00e1me, zat\u00edmco mo\u0159sk\u00e1 nebezpe\u010d\u00ed, jako je lanovec velk\u00fd a ob\u010dasn\u00e1 med\u00faza, vzbuzuj\u00ed sp\u00ed\u0161e opatrnost ne\u017e strach.<\/p>\n<p>D\u00e1nsk\u00e1 ekonomika se \u0159ad\u00ed mezi nejkonkurenceschopn\u011bj\u0161\u00ed a ekonomicky nejsvobodn\u011bj\u0161\u00ed na sv\u011bt\u011b. V roce 2022 se um\u00edstila na osm\u00e9m m\u00edst\u011b v celosv\u011btov\u00e9m m\u011b\u0159\u00edtku hrub\u00e9ho n\u00e1rodn\u00edho d\u016fchodu na obyvatele (PPP) a na des\u00e1t\u00e9m nomin\u00e1ln\u011b. Slu\u017eby p\u0159isp\u00edvaj\u00ed zhruba sedmdes\u00e1ti p\u011bti procenty HDP, zpracovatelsk\u00fd pr\u016fmysl patn\u00e1cti a zem\u011bd\u011blstv\u00ed necel\u00fdmi dv\u011bma procenty. Mezi hlavn\u00ed exportn\u00ed odv\u011btv\u00ed pat\u0159\u00ed v\u011btrn\u00e9 turb\u00edny \u2013 d\u00e1nsk\u00fd charakteristick\u00fd znak v oblasti obnoviteln\u00fdch zdroj\u016f energie \u2013, farmaceutick\u00e9 v\u00fdrobky, stroje, potravin\u00e1\u0159sk\u00e9 v\u00fdrobky a n\u00e1bytek. V\u011bt\u0161ina obchodu se uskute\u010d\u0148uje v r\u00e1mci Evropsk\u00e9 unie, p\u0159i\u010dem\u017e hlavn\u00edmi exportn\u00edmi partnery D\u00e1nska jsou N\u011bmecko, \u0160v\u00e9dsko, Spojen\u00e9 kr\u00e1lovstv\u00ed a Spojen\u00e9 st\u00e1ty.<\/p>\n<p>Dlouhodob\u00fd p\u0159ebytek platebn\u00ed bilance prom\u011bnil D\u00e1nsko v zemi \u010dist\u00e9ho v\u011b\u0159itele do poloviny roku 2018, zat\u00edmco dom\u00e1c\u00ed politika odr\u00e1\u017e\u00ed siln\u00fd z\u00e1vazek k voln\u00e9mu obchodu a globalizaci. Ve\u0159ejn\u00e9 m\u00edn\u011bn\u00ed v\u00edt\u00e1 otev\u0159en\u00e9 trhy; pr\u016fzkum z roku 2016 zjistil, \u017ee pades\u00e1t sedm procent D\u00e1n\u016f pova\u017euje globalizaci za p\u0159\u00edle\u017eitost.<\/p>\n<p>P\u0159esto\u017ee se D\u00e1nsko \u00fa\u010dastn\u00ed jednotn\u00e9ho evropsk\u00e9ho trhu a Mechanismu sm\u011bnn\u00fdch kurz\u016f II, referendum v roce 2000 odm\u00edtlo pln\u00e9 p\u0159ijet\u00ed eura. N\u00e1sledn\u00e9 pr\u016fzkumy \u2013 naposledy v listopadu 2023 \u2013 ukazuj\u00ed p\u0159etrv\u00e1vaj\u00edc\u00ed neochotu voli\u010d\u016f, p\u0159i\u010dem\u017e p\u0159ibli\u017en\u011b dv\u011b t\u0159etiny se vyj\u00e1d\u0159ily proti vstupu do euroz\u00f3ny.<\/p>\n<p>Kompaktn\u00ed zem\u011bpisn\u00e1 poloha D\u00e1nska a jeho z\u00e1vazek k propojen\u00ed inspirovaly ambici\u00f3zn\u00ed infrastrukturu. Pevn\u00e9 spojen\u00ed Fehmarn Belt, kter\u00e9 se stav\u00ed od roku 2021, zajist\u00ed \u017eelezni\u010dn\u00ed a silni\u010dn\u00ed spojen\u00ed s N\u011bmeckem. V D\u00e1nsku nyn\u00ed d\u00e1lni\u010dn\u00ed s\u00ed\u0165 umo\u017e\u0148uje neru\u0161en\u00e9 cestov\u00e1n\u00ed z Frederikshavnu na severu do Kodan\u011b na v\u00fdchod\u011b. Osobn\u00ed \u017eelezni\u010dn\u00ed doprava, provozovan\u00e1 spole\u010dnost\u00ed DSB a podporovan\u00e1 \u00fadr\u017ebou trat\u00ed spole\u010dnosti Banedanmark, dopl\u0148uje mezin\u00e1rodn\u00ed trajektov\u00e9 trasy p\u0159es Baltsk\u00e9 a Severn\u00ed mo\u0159e.<\/p>\n<p>Koda\u0148sk\u00e9 leti\u0161t\u011b, kter\u00e9 v roce 2024 odbavilo t\u00e9m\u011b\u0159 t\u0159icet milion\u016f cestuj\u00edc\u00edch, se \u0159ad\u00ed k nejru\u0161n\u011bj\u0161\u00edm ve Skandin\u00e1vii. Region\u00e1ln\u00ed leti\u0161t\u011b v Billundu, Aalborgu a Aarhusu roz\u0161i\u0159uj\u00ed vnitrost\u00e1tn\u00ed a omezen\u00e9 mezin\u00e1rodn\u00ed spojen\u00ed. Vlajkov\u00fd leteck\u00fd dopravce Scandinavian Airlines propojuje D\u00e1nsko s glob\u00e1ln\u00ed s\u00edt\u00ed.<\/p>\n<p>Cyklistika z\u016fst\u00e1v\u00e1 kulturn\u00edm pil\u00ed\u0159em. M\u011bstsk\u00e9 a venkovsk\u00e9 s\u00edt\u011b p\u0159esahuj\u00ed 12 000 kilometr\u016f, v\u010detn\u011b p\u0159ibli\u017en\u011b 7 000 kilometr\u016f odd\u011blen\u00fdch stezek. V Kodani v\u00edce ne\u017e polovina doj\u00ed\u017ed\u011bj\u00edc\u00edch denn\u011b jezd\u00ed na kole, co\u017e podtrhuje zam\u011b\u0159en\u00ed m\u011bsta na cyklistiku. Vysok\u00e9 dan\u011b z automobil\u016f \u2013 zahrnuj\u00edc\u00ed 150% registra\u010dn\u00ed poplatek a 25% DPH \u2013 omezuj\u00ed vlastnictv\u00ed soukrom\u00fdch vozidel, co\u017e vede k jednomu z nejstar\u0161\u00edch vozov\u00fdch park\u016f na sv\u011bt\u011b s pr\u016fm\u011brn\u00fdm v\u011bkem p\u0159es dev\u011bt let.<\/p>\n<p>N\u00e1rodn\u00edm jazykem je d\u00e1n\u0161tina. Sd\u00edl\u00ed vz\u00e1jemnou srozumitelnost se \u0161v\u00e9d\u0161tinou a nor\u0161tinou, zat\u00edmco n\u011bm\u010dina si v ji\u017en\u00edm Jutsku udr\u017euje status ofici\u00e1ln\u00ed men\u0161iny. Znalost angli\u010dtiny je roz\u0161\u00ed\u0159en\u00e1 \u2013 86 procent uv\u00e1d\u00ed konverza\u010dn\u00ed schopnosti \u2013 n\u00e1sledovan\u00e1 n\u011bm\u010dinou se 47 procenty. Domorod\u00e9 jazyky v z\u00e1mo\u0159sk\u00fdch \u00fazem\u00edch kr\u00e1lovstv\u00ed \u2013 faer\u0161tina a kalal\u0161tina \u2013 odr\u00e1\u017eej\u00ed pluralitn\u00ed slo\u017een\u00ed kr\u00e1lovstv\u00ed.<\/p>\n<p>K\u0159es\u0165anstv\u00ed dominuje n\u00e1bo\u017eensk\u00e9 sc\u00e9n\u011b, p\u0159i\u010dem\u017e sedmdes\u00e1t jedna procent D\u00e1n\u016f je registrov\u00e1no v luter\u00e1nsk\u00e9 c\u00edrkvi D\u00e1nska. Pravideln\u00e9 bohoslu\u017eby jsou v\u0161ak vz\u00e1cn\u00e9; pouze t\u0159i procenta se \u00fa\u010dastn\u00ed t\u00fddenn\u00edch bohoslu\u017eeb a v\u00edra hraje v ka\u017edodenn\u00edm \u017eivot\u011b mnoha lid\u00ed omezenou roli. Modern\u00ed identitu D\u00e1nska definovala progresivn\u00ed soci\u00e1ln\u00ed politika: v roce 1969 legalizovala pornografii, v roce 1989 jako prvn\u00ed zavedla registrovan\u00e1 partnerstv\u00ed pro p\u00e1ry stejn\u00e9ho pohlav\u00ed a v roce 2012 jako prvn\u00ed nahradila tato partnerstv\u00ed plnou rovnopr\u00e1vnost\u00ed v man\u017eelstv\u00ed.<\/p>\n<p>Od nebesk\u00fdch pozorov\u00e1n\u00ed Tycha Braheho a\u017e po kvantov\u00e9 poznatky Nielse Bohra zanechali d\u00e1n\u0161t\u00ed v\u011bdci nesmazatelnou stopu ve sv\u011btov\u00e9m pozn\u00e1n\u00ed. Liter\u00e1rn\u00ed p\u0159\u00edsp\u011bvky \u2013 poh\u00e1dky Hanse Christiana Andersena, existenci\u00e1ln\u00ed meditace S\u00f8rena Kierkegaarda, evokativn\u00ed vypr\u00e1v\u011bn\u00ed Karen Blixenov\u00e9 \u2013 pat\u0159\u00ed ke klasice evropsk\u00e9 literatury. Ve dvac\u00e1t\u00e9m stolet\u00ed rozkvetla filmov\u00e1 inovace v r\u00e1mci hnut\u00ed Dogma 95, kter\u00e9 se zam\u011b\u0159ilo na autory, jako byli Lars von Trier a Thomas Vinterberg.<\/p>\n<p>Architektonick\u00e9 d\u011bdictv\u00ed zahrnuje rom\u00e1nsk\u00e9 kosteln\u00ed v\u011b\u017ee a gotick\u00e9 katedr\u00e1ly, renesan\u010dn\u00ed pal\u00e1ce postaven\u00e9 nizozemsk\u00fdmi mistry a barokn\u00ed budovy sedmn\u00e1ct\u00e9ho stolet\u00ed. Neoklasicismus, n\u00e1rodn\u00ed romantismus a pozd\u011bji seversk\u00fd klasicismus sleduj\u00ed v\u00fdvoj d\u00e1nsk\u00e9ho vkusu. Funkcionalistick\u00e1 vlna 60. let 20. stolet\u00ed, kterou prosazoval Arne Jacobsen, vynesla osobnosti jako J\u00f8rn Utzon ke glob\u00e1ln\u00edmu uzn\u00e1n\u00ed; jeho n\u00e1vrh pro Opera v Sydney zviditelnil d\u00e1nskou vynal\u00e9zavost na sv\u011btov\u00e9 sc\u00e9n\u011b. Sou\u010dasn\u00ed talenty, zejm\u00e9na Bjarke Ingels, pokra\u010duj\u00ed v prosazov\u00e1n\u00ed tradice vynal\u00e9zav\u00e9 formy zalo\u017een\u00e9 na lidsk\u00e9m m\u011b\u0159\u00edtku.<\/p>\n<p>D\u00e1nsk\u00fd design, charakterizovan\u00fd zdr\u017eenliv\u00fdm minimalismem a materi\u00e1lovou integritou, prom\u011bnil n\u00e1bytek, pr\u016fmyslov\u00e9 v\u00fdrobky a bytov\u00e9 dopl\u0148ky. V\u00fdznamn\u00e9 osobnosti jako Hans Wegner, Finn Juhl, Verner Panton a B\u00f8rge Mogensen z\u016fst\u00e1vaj\u00ed vzorem pro jasnost lini\u00ed a funk\u010dn\u00ed eleganci. Vyt\u0159\u00edben\u00e1 keramika Kr\u00e1lovsk\u00e9 porcel\u00e1nky je p\u0159\u00edkladem \u0159emesln\u00e9 tradice udr\u017eovan\u00e9 po stalet\u00ed.<\/p>\n<p>D\u00e1nsk\u00e1 kuchyn\u011b, zako\u0159en\u011bn\u00e1 v pol\u00edch a fjordech, odr\u00e1\u017e\u00ed sez\u00f3nnost a lok\u00e1lnost. Otev\u0159en\u00e9 \u017eitn\u00e9 sendvi\u010de, sm\u00f8rrebr\u00f8d, p\u0159edstavuj\u00ed kombinaci sled\u011b, uzen\u00fdch mas a nakl\u00e1dan\u00e9 zeleniny s rafinovanou jednoduchost\u00ed. Vydatn\u00e9 pokrmy \u2013 frikadeller (masov\u00e9 kuli\u010dky), fl\u00e6skesteg (pe\u010den\u00e9 vep\u0159ov\u00e9 maso s chrumkavou k\u016frkou) a kogt torsk (po\u0161\u00edrovan\u00e1 treska) \u2013 sv\u011bd\u010d\u00ed o d\u011bdictv\u00ed zrozen\u00e9m z chladn\u00fdch zim a \u00farodn\u00fdch pl\u00e1n\u00ed.<\/p>\n<p>Od 70. let 20. stolet\u00ed inspirovaly gurm\u00e1nsk\u00e9 podniky francouzsk\u00e9 kulin\u00e1\u0159sk\u00e9 principy, kter\u00e9 vyvrcholily hnut\u00edm New Nordic. \u0160\u00e9fkucha\u0159i se hl\u00e1sili k ingredienc\u00edm z\u00edskan\u00fdm ze sklizn\u011b a \u010distot\u011b chut\u00ed, co\u017e koda\u0148sk\u00e9 restaurace Geranium a Noma vyneslo michelinskou proslulost. V\u00fdsledkem je n\u00e1rodn\u00ed gastronomick\u00e1 reputace, kter\u00e1 spojuje tradici a avantgardn\u00ed kreativitu.<\/p>\n<p>Pam\u00e1tky D\u00e1nska, kter\u00e9 jsou zaps\u00e1ny na seznamu sv\u011btov\u00e9ho d\u011bdictv\u00ed UNESCO \u2013 od Jelling Mounds a katedr\u00e1ly v Roskilde a\u017e po hrad Kronborg a loveck\u00fd are\u00e1l severn\u00edho Z\u00e9landu s par force \u2013 zd\u016fraz\u0148uj\u00ed kapitoly vikingsk\u00e9 vl\u00e1dy, st\u0159edov\u011bk\u00e9 zbo\u017enosti a kr\u00e1lovsk\u00fdch v\u00fdsad. V Gr\u00f3nsku ledovcov\u00fd fjord Ilulissat a loveck\u00e9 rev\u00edry Aasivissuit\u2013Nipisat p\u0159ipom\u00ednaj\u00ed jak ledovcov\u00e9 s\u00edly, tak i \u017eivotn\u00ed styl Inuit\u016f pod vlajkou kr\u00e1lovstv\u00ed.<\/p>\n<p>D\u00e1nsk\u00e1 m\u011bsta nab\u00edzej\u00ed rozmanit\u00e9 kouzlo. Koda\u0148 s ulicemi lemovan\u00fdmi kan\u00e1ly a majest\u00e1tn\u00edmi pal\u00e1ci prol\u00edn\u00e1 historickou strukturu s modern\u00edm designem. Aarhus, kulturn\u00ed centrum Jutska, host\u00ed \u0159adu um\u011bleck\u00fdch muze\u00ed, zrekonstruovan\u00e9 m\u011bsto pod \u0161ir\u00fdm nebem a mladistvou energii ukotvenou jeho univerzitou. Aalborg si zachov\u00e1v\u00e1 p\u0159\u00edmo\u0159sk\u00e9 kouzlo spolu s pulzuj\u00edc\u00edm no\u010dn\u00edm \u017eivotem v Jomfru Ane Gade. Odense, rodi\u0161t\u011b Andersena, zve k prozkoum\u00e1n\u00ed st\u0159edov\u011bk\u00fdch uli\u010dek a muzea Funen Village. Esbjerg, p\u0159\u00edstavn\u00ed m\u011bsto prom\u011bn\u011bn\u00e9 v energetick\u00e9 centrum, le\u017e\u00ed na prahu N\u00e1rodn\u00edho parku Waddensk\u00e9 mo\u0159e. Men\u0161\u00ed centra \u2013 Roskilde s muzeem vikingsk\u00fdch lod\u00ed, Skagen na setk\u00e1n\u00ed dvou mo\u0159\u00ed, hradn\u00ed okrsek S\u00f8nderborgu \u2013 nab\u00edzej\u00ed meditace o historii a m\u00edst\u011b.<\/p>\n<p>Za pevninou l\u00e1kaj\u00ed ostrovy jako Bornholm sv\u00fdmi kulat\u00fdmi kostely a dramatick\u00fdmi \u00fatesy. Klidn\u00fd venkovsk\u00fd klid Lolland-Falsteru umo\u017e\u0148uje p\u0159\u00edstup k k\u0159\u00eddov\u00e9mu sr\u00e1zu M\u00f8nu, zat\u00edmco model obnoviteln\u00e9 energie na Sams\u00f8 vytv\u00e1\u0159\u00ed udr\u017eitelnou idylu. Odlehl\u00e9 ostr\u016fvky \u2013 pou\u0161tn\u00ed p\u00edsky Anholtu, pta\u010d\u00ed rezervace Ertholmene, farmy s mo\u0159sk\u00fdmi \u0159asami a do\u0161kovou st\u0159echou v L\u00e6s\u00f8 \u2013 odm\u011b\u0148uj\u00ed cestovatele ochotn\u00e9 hledat samotu. Ka\u017ed\u00e9 m\u00edsto p\u0159isp\u00edv\u00e1 k soudr\u017en\u00e9, ale mnohostrann\u00e9 identit\u011b D\u00e1nska sv\u00fdm osobit\u00fdm aspektem.<\/p>\n<p>D\u00e1nsko pat\u0159\u00ed mezi nejbezpe\u010dn\u011bj\u0161\u00ed n\u00e1rody sv\u011bta. P\u0159\u00edrodn\u00ed katastrofy jsou vz\u00e1cn\u00e9 a setk\u00e1n\u00ed s divok\u00fdmi zv\u00ed\u0159aty z\u0159\u00eddkakdy p\u0159edstavuj\u00ed v\u00e1\u017enou hrozbu. N\u00e1v\u0161t\u011bvn\u00edk\u016fm se v\u0161ak doporu\u010duje, aby v m\u011blk\u00fdch vod\u00e1ch respektovali bodnut\u00ed pavouka velk\u00e9ho a po v\u00fdletech do lesa si prohl\u00e9dli kl\u00ed\u0161\u0165ata. U b\u0159eh\u016f se mohou objevit kv\u011bty med\u00faz, ale snadno se jim vyhnete.<\/p>\n<p>D\u00e1nsko ve sv\u00e9 kompaktn\u00ed podob\u011b zt\u011bles\u0148uje rovnov\u00e1hu mezi tradic\u00ed a inovac\u00ed, mezi individu\u00e1ln\u00ed svobodou a spole\u010dnou odpov\u011bdnost\u00ed. Jeho geografie vyb\u00edz\u00ed k propojen\u00ed s mo\u0159em, jeho historie zd\u016fraz\u0148uje odolnost a jeho soci\u00e1ln\u00ed struktury demonstruj\u00ed odhodl\u00e1n\u00ed spravedliv\u011b rozd\u011blovat p\u0159\u00edle\u017eitosti. Pro cestovatele D\u00e1nsko nenab\u00edz\u00ed p\u0159ehl\u00eddku pohlednicov\u00fdch sc\u00e9n, ale ti\u0161e a neodbytn\u011b vypr\u00e1v\u011bn\u00e9 vypr\u00e1v\u011bn\u00ed o spole\u010dnosti formovan\u00e9 v\u011btrem a vodou, rytmy zem\u011bd\u011blstv\u00ed a my\u0161lenkov\u00fdmi proudy. Modern\u00ed \u017eivot se zde odehr\u00e1v\u00e1 na pozad\u00ed pol\u00ed a fjord\u016f, designu a demokracie a vyb\u00edz\u00ed k zamy\u0161len\u00ed nad t\u00edm, jak nejstar\u0161\u00ed dosud existuj\u00edc\u00ed kr\u00e1lovstv\u00ed vyva\u017euje kontinuitu se zm\u011bnou.<\/p>","protected":false},"excerpt":{"rendered":"<p>D\u00e1nsko, seversk\u00fd n\u00e1rod le\u017e\u00edc\u00ed na jihu centr\u00e1ln\u00ed oblasti severn\u00ed Evropy, m\u00e1 p\u0159ibli\u017en\u011b 6 milion\u016f obyvatel. Koda\u0148, hlavn\u00ed a nejv\u011bt\u0161\u00ed m\u011bsto zem\u011b, m\u00e1 p\u0159ibli\u017en\u011b 767 000 obyvatel, zat\u00edmco jej\u00ed metropolitn\u00ed oblast zahrnuje p\u0159ibli\u017en\u011b 1,9 milionu obyvatel. Tento suver\u00e9nn\u00ed st\u00e1t p\u0159edstavuje nejlidnat\u011bj\u0161\u00ed a metropolitn\u00ed \u010d\u00e1st D\u00e1nsk\u00e9ho kr\u00e1lovstv\u00ed, \u00fastavn\u011b jednotn\u00fd celek, kter\u00fd zahrnuje autonomn\u00ed \u00fazem\u00ed Faersk\u00fdch ostrov\u016f a Gr\u00f3nska v severn\u00edm Atlantsk\u00e9m oce\u00e1nu.<\/p>","protected":false},"author":1,"featured_media":3056,"parent":24078,"menu_order":0,"comment_status":"closed","ping_status":"closed","template":"elementor_theme","meta":{"_eb_attr":"","footnotes":""},"class_list":["post-14261","page","type-page","status-publish","has-post-thumbnail"],"_links":{"self":[{"href":"https:\/\/travelshelper.com\/cs\/wp-json\/wp\/v2\/pages\/14261","targetHints":{"allow":["GET"]}}],"collection":[{"href":"https:\/\/travelshelper.com\/cs\/wp-json\/wp\/v2\/pages"}],"about":[{"href":"https:\/\/travelshelper.com\/cs\/wp-json\/wp\/v2\/types\/page"}],"author":[{"embeddable":true,"href":"https:\/\/travelshelper.com\/cs\/wp-json\/wp\/v2\/users\/1"}],"replies":[{"embeddable":true,"href":"https:\/\/travelshelper.com\/cs\/wp-json\/wp\/v2\/comments?post=14261"}],"version-history":[{"count":0,"href":"https:\/\/travelshelper.com\/cs\/wp-json\/wp\/v2\/pages\/14261\/revisions"}],"up":[{"embeddable":true,"href":"https:\/\/travelshelper.com\/cs\/wp-json\/wp\/v2\/pages\/24078"}],"wp:featuredmedia":[{"embeddable":true,"href":"https:\/\/travelshelper.com\/cs\/wp-json\/wp\/v2\/media\/3056"}],"wp:attachment":[{"href":"https:\/\/travelshelper.com\/cs\/wp-json\/wp\/v2\/media?parent=14261"}],"curies":[{"name":"wp","href":"https:\/\/api.w.org\/{rel}","templated":true}]}}