{"id":14246,"date":"2024-09-18T22:49:18","date_gmt":"2024-09-18T22:49:18","guid":{"rendered":"https:\/\/travelshelper.com\/staging\/?page_id=14246"},"modified":"2026-03-11T23:39:32","modified_gmt":"2026-03-11T23:39:32","slug":"tallinn","status":"publish","type":"page","link":"https:\/\/travelshelper.com\/cs\/destinations\/europe\/estonia\/tallinn\/","title":{"rendered":"Tallinn"},"content":{"rendered":"<p>Tallinn stoj\u00ed na rozkroku nad stalet\u00edmi m\u011bn\u00edc\u00edch se \u0159\u00ed\u0161\u00ed a modern\u00ed p\u0159estavby, jeho st\u0159edov\u011bk\u00e9 hradby ustupuj\u00ed prosklen\u00fdm kancel\u00e1\u0159sk\u00fdm v\u011b\u017e\u00edm, kter\u00e9 pulzuj\u00ed digit\u00e1ln\u00edmi ambicemi. Jako hlavn\u00ed m\u011bsto a hlavn\u00ed ekonomick\u00e9 centrum Estonska ukr\u00fdv\u00e1 zhruba 461 000 obyvatel v Harjumaa na ji\u017en\u00edm pob\u0159e\u017e\u00ed Finsk\u00e9ho z\u00e1livu. Tis\u00edc let obchodu, dob\u00fdv\u00e1n\u00ed a kulturn\u00ed v\u00fdm\u011bny zanechalo m\u011bsto \u00factyhodn\u00e9 i progresivn\u00ed, kde se v\u00e1pencov\u00e9 \u00fatesy setk\u00e1vaj\u00ed s t\u0159pytiv\u00fdmi startupy, kde dla\u017eebn\u00ed kostky vedou od kl\u00e1\u0161tern\u00edch ambit\u016f k coworkingov\u00fdm prostor\u016fm.<\/p>\n<p>Od prvn\u00edch lidsk\u00fdch stop p\u0159ed zhruba p\u011bti tis\u00edcilet\u00edmi a\u017e po ruch trajekt\u016f spojuj\u00edc\u00edch Tallinn s Helsinkami, Stockholmem a Petrohradem, byla podstata Tallinnu utv\u00e1\u0159ena mo\u0159em a kamenem. Jeho star\u00e9 M\u011bsto, kter\u00e9mu bylo v roce 1248 ud\u011bleno m\u011bstsk\u00e9 pr\u00e1vo v L\u00fcbecku, z\u016fst\u00e1v\u00e1 jedn\u00edm z nejkr\u00e1sn\u011bj\u0161\u00edch st\u0159edov\u011bk\u00fdch celk\u016f v Evrop\u011b, korunovan\u00e9 opevn\u011bn\u00fdm kopcem Toompea a obklopen\u00e9 starobyl\u00fdmi v\u011b\u017eemi m\u011bstsk\u00fdch hradeb. P\u0159esto na stejn\u00fdch b\u0159ez\u00edch, kter\u00e9 v\u00edtaly hanzovn\u00ed obchodn\u00edky, nyn\u00ed vedou kabely pro \u0161irokop\u00e1smov\u00e9 p\u0159ipojen\u00ed a nach\u00e1z\u00ed se Centrum excelence pro kybernetickou obranu NATO, co\u017e podtrhuje m\u011bsto, kter\u00e9 je z\u00e1rove\u0148 str\u00e1\u017ecem d\u011bdictv\u00ed a p\u0159edvojem digit\u00e1ln\u00edho v\u011bku.<\/p>\n<p>Pohled na obzor odhal\u00ed t\u0159i poloostrovy \u2013 Kopli, Paljassaare a Kakum\u00e4e \u2013 vy\u010dn\u00edvaj\u00edc\u00ed do z\u00e1livu, jejich\u017e ve\u0159ejn\u00e9 pl\u00e1\u017ee nab\u00edzej\u00ed odpo\u010dinek od letn\u00edch dn\u016f s pr\u016fm\u011brnou denn\u00ed teplotou 19 a\u017e 22 \u00b0C. Ve vnitrozem\u00ed se nach\u00e1z\u00ed jezero \u00dclemiste, nejv\u011bt\u0161\u00ed jezero m\u011bsta o rozloze 9,4 km\u00b2, kter\u00e9 ti\u0161e z\u00e1sobuje Tallinn vodou; men\u0161\u00ed jezero Harku le\u017e\u00ed na z\u00e1pad\u011b. M\u011bstskou strukturu podp\u00edr\u00e1 poh\u0159ben\u00e1 s\u00ed\u0165 starobyl\u00fdch \u00fadol\u00ed vytesan\u00fdch \u0159ekami, vypln\u011bn\u00fdch kvart\u00e9rn\u00edmi p\u00edsky a j\u00edly, zat\u00edmco v\u00fdchozy ordovick\u00e9ho v\u00e1pence tvo\u0159\u00ed baltsk\u00fd Klint, kter\u00fd se t\u00e1hne p\u0159es Toompea a d\u00e1le. Nejvy\u0161\u0161\u00ed p\u0159\u00edrodn\u00ed bod, 64 m nad mo\u0159em v okrese Hiiu v N\u00f5mme, nab\u00edz\u00ed v\u00fdhledy jak na zalesn\u011bn\u00e9 h\u0159ebeny, tak na vzd\u00e1lenou rozlehlou modern\u00ed p\u0159edm\u011bst\u00ed.<\/p>\n<p>Klimaticky Tallinn vyva\u017euje p\u0159\u00edmo\u0159skou m\u00edrnost s kontinent\u00e1ln\u00edmi extr\u00e9my. Zimy se pohybuj\u00ed bl\u00edzko bodu mrazu, s pr\u016fm\u011brnou \u00fanorovou teplotou \u20133,6 \u00b0C a ob\u010dasn\u00fdmi mraziv\u00fdmi vlnami pod \u201318 \u00b0C; m\u011bsto je pokryto sn\u011bhem, zat\u00edmco obla\u010dnost omezuje prosincov\u00e9 slune\u010dn\u00ed svit na sotva 21 hodin. Naproti tomu letn\u00ed dny se prodlu\u017euj\u00ed na v\u00edce ne\u017e osmn\u00e1ct hodin sv\u011btla, p\u0159i\u010dem\u017e \u010dervenec m\u00e1 pr\u016fm\u011brn\u011b 17,6 \u00b0C a py\u0161n\u00ed se v\u00edce ne\u017e 300 hodinami slune\u010dn\u00edho svitu. Ro\u010dn\u00ed sr\u00e1\u017eky jsou p\u0159ibli\u017en\u011b 700 mm rovnom\u011brn\u011b, a\u010dkoli jarn\u00ed m\u011bs\u00edce jsou nejsu\u0161\u0161\u00ed a letn\u00ed l\u00e9to je zaznamen\u00e1no s nejv\u011bt\u0161\u00edmi de\u0161ti. Tato prom\u011bnlivost vynesla Tallinnu ve studii z roku 2021 pochybn\u00e9 ocen\u011bn\u00ed nejnep\u0159edv\u00eddateln\u011bj\u0161\u00edho po\u010das\u00ed v hlavn\u00edm m\u011bst\u011b Evropy.<\/p>\n<p>Administrativn\u011b se m\u011bsto d\u011bl\u00ed na osm linnaos \u2013 okres\u016f, jejich\u017e zvolen\u00ed star\u0161\u00ed rad\u00ed \u00fast\u0159edn\u00ed vl\u00e1d\u011b v m\u00edstn\u00edch z\u00e1le\u017eitostech. V t\u011bchto okresech se nach\u00e1z\u00ed osmdes\u00e1t \u010dty\u0159i asum\u016f, \u010dtvrt\u00ed s ofici\u00e1ln\u00edmi hranicemi a odli\u0161nou identitou. P\u0159edm\u011bstsk\u00e9 z\u00e1stavby ze sov\u011btsk\u00e9 \u00e9ry, jako Mustam\u00e4e a Lasnam\u00e4e, ost\u0159e kontrastuj\u00ed se zalesn\u011bn\u00fdmi vilami v N\u00f5mme a \u0159emeslnou \u010dtvrt\u00ed Kalamaja. Ned\u00e1vn\u00e1 revitalizace b\u00fdval\u00fdch pr\u016fmyslov\u00fdch z\u00f3n \u2013 Rotermanni, Noblessner, Dvigatel \u2013 d\u00e1le propojila tallinnskou tapiserii minulosti a sou\u010dasnosti.<\/p>\n<p>Demograficky je Tallinn nejkosmopolitn\u011bj\u0161\u00edm m\u011bstem Estonska. P\u0159ed druhou sv\u011btovou v\u00e1lkou tvo\u0159ili etni\u010dt\u00ed Estonci p\u0159es osmdes\u00e1t procent jeho obyvatel; desetilet\u00ed sov\u011btsk\u00e9 okupace sn\u00ed\u017eila tento pod\u00edl do roku 2022 na n\u011bco m\u00e1lo p\u0159es polovinu. Rusky mluv\u00edc\u00ed komunity nyn\u00ed tvo\u0159\u00ed t\u00e9m\u011b\u0159 t\u0159etinu obyvatel, p\u0159i\u010dem\u017e mnoh\u00e9 z nich maj\u00ed estonsk\u00e9 ob\u010danstv\u00ed spolu s v\u00fdznamn\u00fdmi men\u0161inami Ukrajinc\u016f, Fin\u016f a dal\u0161\u00edch n\u00e1rodnost\u00ed. Eston\u0161tina z\u016fst\u00e1v\u00e1 \u00fa\u0159edn\u00edm jazykem, a\u010dkoli ru\u0161tina si v ka\u017edodenn\u00edm \u017eivot\u011b zachov\u00e1v\u00e1 prominentn\u00ed m\u00edsto a angli\u010dtina slou\u017e\u00ed jako lingua franca v obchod\u011b a cestovn\u00edm ruchu.<\/p>\n<p>Ekonomick\u00e1 s\u00edla Tallinnu se odr\u00e1\u017e\u00ed v jeho panoramatu t\u0159pytiv\u00fdch v\u011b\u017e\u00ed a digit\u00e1ln\u00edch kampus\u016f. V\u00edce ne\u017e polovina estonsk\u00e9ho HDP poch\u00e1z\u00ed pr\u00e1v\u011b z tohoto m\u011bsta, poh\u00e1n\u011bn\u00e9ho logistikou v n\u00e1mo\u0159n\u00edch p\u0159\u00edstavech, finan\u010dn\u00edmi slu\u017ebami a prosperuj\u00edc\u00edm sektorem informa\u010dn\u00edch technologi\u00ed. Pov\u011bst Estonska jako \u201eSilicon Valley u Baltsk\u00e9ho mo\u0159e\u201c upevnili dom\u00e1c\u00ed giganti, jako jsou Skype a Wise, a tak\u00e9 p\u0159\u00edtomnost IT agentury EU a kybernetick\u00e9ho centra NATO. V roce 2012 Tallinn vedl v\u0161echna evropsk\u00e1 hlavn\u00ed m\u011bsta v po\u010dtu startup\u016f na obyvatele; o deset let pozd\u011bji se st\u00e1le \u0159ad\u00ed mezi deset nejdigit\u00e1ln\u011bj\u0161\u00edch m\u011bst na sv\u011bt\u011b a z\u00e1\u0159\u00ed jako \u201est\u0159edn\u011b velk\u00e9 evropsk\u00e9 m\u011bsto budoucnosti\u201c.<\/p>\n<p>Tallinnsk\u00fd p\u0159\u00edstav z\u016fst\u00e1v\u00e1 jednou z nejru\u0161n\u011bj\u0161\u00edch n\u00e1mo\u0159n\u00edch bran Baltsk\u00e9ho regionu, kde se odbavuje n\u00e1klad v Muuze a osobn\u00ed trajekty v p\u0159\u00edstavu Star\u00e9ho M\u011bsta. Jen z jeho v\u00fdletn\u00edho termin\u00e1lu odbavilo v roce 2013 p\u0159es p\u016fl milionu cestuj\u00edc\u00edch a spojen\u00ed do Helsinek jezd\u00ed osmkr\u00e1t denn\u011b. M\u011bstsk\u00e1 s\u00ed\u0165 ve\u0159ejn\u00e9 dopravy \u2013 autobusy, tramvaje, trolejbusy \u2013 funguje na z\u00e1klad\u011b pau\u0161\u00e1ln\u00edho j\u00edzdn\u00e9ho zalo\u017een\u00e9ho na RFID, kter\u00e9 se pro registrovan\u00e9 obyvatele stalo bezplatn\u00fdm v roce 2013. P\u0159\u00edm\u011bstsk\u00e9 vlakov\u00e9 spojen\u00ed se t\u00e1hne od n\u00e1dra\u017e\u00ed Baltic na v\u00fdchod i na z\u00e1pad, zat\u00edmco mezim\u011bstsk\u00e9 vlaky spole\u010dnosti Elron spojuj\u00ed Tartu, Narvu a dal\u0161\u00ed oblasti. Pl\u00e1novan\u00e1 infrastruktura, jako je Rail Baltica a navrhovan\u00fd helsinsk\u00fd tunel, slibuje je\u0161t\u011b hlub\u0161\u00ed propojen\u00ed Tallinnu s evropskou s\u00edt\u00ed.<\/p>\n<p>Kultura vzkv\u00e9t\u00e1 v galerijn\u00edch s\u00e1lech i na venkovn\u00edch p\u00f3di\u00edch. V\u00edce ne\u017e \u0161edes\u00e1t muze\u00ed se rozkl\u00e1d\u00e1 ve st\u0159edov\u011bk\u00fdch cechovn\u00edch s\u00e1lech, honosn\u00fdch k\u0159\u00eddlech a p\u0159estav\u011bn\u00fdch kancel\u00e1\u0159\u00edch tajn\u00fdch slu\u017eeb. Pobo\u010dky Estonsk\u00e9ho muzea um\u011bn\u00ed \u2013 od modern\u00edch galeri\u00ed Kumu a\u017e po barokn\u00ed salony pal\u00e1ce Kadriorg \u2013 mapuj\u00ed um\u011bleck\u00e9 proudy od osmn\u00e1ct\u00e9ho stolet\u00ed a\u017e po sou\u010dasn\u00fd experiment. Muzeum povol\u00e1n\u00ed a svobody Vabamu a Muzeum KGB sv\u011bd\u010d\u00ed o temn\u011bj\u0161\u00edch kapitol\u00e1ch, zat\u00edmco N\u00e1mo\u0159n\u00ed a M\u011bstsk\u00e9 muzeum oslavuj\u00ed n\u00e1mo\u0159nickou tradici a v\u00fdvoj m\u011bst.<\/p>\n<p>Dvakr\u00e1t za deset let rezonuje P\u00eds\u0148ov\u00fd festival harmoniemi v\u00edce ne\u017e t\u0159iceti tis\u00edc hlas\u016f v Laulupidu, pam\u00e1tkov\u00e9 z\u00f3n\u011b zapsan\u00e9 na seznamu UNESCO, kter\u00e1 kdysi pomohla rozpustit sov\u011btskou vl\u00e1du. Nedaleko se kon\u00e1 filmov\u00fd festival Black Nights v Tallinnu, kter\u00fd ka\u017ed\u00fd podzim p\u0159il\u00e1k\u00e1 v\u00edce ne\u017e sedmdes\u00e1t p\u011bt tis\u00edc filmov\u00fdch fanou\u0161k\u016f, kde se p\u0159edstav\u00ed stovky celove\u010dern\u00edch film\u016f a vytvo\u0159\u00ed se tak centrum kinematografie v severn\u00ed Evrop\u011b. Dokonce i m\u011bstsk\u00e9 degusta\u010dn\u00ed s\u00e1ly a kav\u00e1rny zachov\u00e1vaj\u00ed tradici: Maiasmokk, zalo\u017een\u00fd v roce 1864 na ulici Pikk, st\u00e1le nab\u00edz\u00ed marcip\u00e1nov\u00e9 cukrovinky, kter\u00e9 byly kdysi prezentov\u00e1ny rusk\u00e9mu carsk\u00e9mu dvoru, zat\u00edmco \u0159emesln\u00e9 pivovary a pal\u00edrny vodky vyr\u00e1b\u011bj\u00ed m\u00edstn\u00ed interpretace starod\u00e1vn\u00fdch recept\u016f.<\/p>\n<p>Zdej\u0161\u00ed kuchyn\u011b odr\u00e1\u017e\u00ed vzestupy a odlivy severn\u00edho obchodu: \u0161proty nakl\u00e1dan\u00e9 h\u0159eb\u00ed\u010dkem a pep\u0159em tvo\u0159\u00ed v\u00fcrtsikilu, pod\u00e1van\u00e9 na tmav\u00e9m \u017eitn\u00e9m s\u00fdru v ikonick\u00e9m kiluv\u00f5ileib; vydatn\u00e1 du\u0161en\u00e1 j\u00eddla a nakl\u00e1dan\u00e1 zelenina odr\u00e1\u017eej\u00ed hanzovn\u00ed spojen\u00ed s L\u00fcbeckem a Novgorodem. Martsipan, kdysi p\u0159edepisovan\u00fd jako l\u00e9k v l\u00e9k\u00e1rn\u011b na radnici v roce 1695, nyn\u00ed zdob\u00ed cukr\u00e1rny lemuj\u00edc\u00ed \u00fazk\u00e9 uli\u010dky Star\u00e9ho M\u011bsta. V l\u00e9t\u011b se na dla\u017eebn\u00ed kostky rozl\u00e9vaj\u00ed venkovn\u00ed kav\u00e1rny a nab\u00edzej\u00ed sendvi\u010de s \u010dern\u00fdm chlebem, sal\u00e1ty z bahenn\u00edho seonu a sez\u00f3nn\u00ed bobule \u010derstv\u00e9 z bl\u00edzk\u00fdch les\u016f.<\/p>\n<p>Turismus prostupuje vrstvami \u010dasu ve m\u011bst\u011b. V doln\u00ed \u010d\u00e1sti Star\u00e9ho M\u011bsta se pod \u0161t\u00edhlou v\u011b\u017e\u00ed kostela sv. Olafa hem\u017e\u00ed n\u00e1m\u011bst\u00ed Raekoja, zat\u00edmco naho\u0159e na Toompei majest\u00e1tn\u00ed kopule a v\u011b\u017ei\u010dky ozna\u010duj\u00ed s\u00eddla moci. Cibulovit\u00e9 kopule katedr\u00e1ly Alexandra N\u011bvsk\u00e9ho stoj\u00ed v stroh\u00e9m dialogu s gotickou siluetou katedr\u00e1ly sv. Marie. Za st\u0159edov\u011bk\u00fdm j\u00e1drem se v upraven\u00fdch zahrad\u00e1ch Kadriorgu nach\u00e1z\u00ed letn\u00ed pal\u00e1c Petra Velik\u00e9ho a muzeum um\u011bn\u00ed Kumu. V Pirit\u011b b\u00edl\u00e9 plachty zdob\u00ed p\u0159\u00edstav postaven\u00fd pro olympijskou jachta\u0159skou regatu v roce 1980 a botanick\u00e1 zahrada a televizn\u00ed v\u011b\u017e sv\u011bd\u010d\u00ed o modern\u00edch ambic\u00edch Estonska.<\/p>\n<p>A\u0165 u\u017e se Tallinn vyd\u00e1v\u00e1 za skrytou \u0159\u00ed\u010dku, kter\u00e1 je nyn\u00ed poh\u0159bena pod m\u011bstsk\u00fdmi ulicemi, nebo sleduje m\u011bn\u00edc\u00ed se obrysy estonsk\u00fdch zahrani\u010dn\u00edch vl\u00e1dc\u016f, odm\u011b\u0148uje ty, kdo naslouchaj\u00ed jeho vrstevnat\u00fdm ozv\u011bn\u00e1m. Vyb\u00edz\u00ed k zamy\u0161len\u00ed nad odolnost\u00ed komunity v drsn\u00e9m severn\u00edm podneb\u00ed, nad bezprobl\u00e9mov\u00fdm zav\u00e1d\u011bn\u00edm nov\u00fdch technologi\u00ed v r\u00e1mci starobyl\u00fdch hradeb. V ka\u017ed\u00e9m v\u00e1pencov\u00e9m oblouku, v ka\u017ed\u00e9 pe\u010dliv\u011b vyty\u010den\u00e9 silnici a v ka\u017ed\u00e9m datov\u00e9m vl\u00e1kn\u011b pod p\u0159\u00edstavem m\u011bsto vypr\u00e1v\u00ed p\u0159\u00edb\u011bh o p\u0159e\u017eit\u00ed a znovuobjeven\u00ed. Kouzlo Tallinnu nespo\u010d\u00edv\u00e1 v povrchn\u00edm okouzlen\u00ed, ale v jasnosti, s jakou odhaluje svou vlastn\u00ed historii \u2013 a v p\u0159\u00edslibu identit, kter\u00e9 se teprve maj\u00ed rozvinout.<\/p>","protected":false},"excerpt":{"rendered":"<p>Tallinn, hlavn\u00ed a nejv\u011bt\u0161\u00ed m\u011bsto Estonska, slou\u017e\u00ed jako symbol historie, kultury a inovac\u00ed pod\u00e9l Baltsk\u00e9ho mo\u0159e. Tato dynamick\u00e1 metropole s v\u00edce ne\u017e 461 000 obyvateli od roku 2024 funguje jako hlavn\u00ed administrativn\u00ed, finan\u010dn\u00ed, pr\u016fmyslov\u00e9 a kulturn\u00ed centrum zem\u011b. V\u00fdhodn\u00e1 poloha Tallinnu u Finsk\u00e9ho z\u00e1livu, kter\u00fd se nach\u00e1z\u00ed v z\u00e1livu v severn\u00edm Estonsku, ovliv\u0148ovala jeho osud po stalet\u00ed a etablovala se jako \u017eivotn\u011b d\u016fle\u017eit\u00e9 centrum v oblasti Baltsk\u00e9ho mo\u0159e.<\/p>","protected":false},"author":1,"featured_media":3666,"parent":14240,"menu_order":0,"comment_status":"closed","ping_status":"closed","template":"elementor_theme","meta":{"_eb_attr":"","footnotes":""},"class_list":["post-14246","page","type-page","status-publish","has-post-thumbnail"],"_links":{"self":[{"href":"https:\/\/travelshelper.com\/cs\/wp-json\/wp\/v2\/pages\/14246","targetHints":{"allow":["GET"]}}],"collection":[{"href":"https:\/\/travelshelper.com\/cs\/wp-json\/wp\/v2\/pages"}],"about":[{"href":"https:\/\/travelshelper.com\/cs\/wp-json\/wp\/v2\/types\/page"}],"author":[{"embeddable":true,"href":"https:\/\/travelshelper.com\/cs\/wp-json\/wp\/v2\/users\/1"}],"replies":[{"embeddable":true,"href":"https:\/\/travelshelper.com\/cs\/wp-json\/wp\/v2\/comments?post=14246"}],"version-history":[{"count":0,"href":"https:\/\/travelshelper.com\/cs\/wp-json\/wp\/v2\/pages\/14246\/revisions"}],"up":[{"embeddable":true,"href":"https:\/\/travelshelper.com\/cs\/wp-json\/wp\/v2\/pages\/14240"}],"wp:featuredmedia":[{"embeddable":true,"href":"https:\/\/travelshelper.com\/cs\/wp-json\/wp\/v2\/media\/3666"}],"wp:attachment":[{"href":"https:\/\/travelshelper.com\/cs\/wp-json\/wp\/v2\/media?parent=14246"}],"curies":[{"name":"wp","href":"https:\/\/api.w.org\/{rel}","templated":true}]}}