{"id":14240,"date":"2024-09-18T22:41:43","date_gmt":"2024-09-18T22:41:43","guid":{"rendered":"https:\/\/travelshelper.com\/staging\/?page_id=14240"},"modified":"2026-03-11T23:33:52","modified_gmt":"2026-03-11T23:33:52","slug":"estonsko","status":"publish","type":"page","link":"https:\/\/travelshelper.com\/cs\/destinations\/europe\/estonia\/","title":{"rendered":"Estonsko"},"content":{"rendered":"<p>Estonsko le\u017e\u00ed na v\u00fdchodn\u00edm pob\u0159e\u017e\u00ed Baltsk\u00e9ho mo\u0159e. Je to \u0161t\u00edhl\u00e1 republika s p\u0159ibli\u017en\u011b 1,37 miliony obyvatel, jej\u00ed\u017e p\u016fda a duch zrodily jak pohansk\u00e9 ritu\u00e1ly, tak digit\u00e1ln\u00ed revoluce. Na plo\u0161e 45 335 km\u00b2 \u2013 v\u010detn\u011b v\u00edce ne\u017e 2 300 ostrov\u016f \u2013 se tato severn\u00ed zem\u011b vyvinula od neolitick\u00fdch osad z doby 9 000 p\u0159. n. l. v jednu z digit\u00e1ln\u011b nejvysp\u011blej\u0161\u00edch demokraci\u00ed v Evrop\u011b, kter\u00e1 se py\u0161n\u00ed \u010dlenstv\u00edm v euroz\u00f3n\u011b, alianc\u00ed v NATO a pov\u011bst\u00ed transparentn\u00ed spr\u00e1vy v\u011bc\u00ed ve\u0159ejn\u00fdch. Od v\u00e1pencov\u00fdch \u00fates\u016f severn\u00edho pob\u0159e\u017e\u00ed a\u017e po ra\u0161elini\u0161t\u011b ji\u017en\u00ed pahorkatiny, estonsk\u00fd ter\u00e9n a obyvatel\u00e9 sleduj\u00ed historii ciz\u00ed nadvl\u00e1dy, n\u00e1rodn\u00edho probuzen\u00ed, sov\u011btsk\u00e9 okupace a m\u00edrov\u00e9 \u201ezp\u00edvaj\u00edc\u00ed revoluce\u201c, kter\u00e1 20. srpna 1991 obnovila nez\u00e1vislost.<\/p>\n<p>Estonsk\u00e9 kmeny se od nepam\u011bti shlukovaly pod\u00e9l \u0159ek a jezer. St\u0159edov\u011bk\u00e9 p\u0159estoupen\u00ed ke k\u0159es\u0165anstv\u00ed bylo vnuceno a\u017e po severn\u00edch k\u0159\u00ed\u017eov\u00fdch v\u00fdprav\u00e1ch ve 13. stolet\u00ed, p\u0159esto se zbytky p\u0159edk\u0159es\u0165ansk\u00fdch zvyk\u016f zachovaly ve folkl\u00f3ru a runov\u00fdch p\u00edsn\u00edch. Stalet\u00ed vlivu \u0158\u00e1du n\u011bmeck\u00fdch ryt\u00ed\u0159\u016f, d\u00e1nsk\u00fdch panovn\u00edk\u016f, polsk\u00fdch kr\u00e1l\u016f, \u0161v\u00e9dsk\u00fdch p\u00e1n\u016f a nakonec Rusk\u00e9 \u0159\u00ed\u0161e jen m\u00e1lo p\u0159isp\u011bla k uha\u0161en\u00ed lidov\u00e9 identity, kter\u00e1 se rozho\u0159ela v n\u00e1rodn\u00edm probuzen\u00ed v polovin\u011b 19. stolet\u00ed. Deklarace nez\u00e1vislosti v \u00fanoru 1918 uvedla do \u010dinnosti meziv\u00e1le\u010dnou republiku zalo\u017eenou na demokratick\u00fdch ide\u00e1lech, kter\u00e1 se v\u0161ak neutralita rozpadla pod sov\u011btskou a n\u011bmeckou okupac\u00ed. Po celou dobu studen\u00e9 v\u00e1lky emigrant\u0161t\u00ed diplomat\u00e9 a exilov\u00e1 vl\u00e1da zachov\u00e1vali pr\u00e1vn\u00ed kontinuitu Estonska, dokud pobaltsk\u00fd st\u00e1t nez\u00edskal zp\u011bt svou suverenitu prost\u0159ednictv\u00edm nen\u00e1siln\u00fdch masov\u00fdch protest\u016f a sborov\u00e9ho odporu.<\/p>\n<p>Topograficky se republika rozkl\u00e1d\u00e1 v m\u00edrn\u00fdch svaz\u00edch. Severn\u00ed a z\u00e1padn\u00ed n\u00ed\u017einy p\u0159ech\u00e1zej\u00ed do pahorkatin Pandivere, Sakala a Otep\u00e4\u00e4, zat\u00edmco Suur Munam\u00e4gi s nadmo\u0159skou v\u00fd\u0161kou 318 metr\u016f dominuje poho\u0159\u00ed Haanja. Z 1 560 p\u0159\u00edrodn\u00edch jezer v Estonsku hrani\u010d\u00ed rozlehl\u00e9 \u010cudsk\u00e9 jezero s Ruskem a V\u00f5rtsj\u00e4rv le\u017e\u00ed zcela uvnit\u0159. M\u00e9n\u011b ne\u017e tucet \u0159ek p\u0159esahuje 100 kilometr\u016f, mezi nimi\u017e jsou nejd\u016fle\u017eit\u011bj\u0161\u00ed V\u00f5handu a P\u00e4rnu. T\u00e9m\u011b\u0159 \u010dtvrtinu \u00fazem\u00ed tvo\u0159\u00ed ba\u017einy a ra\u0161elini\u0161t\u011b \u2013 propleten\u00e9 mok\u0159ady, kde se sb\u00edhaj\u00ed ra\u0161elini\u0161t\u011b a ba\u017einat\u00e9 lesy \u2013 kter\u00e9 nab\u00edzej\u00ed \u00fato\u010di\u0161t\u011b pro druhy, kter\u00e9 jinde v Evrop\u011b vymizely.<\/p>\n<p>Klima zde nen\u00ed ani zcela kontinent\u00e1ln\u00ed, ani \u010dist\u011b p\u0159\u00edmo\u0159sk\u00e9, ale je formov\u00e1no severoatlantick\u00fdmi cykl\u00f3ny a m\u00edrn\u00fdm dopadem Baltsk\u00e9ho mo\u0159e. Zimn\u00ed t\u00e1n\u00ed na pob\u0159e\u017e\u00ed p\u0159ich\u00e1z\u00ed p\u0159ed\u010dasn\u011b, zat\u00edmco letn\u00ed teplo p\u0159etrv\u00e1v\u00e1, proto\u017ee z\u00e1padn\u00ed v\u00e1nek zm\u00edr\u0148uje vnitrozemsk\u00e9 horko. Pr\u016fm\u011brn\u00e9 teploty osciluj\u00ed mezi -3,8 \u00b0C v \u00fanoru a 17,8 \u00b0C v \u010dervenci, s extr\u00e9my zaznamenan\u00fdmi na -43,5 \u00b0C v roce 1940 a 35,6 \u00b0C v roce 1992. Pr\u016fm\u011brn\u00fd ro\u010dn\u00ed \u00fahrn sr\u00e1\u017eek je 662 mm; slune\u010dn\u00ed svit se pohybuje od sotva t\u0159\u00ed des\u00edtek hodin v prosinci do t\u00e9m\u011b\u0159 300 hodin v srpnu. Denn\u00ed sv\u011btlo se v letn\u00edm slunovratu prodlu\u017euje na 18 hodin a 40 minut a po zimn\u00edm slunovratu se zkracuje na \u0161est hodin, co\u017e od kv\u011btna do \u010dervence vede k \u201eb\u00edl\u00fdm noc\u00edm\u201c.<\/p>\n<p>Mozaika les\u016f, pol\u00ed, ostrov\u016f a mok\u0159ad\u016f tvo\u0159\u00ed z\u00e1klad jedn\u00e9 z nejbohat\u0161\u00edch biodiverzit v Evrop\u011b. P\u0159ibli\u017en\u011b 19,4 procenta estonsk\u00e9 p\u016fdy je form\u00e1ln\u011b chr\u00e1n\u011bno \u2013 \u0161est n\u00e1rodn\u00edch park\u016f, p\u0159es dv\u011b st\u011b chr\u00e1n\u011bn\u00fdch \u00fazem\u00ed a v\u00edce ne\u017e sto krajinn\u00fdch rezervac\u00ed. Migra\u010dn\u00ed koridory vedou miliony p\u011bvc\u016f a vodn\u00edho ptactva po jeho obloze a vytv\u00e1\u0159ej\u00ed evropsk\u00e9 rekordy v rozmanitosti a mno\u017estv\u00ed. Les\u016fm dominuj\u00ed borovice, b\u0159\u00edzy a smrky, kter\u00e9 poskytuj\u00ed \u00fato\u010di\u0161t\u011b velk\u00fdm savc\u016fm od rysa a medv\u011bda hn\u011bd\u00e9ho a\u017e po znovuzaveden\u00fd norka evropsk\u00e9ho na Hiiumaa. Vousat\u00e9 \u0159\u00ed\u0161e oboj\u017eiveln\u00edk\u016f a plaz\u016f vzkv\u00e9taj\u00ed uprost\u0159ed 330 druh\u016f pt\u00e1k\u016f zaznamenan\u00fdch v cel\u00e9 zemi, mezi nimi\u017e je i vla\u0161tovka obecn\u00e1, n\u00e1rodn\u00ed symbol pt\u00e1k\u016f.<\/p>\n<p>Estonsko, parlamentn\u00ed republika s patn\u00e1cti maakondy, se t\u011b\u0161\u00ed jedn\u00e9 z nejm\u00e9n\u011b zkorumpovan\u00fdch administrativ v Evrop\u011b. Jeho transformace ze z\u00e1vislosti na ropn\u00fdch b\u0159idlic\u00edch \u2013 kdysi zodpov\u011bdn\u00fdch za v\u00edce ne\u017e osmdes\u00e1t p\u011bt procent produkce energie \u2013 na diverzifikovanou sm\u011bs obnoviteln\u00fdch zdroj\u016f energie podtrhuje adaptivn\u00ed v\u016fli n\u00e1roda. Finan\u010dn\u00ed dno zp\u016fsoben\u00e9 kriz\u00ed v roce 2008 ustoupilo v roce 2012 jedin\u00e9mu rozpo\u010dtov\u00e9mu p\u0159ebytku euroz\u00f3ny a st\u00e1tn\u00edmu dluhu na pouh\u00fdch \u0161esti procentech HDP. Dnes telekomunikace, bankovnictv\u00ed, softwarov\u00e9 slu\u017eby, textil, elektronika a stavba lod\u00ed poh\u00e1n\u011bj\u00ed vysp\u011blou ekonomiku s HDP na obyvatele v parit\u011b kupn\u00ed s\u00edly zhruba 46 385 dolar\u016f (\u00fadaje z roku 2023). Estonsko se \u0159ad\u00ed na p\u0159edn\u00ed m\u00edsto na sv\u011bt\u011b v oblasti lidsk\u00e9ho rozvoje, svobody tisku, v\u00fdsledk\u016f vzd\u011bl\u00e1v\u00e1n\u00ed \u2013 od prim\u00e1rn\u00edho a\u017e po terci\u00e1rn\u00ed \u2013 a slu\u017eeb elektronick\u00e9 ve\u0159ejn\u00e9 spr\u00e1vy.<\/p>\n<p>N\u00e1mo\u0159n\u00ed tepny se sb\u00edhaj\u00ed do p\u0159\u00edstavu Tallinn a jeho nezamrzaj\u00edc\u00edho satelitu v Muuze, kde sily na obil\u00ed, chlad\u00edrensk\u00e9 sklady a kotvi\u0161t\u011b tanker\u016f slou\u017e\u00ed baltsk\u00e9mu obchodu. Trajekty Tallink spojuj\u00ed n\u00e1mo\u0159n\u00ed trasy do Helsinek a Stockholmu, zat\u00edmco m\u00edstn\u00ed linky p\u0159epravuj\u00ed cestuj\u00edc\u00ed na Saaremaa a Hiiumaa. Po sou\u0161i v\u00edce ne\u017e \u0161estn\u00e1ct tis\u00edc kilometr\u016f st\u00e1tn\u00edch silnic, v\u010detn\u011b tepen E20, E263 a E67, podporuje vysokou m\u00edru vlastnictv\u00ed soukrom\u00fdch automobil\u016f. S\u00ed\u0165 Rail Baltica, kter\u00e1 je ve v\u00fdstavb\u011b od roku 2017, slibuje propojen\u00ed s evropsk\u00fdm rozchodem z Tallinnu p\u0159es Rigu do Var\u0161avy a dopl\u0148uje st\u00e1vaj\u00edc\u00ed s\u00ed\u0165 Eesti Raudtee a jej\u00ed historickou \u00fazkorozchodnou tramvaj v hlavn\u00edm m\u011bst\u011b. Leti\u0161t\u011b v Tallinnu, Tartu, P\u00e4rnu, Kuressaare a K\u00e4rdle spojuj\u00ed Estonsko se severn\u00ed a st\u0159edn\u00ed Evropou prost\u0159ednictv\u00edm dopravc\u016f, jako jsou AirBaltic a LOT.<\/p>\n<p>Etnicky je Estonsko do zna\u010dn\u00e9 m\u00edry homogenn\u00ed: etni\u010dt\u00ed Estonci tvo\u0159\u00ed t\u00e9m\u011b\u0159 sedmdes\u00e1t procent populace, p\u0159i\u010dem\u017e rusky mluv\u00edc\u00ed men\u0161ina tvo\u0159\u00ed asi dvacet \u010dty\u0159i procent a je soust\u0159ed\u011bna v Ida-Viru a okol\u00ed Tallinnu. Od roku 1991 se populace zv\u00fd\u0161ila na 1 369 285 (1. ledna 2025), co\u017e odr\u00e1\u017e\u00ed migraci a m\u00edrn\u00fd n\u00e1r\u016fst porodnosti. Dosa\u017een\u00e9 vzd\u011bl\u00e1n\u00ed je v\u00fdjime\u010dn\u00e9 \u2013 \u010dty\u0159icet t\u0159i procent dosp\u011bl\u00fdch ve v\u011bku 25\u201364 let m\u00e1 vysoko\u0161kolsk\u00e9 vzd\u011bl\u00e1n\u00ed \u2013 a vzrostla i rozmanitost, s v\u00edce ne\u017e dv\u011bma sty etnick\u00fdmi skupinami a t\u00e9m\u011b\u0159 stejn\u00fdm po\u010dtem mate\u0159sk\u00fdch jazyk\u016f. Baltsk\u00e1 n\u011bmeck\u00e1 komunita kdysi a\u017e do poloviny 20. stolet\u00ed signalizovala n\u011bmeckou kulturn\u00ed hegemonii; dnes se kulturn\u00ed autonomii t\u011b\u0161\u00ed Ingerst\u00e1nci a Eston\u0161t\u00ed \u0160v\u00e9dov\u00e9 po boku mal\u00e9 zastoupen\u00ed Rom\u016f.<\/p>\n<p>N\u00e1bo\u017eensk\u00e1 p\u0159\u00edslu\u0161nost se zmen\u0161ila, co\u017e Estonsko \u010din\u00ed jedn\u00edm z nejsekul\u00e1rn\u011bj\u0161\u00edch st\u00e1t\u016f Evropy. O n\u011bco m\u00e9n\u011b ne\u017e t\u0159etina ob\u010dan\u016f se hl\u00e1s\u00ed k n\u011bjak\u00e9 v\u00ed\u0159e, v\u011bt\u0161ina z nich k k\u0159es\u0165ansk\u00fdm denominac\u00edm. V\u00fdchodn\u00ed pravoslav\u00ed, kter\u00e9 praktikuje mnoho p\u0159\u00edslu\u0161n\u00edk\u016f rusk\u00e9 men\u0161iny a p\u016fvodn\u00edho kmene Seto, nyn\u00ed v po\u010dtu stoupenc\u016f t\u011bsn\u011b p\u0159ed\u010d\u00ed luter\u00e1nstv\u00ed. Kou\u0159ov\u00e9 sauny tradice V\u00f5ru \u2013 zapsan\u00e9 na seznamu UNESCO od roku 2014 \u2013 udr\u017euj\u00ed ritu\u00e1ly p\u0159edk\u016f, stejn\u011b jako letn\u00ed ohn\u011b Jaanip\u00e4ev a pr\u016fvody ke Dni nez\u00e1vislosti, kter\u00e9 ka\u017ed\u00fd z nich p\u0159ipom\u00edn\u00e1 kolektivn\u00ed pam\u00e1tku 24. \u010dervna, respektive 24. \u00fanora.<\/p>\n<p>Z jazykov\u00e9ho hlediska p\u0159evl\u00e1d\u00e1 eston\u0161tina, kterou jako prvn\u00ed nebo druh\u00fd jazyk pou\u017e\u00edv\u00e1 zhruba osmdes\u00e1t \u010dty\u0159i procent populace. Jihoestonsk\u00e9 dialekty \u2013 v\u00f5rosk\u00fd, setosk\u00fd, mulgsk\u00fd a tartusk\u00fd \u2013 p\u0159etrv\u00e1vaj\u00ed u t\u00e9m\u011b\u0159 sto tis\u00edc mluv\u010d\u00edch. Angli\u010dtina a ru\u0161tina slou\u017e\u00ed jako b\u011b\u017en\u00e9 ciz\u00ed nebo rodov\u00e9 jazyky, kter\u00e9 jsou umoc\u0148ov\u00e1ny ve\u0159ejn\u00fdm \u0161kolstv\u00edm; n\u00e1sleduj\u00ed n\u011bm\u010dina a francouz\u0161tina. Estonsk\u00fd znakov\u00fd jazyk, form\u00e1ln\u011b uznan\u00fd v roce 2007, podporuje p\u0159ibli\u017en\u011b 4 500 nesly\u0161\u00edc\u00edch ob\u010dan\u016f.<\/p>\n<p>Kulturn\u00ed identita se prol\u00edn\u00e1 s krajinou. Folklorn\u00ed runov\u00e9 p\u00edsn\u011b vypr\u00e1v\u011bj\u00ed o kosmogonii a velik\u00e1nech, jako byl Kalevipoeg. Kampa\u0148 folkloristy Jakoba Hurta v 19. stolet\u00ed shrom\u00e1\u017edila p\u0159es dvan\u00e1ct tis\u00edc stran \u00fastn\u00ed tradice; Matthias Johann Eisen shrom\u00e1\u017edil dal\u0161\u00edch devades\u00e1t tis\u00edc stran, kter\u00e9 jsou nyn\u00ed ulo\u017eeny v Estonsk\u00e9m folkl\u00f3rn\u00edm archivu. Architektura zahrnuje d\u0159ev\u011bn\u00e9 usedlosti rehielamu, st\u0159edov\u011bk\u00e1 kamenn\u00e1 hradi\u0161t\u011b, rom\u00e1nsk\u00e9 kostely a gotick\u00e9 kupeck\u00e9 s\u00edn\u011b \u2013 nej\u017eiv\u011bji se dochovaly v tallinnsk\u00e9m Star\u00e9m M\u011bst\u011b, kter\u00e9 je zaps\u00e1no na seznamu UNESCO. Meziv\u00e1le\u010dn\u00e1 budova parlamentu na kopci Toompea stoj\u00ed jako jedin\u00e1 expresionistick\u00e1 z\u00e1konod\u00e1rn\u00e1 s\u00ed\u0148 na sv\u011bt\u011b, zat\u00edmco trendy 20. stolet\u00ed oscilovaly od hol\u00e9ho klasicismu p\u0159es sov\u011btskou prefabrikaci a\u017e po prosklen\u00e9 kancel\u00e1\u0159sk\u00e9 v\u011b\u017ee od architekt\u016f, jako byl Vilen K\u00fcnnapu.<\/p>\n<p>Estonsk\u00e1 kuchyn\u011b, zrozen\u00e1 z pol\u00ed, les\u016f a mo\u0159e, z\u016fst\u00e1v\u00e1 z\u00e1kladem \u017eitn\u00e9ho chleba, brambor, vep\u0159ov\u00e9ho masa a ml\u00e9\u010dn\u00fdch v\u00fdrobk\u016f, o\u017eiven\u00fdch sez\u00f3nn\u00edmi bobulemi, bylinkami a houbami. Otev\u0159en\u00e9 sendvi\u010de s baltsk\u00fdm sled\u011bm nebo \u0161proty zt\u011bles\u0148uj\u00ed z\u00e1libu n\u00e1roda v nejjednodu\u0161\u0161\u00edch a nej\u010derstv\u011bj\u0161\u00edch pokrmech. J\u00eddla doprov\u00e1z\u00ed pivo, ovocn\u00e1 v\u00edna a destilovan\u00e9 v\u00edno, stejn\u011b jako po stalet\u00ed agr\u00e1rn\u00edho a p\u0159\u00edmo\u0159sk\u00e9ho \u017eivota.<\/p>\n<p>Pro cestovatele se Estonsko rozkl\u00e1d\u00e1 v regionech, ale bez tyranie vzd\u00e1lenost\u00ed: \u010dty\u0159i hodiny d\u011bl\u00ed ji\u017en\u00ed kopce od severn\u00edch pl\u00e1\u017e\u00ed a dv\u011b hodiny sta\u010d\u00ed mezi Tallinnem a jak\u00fdmkoli v\u011bt\u0161\u00edm m\u011bstem. Severn\u00ed Estonsko pulzuje pr\u016fmyslem a m\u011bstsk\u00fdm \u0161armem, st\u0159edov\u011bk\u00e9 hlavn\u00ed m\u011bsto se nach\u00e1z\u00ed naproti pl\u00e1\u017eov\u00fdm vesni\u010dk\u00e1m a panstv\u00edm v Lahemaa. V\u00fdchodn\u00ed Estonsko nese rusk\u00fd vliv v narvsk\u00e9m hrad\u011b Hermann a l\u00e1ze\u0148sk\u00fdch osad\u00e1ch pod\u00e9l z\u00e1livu. Ostrovy a z\u00e1padn\u00ed pob\u0159e\u017e\u00ed nab\u00edzej\u00ed v\u011btrem o\u0161lehan\u00e9 vesnice Saaremaa, letn\u00ed velkolepost P\u00e4rnu a o\u017e\u00edvaj\u00edc\u00ed d\u011bdictv\u00ed pob\u0159e\u017en\u00edch \u0160v\u00e9d\u016f na Ruhnu. Na jihu ustupuje akademick\u00fd ruch Tartu modlitebn\u00e1m v Setomaa, p\u00eds\u0148ov\u00fdm tradic\u00edm v Mulgimaa a sjezdovk\u00e1m v Otep\u00e4\u00e4.<\/p>\n<p>Kouzlo Estonska spo\u010d\u00edv\u00e1 v t\u011bchto kontrastech: digit\u00e1ln\u00ed republika prosperuj\u00edc\u00ed uprost\u0159ed mechem porostl\u00fdch les\u016f, starobyl\u00fdch ba\u017ein a hanzovn\u00edch val\u016f; lid\u00e9, kte\u0159\u00ed zp\u00edvaj\u00ed o nez\u00e1vislosti a z\u00e1rove\u0148 v\u00edtaj\u00ed n\u00e1v\u0161t\u011bvn\u00edky jedn\u00edm dechem. Tato zem\u011b je definov\u00e1na m\u00e9n\u011b \u0159et\u011bzy, kter\u00e9 ji kdysi spout\u00e1valy, ne\u017e odolnost\u00ed, kter\u00e1 spojuje jej\u00ed minulost s ka\u017ed\u00fdm kliknut\u00edm, ka\u017edou koledou a ka\u017ed\u00fdm krokem na jej\u00edm proslul\u00e9m ter\u00e9nu.<\/p>","protected":false},"excerpt":{"rendered":"<p>Estonsko, kter\u00e9 se nach\u00e1z\u00ed v severn\u00ed Evrop\u011b u malebn\u00e9ho Baltsk\u00e9ho mo\u0159e, je p\u0159\u00edkladem vytrvalosti, vynal\u00e9zavosti a kulturn\u00ed rozmanitosti. Estonsko se nach\u00e1z\u00ed na k\u0159i\u017eovatce severn\u00ed a v\u00fdchodn\u00ed Evropy a m\u00e1 strategickou pozici, kter\u00e1 historicky definovala jeho trajektorii a nad\u00e1le ovliv\u0148uje jeho sou\u010dasnou situaci. Navzdory sv\u00e9 populaci p\u0159ibli\u017en\u011b 1,4 milionu Estonsko v\u00fdznamn\u011b ovliv\u0148uje technologie, digit\u00e1ln\u00ed vl\u00e1dnut\u00ed a ochranu \u017eivotn\u00edho prost\u0159ed\u00ed.<\/p>","protected":false},"author":1,"featured_media":3347,"parent":24078,"menu_order":0,"comment_status":"closed","ping_status":"closed","template":"elementor_theme","meta":{"_eb_attr":"","footnotes":""},"class_list":["post-14240","page","type-page","status-publish","has-post-thumbnail"],"_links":{"self":[{"href":"https:\/\/travelshelper.com\/cs\/wp-json\/wp\/v2\/pages\/14240","targetHints":{"allow":["GET"]}}],"collection":[{"href":"https:\/\/travelshelper.com\/cs\/wp-json\/wp\/v2\/pages"}],"about":[{"href":"https:\/\/travelshelper.com\/cs\/wp-json\/wp\/v2\/types\/page"}],"author":[{"embeddable":true,"href":"https:\/\/travelshelper.com\/cs\/wp-json\/wp\/v2\/users\/1"}],"replies":[{"embeddable":true,"href":"https:\/\/travelshelper.com\/cs\/wp-json\/wp\/v2\/comments?post=14240"}],"version-history":[{"count":0,"href":"https:\/\/travelshelper.com\/cs\/wp-json\/wp\/v2\/pages\/14240\/revisions"}],"up":[{"embeddable":true,"href":"https:\/\/travelshelper.com\/cs\/wp-json\/wp\/v2\/pages\/24078"}],"wp:featuredmedia":[{"embeddable":true,"href":"https:\/\/travelshelper.com\/cs\/wp-json\/wp\/v2\/media\/3347"}],"wp:attachment":[{"href":"https:\/\/travelshelper.com\/cs\/wp-json\/wp\/v2\/media?parent=14240"}],"curies":[{"name":"wp","href":"https:\/\/api.w.org\/{rel}","templated":true}]}}