{"id":13934,"date":"2024-09-18T13:52:16","date_gmt":"2024-09-18T13:52:16","guid":{"rendered":"https:\/\/travelshelper.com\/staging\/?page_id=13934"},"modified":"2026-03-11T23:36:51","modified_gmt":"2026-03-11T23:36:51","slug":"lahti","status":"publish","type":"page","link":"https:\/\/travelshelper.com\/cs\/destinations\/europe\/finland\/lahti\/","title":{"rendered":"Lahti"},"content":{"rendered":"<p>Lahti, le\u017e\u00edc\u00ed na ji\u017en\u00edm b\u0159ehu jezera Vesij\u00e4rvi, asi 100 kilometr\u016f severov\u00fdchodn\u011b od Helsinek, je m\u011bstem pln\u00fdch kontrast\u016f: pr\u016fmyslov\u00e9ho d\u011bdictv\u00ed zm\u00edrn\u011bn\u00e9ho pr\u016fkopnick\u00fdm p\u0159\u00edstupem k \u017eivotn\u00edmu prost\u0159ed\u00ed, region\u00e1ln\u00edho centra se 121 000 obyvateli, kter\u00e9 pulzuje na k\u0159i\u017eovatce hlavn\u00edch finsk\u00fdch d\u00e1lnic a \u017eelezni\u010dn\u00edch trat\u00ed, a kulturn\u00edho centra, jeho\u017e symfonick\u00fd orchestr a \u0161pi\u010dkov\u00e1 architektura l\u00e1kaj\u00ed n\u00e1v\u0161t\u011bvn\u00edky zpoza zelen\u00fdch h\u0159eben\u016f Salpausselk\u00e4. Ve sv\u00e9m kompaktn\u00edm m\u011bstsk\u00e9m rozlo\u017een\u00ed zahrnuje Lahti prvn\u00ed esker Salpausselk\u00e4, skalnat\u00e9 kopce p\u0159ech\u00e1zej\u00edc\u00ed do rozt\u0159\u00ed\u0161t\u011bn\u00fdch jezer na severu a lesy bohat\u00e9 na j\u00edl a klikat\u00e9 potoky na jihu. Jeho identita, zapouzd\u0159en\u00e1 erbem zobrazuj\u00edc\u00edm kolo vlaku ovinut\u00e9 plameny, hovo\u0159\u00ed o zrodu m\u011bsta na k\u0159i\u017eovatce \u017eeleznice Riihim\u00e4ki\u2013Petrohrad \u2013 po\u017e\u00e1ru pr\u016fmyslu a aspirac\u00ed, kter\u00fd formoval jeho charakter od konce devaten\u00e1ct\u00e9ho stolet\u00ed.<\/p>\n<p>Lahti, le\u017e\u00edc\u00ed v m\u00edst\u011b, kde se d\u00e1lnice \u010d. 4 setk\u00e1v\u00e1 s d\u00e1lnic\u00ed \u010d. 12, dlouhodob\u011b slou\u017e\u00ed jako logistick\u00fd uzel mezi Helsinkami a Jyv\u00e4skyl\u00e4, Tampere a Kouvolou a d\u00e1le do Ruska a st\u0159edn\u00edho Finska p\u0159es jezero P\u00e4ij\u00e4nne. Jeho tr\u017en\u00ed n\u00e1m\u011bst\u00ed a modern\u00ed Cestovn\u00ed centrum, dokon\u010den\u00e9 v roce 2016 vedle vlakov\u00e9ho n\u00e1dra\u017e\u00ed z roku 1935, spojuj\u00ed m\u00edstn\u00ed a d\u00e1lkov\u00e9 autobusy, p\u0159\u00edm\u011bstsk\u00e9 a mezim\u011bstsk\u00e9 vlaky a dokonce i automatizovan\u00e9 parkov\u00e1n\u00ed, \u010d\u00edm\u017e propojuj\u00ed mobilitu s obnovou m\u011bst. Hodinov\u00fd vlak VR Z do Helsinek, vlak G do Riihim\u00e4ki a t\u0159ikr\u00e1t denn\u011b jezd\u00edc\u00ed spoje do Kouvoly sv\u011bd\u010d\u00ed o trval\u00e9 roli Lahti jako dopravn\u00edho uzlu; n\u00e1vrhy na nov\u00e9 zast\u00e1vky v Hennale a Karisto odr\u00e1\u017eej\u00ed ambice roz\u0161\u00ed\u0159it propojen\u00ed v r\u00e1mci m\u011bsta, i kdy\u017e pl\u00e1ny na p\u0159\u00edm\u00e9 spojen\u00ed na v\u00fdchod do Heinoly nebo Jyv\u00e4skyl\u00e4 \u010dekaj\u00ed na \u0161ir\u0161\u00ed finan\u010dn\u00ed z\u00e1vazek.<\/p>\n<p>Demografick\u00e9 pl\u00e1tno Lahti je stejn\u011b strukturovan\u00e9 jako jeho ter\u00e9n. Na za\u010d\u00e1tku roku 2025 p\u0159edstavovalo 121 386 obyvatel m\u011bsta zhruba dv\u011b procenta finsk\u00e9 populace, p\u0159i\u010dem\u017e \u0161ir\u0161\u00ed subregion dosahoval v\u00edce ne\u017e 204 000 du\u0161\u00ed. P\u0159evl\u00e1d\u00e1 finsk\u00fd monolingvismus \u2013 89,2 procenta mluv\u00ed finsky jako prvn\u00edm jazykem, zat\u00edmco \u0161v\u00e9dsky mluv\u00edc\u00edch je m\u00e9n\u011b ne\u017e \u0161est set \u2013 ale funk\u010dn\u00ed bilingvismus nebo trilingvismus je b\u011b\u017en\u00fd, \u017eiven\u00fd povinnou v\u00fdukou angli\u010dtiny a \u0161v\u00e9d\u0161tiny. V ulic\u00edch Lahti se oz\u00fdv\u00e1 nejm\u00e9n\u011b sto dal\u0161\u00edch jazyk\u016f, v \u010dele s ru\u0161tinou (2,8 procenta), arab\u0161tinou (1,1 procenta), eston\u0161tinou a ukrajin\u0161tinou, co\u017e sv\u011bd\u010d\u00ed o skromn\u00e9, ale znateln\u00e9 rozmanitosti srovnateln\u00e9 s celost\u00e1tn\u00edm pr\u016fm\u011brem mimo metropolitn\u00ed oblast Helsinek. Z n\u00e1bo\u017eensk\u00e9ho hlediska si evangelick\u00e1 luter\u00e1nsk\u00e1 c\u00edrkev udr\u017euje v\u011bt\u0161inu s n\u011bco m\u00e1lo p\u0159es \u0161edes\u00e1ti procenty, zat\u00edmco 36,5 procenta se nehl\u00e1s\u00ed k \u017e\u00e1dn\u00e9 p\u0159\u00edslu\u0161nosti a zbytek tvo\u0159\u00ed men\u0161\u00ed komunity.<\/p>\n<p>Klimaticky se Lahti vyzna\u010duje vlhk\u00fdm kontinent\u00e1ln\u00edm re\u017eimem s tepl\u00fdmi l\u00e9ty \u2013 \u010dervencov\u00e9 dny b\u011b\u017en\u011b p\u0159esahuj\u00ed 23 \u00b0C a b\u011bhem vlny veder v roce 2010 dosahuj\u00ed vrcholu 35,0 \u00b0C \u2013 a zimami, kter\u00e9 jsou sice dlouh\u00e9 a \u010dasto zasn\u011b\u017een\u00e9, ale v posledn\u00edch desetilet\u00edch vlivem glob\u00e1ln\u00edho oteplov\u00e1n\u00ed zm\u011bk\u010dily. Sr\u00e1\u017eky padaj\u00ed po cel\u00fd rok relativn\u011b rovnom\u011brn\u011b, s men\u0161\u00edmi sr\u00e1\u017ekami pouze na ja\u0159e a s intenzivn\u011bj\u0161\u00edmi sr\u00e1\u017ekami na podzim a za\u010d\u00e1tkem zimy. Klidn\u00e9 vody Vesij\u00e4rvi m\u00edrn\u00ed teplotn\u00ed v\u00fdkyvy, zat\u00edmco men\u0161\u00ed Pikku-Vesij\u00e4rvi, le\u017e\u00edc\u00ed vedle Lanu-puisto, nab\u00edz\u00ed intimn\u00ed kontrast k v\u00fdhled\u016fm z v\u011bt\u0161\u00edho jezera.<\/p>\n<p>Ekonomick\u00fd osud Lahti st\u0159\u00eddav\u011b kol\u00edsal. Lahti, kter\u00e9mu se kdysi p\u0159ezd\u00edvalo \u201efinsk\u00e9 Chicago\u201c pro jeho historick\u00fd masn\u00fd pr\u016fmysl a obdoby m\u011bstsk\u00fdch t\u011b\u017ekost\u00ed, za\u017eilo na za\u010d\u00e1tku 90. let prudk\u00fd pokles, kdy\u017e kolaps finsko-sov\u011btsk\u00e9ho obchodu a celost\u00e1tn\u00ed recese zru\u0161ily p\u0159ibli\u017en\u011b 20 000 pracovn\u00edch m\u00edst ve zpracovatelsk\u00e9m pr\u016fmyslu, textiln\u00edm pr\u016fmyslu a n\u00e1bytku. Z nadiru m\u00e9n\u011b ne\u017e 70 000 region\u00e1ln\u00edch pracovn\u00edch m\u00edst v roce 1993 bylo o\u017eiven\u00ed postupn\u00e9 \u2013 do roku 1999 se jejich po\u010det pohyboval necel\u00fdch 80 000. Tato nep\u0159\u00edze\u0148 osudu v\u0161ak podn\u00edtila p\u0159erod: environment\u00e1ln\u00ed iniciativy z konce 80. let 20. stolet\u00ed dosp\u011bly v roce 2021 do ocen\u011bn\u00ed Zelen\u00e9 m\u011bsto Evropy, kter\u00e9 symbolizuje z\u00e1vazek k obnoviteln\u00fdm zdroj\u016fm energie, sni\u017eov\u00e1n\u00ed odpadu a udr\u017eiteln\u00e9 doprav\u011b.<\/p>\n<p>Kulturn\u00ed ambice se projevuj\u00ed ve d\u0159ev\u011b a skle. Sibelius Hall, dokon\u010den\u00fd v roce 2000 podle n\u00e1vrhu Kimma Lintuly a Hannu Tikky, prom\u011b\u0148uje b\u00fdvalou tesa\u0159skou tov\u00e1rnu v nejv\u011bt\u0161\u00ed d\u0159ev\u011bnou budovu Finska za posledn\u00ed stolet\u00ed. Jeho Hlavn\u00ed s\u00e1l, proslul\u00fd svou teplou akustikou, se nach\u00e1z\u00ed ve stejn\u00e9m prostoru jako kongresov\u00e9 k\u0159\u00eddlo a Lesn\u00ed s\u00e1l s otev\u0159en\u00fdm r\u00e1mem, jeho\u017e okna r\u00e1muj\u00ed rozlohu Vesij\u00e4rvi. Sinfonia Lahti, reziden\u010dn\u00ed orchestr s\u00e1lu, si z\u00edskal mezin\u00e1rodn\u00ed uzn\u00e1n\u00ed za interpretace d\u00edla Jeana Sibeliuse i dal\u0161\u00edch d\u011bl a z\u00edskal pozv\u00e1nky od BBC Radio 3 a do sout\u011b\u017e\u00ed po cel\u00e9m sv\u011bt\u011b. Hudebn\u00ed kalend\u00e1\u0159 m\u011bsta se ka\u017edoro\u010dn\u011b rozr\u016fst\u00e1 o Varhann\u00ed festival na historick\u00e9m n\u00e1m\u011bst\u00ed, jazzov\u00e9 setk\u00e1n\u00ed, kter\u00e9 se nese dl\u00e1\u017ed\u011bn\u00fdmi ulicemi, a samotn\u00fd Sibelius Festival, kter\u00fd vzd\u00e1v\u00e1 hold finsk\u00e9mu legend\u00e1rn\u00edmu skladateli uprost\u0159ed p\u0159etrv\u00e1vaj\u00edc\u00edho letn\u00edho sv\u011btla.<\/p>\n<p>Dominanty ob\u010dansk\u00e9 hrdosti sahaj\u00ed i za hranice Sibeliovy haly. Radnice Eliela Saarinena z roku 1911 vrh\u00e1 d\u016fstojnou siluetu nad dopravn\u00edmi tepnami, zat\u00edmco kostel Svat\u00e9ho k\u0159\u00ed\u017ee (1978) od Alvara Aalta je p\u0159\u00edkladem jeho stroh\u00e9ho modernismu v klenut\u00e9m betonu. \u00dactyhodn\u00fd kostel Nastola z roku 1804 a kostel Joutj\u00e4rvi hovo\u0159\u00ed o d\u0159\u00edv\u011bj\u0161\u00edch epoch\u00e1ch a kontrastuj\u00ed s M\u011bstsk\u00fdm divadlem Pekky Salminena z roku 1983 a Knihovnou Arta Sipinena z roku 1990, kde sv\u011btlo a d\u0159evo obklopuj\u00ed police a \u010dten\u00e1\u0159e v tich\u00e9m rozj\u00edm\u00e1n\u00ed. Klav\u00edrn\u00ed pavilon (2008) Gerta Wing\u00e5rdha a Cestovn\u00ed centrum JKMM z roku 2016 dod\u00e1vaj\u00ed modern\u00ed prvky, zat\u00edmco drobn\u00e9 intervence dr\u017eitel\u016f ceny Spirit of Wood Kenga Kumy a Richarda Leplastriera vyjad\u0159uj\u00ed pokra\u010duj\u00edc\u00ed dialog mezi glob\u00e1ln\u00edm designem a m\u00edstn\u00edmi materi\u00e1ly.<\/p>\n<p>Krom\u011b architektury a dopravy se nab\u00eddka volno\u010dasov\u00fdch aktivit v Lahti rozprost\u00edr\u00e1 v ka\u017ed\u00e9 \u010dtvrti. V p\u0159\u00edstavn\u00ed oblasti vedle Sibelius Hall se kav\u00e1rny a bary t\u00e1hnou a\u017e k promen\u00e1d\u00e1m, co\u017e odr\u00e1\u017e\u00ed soust\u0159ed\u011bn\u00e9 \u00fasil\u00ed o p\u0159em\u011bnu n\u00e1b\u0159e\u017e\u00ed na m\u00edsto pro setk\u00e1v\u00e1n\u00ed a p\u0159\u00e1telsk\u00e9 ch\u016fzi. Odtud se po Vesij\u00e4rvi propluje zachoval\u00fd kolesov\u00fd parn\u00edk, kter\u00fd nab\u00edz\u00ed pohled na pob\u0159e\u017en\u00ed chaty a pl\u00e1\u017ee lemovan\u00e9 borovicemi. Radiom\u00e4ki, stejnojmenn\u00fd rozhlasov\u00fd pahorek m\u011bsta, nab\u00edz\u00ed muzeum ran\u00e9ho vys\u00edlac\u00edho za\u0159\u00edzen\u00ed spolu s dv\u011bma dlouhovlnn\u00fdmi sto\u017e\u00e1ry, kter\u00e9 zdob\u00ed panorama m\u011bsta a p\u0159ipom\u00ednaj\u00ed roli Lahti v elektrifikaci venkova a historii m\u00e9di\u00ed ve Finsku.<\/p>\n<p>Um\u011bn\u00ed a historie se v centru m\u011bsta prol\u00ednaj\u00ed bl\u00edzko: Historick\u00e9 muzeum na Lahdenkatu mapuje rozvoj m\u011bsta prost\u0159ednictv\u00edm artefakt\u016f a expon\u00e1t\u016f, zat\u00edmco Muzeum um\u011bn\u00ed na Vesij\u00e4rvenkatu host\u00ed st\u0159\u00eddav\u00e9 expozice finsk\u00fdch a mezin\u00e1rodn\u00edch mal\u00ed\u0159\u016f. Milovn\u00edci motorismu najdou jedin\u00e9 finsk\u00e9 muzeum motocykl\u016f na Veist\u00e4m\u00f6nkatu, kde bly\u0161tiv\u00e9 stroje sleduj\u00ed v\u00fdvoj dvoukolov\u00fdch vozidel od pr\u016fkopnick\u00fdch model\u016f a\u017e po sou\u010dasnou klasiku. Pro rodiny s d\u011btmi je tu m\u011bstsk\u00fd vl\u00e1\u010dek Puksu, kter\u00fd proj\u00ed\u017ed\u00ed p\u0159\u00edstavem Vesij\u00e4rvi, parkem Laune a zv\u00ed\u0159ec\u00edm dvorem 4H, kde venkovsk\u00e1 zv\u00ed\u0159ata nab\u00edzej\u00ed pastvinn\u00fd kontrast k m\u011bstsk\u00fdm ulic\u00edm.<\/p>\n<p>Sportovn\u00ed centrum, kde obzoru dominuj\u00ed skokansk\u00e9 m\u016fstky a muzeum zachycuje bohatou historii Lahti v oblasti zimn\u00edch sport\u016f, nab\u00edz\u00ed spoustu mo\u017enost\u00ed aktivn\u00edho vy\u017eit\u00ed. V l\u00e9t\u011b se u z\u00e1kladny skokansk\u00e9ho m\u016fstku nach\u00e1z\u00ed venkovn\u00ed baz\u00e9n, jeho\u017e hlubok\u00e1 \u010d\u00e1st sah\u00e1 a\u017e t\u0159i metry pod impozantn\u00ed rampu. Nedaleko se nach\u00e1z\u00ed fotbalov\u00fd stadion Lahden Stadion, kde se kon\u00e1 sez\u00f3na Ykk\u00f6sliiga pro FC Lahti, zat\u00edmco sportovn\u00ed park Kisapuisto zve na tenis, volejbal, baseball a dal\u0161\u00ed aktivity, a\u0165 u\u017e uvnit\u0159 nebo venku. M\u011bstsk\u00e1 plaveck\u00e1 hala na Svinhufvudinkatu roz\u0161i\u0159uje vodn\u00ed wellness o terapeutick\u00e9 baz\u00e9ny, parn\u00ed sauny a v\u00ed\u0159ivky.<\/p>\n<p>Pro v\u00fdlety za hranice m\u011bsta voz\u00ed nad\u0161ence do Heinoly parn\u00ed lokomotiva po vy\u0159azen\u00e9 37kilometrov\u00e9 trati, zat\u00edmco p\u016fj\u010dovna lod\u00ed v p\u0159\u00edstavu Niemi \u2013 od vesla\u0159sk\u00fdch plavidel a\u017e po paddleboardy \u2013 d\u00e1v\u00e1 host\u016fm k dispozici klidnou z\u00e1toku Vesij\u00e4rvi. Plavby P\u00e4ij\u00e4nneristeilyt se vyd\u00e1vaj\u00ed kan\u00e1lem V\u00e4\u00e4ksy k jezeru P\u00e4ij\u00e4nne a nab\u00edzej\u00ed ob\u011bdy a ve\u010de\u0159e nebo celodenn\u00ed plavby do Heinoly nebo Jyv\u00e4skyl\u00e4 na vzd\u00e1len\u00e9m konci jezera. L\u00e1kaj\u00ed i vnitrozemsk\u00e9 stezky: rekrea\u010dn\u00ed oblast Salpausselk\u00e4 nab\u00edz\u00ed des\u00edtky kilometr\u016f stezek pro p\u011b\u0161\u00ed turistiku, cyklistiku a v zim\u011b i b\u011b\u017eeck\u00e9 ly\u017eov\u00e1n\u00ed.<\/p>\n<p>M\u011bstsk\u00e1 zele\u0148 se rozprost\u00edr\u00e1 a\u017e k rodinn\u00e9mu parku Laune, kde d\u011bti \u0159\u00edd\u00ed mini dopravn\u00ed okruhy na kolech a vodn\u00ed prvky l\u00e1kaj\u00ed k objevov\u00e1n\u00ed pod dohledem rodi\u010d\u016f. V Pikku-Vesij\u00e4rvi ka\u017ed\u00e9 odpoledne hraje vodn\u00ed varhann\u00ed font\u00e1na choreografii hudby a trysek, kter\u00e9 nad mal\u00fdm skaln\u00edm amfite\u00e1trem rozprost\u00edraj\u00ed melodii. Pl\u00e1\u017e Ankkuri, kilometr severn\u011b od p\u0159\u00edstavu, nab\u00edz\u00ed koup\u00e1n\u00ed uprost\u0159ed \u0161aten a pob\u0159e\u017en\u00ed zelen\u011b, jej\u00ed\u017e kvalita vody je symbolem postupn\u00e9ho ekologick\u00e9ho o\u017eiven\u00ed Vesij\u00e4rvi.<\/p>\n<p>Lahti ka\u017edoro\u010dn\u011b zavr\u0161uj\u00ed festivaly. V zim\u011b se konaj\u00ed Salpaussel\u00e4nsk\u00e9 hry, mezin\u00e1rodn\u00ed mistrovstv\u00ed ve skokech na ly\u017e\u00edch a seversk\u00fdch z\u00e1vodech, kter\u00e9 l\u00e1k\u00e1 sportovce i div\u00e1ky na ty\u010d\u00edc\u00ed se kopce sportovn\u00edho centra. Jarn\u00ed Classic Motor Show p\u0159edstavuje sb\u011bratelsk\u00e9 vozy a motocykly ze zlat\u00e9ho v\u011bku americk\u00e9ho designu, jejich\u017e le\u0161t\u011bn\u00fd chrom a dun\u011bn\u00ed vidlicov\u00fdch osmiv\u00e1lc\u016f napl\u0148uj\u00ed halu Lahti nostalgickou vzne\u0161enost\u00ed. Po cel\u00fd rok se zde konaj\u00ed men\u0161\u00ed koncerty, v\u00fdstavy a komunitn\u00ed setk\u00e1n\u00ed, kter\u00e9 vyjad\u0159uj\u00ed ob\u010dansk\u00fd \u017eivot, jen\u017e vyva\u017euje reflexivn\u00ed klid s pilnou energi\u00ed.<\/p>\n<p>V\u00fdvoj Lahti z nov\u011b vznikaj\u00edc\u00edho \u017eelezni\u010dn\u00edho uzlu v region\u00e1ln\u00ed hlavn\u00ed m\u011bsto kultury a udr\u017eitelnosti ilustruje odolnost i p\u0159em\u011bnu. Jeho \u0161irok\u00e9 t\u0159\u00eddy, prokl\u00e1dan\u00e9 modernistick\u00fdmi m\u011bstsk\u00fdmi pam\u00e1tkami, hrani\u010dn\u00ed lesy, kde se h\u0159ebeny Salpausselk\u00e4 obloukem t\u00e1hnou k obzoru. Promen\u00e1dy u jezera, kdysi dom\u00e9na naklada\u010d\u016f a balic\u00edch hal, nyn\u00ed host\u00ed orchestr\u00e1ln\u00ed ve\u010d\u00edrky a letn\u00ed ve\u010de\u0159e. A\u010dkoli v p\u0159\u00edm\u011bstsk\u00fdch tov\u00e1rn\u00e1ch a vzpom\u00ednk\u00e1ch na hospod\u00e1\u0159sk\u00e9 poklesy p\u0159etrv\u00e1v\u00e1 odkaz str\u00e1d\u00e1n\u00ed, Lahti vetkal tuto historii do p\u0159\u00edb\u011bhu obnovy. Tich\u00e9 sebev\u011bdom\u00ed m\u011bsta nepramen\u00ed z nespoutan\u00e9 pod\u00edvan\u00e9, ale z autenticity: precizn\u00ed v detailu, up\u0159\u00edmn\u00e9 v pozorov\u00e1n\u00ed, hum\u00e1nn\u00ed v zam\u011b\u0159en\u00ed \u2013 m\u00edsto, kde mihot\u00e1n\u00ed vlakov\u00fdch kol v erbu st\u00e1le rezonuje pod borovicemi a vol\u00e1 n\u00e1v\u0161t\u011bvn\u00edky, aby se pod\u00edvali za z\u00e1liv.<\/p>","protected":false},"excerpt":{"rendered":"<p>Lahti, m\u011bsto le\u017e\u00edc\u00ed ve finsk\u00e9 malebn\u00e9 oblasti Lakeland, je p\u0159\u00edkladem n\u00e1rodn\u00edho kulturn\u00edho d\u011bdictv\u00ed a sou\u010dasn\u00e9ho m\u011bstsk\u00e9ho r\u016fstu. Nach\u00e1z\u00ed se asi 100 kilometr\u016f severov\u00fdchodn\u011b od Helsinek, hlavn\u00edho m\u011bsta, Lahti funguje jako region\u00e1ln\u00ed hlavn\u00ed m\u011bsto P\u00e4ij\u00e4t-H\u00e4me. S populac\u00ed kolem 121 000 obyvatel je dev\u00e1tou nejlidnat\u011bj\u0161\u00ed obc\u00ed ve Finsku a \u0161estou nejlidnat\u011bj\u0161\u00ed m\u011bstskou oblast\u00ed v zemi. V\u011bt\u0161\u00ed subregion zahrnuj\u00edc\u00ed Lahti m\u00e1 v\u00edce ne\u017e 204 000 obyvatel, co\u017e zd\u016fraz\u0148uje jeho v\u00fdznam jako hlavn\u00edho popula\u010dn\u00edho centra v ji\u017en\u00edm Finsku.<\/p>","protected":false},"author":1,"featured_media":2921,"parent":13916,"menu_order":0,"comment_status":"closed","ping_status":"closed","template":"elementor_theme","meta":{"_eb_attr":"","footnotes":""},"class_list":["post-13934","page","type-page","status-publish","has-post-thumbnail"],"_links":{"self":[{"href":"https:\/\/travelshelper.com\/cs\/wp-json\/wp\/v2\/pages\/13934","targetHints":{"allow":["GET"]}}],"collection":[{"href":"https:\/\/travelshelper.com\/cs\/wp-json\/wp\/v2\/pages"}],"about":[{"href":"https:\/\/travelshelper.com\/cs\/wp-json\/wp\/v2\/types\/page"}],"author":[{"embeddable":true,"href":"https:\/\/travelshelper.com\/cs\/wp-json\/wp\/v2\/users\/1"}],"replies":[{"embeddable":true,"href":"https:\/\/travelshelper.com\/cs\/wp-json\/wp\/v2\/comments?post=13934"}],"version-history":[{"count":0,"href":"https:\/\/travelshelper.com\/cs\/wp-json\/wp\/v2\/pages\/13934\/revisions"}],"up":[{"embeddable":true,"href":"https:\/\/travelshelper.com\/cs\/wp-json\/wp\/v2\/pages\/13916"}],"wp:featuredmedia":[{"embeddable":true,"href":"https:\/\/travelshelper.com\/cs\/wp-json\/wp\/v2\/media\/2921"}],"wp:attachment":[{"href":"https:\/\/travelshelper.com\/cs\/wp-json\/wp\/v2\/media?parent=13934"}],"curies":[{"name":"wp","href":"https:\/\/api.w.org\/{rel}","templated":true}]}}