{"id":13916,"date":"2024-09-18T13:37:58","date_gmt":"2024-09-18T13:37:58","guid":{"rendered":"https:\/\/travelshelper.com\/staging\/?page_id=13916"},"modified":"2026-03-11T23:42:24","modified_gmt":"2026-03-11T23:42:24","slug":"finsko","status":"publish","type":"page","link":"https:\/\/travelshelper.com\/cs\/destinations\/europe\/finland\/","title":{"rendered":"Finsko"},"content":{"rendered":"<p>Finsko, zem\u011b \u0161t\u011bdr\u00e1 i z\u00e1rove\u0148 \u0161t\u011bdr\u00e1, se rozkl\u00e1d\u00e1 na severn\u00edch kon\u010din\u00e1ch Evropy, hrani\u010d\u00ed se \u0160v\u00e9dskem, Norskem a Ruskem a je ohrani\u010dena Botnick\u00fdm a Finsk\u00fdm z\u00e1livem. Tato republika s 5,6 miliony obyvatel spojuje klid a pohyb s promy\u0161lenou hospod\u00e1rnost\u00ed gest. Pod tichou z\u00e1v\u011bj\u00ed sn\u011bhu na severu a v\u00e1hav\u00fdm teplem ji\u017en\u00edho slunce p\u0159edstavuje Finsko jedine\u010dnou sm\u011bs geologick\u00e9 trp\u011blivosti, jazykov\u00e9 specifi\u010dnosti, soci\u00e1ln\u00edho pokroku a kulturn\u00ed zdr\u017eenlivosti \u2013 vlastnost\u00ed, kter\u00e9 formovaly jeho identitu od prvn\u00edch lidsk\u00fdch stop na konci posledn\u00ed doby ledov\u00e9 a\u017e po jeho pozici modern\u00ed, otev\u0159en\u00e9 spole\u010dnosti.<\/p>\n<p>Pl\u00e1tno bore\u00e1ln\u00edho lesa ustupuje v\u00edce ne\u017e 180 000 jezer\u016fm, jejich\u017e hladk\u00e9 povrchy p\u0159eru\u0161uj\u00ed pouze \u0161t\u00edhl\u00e9 linie mor\u00e9nov\u00fdch h\u0159eben\u016f \u2013 dlouh\u00fdch, \u0161t\u011brkov\u00fdch poz\u016fstatk\u016f postupu ledovc\u016f. Samotn\u00e1 krajina se st\u00e1le zved\u00e1, postglaci\u00e1ln\u00ed odraz posouv\u00e1 star\u00e1 mo\u0159sk\u00e1 dna k nebi rychlost\u00ed zhruba jeden centimetr za rok kolem Botnick\u00e9ho z\u00e1livu a nepatrn\u011b roz\u0161i\u0159uje rozlohu zem\u011b. \u017dula, v\u0161udyp\u0159\u00edtomn\u00e1 a bez ozdob, se objevuje v\u0161ude, kde se p\u016fda zten\u010duje, a uzem\u0148uje finskou krajinu v pocitu nen\u00e1padn\u00e9 trvalosti. Borovice a smrky se ty\u010d\u00ed nad b\u0159\u00edzami a ol\u0161emi, jejich ko\u0159eny jsou propleteny ra\u0161elinou a \u0159\u00edmsou v p\u016fd\u00e1ch p\u0159\u00edli\u0161 m\u011blk\u00fdch na cokoli jin\u00e9ho. V t\u00e9to tich\u00e9 architektu\u0159e p\u0159\u00edrody vynik\u00e1 oblast Jezern\u00ed oblasti: s\u00ed\u0165 vnitrozemsk\u00fdch jezer obklopen\u00e1 m\u011bsty jako Tampere, Jyv\u00e4skyl\u00e4 a Kuopio, p\u0159i\u010dem\u017e ka\u017ed\u00e1 osada stoj\u00ed na b\u0159ehu, jako by \u010dekala na p\u0159\u00edjezd posla na k\u00e1noi.<\/p>\n<p>Klima ve Finsku je stejn\u011b disciplinovan\u00e9. D\u00edky m\u00edrn\u00e9mu vlivu Golfsk\u00e9ho proudu jsou pob\u0159e\u017en\u00ed zimy m\u00e9n\u011b krut\u00e9 ne\u017e na Sibi\u0159i, ale hranice mrazu zasahuje hluboko do vnitrozem\u00ed. Na jihu se sn\u00edh dr\u017e\u00ed od prosince do b\u0159ezna; d\u00e1le na sever se zimn\u00ed kr\u00e1lovstv\u00ed t\u00e1hne od poloviny \u0159\u00edjna do za\u010d\u00e1tku kv\u011btna, teploty klesaj\u00ed v nejkrut\u011bj\u0161\u00edch \u010dasech a\u017e na m\u00ednus \u010dty\u0159icet stup\u0148\u016f Celsia. L\u00e9to, i kdy\u017e kr\u00e1tk\u00e9, m\u016f\u017ee p\u0159ekvapit poledn\u00edmi teplotami nad t\u0159icet p\u011bt stup\u0148\u016f Celsia. Nad pol\u00e1rn\u00edm kruhem p\u0159in\u00e1\u0161\u00ed l\u00e9to p\u016flno\u010dn\u00ed slunce \u2013 nep\u0159eru\u0161en\u00e9 denn\u00ed sv\u011btlo po cel\u00e9 t\u00fddny \u2013 zat\u00edmco zima nab\u00edz\u00ed jeho prot\u011bj\u0161ek: pol\u00e1rn\u00ed noc, kdy slunce zcela zmiz\u00ed a\u017e na pades\u00e1t jedna dn\u00ed. V Laponsku ustupuje alpsk\u00e1 tundra kopc\u016fm, kter\u00e9 dosahuj\u00ed trojcifern\u00fdch v\u00fd\u0161ek, vrchol Halti dosahuje na norsk\u00fdch hranic\u00edch 1 324 metr\u016f.<\/p>\n<p>Lidsk\u00e1 p\u0159\u00edtomnost ve Finsku sah\u00e1 a\u017e do doby kolem roku 9000 p\u0159. n. l., kdy pr\u016fkopn\u00edci tahali st\u00e1da sob\u016f po taj\u00edc\u00edm ledu. V pr\u016fb\u011bhu tis\u00edcilet\u00ed vznikaly a mizely charakteristick\u00e9 kultury doby kamenn\u00e9, jejich\u017e keramika zna\u010dila plynut\u00ed \u010dasu. Obchod a kontakty v dob\u011b bronzov\u00e9 a \u017eelezn\u00e9 vpletly Finsko do \u0161ir\u0161\u00ed tapiserie Fenoskandin\u00e1vie a baltsk\u00e9ho pob\u0159e\u017e\u00ed. Se severn\u00edmi k\u0159\u00ed\u017eov\u00fdmi v\u00fdpravami na konci 13. stolet\u00ed se Finsko dostalo pod \u0161v\u00e9dskou nadvl\u00e1du, co\u017e trvalo a\u017e do 19. stolet\u00ed. Finsk\u00e1 v\u00e1lka v letech 1808\u20131809 p\u0159enesla svrchovanost na Rusko, p\u0159esto Finsko pod velkokn\u00ed\u017eectv\u00edm p\u011bstovalo sv\u016fj jazyk a um\u011bn\u00ed, \u010d\u00edm\u017e rozdm\u00fdchalo prvn\u00ed uhl\u00edky nacionalismu. Helsinky, pov\u00fd\u0161en\u00e9 na hlavn\u00ed m\u011bsto v roce 1812, se staly centrem ob\u010dansk\u00fdch aspirac\u00ed, kter\u00e9 vyvrcholily prvn\u00edm v\u0161eobecn\u00fdm volebn\u00edm pr\u00e1vem v Evrop\u011b v roce 1906 \u2013 bezprecedentn\u00edm ud\u011blen\u00edm politick\u00fdch pr\u00e1v, kter\u00e1 zahrnovala pr\u00e1vo kandidovat na ve\u0159ejn\u00e9 funkce.<\/p>\n<p>Nez\u00e1vislost dorazila uprost\u0159ed ot\u0159es\u016f v roce 1917 a kr\u00e1tk\u00e1 ob\u010dansk\u00e1 v\u00e1lka v roce 1918 potvrdila sm\u011b\u0159ov\u00e1n\u00ed republiky. Finsko vstoupilo do 20. stolet\u00ed jako mal\u00fd st\u00e1t na rozlehl\u00e9 hranici a zachovalo si demokracii, i kdy\u017e \u010delilo Sov\u011btsk\u00e9mu svazu v Zimn\u00ed v\u00e1lce v letech 1939\u20131940 a znovu b\u011bhem pokra\u010dovac\u00ed v\u00e1lky. Posledn\u00ed konflikt proti n\u011bmeck\u00fdm sil\u00e1m v Laponsku zpe\u010detil finskou neutralitu a \u00fazemn\u00ed ztr\u00e1ty na v\u00fdchod\u011b, p\u0159esto demokracie a n\u00e1rodn\u00ed soudr\u017enost p\u0159etrvaly. V pov\u00e1le\u010dn\u00fdch desetilet\u00edch se agr\u00e1rn\u00ed spole\u010dnost rychle transformovala. V 50. letech 20. stolet\u00ed industrializace a p\u0159ijet\u00ed seversk\u00e9ho modelu soci\u00e1ln\u00edho zabezpe\u010den\u00ed podpo\u0159ily rostouc\u00ed p\u0159\u00edjem na obyvatele a komplexn\u00ed s\u00ed\u0165 soci\u00e1ln\u00edho zabezpe\u010den\u00ed. Dnes finsk\u00e1 ekonomika prosperuje v Evropsk\u00e9 unii, od roku 1999 v euroz\u00f3n\u011b a od roku 2023 jako \u010dlen NATO, a vyzna\u010duje se robustn\u00edmi v\u00fdsledky v oblasti vzd\u011bl\u00e1v\u00e1n\u00ed, ob\u010dansk\u00fdch svobod a lidsk\u00e9ho rozvoje.<\/p>\n<p>Administrativn\u011b se republika skl\u00e1d\u00e1 z devaten\u00e1cti region\u016f, kter\u00e9 \u0159\u00edd\u00ed rady obecn\u00edch z\u00e1stupc\u016f. Tyto org\u00e1ny koordinuj\u00ed pl\u00e1nov\u00e1n\u00ed, rozvoj podnik\u00e1n\u00ed a vzd\u011bl\u00e1v\u00e1n\u00ed, zat\u00edmco st\u00e1tn\u00ed centra pro zam\u011bstnanost a hospod\u00e1\u0159sk\u00fd rozvoj dohl\u00ed\u017eej\u00ed na pr\u00e1ci, zem\u011bd\u011blstv\u00ed, rybolov a lesnictv\u00ed na \u00farovni kraj\u016f. Historick\u00e9 provincie \u2013 Tavastia, Kar\u00e9lie, Ostrobothnia a Savonie \u2013 si zachov\u00e1vaj\u00ed m\u00edstn\u00ed identitu, ale form\u00e1ln\u00ed rozd\u011blen\u00ed se nyn\u00ed \u0159\u00edd\u00ed pragmatick\u00fdmi liniemi spr\u00e1vy. Finsk\u00fd nomin\u00e1ln\u00ed HDP na obyvatele se \u0159ad\u00ed mezi nejvy\u0161\u0161\u00ed sv\u011btov\u00e9 \u00farovn\u011b; slu\u017eby se pod\u00edlej\u00ed dv\u011bma t\u0159etinami produkce, zpracovatelsk\u00fd pr\u016fmysl a rafinace necelou t\u0159etinou a prim\u00e1rn\u00ed produkce necel\u00fdmi t\u0159emi procenty. Elektronika, technick\u00e9 kovov\u00e9 v\u00fdrobky, lesnick\u00fd pr\u016fmysl a chemik\u00e1lie dlouhodob\u011b podporuj\u00ed r\u016fst ta\u017een\u00fd exportem, zat\u00edmco indexy inovac\u00ed \u0159ad\u00ed Finsko trvale mezi deset nejlep\u0161\u00edch na sv\u011bt\u011b.<\/p>\n<p>P\u0159\u00edrodn\u00ed zdroje z\u016fst\u00e1vaj\u00ed \u00fast\u0159edn\u00edm bodem. Lesy pokr\u00fdvaj\u00ed t\u0159i \u010dtvrtiny \u00fazem\u00ed, podporuj\u00ed nejv\u011bt\u0161\u00ed evropskou produkci d\u0159eva a z\u00e1sobuj\u00ed celul\u00f3zky a pap\u00edrny jak dom\u00e1c\u00edm podnik\u016fm, tak i mezin\u00e1rodn\u00edm trh\u016fm. Miner\u00e1ly \u2013 \u017eelezo, chrom, m\u011b\u010f, nikl a zlato \u2013 se t\u011b\u017e\u00ed pod\u00e9l t\u0159pytiv\u00fdch vod dolu Kittil\u00e4 v severn\u00edm Laponsku, nejv\u00fdznamn\u011bj\u0161\u00edho evropsk\u00e9ho nalezi\u0161t\u011b prim\u00e1rn\u00edho zlata. Zem\u011bd\u011blstv\u00ed, omezen\u00e9 zem\u011bpisnou \u0161\u00ed\u0159kou a p\u016fdou, se t\u00fdk\u00e1 pouze nejji\u017en\u011bj\u0161\u00edch oblast\u00ed; fin\u0161t\u00ed zem\u011bd\u011blci se pot\u00fdkaj\u00ed s kr\u00e1tkou vegeta\u010dn\u00ed dobou a pou\u017e\u00edvaj\u00ed rychle dozr\u00e1vaj\u00edc\u00ed odr\u016fdy, svahy orientovan\u00e9 na jih a pe\u010dliv\u00e9 odvodn\u011bn\u00ed k ochran\u011b v\u00fdnos\u016f. V\u00fdsledkem je \u00farove\u0148 efektivity, kter\u00e1 je v takov\u00fdch zem\u011bpisn\u00fdch \u0161\u00ed\u0159k\u00e1ch vz\u00e1cn\u00e1, p\u0159i\u010dem\u017e p\u011bstov\u00e1n\u00ed obilovin na severu ustupuje chovu zv\u00ed\u0159at.<\/p>\n<p>Infrastruktura propojuje rozs\u00e1hl\u00e9 prostory. Leti\u0161t\u011b v Helsink\u00e1ch v roce 2023 odbavilo p\u0159es patn\u00e1ct milion\u016f cestuj\u00edc\u00edch a je uzlem pro Finnair i region\u00e1ln\u00ed dopravce. \u017delezni\u010dn\u00ed trat\u011b, udr\u017eovan\u00e9 ze st\u00e1tn\u00edch prost\u0159edk\u016f, vedou pod\u00e9l Finsk\u00e9 hlavn\u00ed trati v d\u00e9lce v\u00edce ne\u017e osm set kilometr\u016f, p\u0159i\u010dem\u017e osobn\u00ed a n\u00e1kladn\u00ed dopravu zaji\u0161\u0165uje skupina VR. Helsinky se py\u0161n\u00ed nejsevern\u011bj\u0161\u00ed s\u00edt\u00ed metra na sv\u011bt\u011b, kter\u00e1 byla slavnostn\u011b otev\u0159ena v roce 1982. Silnice \u2013 mezi nimi\u017e jsou d\u00e1lnice Turku, Tampere a Lahti \u2013 nesou v\u011bt\u0161inu vnitrost\u00e1tn\u00ed dopravy, financovan\u00e9 p\u0159edev\u0161\u00edm z dan\u00ed z vozidel a pohonn\u00fdch hmot. N\u00e1mo\u0159n\u00edch tepen je mnoho: p\u0159\u00edstavy ve Vuosaari, Kotce, Hanku a dal\u0161\u00edch p\u0159epravuj\u00ed kontejnery a hromadn\u00fd n\u00e1klad, zat\u00edmco trajekty pluj\u00ed na kr\u00e1tk\u00e9 trasy do Tallinnu, Mariehamnu, Stockholmu a Travem\u00fcnde, p\u0159i\u010dem\u017e trasa mezi Helsinkami a Tallinnem se \u0159ad\u00ed mezi nejru\u0161n\u011bj\u0161\u00ed osobn\u00ed trasy na sv\u011bt\u011b.<\/p>\n<p>Cestovn\u00ed ruch se rozrostl v odv\u011btv\u00ed s obratem v \u0159\u00e1du miliard eur. Dom\u00e1c\u00ed i zahrani\u010dn\u00ed host\u00e9 se do Laponska hrnou kv\u016fli jeho pol\u00e1rn\u00edm jev\u016fm \u2013 pol\u00e1rn\u00ed z\u00e1\u0159i a p\u016flno\u010dn\u00edmu slunci \u2013 zimn\u00edm sport\u016fm a legend\u00e1m o Santa Clausovi, jeho\u017e stejnojmenn\u00e1 vesnice v Rovaniemi si udr\u017euje celoro\u010dn\u00ed z\u00e1jem. Ly\u017ea\u0159sk\u00e1 st\u0159ediska v Levi, Ruke a Yll\u00e4s l\u00e1kaj\u00ed cestovatele na svahy, kter\u00e9 byly je\u0161t\u011b p\u0159ed des\u00edtkami let p\u0159ipom\u00edn\u00e1ny jako zlatokopeck\u00e9 oblasti. Pod\u00e9l ji\u017en\u00edho pob\u0159e\u017e\u00ed nab\u00edzej\u00ed n\u00e1rodn\u00ed parky jako Koli, Nuuksio a Archipelago Sea odpo\u010dinek v m\u00edrn\u00e9m p\u00e1smu: turistiku, j\u00edzdu na kajaku a pozorov\u00e1n\u00ed pt\u00e1k\u016f, vyv\u00e1\u017een\u00e9 m\u00e9n\u011b obvyklou z\u00e1bavou lovu. M\u011bsta p\u0159itahuj\u00ed sv\u00e9 vlastn\u00ed davy: Helsinky pro svou katedr\u00e1lu a ostrovn\u00ed pevnost Suomenlinna; Turku pro st\u0159edov\u011bk\u00e9 ruiny a c\u00edrkevn\u00ed d\u011bdictv\u00ed; Rauma pro sv\u00e9 d\u0159ev\u011bn\u00e9 m\u011bsto, kter\u00e9 je zaps\u00e1no na seznamu sv\u011btov\u00e9ho d\u011bdictv\u00ed UNESCO; Savonlinna pro operu uprost\u0159ed jezern\u00edch hradeb.<\/p>\n<p>Demograficky je Finsko koncentrovan\u00e9 i rozpt\u00fdlen\u00e9. Jih zem\u011b \u017eije ze t\u0159\u00ed \u010dtvrtin obyvatel, p\u0159i\u010dem\u017e dominuje metropolitn\u00ed oblast Helsinek \u2013 Helsinky, Espoo a Vantaa. V sestupn\u00e9m po\u0159ad\u00ed n\u00e1sleduj\u00ed Tampere, Turku, Oulu, Jyv\u00e4skyl\u00e4, Kuopio a Lahti. Hustota obyvatelstva pat\u0159\u00ed k nejni\u017e\u0161\u00edm v Evrop\u011b a st\u0159edn\u00ed v\u011bk \u010dty\u0159icet \u010dty\u0159i let sv\u011bd\u010d\u00ed o st\u00e1rnouc\u00ed spole\u010dnosti. Plodnost s 1,26 porody na \u017eenu z\u016fst\u00e1v\u00e1 pod \u00farovn\u00ed nahrazov\u00e1n\u00ed, a to i p\u0159esto, \u017ee imigrace \u2013 zejm\u00e9na z Ruska, Estonska, Ir\u00e1ku, Som\u00e1lska, Ukrajiny, \u010c\u00edny a Indie \u2013 zvy\u0161uje po\u010det obyvatel zahrani\u010dn\u00edho p\u016fvodu na v\u00edce ne\u017e jeden\u00e1ct procent. Pr\u00e1vn\u00ed re\u017eim se dr\u017e\u00ed jus sanguinis, p\u0159esto si n\u011bkte\u0159\u00ed etni\u010dt\u00ed Finov\u00e9 z b\u00fdval\u00fdch sov\u011btsk\u00fdch \u00fazem\u00ed zachov\u00e1vaj\u00ed pr\u00e1vo na n\u00e1vrat.<\/p>\n<p>Jazyk ve Finsku odr\u00e1\u017e\u00ed jeho mnohovrstevnatou historii. Fin\u0161tina, uralsk\u00fd jazyk sd\u00edlen\u00fd s eston\u0161tinou a vzd\u00e1len\u011b s ma\u010far\u0161tinou, je mate\u0159sk\u00fdm jazykem pro v\u00edce ne\u017e osmdes\u00e1t \u010dty\u0159i procent obyvatel. \u0160v\u00e9d\u0161tina, kdysi jazyk st\u00e1tn\u00ed spr\u00e1vy, z\u016fst\u00e1v\u00e1 jedn\u00edm z ofici\u00e1ln\u00edch jazyk\u016f a rodil\u00fdm jazykem se j\u00ed hovo\u0159\u00ed p\u011bt procent obyvatel, zejm\u00e9na pod\u00e9l jihoz\u00e1padn\u00edho pob\u0159e\u017e\u00ed a na \u00c5landech, demilitarizovan\u00e9m souostrov\u00ed spravovan\u00e9m pouze \u0161v\u00e9dsky. Rom\u0161tina a tatar\u0161tina p\u0159e\u017e\u00edvaj\u00ed v mal\u00fdch komunit\u00e1ch, zat\u00edmco fin\u0161tina a finsko-\u0161v\u00e9dsk\u00fd znakov\u00fd jazyk jsou \u00fastavn\u011b uzn\u00e1v\u00e1ny. S\u00e1msk\u00e9 jazyky p\u0159etrv\u00e1vaj\u00ed za pol\u00e1rn\u00edm kruhem mezi p\u016fvodn\u00edmi S\u00e1my a jejich pr\u00e1va jsou chr\u00e1n\u011bna spolu s dal\u0161\u00edmi men\u0161inami.<\/p>\n<p>I n\u00e1bo\u017eenstv\u00ed se vyvinulo. Evangelick\u00e1 luter\u00e1nsk\u00e1 c\u00edrkev m\u00e1 3,5 milionu v\u011b\u0159\u00edc\u00edch \u2013 \u0161edes\u00e1t dva procent populace \u2013 a\u010dkoli jej\u00ed pod\u00edl ka\u017edoro\u010dn\u011b kles\u00e1. \u010ctvrtina Fin\u016f se k n\u00ed nehl\u00e1s\u00ed. Pravoslav\u00ed si zachov\u00e1v\u00e1 mal\u00e9 zastoupen\u00ed a ostatn\u00ed n\u00e1bo\u017eenstv\u00ed, v\u010detn\u011b isl\u00e1mu, judaismu a katolicismu, tvo\u0159\u00ed dohromady m\u00e9n\u011b ne\u017e p\u011bt procent. V ka\u017edodenn\u00edm \u017eivot\u011b je n\u00e1bo\u017eensk\u00e9 dodr\u017eov\u00e1n\u00ed um\u00edrn\u011bn\u00e9 a ritu\u00e1ly jsou \u010dasto soukrom\u00e9.<\/p>\n<p>Kulturn\u00ed praktiky vzkv\u00e9taj\u00ed v ka\u017edodenn\u00edm \u017eivot\u011b. Sauna, p\u00e1rou vyh\u0159\u00edvan\u00e9 \u00fato\u010di\u0161t\u011b, jeho\u017e n\u00e1zev p\u0159edch\u00e1z\u00ed zaznamenan\u00e9 historii, pat\u0159\u00ed ke ka\u017ed\u00e9mu domu i bytov\u00e9mu bloku. Letn\u00ed slunovrat a V\u00e1noce p\u0159in\u00e1\u0161ej\u00ed spole\u010dn\u00e9 ritu\u00e1ly: st\u0159\u00edd\u00e1n\u00ed tepla a chladu, kdy prahy skromnosti zm\u011bk\u010duj\u00ed a spole\u010densk\u00e9 postaven\u00ed taje ve stoupaj\u00edc\u00ed p\u00e1\u0159e. UNESCO zapsalo finskou saunovou kulturu mezi nehmotn\u00e9 d\u011bdictv\u00ed, co\u017e sv\u011bd\u010d\u00ed o jej\u00edm trval\u00e9m m\u00edst\u011b v n\u00e1rodn\u00edm c\u00edt\u011bn\u00ed.<\/p>\n<p>Kuchyn\u011b vyva\u017euje strohost s vynal\u00e9zavost\u00ed. Ko\u0159enov\u00e1 zelenina, je\u010dmen, oves a v\u0161udyp\u0159\u00edtomn\u00e9 brambory tvo\u0159\u00ed \u0161krobov\u00fd z\u00e1klad; lesn\u00ed plody \u2013 bor\u016fvky, brusinky, moru\u0161ky \u2013 dod\u00e1vaj\u00ed kyselost zava\u0159enin\u00e1m a dezert\u016fm. Ryby, zejm\u00e9na losos, se objevuj\u00ed uzen\u00e9, v kari nebo v m\u00e1sle, zat\u00edmco maso \u2013 \u0159\u00e1dn\u00e9 porce sob\u00edho nebo vep\u0159ov\u00e9ho \u2013 podtrhuje zimn\u00ed hostiny. Ml\u00e9\u010dn\u00e9 v\u00fdrobky hraj\u00ed v\u0161udyp\u0159\u00edtomnou roli: podm\u00e1sl\u00ed pol\u00e9vky, zakysan\u00e9 smetany, s\u00fdry s kyselou kulturou. K\u00e1va, konzumovan\u00e1 v m\u00ed\u0159e, kter\u00e1 je druh\u00e1 nej\u010dast\u011bj\u0161\u00ed u severn\u00edch konzument\u016f, je charakteristick\u00fdm prvkem dne, zat\u00edmco ml\u00e9ko s v\u00edce ne\u017e sto litry na osobu ro\u010dn\u011b podtrhuje severskou z\u00e1libu v \u010derstvosti.<\/p>\n<p>V soci\u00e1ln\u00ed interakci finsk\u00e9 slu\u0161n\u00e9 chov\u00e1n\u00ed cen\u00ed ticha jako v\u00e1\u017enosti, stru\u010dnosti jako respektu. Small talk ustupuje p\u0159\u00edmo\u010darosti; zdvo\u0159ilost znamen\u00e1 \u0159\u00edkat, co si \u010dlov\u011bk mysl\u00ed, nic v\u00edc. Dochvilnost je prvo\u0159ad\u00e1 \u2013 deset minut m\u016f\u017ee odd\u011blit trp\u011bliv\u00e9 \u010dek\u00e1n\u00ed od vn\u00edman\u00e9 nezdvo\u0159ilosti. Boty se u dve\u0159\u00ed zouvaj\u00ed ze zdvo\u0159ilosti k \u010dist\u00fdm a such\u00fdm podlah\u00e1m. Oble\u010den\u00ed z\u016fst\u00e1v\u00e1 neform\u00e1ln\u00ed; obchodn\u00ed oble\u010den\u00ed odpov\u00edd\u00e1 mezin\u00e1rodn\u00edm norm\u00e1m bez p\u0159eh\u00e1n\u011bn\u00ed. Finov\u00e9 projevuj\u00ed laskavost st\u0159\u00eddm\u011b, ale up\u0159\u00edmn\u011b. Kompliment, jakmile je jednou pronesen, m\u00e1 v\u00e1hu; omluva, jakmile je pronesena, obnovuje po\u0159\u00e1dek.<\/p>\n<p>Finsko je dnes n\u00e1rodem, kter\u00fd vyu\u017eil svou drsnou geografii a slo\u017eitou historii k vytvo\u0159en\u00ed prosperuj\u00edc\u00ed a spravedliv\u00e9 spole\u010dnosti. Od tich\u00fdch jezer lemovan\u00fdch borovicemi a\u017e po hukot leti\u0161\u0165 a technologick\u00fdch park\u016f, od slavnostn\u00edho z\u00e1blesku pol\u00e1rn\u00ed z\u00e1\u0159e a\u017e po intimn\u00ed ritu\u00e1l sauny, Finsko vyb\u00edz\u00ed k rozj\u00edm\u00e1n\u00ed. Je to m\u00edsto, kde jednoduchost odhaluje hloubku, kde komunita rozkv\u00e9t\u00e1 pod strohou oblohou a kde ka\u017ed\u00e9 ro\u010dn\u00ed obdob\u00ed p\u00ed\u0161e sv\u016fj vlastn\u00ed p\u0159\u00edb\u011bh na hladin\u011b klidn\u00fdch vod. V pokra\u010duj\u00edc\u00edm p\u0159\u00edb\u011bhu t\u00e9to severn\u00ed republiky z\u016fst\u00e1v\u00e1 souhra zem\u011b, kultury a sv\u011bdom\u00ed motivem i v\u00fdznamem a nab\u00e1d\u00e1 k pe\u010dliv\u00e9 a pozorn\u00e9 cest\u011b zem\u00ed, kter\u00e1 je z\u00e1rove\u0148 rezervovan\u00e1 a nezapomenuteln\u011b \u017eiv\u00e1.<\/p>","protected":false},"excerpt":{"rendered":"<p>Finsko, form\u00e1ln\u011b zn\u00e1m\u00e9 jako Finsk\u00e1 republika, je seversk\u00fd st\u00e1t nach\u00e1zej\u00edc\u00ed se v severn\u00ed Evrop\u011b s v\u00edce ne\u017e 5,6 miliony obyvatel. Finsko, kter\u00e9 se nach\u00e1z\u00ed na k\u0159i\u017eovatce Skandin\u00e1vie a v\u00fdchodn\u00ed Evropy, m\u00e1 v\u00fdraznou geografickou a kulturn\u00ed pozici, kter\u00e1 ovlivnila jeho historii, spole\u010dnost a mezin\u00e1rodn\u00ed postaven\u00ed. Tato zem\u011b, charakterizovan\u00e1 lesy, jezery a severn\u00edmi sv\u011btly, m\u00e1 rozlohu 338 145 kilometr\u016f \u010dtvere\u010dn\u00edch, co\u017e z n\u00ed \u010din\u00ed osmou nejv\u011bt\u0161\u00ed v Evrop\u011b podle rozlohy. Strategick\u00e1 poloha n\u00e1roda, vedle \u0160v\u00e9dska na severoz\u00e1pad\u011b, Norska na severu a Ruska na v\u00fdchod\u011b, byla kl\u00ed\u010dov\u00e1 pro jeho historick\u00fd v\u00fdvoj a sou\u010dasn\u00fd geopolitick\u00fd v\u00fdznam.<\/p>","protected":false},"author":1,"featured_media":3952,"parent":24078,"menu_order":0,"comment_status":"closed","ping_status":"closed","template":"elementor_theme","meta":{"_eb_attr":"","footnotes":""},"class_list":["post-13916","page","type-page","status-publish","has-post-thumbnail"],"_links":{"self":[{"href":"https:\/\/travelshelper.com\/cs\/wp-json\/wp\/v2\/pages\/13916","targetHints":{"allow":["GET"]}}],"collection":[{"href":"https:\/\/travelshelper.com\/cs\/wp-json\/wp\/v2\/pages"}],"about":[{"href":"https:\/\/travelshelper.com\/cs\/wp-json\/wp\/v2\/types\/page"}],"author":[{"embeddable":true,"href":"https:\/\/travelshelper.com\/cs\/wp-json\/wp\/v2\/users\/1"}],"replies":[{"embeddable":true,"href":"https:\/\/travelshelper.com\/cs\/wp-json\/wp\/v2\/comments?post=13916"}],"version-history":[{"count":0,"href":"https:\/\/travelshelper.com\/cs\/wp-json\/wp\/v2\/pages\/13916\/revisions"}],"up":[{"embeddable":true,"href":"https:\/\/travelshelper.com\/cs\/wp-json\/wp\/v2\/pages\/24078"}],"wp:featuredmedia":[{"embeddable":true,"href":"https:\/\/travelshelper.com\/cs\/wp-json\/wp\/v2\/media\/3952"}],"wp:attachment":[{"href":"https:\/\/travelshelper.com\/cs\/wp-json\/wp\/v2\/media?parent=13916"}],"curies":[{"name":"wp","href":"https:\/\/api.w.org\/{rel}","templated":true}]}}