{"id":13857,"date":"2024-09-18T12:20:08","date_gmt":"2024-09-18T12:20:08","guid":{"rendered":"https:\/\/travelshelper.com\/staging\/?page_id=13857"},"modified":"2026-03-12T00:29:14","modified_gmt":"2026-03-12T00:29:14","slug":"bonn","status":"publish","type":"page","link":"https:\/\/travelshelper.com\/cs\/destinations\/europe\/germany\/bonn\/","title":{"rendered":"Bonn"},"content":{"rendered":"<p>Bonn, domov n\u011bco m\u00e1lo p\u0159es 300 000 obyvatel na plo\u0161e 141 km\u00b2 na obou b\u0159ez\u00edch R\u00fdna, le\u017e\u00ed 24 km jiho-jihov\u00fdchodn\u011b od Kol\u00edna nad R\u00fdnem v Severn\u00edm Por\u00fdn\u00ed-Vestf\u00e1lsku. Kdysi prozat\u00edmn\u00ed hlavn\u00ed m\u011bsto z\u00e1padn\u00edho N\u011bmecka v letech 1949 a\u017e 1990 \u2013 a s\u00eddlo vl\u00e1dy do roku 1999 \u2013 toto m\u011bsto kombinuje roli v evropsk\u00e9 politice s vrstvami starov\u011bku. M\u011bstsk\u00e1 struktura Bonnu, zalo\u017een\u00e1 Ubiyi v 1. stolet\u00ed p\u0159. n. l. a pozd\u011bji vetk\u00e1na do struktury \u0159\u00edmsk\u00e9 provincie Germania Inferior, nese otisk arcibiskup\u016f, kurfi\u0159t\u016f a modern\u00edch feder\u00e1ln\u00edch ministerstev.<\/p>\n<p>\u0160irok\u00fd z\u00e1b\u011br historie Bonnu za\u010d\u00edn\u00e1 jeho \u0159\u00edmskou p\u016fsobnost\u00ed. Archeologick\u00e9 n\u00e1lezy dokl\u00e1daj\u00ed os\u00eddlen\u00ed pod\u00e9l R\u00fdna, kde kdysi st\u00e1lo vojensk\u00e9 opevn\u011bn\u00ed. S \u00fapadkem \u0158\u00edma se region koncem \u0161estn\u00e1ct\u00e9ho stolet\u00ed dostal pod nadvl\u00e1du kol\u00ednsk\u00e9ho kurfi\u0159tstv\u00ed. Po dv\u011b stolet\u00ed arcibiskupov\u00e9 a kurfi\u0159ti utv\u00e1\u0159eli m\u011bstsk\u00fd \u017eivot ze sv\u00fdch honosn\u00fdch rezidenc\u00ed: Kurf\u00fcrstliches Schloss, dnes j\u00e1dra Bonnsk\u00e9 univerzity, a Poppelsdorfer Schloss, jeho\u017e botanick\u00e1 zahrada se dochovala jako univerzitn\u00ed zahrada. V roce 1737 se na n\u00e1m\u011bst\u00ed ty\u010dila rokokov\u00e1 Star\u00e1 radnice, jej\u00ed\u017e zdoben\u00e1 fas\u00e1da sv\u011bd\u010d\u00ed o barokn\u00edm rozkv\u011btu Bonnu za vl\u00e1dy Klemense Augusta Bavorsk\u00e9ho.<\/p>\n<p>V p\u0159echodu do modernity Bonn nabyl nov\u00e9ho v\u00fdznamu v roce 1949, kdy zde byl ratifikov\u00e1n Z\u00e1kladn\u00ed z\u00e1kon, pov\u00e1le\u010dn\u00e1 n\u011bmeck\u00e1 \u00fastava. Historici \u010dasto ozna\u010duj\u00ed n\u00e1sleduj\u00edc\u00ed obdob\u00ed jako \u201eBonnskou republiku\u201c. Spolkov\u00e9 n\u00e1m\u011bst\u00ed (Bundeskanzlerplatz) v Gronau ozna\u010duje geografick\u00fd st\u0159ed m\u011bsta a je sv\u011bdkem tohoto obdob\u00ed. A\u010dkoli se hlavn\u00ed m\u011bsto v roce 1999 vr\u00e1tilo do Berl\u00edna, Bonn si zachoval status Bundesstadtu a s\u00eddl\u00ed zde vedlej\u0161\u00ed s\u00eddla prezidenta, kancl\u00e9\u0159e a Spolkov\u00e9 rady (Bundesrat). V Bonnu z\u016fst\u00e1v\u00e1 zhruba t\u0159etina ministersk\u00fdch pozic, spolu s hlavn\u00edmi kancel\u00e1\u0159emi \u0161esti feder\u00e1ln\u00edch ministerstev a dvaceti \u00fa\u0159ad\u016f. Toto uspo\u0159\u00e1d\u00e1n\u00ed odr\u00e1\u017e\u00ed politick\u00fd kompromis v r\u00e1mci Berl\u00ednsko-bonnsk\u00e9ho z\u00e1kona, kter\u00fd Bonnu zaji\u0161\u0165uje trvalou roli v n\u00e1rodn\u00ed spr\u00e1v\u011b.<\/p>\n<p>Institucion\u00e1ln\u00ed p\u0159\u00edtomnost Bonnu p\u0159esahuje r\u00e1mec n\u011bmeck\u00fdch ministerstev. \u0158ad\u00ed se mezi p\u0159edn\u00ed sv\u011btov\u00e1 centra mezin\u00e1rodn\u00edch organizac\u00ed a host\u00ed dvacet org\u00e1n\u016f OSN \u2013 v\u00edce ne\u017e kter\u00e9koli jin\u00e9 n\u011bmeck\u00e9 m\u011bsto. S\u00eddl\u00ed zde sekretari\u00e1t R\u00e1mcov\u00e9 \u00famluvy OSN o zm\u011bn\u011b klimatu, sekretari\u00e1t \u00damluvy OSN o boji proti desertifikaci a program Dobrovoln\u00edci OSN, kter\u00e9 m\u011bsto vyu\u017e\u00edv\u00e1 d\u00edky sv\u00e9 propojenosti akademick\u00fdch a diplomatick\u00fdch zdroj\u016f. Univerzita v Bonnu, zalo\u017een\u00e1 v roce 1818, obohacuje m\u011bsto o v\u011bdeck\u00e9 znalosti a v\u00fdzkum, zat\u00edmco odkaz spole\u010dnost\u00ed Deutsche Post DHL a Deutsche Telekom \u2013 obou k\u00f3tovan\u00fdch na burze DAX \u2013 tvo\u0159\u00ed z\u00e1klad firemn\u00edho profilu Bonnu.<\/p>\n<p>Skladatel Ludwig van Beethoven se narodil v Bonngasse hned vedle n\u00e1m\u011bst\u00ed. Jeho rodn\u00fd d\u016fm, p\u0159estav\u011bn\u00fd na muzeum, zachov\u00e1v\u00e1 skromn\u00fd d\u016fm, kde v prosinci 1770 p\u0159i\u0161el na sv\u011bt. Nedaleko stoj\u00ed Beethoven\u016fv pam\u00e1tn\u00edk na M\u00fcnsterplatz, nad n\u00edm\u017e shl\u00ed\u017e\u00ed Bonnsk\u00e1 katedr\u00e1la, jedna z nejstar\u0161\u00edch c\u00edrkevn\u00edch staveb v N\u011bmecku. Tato m\u00edsta, zasazen\u00e1 do \u00fadol\u00ed ji\u017en\u00edho R\u00fdna \u2013 jednoho z nejteplej\u0161\u00edch klimatick\u00fdch p\u00e1sem N\u011bmecka \u2013 l\u00e1kaj\u00ed n\u00e1v\u0161t\u011bvn\u00edky po cel\u00fd rok, mnoh\u00e9 z nich b\u011bhem ka\u017edoro\u010dn\u00edho r\u00fdnsk\u00e9ho karnevalu, kdy m\u00edstn\u00ed zvyky o\u017eivuj\u00ed ulice a n\u00e1m\u011bst\u00ed maskovan\u00fdmi pr\u016fvody a hudebn\u00edmi soubory.<\/p>\n<p>Topograficky se Bonn rozkl\u00e1d\u00e1 15 km od severu k jihu a 12,5 km od z\u00e1padu k v\u00fdchodu. Jeho hranice jsou vymezeny tokem R\u00fdna, \u0159ekou Sieg na severov\u00fdchod\u011b a poho\u0159\u00edm Siebengebirge \u2013 Sedmihorky \u2013 na v\u00fdchod\u011b. T\u00e9m\u011b\u0159 t\u0159i \u010dtvrtiny m\u011bsta zab\u00edraj\u00ed lev\u00fd b\u0159eh R\u00fdna, zbytek tvo\u0159\u00ed Beuel na prot\u011bj\u0161\u00edm b\u0159ehu. Na jihu a z\u00e1pad\u011b vedou n\u00edzk\u00e9 zalesn\u011bn\u00e9 v\u00fdb\u011b\u017eky do oblasti Eifel a Por\u00fdnsk\u00e9ho p\u0159\u00edrodn\u00edho parku; na severu se Kol\u00ednsk\u00e1 n\u00ed\u017eina zplo\u0161\u0165uje sm\u011brem k Por\u00fa\u0159\u00ed. Uvnit\u0159 m\u011bsta se nach\u00e1z\u00ed arboretum H\u00e4rle, kde jsou uchov\u00e1ny exempl\u00e1\u0159e strom\u016f z roku 1870, zat\u00edmco rezervace Kottenforst pokr\u00fdv\u00e1 p\u0159ibli\u017en\u011b 40 km\u00b2 chr\u00e1n\u011bn\u00e9ho lesa.<\/p>\n<p>Ve\u0159ejn\u00e9 zelen\u011b je zde spousta. Park Rheinaue zab\u00edr\u00e1 b\u00fdval\u00e9 z\u00e1plavov\u00e9 oblasti pod\u00e9l \u0159eky a jeho rozs\u00e1hl\u00e9 tr\u00e1vn\u00edky a vodn\u00ed toky slou\u017e\u00ed jako m\u011bstsk\u00e9 \u00fato\u010di\u0161t\u011b. Pod\u00e9l se nach\u00e1z\u00ed Alter Zoll, b\u00fdval\u00e1 celnice, kter\u00e1 se stala promen\u00e1dou. Na okraji univerzity se rozkl\u00e1d\u00e1 Botanick\u00e1 zahrada, kter\u00e1 se t\u00e1hne od Poppelsdorfer Allee \u2013 bulv\u00e1ru lemovan\u00e9ho ka\u0161tany, kudy kdysi jezdily ko\u0148sk\u00e9 povozy \u2013 a\u017e k zahrad\u00e1m Poppelsdorfer Schloss. Za n\u00ed se nach\u00e1zej\u00ed stezky na svaz\u00edch vyhasl\u00e9 sopky Rodderberg, kter\u00e9 nab\u00edzej\u00ed panoramatick\u00e9 v\u00fdhledy na \u00fadol\u00ed R\u00fdna, a stezky stoupaj\u00edc\u00ed po doln\u00edm Siebengebirge sm\u011brem ke K\u00f6nigswinteru. P\u0159es \u0159eku spojuj\u00ed ob\u011b poloviny Bonnu pravideln\u00e9 trajekty a t\u0159i mosty \u2013 Konrad-Adenauer-Br\u00fccke, Friedrich-Ebert-Br\u00fccke a Kennedybr\u00fccke.<\/p>\n<p>V r\u00e1mci Museumsmeile zaznamen\u00e1v\u00e1 p\u011bt v\u00fdznamn\u00fdch instituc\u00ed aspekty n\u011bmeck\u00e9 identity. D\u016fm historie (Haus der Geschichte) zachycuje n\u00e1rodn\u00ed v\u00fdvoj od roku 1945 a do sv\u00fdch st\u00e1l\u00fdch galeri\u00ed za\u010dle\u0148uje i samotnou kapitolu Bonnu jako hlavn\u00edho m\u011bsta z\u00e1padn\u00edho N\u011bmecka. Kunstmuseum Bonn se zam\u011b\u0159uje na r\u00fdnsk\u00fd expresionismus a pov\u00e1le\u010dn\u00e9 um\u011bn\u00ed a vystavuje d\u00edla Augusta Mackeho, Josepha Beuyse a Anselma Kiefera. V Bundeskunsthalle se v\u00fdstavy zab\u00fdvaj\u00ed pr\u016fniky um\u011bn\u00ed, kultury a v\u011bdy, zat\u00edmco Muzeum Koenig p\u0159edstavuje p\u0159\u00edrodov\u011bdn\u00fd a zoologick\u00fd v\u00fdzkum ve stejn\u00fdch m\u00edstnostech, kde parlamentn\u00ed rada vypracovala \u00fastavu. Deutsches Museum Bonn nab\u00edz\u00ed interaktivn\u00ed p\u0159ehled n\u011bmeck\u00fdch v\u011bdeck\u00fdch \u00fasp\u011bch\u016f po roce 1945. Dopl\u0148kov\u00e1 m\u00edsta \u2013 R\u00fdnsk\u00e9 zemsk\u00e9 muzeum (Rheinisches Landesmuseum), Muzeum Beethoven\u016fv d\u016fm (Beethoven House Museum), Muzeum \u017een (Women Museum), Malermuseum a Arithmeum \u2013 obohacuj\u00ed kulturn\u00ed okruh.<\/p>\n<p>Dopravn\u00ed infrastruktura nese otisk region\u00e1ln\u00ed role Bonnu. Leti\u0161t\u011b Kol\u00edn nad R\u00fdnem v Bonnu, pojmenovan\u00e9 po Konradu Adenauerovi, le\u017e\u00ed 15 km severov\u00fdchodn\u011b od m\u011bsta. V roce 2015 odbavilo p\u0159es 10 milion\u016f cestuj\u00edc\u00edch a v po\u010dtu cestuj\u00edc\u00edch se um\u00edstilo na sedm\u00e9m m\u00edst\u011b v N\u011bmecku a v kombinovan\u00e9 n\u00e1kladn\u00ed a osobn\u00ed doprav\u011b na p\u00e1t\u00e9m m\u00edst\u011b. Leteck\u00e9 spole\u010dnosti a dopravci n\u00e1kladn\u00ed dopravy udr\u017euj\u00ed 24hodinov\u00fd j\u00edzdn\u00ed \u0159\u00e1d, co\u017e umo\u017e\u0148uje d\u00e1lnice A59 a \u017eelezni\u010dn\u00ed spojen\u00ed s termin\u00e1lem. Ve m\u011bst\u011b Bonn Hauptbahnhof obsluhuje denn\u011b v\u00edce ne\u017e 67 000 cestuj\u00edc\u00edch vlaky S-Bahn, IC a ICE; stanice Siegburg\/Bonn na vysokorychlostn\u00ed trati Kol\u00edn nad R\u00fdnem\u2013Frankfurt je vzd\u00e1len\u00e1 25 minut j\u00edzdy m\u011bstskou dr\u00e1hou (Stadtbahn). Bonnsk\u00e1 tramvajov\u00e1 a lehko\u017eelezni\u010dn\u00ed s\u00ed\u0165 Stadtbahn zahrnuje \u010dty\u0159i severoji\u017en\u00ed a dv\u011b v\u00fdchodoz\u00e1padn\u00ed linky, dopln\u011bn\u00e9 o p\u0159ibli\u017en\u011b 30 autobusov\u00fdch linek v r\u00e1mci dopravn\u00edho svazku Rhein-Sieg. Mnoho linek jezd\u00ed o v\u00edkendech i v noci.<\/p>\n<p>Silni\u010dn\u00ed spojen\u00ed zahrnuje A555 sm\u011br Kol\u00edn nad R\u00fdnem, A59 sm\u011br D\u00fcsseldorf a Duisburg, A562 k\u0159i\u017euj\u00edc\u00ed R\u00fdn ji\u017en\u011b od m\u011bsta a A565 napojuj\u00edc\u00ed se na A61. T\u0159i feder\u00e1ln\u00ed d\u00e1lnice \u2013 B9, B42 a B56 \u2013 obsluhuj\u00ed bezprost\u0159edn\u00ed p\u0159edm\u011bst\u00ed standardn\u00edm limitem 100 km\/h. Vnitrozemsk\u00e1 lodn\u00ed doprava prob\u00edh\u00e1 p\u0159es p\u0159\u00edstav Graurheindorf, kde kontejnerov\u00e9 a \u0159\u00ed\u010dn\u00ed-oce\u00e1nsk\u00e9 lod\u011b ka\u017edoro\u010dn\u011b odbav\u00ed p\u016fl milionu tun n\u00e1kladu; osobn\u00ed lod\u011b jezd\u00ed sm\u011brem na Kol\u00edn nad R\u00fdnem a D\u00fcsseldorf.<\/p>\n<p>Hospod\u00e1\u0159sk\u00fd \u017eivot sah\u00e1 od ministerstev a mezin\u00e1rodn\u00edch organizac\u00ed a\u017e po tradi\u010dn\u00ed v\u00fdrobce. S\u00eddl\u00ed zde spole\u010dnosti Deutsche Telekom a Deutsche Post, spolu s N\u011bmeckou akademickou v\u00fdm\u011bnnou slu\u017ebou a SolarWorld. Univerzita v Bonnu a m\u00edstn\u00ed energetick\u00fd podnik Stadtwerke Bonn pat\u0159\u00ed mezi nejv\u011bt\u0161\u00ed zam\u011bstnavatele ve m\u011bst\u011b. \u0158emesln\u00e9 a potravin\u00e1\u0159sk\u00e9 podniky \u2013 lik\u00e9rka Verpoorten, cukr\u00e1rna Kessko, varhann\u00ed tov\u00e1rna Klais a tov\u00e1rna na vlajky v Bonnu \u2013 zachov\u00e1vaj\u00ed region\u00e1ln\u00ed \u0159emeslnou zru\u010dnost.<\/p>\n<p>Demograficky \u017eilo v Bonnu v roce 2011 327 913 obyvatel, z nich\u017e asi 70 procent bylo n\u011bmeck\u00e9ho p\u016fvodu a 30 procent \u010d\u00e1ste\u010dn\u011b nen\u011bmeck\u00e9ho. Do roku 2020 dos\u00e1hl po\u010det obyvatel 330 000, co\u017e z n\u011bj \u010din\u00ed druh\u00e9 nejv\u011bt\u0161\u00ed m\u011bsto v Kol\u00ednsk\u00e9 n\u00ed\u017ein\u011b po samotn\u00e9m Kol\u00edn\u011b nad R\u00fdnem. Projekce r\u016fstu nazna\u010duj\u00ed, \u017ee Bonn p\u0159ed rokem 2030 p\u0159ed\u010d\u00ed Wuppertal a Bochum. A\u010dkoli bylo Bonn p\u016fvodn\u011b m\u011bstem s n\u011bkolika set tis\u00edci obyvatel, zachov\u00e1v\u00e1 si komorn\u00ed rozm\u011bry: n\u00edzkopodla\u017en\u00ed ulice, koncentrovan\u00e9 star\u00e9 m\u011bsto a studentsk\u00e9 kav\u00e1rny a pivn\u00ed zahr\u00e1dky, kter\u00e9 evokuj\u00ed st\u0159edomo\u0159skou pohodu, co\u017e mu vyneslo neform\u00e1ln\u00ed p\u0159ezd\u00edvku nejsevern\u011bj\u0161\u00edho italsk\u00e9ho m\u011bsta.<\/p>\n<p>Bonn jako z\u00e1kladna pro v\u00fdlety nab\u00edz\u00ed n\u00e1v\u0161t\u011bvy D\u00fcsseldorfu, romantick\u00e9ho \u00faseku St\u0159edn\u00edho Por\u00fdn\u00ed, kter\u00fd je zaps\u00e1n na seznamu sv\u011btov\u00e9ho d\u011bdictv\u00ed UNESCO, od Bingenu po Koblenz, a sope\u010dn\u00fdch jezer v poho\u0159\u00ed Eifel. V r\u00e1mci m\u011bstsk\u00fdch hranic v\u0161ak sm\u011bs politick\u00e9ho d\u011bdictv\u00ed, univerzitn\u00ed atmosf\u00e9ry, diplomacie OSN a hudebn\u00edch oslav nab\u00edz\u00ed trval\u00e9 setk\u00e1n\u00ed s n\u011bmeckou histori\u00ed. V galerijn\u00edch s\u00e1lech, na promen\u00e1d\u00e1ch u \u0159eky a pod korunami ka\u0161tan\u016f se Bonn odhaluje jako m\u011bsto formovan\u00e9 proudy \u2013 vodou, my\u0161len\u00edm a \u0159\u00edzen\u00edm \u2013 a p\u0159esto zakotven\u00e9 v trval\u00e9m kameni a p\u016fd\u011b. Del\u0161\u00ed pobyty poskytuj\u00ed klidn\u00e9 pot\u011b\u0161en\u00ed z ka\u017edodenn\u00edch rutin uprost\u0159ed tohoto prol\u00edn\u00e1n\u00ed epoch.<\/p>\n<p>Charakter m\u011bsta se vyno\u0159uje postupn\u011b: v m\u011b\u0159en\u00e9m p\u00e1du katedr\u00e1ln\u00edch sloup\u016f za \u00fasvitu, v ozv\u011bn\u011b Beethovenov\u00fdch ran\u00fdch son\u00e1t, v tichu muzejn\u00edch chodeb a v plynul\u00e9m b\u011bhu r\u00fdnsk\u00fdch \u010dlun\u016f pod klenut\u00fdmi mosty. Bonn si sp\u00ed\u0161e \u017e\u00e1d\u00e1 pozornost ne\u017e po\u017eadavky; jeho odm\u011bnou jsou postupn\u00e1 odhalen\u00ed. Jak den ustupuje ve\u010dern\u00edmu sv\u011btlu, univerzitn\u00ed v\u011b\u017ee a feder\u00e1ln\u00ed \u00fa\u0159ady nab\u00fdvaj\u00ed tlumen\u00e9ho tepla a \u0159eka te\u010de na z\u00e1pad k mo\u0159i a nese stopy starobyl\u00e9ho os\u00eddlen\u00ed, kter\u00e9 se po dv\u011b tis\u00edcilet\u00ed p\u0159izp\u016fsobovalo a \u0159\u00eddilo b\u011bh d\u011bjin. V tomto setk\u00e1n\u00ed minulosti a p\u0159\u00edtomnosti Bonn potvrzuje sv\u00e9 m\u00edsto mezi evropsk\u00fdmi m\u011bsty, jejich\u017e v\u00fdznam nespo\u010d\u00edv\u00e1 v pod\u00edvan\u00e9, ale v postupn\u00e9m rozv\u00edjen\u00ed ob\u010dansk\u00e9ho \u017eivota.<\/p>","protected":false},"excerpt":{"rendered":"<p>Bonn, spolkov\u00e9 m\u011bsto le\u017e\u00edc\u00ed pod\u00e9l \u0159eky R\u00fdn v Severn\u00edm Por\u00fdn\u00ed-Vestf\u00e1lsku, N\u011bmecko, s populac\u00ed p\u0159es 300 000 osob. Bonn se nach\u00e1z\u00ed zhruba 24 kilometr\u016f jiho-jihov\u00fdchodn\u011b od Kol\u00edna nad R\u00fdnem, strategicky um\u00edst\u011bn v nejji\u017en\u011bj\u0161\u00ed \u010d\u00e1sti regionu Por\u00fdn\u00ed-Por\u00fa\u0159\u00ed, nejlidnat\u011bj\u0161\u00ed metropolitn\u00ed oblasti N\u011bmecka a druh\u00e9 nejv\u011bt\u0161\u00ed podle HDP v Evropsk\u00e9 unii, s populac\u00ed p\u0159esahuj\u00edc\u00ed 11 milion\u016f. Toto m\u011bsto historick\u00e9ho a politick\u00e9ho v\u00fdznamu se pod\u00edlelo na formov\u00e1n\u00ed sou\u010dasn\u00e9ho N\u011bmecka, fungovalo jako hlavn\u00ed m\u011bsto Z\u00e1padn\u00edho N\u011bmecka v letech 1949 a\u017e 1990 a pot\u00e9 jako hlavn\u00ed m\u011bsto znovusjednocen\u00e9ho N\u011bmecka v letech 1990 a\u017e 1999, p\u0159ed p\u0159enesen\u00edm vl\u00e1dy do Berl\u00edna.<\/p>","protected":false},"author":1,"featured_media":2918,"parent":13736,"menu_order":0,"comment_status":"closed","ping_status":"closed","template":"elementor_theme","meta":{"_eb_attr":"","footnotes":""},"class_list":["post-13857","page","type-page","status-publish","has-post-thumbnail"],"_links":{"self":[{"href":"https:\/\/travelshelper.com\/cs\/wp-json\/wp\/v2\/pages\/13857","targetHints":{"allow":["GET"]}}],"collection":[{"href":"https:\/\/travelshelper.com\/cs\/wp-json\/wp\/v2\/pages"}],"about":[{"href":"https:\/\/travelshelper.com\/cs\/wp-json\/wp\/v2\/types\/page"}],"author":[{"embeddable":true,"href":"https:\/\/travelshelper.com\/cs\/wp-json\/wp\/v2\/users\/1"}],"replies":[{"embeddable":true,"href":"https:\/\/travelshelper.com\/cs\/wp-json\/wp\/v2\/comments?post=13857"}],"version-history":[{"count":0,"href":"https:\/\/travelshelper.com\/cs\/wp-json\/wp\/v2\/pages\/13857\/revisions"}],"up":[{"embeddable":true,"href":"https:\/\/travelshelper.com\/cs\/wp-json\/wp\/v2\/pages\/13736"}],"wp:featuredmedia":[{"embeddable":true,"href":"https:\/\/travelshelper.com\/cs\/wp-json\/wp\/v2\/media\/2918"}],"wp:attachment":[{"href":"https:\/\/travelshelper.com\/cs\/wp-json\/wp\/v2\/media?parent=13857"}],"curies":[{"name":"wp","href":"https:\/\/api.w.org\/{rel}","templated":true}]}}