{"id":13851,"date":"2024-09-18T12:07:05","date_gmt":"2024-09-18T12:07:05","guid":{"rendered":"https:\/\/travelshelper.com\/staging\/?page_id=13851"},"modified":"2026-03-12T00:28:59","modified_gmt":"2026-03-12T00:28:59","slug":"bremy","status":"publish","type":"page","link":"https:\/\/travelshelper.com\/cs\/destinations\/europe\/germany\/bremen\/","title":{"rendered":"Br\u00e9my"},"content":{"rendered":"<p>Br\u00e9my p\u0159edstavuj\u00ed p\u0159esn\u00e9 spojen\u00ed vodn\u00edch tok\u016f, m\u011bstsk\u00e9 z\u00e1stavby a odolnosti. S p\u0159ibli\u017en\u011b 577 000 obyvateli a rozlohou 318,21 kilometr\u016f \u010dtvere\u010dn\u00edch je hlavn\u00edm m\u011bstem Svobodn\u00e9ho hanzovn\u00edho m\u011bsta Br\u00e9my, dvoum\u011bstsk\u00e9ho st\u00e1tu v severn\u00edm N\u011bmecku. Br\u00e9my se nach\u00e1zej\u00ed na \u0159ece Veze\u0159e asi 60 kilometr\u016f proti proudu od jej\u00edho \u00fast\u00ed v Bremerhavenu, a jsou zcela ohrani\u010deny Doln\u00edm Saskem a tvo\u0159\u00ed metropolitn\u00ed oblast s p\u0159ibli\u017en\u011b 2,8 miliony obyvatel.<\/p>\n<p>V Br\u00e9m\u00e1ch \u0159eka Vezera raz\u00ed cestu stalet\u00edmi obchodu a adaptac\u00ed. Zdej\u0161\u00ed p\u0159\u00edstav spolu s Bremerhavenem u \u00fast\u00ed Vezery zauj\u00edm\u00e1 po Hamburku pozici druh\u00e9ho nejv\u011bt\u0161\u00edho n\u00e1mo\u0159n\u00edho uzlu N\u011bmecka. Tento p\u0159\u00edstavn\u00ed komplex utv\u00e1\u0159\u00ed jak fyzickou krajinu, tak i ekonomick\u00e9 toky, kter\u00e9 m\u011bsto udr\u017euj\u00ed na\u017eivu. N\u00e1kladn\u00ed lod\u011b po proudu, \u010dluny proti proudu a proplouvaj\u00edc\u00ed trajekty potvrzuj\u00ed propojen\u00ed Br\u00e9m se Severn\u00edm mo\u0159em a glob\u00e1ln\u00edmi trasami.<\/p>\n<p>Klima zde spad\u00e1 do kategorie m\u00edrn\u00e9ho oce\u00e1nsk\u00e9ho. Atlantsk\u00e9 po\u010das\u00ed se vyv\u00edj\u00ed vlivem z\u00e1padn\u00edch v\u011btr\u016f, kter\u00e9 zm\u00edr\u0148uj\u00ed l\u00e9ta i zimy. Teplotn\u00ed extr\u00e9my z\u016fst\u00e1vaj\u00ed vz\u00e1cn\u00e9; zaznamenan\u00e9 maximum 37,6 \u00b0C z 9. srpna 1992 a minimum -23,6 \u00b0C z 13. \u00fanora 1940 le\u017e\u00ed na okraji tohoto vyv\u00e1\u017een\u00e9ho rozmez\u00ed. Hybridn\u00ed vlivy kontinent\u00e1ln\u00edho vzduchu mohou st\u00e1le zp\u016fsobovat kr\u00e1tk\u00e9 vlny veder nebo mrazy, p\u0159esto se Bremen z\u0159\u00eddka pot\u00fdk\u00e1 s dlouhodob\u00fdmi extr\u00e9my.<\/p>\n<p>Obrysy br\u00e9msk\u00e9 ekonomiky sahaj\u00ed a\u017e do pov\u00e1le\u010dn\u00e9ho obdob\u00ed, kdy pracovn\u00ed migranti p\u0159ich\u00e1zeli uprost\u0159ed tzv. \u201eWirtschaftswunder\u201c, kter\u00fd zm\u011bnil podobu z\u00e1padn\u00edho N\u011bmecka v polovin\u011b stolet\u00ed. Pracovn\u00edci se sem sj\u00ed\u017ed\u011bli p\u0159ev\u00e1\u017en\u011b z Turecka a ji\u017en\u00ed Evropy; v pozd\u011bj\u0161\u00edch desetilet\u00edch demografickou mozaiku zm\u011bnily p\u0159\u00edchody z b\u00fdval\u00fdch zem\u00ed v\u00fdchodn\u00edho bloku a z krizov\u00fdch oblast\u00ed, jako je S\u00fdrie. Dnes Br\u00e9my host\u00ed nadn\u00e1rodn\u00ed firmy, od v\u00fdrobce \u010dokol\u00e1dy Hachez a\u017e po specializovan\u00e9 in\u017een\u00fdrstv\u00ed ve spole\u010dnosti Vector Foiltec. Jednotky Airbusu v br\u00e9msk\u00fdch tov\u00e1rn\u00e1ch montuj\u00ed komponenty k\u0159\u00eddel a syst\u00e9my pro vysok\u00fd vztlak pro \u0161irokotrup\u00e9 tryskov\u00e9 letouny.<\/p>\n<p>Kulturn\u00ed proudy v Br\u00e9m\u00e1ch odr\u00e1\u017eej\u00ed spojen\u00ed d\u011bdictv\u00ed a adaptace. Galerie a muzea sahaj\u00ed od historick\u00e9ho socha\u0159stv\u00ed a\u017e po sou\u010dasn\u00e9 um\u011bn\u00ed. Muzeum \u00dcbersee zkoum\u00e1 z\u00e1mo\u0159sk\u00e9 kultury a p\u0159\u00edrodn\u00ed historii; Weserburg registruje modern\u00ed um\u011bn\u00ed v p\u0159estav\u011bn\u00e9m skladu na \u0159\u00ed\u010dn\u00edm ostrov\u011b; Kunsthalle vystavuje evropsk\u00e9 mal\u00ed\u0159stv\u00ed devaten\u00e1ct\u00e9ho a dvac\u00e1t\u00e9ho stolet\u00ed. Ka\u017ed\u00e1 instituce je sou\u010d\u00e1st\u00ed p\u0159\u00edb\u011bhu kulturn\u00ed v\u00fdm\u011bny.<\/p>\n<p>Na n\u00e1m\u011bst\u00ed Marktplatz se ty\u010d\u00ed gotick\u00e9 kamenn\u00e9 j\u00e1dro Br\u00e9m. Radnice, postaven\u00e1 mezi lety 1405 a 1410, nese renesan\u010dn\u00ed fas\u00e1du datovanou do let 1609\u201312. Vedle n\u00ed stoj\u00ed socha Rolanda z roku 1404, symbol m\u011bstsk\u00fdch privilegi\u00ed Svat\u00e9 \u0159\u00ed\u0161e \u0159\u00edmsk\u00e9. Nedaleko se nach\u00e1z\u00ed bronzov\u00e9 seskupen\u00ed od Gerharda Marckse, kter\u00e9 p\u0159ipom\u00edn\u00e1 poh\u00e1dku brat\u0159\u00ed Grimm\u016f o \u010dty\u0159ech zv\u00ed\u0159atech hledaj\u00edc\u00edch m\u011bstsk\u00e9 \u00fato\u010di\u0161t\u011b. Tyto prvky tvo\u0159\u00ed pam\u00e1tku sv\u011btov\u00e9ho d\u011bdictv\u00ed UNESCO, kter\u00e1 je i nad\u00e1le aktivn\u011b vyu\u017e\u00edv\u00e1na v legislativn\u00edm i turistick\u00e9m sektoru.<\/p>\n<p>Severov\u00fdchodn\u011b od n\u00e1m\u011bst\u00ed se nach\u00e1z\u00ed \u010dtvr\u0165 Schnoor, kde si m\u016f\u017eete proj\u00edt \u00fazk\u00e9 uli\u010dky ryb\u00e1\u0159sk\u00fdch dom\u016f ze sedmn\u00e1ct\u00e9ho stolet\u00ed. Dnes se v om\u0161el\u00fdch fas\u00e1d\u00e1ch nach\u00e1zej\u00ed kav\u00e1rny, \u0159emesln\u00e9 ateli\u00e9ry a galerie. Ji\u017en\u011b od n\u00e1m\u011bst\u00ed Marktplatz se t\u00e1hne B\u00f6ttcherstra\u00dfe, dl\u00e1\u017ed\u011bn\u00e1 cihlami, mezi secesn\u00edmi a gotick\u00fdmi motivy. Ulice, kterou si ve 20. letech 20. stolet\u00ed objednal pr\u016fmysln\u00edk Ludwig Roselius, hostila avantgardn\u00ed formy, kter\u00e9 nacist\u00e9 pozd\u011bji klasifikovali jako \u201edegenerovan\u00e9\u201c. Zvonkohra s porcel\u00e1nov\u00fdmi zvony na ulici je st\u00e1le um\u00edst\u011bna v dom\u011b Glockenspiel.<\/p>\n<p>N\u00e1bo\u017eensk\u00e9 pam\u00e1tky dokl\u00e1daj\u00ed st\u0159edov\u011bk\u00fd vznik Br\u00e9m. Katedr\u00e1la svat\u00e9ho Petra z t\u0159in\u00e1ct\u00e9ho stolet\u00ed v sob\u011b spojuje sochy apo\u0161tol\u016f a ran\u00fdch n\u011bmeck\u00fdch c\u00edsa\u0159\u016f. Liebfrauenkirche s n\u00e1st\u011bnn\u00fdmi malbami v krypt\u011b z jeden\u00e1ct\u00e9ho stolet\u00ed je nejstar\u0161\u00edm m\u00edstem bohoslu\u017eeb ve m\u011bst\u011b. Na Katherinenklosterhofu se dochovaly poz\u016fstatky kl\u00e1\u0161tera svat\u00e9 Kate\u0159iny ze t\u0159in\u00e1ct\u00e9ho stolet\u00ed, zat\u00edmco modern\u00ed Birgittenkloster host\u00ed malou komunitu nab\u00edzej\u00edc\u00ed duchovn\u00ed \u00fato\u010di\u0161t\u011b.<\/p>\n<p>Za Star\u00fdm M\u011bstem odr\u00e1\u017e\u00ed \u010dtvr\u0165 Viertel rozmach m\u011bst v devaten\u00e1ct\u00e9m stolet\u00ed. M\u011bstsk\u00e9 domy se \u0161tukovou v\u00fdzdobou lemuj\u00ed t\u0159\u00eddy, kde se nach\u00e1zej\u00ed divadla, nez\u00e1visl\u00e9 kav\u00e1rny a mal\u00e9 obchody. Tramvaje a autobusy BSAG proch\u00e1zej\u00ed touto \u201ekulturn\u00ed m\u00edl\u00ed\u201c a spojuj\u00ed \u010dtvr\u0165 s historick\u00fdmi centry i modern\u00edmi p\u0159edm\u011bst\u00edmi. Na druh\u00e9m b\u0159ehu \u0159eky Vezery nab\u00edz\u00ed Schlachte ve\u0159ejn\u00fd bulv\u00e1r s n\u00e1b\u0159e\u017en\u00edmi tavernami a promen\u00e1dami, kter\u00fd p\u0159ipom\u00edn\u00e1 st\u0159edov\u011bk\u00fd p\u0159\u00edstav, jen\u017e kdysi definoval n\u00e1mo\u0159n\u00ed identitu Br\u00e9m.<\/p>\n<p>Br\u00e9mskou m\u011bstskou s\u00ed\u0165 prostupuj\u00ed zelen\u00e9 plochy. Knoops\u016fv park, jeden z nejv\u011bt\u0161\u00edch ve m\u011bst\u011b, nab\u00edz\u00ed louky, lesy a centr\u00e1ln\u00ed rybn\u00edk, kde si n\u00e1v\u0161t\u011bvn\u00edci v teplej\u0161\u00edch m\u011bs\u00edc\u00edch mohou pronajmout veslice. Rododendronov\u00fd park uchov\u00e1v\u00e1 rozs\u00e1hl\u00e9 sb\u00edrky rododendron\u016f a azalek a dopl\u0148uje ho Botanika, muzeum v\u011bnovan\u00e9 biologick\u00e9 rozmanitosti. V\u011bdeck\u00e9 centrum Universum p\u0159edstavuje interaktivn\u00ed expon\u00e1ty, kter\u00e9 propojuj\u00ed v\u011bdu s ve\u0159ejnou anga\u017eovanost\u00ed.<\/p>\n<p>Br\u00e9msk\u00e1 infrastruktura integruje tramvajov\u00e9 linky a region\u00e1ln\u00ed s\u00ed\u0165 S-Bahn, kter\u00e1 byla slavnostn\u011b otev\u0159ena v roce 2010. S-Bahn v Bremenech spojuje hlavn\u00ed n\u00e1dra\u017e\u00ed s okoln\u00edmi m\u011bsty, v\u010detn\u011b Bremerhavenu a Oldenburgu, v r\u00e1mci jednotn\u00e9ho tarifu Dopravn\u00edho sdru\u017een\u00ed Bremen-Doln\u00ed Sasko. Leti\u0161t\u011b v Neustadt-Neuenland zaznamen\u00e1v\u00e1 dvan\u00e1ct\u00fd nejvy\u0161\u0161\u00ed po\u010det cestuj\u00edc\u00edch v N\u011bmecku a obsluhuje trasy nap\u0159\u00ed\u010d Evropou i mimo ni.<\/p>\n<p>Sportovn\u00ed \u017eivot se to\u010d\u00ed kolem SV Werder Bremen, jeho\u017e z\u00e1pasy na Weserstadionu p\u0159itahuj\u00ed m\u00edstn\u00ed fanou\u0161ky na b\u0159eh \u0159eky. Kluby a amat\u00e9rsk\u00e9 ligy podporuj\u00ed silnou kulturu rekrea\u010dn\u00edch aktivit, od veslov\u00e1n\u00ed a\u017e po cyklistiku pod\u00e9l \u0159\u00ed\u010dn\u00edch stezek.<\/p>\n<p>V cel\u00e9m sv\u00e9m zastav\u011bn\u00e9m i p\u0159\u00edrodn\u00edm prost\u0159ed\u00ed vykazuje Br\u00e9my kontinuitu uprost\u0159ed zm\u011bn. St\u0159edov\u011bk\u00e9 Star\u00e9 M\u011bsto si v j\u00e1dru zachov\u00e1v\u00e1 sv\u00e9 p\u016fvodn\u00ed podoby, ale m\u011bsto se roz\u0161i\u0159uje do modern\u00edch \u010dtvrt\u00ed a pr\u016fmyslov\u00fdch are\u00e1l\u016f s bezprobl\u00e9movou funk\u010dn\u00ed soudr\u017enost\u00ed. Historick\u00e9 cechovn\u00ed s\u00edn\u011b stoj\u00ed vedle leteck\u00fdch d\u00edlen a muzea v p\u0159estav\u011bn\u00fdch doc\u00edch se nach\u00e1zej\u00ed vedle historick\u00fdch kostel\u016f. Identita Br\u00e9m spo\u010d\u00edv\u00e1 v tomto produktivn\u00edm vrstven\u00ed.<\/p>\n<p>Jak denn\u00ed sv\u011btlo ub\u00fdv\u00e1, jantarov\u00e9 osv\u011btlen\u00ed lemuje fas\u00e1du radnice. Pod gotick\u00fdmi oblouky kostel\u016f se t\u0159pyt\u00ed odrazy \u0159eky. V hostinc\u00edch u Schlachte se konverzace to\u010d\u00ed kolem m\u00edstn\u00edch piv a ka\u017edodenn\u00edho ruchu. N\u00e1v\u0161t\u011bvn\u00edci jsou sv\u011bdky m\u011bsta, kter\u00e9 m\u011b\u0159\u00ed svou \u017eivotn\u00ed energii v tun\u00e1ch n\u00e1kladu a front\u00e1ch na map\u011b tramvaj\u00ed, ale v okam\u017eic\u00edch tich\u00e9ho objevov\u00e1n\u00ed p\u0159ekra\u010duje kvantitu. Vypr\u00e1v\u011bn\u00ed Br\u00e9m nen\u00ed ani singul\u00e1rn\u00ed, ani statick\u00e9. Odv\u00edj\u00ed se v ka\u017ed\u00e9 kamenn\u00e9 so\u0161e, tov\u00e1rn\u00edm molu a um\u011bleck\u00e9 galerii a vyb\u00edz\u00ed sp\u00ed\u0161e k pozorov\u00e1n\u00ed ne\u017e k prohl\u00e1\u0161en\u00ed.<\/p>","protected":false},"excerpt":{"rendered":"<p>Br\u00e9my s p\u0159ibli\u017en\u011b 570 000 obyvateli slou\u017e\u00ed jako hlavn\u00ed m\u011bsto svobodn\u00e9ho hanzovn\u00edho m\u011bsta Br\u00e9my a jsou jeden\u00e1ct\u00fdm nejv\u011bt\u0161\u00edm m\u011bstem v N\u011bmecku. Br\u00e9my, kter\u00e9 se nach\u00e1zej\u00ed v severn\u00ed \u010d\u00e1sti zem\u011b, jsou po Hamburku druh\u00fdm nejv\u011bt\u0161\u00edm m\u011bstem v severn\u00edm N\u011bmecku. Toto dynamick\u00e9 m\u011bsto, bohat\u00e9 na historii a hem\u017e\u00edc\u00ed se sou\u010dasnou aktivitou, p\u0159edstavuje podmaniv\u00e9 spojen\u00ed kulturn\u00edho d\u011bdictv\u00ed, ekonomick\u00e9ho v\u00fdznamu a vlivu na mo\u0159e, kter\u00e9 v pr\u016fb\u011bhu let definovalo jeho identitu.<\/p>","protected":false},"author":1,"featured_media":2777,"parent":13736,"menu_order":0,"comment_status":"closed","ping_status":"closed","template":"elementor_theme","meta":{"_eb_attr":"","footnotes":""},"class_list":["post-13851","page","type-page","status-publish","has-post-thumbnail"],"_links":{"self":[{"href":"https:\/\/travelshelper.com\/cs\/wp-json\/wp\/v2\/pages\/13851","targetHints":{"allow":["GET"]}}],"collection":[{"href":"https:\/\/travelshelper.com\/cs\/wp-json\/wp\/v2\/pages"}],"about":[{"href":"https:\/\/travelshelper.com\/cs\/wp-json\/wp\/v2\/types\/page"}],"author":[{"embeddable":true,"href":"https:\/\/travelshelper.com\/cs\/wp-json\/wp\/v2\/users\/1"}],"replies":[{"embeddable":true,"href":"https:\/\/travelshelper.com\/cs\/wp-json\/wp\/v2\/comments?post=13851"}],"version-history":[{"count":0,"href":"https:\/\/travelshelper.com\/cs\/wp-json\/wp\/v2\/pages\/13851\/revisions"}],"up":[{"embeddable":true,"href":"https:\/\/travelshelper.com\/cs\/wp-json\/wp\/v2\/pages\/13736"}],"wp:featuredmedia":[{"embeddable":true,"href":"https:\/\/travelshelper.com\/cs\/wp-json\/wp\/v2\/media\/2777"}],"wp:attachment":[{"href":"https:\/\/travelshelper.com\/cs\/wp-json\/wp\/v2\/media?parent=13851"}],"curies":[{"name":"wp","href":"https:\/\/api.w.org\/{rel}","templated":true}]}}