{"id":13800,"date":"2024-09-18T11:15:24","date_gmt":"2024-09-18T11:15:24","guid":{"rendered":"https:\/\/travelshelper.com\/staging\/?page_id=13800"},"modified":"2026-03-12T00:13:48","modified_gmt":"2026-03-12T00:13:48","slug":"cachy","status":"publish","type":"page","link":"https:\/\/travelshelper.com\/cs\/destinations\/europe\/germany\/aachen\/","title":{"rendered":"C\u00e1chy"},"content":{"rendered":"<p>C\u00e1chy zauj\u00edmaj\u00ed v\u00fdraznou polohu na nejz\u00e1padn\u011bj\u0161\u00edm okraji N\u011bmecka, jejich\u017e ulice a budovy kop\u00edruj\u00ed obrysy historie trvaj\u00edc\u00ed v\u00edce ne\u017e dv\u011b tis\u00edcilet\u00ed. M\u011bsto, kde \u017eije p\u0159ibli\u017en\u011b 261 000 obyvatel, se rozkl\u00e1d\u00e1 na \u00fazem\u00ed, kter\u00e9 se t\u00e1hne p\u0159ibli\u017en\u011b 21,6 kilometru od severu k jihu a 17,2 kilometru od v\u00fdchodu na z\u00e1pad. Nach\u00e1z\u00ed se na severn\u00edm \u00fapat\u00ed poho\u0159\u00ed Vysok\u00e9 mo\u010d\u00e1ly a vrchoviny Eifel, v m\u00edst\u011b, kde \u0159eka Wurm, p\u0159\u00edtok \u0159eky R\u00far a v kone\u010dn\u00e9m d\u016fsledku i M\u00e1zy, odv\u00e1d\u00ed vody regionu do \u0161ir\u0161\u00edho euroregionu M\u00e1za-R\u00fdn. Belgie hrani\u010d\u00ed s m\u011bstem na jihoz\u00e1pad\u011b v d\u00e9lce 23,8 kilometru, zat\u00edmco Nizozemsko hrani\u010d\u00ed s jeho severoz\u00e1padn\u00edmi hranicemi v d\u00e9lce 21,8 kilometru, \u010d\u00edm\u017e vytv\u00e1\u0159\u00ed trojn\u00e1rodn\u00ed charakter, kter\u00fd formoval ekonomiku, kulturu a pocit soun\u00e1le\u017eitosti C\u00e1ch.<\/p>\n<p>Nejstar\u0161\u00ed zn\u00e1m\u00e1 osada u Aquae Granni \u2013 \u201evody Grannu\u201c \u2013 vd\u011b\u010d\u00ed za sv\u016fj p\u016fvod Kelt\u016fm, kte\u0159\u00ed jako prvn\u00ed rozpoznali l\u00e9\u010div\u00e9 vlastnosti term\u00e1ln\u00edch pramen\u016f. Za \u0159\u00edmsk\u00e9 nadvl\u00e1dy se tyto prameny staly centrem n\u011bkolika l\u00e1zn\u00ed postaven\u00fdch v prvn\u00edm stolet\u00ed a p\u0159itahovaly n\u00e1v\u0161t\u011bvn\u00edky z cel\u00e9 provincie. Po odchodu c\u00edsa\u0159sk\u00fdch pos\u00e1dek v p\u00e1t\u00e9m stolet\u00ed z\u00edskal vicus franskou identitu a teprve pod merovejskou a pozd\u011bji karol\u00ednskou z\u00e1\u0161titou se C\u00e1chy skute\u010dn\u011b proslavily. Koncem osm\u00e9ho stolet\u00ed si Karel Velik\u00fd vybral toto m\u00edsto pro sv\u016fj hlavn\u00ed pal\u00e1c a dokon\u010dil tak j\u00e1dro toho, co se kolem roku 800 n. l. stalo Palatinskou kapl\u00ed. Tato stavba, nyn\u00ed srdce katedr\u00e1ly, prop\u016fj\u010duje C\u00e1ch\u00e1m trval\u00fd p\u0159\u00eddomek \u201ekol\u00e9bky Evropy\u201c, co\u017e odr\u00e1\u017e\u00ed jejich kl\u00ed\u010dovou roli jako s\u00eddla Fransk\u00e9 \u0159\u00ed\u0161e.<\/p>\n<p>Po celou dobu st\u0159edov\u011bku si C\u00e1chy udr\u017eely sv\u00e1 kr\u00e1lovsk\u00e1 pr\u00e1va. Verdunsk\u00e1 smlouva z roku 843 za\u0159adila m\u011bsto do St\u0159edn\u00ed Franky a Meerssensk\u00e1 smlouva z roku 870 p\u0159ipadla pod V\u00fdchodn\u00ed Franky. V roce 1166 c\u00edsa\u0159 Fridrich Barbarossa ud\u011blil C\u00e1ch\u00e1m form\u00e1ln\u00ed m\u011bstsk\u00e1 pr\u00e1va a pov\u00fd\u0161il je na c\u00edsa\u0159sk\u00e9 svobodn\u00e9 m\u011bsto v r\u00e1mci Svat\u00e9 \u0159\u00ed\u0161e \u0159\u00edmsk\u00e9. Od roku 936 do roku 1531 se zde pod zlat\u00fdmi mozaikami a klenut\u00fdmi stropy katedr\u00e1ly konala ka\u017ed\u00e1 korunovace n\u011bmeck\u00fdch kr\u00e1l\u016f a c\u00edsa\u0159\u016f Svat\u00e9 \u0159\u00ed\u0161e \u0159\u00edmsk\u00e9 \u2013 celkem t\u0159icet jedna. Teprve kdy\u017e Frankfurt nad Mohanem z\u00edskal na v\u00fdznamu, C\u00e1chy postoupily svou ceremoni\u00e1ln\u00ed funkci sv\u00e9mu v\u00fdchodn\u00edmu sousedovi.<\/p>\n<p>V n\u00e1sleduj\u00edc\u00edch stolet\u00edch se ekonomika C\u00e1ch p\u0159izp\u016fsobila m\u011bn\u00edc\u00edm se proud\u016fm obchodu a pr\u016fmyslu. Uheln\u00e9 rev\u00edry na severov\u00fdchod\u011b p\u0159il\u00e1kaly do m\u011bsta administrativn\u00ed kancel\u00e1\u0159e, zat\u00edmco jeho v\u00fdrobn\u00ed sektor se diverzifikoval do elektrotechnick\u00e9ho zbo\u017e\u00ed, jemn\u00fdch vln\u011bn\u00fdch textili\u00ed, skla, \u010dokol\u00e1dy a cukrovinek, stroj\u016f, pry\u017eov\u00fdch v\u00fdrobk\u016f, n\u00e1bytku, kovov\u00fdroby a \u0159ady chemick\u00e9ho a plastov\u00e9ho zbo\u017e\u00ed. Na po\u010d\u00e1tku 21. stolet\u00ed tvo\u0159il skl\u00e1\u0159sk\u00fd a textiln\u00ed pr\u016fmysl pouze desetinu pracovn\u00edch m\u00edst v tov\u00e1rn\u00e1ch, co\u017e sv\u011bd\u010d\u00ed o posunu m\u011bsta sm\u011brem k high-tech odno\u017e\u00edm bl\u00edzk\u00e9 univerzity.<\/p>\n<p>Tato instituce, Rheinisch-Westf\u00e4lisch Technische Hochschule Aachen, neboli RWTH Aachen University, se rozrostla v jedno z p\u0159edn\u00edch n\u011bmeck\u00fdch center in\u017een\u00fdrstv\u00ed a aplikovan\u00fdch v\u011bd. Jej\u00ed univerzitn\u00ed nemocnice Uniklinikum Aachen se py\u0161n\u00ed ocen\u011bn\u00edm nejv\u011bt\u0161\u00ed nemocnice v Evrop\u011b, kter\u00e1 se nach\u00e1z\u00ed v jedn\u00e9 budov\u011b. S v\u00edce ne\u017e 40 000 studenty \u2013 v\u00edce ne\u017e \u010dtvrtinou obyvatel m\u011bsta \u2013 dod\u00e1v\u00e1 univerzita historick\u00e9 \u010dtvrti C\u00e1ch v\u00fdrazn\u011b mladistv\u00fd n\u00e1dech a z\u00e1rove\u0148 podporuje v\u00fdzkum a inovace. V roce 2009 se C\u00e1chy um\u00edstily na osm\u00e9m m\u00edst\u011b mezi n\u011bmeck\u00fdmi m\u011bsty v oblasti inovac\u00ed, co\u017e podtrhuje jejich trval\u00fd z\u00e1vazek k pokroku v oblasti informa\u010dn\u00edch technologi\u00ed, in\u017een\u00fdrstv\u00ed a v\u011bd.<\/p>\n<p>Klima C\u00e1ch odr\u00e1\u017e\u00ed jak nadmo\u0159skou v\u00fd\u0161ku na okraji poho\u0159\u00ed Eifel, tak i zem\u011bpisnou \u0161\u00ed\u0159ku v m\u00edrn\u00e9m kontinent\u00e1ln\u00edm p\u00e1smu. M\u011bsto, klasifikovan\u00e9 jako Cfb, se vyzna\u010duje vlhk\u00fdmi podm\u00ednkami, m\u00edrn\u00fdmi zimami a tepl\u00fdmi l\u00e9ty. Pr\u016fm\u011brn\u00e9 ro\u010dn\u00ed sr\u00e1\u017eky \u010din\u00ed 805 milimetr\u016f, co\u017e je v\u00edce ne\u017e 669 milimetr\u016f zaznamenan\u00fdch v nedalek\u00e9m Bonnu, co\u017e je d\u016fsledek z\u00e1padn\u00edch v\u011btr\u016f, kter\u00e9 p\u0159in\u00e1\u0161ej\u00ed vlhkost nad vyso\u010dinu. F\u00f6hn\u016fv v\u00edtr v ji\u017en\u00edch proudech m\u016f\u017ee zp\u016fsobit n\u00e1hl\u00e9 zv\u00fd\u0161en\u00ed teploty, zat\u00edmco okoln\u00ed kopce ob\u010das zachycuj\u00ed chladn\u011bj\u0161\u00ed vzduch, co\u017e vede k inverzn\u00edmu smogu. Urbanist\u00e9 zachovali \u010detn\u00e9 koridory studen\u00e9ho vzduchu, aby usnadnili proud\u011bn\u00ed vzduchu a zm\u00edrnili efekty tepeln\u00fdch ostrov\u016f v zastav\u011bn\u00fdch oblastech.<\/p>\n<p>Jazykov\u00e1 tapiserie C\u00e1ch je stejn\u011b bohat\u00e1. Obyvatel\u00e9 hovo\u0159\u00ed pob\u0159e\u017en\u00ed variantou st\u0159edn\u00ed fran\u0161tiny, jejich\u017e \u0159e\u010d je zabarvena limbursk\u00fdmi n\u00e1\u0159e\u010d\u00edmi zpoza nizozemsk\u00fdch hranic. Ka\u017edou zimu se m\u011bsto p\u0159ipojuje ke Kol\u00edn\u011b nad R\u00fdnem a Mohu\u010di jako jedno z hlavn\u00edch center por\u00fdnsk\u00e9ho karnevalu, kdy se ulice a n\u00e1m\u011bst\u00ed hem\u017e\u00ed ma\u0161kar\u00e1dami, dechov\u00fdmi kapelami a zvu\u010dnou radost\u00ed m\u00edstn\u00edch tradic. Jinde z\u016fst\u00e1v\u00e1 kulin\u00e1\u0159sk\u00fdm pozn\u00e1vac\u00edm znamen\u00edm Aachener Printen \u2013 robustn\u00ed pern\u00edk vyroben\u00fd z medu, ko\u0159en\u00ed a ob\u010das o\u0159ech\u016f nebo \u010dokol\u00e1dy \u2013 jeho\u017e recept se d\u011bd\u00ed z generace na generaci m\u00edstn\u00edch peka\u0159\u016f.<\/p>\n<p>Dopravn\u00ed s\u00edt\u011b ji\u017e dlouho podporovaly p\u0159eshrani\u010dn\u00ed spojen\u00ed C\u00e1ch. P\u016fvodn\u00ed Hauptbahnhof, slavnostn\u011b otev\u0159en\u00fd v roce 1841 pro tra\u0165 Kol\u00edn nad R\u00fdnem \u2013 C\u00e1chy, se v roce 1905 p\u0159esunul bl\u00ed\u017ee k centru m\u011bsta. Dnes mezim\u011bstsk\u00e9 vlaky ICE spojuj\u00ed C\u00e1chy s Bruselem, Kol\u00ednem nad R\u00fdnem a Frankfurtem, zat\u00edmco spoje Eurostar z Pa\u0159\u00ed\u017ee se na cest\u011b do N\u011bmecka zastavuj\u00ed. Region\u00e1ln\u00ed linky RE a RB spojuj\u00ed Por\u00fa\u0159\u00ed, M\u00f6nchengladbach, belgick\u00e9 Spa, D\u00fcsseldorf a Siegerland. Euregiobahn proch\u00e1z\u00ed sousedn\u00edmi m\u011bsty a \u010dty\u0159i men\u0161\u00ed stanice \u2013 Aachen West, Aachen Schanz, Aachen-Rothe Erde a Eilendorf \u2013 poskytuj\u00ed m\u00edstn\u00ed zast\u00e1vky, p\u0159i\u010dem\u017e Aachen West za\u017e\u00edv\u00e1 od roz\u0161\u00ed\u0159en\u00ed RWTH v\u011bt\u0161\u00ed vyu\u017e\u00edv\u00e1n\u00ed.<\/p>\n<p>V\u00fdvoj ve\u0159ejn\u00e9 dopravy se vyzna\u010doval k\u0159ivkou od ko\u0148sk\u00fdch tramvaj\u00ed v roce 1880 a\u017e po elektrifikaci v roce 1895, kdy se s\u00ed\u0165 v C\u00e1ch\u00e1ch roz\u0161\u00ed\u0159ila na v\u00edce ne\u017e 213 kilometr\u016f, co\u017e j\u00ed vyneslo ocen\u011bn\u00ed \u010dtvrt\u00e9ho nejdel\u0161\u00edho tramvajov\u00e9ho syst\u00e9mu v N\u011bmecku. P\u0159eshrani\u010dn\u00ed trat\u011b kdysi p\u0159epravovaly cestuj\u00edc\u00ed do Herzogenrathu, Stolbergu, Alsdorfu, Vaalsu, Kelmisu a Eupenu. Politick\u00e1 rozhodnut\u00ed a zhor\u0161ov\u00e1n\u00ed infrastruktury vedly k definitivn\u00edmu ukon\u010den\u00ed provozu tramvaj\u00ed v roce 1974, co\u017e uvolnilo m\u00edsto autobusov\u00e9 s\u00edti ASEAG. Dnes 68 linek pokr\u00fdv\u00e1 1 240,8 kilometr\u016f a zasahuje do Belgie a Nizozemska na trat\u00edch provozovan\u00fdch spole\u010dn\u011b se spole\u010dnostmi Transport en Commun a Veolia Nederland. ASEAG se \u00fa\u010dastn\u00ed tarifn\u00edho sdru\u017een\u00ed Aachener Verkehrsverbund, kter\u00e9 koordinuje ceny j\u00edzdn\u00e9ho se soukrom\u00fdmi dopravci a DB Regio Bus. Mezim\u011bstsk\u00e9 autobusy odj\u00ed\u017ed\u011bj\u00ed ze dvou uzl\u016f: Aachen West a Wilmersdorfer Stra\u00dfe.<\/p>\n<p>Automobilov\u00e1 doprava spojuje C\u00e1chy t\u0159emi d\u00e1lnicemi: osou A4 v\u00fdchod-z\u00e1pad, koridorem A44 sever-jih a odbo\u010dkou z A544 napojenou na n\u00e1m\u011bst\u00ed Europaplatz. M\u011bstsk\u00e9 \u00fa\u0159ady nad\u00e1le navrhuj\u00ed vylep\u0161en\u00ed, kter\u00e1 maj\u00ed zm\u00edrnit dopravn\u00ed z\u00e1cpy na k\u0159i\u017eovatce. Cestuj\u00edc\u00ed letecky vyu\u017e\u00edvaj\u00ed leti\u0161t\u011b Maastricht Aachen, kter\u00e9 se nach\u00e1z\u00ed patn\u00e1ct n\u00e1mo\u0159n\u00edch mil severoz\u00e1padn\u011b od centra m\u011bsta, a kyvadlovou dopravou zaji\u0161\u0165uj\u00edc\u00ed bezprobl\u00e9mov\u00e9 p\u0159estupy. Nedaleko se nach\u00e1z\u00ed b\u00fdval\u00e9 vojensk\u00e9 leti\u0161t\u011b v Merzbr\u00fccku, kter\u00e9 slou\u017e\u00ed pro rekrea\u010dn\u00ed letectv\u00ed.<\/p>\n<p>Stavebn\u00ed d\u011bdictv\u00ed a kulturn\u00ed pam\u00e1tky C\u00e1ch sv\u011bd\u010d\u00ed o jejich mnohostrann\u00e9m charakteru. Katedr\u00e1la, zapsan\u00e1 na seznam sv\u011btov\u00e9ho d\u011bdictv\u00ed UNESCO v roce 1978, p\u0159edstavuje soutok karol\u00ednsk\u00e9ho j\u00e1dra a gotick\u00e9ho ch\u00f3ru, jej\u00ed\u017e zlat\u00e9 mozaiky a vitr\u00e1\u017ee evokuj\u00ed stalet\u00ed um\u011bleck\u00e9ho \u00fasil\u00ed. Prohl\u00eddky katedr\u00e1ly a jej\u00ed pokladnice odhaluj\u00ed artefakty z antick\u00e9ho, karol\u00ednsk\u00e9ho, otonsk\u00e9ho a \u0161taufsk\u00e9ho obdob\u00ed, v\u010detn\u011b Lothairovsk\u00e9ho k\u0159\u00ed\u017ee a busty Karla Velik\u00e9ho. Poplatky a program se li\u0161\u00ed sez\u00f3nn\u011b a prohl\u00eddky s pr\u016fvodcem jsou k dispozici v angli\u010dtin\u011b. Vedle stoj\u00ed Rathaus, st\u0159edov\u011bk\u00e1 radnice, ve kter\u00e9 st\u00e1le s\u00eddl\u00ed kancel\u00e1\u0159 starosty.<\/p>\n<p>Ve star\u00e9m m\u011bst\u011b zt\u011bles\u0148uje Elizina font\u00e1na, postaven\u00e1 v roce 1827 nad term\u00e1ln\u00edmi prameny, trval\u00e9 l\u00e1ze\u0148sk\u00e9 d\u011bdictv\u00ed C\u00e1ch. Muzeum Couven, obchodn\u00ed d\u016fm z osmn\u00e1ct\u00e9ho stolet\u00ed, vystavuje dobov\u00fd n\u00e1bytek a interi\u00e9ry, zat\u00edmco Grashaus \u2013 d\u0159\u00edve p\u016fvodn\u00ed radnice \u2013 poch\u00e1z\u00ed z roku 1267. D\u016fm L\u00f6wenstein, Ponttor a Marschiertor nab\u00edzej\u00ed pohled na m\u011bstskou architekturu \u010dtrn\u00e1ct\u00e9ho a t\u0159in\u00e1ct\u00e9ho stolet\u00ed. Milovn\u00edci um\u011bn\u00ed najdou \u00fato\u010di\u0161t\u011b v muzeu Suermondt-Ludwig se sb\u00edrkou n\u011bmeck\u00e9ho a nizozemsk\u00e9ho socha\u0159stv\u00ed a mal\u00ed\u0159stv\u00ed a v Ludwig Forum for International Art s d\u00edly Warhola, Lichtensteina a H\u00e4ringa.<\/p>\n<p>Ti, kte\u0159\u00ed maj\u00ed r\u00e1di modernistick\u00fd a postmodern\u00ed design, mohou prozkoumat kampus RWTH, kde se snoub\u00ed budovy od po\u010d\u00e1tku dvac\u00e1t\u00e9ho stolet\u00ed a\u017e po sou\u010dasnost. Mezi nimi jsou pozoruhodn\u00e9 hlavn\u00ed budova, K\u00e1rm\u00e1n Auditorium, p\u0159edn\u00e1\u0161kov\u00fd s\u00e1l Audimax a recepce Super-C \u2013 jej\u00ed\u017e tvar ve tvaru p\u00edsmene C je \u010d\u00e1ste\u010dn\u011b podzemn\u00ed \u2013 zat\u00edmco Uniklinik p\u0159ipom\u00edn\u00e1 high-tech bujarost pa\u0159\u00ed\u017esk\u00e9ho Centre Pompidou. Nedaleko se nach\u00e1zej\u00ed specializovan\u00e9 instituce, jako je Zollmuseum Friedrichs, kter\u00e9 vypr\u00e1v\u011bj\u00ed o historii hrani\u010dn\u00edch p\u0159echod\u016f a Mezin\u00e1rodn\u00ed muzeum novin sleduje v\u00fdvoj ti\u0161t\u011bn\u00fdch m\u00e9di\u00ed. Na vrcholu kopce Lousberg nab\u00edz\u00ed rotuj\u00edc\u00ed vod\u00e1rensk\u00e1 v\u011b\u017e Belvedere, dnes restaurace, panoramatick\u00fd v\u00fdhled na m\u011bsto pod nimi.<\/p>\n<p>N\u00e1v\u0161t\u011bvn\u00edci, kte\u0159\u00ed hledaj\u00ed klidn\u011bj\u0161\u00ed chv\u00edle, mohou vystoupat po zalesn\u011bn\u00fdch stezk\u00e1ch v Lousbergu, kde se z ka\u017ed\u00e9 zat\u00e1\u010dky otev\u00edraj\u00ed zar\u00e1movan\u00e9 v\u00fdhledy na st\u0159echy s \u010derven\u00fdmi ta\u0161kami a kosteln\u00ed v\u011b\u017ee. Ve\u010der o\u017e\u00edv\u00e1 centr\u00e1ln\u00ed tr\u017ei\u0161t\u011b studenty a pouli\u010dn\u00edmi hudebn\u00edky, kte\u0159\u00ed posed\u00e1vaj\u00ed u skromn\u00e9ho j\u00eddla zakoupen\u00e9ho v kav\u00e1rn\u00e1ch na rohu. Frankenberger Viertel, alternativn\u00ed \u010dtvr\u0165 na jihu m\u011bsta, nab\u00edz\u00ed tureck\u00e9 a arabsk\u00e9 restaurace, kde autentick\u00e9 chut\u011b l\u00e1kaj\u00ed m\u00edstn\u00ed i nov\u011b p\u0159\u00edchoz\u00ed.<\/p>\n<p>C\u00e1chsk\u00fd kalend\u00e1\u0159 akc\u00ed odr\u00e1\u017e\u00ed historick\u00e9 zvyky i sou\u010dasn\u00fd vkus. Karneval na za\u010d\u00e1tku jara prom\u011bn\u00ed m\u011bsto v celoro\u010dn\u00ed oslavu, zat\u00edmco hudebn\u00ed festival Pinkpop v nedalek\u00e9m Landgraafu p\u0159itahuje ka\u017ed\u00e9 l\u00e9to mezin\u00e1rodn\u00ed davy. Kr\u00e1tce pot\u00e9 n\u00e1sleduje jezdeck\u00fd \u0161ampion\u00e1t CHIO, kter\u00fd je sou\u010d\u00e1st\u00ed celosv\u011btov\u00fdch sout\u011b\u017e\u00ed v j\u00edzd\u011b na koni. V z\u00e1\u0159\u00ed se v centru m\u011bsta kon\u00e1 ka\u017edoro\u010dn\u00ed kulturn\u00ed veletrh a od konce listopadu do 23. prosince se v Katschhofu a na M\u00fcnsterplatzu rozprost\u00edr\u00e1 v\u00e1no\u010dn\u00ed trh, jeho\u017e d\u0159ev\u011bn\u00e9 st\u00e1nky z\u00e1\u0159\u00ed na pozad\u00ed osv\u011btlen\u00e9 katedr\u00e1ly a radnice.<\/p>\n<p>Sportovn\u00ed a wellness za\u0159\u00edzen\u00ed odr\u00e1\u017eej\u00ed dlouholetou identitu C\u00e1ch jako l\u00e1ze\u0148sk\u00e9ho m\u011bsta. Carolus Thermen nab\u00edz\u00ed rozs\u00e1hl\u00e9 term\u00e1ln\u00ed l\u00e1zn\u011b, sauny a wellness procedury, zat\u00edmco venkovn\u00ed baz\u00e9n Hangeweiher \u2013 otev\u0159en\u00fd od kv\u011btna do poloviny z\u00e1\u0159\u00ed \u2013 kombinuje cvi\u010debn\u00ed baz\u00e9ny se stinn\u00fdmi loukami pro relaxaci. P\u011bt kryt\u00fdch baz\u00e9n\u016f je p\u0159\u00edstupn\u00fdch po cel\u00fd rok a uspokoj\u00ed sportovce i rodiny s d\u011btmi.<\/p>\n<p>Navzdory mnoha p\u0159ednostem p\u0159edstavuje C\u00e1chy \u2013 stejn\u011b jako ka\u017ed\u00e9 m\u011bstsk\u00e9 prost\u0159ed\u00ed \u2013 i sv\u00e9 v\u00fdzvy. V\u011bt\u0161ina \u010dtvrt\u00ed poskytuje p\u0159\u00edle\u017eitostn\u00fdm n\u00e1v\u0161t\u011bvn\u00edk\u016fm pocit bezpe\u010d\u00ed, a\u010dkoli okol\u00ed hlavn\u00edho n\u00e1dra\u017e\u00ed (Hauptbahnhof) a m\u00edstn\u00edho autobusov\u00e9ho n\u00e1dra\u017e\u00ed ob\u010das p\u0159itahuje lidi bojuj\u00edc\u00ed se z\u00e1vislost\u00ed. \u010ctvrti ji\u017en\u011b od centra m\u011bsta, formovan\u00e9 postindustri\u00e1ln\u00edm \u00fapadkem, mohou p\u016fsobit nel\u00e1kav\u011b na ty, kte\u0159\u00ed jejich rytmy neznaj\u00ed. Bl\u00edzkost hranic s sebou nese ur\u010dit\u00fd neleg\u00e1ln\u00ed obchod, i kdy\u017e ten z\u0159\u00eddka zasahuje do ka\u017edodenn\u00edho \u017eivota obyvatel a turist\u016f.<\/p>\n<p>C\u00e1chy svou fyzickou podobou i kulturn\u00edm \u017eivotem p\u0159edstavuj\u00ed d\u016fkaz kontinuity a adaptace. Ozv\u011bny keltsk\u00fdch poutn\u00edk\u016f, \u0159\u00edmsk\u00fdch koupaj\u00edc\u00edch se a karol\u00ednsk\u00fdch dvo\u0159an\u016f dozn\u00edvaj\u00ed na ark\u00e1dov\u00fdch n\u00e1m\u011bst\u00edch, st\u0159edov\u011bk\u00fdch bran\u00e1ch a kapl\u00edch lemovan\u00fdch mozaikami. P\u0159esto tep univerzitn\u00edch laborato\u0159\u00ed, modern\u00ed tramvaje p\u0159etvo\u0159en\u00e9 v autobusy a p\u0159eshrani\u010dn\u00ed spolupr\u00e1ce odr\u00e1\u017eej\u00ed m\u011bsto z\u00e1rove\u0148 starobyl\u00e9 i progresivn\u00ed. Zde, na soutoku t\u0159\u00ed n\u00e1rod\u016f, se historie a inovace snoub\u00ed stejn\u011b jist\u011b jako vody \u0159eky Wurm do \u0159eky R\u00fcr.<\/p>","protected":false},"excerpt":{"rendered":"<p>C\u00e1chy, kter\u00e9 se nach\u00e1zej\u00ed v nejz\u00e1padn\u011bj\u0161\u00edm regionu N\u011bmecka, se \u0159ad\u00ed jako 13. nejv\u011bt\u0161\u00ed m\u011bsto v Severn\u00edm Por\u00fdn\u00ed-Vestf\u00e1lsku a 27. nejv\u011bt\u0161\u00ed m\u011bsto v zemi s v\u00edce ne\u017e 261 000 obyvateli. Toto historick\u00e9 m\u011bsto bohat\u00e9 na kulturn\u00ed v\u00fdznam se nach\u00e1z\u00ed na soutoku t\u0159\u00ed n\u00e1rod\u016f: N\u011bmecka, Belgie a Nizozemska. Geografie C\u00e1ch, kter\u00e1 se nach\u00e1z\u00ed na severn\u00edm \u00fapat\u00ed Vysok\u00fdch mo\u010d\u00e1l\u016f a poho\u0159\u00ed Eifel, m\u00e1 zvln\u011bn\u00e9 kopce a zelen\u00e9 lesy, kter\u00e9 tvo\u0159\u00ed malebn\u00e9 prost\u0159ed\u00ed, kter\u00e9 okouzluje turisty po v\u011bky.<\/p>","protected":false},"author":1,"featured_media":2912,"parent":13736,"menu_order":0,"comment_status":"closed","ping_status":"closed","template":"elementor_theme","meta":{"_eb_attr":"","footnotes":""},"class_list":["post-13800","page","type-page","status-publish","has-post-thumbnail"],"_links":{"self":[{"href":"https:\/\/travelshelper.com\/cs\/wp-json\/wp\/v2\/pages\/13800","targetHints":{"allow":["GET"]}}],"collection":[{"href":"https:\/\/travelshelper.com\/cs\/wp-json\/wp\/v2\/pages"}],"about":[{"href":"https:\/\/travelshelper.com\/cs\/wp-json\/wp\/v2\/types\/page"}],"author":[{"embeddable":true,"href":"https:\/\/travelshelper.com\/cs\/wp-json\/wp\/v2\/users\/1"}],"replies":[{"embeddable":true,"href":"https:\/\/travelshelper.com\/cs\/wp-json\/wp\/v2\/comments?post=13800"}],"version-history":[{"count":0,"href":"https:\/\/travelshelper.com\/cs\/wp-json\/wp\/v2\/pages\/13800\/revisions"}],"up":[{"embeddable":true,"href":"https:\/\/travelshelper.com\/cs\/wp-json\/wp\/v2\/pages\/13736"}],"wp:featuredmedia":[{"embeddable":true,"href":"https:\/\/travelshelper.com\/cs\/wp-json\/wp\/v2\/media\/2912"}],"wp:attachment":[{"href":"https:\/\/travelshelper.com\/cs\/wp-json\/wp\/v2\/media?parent=13800"}],"curies":[{"name":"wp","href":"https:\/\/api.w.org\/{rel}","templated":true}]}}