{"id":13736,"date":"2024-09-18T01:52:44","date_gmt":"2024-09-18T01:52:44","guid":{"rendered":"https:\/\/travelshelper.com\/staging\/?page_id=13736"},"modified":"2026-03-12T00:14:06","modified_gmt":"2026-03-12T00:14:06","slug":"nemecko","status":"publish","type":"page","link":"https:\/\/travelshelper.com\/cs\/destinations\/europe\/germany\/","title":{"rendered":"N\u011bmecko"},"content":{"rendered":"<p>Spolkov\u00e1 republika N\u011bmecko zauj\u00edm\u00e1 centr\u00e1ln\u00ed polohu v Evrop\u011b. Rozkl\u00e1d\u00e1 se na plo\u0161e 357 596 kilometr\u016f \u010dtvere\u010dn\u00edch mezi Baltsk\u00fdm a Severn\u00edm mo\u0159em na severu a Alpami na jihu. Podle s\u010d\u00edt\u00e1n\u00ed lidu z roku 2023 zde \u017eije p\u0159ibli\u017en\u011b 84,7 milionu obyvatel. Soused\u00ed s dev\u00edti zem\u011bmi \u2013 D\u00e1nskem, Polskem, \u010ceskou republikou, Rakouskem, \u0160v\u00fdcarskem, Franci\u00ed, Lucemburskem, Belgi\u00ed a Nizozemskem \u2013 a je nejlidnat\u011bj\u0161\u00edm \u010dlensk\u00fdm st\u00e1tem Evropsk\u00e9 unie. Jej\u00ed ter\u00e9n kles\u00e1 od zasn\u011b\u017een\u00fdch vrcholk\u016f Bavorsk\u00fdch Alp, kde Zugspitze dosahuje 2 963 metr\u016f, p\u0159es zalesn\u011bn\u00e9 pahorkatiny a \u00farodn\u00e1 \u0159\u00ed\u010dn\u00ed \u00fadol\u00ed a\u017e k n\u00edzk\u00fdm, v\u011btrem o\u0161lehan\u00fdm rovin\u00e1m pod\u00e9l Severn\u00edho a Baltsk\u00e9ho mo\u0159e. Berl\u00edn slou\u017e\u00ed jako hlavn\u00ed m\u011bsto a kulturn\u00ed srdce, Frankfurt jako finan\u010dn\u00ed centrum a Por\u00fa\u0159\u00ed jako nejv\u011bt\u0161\u00ed m\u011bstsk\u00e1 aglomerace.<\/p>\n<p>Lidsk\u00e1 p\u0159\u00edtomnost na n\u011bmeck\u00e9 p\u016fd\u011b sah\u00e1 a\u017e k lovc\u016fm a sb\u011bra\u010d\u016fm z doby mlad\u00e9ho paleolitu, po nich\u017e n\u00e1sledovaly keltsk\u00e9 a pot\u00e9 germ\u00e1nsk\u00e9 kmeny. V prvn\u00edm stolet\u00ed n. l. \u0159\u00edm\u0161t\u00ed kronik\u00e1\u0159i pojmenovali oblast Germania, krajinu les\u016f a kmen\u016f za jejich hranicemi. V roce 962 se v\u00fdchodn\u00ed \u0159\u00ed\u0161e sask\u00fdch kr\u00e1l\u016f stala j\u00e1drem Svat\u00e9 \u0159\u00ed\u0161e \u0159\u00edmsk\u00e9. V \u0161estn\u00e1ct\u00e9m stolet\u00ed se severon\u011bmeck\u00e1 m\u011bsta stala centry protestantsk\u00e9 reformace a jejich kazatelsk\u00e9 debaty p\u0159etv\u00e1\u0159ely v\u00edru v cel\u00e9 Evrop\u011b. Napoleonsk\u00e9 p\u0159evraty v roce 1806 rozpustily st\u0159edov\u011bkou \u0159\u00ed\u0161i; do roku 1815 vznikla voln\u00e1 N\u011bmeck\u00e1 konfederace t\u0159iceti dev\u00edti kn\u00ed\u017eectv\u00ed, kter\u00e1 spojovala dynastie sp\u00ed\u0161e rodov\u00fdm p\u016fvodem ne\u017e jazykem \u010di pr\u00e1vem.<\/p>\n<p>Modern\u00ed n\u00e1rodnost se zformovala po rakousko-prusk\u00e9 v\u00e1lce v roce 1866, kdy Severon\u011bmeck\u00e1 konfederace pod prusk\u00fdm veden\u00edm vydl\u00e1\u017edila cestu k vyhl\u00e1\u0161en\u00ed N\u011bmeck\u00e9 \u0159\u00ed\u0161e v roce 1871. Tento imperi\u00e1ln\u00ed po\u010din skon\u010dil por\u00e1\u017ekou v roce 1918; z popela v\u00e1lky a revoluce povstala V\u00fdmarsk\u00e1 republika, k\u0159ehk\u00e1 demokracie su\u017eovan\u00e1 politick\u00fdmi a ekonomick\u00fdmi ot\u0159esy. Vzestup nacistick\u00e9 strany Adolfa Hitlera v roce 1933 uvedl do pop\u0159ed\u00ed brut\u00e1ln\u00ed diktaturu, glob\u00e1ln\u00ed konflikt a genocidu. V roce 1949 bylo N\u011bmecko rozd\u011bleno na dva st\u00e1ty: demokratickou, z\u00e1padn\u011b orientovanou Spolkovou republiku N\u011bmecko a komunistickou N\u011bmeckou demokratickou republiku na v\u00fdchod\u011b, p\u0159i\u010dem\u017e Berl\u00edn z\u016fstal pod dohledem \u010dty\u0159 mocnost\u00ed. P\u00e1d v\u00fdchodon\u011bmeck\u00e9ho re\u017eimu v roce 1989 vyvrcholil znovusjednocen\u00edm 3. \u0159\u00edjna 1990, co\u017e je datum, kter\u00e9 se dnes slav\u00ed jako Den n\u011bmeck\u00e9 jednoty.<\/p>\n<p>N\u011bmecko se dnes \u0159ad\u00ed mezi p\u0159edn\u00ed sv\u011btov\u00e9 ekonomiky. Jeho soci\u00e1ln\u011b-tr\u017en\u00ed syst\u00e9m kombinuje robustn\u00ed pr\u016fmysl s komplexn\u00edm soci\u00e1ln\u00edm zabezpe\u010den\u00edm: univerz\u00e1ln\u00ed zdravotn\u00ed p\u00e9\u010d\u00ed, penzijn\u00edmi programy, d\u00e1vkami v nezam\u011bstnanosti a bezplatn\u00fdmi ve\u0159ejn\u00fdmi univerzitami. Nomin\u00e1ln\u00ed HDP zem\u011b je nejv\u011bt\u0161\u00ed v Evrop\u011b a t\u0159et\u00ed nejv\u011bt\u0161\u00ed na sv\u011bt\u011b, zat\u00edmco produkce na obyvatele, upraven\u00e1 o kupn\u00ed s\u00edlu, p\u0159ekra\u010duje pr\u016fm\u011br EU o v\u00edce ne\u017e 20 procent. Sektor slu\u017eeb se na celkov\u00e9 produkci pod\u00edl\u00ed p\u0159ibli\u017en\u011b 72 procenty, pr\u016fmysl asi 27 procenty \u2013 co\u017e z N\u011bmecka d\u011bl\u00e1 p\u0159edn\u00edho evropsk\u00e9ho v\u00fdrobce \u2013 a zbytek tvo\u0159\u00ed zem\u011bd\u011blstv\u00ed. Nezam\u011bstnanost historicky z\u016fst\u00e1v\u00e1 pod pr\u016fm\u011brem EU a v lednu 2020 dos\u00e1hla 3,2 procenta.<\/p>\n<p>N\u011bmecko jako\u017eto obchodn\u00ed velmoc se um\u00edstilo na t\u0159et\u00edm m\u00edst\u011b na sv\u011bt\u011b v exportu i importu a udr\u017euje si druh\u00fd nejv\u011bt\u0161\u00ed obchodn\u00ed p\u0159ebytek po \u010c\u00edn\u011b. Mezi jeho hlavn\u00ed obchodn\u00ed partnery v roce 2024 pat\u0159ily Spojen\u00e9 st\u00e1ty, \u010c\u00edna a Nizozemsko. Vozidla, stroje a chemick\u00e9 v\u00fdrobky tvo\u0159\u00ed p\u00e1te\u0159 n\u011bmeck\u00e9ho exportu. Automobilov\u00fd pr\u016fmysl, v n\u011bm\u017e s\u00eddl\u00ed v\u00fdrobci jako Volkswagen Group, BMW, Mercedes-Benz, Porsche a Audi, je nejv\u011bt\u0161\u00edm producentem na kontinentu co do hodnoty a z\u00e1rove\u0148 glob\u00e1ln\u00edm inov\u00e1torem v oblasti in\u017een\u00fdrstv\u00ed a designu. Frankfurt je s\u00eddlem Evropsk\u00e9 centr\u00e1ln\u00ed banky a p\u0159\u00edstav Hamburk je t\u0159et\u00edm nejru\u0161n\u011bj\u0161\u00edm kontejnerov\u00fdm centrem v Evrop\u011b.<\/p>\n<p>N\u011bmeck\u00e1 krajina se d\u011bl\u00ed na p\u011bt hlavn\u00edch p\u0159\u00edrodn\u00edch oblast\u00ed. Severon\u011bmeck\u00e1 n\u00ed\u017eina se t\u00e1hne od Fr\u00edsk\u00fdch ostrov\u016f k pob\u0159e\u017e\u00ed Baltsk\u00e9ho mo\u0159e, jej\u00ed\u017e n\u00edzk\u00e9 duny a bahnit\u00e9 pl\u00e1n\u011b jsou formov\u00e1ny prudk\u00fdmi z\u00e1padn\u00edmi v\u011btry. Dvakr\u00e1t denn\u011b se Waddensk\u00e9 mo\u0159e st\u00e1hne a odhal\u00ed rozlehl\u00e9 p\u0159\u00edlivov\u00e9 pl\u00e1n\u011b, kde proch\u00e1zky s pr\u016fvodcem po bahnit\u00fdch pl\u00e1n\u00edch odhaluj\u00ed nadpozemsk\u00fd sv\u011bt m\u011bkk\u00fd\u0161\u016f a brodiv\u00fdch pt\u00e1k\u016f. Na pob\u0159e\u017e\u00ed le\u017e\u00ed V\u00fdchodofr\u00edsk\u00e9 a Severofr\u00edsk\u00e9 ostrovy, \u00fato\u010di\u0161t\u011b bez aut obl\u00edben\u00e1 u dom\u00e1c\u00edch turist\u016f. Centr\u00e1ln\u00ed pahorkatiny \u2013 pro\u0161\u00edvan\u00e1 pro\u0161\u00edvan\u00e1 horsk\u00e1 p\u00e1sma, jako je Harz, \u010cern\u00fd les a Bavorsk\u00fd les \u2013 m\u00eds\u00ed pastvinsk\u00e1 \u00fadol\u00ed s mal\u00fdmi m\u011bste\u010dky, jejich\u017e hr\u00e1zd\u011bn\u00e9 domy p\u0159ipom\u00ednaj\u00ed st\u0159edov\u011bk. Na jihoz\u00e1pad\u011b se v \u00farodn\u00e9m \u00fadol\u00ed R\u00fdna p\u011bstuj\u00ed v\u00edna proslul\u00e1 od R\u00fcdesheimu po Koblenz.<\/p>\n<p>Extr\u00e9mn\u00ed jih obep\u00edn\u00e1 severn\u00ed okraj Alp, kde s\u00ed\u0165 lanovek vyn\u00e1\u0161\u00ed n\u00e1v\u0161t\u011bvn\u00edky na vrchol Zugspitze a alpsk\u00e9 stezky proch\u00e1zej\u00ed smaragdov\u00fdmi pastvinami a ledovcov\u00fdmi jezery. Bodamsk\u00e9 jezero, o kter\u00e9 se d\u011bl\u00ed s Rakouskem a \u0160v\u00fdcarskem, zrcadl\u00ed zasn\u011b\u017een\u00e9 vrcholky a z\u00e1rove\u0148 nab\u00edz\u00ed vodn\u00ed sporty a sady na sv\u00fdch b\u0159ez\u00edch. V t\u011bchto regionech se nach\u00e1z\u00ed p\u011bt suchozemsk\u00fdch ekoregion\u016f s bohatou biodiverzitou: od atlantsk\u00fdch a baltsk\u00fdch sm\u00ed\u0161en\u00fdch les\u016f a\u017e po st\u0159edoevropsk\u00e9 listnat\u00e9 a alpsk\u00e9 jehli\u010dnat\u00e9 lesy. V\u00edce ne\u017e polovina n\u011bmeck\u00e9 p\u016fdy je v\u011bnov\u00e1na zem\u011bd\u011blstv\u00ed, t\u00e9m\u011b\u0159 t\u0159etina z\u016fst\u00e1v\u00e1 zalesn\u011bn\u00e1 a zbytek zab\u00edraj\u00ed os\u00eddlen\u00ed. Mezi kl\u00ed\u010dov\u00e9 p\u0159\u00edrodn\u00ed zdroje pat\u0159\u00ed mimo jin\u00e9 \u017eelezn\u00e1 ruda, uhl\u00ed, pota\u0161, d\u0159evo a lignit.<\/p>\n<p>N\u011bmeck\u00e1 fl\u00f3ra zahrnuje buk, dub, smrk a borovici, d\u00e1le kapradiny, houby a divok\u00e9 kv\u011btiny, jako je chrpa modr\u00e1, kdysi n\u00e1rodn\u00ed symbol. Fauna sah\u00e1 od srnc\u016f a divok\u00fdch prasat a\u017e po bobra evropsk\u00e9ho a ob\u010das i muflona. Ochrana p\u0159\u00edrody vedla k \u0161estn\u00e1cti n\u00e1rodn\u00edm park\u016fm \u2013 mezi nimi\u017e jsou Jasmund na ostrov\u011b Ruj\u00e1na, Bavorsk\u00fd les a Berchtesgaden \u2013 plus sedmn\u00e1ct biosf\u00e9rick\u00fdch rezervac\u00ed a v\u00edce ne\u017e sto p\u0159\u00edrodn\u00edch park\u016f. Zoologick\u00e9 zahrady jsou tak\u00e9 hojn\u00e9, nap\u0159\u00edklad Berl\u00ednsk\u00e1 zoo, zalo\u017een\u00e1 v roce 1844, se py\u0161n\u00ed nejrozs\u00e1hlej\u0161\u00ed sb\u00edrkou druh\u016f na sv\u011bt\u011b a slou\u017e\u00ed jako centrum pro chov ohro\u017een\u00fdch zv\u00ed\u0159at.<\/p>\n<p>M\u00edrn\u00e9 klima N\u011bmecka se pohybuje od oce\u00e1nsk\u00e9ho na severoz\u00e1pad\u011b, kde p\u0159\u00edmo\u0159sk\u00e9 klima ovliv\u0148uje m\u00edrn\u00e9 teploty, a\u017e po kontinent\u00e1ln\u00ed na v\u00fdchod\u011b a jihov\u00fdchod\u011b s v\u00fdrazn\u011bj\u0161\u00edmi sez\u00f3nn\u00edmi extr\u00e9my. Pr\u016fm\u011brn\u00e9 m\u011bs\u00ed\u010dn\u00ed teploty od \u00fanora 2019 do \u00fanora 2020 se pohybovaly od 3,3 \u00b0C v lednu 2020 do 19,8 \u00b0C v \u010dervnu 2019. Sr\u00e1\u017eky kol\u00edsaly od 30 l\/m\u00b2 na ja\u0159e do 125 l\/m\u00b2 v pozdn\u00ed zim\u011b, zat\u00edmco po\u010det hodin slune\u010dn\u00edho svitu se pohyboval od minima 45 v listopadu 2019 do 300 v \u010dervnu 2019. Dlouhodob\u00e1 zm\u011bna klimatu zesiluje vlny veder a z\u00e1plavy a ohro\u017euje z\u00e1sobov\u00e1n\u00ed vodou a zem\u011bd\u011blstv\u00ed, p\u0159i\u010dem\u017e p\u0159edpokl\u00e1dan\u00e9 ekonomick\u00e9 \u0161kody dos\u00e1hnou do poloviny stolet\u00ed a\u017e 900 miliard eur.<\/p>\n<p>Kultura v N\u011bmecku odr\u00e1\u017e\u00ed stalet\u00ed filozofick\u00e9ho, v\u011bdeck\u00e9ho a um\u011bleck\u00e9ho \u00fasil\u00ed. V zemi se nach\u00e1z\u00ed 54 pam\u00e1tek sv\u011btov\u00e9ho d\u011bdictv\u00ed UNESCO \u2013 pat\u0159\u00ed k nejv\u00fd\u0161e postaven\u00fdm na sv\u011bt\u011b \u2013 v\u010detn\u011b kol\u00ednsk\u00e9 katedr\u00e1ly, w\u00fcrzbursk\u00e9 rezidence a vytesan\u00fdch jeskyn\u00ed Messelsk\u00e9 j\u00e1my. Lidov\u00e9 tradice, jako je mnichovsk\u00fd Oktoberfest, a v\u00e1no\u010dn\u00ed zvyky, jako jsou adventn\u00ed v\u011bnce a \u0161toly, i nad\u00e1le p\u0159itahuj\u00ed davy lid\u00ed. St\u00e1tn\u00ed sv\u00e1tky se v jednotliv\u00fdch st\u00e1tech li\u0161\u00ed, ale 3. \u0159\u00edjen spojuje v\u0161echny N\u011bmce v oslav\u011b znovusjednocen\u00ed. Soci\u00e1ln\u00ed struktura zahrnuje 49,7 procenta k\u0159es\u0165an\u016f (protestant\u016f a katol\u00edk\u016f), odhadem 6,7 procenta muslim\u016f a men\u0161\u00ed komunity \u017did\u016f, buddhist\u016f a dal\u0161\u00edch, zat\u00edmco sekularismus v posledn\u00edch desetilet\u00edch v\u00fdrazn\u011b vzrostl.<\/p>\n<p>N\u011bmeck\u00e1 kuchyn\u011b si libuje v region\u00e1ln\u00ed rozmanitosti. Pek\u00e1rny vyr\u00e1b\u011bj\u00ed p\u0159es 600 r\u016fzn\u00fdch druh\u016f chleba a 1 200 druh\u016f pe\u010diva; s\u00fdry tvo\u0159\u00ed zhruba 22 procent evropsk\u00e9 produkce; klob\u00e1sy maj\u00ed t\u00e9m\u011b\u0159 1 500 druh\u016f, od vydatn\u00fdch klob\u00e1s a\u017e po delik\u00e1tn\u00ed b\u00edl\u00e9 ko\u0161\u00ed\u010dky (weissw\u00fcrste). Pivo, uct\u00edvan\u00e9 podle z\u00e1kon\u016f o \u010distot\u011b piva sahaj\u00edc\u00edch a\u017e do \u0161estn\u00e1ct\u00e9ho stolet\u00ed, z\u016fst\u00e1v\u00e1 n\u00e1rodn\u00edm n\u00e1pojem s ro\u010dn\u00ed spot\u0159ebou p\u0159es 110 litr\u016f na obyvatele, zat\u00edmco produkce v\u00edna se celosv\u011btov\u011b um\u00edstila na dev\u00e1t\u00e9m m\u00edst\u011b. V m\u011bstsk\u00fdch centrech vzkv\u00e9t\u00e1 i mezin\u00e1rodn\u00ed kuchyn\u011b, od tureck\u00e9ho d\u00f6ner kebabu a\u017e po asijsk\u00e9 a st\u0159edomo\u0159sk\u00e9 speciality.<\/p>\n<p>Sport, zejm\u00e9na fotbal, fascinuje n\u00e1rod. N\u011bmeck\u00fd fotbalov\u00fd svaz je s v\u00edce ne\u017e sedmi miliony \u010dlen\u016f nejv\u011bt\u0161\u00edm subjektem zam\u011b\u0159en\u00fdm na jeden sport na sv\u011bt\u011b. Bundesliga m\u00e1 druhou nejvy\u0161\u0161\u00ed pr\u016fm\u011brnou n\u00e1v\u0161t\u011bvnost mezi profesion\u00e1ln\u00edmi ligami na sv\u011bt\u011b a mu\u017esk\u00fd n\u00e1rodn\u00ed t\u00fdm si zajistil \u010dty\u0159i v\u00edt\u011bzstv\u00ed na mistrovstv\u00ed sv\u011bta FIFA, t\u0159i na mistrovstv\u00ed Evropy UEFA a v roce 2017 v\u00edt\u011bzstv\u00ed na Poh\u00e1ru konfederac\u00ed FIFA.<\/p>\n<p>Navzdory stereotypu p\u0159esnosti a chov\u00e1n\u00ed v\u00e1zan\u00e9ho pravidly odhaluje N\u011bmecko bohatstv\u00ed region\u00e1ln\u00ed rozmanitosti. \u0160estn\u00e1ct spolkov\u00fdch zem\u00ed (\u201eL\u00e4nder\u201c) \u2013 z nich\u017e t\u0159i jsou m\u011bstsk\u00e9 st\u00e1ty \u2013 jde po historick\u00e1 v\u00e9vodstv\u00ed a kn\u00ed\u017eectv\u00ed. Obyvatel\u00e9 severu mluv\u00ed doln\u00ed n\u011bm\u010dinou a u\u017e\u00edvaj\u00ed si v\u011btrem o\u0161lehan\u00e1 pob\u0159e\u017e\u00ed; z\u00e1padn\u00ed vina\u0159sk\u00e9 oblasti si cen\u00ed moselsk\u00fdch a r\u00fdnsk\u00fdch v\u00edn; st\u0159edn\u00ed Hesensko a Durynsko ukr\u00fdvaj\u00ed hust\u00e9 lesy a st\u0159edov\u011bk\u00e1 m\u011bsta; v\u00fdchodn\u00ed spolkov\u00e9 zem\u011b nesou otisk NDR, zat\u00edmco jih se py\u0161n\u00ed bavorsk\u00fdm alpsk\u00fdm \u0161armem a \u0161v\u00e1bskou kulin\u00e1\u0159skou rafinovanost\u00ed. Dev\u011bt m\u011bst vynik\u00e1: kulturn\u00ed renesance Berl\u00edna za jeho rozd\u011blenou minulost\u00ed; p\u0159\u00edmo\u0159sk\u00e1 \u010dtvr\u0165 Br\u00e9m; \u0159\u00edmsk\u00e9 d\u011bdictv\u00ed a ty\u010d\u00edc\u00ed se katedr\u00e1la Kol\u00edna nad R\u00fdnem; pe\u010dliv\u00e1 rekonstrukce Dr\u00e1\u017e\u010fan; m\u00f3da a promen\u00e1dy u \u0159eky D\u00fcsseldorf; panorama a muzea Frankfurtu; hambursk\u00e9 kan\u00e1ly a Labsk\u00e1 filharmonie; mnichovsk\u00e9 pivnice a Alpsk\u00e1 br\u00e1na; a st\u0159edov\u011bk\u00e9 hradby Norimberku a pochmurn\u00e1 m\u00edsta v\u00e1le\u010dn\u00fdch zlo\u010din\u016f.<\/p>\n<p>Krom\u011b toho cestovatel\u00e9 vyhled\u00e1vaj\u00ed baltsk\u00e9 pob\u0159e\u017e\u00ed Binzu a Usedomu; poh\u00e1dkov\u00e9 v\u00fdhledy na hrad Neuschwanstein; krasov\u00e9 \u00fatesy Fransk\u00e9ho \u0160v\u00fdcarska; mystick\u00e9 stezky vrcholu Brockenu v Harzsk\u00e9 hore; klidn\u00e9 vody Bodamsk\u00e9ho jezera; a vinice v \u00fadol\u00ed st\u0159edn\u00edho R\u00fdna. Historick\u00e9 trasy se vine kolem opevn\u011bn\u00fdch hradeb Rothenburgu ob der Tauber a ty\u010d\u00edc\u00edho se M\u00fcnsteru v Ulmu, zat\u00edmco Stezka brat\u0159\u00ed Grimm\u016f spojuje vesnice, kter\u00e9 inspirovaly p\u0159\u00edb\u011bhy o Locice a Rumpelstiltskinovi.<\/p>\n<p>N\u011bmeck\u00fd \u201ehospod\u00e1\u0159sk\u00fd z\u00e1zrak\u201c jako\u017eto modern\u00ed pr\u016fmyslov\u00fd n\u00e1rod nach\u00e1z\u00ed konkr\u00e9tn\u00ed podobu v uheln\u00e9m a ocel\u00e1\u0159sk\u00e9m d\u011bdictv\u00ed Por\u00fa\u0159\u00ed, glob\u00e1ln\u00edch lodn\u00edch tepn\u00e1ch Hamburku, finan\u010dn\u00edch mrakodrapech Frankfurtu, stylov\u00fdch \u010dtvrt\u00edch D\u00fcsseldorfu, kol\u00ednsk\u00fdch medi\u00e1ln\u00edch podnic\u00edch a stuttgartsk\u00fdch automobilov\u00fdch muze\u00edch. Berl\u00edn, z\u00e1rove\u0148 rozt\u0159\u00ed\u0161t\u011bn\u00fd i sjednocen\u00fd, stav\u00ed vedle sebe v\u011b\u017ee Bauhausu a barokn\u00ed pal\u00e1ce, pouli\u010dn\u00ed um\u011bn\u00ed a podzemn\u00ed kluby, pam\u00e1tn\u00edky holocaustu a symboly demokratick\u00e9 obnovy.<\/p>\n<p>Ka\u017edodenn\u00ed \u017eivot v N\u011bmecku se nese v souladu s etiketou: \u010derven\u00e1 na semaforu si v kteroukoli hodinu vynucuje respekt; form\u00e1ln\u00ed osloven\u00ed p\u0159\u00edjmen\u00edm a z\u00e1jmenem Sie zd\u016fraz\u0148uje profesion\u00e1ln\u00ed zdvo\u0159ilost; up\u0159\u00edmnost je cen\u011bna v\u00edce ne\u017e konverzace; humor t\u00edhne k ironii a slovn\u00edm h\u0159\u00ed\u010dk\u00e1m. Ve\u0159ejn\u00e1 prostranstv\u00ed vy\u017eaduj\u00ed slu\u0161n\u00e9 chov\u00e1n\u00ed: pit\u00ed ze sklenice Stein je b\u011b\u017en\u00e9, ale hlu\u010dn\u00e9 chov\u00e1n\u00ed vyvol\u00e1v\u00e1 rychl\u00e9 napomenut\u00ed; pam\u00e1tn\u00edky a m\u00edsta bohoslu\u017eeb zve\u0159ej\u0148uj\u00ed domovn\u00ed \u0159\u00e1d, kter\u00fd si zaslou\u017e\u00ed p\u0159\u00edsn\u00e9 dodr\u017eov\u00e1n\u00ed; d\u011bti z\u016fst\u00e1vaj\u00ed pod dohledem rodi\u010d\u016f, aby se fr\u00e1ze \u201eEltern haften f\u00fcr ihre Kinder\u201c nestala doslovnou. Na pl\u00e1\u017e\u00edch a v saun\u00e1ch je b\u011b\u017en\u00e9 opalov\u00e1n\u00ed naho\u0159e bez a nahota sm\u00ed\u0161en\u00fdch pohlav\u00ed; v interi\u00e9rech i ve vlac\u00edch plat\u00ed z\u00e1kaz kou\u0159en\u00ed, zat\u00edmco vaping se nach\u00e1z\u00ed v leg\u00e1ln\u00ed \u0161ed\u00e9 z\u00f3n\u011b. Jako host opl\u00e1c\u00edte pohostinnost spot\u0159ebn\u00edmi d\u00e1rky \u2013 kvalitn\u00edm m\u00edstn\u00edm v\u00ednem nebo \u0159emeslnou pochoutkou \u2013 kter\u00e9 jsou cen\u011bny v\u00edce ne\u017e drobnosti.<\/p>","protected":false},"excerpt":{"rendered":"<p>N\u011bmecko, form\u00e1ln\u011b zn\u00e1m\u00e9 jako Spolkov\u00e1 republika N\u011bmecko, se nach\u00e1z\u00ed ve st\u0159edn\u00ed Evrop\u011b a m\u00e1 v\u00edce ne\u017e 82 milion\u016f obyvatel na plo\u0161e 357 569 kilometr\u016f \u010dtvere\u010dn\u00edch (138 058 \u010dtvere\u010dn\u00edch mil). N\u011bmecko je nejlidnat\u011bj\u0161\u00ed \u010dlenskou zem\u00ed Evropsk\u00e9 unie a v\u00fdznamn\u00fdm akt\u00e9rem na evropsk\u00e9 i sv\u011btov\u00e9 sc\u00e9n\u011b. V\u00fdznamn\u00e1 poloha N\u011bmecka na k\u0159i\u017eovatce kontinentu ovliv\u0148ovala jeho historii, kulturu a hospod\u00e1\u0159sk\u00fd r\u016fst po tis\u00edcilet\u00ed.<\/p>","protected":false},"author":1,"featured_media":3923,"parent":24078,"menu_order":0,"comment_status":"closed","ping_status":"closed","template":"elementor_theme","meta":{"_eb_attr":"","footnotes":""},"class_list":["post-13736","page","type-page","status-publish","has-post-thumbnail"],"_links":{"self":[{"href":"https:\/\/travelshelper.com\/cs\/wp-json\/wp\/v2\/pages\/13736","targetHints":{"allow":["GET"]}}],"collection":[{"href":"https:\/\/travelshelper.com\/cs\/wp-json\/wp\/v2\/pages"}],"about":[{"href":"https:\/\/travelshelper.com\/cs\/wp-json\/wp\/v2\/types\/page"}],"author":[{"embeddable":true,"href":"https:\/\/travelshelper.com\/cs\/wp-json\/wp\/v2\/users\/1"}],"replies":[{"embeddable":true,"href":"https:\/\/travelshelper.com\/cs\/wp-json\/wp\/v2\/comments?post=13736"}],"version-history":[{"count":0,"href":"https:\/\/travelshelper.com\/cs\/wp-json\/wp\/v2\/pages\/13736\/revisions"}],"up":[{"embeddable":true,"href":"https:\/\/travelshelper.com\/cs\/wp-json\/wp\/v2\/pages\/24078"}],"wp:featuredmedia":[{"embeddable":true,"href":"https:\/\/travelshelper.com\/cs\/wp-json\/wp\/v2\/media\/3923"}],"wp:attachment":[{"href":"https:\/\/travelshelper.com\/cs\/wp-json\/wp\/v2\/media?parent=13736"}],"curies":[{"name":"wp","href":"https:\/\/api.w.org\/{rel}","templated":true}]}}