{"id":13671,"date":"2024-09-18T01:03:38","date_gmt":"2024-09-18T01:03:38","guid":{"rendered":"https:\/\/travelshelper.com\/staging\/?page_id=13671"},"modified":"2026-03-12T00:58:08","modified_gmt":"2026-03-12T00:58:08","slug":"volos","status":"publish","type":"page","link":"https:\/\/travelshelper.com\/cs\/destinations\/europe\/greece\/volos\/","title":{"rendered":"Volos"},"content":{"rendered":"<p>Volos, pob\u0159e\u017en\u00ed p\u0159\u00edstavn\u00ed m\u011bsto, kter\u00e9 slou\u017e\u00ed jako n\u00e1mo\u0159n\u00ed br\u00e1na do Thes\u00e1lie, ovl\u00e1d\u00e1 stejnou m\u011brou geografii i historii. S 85 803 obyvateli (k roku 2021) se nach\u00e1z\u00ed v nejvnit\u0159n\u011bj\u0161\u00edm bod\u011b Pagasetsk\u00e9ho z\u00e1livu, kde se rovina na \u00fapat\u00ed hory Pelion rozkl\u00e1d\u00e1 na v\u00fdchod sm\u011brem k Agrii a na jihoz\u00e1pad sm\u011brem k Nea Anchialos. Jako hlavn\u00ed m\u011bsto region\u00e1ln\u00ed jednotky Magnesia funguje Volos nejen jako region\u00e1ln\u00ed administrativn\u00ed centrum, ale tak\u00e9 jako jedin\u00fd v\u00fdtok Thes\u00e1lie k Egejsk\u00e9mu mo\u0159i, kter\u00fd propojuje nejv\u011bt\u0161\u00ed zem\u011bd\u011blsk\u00e9 vnitrozem\u00ed \u0158ecka s \u0161ir\u0161\u00edmi proudy evropsk\u00e9ho a asijsk\u00e9ho obchodu.<\/p>\n<p>Od sv\u00fdch m\u00fdtick\u00fdch po\u010d\u00e1tk\u016f ve starov\u011bk\u00e9 osad\u011b Iolkos \u2013 kde se \u0159\u00edk\u00e1, \u017ee I\u00e1s\u00f3n a Argonauti spustili na vodu lo\u010f Argo \u2013 se Volos neust\u00e1le znovuobjevoval. Modern\u00ed m\u011bsto vzniklo po katastrof\u00e1ln\u00edch zem\u011bt\u0159esen\u00edch v roce 1955, kter\u00e1 srovnala se zem\u00ed velkou \u010d\u00e1st jeho neoklasicistn\u00edch s\u00eddel a historick\u00e9ho n\u00e1b\u0159e\u017e\u00ed. Na jejich m\u00edst\u011b vyrostla s\u00ed\u0165 sou\u010dasn\u00fdch staveb, zat\u00edmco hrstka zrestaurovan\u00fdch s\u00eddel nyn\u00ed slou\u017e\u00ed ve\u0159ejn\u00fdm \u00fa\u010del\u016fm a je blednouc\u00edmi poz\u016fstatky minul\u00e9 obchodn\u00ed prosperity. Architekt Aristotelis Zachos zanechal na panoramatu m\u011bsta svou stopu kostely svat\u00e9ho Mikul\u00e1\u0161e a svat\u00e9ho Konstantina a Heleny, nen\u00e1padn\u00fdmi maj\u00e1ky na p\u0159\u00edmo\u0159sk\u00e9 promen\u00e1d\u011b, kter\u00e9 p\u0159ipom\u00ednaj\u00ed n\u00e1mo\u0159n\u00ed d\u011bdictv\u00ed a duchovn\u00ed z\u00e1klady m\u011bsta.<\/p>\n<p>Geograficky je Volos definov\u00e1n t\u0159emi horsk\u00fdmi byst\u0159inami \u2013 Anavrosem, Krafsidonas a Xirias \u2013 z nich\u017e ka\u017ed\u00e1 sestupuje z vrcholu hory Pelion ve v\u00fd\u0161ce 1 610 metr\u016f. Vytv\u00e1\u0159ej\u00ed p\u0159irozen\u00e9 barik\u00e1dy nap\u0159\u00ed\u010d m\u011bstskou krajinou, formuj\u00ed hranice \u010dtvrt\u00ed a vytv\u00e1\u0159ej\u00ed zelen\u00e9 koridory, kter\u00e9 zm\u00edr\u0148uj\u00ed pr\u016fmyslov\u00e9 srdce m\u011bsta. Zejm\u00e9na Krafsidonas slou\u017e\u00ed jako zelen\u00e9 pl\u00edce metropole, odd\u011bluj\u00ed obce Volos a Nea Ionia a z\u00e1rove\u0148 vy\u017eivuj\u00ed parky a p\u011b\u0161\u00ed stezky. Masiv Pelionu, ty\u010d\u00edc\u00ed se bezprost\u0159edn\u011b na jihu, vrh\u00e1 de\u0161\u0165ov\u00fd st\u00edn, kter\u00fd zm\u00edr\u0148uje sr\u00e1\u017eky, zat\u00edmco klidn\u00e9 vody z\u00e1livu prop\u016fj\u010duj\u00ed m\u011bstu klima, kter\u00e9 vyva\u017euje tepl\u00e1 l\u00e9ta a m\u00edrn\u00e9 zimy a umo\u017e\u0148uje ob\u010dasn\u00e9 sn\u011b\u017een\u00ed, ani\u017e by to naru\u0161ovalo ka\u017edodenn\u00ed \u017eivot.<\/p>\n<p>Volosk\u00e1 ekonomika je d\u016fkazem strategick\u00e9 geografie a pr\u016fmyslov\u00e9ho v\u00fdvoje. Volos se nach\u00e1z\u00ed na k\u0159i\u017eovatce d\u00e1lnice E75 (PATHE) s \u017eelezni\u010dn\u00edm spojen\u00edm do At\u00e9n, Solun\u011b a Larissy a je ukotven v n\u00e1kladn\u00edch termin\u00e1lech p\u0159\u00edstavu \u2013 t\u0159et\u00edm nejv\u011bt\u0161\u00edm v \u0158ecku \u2013 a udr\u017euje mnohostrannou ekonomiku zahrnuj\u00edc\u00ed v\u00fdrobu, obchod, slu\u017eby a cestovn\u00ed ruch. T\u011b\u017ek\u00fd pr\u016fmysl vzkv\u00e9t\u00e1 ve v\u00fdrob\u011b oceli \u2013 prost\u0159ednictv\u00edm spole\u010dnost\u00ed METKA, SIDENOR a Hellenic Steel \u2013 a ve v\u00fdrob\u011b cementu v z\u00e1vod\u011b AGET Heracles, kter\u00fd ro\u010dn\u011b ode\u0161le p\u0159es sedm milion\u016f tun p\u0159es sv\u00e9 soukrom\u00e9 molo. V\u00fdzkumn\u00e9 iniciativy dopl\u0148uj\u00ed tyto pr\u016fmyslov\u00e9 pil\u00ed\u0159e: Institut bioekonomiky a agrotechnologi\u00ed, sou\u010d\u00e1st Centra pro v\u00fdzkum a technologie \u2013 Hellas, podtrhuje roli Volosu v zem\u011bd\u011blsk\u00fdch inovac\u00edch a v\u011bdeck\u00e9 spolupr\u00e1ci.<\/p>\n<p>Akademick\u00fd \u017eivot m\u011bstem pulzuje prost\u0159ednictv\u00edm Thes\u00e1lijsk\u00e9 univerzity, jej\u00ed\u017e konferen\u010dn\u00ed s\u00e1ly a v\u00fdstavn\u00ed prostory host\u00ed mezin\u00e1rodn\u00ed v\u011bdeck\u00e1 a kulturn\u00ed setk\u00e1n\u00ed. \u00da\u010dast Volosu na olympijsk\u00fdch hr\u00e1ch v roce 2004 zah\u00e1jila tradici sportovn\u00edch akc\u00ed, od mistrovstv\u00ed Evropy v atletice a\u017e po Mezin\u00e1rodn\u00ed olympi\u00e1du v astronomii a astrofyzice v roce 2013. Tyto ud\u00e1losti posiluj\u00ed ob\u010danskou identitu, kter\u00e1 cen\u00ed jak fyzick\u00e9 \u00fasil\u00ed, tak intelektu\u00e1ln\u00ed zkoum\u00e1n\u00ed.<\/p>\n<p>Pod modern\u00ed fas\u00e1dou Volosu se nach\u00e1zej\u00ed vrstvy starov\u011bku. Severov\u00fdchodn\u011b od m\u011bsta se nach\u00e1zej\u00ed archeologick\u00e1 nalezi\u0161t\u011b starov\u011bk\u00e9ho Dimini a Sesklo, kter\u00e1 sleduj\u00ed lidskou p\u0159\u00edtomnost a\u017e do obdob\u00ed neolitu a odhaluj\u00ed opevn\u011bn\u00e1 s\u00eddla, ob\u011btn\u00ed hroby a pal\u00e1cov\u00e9 z\u00e1klady, je\u017e p\u0159edznamen\u00e1vaj\u00ed myk\u00e9nskou velkolepost. Diminiho d\u016fm N s dojemn\u00fdmi poz\u016fstatky z\u00e1paln\u00fdch ob\u011bt\u00ed pod podlahou a impozantn\u00ed hrob Tombi vyb\u00edzej\u00ed k zamy\u0161len\u00ed nad ran\u00fdmi ritu\u00e1ln\u00edmi praktikami. Sesklo se nach\u00e1z\u00ed na vrcholu kopce a nab\u00edz\u00ed \u00fachvatn\u00e9 v\u00fdhledy na z\u00e1liv, ale dochovalo se zde m\u00e9n\u011b staveb, co\u017e nazna\u010duje slo\u017eit\u00fd vztah \u2013 mo\u017en\u00e1 rivalitu nebo obchod \u2013 se sousedem. Ob\u011b lokality jsou p\u0159\u00edstupn\u00e9 prost\u0159ednictv\u00edm audioprohl\u00eddek s pr\u016fvodcem v \u0159e\u010dtin\u011b a angli\u010dtin\u011b, p\u0159i\u010dem\u017e spole\u010dn\u00fd vstup oprav\u0148uje n\u00e1v\u0161t\u011bvn\u00edky k prozkoum\u00e1n\u00ed obou lokalit postupn\u011b.<\/p>\n<p>V samotn\u00e9m m\u011bst\u011b p\u0159edstavuje Archeologick\u00e9 muzeum Athanasakejon kompaktn\u00ed, ale komplexn\u00ed kroniku magnesi\u00e1nsk\u00fdch d\u011bjin, zat\u00edmco Muzeum cihelen v N. a S. Tsalapata prom\u011b\u0148uje pr\u016fmyslov\u00fd komplex z roku 1926 v \u017eivouc\u00ed obraz v\u00fdroby z po\u010d\u00e1tku dvac\u00e1t\u00e9ho stolet\u00ed. Jeho Hoffmannovy pece, hlin\u011bn\u00e9 vany a dopravn\u00ed syst\u00e9my evokuj\u00ed rytmy v\u00fdroby cihel a dla\u017edic, kter\u00e9 kdysi zam\u011bstn\u00e1valy stovky lid\u00ed a formovaly zastav\u011bn\u00e9 prost\u0159ed\u00ed Volosu. M\u011bstsk\u00e9 muzeum Volos d\u00e1le dopl\u0148uje tuto nab\u00eddku expon\u00e1ty o ob\u010dansk\u00e9m \u017eivot\u011b, d\u011blnick\u00fdch hnut\u00edch \u2013 Volos byl v roce 1908 domovem prvn\u00edho \u0159eck\u00e9ho odborov\u00e9ho svazu \u2013 a kulturn\u00edm propojen\u00ed po maloasijsk\u00e9 katastrof\u011b v roce 1922, kdy uprchl\u00edci z Anatolie zm\u011bnili m\u00edstn\u00ed kuchyni, hudbu a spole\u010densk\u00e9 zvyky.<\/p>\n<p>Proch\u00e1zka centrem m\u011bsta odhaluje jinou str\u00e1nku kouzla Volosu. Ulice Ermou, dlouh\u00e1, dl\u00e1\u017ed\u011bn\u00e1 osa rovnob\u011b\u017en\u00e1 s n\u00e1b\u0159e\u017e\u00edm, se rozv\u00edj\u00ed do t\u0159\u00eddy Argonafton, kde obchody v\u0161eho druhu ustupuj\u00ed komorn\u00edm bar\u016fm a kav\u00e1rn\u00e1m shlukl\u00fdm kolem n\u00e1m\u011bst\u00ed svat\u00e9ho Mikul\u00e1\u0161e. Zde katedr\u00e1la zasv\u011bcen\u00e1 patronovi n\u00e1mo\u0159n\u00edk\u016f dominuje ka\u017edodenn\u00edmu rytmu obchodu a voln\u00e9ho \u010dasu. Mezi budovou univerzity Papastratos a kostelem svat\u00e9ho Konstantina se t\u00e1hne p\u0159\u00edmo\u0159sk\u00fd park, zat\u00edmco park Anavros, za\u010d\u00ednaj\u00edc\u00ed za stejn\u00fdm kostelem, se t\u00e1hne v\u00fdchodn\u00edm sm\u011brem k m\u011bstsk\u00e9 pl\u00e1\u017ei, kde si lid\u00e9 mohou za chladn\u011bj\u0161\u00edch m\u011bs\u00edc\u016f zaplavat.<\/p>\n<p>Pro ty, kte\u0159\u00ed hledaj\u00ed slunce a mo\u0159e, nab\u00edz\u00ed Volos jak m\u011bstsk\u00e9 pl\u00e1\u017ee, tak i \u00fato\u010di\u0161t\u011b na pob\u0159e\u017e\u00ed. Pl\u00e1\u017e Anavros, dosa\u017eiteln\u00e1 p\u011b\u0161ky z promen\u00e1dy, nab\u00edz\u00ed snadno dostupn\u00e9 koup\u00e1n\u00ed v bl\u00edzkosti okraje m\u011bsta. Kr\u00e1tk\u00e1 j\u00edzda autem \u2013 nebo m\u011bstsk\u00fdm autobusem \u010d\u00edslo 6 od radnice \u2013 vede do Alykes, p\u0159\u00edmo\u0159sk\u00e9 \u010dtvrti, kde za mal\u00fd vstupn\u00ed poplatek z\u00edsk\u00e1te leh\u00e1tka, plav\u010d\u00edky a ob\u010derstven\u00ed pod no\u010dn\u00edmi sv\u011btly pl\u00e1\u017eov\u00fdch bar\u016f. M\u00edstn\u00ed znalosti v\u0161ak ukazuj\u00ed i \u200b\u200bd\u00e1le: autobusy do Agrie a Platanidie doprav\u00ed cestovatele za cement\u00e1rny k vod\u00e1m s prvot\u0159\u00eddn\u00ed \u010distotou, kde z\u00e1toky lemovan\u00e9 borovicemi na severn\u00edm b\u0159ehu z\u00e1livu odm\u011b\u0148uj\u00ed trp\u011bliv\u00e9 cestovatele.<\/p>\n<p>N\u00e1mo\u0159n\u00ed spojen\u00ed roz\u0161i\u0159uje vliv Volosu p\u0159es Egejsk\u00e9 mo\u0159e. Denn\u00ed trajekty a hydropl\u00e1ny spojuj\u00ed m\u011bsto se Sporadsk\u00fdmi ostrovy \u2013 Skiathosem, Skopelosem a Alonissosem \u2013 a s Lemnosem, Lesbosem, Chiosem a Skyrosem. V letn\u00edch m\u011bs\u00edc\u00edch se v\u00fdletn\u00ed lod\u011b \u0159\u00edd\u00ed zaveden\u00fdmi trasami a v posledn\u00edch sez\u00f3n\u00e1ch p\u0159ivezly na molo v\u00edce ne\u017e sto tis\u00edc n\u00e1v\u0161t\u011bvn\u00edk\u016f. Na sou\u0161i si nad\u0161enci \u017eeleznice mohou u\u017e\u00edt historickou \u017eeleznici Pelion, jej\u00ed\u017e parn\u00ed vag\u00f3ny proj\u00ed\u017ed\u011bj\u00ed horsk\u00fdmi zat\u00e1\u010dkami pro turisty od poloviny dubna do \u0159\u00edjna a denn\u011b v hlavn\u00edm l\u00e9t\u011b.<\/p>\n<p>Volos brzy roz\u0161\u00ed\u0159\u00ed svou s\u00ed\u0165 pozemn\u00ed dopravy o z\u00e1padn\u00ed rameno d\u00e1lnice E65, \u010d\u00edm\u017e vytvo\u0159\u00ed nov\u00fd koridor do p\u0159\u00edstavu Igoumenitsa. Mezin\u00e1rodn\u00ed leti\u0161t\u011b Nea Anchialos ve st\u0159edn\u00edm \u0158ecku s druhou nejdel\u0161\u00ed komer\u010dn\u00ed ranvej\u00ed v \u0158ecku udr\u017euje spojen\u00ed s vnitrost\u00e1tn\u00edmi a vybran\u00fdmi evropsk\u00fdmi destinacemi. Pr\u016fkopnick\u00e1 hydropl\u00e1nov\u00e1 slu\u017eba, kterou provozuje spole\u010dnost Argo Airways, \u010din\u00ed z Volosu prvn\u00ed evropsk\u00e9 m\u011bsto s pravideln\u00fdmi oboj\u017eiveln\u00fdmi spoji do At\u00e9n, Solun\u011b a na Sporady \u2013 modern\u00ed ozv\u011bnou argonautick\u00e9ho d\u011bdictv\u00ed m\u011bsta.<\/p>\n<p>Toto propojen\u00ed p\u0159\u00edrodn\u00edho prost\u0159ed\u00ed, archeologick\u00e9 hloubky, pr\u016fmyslov\u00e9 s\u00edly a kulturn\u00ed vitality \u010din\u00ed z Volosu jedine\u010dn\u00e9ho partnera mezi minulost\u00ed a sou\u010dasnost\u00ed. Pob\u0159e\u017e\u00ed m\u011bsta, lemovan\u00e9 neoklasicistn\u00edmi fas\u00e1dami a sou\u010dasn\u00fdmi moly, se setk\u00e1v\u00e1 s krajinou formovanou m\u00fdty i stroji. Jeho muzea a starov\u011bk\u00e9 ruiny, ocel\u00e1rny a univerzitn\u00ed auly sv\u011bd\u010d\u00ed o trval\u00e9 souh\u0159e tradice a inovac\u00ed. Zde nach\u00e1z\u00ed sv\u016fj n\u00e1mo\u0159n\u00ed hlas puls Thes\u00e1lie a lidsk\u00e1 cesta \u2013 od neolitick\u00fdch obyvatel na vrchu Gorica a\u017e po u\u010dence 21. stolet\u00ed \u2013 se odv\u00edj\u00ed kolem oblouku Pagasetsk\u00e9ho z\u00e1livu.<\/p>\n<p>Ve Volosu se cestovatel setk\u00e1v\u00e1 s v\u00edce ne\u017e jen s p\u0159\u00edstavn\u00edm m\u011bstem: objevuje palimpsest lidsk\u00e9ho \u00fasil\u00ed, kde ka\u017ed\u00fd \u0159\u00ed\u010dn\u00ed proud a h\u0159eben Pelionu vepisuje sv\u016fj p\u0159\u00edb\u011bh do roviny pod n\u00edm. Klima m\u011bsta, zm\u00edrn\u011bn\u00e9 mo\u0159sk\u00fdm v\u00e1nkem a horsk\u00fdmi st\u00edny, vyb\u00edz\u00ed k objevov\u00e1n\u00ed v ka\u017ed\u00e9m ro\u010dn\u00edm obdob\u00ed. Jeho dopravn\u00ed tepny \u2013 n\u00e1mo\u0159n\u00ed, \u017eelezni\u010dn\u00ed, silni\u010dn\u00ed a leteck\u00e9 \u2013 ho spojuj\u00ed se sv\u011btem, zat\u00edmco jeho ulice, muzea a archeologick\u00e9 parky potvrzuj\u00ed jedine\u010dn\u00fd pocit m\u00edsta. Pro ty, kte\u0159\u00ed sleduj\u00ed stezky historie a pr\u016fmyslu, nebo jen hledaj\u00ed p\u0159\u00edmo\u0159skou promen\u00e1du \u200b\u200bve st\u00ednu kosteln\u00edch zvonic, Volos nab\u00edz\u00ed pohlcuj\u00edc\u00ed setk\u00e1n\u00ed s proudy, kter\u00e9 ji\u017e dlouho definuj\u00ed tento p\u0159\u00edstav s Argem.<\/p>","protected":false},"excerpt":{"rendered":"<p>Volos, dynamick\u00e9 p\u0159\u00edmo\u0159sk\u00e9 p\u0159\u00edstavn\u00ed m\u011bsto v \u0159eck\u00e9 Thes\u00e1lii, m\u00e1 strategickou polohu bl\u00edzko st\u0159edu \u0159eck\u00e9 pevniny, asi 330 kilometr\u016f severn\u011b od At\u00e9n a 220 kilometr\u016f ji\u017en\u011b od Solun\u011b. Od roku 2021 funguje Volos s 85 803 obyvateli jako hlavn\u00ed m\u011bsto region\u00e1ln\u00ed jednotky Magnesia v regionu Thes\u00e1lie a slou\u017e\u00ed jako exkluzivn\u00ed p\u0159\u00edstupov\u00fd bod k mo\u0159i pro Thes\u00e1lii, nejv\u011bt\u0161\u00ed zem\u011bd\u011blskou oblast \u0158ecka. Toto pulzuj\u00edc\u00ed metropolitn\u00ed centrum, kter\u00e9 se nach\u00e1z\u00ed mezi modr\u00fdmi vodami Pagasetick\u00e9ho z\u00e1livu a sv\u011b\u017e\u00edmi svahy hory Pelion, p\u0159edstavuje bezprobl\u00e9movou integraci historick\u00e9ho v\u00fdznamu a sou\u010dasn\u00e9ho r\u016fstu, co\u017e z n\u011bj \u010din\u00ed z\u00e1sadn\u00ed spojen\u00ed mezi Evropou a Asi\u00ed.<\/p>","protected":false},"author":1,"featured_media":4664,"parent":13510,"menu_order":0,"comment_status":"closed","ping_status":"closed","template":"elementor_theme","meta":{"_eb_attr":"","footnotes":""},"class_list":["post-13671","page","type-page","status-publish","has-post-thumbnail"],"_links":{"self":[{"href":"https:\/\/travelshelper.com\/cs\/wp-json\/wp\/v2\/pages\/13671","targetHints":{"allow":["GET"]}}],"collection":[{"href":"https:\/\/travelshelper.com\/cs\/wp-json\/wp\/v2\/pages"}],"about":[{"href":"https:\/\/travelshelper.com\/cs\/wp-json\/wp\/v2\/types\/page"}],"author":[{"embeddable":true,"href":"https:\/\/travelshelper.com\/cs\/wp-json\/wp\/v2\/users\/1"}],"replies":[{"embeddable":true,"href":"https:\/\/travelshelper.com\/cs\/wp-json\/wp\/v2\/comments?post=13671"}],"version-history":[{"count":0,"href":"https:\/\/travelshelper.com\/cs\/wp-json\/wp\/v2\/pages\/13671\/revisions"}],"up":[{"embeddable":true,"href":"https:\/\/travelshelper.com\/cs\/wp-json\/wp\/v2\/pages\/13510"}],"wp:featuredmedia":[{"embeddable":true,"href":"https:\/\/travelshelper.com\/cs\/wp-json\/wp\/v2\/media\/4664"}],"wp:attachment":[{"href":"https:\/\/travelshelper.com\/cs\/wp-json\/wp\/v2\/media?parent=13671"}],"curies":[{"name":"wp","href":"https:\/\/api.w.org\/{rel}","templated":true}]}}