{"id":13445,"date":"2024-09-17T17:54:42","date_gmt":"2024-09-17T17:54:42","guid":{"rendered":"https:\/\/travelshelper.com\/staging\/?page_id=13445"},"modified":"2026-03-12T22:11:36","modified_gmt":"2026-03-12T22:11:36","slug":"srbsko","status":"publish","type":"page","link":"https:\/\/travelshelper.com\/cs\/destinations\/europe\/serbia\/","title":{"rendered":"Srbsko"},"content":{"rendered":"<p>Srbsko se prezentuje jako suver\u00e9nn\u00ed republika s p\u0159ibli\u017en\u011b 6,6 miliony obyvatel (bez Kosova), kter\u00e1 se rozkl\u00e1d\u00e1 na plo\u0161e zhruba 88 499 kilometr\u016f \u010dtvere\u010dn\u00edch v srdci Balk\u00e1nsk\u00e9ho poloostrova a hrani\u010d\u00ed s Ma\u010farskem na severu, Rumunskem na severov\u00fdchod\u011b, Bulharskem na jihov\u00fdchod\u011b, Severn\u00ed Makedoni\u00ed na jihu, Chorvatskem a Bosnou a Hercegovinou na z\u00e1pad\u011b a \u010cernou Horou na jihoz\u00e1pad\u011b. Tento vnitrozemsk\u00fd st\u00e1t, le\u017e\u00edc\u00ed mezi 41\u00b0 a 47\u00b0 severn\u00ed \u0161\u00ed\u0159ky a 18\u00b0 a 23\u00b0 v\u00fdchodn\u00ed d\u00e9lky, se nach\u00e1z\u00ed na k\u0159i\u017eovatce st\u0159edn\u00ed a jihov\u00fdchodn\u00ed Evropy a nab\u00edz\u00ed komplexn\u00ed sm\u011bs ter\u00e9nu, kter\u00fd sah\u00e1 od \u00farodn\u00fdch rovin Vojvodiny na severu a\u017e po ty\u010d\u00edc\u00ed se vrcholky Din\u00e1rsk\u00e9ho a Karpatsk\u00e9ho poho\u0159\u00ed na jihu.<\/p>\n<p>\u00dazem\u00ed modern\u00edho Srbska, nep\u0159etr\u017eit\u011b os\u00eddlen\u00e9 od paleolitu, absorbovalo v \u0161est\u00e9m stolet\u00ed n. l. postupn\u00e9 vlny slovansk\u00fdch osadn\u00edk\u016f a polo\u017eilo z\u00e1klady slovansk\u00e9ho z\u0159\u00edzen\u00ed, kter\u00e9 se pozd\u011bji vyvinulo do st\u0159edov\u011bk\u00fdch kr\u00e1lovstv\u00ed a kn\u00ed\u017eectv\u00ed. Do roku 1217 uzn\u00e1n\u00ed Svat\u00fdm stolcem i Konstantinopol\u00ed pozvedlo Srbskou \u0159\u00ed\u0161i na kr\u00e1lovstv\u00ed, kter\u00e9 za Du\u0161ana Mocn\u00e9ho dos\u00e1hlo sv\u00e9ho vrcholu v roce 1346 jako \u0159\u00ed\u0161e zahrnuj\u00edc\u00ed rozs\u00e1hl\u00e9 oblasti Balk\u00e1nu. Osmansk\u00e9 dobyt\u00ed v polovin\u011b 16. stolet\u00ed tuto nez\u00e1vislost smetlo, a\u010dkoli ob\u010dasn\u00e9 habsbursk\u00e9 vp\u00e1dy ze z\u00e1padu zachovaly katolick\u00e9 enkl\u00e1vy v Panonsk\u00e9 n\u00ed\u017ein\u011b Vojvodina.<\/p>\n<p>Na \u00fasvitu devaten\u00e1ct\u00e9ho stolet\u00ed srbsk\u00e1 revoluce ukovala prvn\u00ed modern\u00ed konstitu\u010dn\u00ed monarchii v regionu, jej\u00ed\u017e jurisdikce se neust\u00e1le roz\u0161i\u0159ovala, a\u017e se po prvn\u00ed sv\u011btov\u00e9 v\u00e1lce Srbsk\u00e9 kr\u00e1lovstv\u00ed slou\u010dilo se sousedn\u00edmi jihoslovansk\u00fdmi zem\u011bmi a vytvo\u0159ilo prvn\u00ed jugosl\u00e1vsk\u00fd st\u00e1t. N\u00e1sledovala desetilet\u00ed unit\u00e1rn\u00edch a socialistick\u00fdch federac\u00ed, kter\u00e9 se v bou\u0159liv\u00fdch 90. letech rozpadly. Kone\u010dn\u00e9 m\u00edrov\u00e9 odd\u011blen\u00ed od \u010cern\u00e9 Hory v roce 2006 obnovilo plnou suverenitu Srbska, zat\u00edmco jednostrann\u00e9 vyhl\u00e1\u0161en\u00ed nez\u00e1vislosti kosovsk\u00fdm shrom\u00e1\u017ed\u011bn\u00edm s alb\u00e1nskou v\u011bt\u0161inou v roce 2008 z\u016fst\u00e1v\u00e1 B\u011blehradem neuzn\u00e1no a Kosovo pova\u017euje za spr\u00e1vn\u00ed obvod pod sd\u00edlenou kontrolou.<\/p>\n<p>Geograficky le\u017e\u00ed severn\u00ed t\u0159etina Srbska pod rozlehlou Panonskou n\u00ed\u017einou, jej\u00ed\u017e hlinit\u00e9 p\u016fdy jsou protkan\u00e9 vodami \u0159ek Dunaj, Tisa a Begej. Na jihu se zvln\u011bn\u00e9 kopce pod\u00e9l z\u00e1padn\u00ed hranice m\u011bn\u00ed v Din\u00e1rsk\u00e9 Alpy, na v\u00fdchod\u011b v Karpaty a Balk\u00e1n a na jihov\u00fdchod\u011b v starobyl\u00e9 Rodopsk\u00e9 pahorkatiny. Nadmo\u0159sk\u00e9 v\u00fd\u0161ky sahaj\u00ed od vrcholu Mid\u017eor v Balk\u00e1nsk\u00fdch hor\u00e1ch ve v\u00fd\u0161ce 2 169 metr\u016f \u2013 nejvy\u0161\u0161\u00edho bodu Srbska bez Kosova \u2013 a\u017e po sotva 17 metr\u016f nad mo\u0159em u Prahova na Dunaji. Dunaj, nejdel\u0161\u00ed vodn\u00ed tok zem\u011b, se vine 587 kilometr\u016f jej\u00edm \u00fazem\u00edm a vytv\u00e1\u0159\u00ed hospod\u00e1\u0159sk\u00e9 tepny, kter\u00e9 spojuj\u00ed st\u0159edn\u00ed Evropu s \u010cern\u00fdm mo\u0159em a d\u00e1le. Jezero \u0110erdap o rozloze 163 kilometr\u016f \u010dtvere\u010dn\u00edch je nejv\u011bt\u0161\u00ed um\u011blou n\u00e1dr\u017e\u00ed v Srbsku, kter\u00e1 vyu\u017e\u00edv\u00e1 tok Dunaje v sout\u011bsce \u017delezn\u00e1 vrata.<\/p>\n<p>Klimaticky se Srbsko nach\u00e1z\u00ed v p\u0159echodn\u00e9m p\u00e1smu formovan\u00e9m euroasijskou kontinentalitou, atlantick\u00fdmi frontami a st\u0159edomo\u0159sk\u00fdmi proudy. Pr\u016fm\u011brn\u00e9 teploty se v lednu pohybuj\u00ed kolem 0 \u00b0C a v \u010dervenci dosahuj\u00ed p\u0159ibli\u017en\u011b 22 \u00b0C, co\u017e vymezuje tepl\u00e9 a vlhk\u00e9 kontinent\u00e1ln\u00ed klima na severu a subtropi\u010dt\u011bj\u0161\u00ed re\u017eim se su\u0161\u0161\u00edmi l\u00e9ty na jihu. \u010clenit\u00e1 topografie usm\u011br\u0148uje v\u00edtr Ko\u0161ava, prudkou bou\u0159i, kter\u00e1 se zrychluje p\u0159es \u017deleznou br\u00e1nu sm\u011brem k B\u011blehradu, kde m\u016f\u017ee rozv\u00ed\u0159it st\u0159echy m\u011bsta i hladinu Dunaje. Vyso\u010diny, jako je Pe\u0161ter, sn\u00e1\u0161ej\u00ed krut\u00e9 zimy pod obklopuj\u00edc\u00edmi vrcholy, zat\u00edmco vliv Jadranu zm\u011bk\u010duje podm\u00ednky v ji\u017en\u00edch \u00fadol\u00edch.<\/p>\n<p>Demograficky zaregistrovalo s\u010d\u00edt\u00e1n\u00ed lidu z roku 2022 6 647 003 obyvatel (bez Kosova), co\u017e odpov\u00edd\u00e1 pr\u016fm\u011brn\u00e9 hustot\u011b 85,8 obyvatel na kilometr \u010dtvere\u010dn\u00ed. Trval\u00fd demografick\u00fd pokles od 90. let 20. stolet\u00ed vedl k poklesu porodnosti pod \u00farove\u0148 \u00famrtnosti a emigrace zmen\u0161ila populaci o stovky tis\u00edc, zejm\u00e9na mezi vzd\u011blan\u00fdmi mlad\u00fdmi dosp\u011bl\u00fdmi. S pr\u016fm\u011brn\u00fdm v\u011bkem 43,3 let se Srbsko \u0159ad\u00ed mezi nejstar\u0161\u00ed spole\u010dnosti v Evrop\u011b. Jedno\u010dlenn\u00e9 dom\u00e1cnosti tvo\u0159\u00ed p\u011btinu v\u0161ech obydl\u00ed, pr\u016fm\u011brn\u00e1 d\u00e9lka \u017eivota je 76,1 let a emigrantsk\u00e1 diaspora si udr\u017euje siln\u00e9 vazby s vlast\u00ed.<\/p>\n<p>\u00dastava zakotvuje sekularismus a n\u00e1bo\u017eenskou svobodu, a\u010dkoli identita Srbska z\u016fst\u00e1v\u00e1 \u00fazce spjata se Srbskou pravoslavnou c\u00edrkv\u00ed. P\u0159ibli\u017en\u011b 84,5 procenta obyvatel se identifikuje jako pravoslavn\u00ed k\u0159es\u0165an\u00e9, v\u010detn\u011b Srb\u016f, Rumun\u016f, Vlach\u016f a dal\u0161\u00edch men\u0161in. Isl\u00e1msk\u00e9, katolick\u00e9 a protestantsk\u00e9 komunity sahaj\u00ed k osmansk\u00e9, rakousko-uhersk\u00e9 a modern\u00ed migraci, co\u017e obohacuje mozaiku v\u00edry zem\u011b.<\/p>\n<p>Z jazykov\u00e9ho hlediska je srb\u0161tina jedin\u00fdm \u00fa\u0159edn\u00edm jazykem, kter\u00fdm mluv\u00ed asi 88 procent populace. Srb\u0161tina je mezi evropsk\u00fdmi jazyky unik\u00e1tn\u00ed t\u00edm, \u017ee pou\u017e\u00edv\u00e1 cyrilici i latinku; \u00fastava uv\u00e1d\u00ed cyrilici jako \u201e\u00fa\u0159edn\u00ed p\u00edsmo\u201c, a\u010dkoli preference ve\u0159ejnosti jsou t\u00e9m\u011b\u0159 rovnom\u011brn\u011b rozd\u011bleny.<\/p>\n<p>Z ekonomick\u00e9ho hlediska se Srbsko \u0159ad\u00ed mezi tr\u017en\u00ed ekonomiky s vy\u0161\u0161\u00edmi st\u0159edn\u00edmi p\u0159\u00edjmy, p\u0159i\u010dem\u017e nomin\u00e1ln\u00ed HDP v roce 2024 se odhadoval na 81,9 miliardy dolar\u016f (p\u0159ibli\u017en\u011b 12 385 dolar\u016f na obyvatele) a HDP m\u011b\u0159en\u00fd paritou kupn\u00ed s\u00edly \u010dinil 185 miliard dolar\u016f (27 985 dolar\u016f na obyvatele). Slu\u017eby poh\u00e1n\u011bj\u00ed 67,9 procenta produkce, pr\u016fmysl se pod\u00edl\u00ed 26,1 procenty a zem\u011bd\u011blstv\u00ed p\u0159isp\u00edv\u00e1 p\u0159ibli\u017en\u011b 6 procenty. D\u011bdictv\u00ed v\u00fdzkumu a investic do obrany z doby jugosl\u00e1vsk\u00e9 \u2013 zbrojn\u00ed pr\u016fmysl z\u016fst\u00e1v\u00e1 p\u0159edn\u00edm v\u00fdvozcem z\u00e1padn\u00edho Balk\u00e1nu a dvac\u00e1t\u00fdm p\u00e1t\u00fdm nejv\u011bt\u0161\u00edm na sv\u011bt\u011b s obratem p\u0159es 1,6 miliardy dolar\u016f v roce 2023 \u2013 dopl\u0148uje diverzifikovanou pr\u016fmyslovou z\u00e1kladnu zahrnuj\u00edc\u00ed automobilov\u00e9 komponenty, t\u011b\u017ebu, zpracov\u00e1n\u00ed potravin a farmaceutick\u00fd pr\u016fmysl. Srbsk\u00fd din\u00e1r, spravovan\u00fd N\u00e1rodn\u00ed bankou Srbska, je z\u00e1kladem m\u011bnov\u00e9 stability; b\u011blehradsk\u00e1 burza cenn\u00fdch pap\u00edr\u016f, a\u010dkoli je skromn\u00e1 s tr\u017en\u00ed kapitalizac\u00ed 8,65 miliardy dolar\u016f, ukotvuje kapit\u00e1lov\u00e9 trhy prost\u0159ednictv\u00edm sv\u00e9ho indexu BELEX15. Z hlediska mezin\u00e1rodn\u00edch ukazatel\u016f se Srbsko um\u00edstilo na pades\u00e1t\u00e9m druh\u00e9m m\u00edst\u011b v indexu soci\u00e1ln\u00edho pokroku a na pades\u00e1t\u00e9m \u010dtvrt\u00e9m v indexu glob\u00e1ln\u00edho m\u00edru.<\/p>\n<p>Srbsk\u00e1 infrastruktura t\u011b\u017e\u00ed ze sv\u00e9 strategick\u00e9 polohy na k\u0159i\u017eovatce v\u00fdchodoz\u00e1padn\u00edch a severoji\u017en\u00edch cest Evropy. \u00dadol\u00ed Moravy p\u0159edstavuje p\u0159irozen\u00fd pozemn\u00ed koridor z kontinent\u00e1ln\u00ed Evropy do Mal\u00e9 Asie. Silni\u010dn\u00ed s\u00ed\u0165 se t\u00e1hne v d\u00e9lce 45 419 kilometr\u016f \u2013 z toho 962 kilometr\u016f tvo\u0159\u00ed d\u00e1lnice \u2013 a\u010dkoli nedostatky v \u00fadr\u017eb\u011b za dv\u011b desetilet\u00ed zp\u016fsobily, \u017ee mnoho vedlej\u0161\u00edch silnic nedosahuje z\u00e1padoevropsk\u00fdch standard\u016f. Ned\u00e1vn\u00e9 investice p\u0159idaly v\u00edce ne\u017e 300 kilometr\u016f d\u00e1lnic a stav\u00ed se nov\u00e9 \u00faseky d\u00e1lnic A2 a A5. Autobusov\u00e1 doprava spojuje i ty nejodlehlej\u0161\u00ed vesnice s region\u00e1ln\u00edmi uzly, zat\u00edmco soukrom\u00e9 vlastnictv\u00ed automobil\u016f dosahuje jednoho auta na 3,5 obyvatele.<\/p>\n<p>Srbsk\u00e9 \u017eelezni\u010dn\u00ed trat\u011b o d\u00e9lce 3 819 kilometr\u016f, z nich\u017e 1 279 kilometr\u016f je elektrifikovan\u00fdch, spojuj\u00ed B\u011blehrad a Ni\u0161 s Budape\u0161t\u00ed, Barem, Z\u00e1h\u0159ebem, Sofi\u00ed a Solun\u00ed v r\u00e1mci panevropsk\u00fdch koridor\u016f. Vysokorychlostn\u00ed \u017eeleznice B\u011blehrad\u2013Nov\u00fd Sad o d\u00e9lce 75 kilometr\u016f, kter\u00e1 byla slavnostn\u011b otev\u0159ena v roce 2022, se nyn\u00ed t\u00e1hne sm\u011brem k Subotici a do konce desetilet\u00ed se pl\u00e1nuje dal\u0161\u00ed roz\u0161\u00ed\u0159en\u00ed do Ni\u0161e, kter\u00e9 by m\u011blo propojit \u010dty\u0159i nejv\u011bt\u0161\u00ed m\u011bsta v zemi. \u017delezni\u010dn\u00ed tepny dopl\u0148uje osobn\u00ed doprava spole\u010dnosti Srbija Voz a n\u00e1kladn\u00ed doprava spole\u010dnosti Srbija Kargo.<\/p>\n<p>Leteck\u00e1 doprava prob\u00edh\u00e1 p\u0159es t\u0159i mezin\u00e1rodn\u00ed leti\u0161t\u011b, v \u010dele s leti\u0161t\u011bm Nikoly Tesly v B\u011blehrad\u011b, kter\u00e9 v roce 2022 odbavilo 2,75 milionu cestuj\u00edc\u00edch. Vlajkov\u00fd dopravce Air Serbia spojuje B\u011blehrad s p\u0159ibli\u017en\u011b 80 destinacemi ve 32 zem\u00edch, v\u010detn\u011b mezikontinent\u00e1ln\u00edch tras do New Yorku, Chicaga a Tchien-\u0165inu. Vnitrozemsk\u00e9 vodn\u00ed cesty, jejich\u017e st\u0159edem je Dunaj, ale tak\u00e9 S\u00e1va, Tisa a Begej, udr\u017euj\u00ed p\u0159es 1 700 kilometr\u016f splavn\u00fdch kan\u00e1l\u016f a v roce 2018 p\u0159epravily v\u00edce ne\u017e osm milion\u016f tun n\u00e1kladu. \u0158\u00ed\u010dn\u00ed p\u0159\u00edstavy v Nov\u00e9m Sadu, B\u011blehrad\u011b, Pan\u010devu a dal\u0161\u00edch spojuj\u00ed Srbsko se Severn\u00edm mo\u0159em p\u0159es R\u00fdnsko-Mohansko-Dunajsk\u00fd pr\u016fplav a s \u010cern\u00fdm mo\u0159em p\u0159es \u017deleznou br\u00e1nu.<\/p>\n<p>Cestovn\u00ed ruch, a\u010dkoli je ve srovn\u00e1n\u00ed s pob\u0159e\u017en\u00edmi sousedy co do objemu skromn\u00fd, nab\u00edz\u00ed sm\u011bsici term\u00e1ln\u00edch l\u00e1zn\u00ed, horsk\u00fdch st\u0159edisek a pulzuj\u00edc\u00edch m\u011bstsk\u00fdch center. V roce 2019 se v registrovan\u00fdch ubytovac\u00edch za\u0159\u00edzen\u00edch ubytovalo p\u0159es 3,6 milionu host\u016f, z nich\u017e polovina p\u0159ijela ze zahrani\u010d\u00ed, co\u017e vygenerovalo p\u0159ibli\u017en\u011b 1,5 miliardy dolar\u016f v deviz\u00e1ch. Dom\u00e1c\u00ed n\u00e1v\u0161t\u011bvn\u00edci se hrnou na Kopaonik, Staru Planinu a Zlatibor za zimn\u00edmi sporty a letn\u00ed rekreac\u00ed, zat\u00edmco Vrnja\u010dka Banja, Soko Banja a Banja Kovilja\u010da l\u00e1kaj\u00ed l\u00e1ze\u0148sk\u00e9 n\u00e1v\u0161t\u011bvn\u00edky k term\u00e1ln\u00edm pramen\u016fm. B\u011blehrad a Novi Sad p\u0159itahuj\u00ed dv\u011b t\u0159etiny zahrani\u010dn\u00edch turist\u016f a jejich kulturn\u00ed festivaly \u2013 EXIT v Nov\u00e9m Sadu a festival trumpet v Gu\u010di \u2013 si z\u00edsk\u00e1vaj\u00ed mezin\u00e1rodn\u00ed pozornost. Nab\u00eddku Srbska d\u00e1le diverzifikuj\u00ed odlehl\u00e9 p\u0159\u00edrodn\u00ed pod\u00edvan\u00e9, jako je skaln\u00ed \u00fatvar \u0110avolja Varo\u0161, pravoslavn\u00e9 poutn\u00ed cesty ke st\u0159edov\u011bk\u00fdm kl\u00e1\u0161ter\u016fm a plavby po Dunaji pod\u00e9l \u017delezn\u00e9 br\u00e1ny.<\/p>\n<p>Stalet\u00ed st\u0159\u00edd\u00e1n\u00ed hel\u00e9nistick\u00e9, \u0159\u00edmsk\u00e9, byzantsk\u00e9, osmansk\u00e9 a habsbursk\u00e9 nadvl\u00e1dy vytvo\u0159ila kulturn\u00ed dualismus: severn\u00ed n\u00ed\u017einy zem\u011b vykazuj\u00ed st\u0159edoevropsk\u00e9 sp\u0159\u00edzn\u011bnosti, od barokn\u00ed architektury a\u017e po multietnick\u00e9 sou\u017eit\u00ed, zat\u00edmco ji\u017en\u00ed vyso\u010diny odr\u00e1\u017eej\u00ed \u0161ir\u0161\u00ed balk\u00e1nsk\u00e9 a st\u0159edomo\u0159sk\u00e9 tradice. Ben\u00e1tsk\u00e9 vlivy pronikaly st\u0159edov\u011bk\u00fdm obchodem a literaturou a zanech\u00e1valy sporadick\u00e9 stopy v um\u011bn\u00ed a architektu\u0159e ovlivn\u011bn\u00e9 pob\u0159e\u017e\u00edm.<\/p>\n<p>Uzn\u00e1n\u00ed UNESCO podtrhuje d\u011bdictv\u00ed Srbska. P\u011bt lokalit sv\u011btov\u00e9ho d\u011bdictv\u00ed zahrnuje ran\u011b st\u0159edov\u011bk\u00e9 hlavn\u00ed m\u011bsto Stari Ras s kl\u00e1\u0161terem Sopo\u0107ani, komplex Studenica z 12. stolet\u00ed, \u0159\u00edmsk\u00fd pal\u00e1c Gamzigrad-Felix Romuliana, st\u0159edov\u011bk\u00e9 n\u00e1hrobky Ste\u0107ci a ohro\u017een\u00e9 kl\u00e1\u0161tery v Kosovu, v\u010detn\u011b Visoki De\u010dani, Gra\u010danica a patriarch\u00e1ln\u00edho kl\u00e1\u0161tera Pe\u0107. Registr Pam\u011b\u0165 sv\u011bta uchov\u00e1v\u00e1 Miroslavovo evangelium, archivy Nikoly Tesly, rakousko-uhersk\u00fd telegram o vyhl\u00e1\u0161en\u00ed v\u00e1lky a zakl\u00e1daj\u00edc\u00ed dokumenty sekretari\u00e1tu Hnut\u00ed nez\u00fa\u010dastn\u011bn\u00fdch. P\u0159edm\u011bty nehmotn\u00e9ho d\u011bdictv\u00ed \u2013 uct\u00edv\u00e1n\u00ed svat\u00e9ho patrona, lidov\u00fd tanec kolo, zp\u011bv guslov\u00fdch balad, zlakussk\u00e1 keramika, p\u00e1len\u00ed slivovice a naivn\u00ed mal\u00ed\u0159i z Kova\u010dice \u2013 sv\u011bd\u010d\u00ed o trval\u00fdch spole\u010dn\u00fdch tradic\u00edch.<\/p>\n<p>Region\u00e1ln\u00ed hranice rozd\u011bluj\u00ed Srbsko na B\u011blehrad, Podunavlje, Podrinje, \u0160umadii, proslulou jablky, hrozny a \u0161vestkami, a multietnickou provincii Vojvodinu, kde se nach\u00e1zej\u00ed pravoslavn\u00e9 kl\u00e1\u0161tery, muzea v rakousko-uhersk\u00e9m stylu a dunov\u00e9 pole Deliblatsk\u00e1 pe\u0161\u010dara. Kosovo, a\u010dkoli si na n\u011bj Srbsko n\u00e1rokuje, funguje jako de facto nez\u00e1visl\u00e1 republika s vlastn\u00edmi atrakcemi, od me\u0161it z osmansk\u00e9 \u00e9ry a\u017e po alpsk\u00e9 turistick\u00e9 stezky.<\/p>\n<p>M\u011bstsk\u00e1 centra d\u00e1le obohacuj\u00ed n\u00e1rodn\u00ed mozaiku. B\u011blehrad, hlavn\u00ed a nejv\u011bt\u0161\u00ed m\u011bsto, se nach\u00e1z\u00ed na soutoku S\u00e1vy a Dunaje, jeho vrstvy \u0159\u00edmsk\u00fdch, osmansk\u00fdch a rakousko-uhersk\u00fdch opevn\u011bn\u00ed jsou pod\u00e9l b\u0159eh\u016f \u0159ek prokl\u00e1d\u00e1ny modern\u00edmi \u010dtvrt\u011bmi s no\u010dn\u00edm \u017eivotem. Kragujevac, m\u00edsto prvn\u00edho modern\u00edho hlavn\u00edho m\u011bsta Srbska, vyva\u017euje pr\u016fmyslovou v\u00fdrobu s kulturn\u00edmi institucemi; nedalek\u00e9 Gru\u017eansk\u00e9 jezero vyb\u00edz\u00ed k klidn\u00e9mu zamy\u0161len\u00ed. Kraljevo, le\u017e\u00edc\u00ed mezi \u0159ekami Moravou a Ibar, se py\u0161n\u00ed kl\u00e1\u0161terem \u017di\u010da, st\u0159edov\u011bk\u00fdm korunova\u010dn\u00edm kostelem a p\u0159ilehl\u00fdmi term\u00e1ln\u00edmi prameny. Ni\u0161, rodi\u0161t\u011b Konstantina Velik\u00e9ho, vyu\u017e\u00edv\u00e1 sv\u00e9 strategick\u00e9 polohy jako dopravn\u00ed uzel a rozv\u00edj\u00ed sv\u00e9 univerzitn\u00ed a zdravotnick\u00e1 za\u0159\u00edzen\u00ed vedle historick\u00fdch pam\u00e1tek, jako jsou l\u00e1zn\u011b Ni\u0161ka Banja a starobyl\u00e1 ni\u0161sk\u00e1 pevnost. Novi Sad, oslavovan\u00fd jako \u201esrbsk\u00e9 At\u00e9ny\u201c, lemuje Dunaj barokn\u00edmi budovami, host\u00ed festivalov\u00fd are\u00e1l pevnosti Petrovaradin a soused\u00ed s Fru\u0161kou Gorou, jej\u00ed\u017e zvln\u011bn\u00e9 vinice a kl\u00e1\u0161tern\u00ed lokality mu vynesly p\u0159ezd\u00edvku \u201eDruh\u00e1 svat\u00e1 hora\u201c. Po\u017earevac, jedno z nejstar\u0161\u00edch srbsk\u00fdch m\u011bst, le\u017e\u00ed u Velk\u00e9 Moravy a pobl\u00ed\u017e \u0159\u00edmsk\u00e9ho pohrani\u010dn\u00edho m\u011bsta Viminacium, zat\u00edmco secesn\u00ed radnice v Subotici shl\u00ed\u017e\u00ed na letn\u00ed promen\u00e1dy jezera Pali\u0107. Sremska Mitrovica p\u0159ipom\u00edn\u00e1 svou \u0159\u00edmskou minulost jako Sirmium, c\u00edsa\u0159sk\u00e9 s\u00eddlo ve \u010dtvrt\u00e9m stolet\u00ed, a Vr\u0161ac se nach\u00e1z\u00ed na vinicov\u00fdch kopc\u00edch pobl\u00ed\u017e rumunsk\u00e9 hranice.<\/p>\n<p>Krom\u011b m\u011bst l\u00e1kaj\u00ed n\u00e1v\u0161t\u011bvn\u00edky i l\u00e1ze\u0148sk\u00e1 m\u011bsta jako Sokobanja, le\u017e\u00edc\u00ed mezi vrcholy Rtanj a Ozren, sv\u00fdmi miner\u00e1ln\u00edmi prameny a zalesn\u011bn\u00fdmi svahy; hust\u00e9 lesy N\u00e1rodn\u00edho parku Tara, v\u00e1pencov\u00e9 jeskyn\u011b a sout\u011bsky \u0159eky Drina nab\u00edzej\u00ed divokou zv\u011b\u0159 a wellness; pastviny a etnovesnice Zlatiboru p\u0159edstavuj\u00ed venkovsk\u00fd \u017eivot na vrcholu jeho tis\u00edcimetrov\u00e9 n\u00e1horn\u00ed plo\u0161iny.<\/p>\n<p>Srbsk\u00e1 kuchyn\u011b odr\u00e1\u017e\u00ed svou kulturn\u00ed souhru s pokrmy zd\u011bd\u011bn\u00fdmi jak z osmansk\u00e9 nadvl\u00e1dy, tak z rakousko-uhersk\u00e9 vl\u00e1dy. Maso kraluje: \u0107evap\u010di\u0107i, grilovan\u00e9 mlet\u00e9 \u200b\u200bklob\u00e1sy; pljeskavica, ko\u0159en\u011bn\u00e9 masov\u00e9 karban\u00e1tky; sarma, zeln\u00e9 z\u00e1vitky; a ikonick\u00e1 Kara\u0111or\u0111eva \u0161nicla. Burek, s\u00fdrov\u00e9 kol\u00e1\u010de gibanica a pol\u00e9vky pasulj z fazol\u00ed odr\u00e1\u017eej\u00ed rolnick\u00e9 tradice, kter\u00e9 se dodnes vychutn\u00e1vaj\u00ed u slavnostn\u00edch stol\u016f. Chl\u00e9b a s\u016fl v\u00edtaj\u00ed hosty ritu\u00e1ln\u00ed pohostinnost\u00ed, zat\u00edmco slivovice na b\u00e1zi merun\u011bk \u2013 hrd\u00e1 srbsk\u00e1 rakie \u2013 z\u00edskala v roce 2021 status nehmotn\u00e9ho d\u011bdictv\u00ed UNESCO. Vinice se t\u00e1hnou p\u0159es 22 apelac\u00ed a produkuj\u00ed p\u0159ev\u00e1\u017en\u011b b\u00edl\u00e1 v\u00edna, zat\u00edmco dom\u00e1c\u00ed piva, jako jsou Jelen a Lav, p\u011bn\u00ed v tavern\u00e1ch. K\u00e1vov\u00e1 kultura, zd\u011bd\u011bn\u00e1 z osmansk\u00fdch kav\u00e1ren, p\u0159etrv\u00e1v\u00e1 v podob\u011b siln\u00e9 nefiltrovan\u00e9 srbsk\u00e9 k\u00e1vy pod\u00e1van\u00e9 v mal\u00fdch \u0161\u00e1lc\u00edch v kav\u00e1rn\u00e1ch.<\/p>\n<p>P\u0159esto\u017ee Srbsko pro\u0161lo peripeti\u00ed imp\u00e9ria a federace, p\u0159es p\u0159\u00edliv a odliv dobyvatel\u016f a revoluc\u00ed, z\u016fst\u00e1v\u00e1 \u0159\u00ed\u0161\u00ed m\u00edrn\u00fdch kopc\u016f a ty\u010d\u00edc\u00edch se vrchol\u016f, \u0159ek, kter\u00e9 vedly arm\u00e1dy i obchodn\u00edky, a lid\u00ed, kte\u0159\u00ed stejnou m\u011brou spojuj\u00ed posv\u00e1tn\u00e9 i sv\u011btsk\u00e9. Sv\u011btla jeho hlavn\u00edho m\u011bsta se t\u0159pyt\u00ed na starobyl\u00fdch hradb\u00e1ch, zat\u00edmco horsk\u00e1 st\u0159ediska se oz\u00fdv\u00e1 ozv\u011bnou ly\u017e\u00ed na sn\u011bhu a term\u00e1ln\u00ed vody slibuj\u00ed \u00falevu v ka\u017ed\u00e9m ro\u010dn\u00edm obdob\u00ed. Uprost\u0159ed m\u011bn\u00edc\u00edch se hranic historie stoj\u00ed pohostinn\u00fd duch Srbska, jeho up\u0159\u00edmn\u00fd z\u00e1vazek ke vzd\u011bl\u00e1v\u00e1n\u00ed a zdravotn\u00ed p\u00e9\u010di a jeho \u00fasil\u00ed o evropskou integraci do roku 2030 d\u016fkazem toho, \u017ee je to n\u00e1rod, kter\u00fd ct\u00ed svou minulost, i kdy\u017e si raz\u00ed cestu ke stabiln\u00ed a m\u00edrov\u00e9 budoucnosti.<\/p>","protected":false},"excerpt":{"rendered":"<p>Srbsko, form\u00e1ln\u011b zn\u00e1m\u00e9 jako Republika Srbsko, je vnitrozemsk\u00e1 republika le\u017e\u00edc\u00ed na soutoku jihov\u00fdchodn\u00ed a st\u0159edn\u00ed Evropy, le\u017e\u00edc\u00ed mezi Balk\u00e1nem a Panonskou n\u00ed\u017einou. Srbsko s populac\u00ed zhruba 6,6 milionu obyvatel, nepo\u010d\u00edtaje v to spornou oblast Kosova, je pozoruhodn\u00fdm n\u00e1rodem v regionu. B\u011blehrad, hlavn\u00ed a nejv\u011bt\u0161\u00ed m\u011bsto, funguje jako politick\u00e9, ekonomick\u00e9 a kulturn\u00ed srdce zem\u011b, definovan\u00e9 histori\u00ed, kter\u00e1 sah\u00e1 p\u0159es tis\u00edcilet\u00ed.<\/p>","protected":false},"author":1,"featured_media":4507,"parent":24078,"menu_order":0,"comment_status":"closed","ping_status":"closed","template":"elementor_theme","meta":{"_eb_attr":"","footnotes":""},"class_list":["post-13445","page","type-page","status-publish","has-post-thumbnail"],"_links":{"self":[{"href":"https:\/\/travelshelper.com\/cs\/wp-json\/wp\/v2\/pages\/13445","targetHints":{"allow":["GET"]}}],"collection":[{"href":"https:\/\/travelshelper.com\/cs\/wp-json\/wp\/v2\/pages"}],"about":[{"href":"https:\/\/travelshelper.com\/cs\/wp-json\/wp\/v2\/types\/page"}],"author":[{"embeddable":true,"href":"https:\/\/travelshelper.com\/cs\/wp-json\/wp\/v2\/users\/1"}],"replies":[{"embeddable":true,"href":"https:\/\/travelshelper.com\/cs\/wp-json\/wp\/v2\/comments?post=13445"}],"version-history":[{"count":1,"href":"https:\/\/travelshelper.com\/cs\/wp-json\/wp\/v2\/pages\/13445\/revisions"}],"predecessor-version":[{"id":88936,"href":"https:\/\/travelshelper.com\/cs\/wp-json\/wp\/v2\/pages\/13445\/revisions\/88936"}],"up":[{"embeddable":true,"href":"https:\/\/travelshelper.com\/cs\/wp-json\/wp\/v2\/pages\/24078"}],"wp:featuredmedia":[{"embeddable":true,"href":"https:\/\/travelshelper.com\/cs\/wp-json\/wp\/v2\/media\/4507"}],"wp:attachment":[{"href":"https:\/\/travelshelper.com\/cs\/wp-json\/wp\/v2\/media?parent=13445"}],"curies":[{"name":"wp","href":"https:\/\/api.w.org\/{rel}","templated":true}]}}