{"id":13360,"date":"2024-09-17T16:41:43","date_gmt":"2024-09-17T16:41:43","guid":{"rendered":"https:\/\/travelshelper.com\/staging\/?page_id=13360"},"modified":"2026-03-12T22:51:22","modified_gmt":"2026-03-12T22:51:22","slug":"kranj","status":"publish","type":"page","link":"https:\/\/travelshelper.com\/cs\/destinations\/europe\/slovenia\/kranj\/","title":{"rendered":"Kranj"},"content":{"rendered":"<p>Kranj, t\u0159et\u00ed nejlidnat\u011bj\u0161\u00ed obec ve Slovinsku a nejv\u00fdznamn\u011bj\u0161\u00ed m\u011bstsk\u00e1 aglomerace Horn\u00edho Kra\u0148ska, se rozkl\u00e1d\u00e1 na plo\u0161e zhruba 26 kilometr\u016f \u010dtvere\u010dn\u00edch, p\u0159ibli\u017en\u011b 20 kilometr\u016f severoz\u00e1padn\u011b od Lublan\u011b. Le\u017e\u00ed na soutoku \u0159ek Kokra a S\u00e1va, v nadmo\u0159sk\u00e9 v\u00fd\u0161ce zhruba 386 metr\u016f, a slou\u017e\u00ed jako spr\u00e1vn\u00ed centrum stejnojmenn\u00e9 m\u011bstsk\u00e9 obce. Od starov\u011bku si toto os\u00eddlen\u00ed \u2013 dolo\u017een\u00e9 jako Carnium v \u200b\u200b5. stolet\u00ed a vyv\u00edjej\u00edc\u00ed se v podob\u00e1ch, jako je via Chreinariorum v roce 973 a Chrainburch v roce 1291 \u2013 udr\u017euje sv\u016fj strategick\u00fd a kulturn\u00ed v\u00fdznam ve Slovinsk\u00fdch Alp\u00e1ch.<\/p>\n<p>St\u0159edov\u011bk\u00e9 j\u00e1dro m\u011bsta, pozoruhodn\u011b zachovan\u00e9, se rozkl\u00e1d\u00e1 na skalnat\u00e9m ostrohu, kde sb\u00edhaj\u00edc\u00ed se vodn\u00ed toky vyhloubily hlubok\u00e9 ka\u0148ony do slepencovit\u00e9 sk\u00e1ly. Zde Kokra, pro\u0159ez\u00e1vaj\u00edc\u00ed rokli hlubokou asi \u010dty\u0159icet metr\u016f, odhaluje sv\u016fj klikat\u00fd tok v m\u00edstech, jako je Kosorep na severn\u00edm okraji Kranje \u2013 panorama p\u0159\u00edstupn\u00e9 po klikat\u00e9 stezce, kter\u00e1 vede pod\u00e9l strm\u00fdch \u00fates\u016f k zelen\u00fdm vyhl\u00eddk\u00e1m. Po proudu, u Drulovky, se S\u00e1va, zkrocen\u00e1 p\u0159ehradou vodn\u00ed elektr\u00e1rny Mav\u010di\u010de, zastavuje v \u0161irok\u00e9 t\u016fni, jej\u00ed\u017e proud je tlumen pod ty\u010d\u00edc\u00edmi sediment\u00e1rn\u00edmi slepenci. Tato souhra hydrografie a geologie nejen\u017ee prop\u016fj\u010duje m\u011bstu jeho ur\u010duj\u00edc\u00ed fyziognomii, ale tak\u00e9 formuje rytmus m\u00edstn\u00edho \u017eivota, od poklidn\u00fdch promen\u00e1d pod\u00e9l b\u0159eh\u016f \u0159eky a\u017e po in\u017een\u00fdrsk\u00e9 projekty, kter\u00e9 vyu\u017e\u00edvaj\u00ed skrytou s\u00edlu S\u00e1vy.<\/p>\n<p>Klimatologicky se Kranj nach\u00e1z\u00ed v tepl\u00e9m a vlhk\u00e9m kontinent\u00e1ln\u00edm p\u00e1smu (K\u00f6ppen Dfb), kter\u00e9 se vyzna\u010duje m\u00edrn\u00fdmi l\u00e9ty zm\u00edrn\u011bn\u00fdmi alpsk\u00fdm v\u00e1nkem a zimami, kter\u00e9 \u2013 a\u010dkoli jsou \u010dasto chladn\u00e9 \u2013 z\u0159\u00eddka klesaj\u00ed do hlubok\u00fdch mraz\u016f ve vy\u0161\u0161\u00edch nadmo\u0159sk\u00fdch v\u00fd\u0161k\u00e1ch. Sez\u00f3nn\u00ed sr\u00e1\u017eky padaj\u00ed relativn\u011b rovnom\u011brn\u011b a \u017eiv\u00ed jak \u0159\u00ed\u010dn\u00ed fl\u00f3ru, tak i \u010detn\u00e9 ve\u0159ejn\u00e9 zahrady m\u011bsta, zat\u00edmco ob\u010dasn\u00e9 sn\u011b\u017een\u00ed zahaluje st\u0159echy dom\u016f do nedot\u010den\u00e9 b\u00edl\u00e9 a p\u0159ipom\u00edn\u00e1 st\u0159edov\u011bk\u00e9 sc\u00e9ny d\u00e1vno zachycen\u00e9 rytci a kronik\u00e1\u0159i.<\/p>\n<p>Proch\u00e1zet m\u011bstem znamen\u00e1 sledovat chronologii architektonick\u00fdch a pr\u016fmyslov\u00fdch prom\u011bn. \u017delezni\u010dn\u00ed stanice na Kolodvorsk\u00e9 cest\u011b spojuje Kranj s Lublan\u00ed, Jesenic\u00ed a d\u00e1le s Mnichovem p\u0159es Villach v Rakousku, zat\u00edmco d\u00e1lnice A2 zaji\u0161\u0165uje bezprobl\u00e9movou dopravu po silnici a nach\u00e1z\u00ed se pouh\u00fdch dvacet p\u011bt minut j\u00edzdy autem od lubla\u0148sk\u00e9ho leti\u0161t\u011b Jo\u017ee Pu\u010dnika v Brniku \u2013 paradoxn\u011b bl\u00ed\u017ee ke Kranji ne\u017e ke slovinsk\u00e9 metropoli. Pravideln\u00e1 autobusov\u00e1 doprava \u2013 t\u0159icet \u010dty\u0159i odjezd\u016f denn\u011b mezi Kran\u00ed a Lublan\u00ed \u2013 udr\u017euje jednosm\u011brn\u00e9 j\u00edzdn\u00e9 3,60 eura a tax\u00edky \u010dekaj\u00ed na cestuj\u00edc\u00ed jak na hlavn\u00edm autobusov\u00e9m termin\u00e1lu, tak na p\u0159edn\u00e1dra\u017e\u00ed, p\u0159ipraven\u00e9 p\u0159epravit n\u00e1v\u0161t\u011bvn\u00edky labyrintem m\u011bstsk\u00fdch uli\u010dek.<\/p>\n<p>Historick\u00e1 tapiserie Kranji je protkan\u00e1 c\u00edrkevn\u00edm a \u0161lechtick\u00fdm odkazem. Ve \u010dtvrti, kter\u00e9 kdysi dominovala hrabata, se ty\u010d\u00ed farn\u00ed kostel sv. Kanti\u00e1na a druh\u016f v stroh\u00e9 gotick\u00e9 podob\u011b \u2013 jeho p\u016fvodn\u00ed stavba ze 14. stolet\u00ed obklopuje p\u0159ibli\u017en\u011b 442 metr\u016f krychlov\u00fdch posv\u00e1tn\u00e9ho prostoru. Kostel, postaven\u00fd na objedn\u00e1vku m\u00edstn\u00ed \u0161lechty, dlouho slou\u017eil jako biskupsk\u00e9 s\u00eddlo kranjsk\u00e9 farnosti a j\u00e1henstv\u00ed. Jeho ty\u010d\u00edc\u00ed se klenby a vy\u0159ez\u00e1van\u00e9 lavice jsou sv\u011bdky generac\u00ed ob\u0159ad\u016f a proces\u00ed. Nedaleko se nach\u00e1z\u00ed hrad Kieselstein \u2013 \u010dasto ozna\u010dovan\u00fd jako Khislstein na po\u010dest jeho zakladatele ze 16. stolet\u00ed, barona Johanna Jakoba Khisla \u2013 kter\u00fd je dokladem feud\u00e1ln\u00ed minulosti m\u011bsta. Na \u00fapravy dohl\u00ed\u017eeli po sob\u011b jdouc\u00ed spr\u00e1vci z rod\u016f Moscon, Ravbar, Apfaltrer, Auersperg a Pagliaruzzi, ale byl to vizion\u00e1\u0159sk\u00fd architekt Jo\u017ee Ple\u010dnik, kdo v roce 1952 provedl pozdn\u011b starobylou rekonstrukci, kter\u00e1 spojila renesan\u010dn\u00ed solidnost s modernistickou jasnost\u00ed; Dnes se v terasovit\u00fdch zahrad\u00e1ch hradu konaj\u00ed letn\u00ed koncerty pod \u0161ir\u00fdm nebem.<\/p>\n<p>V pr\u016fb\u011bhu devaten\u00e1ct\u00e9ho a dvac\u00e1t\u00e9ho stolet\u00ed se osudy Kranje prol\u00ednaly s vzestupem pr\u016fmyslu. Elektronick\u00e9 a gum\u00e1rensk\u00e9 tov\u00e1rny \u2013 kdysi \u017eivotn\u00ed s\u00edla m\u00edstn\u00ed ekonomiky \u2013 vzkv\u00e9taly za habsbursk\u00e9 nadvl\u00e1dy a pozd\u011bji i v Jugosl\u00e1vii, ne\u017e turbulentn\u00ed obdob\u00ed z\u00edsk\u00e1n\u00ed nez\u00e1vislosti v roce 1991 spustil vlnu deindustrializace. Brownfieldy vznikaly tam, kde kom\u00edny kdysi chrlily oblaka s\u00edry, ale v posledn\u00edch desetilet\u00edch do\u0161lo k o\u017eiven\u00ed, kdy\u017e se zako\u0159enily exportn\u011b orientovan\u00e9 podniky. Mezi nejv\u00fdznamn\u011bj\u0161\u00ed z nich pat\u0159\u00ed Goodyear Dunlop Sava, jej\u00ed\u017e pneumatiky nyn\u00ed k\u0159i\u017euj\u00ed kontinenty; Iskratel, specialista na telekomunika\u010dn\u00ed syst\u00e9my; a Hidria, v\u00fdrobce automobilov\u00fdch a energetick\u00fdch komponent\u016f. Jejich modern\u00ed za\u0159\u00edzen\u00ed, obklopen\u00e1 upraven\u00fdmi z\u00e1zem\u00edmi, signalizuj\u00ed m\u011bsto znovuzrozen\u00e9 sp\u00ed\u0161e d\u00edky technologick\u00e9 agilit\u011b ne\u017e pouh\u00e9mu fyzick\u00e9mu rozsahu.<\/p>\n<p>Ob\u010dansk\u00fd \u017eivot v Kranji nese otisk tradice i inovac\u00ed. Ka\u017edoro\u010dn\u00ed festival Carniola Festival svol\u00e1v\u00e1 hudebn\u00edky, tane\u010dn\u00edky a \u0159emesln\u00edky, aby vystoupili na pozad\u00ed st\u0159edov\u011bk\u00fdch hradeb a dl\u00e1\u017ed\u011bn\u00fdch n\u00e1m\u011bst\u00ed, zat\u00edmco Teden Mladih (T\u00fdden ml\u00e1de\u017ee) prom\u011b\u0148uje b\u0159ehy \u0159ek v p\u00f3dia pro za\u010d\u00ednaj\u00edc\u00ed talenty. Sportovn\u00ed are\u00e1ly se mno\u017e\u00ed po cel\u00e9m m\u011bst\u011b: tenisov\u00e9 kurty se nach\u00e1zej\u00ed vedle fotbalov\u00fdch h\u0159i\u0161\u0165 a kryt\u00e9 ar\u00e9ny host\u00ed basketbalov\u00e9 z\u00e1pasy; klenotem v\u0161ak z\u016fst\u00e1v\u00e1 vodn\u00ed centrum \u2013 nejv\u011bt\u0161\u00ed ve Slovinsku \u2013 kter\u00e9 v roce 2003 hostilo spolu s dal\u0161\u00edmi sportovi\u0161ti v Lublani mistrovstv\u00ed Evropy mu\u017e\u016f ve vodn\u00edm p\u00f3lu. Jeho baz\u00e9n olympijsk\u00fdch rozm\u011br\u016f, lemovan\u00fd div\u00e1ck\u00fdmi galeriemi, i nad\u00e1le p\u0159itahuje sout\u011b\u017en\u00ed akce i komunitn\u00ed programy.<\/p>\n<p>Vzd\u011blan\u00fd n\u00e1v\u0161t\u011bvn\u00edk v kranjsk\u00fdch ve\u0159ejn\u00fdch instituc\u00edch nalezne oslavu slovinsk\u00e9ho kulturn\u00edho panteonu. V ulici Pre\u0161erenova se v Pav\u0161larov\u011b dom\u011b nach\u00e1z\u00ed Galerie laure\u00e1t\u016f Pre\u0161ernovy ceny, kde jsou vystaveny obrazy a sochy nositel\u016f nejvy\u0161\u0161\u00edho um\u011bleck\u00e9ho vyznamen\u00e1n\u00ed n\u00e1roda. Co by kamenem dohodil, v budov\u011b inspirovan\u00e9 barokn\u00edm stylem s\u00eddl\u00ed Pre\u0161erenovo divadlo, zalo\u017een\u00e9 v roce 1902, kde se na jeho \u00factyhodn\u00e9m jevi\u0161ti st\u0159\u00eddaj\u00ed klasick\u00e9 a sou\u010dasn\u00e9 produkce. Nedaleko se nach\u00e1z\u00ed Pre\u0161eren\u016fv d\u016fm, kde \u017eil a zem\u0159el slovinsk\u00fd n\u00e1rodn\u00ed b\u00e1sn\u00edk France Pre\u0161eren; jeho sal\u00f3n za\u0159\u00edzen\u00fd v emp\u00edrov\u00e9m slohu evokuje atmosf\u00e9ru, v n\u00ed\u017e se poprv\u00e9 zformovaly ver\u0161e jako \u201eZdravljica\u201c. Naproti p\u0159es ulici, v pe\u010dliv\u011b udr\u017eovan\u00e9m h\u00e1ji, stoj\u00ed jeho n\u00e1hrobek uprost\u0159ed Pre\u0161ernovy r\u016f\u017ee, botanick\u00e9 kultivaru pojmenovan\u00e9ho na jeho pam\u00e1tku.<\/p>\n<p>Urbanismus v Kranji se nej\u017eiv\u011bji rozv\u00edj\u00ed kolem Hlavn\u00edho n\u00e1m\u011bst\u00ed, jeho\u017e t\u0159icetimetrov\u00e9 rozp\u011bt\u00ed je lemov\u00e1no m\u011b\u0161\u0165ansk\u00fdmi domy ze \u0161estn\u00e1ct\u00e9ho a sedmn\u00e1ct\u00e9ho stolet\u00ed. Jejich port\u00e1ly, vytesan\u00e9 z m\u00edstn\u00edho v\u00e1pence, vedou k pastelov\u011b zbarven\u00fdm fas\u00e1d\u00e1m, o\u017eiven\u00fdm kovan\u00fdm \u017eelezn\u00fdm balkonem a vlysem renesan\u010dn\u00edho p\u016fvodu. Uprost\u0159ed n\u00e1m\u011bst\u00ed se nach\u00e1z\u00ed font\u00e1na z devaten\u00e1ct\u00e9ho stolet\u00ed \u2013 ned\u00e1vno zrekonstruovan\u00e1 tak, aby replikovala jej\u00ed p\u016fvodn\u00ed podobu \u2013 kde kdysi obchodn\u00edci prod\u00e1vali obil\u00ed a l\u00e1tky. Vedle radnice se nach\u00e1zej\u00ed dv\u011b odli\u0161n\u00e9 budovy: jedna b\u00fdval\u00e1 v\u00e1ha, druh\u00e1 d\u016fm bohat\u00e9ho m\u011b\u0161\u0165ana, nyn\u00ed v n\u011bm\u017e s\u00eddl\u00ed expozice Gorensk\u00e9ho muzea a slou\u017e\u00ed jako elegantn\u00ed m\u00edsto pro ob\u010dansk\u00e9 ob\u0159ady.<\/p>\n<p>\u0160krlovcova v\u011b\u017e, ty\u010d\u00edc\u00ed se nad star\u00fdm m\u011bstem, p\u0159ipom\u00edn\u00e1 dobu osmansk\u00fdch vp\u00e1d\u016f. Jej\u00ed kamenn\u00e9 zdi, kdysi slou\u017eily k obran\u011b, dnes host\u00ed galerii Janeze Puhara \u2013 prostor v\u011bnovan\u00fd fotografick\u00e9mu um\u011bn\u00ed \u2013 zat\u00edmco v p\u0159\u00edzem\u00ed se pod klenut\u00fdmi stropy konaj\u00ed p\u0159edn\u00e1\u0161ky a koncerty. Nedaleko se nach\u00e1z\u00ed Layerov d\u016fm, kter\u00fd p\u0159ipom\u00edn\u00e1 Leopolda Layera, mal\u00ed\u0159e osmn\u00e1ct\u00e9ho stolet\u00ed proslul\u00e9ho sv\u00fdmi n\u00e1bo\u017eensk\u00fdmi olt\u00e1\u0159n\u00edmi obrazy; v jeho galeri\u00edch se na jeho pam\u00e1tku konaj\u00ed st\u0159\u00eddav\u00e9 v\u00fdstavy a workshopy.<\/p>\n<p>Lidov\u00e1 architektura Jo\u017ee Ple\u010dnika se znovu objevuje na Vodopiv\u010dev\u011b ulici, kde ikonick\u00e9 schodi\u0161t\u011b stoup\u00e1 mezi ark\u00e1dami na mal\u00e9 n\u00e1m\u011bst\u00ed\u010dko korunovan\u00e9 jemn\u011b bublaj\u00edc\u00ed font\u00e1nou. Architektova charakteristick\u00e1 rovnov\u00e1ha mezi form\u00e1lnost\u00ed a rozmarnost\u00ed zde dod\u00e1v\u00e1 pocit procesn\u00edho klidu, jako by ka\u017ed\u00fd krok byl ver\u0161em v hymn\u011b na vyv\u00edjej\u00edc\u00ed se identitu Kranje.<\/p>\n<p>D\u00e1le pod\u00e9l skalnat\u00e9ho mola, kter\u00e9 vyb\u00edh\u00e1 do S\u00e1vy, stoj\u00ed Pungert, dal\u0161\u00ed obrann\u00e1 v\u011b\u017e ze \u0161estn\u00e1ct\u00e9ho stolet\u00ed, jej\u00ed\u017e v\u00e1lcov\u00e1 silueta kdysi odr\u00e1\u017eela \u00fato\u010dn\u00edky. Jej\u00ed robustn\u00ed zdi nyn\u00ed r\u00e1muj\u00ed m\u00edstnost pro v\u00fdstavy o m\u00edstn\u00ed historii. Nedaleko se jako mal\u00e1 svatyn\u011b dochoval gotick\u00fd kostel sv. Bo\u0161tjana, Fabi\u00e1na a Roka \u2013 postaven\u00fd b\u011bhem morov\u00e9 epidemie v patn\u00e1ct\u00e9m stolet\u00ed \u2013 jeho\u017e lomen\u00e9 oblouky a lancetov\u00e1 okna sv\u011bd\u010d\u00ed o v\u00ed\u0159e komunity v dob\u00e1ch zkou\u0161ek.<\/p>\n<p>Pod sluncem zalit\u00fdmi uli\u010dkami m\u011bsta se nach\u00e1z\u00ed dal\u0161\u00ed \u0159\u00ed\u0161e: z\u00e1kopy pod star\u00fdm Kranjem, podzemn\u00ed s\u00ed\u0165 vytesan\u00e1 b\u011bhem druh\u00e9 sv\u011btov\u00e9 v\u00e1lky, kter\u00e1 m\u011bla chr\u00e1nit civilisty p\u0159ed leteck\u00fdm bombardov\u00e1n\u00edm. Dnes jsou tyto tunely, kdysi tajn\u00e9 a nen\u00e1padn\u00e9, otev\u0159eny prohl\u00eddk\u00e1m s pr\u016fvodcem, kter\u00e9 osv\u011btluj\u00ed v\u00e1le\u010dn\u00e9 pot\u0159eby a m\u00edstn\u00ed odolnost.<\/p>\n<p>Kranj se tak odhaluje jako palimpsest epoch: jej\u00ed \u0159\u00edmsk\u00e1 etymologie \u2013 odvozen\u00e1 z keltsk\u00e9ho slova Carn\u012b, jeho\u017e samotn\u00fd n\u00e1zev nazna\u010duje \u201evrcholy\u201c nebo \u201ehromady kamene\u201c \u2013 se oz\u00fdv\u00e1 v \u017eulov\u00fdch \u00fatesech, z nich\u017e pramen\u00ed jej\u00ed \u0159eky; jej\u00ed st\u0159edov\u011bk\u00e9 valy a habsbursk\u00fd pr\u016fmysl otiskuj\u00ed povrch; a jej\u00ed sou\u010dasn\u00e9 podniky a kulturn\u00ed instituce sm\u011b\u0159uj\u00ed k budoucnosti zalo\u017een\u00e9 na inovac\u00edch a vzpom\u00ednk\u00e1ch. Mezi \u0159ekou a v\u011b\u017e\u00ed, mezi kostelem a tov\u00e1rnou stoj\u00ed Kranj jako sv\u011bdectv\u00ed o kontinuit\u011b a zm\u011bn\u011b \u2013 m\u011bsto, kde ka\u017ed\u00fd k\u00e1men, ka\u017ed\u00e1 architektonick\u00e1 ozdoba, ka\u017ed\u00fd festivalov\u00fd prapor p\u0159isp\u00edv\u00e1 k vypr\u00e1v\u011bn\u00ed, kter\u00e9 p\u0159esahuje hranice provincie a nab\u00edz\u00ed rezonan\u010dn\u00ed kapitolu v \u0161ir\u0161\u00edm p\u0159\u00edb\u011bhu st\u0159edn\u00ed Evropy.<\/p>","protected":false},"excerpt":{"rendered":"<p>Kranj je t\u0159et\u00edm nejv\u011bt\u0161\u00edm slovinsk\u00fdm m\u011bstem s odhadem 37 000 obyvatel. Nach\u00e1z\u00ed se na severoz\u00e1pad\u011b zem\u011b a slou\u017e\u00ed jako hlavn\u00ed metropolitn\u00ed uzel i tepaj\u00edc\u00ed srdce tradi\u010dn\u00edho regionu Horn\u00ed Kra\u0148sko a slovinsk\u00e9 Alpy. Strategicky um\u00edst\u011bn\u00e9 asi 20 kilometr\u016f severoz\u00e1padn\u011b od Lublan\u011b, hlavn\u00edho m\u011bsta st\u00e1tu, toto historicky v\u00fdznamn\u00e9 m\u011bsto je spr\u00e1vn\u00edm centrem m\u011bstsk\u00e9 samospr\u00e1vy Kranj.<\/p>","protected":false},"author":1,"featured_media":3281,"parent":13345,"menu_order":0,"comment_status":"closed","ping_status":"closed","template":"elementor_theme","meta":{"_eb_attr":"","footnotes":""},"class_list":["post-13360","page","type-page","status-publish","has-post-thumbnail"],"_links":{"self":[{"href":"https:\/\/travelshelper.com\/cs\/wp-json\/wp\/v2\/pages\/13360","targetHints":{"allow":["GET"]}}],"collection":[{"href":"https:\/\/travelshelper.com\/cs\/wp-json\/wp\/v2\/pages"}],"about":[{"href":"https:\/\/travelshelper.com\/cs\/wp-json\/wp\/v2\/types\/page"}],"author":[{"embeddable":true,"href":"https:\/\/travelshelper.com\/cs\/wp-json\/wp\/v2\/users\/1"}],"replies":[{"embeddable":true,"href":"https:\/\/travelshelper.com\/cs\/wp-json\/wp\/v2\/comments?post=13360"}],"version-history":[{"count":0,"href":"https:\/\/travelshelper.com\/cs\/wp-json\/wp\/v2\/pages\/13360\/revisions"}],"up":[{"embeddable":true,"href":"https:\/\/travelshelper.com\/cs\/wp-json\/wp\/v2\/pages\/13345"}],"wp:featuredmedia":[{"embeddable":true,"href":"https:\/\/travelshelper.com\/cs\/wp-json\/wp\/v2\/media\/3281"}],"wp:attachment":[{"href":"https:\/\/travelshelper.com\/cs\/wp-json\/wp\/v2\/media?parent=13360"}],"curies":[{"name":"wp","href":"https:\/\/api.w.org\/{rel}","templated":true}]}}