{"id":13345,"date":"2024-09-17T16:25:54","date_gmt":"2024-09-17T16:25:54","guid":{"rendered":"https:\/\/travelshelper.com\/staging\/?page_id=13345"},"modified":"2026-03-12T22:41:04","modified_gmt":"2026-03-12T22:41:04","slug":"slovinsko","status":"publish","type":"page","link":"https:\/\/travelshelper.com\/cs\/destinations\/europe\/slovenia\/","title":{"rendered":"Slovinsko"},"content":{"rendered":"<p>Slovinsko, \u00fazk\u00fd koridor zelen\u00e9ho ter\u00e9nu a skalnat\u00fdch vrchol\u016f v srdci evropsk\u00e9ho kontinentu, zauj\u00edm\u00e1 plochu 20 271 kilometr\u016f \u010dtvere\u010dn\u00edch a je domovem p\u0159ibli\u017en\u011b 2,1 milionu obyvatel. Soused\u00ed s It\u00e1li\u00ed na z\u00e1pad\u011b, Rakouskem na severu, Ma\u010farskem na severov\u00fdchod\u011b, Chorvatskem na jihu a jihov\u00fdchod\u011b a na jihoz\u00e1pad\u011b obep\u00edn\u00e1 kr\u00e1tk\u00fd p\u00e1s jadransk\u00e9ho pob\u0159e\u017e\u00ed. Strategick\u00e1 poloha t\u00e9to republiky na soutoku alpsk\u00fdch v\u00fd\u0161in, Panonsk\u00fdch n\u00ed\u017ein a st\u0159edomo\u0159sk\u00fdch vliv\u016f podtrhuje jej\u00ed jedine\u010dn\u00fd charakter.<\/p>\n<p>Od sv\u00e9ho nejran\u011bj\u0161\u00edho za\u010dlen\u011bn\u00ed do \u00fazem\u00ed Byzantsk\u00e9 \u0159\u00ed\u0161e a n\u00e1sledn\u011b Karol\u00ednsk\u00e9 a Svat\u00e9 \u0159\u00ed\u0161e \u0159\u00edmsk\u00e9, p\u0159es stalet\u00ed pod jurisdikc\u00ed Uhersk\u00e9ho kr\u00e1lovstv\u00ed, obchodn\u00edho dosahu Ben\u00e1tsk\u00e9 republiky, napoleonsk\u00fdch Ilyrsk\u00fdch provinci\u00ed a rozlehl\u00e9 habsbursk\u00e9 monarchie, bylo \u00fazem\u00ed dne\u0161n\u00edho Slovinska sv\u011bdkem p\u0159\u00edlivu a odlivu imperi\u00e1ln\u00edch proud\u016f \u2013 ka\u017ed\u00e1 vrstva spr\u00e1vy zanechala nesmazateln\u00e9 stopy na jeho kulturn\u00ed topografii. Na podzim roku 1918 Slovinci prosadili svou kolektivn\u00ed v\u016fli spoluzalo\u017een\u00edm St\u00e1tu Slovinc\u016f, Chorvat\u016f a Srb\u016f, jen aby se o n\u011bkolik m\u011bs\u00edc\u016f pozd\u011bji slou\u010dili do vznikaj\u00edc\u00edho Kr\u00e1lovstv\u00ed Srb\u016f, Chorvat\u016f a Slovinc\u016f (v roce 1929 p\u0159ejmenovan\u00e9ho na Jugosl\u00e1vii). Po ot\u0159esech druh\u00e9 sv\u011btov\u00e9 v\u00e1lky, b\u011bhem n\u00ed\u017e N\u011bmecko, It\u00e1lie a Ma\u010farsko rozd\u011blily a anektovaly \u00fazem\u00ed \u2013 dopln\u011bn\u00e9 o \u010d\u00e1st postoupenou Nez\u00e1visl\u00e9mu st\u00e1tu Chorvatsko \u2013 n\u00e1sledovala reintegrace do socialistick\u00e9 Jugosl\u00e1vie. Slovinsko, osvobozen\u00e9 od vn\u011bj\u0161\u00edho opatrovnictv\u00ed v \u010dervnu 1991, zah\u00e1jilo prohl\u00e1\u0161en\u00edm sv\u00e9 svrchovanosti novou kapitolu, v n\u00ed\u017e si stanovilo cestu jako \u010dlen Evropsk\u00e9 unie, NATO a dal\u0161\u00edch glob\u00e1ln\u00edch organizac\u00ed a z\u00e1rove\u0148 si vybudovalo ekonomiku s vysok\u00fdmi p\u0159\u00edjmy, kter\u00e1 vyva\u017euje \u00factyhodnou v\u00fdrobu a zem\u011bd\u011blsk\u00e9 aktivity s nejmodern\u011bj\u0161\u00edmi informa\u010dn\u00edmi technologiemi a finan\u010dn\u00edmi slu\u017ebami.<\/p>\n<p>Geograficky se Slovinsko rozkl\u00e1d\u00e1 mezi 45\u00b0 a 47\u00b0 severn\u00ed \u0161\u00ed\u0159ky a 13\u00b0 a 17\u00b0 v\u00fdchodn\u00ed d\u00e9lky, prot\u00edna ho t\u00e9m\u011b\u0159 patn\u00e1ct\u00fd poledn\u00edk v\u00fdchodn\u00ed d\u00e9lky a jeho st\u0159ed se nach\u00e1z\u00ed na sou\u0159adnic\u00edch 46\u00b007\u203211,8\u2033 s. \u0161., 14\u00b048\u203255,2\u2033 v. d., v bod\u011b pobl\u00ed\u017e Slivny v obci Litija. Jeho topografick\u00e1 rozmanitost je ohromuj\u00edc\u00ed: v jeho hranic\u00edch se sb\u00edhaj\u00ed \u010dty\u0159i hlavn\u00ed evropsk\u00e9 regiony \u2013 Alpy, Dinaridy, Panonsk\u00e1 n\u00ed\u017eina a St\u0159edomo\u0159sk\u00e1 p\u00e1nev. Severn\u00edm \u010d\u00e1stem dominuj\u00ed Julsk\u00e9 Alpy, Kamnicko-Savinjsk\u00e9 Alpy a Karavanky, spolu s poho\u0159\u00edm Pohorje; vrchol zem\u011b, Triglav, se ty\u010d\u00ed do v\u00fd\u0161ky 2 864 metr\u016f a zdob\u00ed vlajku i erb jako siln\u00fd symbol n\u00e1rodn\u00ed identity. Na jihoz\u00e1pad\u011b se 47kilometrov\u00e9 jadransk\u00e9 pob\u0159e\u017e\u00ed \u2013 kde se Slovinsk\u00e9 p\u0159\u00edmo\u0159\u00ed vm\u00eds\u0148uje do objet\u00ed St\u0159edozemn\u00edho mo\u0159e \u2013 m\u011bn\u00ed v krasovou plo\u0161inu, jej\u00ed\u017e rozpustn\u00fd v\u00e1penec vytesal podsv\u011bt\u00ed \u0159ek, rokl\u00ed a jeskyn\u00ed, oslavovan\u00fdch v Postojensk\u00e9 jeskyni a \u0160kocjansk\u00fdch jeskyn\u00edch, kter\u00e9 jsou zaps\u00e1ny na seznamu UNESCO. Naproti tomu v\u00fdchodn\u00ed rozloha se zplo\u0161\u0165uje do Panonsk\u00e9 n\u00ed\u017einy, zat\u00edmco v\u00edce ne\u017e 90 procent \u00fazem\u00ed le\u017e\u00ed v nadmo\u0159sk\u00e9 v\u00fd\u0161ce v\u00edce ne\u017e 200 metr\u016f.<\/p>\n<p>Klimaticky se v m\u00edrn\u00fdch zem\u011bpisn\u00fdch \u0161\u00ed\u0159k\u00e1ch Slovinska vyskytuj\u00ed troj\u00ed klima: kontinent\u00e1ln\u00ed re\u017eim na severov\u00fdchod\u011b, vyzna\u010duj\u00edc\u00ed se v\u00fdrazn\u00fdmi sez\u00f3nn\u00edmi teplotn\u00edmi v\u00fdkyvy; subst\u0159edomo\u0159sk\u00fd vliv pod\u00e9l pob\u0159e\u017e\u00ed a doln\u00edho toku \u00fadol\u00ed So\u010da; a alpsk\u00e9 klima ve vysok\u00fdch nadmo\u0159sk\u00fdch v\u00fd\u0161k\u00e1ch. Sr\u00e1\u017eky, \u010dasto un\u00e1\u0161en\u00e9 proudy z Janovsk\u00e9ho z\u00e1livu, osciluj\u00ed mezi v\u00edce ne\u017e 3 500 milimetry v z\u00e1padn\u00edch enkl\u00e1v\u00e1ch a kolem 800 milimetr\u016f v Prekmurje; rekordn\u00ed sn\u011bhov\u00e1 pokr\u00fdvka v Lublani dos\u00e1hla v \u00fanoru 1952 146 centimetr\u016f. A\u010dkoli je Slovinsko relativn\u011b chr\u00e1n\u011bno p\u0159ed vytrval\u00fdmi vich\u0159icemi, za\u017e\u00edv\u00e1 charakteristick\u00e9 v\u011btry \u2013 vlhk\u00e9, ji\u017en\u00ed jugo a n\u00e1razovou, severn\u00ed b\u00f3ru pod\u00e9l Littoralu a tak\u00e9 f\u00e9n v alpsk\u00fdch oblastech \u2013 zat\u00edmco m\u00edstn\u00ed vertik\u00e1ln\u00ed proudy vznikaj\u00ed v d\u016fsledku denn\u00edch tepeln\u00fdch cykl\u016f v \u010dlenit\u00e9m ter\u00e9nu.<\/p>\n<p>Pod nohama je geologie n\u00e1roda stejn\u011b \u017eiv\u00e1. Slovinsko le\u017e\u00ed na mali\u010dk\u00e9 Jadersk\u00e9 desce, kter\u00e1 se rotuje v protism\u011bru mezi Africkou a Euroasijskou deskou, a nach\u00e1z\u00ed se v seismicky aktivn\u00ed z\u00f3n\u011b, kde bylo v historick\u00fdch an\u00e1lech zaznamen\u00e1no \u0161edes\u00e1t ni\u010div\u00fdch ot\u0159es\u016f. Krasov\u00e9 \u00fatvary sahaj\u00ed za n\u00e1horn\u00ed plo\u0161inu a velkou \u010d\u00e1st skaln\u00edho podlo\u017e\u00ed propou\u0161t\u011bj\u00ed uhli\u010ditany, \u010d\u00edm\u017e vytv\u00e1\u0159ej\u00ed labyrint jeskyn\u00ed, kter\u00e9 sv\u011bd\u010d\u00ed o pomal\u00e9m um\u011bn\u00ed podzemn\u00edch vod. Tato rozmanit\u00e1 fyziografick\u00e1 prost\u0159ed\u00ed byla geografy analyzov\u00e1na do makroregion\u016f \u2013 alpsk\u00e9ho, subalpsk\u00e9ho, subst\u0159edomo\u0159sk\u00e9ho, din\u00e1rsk\u00e9ho a subpanonsk\u00e9ho \u2013 zat\u00edmco sou\u010dasn\u00e9 p\u0159\u00edrodn\u00ed geografick\u00e9 klasifikace je slu\u010duj\u00ed do \u010dty\u0159 zast\u0159e\u0161uj\u00edc\u00edch krajin: alpsk\u00e9, st\u0159edomo\u0159sk\u00e9, din\u00e1rsk\u00e9 a panonsk\u00e9, \u010dasto protkan\u00fdch p\u0159echodov\u00fdmi nikami.<\/p>\n<p>T\u00e9m\u011b\u0159 58 procent Slovinska o rozloze p\u0159ibli\u017en\u011b 11 823 kilometr\u016f \u010dtvere\u010dn\u00edch je pokryto lesem \u2013 p\u0159ev\u00e1\u017en\u011b bukov\u00fdmi, jedlo-bukov\u00fdmi a bukovo-dubov\u00fdmi porosty \u2013 co\u017e \u0159ad\u00ed zemi na t\u0159et\u00ed m\u00edsto v Evrop\u011b za Finskem a \u0160v\u00e9dskem; zbytky prales\u016f se dochovaly v oblasti Ko\u010devje. Dal\u0161\u00ed plochy zab\u00edraj\u00ed travnat\u00e9 porosty, pole, zahrady, sady a vinice, zat\u00edmco 286 z\u00f3n Natura 2000 chr\u00e1n\u00ed 36 procent \u00fazem\u00ed, co\u017e je nejrozs\u00e1hlej\u0161\u00ed s\u00ed\u0165 mezi st\u00e1ty Evropsk\u00e9 unie. Triglavsk\u00fd n\u00e1rodn\u00ed park, jedin\u00fd n\u00e1rodn\u00ed park, p\u0159edstavuje ba\u0161tu fl\u00f3ry a fauny a slovinsk\u00e1 environment\u00e1ln\u00ed p\u00e9\u010de si z\u00edskala uzn\u00e1n\u00ed v indexech, jako je Yale\u016fv index environment\u00e1ln\u00ed v\u00fdkonnosti.<\/p>\n<p>Hydrologicky se p\u0159ibli\u017en\u011b 81 procent slovinsk\u00e9ho \u00fazem\u00ed nap\u00e1j\u00ed do povod\u00ed \u010cern\u00e9ho mo\u0159e prost\u0159ednictv\u00edm \u0159\u00ed\u010dn\u00edch syst\u00e9m\u016f Mury, Dr\u00e1vy a S\u00e1vy \u2013 p\u0159i\u010dem\u017e Kolpa je jedn\u00edm z jej\u00edch p\u0159\u00edtok\u016f \u2013 zat\u00edmco zb\u00fdvaj\u00edc\u00edch 19 procent odt\u00e9k\u00e1 na jih do Jadersk\u00e9ho mo\u0159e. Horsk\u00e9 prameny poskytuj\u00ed vodu mimo\u0159\u00e1dn\u011b \u010dist\u00e9, a\u010dkoli zem\u011bd\u011blsk\u00fd odtok p\u0159edstavuje lok\u00e1ln\u00ed probl\u00e9my. Jezera, jako je Bohinj, nejv\u011bt\u0161\u00ed slovinsk\u00e9 p\u0159\u00edrodn\u00ed jezero a pramen \u0159eky S\u00e1vy, zdob\u00ed horsk\u00fd ter\u00e9n a dopl\u0148uj\u00ed k\u0159i\u0161\u0165\u00e1lov\u011b \u010dist\u00e9 proudy \u0159eky So\u010de, jej\u00ed\u017e smaragdov\u00fd odst\u00edn prot\u00e9k\u00e1 \u00fadol\u00edm Trenty.<\/p>\n<p>Z ekonomick\u00e9ho hlediska byla transformace Slovinska od vyhl\u00e1\u0161en\u00ed nez\u00e1vislosti pozoruhodn\u00e1: zem\u011b se py\u0161n\u00ed jednou z nejrozvinut\u011bj\u0161\u00edch transforma\u010dn\u00edch ekonomik, jej\u00ed\u017e HDP na obyvatele p\u0159evy\u0161uje HDP jej\u00edch slovansk\u00fdch prot\u011bj\u0161k\u016f. Tradi\u010dn\u00ed odv\u011btv\u00ed \u2013 t\u011b\u017eba, hutnictv\u00ed, chemick\u00e1 v\u00fdroba a zem\u011bd\u011blstv\u00ed \u2013 koexistuj\u00ed s rozv\u00edjej\u00edc\u00edmi se informa\u010dn\u00edmi technologiemi, finan\u010dn\u00edmi slu\u017ebami a ekologicky uv\u011bdom\u011bl\u00fdm cestovn\u00edm ruchem. Zahrani\u010dn\u00ed obchod tvo\u0159\u00ed podstatnou \u010d\u00e1st n\u00e1rodn\u00edho produktu, \u010demu\u017e napom\u00e1h\u00e1 \u010dlenstv\u00ed v Evropsk\u00e9 unii, Organizaci pro hospod\u00e1\u0159skou spolupr\u00e1ci a rozvoj a Sv\u011btov\u00e9 obchodn\u00ed organizaci. Region\u00e1ln\u00ed prosperita se li\u0161\u00ed, p\u0159i\u010dem\u017e v bohatstv\u00ed vedou region st\u0159edn\u00edho Slovinska (s Lublan\u00ed) a p\u0159\u00edmo\u0159sk\u00e9 krasov\u00e9 oblasti, zat\u00edmco Mura, St\u0159edn\u00ed Pos\u00e1v\u00ed a P\u0159\u00edmo\u0159sko-vnit\u0159n\u00ed Kra\u0148sko vykazuj\u00ed ni\u017e\u0161\u00ed indexy.<\/p>\n<p>Cestovn\u00ed ruch ve Slovinsku se odehr\u00e1v\u00e1 v cel\u00e9 \u0159ad\u011b p\u0159\u00edrodn\u00edch a kulturn\u00edch aktiv, z nich\u017e ka\u017ed\u00e9 je vetk\u00e1no do struktury udr\u017eiteln\u00e9 praxe: v roce 2017 \u010dasopis National Geographic Traveller ozna\u010dil Slovinsko za nejudr\u017eiteln\u011bj\u0161\u00ed destinaci sv\u011bta a n\u00e1sledn\u00e1 ocen\u011bn\u00ed potvrdila jeho ekologick\u00e9 certifikace, v\u010detn\u011b ceny Evropsk\u00fd region gastronomie v roce 2021. M\u011bstsk\u00e9 architektonick\u00e9 d\u011bdictv\u00ed \u2013 p\u0159\u00edkladem jsou lubla\u0148sk\u00e9 barokn\u00ed a v\u00edde\u0148sk\u00e9 secesn\u00ed stavby, z nich\u017e mnoh\u00e9 navrhl rodn\u00fd architekt Jo\u017ee Ple\u010dnik \u2013 koexistuje se st\u0159edov\u011bk\u00fdmi kostely, tis\u00edci poz\u016fstatky hrad\u016f, pansk\u00fdch s\u00eddel a tradi\u010dn\u00edch stoh\u016f sena (kozolci). \u010cty\u0159i lokality sv\u011btov\u00e9ho d\u011bdictv\u00ed UNESCO \u2013 \u0160kocjansk\u00e9 jeskyn\u011b, star\u00e9 lesy Goteni\u0161ki Sne\u017enik a Ko\u010devski Rog, rtu\u0165ov\u00fd d\u016fl Idrija a prehistorick\u00e1 k\u016flov\u00e1 obydl\u00ed Lubla\u0148sk\u00e9ho mo\u010d\u00e1lu \u2013 podtrhuj\u00ed kulturn\u00ed a p\u0159\u00edrodn\u00ed d\u011bdictv\u00ed n\u00e1roda. Historick\u00e1 m\u011bsta jako Ptuj a \u0160kofja Loka, Predjamsk\u00fd hrad t\u00fd\u010d\u00edc\u00ed se na \u00fatesech a ra\u0161elinov\u00e9 soln\u00e9 doly Se\u010dovlje tvo\u0159\u00ed kapitoly v \u0161ir\u0161\u00edm p\u0159\u00edb\u011bhu lidsk\u00e9 vynal\u00e9zavosti a geologick\u00e9 pod\u00edvan\u00e9.<\/p>\n<p>Mezi pob\u0159e\u017en\u00edmi m\u011bsty hovo\u0159\u00ed ben\u00e1tsko-gotick\u00e9 fas\u00e1dy Piranu s lagunou a letn\u00ed spole\u010densk\u00e1 atmosf\u00e9ra Portoro\u017ee o st\u0159edomo\u0159sk\u00e9m d\u011bdictv\u00ed; ve vnitrozem\u00ed oslavuj\u00ed vina\u0159sk\u00e9 kopce obklopuj\u00edc\u00ed Maribor vina\u0159sk\u00e9 tradice, zt\u011blesn\u011bn\u00e9 400 let starou vinnou r\u00e9vou \u017dametovka, kter\u00e1 je pova\u017eov\u00e1na za nejstar\u0161\u00ed na sv\u011bt\u011b. L\u00e1ze\u0148sk\u00e1 st\u0159ediska \u2013 Roga\u0161ka Slatina, Radenci, \u010cate\u017e ob Savi, Dobrna a Moravsk\u00e9 Toplice \u2013 nab\u00edzej\u00ed l\u00e9\u010div\u00e9 vody v pastvin\u00e1ch, zat\u00edmco dobrodruzi si najdou cestu do Julsk\u00fdch Alp a povod\u00ed So\u010de: canyoning, rafting, paragliding a horsk\u00e1 cyklistika se zde provozuj\u00ed za ceny z po\u010d\u00e1tku dvac\u00e1t\u00e9ho stolet\u00ed, kter\u00e9 jsou \u010dasto porovn\u00e1v\u00e1ny s dra\u017e\u0161\u00edmi alpsk\u00fdmi prot\u011bj\u0161ky.<\/p>\n<p>Kuchyn\u011b odr\u00e1\u017e\u00ed troj\u00ed kulturn\u00ed d\u011bdictv\u00ed n\u00e1roda \u2013 germ\u00e1nsk\u00e9, latinsk\u00e9 a slovansk\u00e9 \u2013 s v\u00edce ne\u017e \u010dty\u0159iceti region\u00e1ln\u00edmi variantami pokrm\u016f zako\u0159en\u011bn\u00fdch ve skromn\u00fdch pokrmech: pokrmy z jednoho hrnce, jako je ri\u010det, jota a mine\u0161tra; pohankov\u00e9 \u017eganci; (v Prekmurji) bujta repa a vrstven\u00e1 prekmurska gibanica; uzen\u00fd pr\u0161ut z Littoralu; a symbolick\u00e1 o\u0159echov\u00e1 rol\u00e1da potica, jej\u00ed\u017e symbolika diaspory rezonuje ve slovinsk\u00fdch komunit\u00e1ch v zahrani\u010d\u00ed. Kulin\u00e1\u0159sk\u00e9 festivaly \u2013 mezi nimi\u017e je i ka\u017edoro\u010dn\u00ed Festival pe\u010den\u00fdch brambor, slavnostn\u011b zah\u00e1jen\u00fd v roce 2000 \u2013 oslavuj\u00ed ka\u017edodenn\u00ed tradice, zat\u00edmco kranjska klobasa a \u00factyhodn\u00e1 r\u00e9va \u017dametovka posiluj\u00ed smysl pro terroir, kter\u00fd cen\u00ed jak p\u016fvodu, tak sez\u00f3nn\u00edch rytm\u016f.<\/p>\n<p>Propojen\u00ed nap\u0159\u00ed\u010d Slovinskem je formov\u00e1no jeho fyziografi\u00ed: na jeho \u00fazem\u00ed se sb\u00edhaj\u00ed panevropsk\u00e9 koridory V (spojuj\u00edc\u00ed severn\u00ed Jadran se st\u0159edn\u00ed a v\u00fdchodn\u00ed Evropou) a X (spojuj\u00edc\u00ed st\u0159edn\u00ed Evropu s Balk\u00e1nem), kter\u00e9 usnad\u0148uj\u00ed silni\u010dn\u00ed, \u017eelezni\u010dn\u00ed, p\u0159\u00edstavn\u00ed a leteckou dopravu. D\u00e1lnice, jejich\u017e expanze se po roce 1994 zrychlila, nyn\u00ed tvo\u0159\u00ed hustou s\u00ed\u0165, kter\u00e1 p\u0159edstavuje osmdes\u00e1t procent n\u00e1kladn\u00ed a osobn\u00ed dopravy, a\u010dkoli vedlej\u0161\u00ed st\u00e1tn\u00ed silnice se pod zv\u00fd\u0161en\u00fdm zat\u00ed\u017een\u00edm zhor\u0161ily. \u017deleznice, brzd\u011bn\u00e9 zastaralou infrastrukturou a rozpt\u00fdlen\u00fdmi strukturami os\u00eddlen\u00ed, jsou v po\u010d\u00e1te\u010dn\u00edch f\u00e1z\u00edch modernizace na ose Koper\u2013Diva\u010da, zat\u00edmco p\u0159\u00edstav Koper kraluje jako kontejnerov\u00e9 centrum severn\u00edho Jadranu \u2013 ro\u010dn\u011b odbav\u00ed t\u00e9m\u011b\u0159 590 000 dvacetistop\u00fdch jednotek \u2013 a zaji\u0161\u0165uje n\u00e1mo\u0159n\u00ed p\u0159epravu n\u00e1kladu a cestuj\u00edc\u00edch, dopln\u011bnou Izolou a Piranem. Leteck\u00e1 doprava z\u016fst\u00e1v\u00e1 skromn\u00e1, ale roste: Hlavn\u00ed vstupn\u00ed branou slou\u017e\u00ed leti\u0161t\u011b Jo\u017ee Pu\u010dnika v Lublani, spolu s Mariborem Edvard Rusjan a Portoro\u017eem, p\u0159i\u010dem\u017e n\u00edzkon\u00e1kladov\u00ed dopravci zapl\u0148uj\u00ed pr\u00e1zdnotu, kter\u00e1 vznikla po bankrotu spole\u010dnosti Adria Airways v roce 2019.<\/p>\n<p>Demograficky zaznamenalo s\u010d\u00edt\u00e1n\u00ed lidu republiky z \u0159\u00edjna 2024 2 129 052 obyvatel, co\u017e odpov\u00edd\u00e1 hustot\u011b zalidn\u011bn\u00ed 105 osob na kilometr \u010dtvere\u010dn\u00ed \u2013 co\u017e je ve srovn\u00e1n\u00ed s Nizozemskem nebo It\u00e1li\u00ed nepatrn\u00e9 a nerovnom\u011brn\u011b rozlo\u017een\u00e9 mezi statistick\u00fdmi regiony, od centra st\u0159edn\u00edho Slovinska a\u017e po \u0159\u00eddce os\u00eddlen\u00fd Vnit\u0159n\u00ed Kras. Zachov\u00e1n\u00ed slovin\u0161tiny, o kterou se po generace starali katoli\u010dt\u00ed kl\u00e1\u0161tern\u00ed spr\u00e1vci v obdob\u00ed germanizace, je z\u00e1kladem jazykov\u00e9 jednoty odli\u0161n\u00e9 od sousedn\u00edch srbochorvatsk\u00fdch jazyk\u016f.<\/p>\n<p>Pro cestovatele, kter\u00fd tou\u017e\u00ed pochopen\u00ed podstaty Slovinska, se rytmick\u00e1 sc\u00e9na rozprost\u00edr\u00e1 od Trojit\u00e9ho mostu p\u0159es Lublanici v Lublani a\u017e po legend\u00e1rn\u00ed ostrov u Bledsk\u00e9ho jezera; od podzemn\u00edch katedr\u00e1l se stalaktity a\u017e po sluncem zalit\u00e9 terasy \u0160kocjansk\u00e9ho krasu; od \u0161eptaj\u00edc\u00edho bukolick\u00e9ho klidu alpsk\u00fdch pastvin a\u017e po pob\u0159e\u017en\u00ed promen\u00e1dy, kde ben\u00e1tsk\u00e9 cimbu\u0159\u00ed zachycuje jadersk\u00fd v\u00e1nek \u2013 ka\u017ed\u00e1 z nich nab\u00edz\u00ed kapitolu v neust\u00e1l\u00e9m dialogu mezi monumentalitou p\u0159\u00edrody a lidsk\u00fdm \u0159emesln\u00fdm zpracov\u00e1n\u00edm. A\u0165 u\u017e cestujete po d\u00e1lnici, vlaku nebo \u0159\u00ed\u010dce, Slovinsko se odhaluje jako \u0159\u00ed\u0161e prot\u00ednaj\u00edc\u00edch se sv\u011bt\u016f, m\u00edsto, kde se sb\u00edhaj\u00ed kontinent\u00e1ln\u00ed pulsy a st\u0159edomo\u0159sk\u00e9 kadence, kde pam\u011b\u0165 a modernita udr\u017euj\u00ed neust\u00e1lou rovnov\u00e1hu a kde je pohled cestovatele zv\u00e1n, aby se zamyslel nad slo\u017eitou souhrou zem\u011b, historie a kultury.<\/p>","protected":false},"excerpt":{"rendered":"<p>Slovinsko, mal\u00e1, ale zaj\u00edmav\u00e1 zem\u011b le\u017e\u00edc\u00ed na jihu st\u0159edn\u00ed Evropy, zauj\u00edm\u00e1 strategickou polohu na k\u0159i\u017eovatce v\u00fdznamn\u00fdch evropsk\u00fdch kulturn\u00edch a obchodn\u00edch cest. Slovinsko p\u0159edstavuje zvl\u00e1\u0161tn\u00ed sm\u011bs p\u0159\u00edrodn\u00edch kr\u00e1s, bohat\u00e9 historie a modern\u00edho rozvoje s populac\u00ed p\u0159ibli\u017en\u011b 2,1 milionu lid\u00ed roztrou\u0161en\u00fdch na jeho 20 271 kilometrech \u010dtvere\u010dn\u00edch (7 827 \u010dtvere\u010dn\u00edch mil) rozmanit\u00e9 topografie. S hranicemi s It\u00e1li\u00ed na z\u00e1pad\u011b, Rakouskem na severu, Ma\u010farskem na severov\u00fdchod\u011b, Chorvatskem na jihu a jihov\u00fdchod\u011b a form\u00e1ln\u011b naz\u00fdvanou Republikou Slovinsko (slovinsky Republika Slovenija), si tato zem\u011b tak\u00e9 n\u00e1rokuje kousek jadransk\u00e9ho pob\u0159e\u017e\u00ed na jihoz\u00e1pad.<\/p>","protected":false},"author":1,"featured_media":4335,"parent":24078,"menu_order":0,"comment_status":"closed","ping_status":"closed","template":"elementor_theme","meta":{"_eb_attr":"","footnotes":""},"class_list":["post-13345","page","type-page","status-publish","has-post-thumbnail"],"_links":{"self":[{"href":"https:\/\/travelshelper.com\/cs\/wp-json\/wp\/v2\/pages\/13345","targetHints":{"allow":["GET"]}}],"collection":[{"href":"https:\/\/travelshelper.com\/cs\/wp-json\/wp\/v2\/pages"}],"about":[{"href":"https:\/\/travelshelper.com\/cs\/wp-json\/wp\/v2\/types\/page"}],"author":[{"embeddable":true,"href":"https:\/\/travelshelper.com\/cs\/wp-json\/wp\/v2\/users\/1"}],"replies":[{"embeddable":true,"href":"https:\/\/travelshelper.com\/cs\/wp-json\/wp\/v2\/comments?post=13345"}],"version-history":[{"count":0,"href":"https:\/\/travelshelper.com\/cs\/wp-json\/wp\/v2\/pages\/13345\/revisions"}],"up":[{"embeddable":true,"href":"https:\/\/travelshelper.com\/cs\/wp-json\/wp\/v2\/pages\/24078"}],"wp:featuredmedia":[{"embeddable":true,"href":"https:\/\/travelshelper.com\/cs\/wp-json\/wp\/v2\/media\/4335"}],"wp:attachment":[{"href":"https:\/\/travelshelper.com\/cs\/wp-json\/wp\/v2\/media?parent=13345"}],"curies":[{"name":"wp","href":"https:\/\/api.w.org\/{rel}","templated":true}]}}