{"id":13339,"date":"2024-09-17T16:20:37","date_gmt":"2024-09-17T16:20:37","guid":{"rendered":"https:\/\/travelshelper.com\/staging\/?page_id=13339"},"modified":"2026-03-12T22:34:54","modified_gmt":"2026-03-12T22:34:54","slug":"bratislava","status":"publish","type":"page","link":"https:\/\/travelshelper.com\/cs\/destinations\/europe\/slovakia\/bratislava\/","title":{"rendered":"Bratislava"},"content":{"rendered":"<p data-pm-slice=\"1 1 []\">Bratislava, hlavn\u00ed a nejv\u011bt\u0161\u00ed m\u011bsto Slovensk\u00e9 republiky s ofici\u00e1ln\u00ed populac\u00ed p\u0159ibli\u017en\u011b 475 000 obyvatel \u2013 a\u010dkoli n\u011bkter\u00e9 odhady uv\u00e1d\u011bj\u00ed denn\u00ed p\u0159\u00edliv bl\u00ed\u017ee 570 000 \u2013 le\u017e\u00ed na soutoku \u0159ek Dunaje a Moravy v jihoz\u00e1padn\u00edm Slovensku na \u00fazem\u00ed o rozloze 367,58 kilometr\u016f \u010dtvere\u010dn\u00edch, v jedine\u010dn\u00e9 poloze na \u00fapat\u00ed Mal\u00fdch Karpat a hrani\u010d\u00ed s Rakouskem i Ma\u010farskem, co\u017e z n\u00ed \u010din\u00ed jedin\u00e9 hlavn\u00ed m\u011bsto na sv\u011bt\u011b, kter\u00e9 soused\u00ed se dv\u011bma suver\u00e9nn\u00edmi st\u00e1ty.<\/p>\n<p>Charakter Bratislavy formoval v\u00fdvoj m\u011bsta nap\u0159\u00ed\u010d tis\u00edcilet\u00edmi. Nejstar\u0161\u00ed zn\u00e1m\u00ed obyvatel\u00e9 m\u011bsta zanechali stopy na hradn\u00edm vrchu v p\u0159echodn\u00e9m obdob\u00ed mezi dobou kamennou a dobou bronzovou. N\u00e1sleduj\u00edc\u00ed epochy ilustruj\u00ed keltskou akropoli, \u0159\u00edmskou pohrani\u010dn\u00ed pevnost, velkomoravsk\u00e9 politick\u00e9 centrum a pozd\u011bji ba\u0161tu st\u0159edov\u011bk\u00e9ho Uhersk\u00e9ho kr\u00e1lovstv\u00ed. Od roku 1536 do roku 1783 slou\u017eila jako s\u00eddlo z\u00e1konod\u00e1rn\u00e9ho sboru a m\u00edsto korunovace tohoto kr\u00e1lovstv\u00ed, kde jeden\u00e1ct kr\u00e1l\u016f a osm kr\u00e1loven p\u0159ij\u00edmalo sv\u00e9 korunovace v klenut\u00fdch prostor\u00e1ch katedr\u00e1ly svat\u00e9ho Martina. Budova, postaven\u00e1 od t\u0159in\u00e1ct\u00e9ho do \u0161estn\u00e1ct\u00e9ho stolet\u00ed, z\u016fst\u00e1v\u00e1 gotickou pam\u00e1tkou t\u011bchto ob\u0159ad\u016f, zat\u00edmco Michalsk\u00e1 br\u00e1na, jedin\u00fd poz\u016fstatek st\u0159edov\u011bk\u00e9ho opevn\u011bn\u00ed, stoj\u00ed na str\u00e1\u017ei nad \u00fazk\u00fdmi uli\u010dkami, kter\u00fdmi se kdysi oz\u00fdvaly kroky hodnost\u00e1\u0159\u016f, duchovenstva a obchodn\u00edk\u016f.<\/p>\n<p>Bratislava se nach\u00e1z\u00ed v povod\u00ed st\u0159edn\u00edho Dunaje, v nadmo\u0159sk\u00e9 v\u00fd\u0161ce od 126 metr\u016f pod\u00e9l \u0159eky do 514 metr\u016f u Dev\u00ednsk\u00e9 Kobyly, a rozkl\u00e1d\u00e1 se p\u0159es b\u0159ehov\u00e9 n\u00ed\u017einy a zasahuje do zalesn\u011bn\u00fdch kopc\u016f okresu. V r\u00e1mci administrativn\u00edch hranic se do Dunaje vl\u00e9vaj\u00ed \u0159eky Mal\u00fd Dunaj a Vydrica, kter\u00e9 vytv\u00e1\u0159ej\u00ed b\u0159ehov\u00e9 lesy, kde se vyskytuj\u00ed jezevci evropsk\u00fd, li\u0161ky obecn\u00e9, divo\u010d\u00e1ci a jeleni i srnci. Klimatick\u00fd profil se vyzna\u010duje vlhk\u00fdm subtropick\u00fdm (Cfa), koketuj\u00edc\u00edm s kontinent\u00e1ln\u00edm (Dfa), a je definov\u00e1n pr\u016fm\u011brnou ro\u010dn\u00ed teplotou kolem 11,1 \u00b0C, nejteplej\u0161\u00edmi m\u011bs\u00edci s pr\u016fm\u011brnou teplotou 22,0 \u00b0C a chladn\u00fdmi obdob\u00edmi klesaj\u00edc\u00edmi a\u017e na 0,3 \u00b0C. Sr\u00e1\u017eky se rozprost\u00edraj\u00ed rovnom\u011brn\u011b po cel\u00fd rok, a\u010dkoli rychl\u00e9 sez\u00f3nn\u00ed p\u0159echody nyn\u00ed zkracuj\u00ed jaro a podzim, zat\u00edmco extr\u00e9mn\u00ed teplom\u011bry zaznamenaly maxima 39,4 \u00b0C a minima -24,6 \u00b0C. Protipovod\u0148ov\u00e9 z\u00e1brany lemuj\u00ed oba b\u0159ehy v zraniteln\u00fdch m\u011bstsk\u00fdch \u010d\u00e1stech, jako jsou Dev\u00edn a Dev\u00ednska Nov\u00e1 Ves, co\u017e je nutnost pramen\u00edc\u00ed ze stalet\u00ed \u0159\u00ed\u010dn\u00ed dynamiky.<\/p>\n<p>Bratislavsk\u00fd urbanistick\u00fd tvar stav\u00ed do kontrastu st\u0159edov\u011bk\u00e9 v\u011b\u017ee s ambicemi dvac\u00e1t\u00e9ho a jednadvac\u00e1t\u00e9ho stolet\u00ed. Star\u00e9 M\u011bsto je st\u0159edem barokn\u00edch pal\u00e1c\u016f, mezi nimi\u017e je Grassalkovich\u016fv pal\u00e1c, stavba z poloviny osmn\u00e1ct\u00e9ho stolet\u00ed, v n\u00ed\u017e dnes s\u00eddl\u00ed prezidentsk\u00e1 rezidence, a b\u00fdval\u00fd Arcibiskupsk\u00fd pal\u00e1c, sou\u010dasn\u00e9 s\u00eddlo vl\u00e1dy. Radnice, slo\u017een\u00e1 z budov ze \u010dtrn\u00e1ct\u00e9ho a patn\u00e1ct\u00e9ho stolet\u00ed, v sob\u011b ukr\u00fdv\u00e1 M\u011bstsk\u00e9 muzeum Bratislavy a evokuje ob\u010danskou autoritu sv\u00e9 doby. Nedaleko se nach\u00e1z\u00ed Univerzitn\u00ed knihovna, postaven\u00e1 v roce 1756, kter\u00e1 hostila uhersk\u00fd sn\u011bm od roku 1802 a\u017e do obdob\u00ed reforem, kdy byly v jej\u00edch zdech vyhl\u00e1\u0161eny z\u00e1kony o zru\u0161en\u00ed nevolnictv\u00ed a zalo\u017een\u00ed Ma\u010farsk\u00e9 akademie v\u011bd. Men\u0161\u00ed domy uchov\u00e1vaj\u00ed nehmotn\u00e9 d\u011bdictv\u00ed: d\u016fm, kde se narodil Johann Nepomuk Hummel, je typick\u00fdm p\u0159\u00edkladem bytov\u00e9 architektury osmn\u00e1ct\u00e9ho stolet\u00ed.<\/p>\n<p>N\u00e1bo\u017eensk\u00e9 stavby tvo\u0159\u00ed z\u00e1\u0159iv\u00e9 vl\u00e1kno m\u011bstsk\u00fdm p\u0159\u00edb\u011bhem. Franti\u0161k\u00e1nsk\u00fd kostel a kl\u00e1\u0161ter z konce t\u0159in\u00e1ct\u00e9ho stolet\u00ed se eviduje jako nejstar\u0161\u00ed dochovan\u00e1 sakr\u00e1ln\u00ed stavba a kdysi slou\u017eil jako m\u00edsto pro pasov\u00e1n\u00ed na ryt\u00ed\u0159e. Modr\u00fd kostel sv. Al\u017eb\u011bty, mistrovsk\u00e9 d\u00edlo ma\u010farsk\u00e9 secese, se vyzna\u010duje jedine\u010dnou monochromatickou fas\u00e1dou a st\u00e1le l\u00e1k\u00e1 n\u00e1v\u0161t\u011bvn\u00edky, kte\u0159\u00ed hledaj\u00ed jeho nekonven\u010dn\u00ed linie. Jedin\u00e1 dochovan\u00e1 synagoga v Bratislav\u011b sv\u011bd\u010d\u00ed o kdysi \u017eiv\u00e9 \u017eidovsk\u00e9 komunit\u011b, zat\u00edmco pod hradn\u00edm vrchem vykopan\u00fd segment h\u0159bitovn\u00edch zd\u00ed z devaten\u00e1ct\u00e9ho stolet\u00ed ozna\u010duje m\u00edsto odpo\u010dinku rab\u00edna Moj\u017e\u00ed\u0161e Sofera. Po druh\u00e9 sv\u011btov\u00e9 v\u00e1lce byl na kopci s v\u00fdhledem na m\u011bsto odhalen vojensk\u00fd h\u0159bitov Slav\u00edn, jeho\u017e pam\u00e1tn\u00edky jsou v\u011bnov\u00e1ny sov\u011btsk\u00fdm voj\u00e1k\u016fm padl\u00fdm p\u0159i osvobozen\u00ed v dubnu 1945.<\/p>\n<p>Mezi modern\u00edmi intervencemi vynik\u00e1 Most SNP, Most Slovensk\u00e9ho n\u00e1rodn\u00edho povst\u00e1n\u00ed, s restaurac\u00ed ve tvaru tal\u00ed\u0159e ty\u010d\u00edc\u00ed se nad Dunajem jako\u017eto dominantn\u00ed prvek siluety m\u011bsta. S\u00eddlo Slovensk\u00e9ho rozhlasu ve tvaru obr\u00e1cen\u00e9 pyramidy a \u0161t\u00edhl\u00e1 silueta televizn\u00ed v\u011b\u017ee Kamz\u00edk s oto\u010dnou j\u00eddelnou sv\u011bd\u010d\u00ed o odli\u0161n\u00fdch estetick\u00fdch agend\u00e1ch dvac\u00e1t\u00e9ho stolet\u00ed. Nov\u00e9 tis\u00edcilet\u00ed p\u0159ineslo rychl\u00fd rozvoj: klenut\u00fd tvar mostu Apollo a sou\u010dasn\u00e1 budova Slovensk\u00e9ho n\u00e1rodn\u00edho divadla prosazuj\u00ed nov\u00e9 ob\u010dansk\u00e9 ambice, zat\u00edmco soukrom\u00e9 realitn\u00ed projekty transformuj\u00ed b\u00fdval\u00e9 pr\u016fmyslov\u00e9 pozemky na obytn\u00e9 v\u011b\u017ee se sklen\u011bnou fas\u00e1dou.<\/p>\n<p>Vysoko nad \u0159ekou korunuje Bratislavsk\u00fd hrad plo\u0161inu 85 metr\u016f nad Dunajem. Archeologick\u00e9 vrstvy odhaluj\u00ed p\u0159edrom\u00e1nskou baziliku, kter\u00e1 p\u0159edch\u00e1zela kamenn\u00e9 pevnosti z des\u00e1t\u00e9ho stolet\u00ed postaven\u00e9 pod uhersk\u00fdm vlivem. Gotick\u00e9 \u00fapravy v patn\u00e1ct\u00e9m stolet\u00ed za Zikmunda Lucembursk\u00e9ho ustoupily renesan\u010dn\u00edm a pozd\u011bji barokn\u00edm \u00faprav\u00e1m, kter\u00e9 byly zad\u00e1ny v roce 1649. Po\u017e\u00e1r v roce 1811 srovnal stavbu s ruinami a z\u016fstala v nich a\u017e do poloviny dvac\u00e1t\u00e9ho stolet\u00ed, kdy byla obnovena stylistick\u00e1 terminologie Marie Terezie. Dnes je v hrad\u011b um\u00edst\u011bna \u010d\u00e1st Slovensk\u00e9ho n\u00e1rodn\u00edho muzea, kter\u00e9 po\u0159\u00e1d\u00e1 slavnostn\u00ed akce v s\u00e1lech, je\u017e kdysi v\u00edtaly habsburskou kr\u00e1lovskou rodinu.<\/p>\n<p>Po proudu \u0159eky, v m\u00edst\u011b, kde se Morava prol\u00edn\u00e1 s Dunajem, le\u017e\u00ed z\u0159\u00edcenina hradu D\u011bv\u00edn, dolo\u017een\u00e1 ji\u017e v roce 864. Jeho skalnat\u00fd ostroh z\u016fstal strategick\u00fdm hrani\u010dn\u00edm bodem pro Velkou Moravu a Uhersko, dokud Napoleonovy s\u00edly v roce 1809 nezbo\u0159ily jeho opevn\u011bn\u00ed. D\u00edky konzerv\u00e1torsk\u00fdm prac\u00edm byly odkryty kamenn\u00e9 z\u00e1klady a z\u0159\u00edcenina hradu je muzeem, kter\u00e9 p\u0159edstavuje D\u011bv\u00edn jako archeologickou pam\u00e1tku i symbol slovensk\u00e9 identity.<\/p>\n<p>V ji\u017en\u00ed \u010d\u00e1sti obce Rusovce dominuje anglick\u00e9 novogotick\u00e9 s\u00eddlo postaven\u00e9 v polovin\u011b devaten\u00e1ct\u00e9ho stolet\u00ed, zat\u00edmco nedalek\u00e9 poz\u016fstatky \u0159\u00edmsk\u00e9ho t\u00e1bora Gerulata evokuj\u00ed dunajskou hranici limes Romanus. Vrstven\u00fd palimpsest Rusovc\u016f zahrnuje dv\u011b tis\u00edcilet\u00ed imperi\u00e1ln\u00edho vlivu, od legi\u00ed a\u017e po pozemkovou \u0161lechtu.<\/p>\n<p>Bratislavu prostupuje zelen\u00e1 plocha: ve\u0159ejn\u00e9 parky zab\u00edraj\u00ed 46,8 kilometr\u016f \u010dtvere\u010dn\u00edch, co\u017e odpov\u00edd\u00e1 110 metr\u016fm \u010dtvere\u010dn\u00edm na obyvatele. Horsk\u00fd park ve Star\u00e9m M\u011bst\u011b a Bratislavsk\u00fd lesn\u00fd park v Mal\u00fdch Karpatech nab\u00edzej\u00ed lesn\u00ed \u00fato\u010di\u0161t\u011b s cestami vedouc\u00edmi k \u017delezn\u00e9 studience a Kolib\u011b. Na prav\u00e9m b\u0159ehu Dunaje se nach\u00e1z\u00ed park Janka Kr\u00e1le, zalo\u017een\u00fd v osmn\u00e1ct\u00e9m stolet\u00ed, kter\u00fd roz\u0161i\u0159uje promen\u00e1du \u200b\u200bpod\u00e9l \u0159eky, zat\u00edmco nadch\u00e1zej\u00edc\u00ed v\u00fdstavba v Petr\u017ealce slibuje nov\u00e9 parky mezi dv\u011bma jezery. Rekrea\u010dn\u00ed jezera barvy su\u0161enek \u2013 Zlat\u00e9 piesky, Kuchajda, Vajnory a Rusovce \u2013 l\u00e1kaj\u00ed plavce a milovn\u00edky slunce, i kdy\u017e v Mlynsk\u00e9 dolin\u011b se nach\u00e1z\u00ed m\u011bstsk\u00e1 zoologick\u00e1 zahrada, kde se potuluje 152 druh\u016f zv\u00ed\u0159at, a Botanick\u00e1 zahrada Univerzity Komensk\u00e9ho p\u011bstuje p\u0159es 120 odr\u016fd rostlin.<\/p>\n<p>Bratislava, ekonomick\u00e9 centrum Slovenska, se pod\u00edl\u00ed zhruba \u010dtvrtinou n\u00e1rodn\u00ed produkce a podle HDP na obyvatele se \u0159ad\u00ed mezi devaten\u00e1ct\u00e9 nejbohat\u0161\u00ed regiony Evropsk\u00e9 unie, co\u017e je t\u00e9m\u011b\u0159 trojn\u00e1sobek pr\u016fm\u011bru ostatn\u00edch slovensk\u00fdch region\u016f. N\u00edzk\u00e1 nezam\u011bstnanost, pr\u016fm\u011brn\u00fd m\u011bs\u00ed\u010dn\u00ed plat p\u0159esahuj\u00edc\u00ed v roce 2024 2 150 EUR a p\u0159\u00edtomnost s\u00eddel v\u00fdznamn\u00fdch firem sv\u011bd\u010d\u00ed o jej\u00ed finan\u010dn\u00ed vitalit\u011b. V roce 2023 str\u00e1vilo v jej\u00edch hranic\u00edch t\u00e9m\u011b\u0159 milion turist\u016f v\u00edce ne\u017e 1,7 milionu noc\u00ed, p\u0159i\u010dem\u017e v\u011bt\u0161ina turist\u016f poch\u00e1zela ze sousedn\u00edho \u010ceska, N\u011bmecka, Rakouska a Polska. N\u00e1v\u0161t\u011bvnick\u00e1 infrastruktura zahrnuje osm hlavn\u00edch n\u00e1kupn\u00edch center \u2013 od Auparku a Eurovea Galleria a\u017e po Nivy Centrum \u2013 a koncentraci kav\u00e1ren a restaurac\u00ed seskupen\u00fdch kolem revitalizovan\u00fdch ulic Star\u00e9ho M\u011bsta.<\/p>\n<p>Ve\u0159ejn\u00e1 doprava funguje pod hlavi\u010dkou M\u011bstsk\u00e9 hromadn\u00e9 dopravy a vyu\u017e\u00edv\u00e1 autobusy, tramvaje a trolejbusy v \u010derven\u00e9 a \u010dern\u00e9 barv\u011b. Integrace s region\u00e1ln\u00edmi dopravci prost\u0159ednictv\u00edm IDS BK umo\u017e\u0148uje bezprobl\u00e9mov\u00e9 cestov\u00e1n\u00ed do p\u0159ilehl\u00fdch \u010dtvrt\u00ed. Vlakov\u00e9 spojen\u00ed z bratislavsk\u00e9ho hlavn\u00edho n\u00e1dra\u017e\u00ed a Petr\u017ealky zaji\u0161\u0165uje n\u011bkolik hodinov\u00fdch spoj\u016f do V\u00eddn\u011b, Budape\u0161ti, Prahy a dal\u0161\u00edch oblast\u00ed. Podzemn\u00ed Autobusov\u00e1 stanice Nivy, otev\u0159en\u00e1 v z\u00e1\u0159\u00ed 2021 pod mrakodrapem a obchodn\u00edm komplexem, p\u0159ipom\u00edn\u00e1 sv\u00fdm uspo\u0159\u00e1d\u00e1n\u00edm a vybaven\u00edm leti\u0161tn\u00ed termin\u00e1ly. \u010cty\u0159i d\u00e1lni\u010dn\u00ed tepny se paprskovit\u011b t\u00e1hnou sm\u011brem k Brnu, V\u00eddni, Budape\u0161ti a k \u200b\u200bvnitrost\u00e1tn\u00edm leti\u0161tn\u00edm uzl\u016fm, zat\u00edmco bratislavsk\u00fd p\u0159\u00edstav je spojen s \u010cern\u00fdm a Severn\u00edm mo\u0159em vnitrozemsk\u00fdmi vodn\u00edmi cestami. Leti\u0161t\u011b M. R. \u0160tef\u00e1nika, dev\u011bt kilometr\u016f od centra, v prvn\u00edch letech odbavilo p\u0159es dva miliony cestuj\u00edc\u00edch, k \u010demu\u017e dopl\u0148ovalo \u010dast\u00e9 vyu\u017e\u00edv\u00e1n\u00ed mezin\u00e1rodn\u00edho leti\u0161t\u011b ve V\u00eddni, kter\u00e9 je vzd\u00e1len\u00e9 \u010dty\u0159icet dev\u011bt kilometr\u016f.<\/p>\n<p>Lidsk\u00fd rozm\u011br Bratislavy spo\u010d\u00edv\u00e1 v jej\u00edm st\u0159edov\u011bk\u00e9m j\u00e1dru, kde se \u00fazk\u00e9 uli\u010dky vine mezi dv\u011bma hlavn\u00edmi n\u00e1m\u011bst\u00edmi \u2013 Hlavn\u00fdm n\u00e1mest\u00edm a Hviezdoslavov\u00fdm n\u00e1mest\u00edm \u2013 z nich\u017e ka\u017ed\u00e9 je o\u017eiveno kav\u00e1rnami s posezen\u00edm na chodn\u00edku. Mno\u017estv\u00ed historick\u00fdch pam\u00e1tek \u2013 od nej\u0161t\u00edhlej\u0161\u00edho domu v Evrop\u011b a\u017e po hodinovou v\u011b\u017e M\u011bstsk\u00e9ho muzea \u2013 koexistuje s monolitick\u00fdmi bloky Petr\u017ealky, kter\u00e9 jsou sv\u011bdectv\u00edm o bytov\u00fdch strategi\u00edch z poloviny minul\u00e9ho stolet\u00ed. Za hranicemi m\u011bsta se nach\u00e1zej\u00ed vinice a farmy, kter\u00e9 produkuj\u00ed \u010derstv\u00e9 produkty, je\u017e ovliv\u0148uj\u00ed m\u00edstn\u00ed kuchyni, od n\u00e1rodn\u00edho pokrmu bryndzov\u00e9 hal\u00fasky \u2013 knedl\u00edk\u016f s ov\u010d\u00edm s\u00fdrem a kousky slaniny \u2013 a\u017e po silnou \u010desnekovou pol\u00e9vku a sv\u011b\u017e\u00ed b\u00edl\u00e1 v\u00edna.<\/p>\n<p>V zim\u011b se na n\u00e1m\u011bst\u00ed Star\u00e9 radnice kon\u00e1 tradi\u010dn\u00ed trh, jeho\u017e stovka st\u00e1nk\u016f nab\u00edz\u00ed sendvi\u010de s pe\u010den\u00fdm vep\u0159ov\u00fdm nebo ku\u0159ec\u00edm masem s ho\u0159\u010dic\u00ed a cibul\u00ed, brambor\u00e1ky pln\u011bn\u00e9 hus\u00edm s\u00e1dlem nebo m\u00e1kem a chl\u00e9b posypan\u00fd vep\u0159ov\u00fdm s\u00e1dlem a cibul\u00ed. Sva\u0159en\u00e9 v\u00edno, medov\u00e9 v\u00edno, \u010daje s rumem a hork\u00fd grog udr\u017euj\u00ed vesel\u00ed host\u016f pod jemnou z\u00e1\u0159\u00ed tr\u017en\u00edch sv\u011btel a prom\u011b\u0148uj\u00ed sv\u00e1te\u010dn\u00ed obdob\u00ed v Bratislavu v intimn\u00ed a z\u00e1rove\u0148 trval\u00e9.<\/p>\n<p>M\u011bstsk\u00e1 zv\u011bdavost koexistuje s pastvinsk\u00fdm klidem: kr\u00e1tk\u00e1 cesta autobusem na Kamz\u00edk odhal\u00ed Partiz\u00e1nskou l\u00faku a Sne\u017eienku, rozlehl\u00e9 m\u00fdtiny lemovan\u00e9 sm\u00ed\u0161en\u00fdmi dubov\u00fdmi a habrov\u00fdmi lesy, propojen\u00e9 seda\u010dkovou lanovkou, kter\u00e1 je v provozu od \u010dtvrtka do ned\u011ble a nab\u00edz\u00ed turist\u016fm klidnou p\u0159est\u00e1vku nad korunami strom\u016f za skromn\u00fd poplatek. Tyto enkl\u00e1vy znovu potvrzuj\u00ed dvoj\u00ed povahu Bratislavy jako hlavn\u00edho m\u011bsta i str\u00e1\u017ece zelen\u00fdch hranic.<\/p>\n<p>Ve sv\u00fdch vrstv\u00e1ch hl\u00edny a kamene, ve sv\u00fdch obchodn\u00edch a kulturn\u00edch proudech p\u0159edstavuje Bratislava rozmanit\u00fd p\u0159\u00edb\u011bh o historick\u00fdch konvergenc\u00edch st\u0159edn\u00ed Evropy. Jej\u00ed ulice sv\u011bd\u010d\u00ed o dynastick\u00e9 ok\u00e1zalosti i ka\u017edodenn\u00edm obchodu, jej\u00ed architektura sah\u00e1 od gotick\u00fdch vrchol\u016f, barokn\u00edch fas\u00e1d a\u017e po odv\u00e1\u017en\u00fd modernismus. Od m\u00edrn\u00e9ho toku Dunaje a\u017e po zalesn\u011bn\u00e9 svahy Karpat m\u011bsto p\u0159etrv\u00e1v\u00e1 jako m\u00edsto setk\u00e1v\u00e1n\u00ed mezi n\u00e1rody, ekonomikami a epochami.<\/p>","protected":false},"excerpt":{"rendered":"<p>Bratislava, hlavn\u00ed a nejv\u011bt\u0161\u00ed m\u011bsto Slovenska, je p\u0159\u00edkladem slo\u017eit\u00e9 souhry evropsk\u00fdch d\u011bjin a sou\u010dasn\u00e9ho rozvoje m\u011bst. Na b\u0159ez\u00edch Dunaje se toto pulzuj\u00edc\u00ed m\u011bsto m\u016f\u017ee pochlubit ofici\u00e1ln\u00ed populac\u00ed asi 475 000, a\u010dkoli n\u011bkter\u00e9 odhady nazna\u010duj\u00ed, \u017ee skute\u010dn\u00fd po\u010det by mohl p\u0159es\u00e1hnout 660 000. Bratislava jako politick\u00e9, kulturn\u00ed a ekonomick\u00e9 centrum Slovenska utv\u00e1\u0159\u00ed sm\u011b\u0159ov\u00e1n\u00ed zem\u011b v 21. stolet\u00ed mimo jej\u00ed m\u011bstsk\u00e9 hranice.<\/p>","protected":false},"author":1,"featured_media":3996,"parent":13300,"menu_order":0,"comment_status":"closed","ping_status":"closed","template":"elementor_theme","meta":{"_eb_attr":"","footnotes":""},"class_list":["post-13339","page","type-page","status-publish","has-post-thumbnail"],"_links":{"self":[{"href":"https:\/\/travelshelper.com\/cs\/wp-json\/wp\/v2\/pages\/13339","targetHints":{"allow":["GET"]}}],"collection":[{"href":"https:\/\/travelshelper.com\/cs\/wp-json\/wp\/v2\/pages"}],"about":[{"href":"https:\/\/travelshelper.com\/cs\/wp-json\/wp\/v2\/types\/page"}],"author":[{"embeddable":true,"href":"https:\/\/travelshelper.com\/cs\/wp-json\/wp\/v2\/users\/1"}],"replies":[{"embeddable":true,"href":"https:\/\/travelshelper.com\/cs\/wp-json\/wp\/v2\/comments?post=13339"}],"version-history":[{"count":0,"href":"https:\/\/travelshelper.com\/cs\/wp-json\/wp\/v2\/pages\/13339\/revisions"}],"up":[{"embeddable":true,"href":"https:\/\/travelshelper.com\/cs\/wp-json\/wp\/v2\/pages\/13300"}],"wp:featuredmedia":[{"embeddable":true,"href":"https:\/\/travelshelper.com\/cs\/wp-json\/wp\/v2\/media\/3996"}],"wp:attachment":[{"href":"https:\/\/travelshelper.com\/cs\/wp-json\/wp\/v2\/media?parent=13339"}],"curies":[{"name":"wp","href":"https:\/\/api.w.org\/{rel}","templated":true}]}}