{"id":13312,"date":"2024-09-17T16:00:19","date_gmt":"2024-09-17T16:00:19","guid":{"rendered":"https:\/\/travelshelper.com\/staging\/?page_id=13312"},"modified":"2026-03-12T22:34:26","modified_gmt":"2026-03-12T22:34:26","slug":"kosice","status":"publish","type":"page","link":"https:\/\/travelshelper.com\/cs\/destinations\/europe\/slovakia\/kosice\/","title":{"rendered":"Ko\u0161ice"},"content":{"rendered":"<p>Ko\u0161ice jsou hlavn\u00ed metropol\u00ed v\u00fdchodn\u00edho Slovenska, le\u017e\u00edc\u00ed na b\u0159ehu \u0159eky Horn\u00e1d na \u00fabo\u010d\u00ed Slovensk\u00e9ho rudoho\u0159\u00ed, pouh\u00fdch dvacet kilometr\u016f od ma\u010farsk\u00fdch hranic. S populac\u00ed bl\u00ed\u017e\u00edc\u00ed se 230 000 obyvatel a rozlohou zhruba 242,77 kilometr\u016f \u010dtvere\u010dn\u00edch v nadmo\u0159sk\u00e9 v\u00fd\u0161ce 206 metr\u016f jsou Ko\u0161ice administrativn\u00edm centrem Ko\u0161ick\u00e9ho kraje i Ko\u0161ick\u00e9ho samospr\u00e1vn\u00e9ho kraje a jsou sou\u010d\u00e1st\u00ed v\u011bt\u0161\u00ed Ko\u0161icko-pre\u0161ovsk\u00e9 aglomerace.<\/p>\n<p>Od sv\u00e9ho vzniku jako prvn\u00ed evropsk\u00e9 osady, kter\u00e1 z\u00edskala vlastn\u00ed heraldick\u00fd znak, se Ko\u0161ice vyvinuly v centrum pr\u016fmyslu, kultury a vzd\u011blanosti. Historick\u00e9 kl\u00e1\u0161tery, gotick\u00e9 v\u011b\u017ee a secesn\u00ed fas\u00e1dy se sb\u00edhaj\u00ed pod\u00e9l jedin\u00e9 hlavn\u00ed ulice, kter\u00e1 se rozv\u00edj\u00ed jako centr\u00e1ln\u00ed p\u011b\u0161\u00ed z\u00f3na, o\u017eiven\u00e1 kav\u00e1rnami, galeriemi a butiky. Katedr\u00e1la sv. Al\u017eb\u011bty korunuje tuto tepnu jako nejv\u011bt\u0161\u00ed kostel na Slovensku, symbol zachoval\u00e9ho st\u0159edov\u011bk\u00e9ho j\u00e1dra m\u011bsta, kter\u00e9 je svou rozlohou mezi slovensk\u00fdmi m\u011bsty bezkonkuren\u010dn\u00ed.<\/p>\n<p>D\u011bjiny, kter\u00e9 formovaly Ko\u0161ice, za\u010daly ve st\u0159edov\u011bku, kdy se m\u011bsto stalo obchodn\u00edm centrem na karpatsk\u00e9 hranici. Vlny uhersk\u00e9 nadvl\u00e1dy zanechaly nesmazateln\u00fd otisk na jeho stanov\u00e1ch a ob\u010dansk\u00e9 identit\u011b, n\u00e1sledovaly obdob\u00ed pod habsburskou korunou a kr\u00e1tce i osmansk\u00e9 vp\u00e1dy. Ka\u017ed\u00fd politick\u00fd p\u0159echod s sebou p\u0159inesl nov\u00e9 vrstvy architektonick\u00e9ho patron\u00e1tu, od renesan\u010dn\u00edch pal\u00e1c\u016f po barokn\u00ed kaple. Po prvn\u00ed sv\u011btov\u00e9 v\u00e1lce rozpad \u0159\u00ed\u0161e a vznik \u010ceskoslovenska nov\u011b definoval demografick\u00e9 slo\u017een\u00ed Ko\u0161ic, jeliko\u017e se sloven\u0161t\u00ed osadn\u00edci sb\u00edhali s dlouholet\u00fdmi ma\u010farsk\u00fdmi a rus\u00ednsk\u00fdmi komunitami. Meziv\u00e1le\u010dn\u00e1 l\u00e9ta byla sv\u011bdkem vzestupu ob\u010dansk\u00fdch instituc\u00ed, zat\u00edmco pov\u00e1le\u010dn\u00fd pr\u016fmyslov\u00fd rozmach ukotvil osud m\u011bsta ve vysok\u00fdch pec\u00edch spole\u010dnosti US Steel Ko\u0161ice.<\/p>\n<p>Geograficky se Ko\u0161ice rozkl\u00e1daj\u00ed v kotlin\u011b na v\u00fdchodn\u00edm konci Slovensk\u00e9ho rudoho\u0159\u00ed, na severoz\u00e1pad\u011b ohrani\u010den\u00e9 poho\u0159\u00edm \u010cern\u00e9 hory a na jihoz\u00e1pad\u011b poho\u0159\u00edm Volovec. Na v\u00fdchod\u011b se zvln\u011bn\u00e9 Slansk\u00e9 vrchy py\u0161n\u00ed zelenou kulisou. \u0158eka Horn\u00e1d lemuje severn\u00ed okraj historick\u00e9ho centra, a\u010dkoli jej\u00ed vody byly dlouho omezeny sp\u00ed\u0161e na okraje p\u0159edm\u011bst\u00ed ne\u017e na m\u011bstsk\u00e9 j\u00e1dro. P\u0159edm\u011bst\u00ed jako Kave\u010dany, Jahodn\u00e1, Bankov a \u010cerme\u013esk\u00e1 dolina se rozprost\u00edraj\u00ed do zalesn\u011bn\u00fdch svah\u016f, kter\u00e9 m\u00edstn\u00edm obyvatel\u016fm poskytuj\u00ed snadn\u00fd p\u0159\u00edstup k turistick\u00fdm stezk\u00e1m a odpo\u010dinku na venkov\u011b.<\/p>\n<p>Klima v Ko\u0161ic\u00edch se vyzna\u010duje parametry vlhk\u00e9ho kontinent\u00e1ln\u00edho p\u00e1sma se \u010dty\u0159mi odd\u011blen\u00fdmi ro\u010dn\u00edmi obdob\u00edmi. L\u00e9to je dlouh\u00e9 a m\u00edrn\u00e9 s pr\u016fm\u011brn\u00fdmi \u010dervencov\u00fdmi maximy 19,3 \u00b0C doprov\u00e1zen\u00fdmi chladn\u00fdmi nocemi. Zimy jsou vlekl\u00e9 a mraziv\u00e9 s pr\u016fm\u011brn\u00fdmi lednov\u00fdmi teplotami -2,6 \u00b0C a ob\u010dasn\u00fdm sn\u011b\u017een\u00edm, kter\u00e9 korunuje gotick\u00e9 v\u011b\u017ee. Sr\u00e1\u017eky jsou po cel\u00fd rok relativn\u011b konstantn\u00ed, vrchol\u00ed letn\u00edmi lij\u00e1ky a v zimn\u00edch m\u011bs\u00edc\u00edch se ust\u00e1l\u00ed do klidn\u011bj\u0161\u00edch a slab\u0161\u00edch sr\u00e1\u017eek.<\/p>\n<p>Demografick\u00e1 tapiserie m\u011bsta je utkan\u00e1 z rodil\u00fdch Slov\u00e1k\u016f (kte\u0159\u00ed tvo\u0159ili p\u0159ibli\u017en\u011b 84 procent populace v roce 2021) spolu s ma\u010farskou a romskou men\u0161inou, z nich\u017e ka\u017ed\u00e1 p\u0159edstavuje p\u0159ibli\u017en\u011b dv\u011b procenta obyvatel. Tuto mozaiku dopl\u0148uj\u00ed \u010desk\u00e9, rus\u00ednsk\u00e9, ukrajinsk\u00e9 a vietnamsk\u00e9 komunity. Polovina populace se hl\u00e1s\u00ed ke katolicismu, zat\u00edmco t\u00e9m\u011b\u0159 t\u0159icet procent se nehl\u00e1s\u00ed k \u017e\u00e1dn\u00e9mu n\u00e1bo\u017eenstv\u00ed. S pr\u016fm\u011brn\u00fdm v\u011bkem \u010dty\u0159iceti \u010dty\u0159 let stoj\u00ed ob\u010dan\u00e9 Ko\u0161ic na prahu tradice a obnovy.<\/p>\n<p>Ko\u0161ick\u00e9 kulturn\u00ed instituce si ji\u017e dlouho upev\u0148uj\u00ed region\u00e1ln\u00ed presti\u017e. St\u00e1tn\u00ed filharmonie Ko\u0161ice, slavnostn\u011b otev\u0159en\u00e1 v roce 1968 jako druh\u00fd profesion\u00e1ln\u00ed symfonick\u00fd orchestr na Slovensku, ka\u017edoro\u010dn\u011b po\u0159\u00e1d\u00e1 festivaly, v\u010detn\u011b Ko\u0161ick\u00e9ho hudebn\u00edho jara, Mezin\u00e1rodn\u00edho festivalu varhann\u00ed hudby a Festivalu sou\u010dasn\u00e9ho um\u011bn\u00ed. Jeho t\u0159\u00eddivadeln\u00ed St\u00e1tn\u00ed divadlo, zalo\u017een\u00e9 v roce 1945, p\u011bstuje drama, operu a balet, zat\u00edmco Loutkov\u00e9 divadlo a Starom\u011bstsk\u00e9 divadlo zachov\u00e1vaj\u00ed intimitu komorn\u00ed interpretace. R\u016fznorod\u00e9 soubory oslovuj\u00ed ma\u010farskou a romskou diasporu v podob\u011b divadel Th\u00e1lia a Romathan.<\/p>\n<p>V\u00fdchodoslovensk\u00e9 muzeum, zalo\u017een\u00e9 v roce 1872 jako Hornouhersk\u00e9 muzeum, nav\u00edc vypr\u00e1v\u00ed region\u00e1ln\u00ed historii prost\u0159ednictv\u00edm archeologie a etnografie, zat\u00edmco Slovensk\u00e9 technick\u00e9 muzeum se sv\u00fdm planet\u00e1riem mapuje v\u011bdeck\u00e9 a technologick\u00e9 d\u011bdictv\u00ed. V\u00fdchodoslovensk\u00e1 galerie, slavnostn\u011b otev\u0159en\u00e1 v roce 1951, dokumentuje vyv\u00edjej\u00edc\u00ed se proudy ve v\u00fdtvarn\u00e9m um\u011bn\u00ed. Ka\u017ed\u00e1 z instituc\u00ed se nach\u00e1z\u00ed v historick\u00e9 architektu\u0159e, kter\u00e1 sama o sob\u011b sv\u011bd\u010d\u00ed o mnohovrstevnat\u00e9 minulosti m\u011bsta.<\/p>\n<p>Ud\u011blen\u00ed titulu Evropsk\u00e9 hlavn\u00ed m\u011bsto kultury v roce 2013, sd\u00edlen\u00e9ho s francouzsk\u00fdm Marseille, znamenalo z\u00e1sadn\u00ed posun Ko\u0161ic od t\u011b\u017ek\u00e9ho pr\u016fmyslu ke kreativn\u00ed ekonomice. Projekt Interface, strategick\u00e1 vize, kter\u00e1 je z\u00e1kladem tohoto ozna\u010den\u00ed, p\u0159em\u011bnil kas\u00e1rna z 19. stolet\u00ed na Kas\u00e1rne Kulturpark, pozval sou\u010dasn\u00e9 um\u011bn\u00ed do vy\u0159azen\u00e9 plaveck\u00e9 haly ze 60. let, nyn\u00ed zn\u00e1m\u00e9 jako Kunsthalle Ko\u0161ice, a prom\u011bnil v\u00fdm\u011bn\u00edky tepla z doby studen\u00e9 v\u00e1lky ve spole\u010dn\u00e1 m\u00edsta SPOT nap\u0159\u00ed\u010d panelov\u00fdmi \u010dtvrt\u011bmi. Parky a promen\u00e1dy v ulic\u00edch Komensk\u00e9ho a Moyzesova pro\u0161ly revitalizac\u00ed, zat\u00edmco st\u0159edov\u011bk\u00fd Ko\u0161ick\u00fd hrad, Amfite\u00e1tr a Ka\u0161tiel Kr\u00e1sna se do\u010dkaly pe\u010dliv\u00e9 rekonstrukce. Taba\u010dka Kulturfabrik, zrozen\u00e1 z tab\u00e1kov\u00e9 tov\u00e1rny z 19. stolet\u00ed, se stala centrem nez\u00e1visl\u00e9 kulturn\u00ed produkce s galeriemi, prostory pro vystoupen\u00ed a um\u011bleck\u00fdmi ateli\u00e9ry, kter\u00e9 o\u017eivovaly jej\u00ed cihlov\u00e9 galerie.<\/p>\n<p>Z ekonomick\u00e9ho hlediska se Ko\u0161ice pod\u00edlej\u00ed na hrub\u00e9m dom\u00e1c\u00edm produktu Slovenska t\u00e9m\u011b\u0159 dev\u00edti procenty. Ocel\u00e1\u0159sk\u00e9 z\u00e1vody US Steel Ko\u0161ice s p\u0159ibli\u017en\u011b 13 500 zam\u011bstnanci \u010din\u00ed z m\u011bsta nejv\u011bt\u0161\u00edho soukrom\u00e9ho zam\u011bstnavatele a hlavn\u00ed uzel v glob\u00e1ln\u00edch ocel\u00e1\u0159sk\u00fdch s\u00edt\u00edch. Spole\u010dnost Deutsche Telekom IT Solutions Slovakia, zalo\u017een\u00e1 v roce 2006, se rozrostla na druh\u00e9 nejv\u011bt\u0161\u00ed centrum sd\u00edlen\u00fdch slu\u017eeb v zemi a pat\u0159\u00ed mezi p\u0159edn\u00ed slovensk\u00e9 zam\u011bstnavatele. Maloobchodn\u00ed a servisn\u00ed sektor vzkv\u00e9t\u00e1 v bl\u00edzkosti obchodn\u00edch center, jako je n\u00e1kupn\u00ed centrum Aupark, zat\u00edmco pl\u00e1novan\u00e9 roz\u0161\u00ed\u0159en\u00ed d\u00e1lnic slibuje dal\u0161\u00ed propojen\u00ed s Pre\u0161ovem a \u0161ir\u0161\u00edm karpatsk\u00fdm regionem.<\/p>\n<p>Hustota pam\u00e1tek v Ko\u0161ic\u00edch p\u0159evy\u0161uje hustotu pam\u00e1tek v jak\u00e9koli jin\u00e9 slovensk\u00e9 obci. Kaple sv. Michala ze 13. stolet\u00ed, v\u011b\u017e sv. Urbana a novobarokn\u00ed St\u00e1tn\u00ed divadlo se r\u00fdsuj\u00ed ve st\u00ednu katedr\u00e1ly sv. Al\u017eb\u011bty, kter\u00e1 je sama o sob\u011b nejv\u00fdchodn\u011bj\u0161\u00edm p\u0159\u00edkladem z\u00e1padn\u00ed gotick\u00e9 c\u00edrkevn\u00ed architektury ve st\u0159edn\u00ed Evrop\u011b. Poz\u016fstatky st\u0159edov\u011bk\u00e9ho opevn\u011bn\u00ed, zejm\u00e9na Katova a Ml\u00fdnsk\u00e1 ba\u0161ta, evokuj\u00ed v\u00e1le\u010dn\u00e9 kapitoly o obran\u011b m\u011bsta. N\u00e1bo\u017eensk\u00e1 rozmanitost p\u0159etrv\u00e1v\u00e1 v \u0159eckokatolick\u00e9m kostele Narozen\u00ed Panny Marie, zat\u00edmco ob\u010dansk\u00e1 hrdost nach\u00e1z\u00ed vyj\u00e1d\u0159en\u00ed v zrestaurovan\u00e9 Star\u00e9 radnici, budov\u011b Star\u00e9 univerzity a Kapit\u00e1nsk\u00e9m pal\u00e1ci. N\u00e1m\u011bst\u00ed Osvobozen\u00ed, or\u00e1movan\u00e9 m\u011b\u0161\u0165ansk\u00fdmi domy, a M\u011bstsk\u00fd park, kter\u00fd spojuje historick\u00e9 centrum s vlakov\u00fdm n\u00e1dra\u017e\u00edm, nab\u00edzej\u00ed m\u011bstskou zele\u0148. Zoologick\u00fd park na severoz\u00e1pad\u011b v Kave\u010danech roz\u0161i\u0159uje rozmanitost m\u011bsta do p\u0159\u00edrodn\u00edho prost\u0159ed\u00ed.<\/p>\n<p>Ko\u0161ick\u00e9 dopravn\u00ed tepny odr\u00e1\u017eej\u00ed jejich historickou roli k\u0159i\u017eovatky cest. M\u011bstsk\u00fd dopravn\u00ed podnik, kter\u00fd je v provozu od zalo\u017een\u00ed ko\u0148sk\u00fdch povoz\u016f v roce 1891 a elektrifikace tramvajov\u00fdch trat\u00ed v roce 1914, nyn\u00ed spravuje autobusov\u00e9, tramvajov\u00e9 a trolejbusov\u00e9 linky, kter\u00e9 propojuj\u00ed centrum a periferii. \u017delezni\u010dn\u00ed stanice Ko\u0161ice slou\u017e\u00ed jako \u017eelezni\u010dn\u00ed uzel pro v\u00fdchodn\u00ed Slovensko s \u0161irokorozchodn\u00fdm spojen\u00edm na Ukrajinu, p\u0159\u00edm\u00fdm spojen\u00edm s Prahou, Bratislavou a Mi\u0161kolcem a kyvadlovou dopravou do Humenn\u00e9ho a \u010cierne nad Tisou. D\u00e1lnice D1 vytv\u00e1\u0159\u00ed ji\u017en\u00ed koridor do Pre\u0161ova, zat\u00edmco dal\u0161\u00ed d\u00e1lni\u010dn\u00ed projekty se objevuj\u00ed na pl\u00e1novac\u00edch stolech.<\/p>\n<p>Mezin\u00e1rodn\u00ed leti\u0161t\u011b Ko\u0161ice, kter\u00e9 se nach\u00e1z\u00ed ji\u017en\u011b od m\u011bstsk\u00e9 \u010dtvrti, udr\u017euje pravideln\u00e9 linky do Lond\u00fdna Luton a Stansted, V\u00eddn\u011b, Var\u0161avy, D\u00fcsseldorfu a Prahy. Dopravci jako \u010cesk\u00e9 aerolinie, Austrian Airlines, LOT Polish Airlines, Eurowings a Wizz Air spolu s partnersk\u00fdmi leteck\u00fdmi spole\u010dnostmi zaji\u0161\u0165uj\u00edc\u00edmi sd\u00edlen\u00ed k\u00f3d\u016f spojuj\u00ed v\u00fdchodn\u00ed Slovensko se z\u00e1padn\u00ed Evropou, a\u010dkoli objem cestuj\u00edc\u00edch dos\u00e1hl vrcholu v roce 2008, ne\u017e vstoupil do obdob\u00ed poklesu.<\/p>\n<p>Uprost\u0159ed pr\u016fmyslov\u00fdch horizont\u016f a akademick\u00fdch citadel si Ko\u0161ice zachov\u00e1vaj\u00ed atmosf\u00e9ru tich\u00e9 intimity. \u0160irok\u00e1 p\u011b\u0161\u00ed z\u00f3na Hlavn\u00e9 ulice, kdysi st\u0159edov\u011bk\u00fd svah vyhlouben\u00fd \u010cerme\u013esk\u00fdm potokem, nyn\u00ed neru\u0161en\u011b plyne mezi N\u00e1m\u011bst\u00edm Marathonu m\u00edru na severu a N\u00e1m\u011bst\u00edm Osvoboditel\u016f na jihu, prokl\u00e1dan\u00e1 zp\u00edvaj\u00edc\u00ed font\u00e1nou, unik\u00e1tn\u00edm vodn\u00edm prvkem v Evrop\u011b. Historick\u00e9 domy lemuj\u00ed jej\u00ed d\u00e9lku a nab\u00edzej\u00ed n\u00e1v\u0161t\u011bvn\u00edk\u016fm kav\u00e1ren a um\u011bleck\u00fdch galeri\u00ed promen\u00e1du \u200b\u200bskrze stalet\u00ed architektonick\u00e9 ozdoby.<\/p>\n<p>Za zpevn\u011bn\u00fdmi okraji l\u00e1kaj\u00ed m\u00edstn\u00ed turisty okoln\u00ed poho\u0159\u00ed \u010cern\u00e9 hory a Slansk\u00fdch vrch\u016f, zat\u00edmco venkovsk\u00e9 vesnice v kotlin\u011b p\u0159ipom\u00ednaj\u00ed agr\u00e1rn\u00ed minulost, kter\u00e1 p\u0159etrv\u00e1v\u00e1 v rodinn\u00fdch farm\u00e1ch a lidov\u00fdch tradic\u00edch. P\u0159ezd\u00edvka m\u011bsta jako M\u011bsto m\u00edru, zrozen\u00e1 z tis\u00edcilet\u00ed etnick\u00e9 plurality a relativn\u00ed harmonie, podtrhuje ob\u010danskou identitu zako\u0159en\u011bnou v toleranci a kulturn\u00ed symbi\u00f3ze. N\u00e1v\u0161t\u011bvn\u00edci p\u0159ij\u00ed\u017ed\u011bj\u00edc\u00ed do Ko\u0161ic vstupuj\u00ed do \u017eiv\u00e9 kroniky, kde je plynut\u00ed \u010dasu viditeln\u00e9 v o\u0161lehan\u00e9m kameni a v kadenci univerzitn\u00edch p\u0159edn\u00e1\u0161ek, v hu\u010den\u00ed ocelov\u00fdch pec\u00ed a t\u00f3nech filharmonick\u00e9 p\u0159edehry.<\/p>\n<p>V m\u011b\u0159en\u00e9m sv\u011btle \u00fasvitu, kdy se z Horn\u00e1du t\u00e1hne mlha a v\u011b\u017ee svat\u00e9 Al\u017eb\u011bty se ty\u010d\u00ed proti b\u0159idlicov\u00e9 obloze, Ko\u0161ice odhaluj\u00ed k\u0159ehkost lidsk\u00fdch \u00fasp\u011bch\u016f. Jejich klenut\u00e9 lod\u011b a tich\u00e9 ba\u0161ty sv\u011bd\u010d\u00ed o vytrvalosti komunit, kter\u00e9 p\u0159e\u017eily mor, v\u00e1lky a ideologick\u00e9 k\u0159e\u010de. M\u011bsto v\u0161ak tak\u00e9 ilustruje potenci\u00e1l pro obnovu, proto\u017ee pr\u016fmyslov\u00e9 pam\u00e1tky se prom\u011b\u0148uj\u00ed v tavic\u00ed kotle um\u011bleck\u00e9 invence a tramvajov\u00e9 koleje hu\u010d\u00ed sm\u011brem k nov\u00fdm \u010dtvrt\u00edm reziden\u010dn\u00edho rozvoje. P\u0159\u00edb\u011bh Ko\u0161ic se neomezuje pouze na z\u00e1znamy jejich muze\u00ed; je denn\u011b ps\u00e1n ve stop\u00e1ch student\u016f, v rozhovorech v kav\u00e1rensk\u00fdch dvorc\u00edch a na festivalech, kter\u00e9 o\u017eivuj\u00ed jejich n\u00e1m\u011bst\u00ed.<\/p>\n<p>Takov\u00e1 kontinuita a transformace definuj\u00ed Ko\u0161ice v jednadvac\u00e1t\u00e9m stolet\u00ed. P\u0159etrv\u00e1vaj\u00ed jako d\u016fkaz odolnosti m\u011bstsk\u00e9 tradice v\u00fdchodn\u00ed Evropy, m\u00edsto, kde starov\u011bk koexistuje s inovac\u00ed, kde ozv\u011bna gotick\u00fdch kleneb odpov\u00edd\u00e1 pulsu dynamick\u00e9 postindustri\u00e1ln\u00ed spole\u010dnosti. M\u011bsto vyb\u00edz\u00ed k zamy\u0161len\u00ed nad vytrvalost\u00ed ob\u010dansk\u00e9ho \u017eivota a je p\u0159\u00edkladem toho, jak lze zachovat historii, i kdy\u017e se v jeho ulic\u00edch p\u00ed\u0161\u00ed nov\u00e9 kapitoly.<\/p>","protected":false},"excerpt":{"rendered":"<p>Ko\u0161ice, druh\u00e9 nejv\u011bt\u0161\u00ed m\u011bsto na Slovensku, m\u00e1 p\u0159ibli\u017en\u011b 230 000 obyvatel a slou\u017e\u00ed jako v\u00fdznamn\u00fd metropolitn\u00ed uzel ve v\u00fdchodn\u00ed \u010d\u00e1sti zem\u011b. V\u00fdhodn\u00e1 poloha Ko\u0161ic v bl\u00edzkosti ma\u010farsk\u00fdch hranic pod\u00e9l \u0159eky Horn\u00e1d na v\u00fdchodn\u00edm okraji Slovensk\u00e9ho rudoho\u0159\u00ed v\u00fdrazn\u011b ovlivnila jejich rozs\u00e1hlou historii a rozmanitou kulturn\u00ed sc\u00e9nu. Geografick\u00e1 poloha m\u011bsta v\u00fdrazn\u011b ovlivnila jeho rozvoj jako v\u00fdznamn\u00e9ho hospod\u00e1\u0159sk\u00e9ho a kulturn\u00edho uzlu v\u00fdchodn\u00edho Slovenska a z\u00e1rove\u0148 podpo\u0159ila unik\u00e1tn\u00ed spojen\u00ed prvk\u016f n\u011bkolika st\u0159edoevropsk\u00fdch tradic.<\/p>","protected":false},"author":1,"featured_media":3066,"parent":13300,"menu_order":0,"comment_status":"closed","ping_status":"closed","template":"elementor_theme","meta":{"_eb_attr":"","footnotes":""},"class_list":["post-13312","page","type-page","status-publish","has-post-thumbnail"],"_links":{"self":[{"href":"https:\/\/travelshelper.com\/cs\/wp-json\/wp\/v2\/pages\/13312","targetHints":{"allow":["GET"]}}],"collection":[{"href":"https:\/\/travelshelper.com\/cs\/wp-json\/wp\/v2\/pages"}],"about":[{"href":"https:\/\/travelshelper.com\/cs\/wp-json\/wp\/v2\/types\/page"}],"author":[{"embeddable":true,"href":"https:\/\/travelshelper.com\/cs\/wp-json\/wp\/v2\/users\/1"}],"replies":[{"embeddable":true,"href":"https:\/\/travelshelper.com\/cs\/wp-json\/wp\/v2\/comments?post=13312"}],"version-history":[{"count":0,"href":"https:\/\/travelshelper.com\/cs\/wp-json\/wp\/v2\/pages\/13312\/revisions"}],"up":[{"embeddable":true,"href":"https:\/\/travelshelper.com\/cs\/wp-json\/wp\/v2\/pages\/13300"}],"wp:featuredmedia":[{"embeddable":true,"href":"https:\/\/travelshelper.com\/cs\/wp-json\/wp\/v2\/media\/3066"}],"wp:attachment":[{"href":"https:\/\/travelshelper.com\/cs\/wp-json\/wp\/v2\/media?parent=13312"}],"curies":[{"name":"wp","href":"https:\/\/api.w.org\/{rel}","templated":true}]}}