{"id":13232,"date":"2024-09-17T14:59:10","date_gmt":"2024-09-17T14:59:10","guid":{"rendered":"https:\/\/travelshelper.com\/staging\/?page_id=13232"},"modified":"2026-03-12T23:39:36","modified_gmt":"2026-03-12T23:39:36","slug":"zaragoza","status":"publish","type":"page","link":"https:\/\/travelshelper.com\/cs\/destinations\/europe\/spain\/zaragoza\/","title":{"rendered":"Zaragoza"},"content":{"rendered":"<p>Zaragoza, v angli\u010dtin\u011b \u010dasto p\u0159ekl\u00e1dan\u00e1 jako Saragossa, le\u017e\u00ed v sam\u00e9m srdci Aragonu a povod\u00ed \u0159eky Ebro, jej\u00ed\u017e \u0161lachy jsou protkan\u00e9 vodn\u00edmi toky, starobyl\u00fdmi kameny a modern\u00edmi ambicemi. S 675 301 obyvateli zaznamenan\u00fdmi na za\u010d\u00e1tku roku 2021 \u2013 co\u017e ji \u0159ad\u00ed mezi p\u011bt nejlidnat\u011bj\u0161\u00edch \u0161pan\u011blsk\u00fdch obc\u00ed co do po\u010dtu obyvatel a na 26. m\u00edsto v Evropsk\u00e9 unii \u2013 se m\u011bsto rozkl\u00e1d\u00e1 na 973,78 kilometrech \u010dtvere\u010dn\u00edch a zahrnuje v\u00edce ne\u017e polovinu ve\u0161ker\u00e9 populace autonomn\u00ed oblasti. Zaragoza le\u017e\u00edc\u00ed v nadmo\u0159sk\u00e9 v\u00fd\u0161ce p\u0159ibli\u017en\u011b 208 metr\u016f si udr\u017euje jemnou rovnov\u00e1hu mezi \u0159\u00ed\u010dn\u00ed n\u00ed\u017einou a vyv\u00fd\u0161eninami, kter\u00e9 ji lemuj\u00ed a v n\u011bkter\u00fdch oblastech se ty\u010d\u00ed do v\u00fd\u0161ky bl\u00ed\u017e\u00edc\u00ed se 750 metr\u016f.<\/p>\n<p>\u0158eka Ebro od starov\u011bku prot\u00edn\u00e1 m\u011bsto diagon\u00e1ln\u011b od z\u00e1padu na severoz\u00e1pad k v\u00fdchodu na jihov\u00fdchod. Voda vt\u00e9k\u00e1 do Zaragozy v nadmo\u0159sk\u00e9 v\u00fd\u0161ce 205 metr\u016f a odt\u00e9k\u00e1 v hloubce 180 metr\u016f. P\u0159\u00edtoky \u0159eky \u2013 skromn\u00e1 Huerva, kter\u00e1 je dnes po v\u011bt\u0161inu sv\u00e9ho m\u011bstsk\u00e9ho toku zatopen\u00e1, a mohutn\u011bj\u0161\u00ed G\u00e1llego, zrozen\u00fd v Pyrenej\u00edch \u2013 \u0159\u00eddily expanzi m\u011bsta a formovaly jak jeho doslovn\u00e9 obrysy, tak i nehmotn\u00e9 proudy kulturn\u00ed v\u00fdm\u011bny. Z geologick\u00e9ho hlediska se obec nach\u00e1z\u00ed v polosuch\u00e9 n\u00ed\u017ein\u011b lemovan\u00e9 horami, kter\u00e9 br\u00e1n\u00ed vlhk\u00e9mu vzduchu z Atlantiku i St\u0159edozemn\u00edho mo\u0159e. Ro\u010dn\u00ed sr\u00e1\u017eky se pohybuj\u00ed kolem pouh\u00fdch 328 milimetr\u016f, z nich\u017e v\u011bt\u0161ina spadne na ja\u0159e a na podzim; \u010dervenec a srpen, stejn\u011b jako zimn\u00ed m\u011bs\u00edce od prosince do b\u0159ezna, se vyzna\u010duj\u00ed relativn\u00edm suchem, kter\u00e9 je ob\u010das p\u0159eru\u0161ov\u00e1no chladn\u00fdmi, such\u00fdmi poryvy Cierza, no\u010dn\u00edmi mrazy, sporadick\u00fdm sn\u011b\u017een\u00edm a p\u0159etrv\u00e1vaj\u00edc\u00ed mlhou v pozdn\u00edm podzimu.<\/p>\n<p>St\u00e1t na b\u0159ehu \u0159eky Ebro v Zaragoze znamen\u00e1 vn\u00edmat soust\u0159edn\u00e9 vrstvy lidsk\u00e9ho \u00fasil\u00ed, od \u0159\u00edmsk\u00e9 kolonie Caesaraugusta \u2013 zalo\u017een\u00e9 na prav\u00e9m b\u0159ehu u soutoku \u0159eky Huerva \u2013 a\u017e po honosn\u00e9 pal\u00e1ce, mud\u00e9jarsk\u00e9 kostely a modern\u00ed mosty, kter\u00e9 sv\u011bd\u010d\u00ed o dvou tis\u00edcilet\u00edch blahobytu a nep\u0159etr\u017eit\u00e9ho os\u00eddlen\u00ed. \u0158\u00edmsk\u00fd otisk je st\u00e1le viditeln\u00fd v ruin\u00e1ch f\u00f3ra, p\u0159\u00edstavu, l\u00e1zn\u00ed a divadla, kameny samotn\u00e9 \u0161eptaj\u00ed o Caesarov\u011b odkazu, i kdy\u017e le\u017e\u00ed nap\u016fl poh\u0159ben\u00e9 pod m\u011bstsk\u00fdmi chodn\u00edky. B\u011bhem st\u0159edov\u011bku se k\u0159es\u0165ansk\u00e1 p\u0159estavba m\u011bstsk\u00e9ho prostoru odehr\u00e1vala stavbou kostel\u016f na m\u00edstech b\u00fdval\u00fdch me\u0161it, co\u017e je proces, kter\u00fd nej\u017eiv\u011bji zt\u011bles\u0148uje katedr\u00e1la Spasitele \u2013 La Seo \u2013 kde rom\u00e1nsk\u00e9 apsidy z dvan\u00e1ct\u00e9ho stolet\u00ed stoj\u00ed vedle gotick\u00fdch kleneb a mud\u00e9jarsk\u00fdch v\u00fdzdob. Nedaleko se nad b\u0159ehem \u0159eky ty\u010d\u00ed barokn\u00ed majest\u00e1tnost baziliky del Pilar, jej\u00ed\u017e v\u011b\u017ee a kupole jsou v klenut\u00e9m interi\u00e9ru posv\u011bceny freskami Francisca Goyi \u2013 sv\u011bdectv\u00ed o trval\u00e9 s\u00edle mari\u00e1nsk\u00e9 oddanosti a postaven\u00ed m\u011bsta jako\u017eto centra pout\u00ed a identity.<\/p>\n<p>Za sv\u00fdm starobyl\u00fdm srdcem se Zaragoza rozkl\u00e1d\u00e1 na krajin\u011b stroh\u00e9 i pestr\u00e9 z\u00e1rove\u0148: samotn\u00e9 b\u0159ehy \u0159eky le\u017e\u00ed ploch\u00e9, ale bezprost\u0159edn\u00ed vnitrozem\u00ed ustupuje muel\u00e1m \u2013 kopc\u016fm s ploch\u00fdmi vrcholy \u2013 a sr\u00e1z\u016fm, kter\u00e9 se strm\u011b sva\u017euj\u00ed. V t\u011bchto zvln\u011bn\u00fdch p\u0159edm\u011bst\u00edch se p\u016fdy bohat\u00e9 na s\u00e1drovec zm\u011bnily v propadliny, kter\u00e9 se st\u00e1vaj\u00ed prchav\u00fdmi rybn\u00edky, a na jihu se sez\u00f3nn\u00ed n\u00e1dr\u017e zn\u00e1m\u00e1 jako la Sulf\u00farica objevuje pouze tehdy, kdy\u017e zavla\u017eovac\u00ed voda vyv\u011br\u00e1 do podzemn\u00edch dutin. Ter\u00e9n prostupuje rozlehl\u00fdm prostorem, kter\u00fd je p\u0159eru\u0161ov\u00e1n strategickou osou spojuj\u00edc\u00ed Zaragozu s Madridem, Barcelonou, Valenci\u00ed, Bilbaem a p\u0159es pyrenejsk\u00e9 p\u0159ed\u011bly s Bordeaux a Toulouse. Pr\u00e1v\u011b tento geografick\u00fd op\u011brn\u00fd bod \u2013 hrub\u00fd \u0161esti\u00faheln\u00edk velk\u00fdch evropsk\u00fdch m\u011bst \u2013 ji\u017e dlouho Zaragoze dod\u00e1v\u00e1 obchodn\u00ed vitalitu a kulturn\u00ed prostupnost.<\/p>\n<p>St\u0159edov\u011bk\u00e1 isl\u00e1msk\u00e1 pevnost pal\u00e1ce Aljafer\u00eda, koncipovan\u00e1 v jeden\u00e1ct\u00e9m stolet\u00ed za dynastie Hudid\u016f, si st\u00e1le zachov\u00e1v\u00e1 vnit\u0159n\u00ed v\u00fdzdobu slo\u017eit\u00fdch \u0161tukov\u00fdch prac\u00ed a zlacen\u00fdch strop\u016f, co\u017e je p\u0159edehra k mud\u00e9jarsk\u00e9mu stylu, kter\u00fd je spolu s La Seo a dal\u0161\u00edmi budovami uzn\u00e1v\u00e1n UNESCO. V sou\u010dasn\u00e9 dob\u011b b\u00fdval\u00fd maursk\u00fd pal\u00e1c s\u00eddl\u00ed v aragonsk\u00e9m parlamentu a propojuje vzd\u00e1lenou minulost se sou\u010dasnou vl\u00e1dou. O n\u011bkolik blok\u016f d\u00e1l \u0161t\u00edhl\u00e9 oblouky radnice a kamenn\u00e9 galerie Lonji \u2013 kdysi s\u00eddla st\u0159edov\u011bk\u00e9 sm\u011bn\u00e1rny \u2013 tvo\u0159\u00ed m\u011bstskou osu, kter\u00e1 te\u010de sm\u011brem k \u0159ece Ebro. V cel\u00e9 star\u00e9 \u010dtvrti se \u010dlov\u011bk setk\u00e1v\u00e1 nejen s dv\u011bma katedr\u00e1lami, ale tak\u00e9 s tuctem kostel\u016f odli\u0161n\u00e9ho p\u016fvodu: San Pablo, Santa Mar\u00eda Magdalena a San Gil Abad, jejich\u017e v\u011b\u017ee mohou b\u00fdt skute\u010dn\u011b poz\u016fstatky minaretu; San Miguel a Santiago, oba opl\u00fdvaj\u00edc\u00ed barokn\u00edmi detaily a mud\u00e9jarsk\u00fdmi stropy ze sedmn\u00e1ct\u00e9ho stolet\u00ed; a Santa Engracia, sama o sob\u011b bazilika, jej\u00ed\u017e jm\u00e9no evokuje mu\u010dednictv\u00ed stejn\u011b jako svatost. Tyto pam\u00e1tky dohromady sv\u011bd\u010d\u00ed o neust\u00e1l\u00e9m dialogu mezi k\u0159es\u0165ansk\u00fdmi a muslimsk\u00fdmi \u0159emesln\u00edky, o synt\u00e9ze cihel, dla\u017edic a d\u0159eva, kter\u00e1 p\u0159esahuje pouh\u00fd styl a definuje architektonick\u00fd jazyk regionu.<\/p>\n<p>V mimom\u011bstsk\u00fdch prostor\u00e1ch Zaragoza p\u011bstuje mno\u017estv\u00ed honosn\u00fdch obydl\u00ed postaven\u00fdch v \u0161estn\u00e1ct\u00e9m stolet\u00ed jej\u00ed pozemkovou \u0161lechtou: pal\u00e1ce hrabat Moraty a Luny, d\u011bkanovo s\u00eddlo a kr\u00e1lovsk\u00e1 Maestranza, ka\u017ed\u00fd z nich je uk\u00e1zkou \u0159ezb\u00e1\u0159stv\u00ed a socha\u0159sk\u00fdch detail\u016f; domy Torrera a Dona Lopeho, p\u0159i\u010dem\u017e druh\u00fd jmenovan\u00fd je nyn\u00ed ur\u010den pro ob\u010dansk\u00e9 \u00fa\u010dely; a honosn\u00e9 domy hrabat S\u00e1staga a Argilla, z nich\u017e druh\u00fd jmenovan\u00fd je muzeem Pabla Gargalla v\u011bnovan\u00fdm d\u00edl\u016fm aragonsk\u00e9ho socha\u0159e. M\u011bstsk\u00e1 muzea sahaj\u00ed daleko za tyto b\u00fdval\u00e9 soukrom\u00e9 salony: m\u011bstsk\u00e9 muzeum Zaragozy, kter\u00e9 je zdarma a je chv\u00e1leno jak pro sv\u00e9 mozaiky z \u0159\u00edmsk\u00e9 doby, tak pro svou sb\u00edrku Goyov\u00fdch obraz\u016f; Museo Goya\u2013Colecci\u00f3n Ibercaja v budov\u011b Cam\u00f3na Aznara, kter\u00e9 p\u0159edstavuje jak st\u00e1l\u00e1 d\u00edla, tak i rotuj\u00edc\u00ed v\u00fdstavy; a Vzd\u011bl\u00e1vac\u00ed muzeum origami zasazen\u00e9 do Centra historie \u2013 zvl\u00e1\u0161tn\u00ed d\u016fkaz univerz\u00e1ln\u00ed geometrie \u0159emesla.<\/p>\n<p>V l\u00e9t\u011b roku 2008 se Zaragoza prom\u011bnila v mezin\u00e1rodn\u00ed f\u00f3rum pro sv\u011btovou v\u00fdstavu v\u011bnovanou vod\u011b a udr\u017eiteln\u00e9mu rozvoji. Expo 2008 slavnostn\u011b otev\u0159elo nov\u00e9 are\u00e1ly pod\u00e9l \u0159eky, mezi nimi\u017e byla Vodn\u00ed v\u011b\u017e \u2013 Torre del Agua \u2013 a klikat\u00e9 linie Mostu t\u0159et\u00edho tis\u00edcilet\u00ed. Ten, betonov\u00e1 v\u00e1zan\u00e1 obloukov\u00e1 konstrukce s neb\u00fdval\u00fdm rozp\u011bt\u00edm, nese \u0161est j\u00edzdn\u00edch pruh\u016f, dv\u011b cyklostezky a dva prosklen\u00e9 chodn\u00edky pro chodce p\u0159es \u0159eku Ebro a zt\u011bles\u0148uje jak utilit\u00e1rn\u00ed ambice, tak socha\u0159skou eleganci. Are\u00e1l v\u00fdstavi\u0161t\u011b nyn\u00ed tvo\u0159\u00ed modern\u00ed enkl\u00e1vu, kde se n\u00e1v\u0161t\u011bvn\u00edci mohou proch\u00e1zet mezi pavilony navr\u017een\u00fdmi osobnostmi, jako je Zaha Hadid, p\u0159i\u010dem\u017e jedin\u00fdm za\u0159\u00edzen\u00edm, kter\u00e9 z\u016fstalo otev\u0159en\u00e9, je \u0158\u00ed\u010dn\u00ed akv\u00e1rium, kter\u00e9 ukr\u00fdv\u00e1 sladkovodn\u00ed druhy v \u0159ad\u011b n\u00e1dr\u017e\u00ed simuluj\u00edc\u00edch rozmanit\u00e9 ekosyst\u00e9my \u0159eky Ebro.<\/p>\n<p>Doprava v samotn\u00e9 Zaragoze je \u0159\u00edzena integrovanou s\u00edt\u00ed silnic, tramvaj\u00ed, autobus\u016f, j\u00edzdn\u00edch kol a vlak\u016f. D\u00e1lnice se z m\u011bsta rozb\u00edhaj\u00ed sm\u011brem k hlavn\u00edm \u0161pan\u011blsk\u00fdm metropol\u00edm \u2013 Madridu, Barcelon\u011b, Valencii a Bilbau \u2013 p\u0159i\u010dem\u017e ka\u017ed\u00e1 z nich je vzd\u00e1len\u00e1 asi t\u0159i sta kilometr\u016f. V r\u00e1mci m\u011bstsk\u00e9 s\u00edt\u011b provozuj\u00ed M\u011bstsk\u00e9 autobusy Zaragozy t\u0159icet jedna pravideln\u00fdch linek \u2013 v\u010detn\u011b dvou okru\u017en\u00edch linek, dvou pravideln\u00fdch koridor\u016f, \u0161esti kyvadlov\u00fdch autobus\u016f (z nich\u017e jeden je bezplatn\u00fd) a sedmi no\u010dn\u00edch linek, kter\u00e9 jezd\u00ed o v\u00edkendech a sv\u00e1tc\u00edch. Dal\u0161\u00ed s\u00ed\u0165 mezim\u011bstsk\u00fdch linek spravovan\u00fdch Dopravn\u00edm konsorciem oblasti Zaragozy roz\u0161i\u0159uje dosah m\u011bsta do p\u0159ilehl\u00fdch m\u011bst a vesnic prost\u0159ednictv\u00edm sedmn\u00e1cti pravideln\u00fdch linek. Zaragozsk\u00e1 tramvaj, jej\u00ed\u017e prvn\u00ed linka spojuje Valdesparteru s parkem Parque Goya, k\u0159i\u017euje m\u011bstsk\u00e9 t\u0159\u00eddy v elektrizovan\u00e9m tichu, zat\u00edmco ve\u0159ejn\u00e9 cyklostezky a m\u011bstsk\u00fd syst\u00e9m bici zaragoza podporuj\u00ed dopravu poh\u00e1n\u011bnou \u0161lapac\u00edmi koly.<\/p>\n<p>\u017delezni\u010dn\u00ed spojen\u00ed zv\u00fd\u0161ilo strategick\u00fd v\u00fdznam Zaragozy: vysokorychlostn\u00ed vlaky AVE spole\u010dnosti Renfe spojuj\u00ed m\u011bsto s Madridem p\u0159ibli\u017en\u011b za sedmdes\u00e1t p\u011bt minut a s Barcelonou za zhruba devades\u00e1t minut, zat\u00edmco p\u0159\u00edm\u011bstsk\u00e1 s\u00ed\u0165 Cercan\u00edas propojuje p\u0159\u00edm\u011bstsk\u00e9 stanice pod z\u00e1\u0161titou spole\u010dnosti Renfe. Stanice Zaragoza\u2013Delicias obsluhuje vlakovou i autobusovou dopravu a jej\u00ed architektura je modernistick\u00fdm kontrapunktem ke kamenn\u00fdm fas\u00e1d\u00e1m star\u00e9ho m\u011bsta. Deset kilometr\u016f z\u00e1padn\u011b, v okrese Garrapinillos, se nach\u00e1z\u00ed leti\u0161t\u011b Zaragoza. Jeho n\u00e1kladn\u00ed provoz v roce 2012 p\u0159ekonal provoz leti\u0161t\u011b Barcelona\u2013El Prat, co\u017e z n\u011bj d\u011bl\u00e1 hlavn\u00ed \u0161pan\u011blsk\u00e9 centrum pro leteckou n\u00e1kladn\u00ed dopravu; tak\u00e9 zde s\u00eddl\u00ed 15. skupina \u0161pan\u011blsk\u00e9ho letectva a historicky slou\u017eilo jako nouzov\u00e9 p\u0159ist\u00e1vac\u00ed m\u00edsto pro raketopl\u00e1n NASA v p\u0159\u00edpad\u011b transoce\u00e1nsk\u00e9ho p\u0159ist\u00e1n\u00ed.<\/p>\n<p>Ka\u017edodenn\u00ed \u017eivot v Zaragoze se odehr\u00e1v\u00e1 na pozad\u00ed t\u011bchto vrstev infrastruktury. Doj\u00ed\u017ed\u011bj\u00edc\u00ed str\u00e1v\u00ed v pr\u016fm\u011bru \u010dty\u0159icet osm minut za v\u0161edn\u00ed den ve\u0159ejnou dopravou; dev\u011bt procent z nich sn\u00e1\u0161\u00ed j\u00edzdy d\u00e9le ne\u017e dv\u011b hodiny, zat\u00edmco typick\u00e1 doba \u010dek\u00e1n\u00ed na zast\u00e1vk\u00e1ch je jeden\u00e1ct minut a dvan\u00e1ct procent cestuj\u00edc\u00edch \u010dek\u00e1 d\u00e9le ne\u017e dvacet. Jedna cesta m\u011b\u0159\u00ed pr\u016fm\u011brn\u011b 4,2 kilometru, a\u010dkoli p\u011bt procent cestuj\u00edc\u00edch cestuje v jednom sm\u011bru v\u00edce ne\u017e 12 kilometr\u016f. Tato \u010d\u00edsla podtrhuj\u00ed jak prostorovou rozlehlost m\u011bsta, tak rytmy pr\u00e1ce a voln\u00e9ho \u010dasu, kter\u00e9 spojuj\u00ed jeho obyvatele s pracovi\u0161ti, \u0161kolami a kulturn\u00edmi pam\u00e1tkami.<\/p>\n<p>Samotn\u00fd voln\u00fd \u010das zde nab\u00fdv\u00e1 mnoha podob. V severn\u00ed \u010d\u00e1sti se rozkl\u00e1d\u00e1 Parque Grande Jos\u00e9 Antonio Labordeta, kter\u00fd se rozkl\u00e1d\u00e1 na plo\u0161e upraven\u00fdch tr\u00e1vn\u00edk\u016f, monument\u00e1ln\u00edch schodi\u0161\u0165 a botanick\u00fdch zahrad. Park, p\u016fvodn\u011b pok\u0159t\u011bn\u00fd po dikt\u00e1torovi Primo de Riverovi, byl v roce 2008 znovuodhalen na po\u010dest Jos\u00e9 Antonia Labordety, aragonsk\u00e9ho p\u00edsni\u010dk\u00e1\u0159e a politick\u00e9 osobnosti, jej\u00ed\u017e melodie o\u017eivovaly demokratick\u00e9 \u0160pan\u011blsko. Pobl\u00ed\u017e z\u00e1padn\u00ed hranice parku se nach\u00e1z\u00ed Puerta del Carmen, jeden z dvan\u00e1cti dochovan\u00fdch vstup\u016f do b\u00fdval\u00fdch opevn\u011bn\u00ed Zaragozy; a\u010dkoli byl v roce 1789 rekonstruov\u00e1n v neoklasicistn\u00edm stylu, jeho zch\u00e1tral\u00fd vzhled \u2013 poznamenan\u00fd jizvami po obl\u00e9h\u00e1n\u00ed a v posledn\u00ed dob\u011b i sr\u00e1\u017ekou autobusu v roce 1997 \u2013 si zachov\u00e1v\u00e1 autentickou auru v\u00e1le\u010dn\u00e9ho smutku. D\u00e1le po proudu se nach\u00e1z\u00ed Puente de Piedra, poprv\u00e9 postaven\u00fd v patn\u00e1ct\u00e9m stolet\u00ed a opakovan\u011b p\u0159estavovan\u00fd po povodn\u00edch, kter\u00fd nyn\u00ed slou\u017e\u00ed p\u0159ev\u00e1\u017en\u011b p\u011b\u0161\u00edm frekventovan\u00fdm aktivit\u00e1m a na obou konc\u00edch nese sochy lv\u016f, kter\u00e9 symbolizuj\u00ed heraldick\u00fd znak m\u011bsta.<\/p>\n<p>Pro ty, kte\u0159\u00ed hledaj\u00ed odpo\u010dinek b\u011bhem parn\u00e9ho l\u00e9ta, nab\u00edz\u00ed Zaragoza ve\u0159ejn\u00e9 baz\u00e9ny spravovan\u00e9 m\u011bstskou samospr\u00e1vou na m\u00edstech, jako je Centro Deportivo Municipal Actur s rozlehl\u00fdmi baz\u00e9ny a tr\u00e1vn\u00edky, centrum Salduba v Parque Primo de Rivera s baz\u00e9nem olympijsk\u00e9 d\u00e9lky a Palacio Municipal de Deportes, kde men\u0161\u00ed baz\u00e9ny obklopuj\u00ed stromy poskytuj\u00edc\u00ed st\u00edn. Dokonce i fotbal nach\u00e1z\u00ed sv\u00e9 divadlo v La Romareda, domovsk\u00e9m stadionu Realu Zaragoza, kter\u00fd sout\u011b\u017e\u00ed v Segunda Divisi\u00f3n, a jeho\u017e patra v\u00edtaj\u00ed t\u0159iat\u0159icet tis\u00edc div\u00e1k\u016f dva kilometry jihoz\u00e1padn\u011b od centr\u00e1ln\u00edho n\u00e1m\u011bst\u00ed.<\/p>\n<p>Kulin\u00e1\u0159sk\u00e9 a folkl\u00f3rn\u00ed tradice z\u016fst\u00e1vaj\u00ed d\u016fle\u017eit\u00e9. Fiestas del Pilar, kter\u00e9 se konaj\u00ed ka\u017ed\u00fd \u0159\u00edjen na po\u010dest \u00fadajn\u00e9ho zjeven\u00ed Panny Marie svat\u00e9mu Jakubovi, l\u00e1kaj\u00ed davy lid\u00ed na b\u0159ehy \u0159eky, kde hudba, tanec a spole\u010dn\u00e9 hodov\u00e1n\u00ed prom\u011b\u0148uj\u00ed Plaza del Pilar v \u00fast\u0159edn\u00ed bod kolektivn\u00ed identity. Vedle font\u00e1ny zn\u00e1m\u00e9 jako Fuente de la Hispanidad \u2013 alegorick\u00e9 sochy p\u0159ipom\u00ednaj\u00edc\u00ed Kolumbovu plavbu \u2013 se nach\u00e1z\u00ed turistick\u00e1 kancel\u00e1\u0159, kter\u00e1 sama o sob\u011b nab\u00edz\u00ed vstupn\u00ed br\u00e1nu k uspo\u0159\u00e1dan\u00fdm poznatk\u016fm o m\u00edstn\u00ed gastronomii, divadeln\u00edch p\u0159edstaven\u00edch a labyrintu uli\u010dek star\u00e9ho m\u011bsta.<\/p>\n<p>Nakupov\u00e1n\u00ed tak\u00e9 zauj\u00edm\u00e1 \u00fast\u0159edn\u00ed m\u00edsto v m\u011bstsk\u00e9m d\u011bn\u00ed. P\u011b\u0161\u00ed z\u00f3na Calle Alfonso I a jej\u00ed okol\u00ed \u2013 od Residencial Para\u00edso v Sagast\u011b a\u017e po Plaza de Espa\u00f1a \u2013 host\u00ed \u0159adu butik\u016f, od haute couture na Francisco de Vitoria a\u017e po \u0159emesln\u00e9 v\u00fdrobky na Jaime I. a staro\u017eitn\u00edky v okol\u00ed San Bruna. V ned\u011bli dopoledne se na Plaza de San Bruno kon\u00e1 ble\u0161\u00ed trh, kter\u00fd nab\u00edz\u00ed pou\u017eit\u00e9 kuriozity a lidov\u00e9 p\u0159edm\u011bty, je\u017e odr\u00e1\u017eej\u00ed obchodn\u00ed d\u011bdictv\u00ed m\u011bsta.<\/p>\n<p>Pro n\u00e1ro\u010dn\u00e9 n\u00e1v\u0161t\u011bvn\u00edky nab\u00edz\u00ed Zaragoza Card vstupy do v\u00fdznamn\u00fdch pam\u00e1tek a muze\u00ed, neomezen\u00e9 pou\u017e\u00edv\u00e1n\u00ed turistick\u00e9ho autobusu, p\u0159edplacen\u00e9 j\u00edzdy ve\u0159ejnou dopravou, prohl\u00eddky s pr\u016fvodcem a dokonce i bezplatn\u00fd n\u00e1poj a tapas ve vybran\u00fdch podnic\u00edch. Karta je k dispozici ve form\u00e1tu 24 a 48 hodin denn\u011b a slou\u017e\u00ed jako cestovn\u00ed pas i \u00fa\u010detn\u00ed kniha, \u010d\u00edm\u017e usnad\u0148uje p\u0159\u00edstup k rozmanit\u00e9 nab\u00eddce m\u011bsta, ani\u017e by podlehla komodifikaci.<\/p>\n<p>Tak se Zaragoza jev\u00ed v \u00fahledn\u00e9 podob\u011b: m\u011bsto monument\u00e1ln\u00ed i intimn\u00ed z\u00e1rove\u0148, kde \u0159\u00edmsk\u00e9 sloupy hovo\u0159\u00ed se st\u0159edov\u011bk\u00fdmi oblouky, kde barokn\u00ed kostely shl\u00ed\u017eej\u00ed na secesn\u00ed fas\u00e1dy a kde se rozmary klimatu \u2013 spaluj\u00edc\u00ed l\u00e9ta, v\u011btrn\u00e9 zimy \u2013 vtiskuj\u00ed do ka\u017edodenn\u00edch ritu\u00e1l\u016f. Je to hlavn\u00ed m\u011bsto, kter\u00e9 navzdory sv\u00e9 velikosti z\u016fst\u00e1v\u00e1 mimo dosah masov\u00e9 turistiky, m\u00edsto, jeho\u017e ni\u017e\u0161\u00ed n\u00e1klady na ubytov\u00e1n\u00ed odm\u011b\u0148uj\u00ed pozorn\u00e9ho cestovatele. A\u0165 u\u017e je Zaragoza pova\u017eov\u00e1na za pohodln\u00fd p\u0159estupn\u00ed bod mezi Madridem a Barcelonou, nebo je p\u0159ij\u00edm\u00e1na jako samostatn\u00e1 destinace, nab\u00edz\u00ed nep\u0159ebern\u00e9 mno\u017estv\u00ed z\u00e1\u017eitk\u016f \u2013 architektonick\u00fdch, gastronomick\u00fdch, performativn\u00edch a sc\u00e9nick\u00fdch \u2013 kter\u00e9 se snoub\u00ed v portr\u00e9tu hlubok\u00e9ho vnitrozem\u00ed \u0160pan\u011blska, vnitrozem\u00ed formovan\u00e9ho \u0159ekami, \u0159\u00ed\u0161emi a energick\u00fdm tepem lidsk\u00e9ho \u00fasil\u00ed.<\/p>","protected":false},"excerpt":{"rendered":"<p>Zaragoza, dynamick\u00e9 hlavn\u00ed m\u011bsto \u0161pan\u011blsk\u00e9 provincie Aragon, je p\u0159\u00edkladem bohat\u00e9 historie a kultury Iberie. Toto \u00fa\u017easn\u00e9 m\u011bsto, zastr\u010den\u00e9 uprost\u0159ed \u00fadol\u00ed \u0159eky Ebro, je \u010dtvrtou nebo p\u00e1tou nejlidnat\u011bj\u0161\u00ed obc\u00ed ve \u0160pan\u011blsku s 675 301 k 1. lednu 2021. Zaragoza se rozkl\u00e1d\u00e1 na 973,78 kilometrech \u010dtvere\u010dn\u00edch r\u016fzn\u00e9 topografie v\u010detn\u011b soutoku \u0159ek Ebro, Huerva a G\u00e1llego nad hladinou mo\u0159e.<\/p>","protected":false},"author":1,"featured_media":4200,"parent":13090,"menu_order":0,"comment_status":"closed","ping_status":"closed","template":"elementor_theme","meta":{"_eb_attr":"","footnotes":""},"class_list":["post-13232","page","type-page","status-publish","has-post-thumbnail"],"_links":{"self":[{"href":"https:\/\/travelshelper.com\/cs\/wp-json\/wp\/v2\/pages\/13232","targetHints":{"allow":["GET"]}}],"collection":[{"href":"https:\/\/travelshelper.com\/cs\/wp-json\/wp\/v2\/pages"}],"about":[{"href":"https:\/\/travelshelper.com\/cs\/wp-json\/wp\/v2\/types\/page"}],"author":[{"embeddable":true,"href":"https:\/\/travelshelper.com\/cs\/wp-json\/wp\/v2\/users\/1"}],"replies":[{"embeddable":true,"href":"https:\/\/travelshelper.com\/cs\/wp-json\/wp\/v2\/comments?post=13232"}],"version-history":[{"count":0,"href":"https:\/\/travelshelper.com\/cs\/wp-json\/wp\/v2\/pages\/13232\/revisions"}],"up":[{"embeddable":true,"href":"https:\/\/travelshelper.com\/cs\/wp-json\/wp\/v2\/pages\/13090"}],"wp:featuredmedia":[{"embeddable":true,"href":"https:\/\/travelshelper.com\/cs\/wp-json\/wp\/v2\/media\/4200"}],"wp:attachment":[{"href":"https:\/\/travelshelper.com\/cs\/wp-json\/wp\/v2\/media?parent=13232"}],"curies":[{"name":"wp","href":"https:\/\/api.w.org\/{rel}","templated":true}]}}