{"id":13204,"date":"2024-09-17T14:30:26","date_gmt":"2024-09-17T14:30:26","guid":{"rendered":"https:\/\/travelshelper.com\/staging\/?page_id=13204"},"modified":"2026-03-12T23:40:35","modified_gmt":"2026-03-12T23:40:35","slug":"tarragona","status":"publish","type":"page","link":"https:\/\/travelshelper.com\/cs\/destinations\/europe\/spain\/tarragona\/","title":{"rendered":"Tarragona"},"content":{"rendered":"<p>Tarragona, kter\u00e1 m\u00e1 podle s\u010d\u00edt\u00e1n\u00ed lidu N\u00e1rodn\u00edho statistick\u00e9ho \u00fa\u0159adu z roku 2024 141 151 obyvatel, zab\u00edr\u00e1 63 kilometr\u016f \u010dtvere\u010dn\u00edch velkou st\u0159edomo\u0159skou enkl\u00e1vu na pob\u0159e\u017e\u00ed Costa Daurada a slou\u017e\u00ed jako administrativn\u00ed centrum okresu Tarragon\u00e8s, \u0161ir\u0161\u00edho regionu Camp de Tarragona a provincie, kter\u00e1 nese jeho jm\u00e9no. M\u011bsto se rozkl\u00e1d\u00e1 na zlatav\u00e9m pob\u0159e\u017e\u00ed, kde se m\u00edrn\u011b zvln\u011bn\u00e1 rozloha St\u0159edozemn\u00edho mo\u0159e setk\u00e1v\u00e1 s \u00fatesy vymodelovan\u00fdmi tis\u00edcilet\u00edmi v\u011btru a vln. Jeho urbanistick\u00e1 struktura sleduje linii sahaj\u00edc\u00ed a\u017e k jeho zt\u011blesn\u011bn\u00ed jako Tarraco, jedn\u00e9 z nejv\u00fdznamn\u011bj\u0161\u00edch s\u00eddel \u0158\u00edmsk\u00e9 \u0159\u00ed\u0161e na Pyrenejsk\u00e9m poloostrov\u011b.<\/p>\n<p>V tomto jedine\u010dn\u00e9m \u00favodn\u00edm popisu se spl\u00fdv\u00e1 pob\u0159e\u017en\u00ed topografie a demografick\u00e1 v\u00e1ha Tarragony: \u00factyhodn\u00fd p\u0159\u00edstav, jeho\u017e st\u0159\u00edbrn\u00e9 je\u0159\u00e1by a mola pln\u00e1 kontejner\u016f skr\u00fdvaj\u00ed d\u011bdictv\u00ed star\u0161\u00ed ne\u017e v\u011bt\u0161ina evropsk\u00fdch hlavn\u00edch m\u011bst; obec, jej\u00ed\u017e kompaktn\u00ed p\u016fdorys zahrnuje architektonick\u00fd palimpsest viditeln\u00fd v ka\u017ed\u00e9 v\u00e1pencov\u00e9 budov\u011b; a m\u011bsto s pouh\u00fdmi sto \u010dty\u0159iceti tis\u00edci obyvateli, jeho\u017e kelt\u0161t\u00ed, \u0159\u00edm\u0161t\u00ed a katal\u00e1n\u0161t\u00ed p\u0159edkov\u00e9 vtiskli tomuto m\u011bstu trvalou rezonanci.<\/p>\n<p>Od okam\u017eiku, kdy bylo Tarraco pov\u00fd\u0161eno na hlavn\u00ed m\u011bsto provincie Hispania Citerior a n\u00e1sledn\u011b na Hispania Tarraconensis \u2013 jurisdikce, kter\u00e1 zahrnovala velkou \u010d\u00e1st poloostrova \u2013 osada vzkv\u00e9tala jako centrum st\u0159edomo\u0159sk\u00e9ho obchodu a c\u00edsa\u0159sk\u00e9 spr\u00e1vy. Archeologick\u00fd soubor v T\u00e1rracu, zapsan\u00fd na seznam sv\u011btov\u00e9ho d\u011bdictv\u00ed UNESCO, z\u016fst\u00e1v\u00e1 jedn\u00edm z nejucelen\u011bj\u0161\u00edch \u0159\u00edmsk\u00fdch poz\u016fstatk\u016f v z\u00e1padn\u00edm St\u0159edomo\u0159\u00ed: amfite\u00e1tr ty\u010d\u00edc\u00ed se nad m\u011bl\u010dinou, kde div\u00e1ci kdysi sledovali gladi\u00e1tory, prot\u00e1hl\u00e1 ar\u00e9na cirkusu, kter\u00e1 sleduje ozv\u011bny z\u00e1vod\u016f voz\u016f, a klenut\u00e9 galerie pr\u00e9toria, kter\u00e9 jsou st\u00e1le provon\u011bny slan\u00fdm v\u00e1nkem. Tyto pam\u00e1tky se nach\u00e1zej\u00ed v doch\u00e1zkov\u00e9 vzd\u00e1lenosti od st\u0159edov\u011bk\u00e9ho Casc Antic, kde \u00fazk\u00e9 uli\u010dky vedou n\u00e1v\u0161t\u011bvn\u00edky k klenut\u00fdm port\u00e1l\u016fm katedr\u00e1ln\u00ed baziliky sv. Tekly \u2013 jej\u00ed rom\u00e1nsk\u00fd k\u0159\u00ed\u017e a ty\u010d\u00edc\u00ed se gotick\u00e1 lo\u010f sv\u011bd\u010d\u00ed o duchovn\u00edm v\u00fdvoji m\u011bsta v pr\u016fb\u011bhu stalet\u00ed.<\/p>\n<p>V sou\u010dasn\u00e9 dob\u011b Tarragona znovu potvrdila svou strategickou n\u00e1mo\u0159n\u00ed funkci: jeden z nejv\u011bt\u0161\u00edch \u0161pan\u011blsk\u00fdch obchodn\u00edch p\u0159\u00edstav\u016f, kter\u00fd slou\u017e\u00ed jako exportn\u00ed uzel pro automobilov\u00fd pr\u016fmysl, se t\u00e1hne po molech, jejich\u017e siluety p\u0159ipom\u00ednaj\u00ed \u0159\u00edmsk\u00e9 n\u00e1b\u0159e\u017e\u00ed. Z\u00e1padn\u011b od m\u011bstsk\u00e9ho centra se v pr\u016fmyslov\u00e9m parku Tarragona soust\u0159ed\u00ed t\u00e9m\u011b\u0159 \u010dtvrtina \u0161pan\u011blsk\u00e9 chemick\u00e9 produkce \u2013 p\u0159ibli\u017en\u011b 5 800 zam\u011bstnanc\u016f \u0159\u00edd\u00edc\u00edch provoz konglomer\u00e1t\u016f, jako je Ercros \u2013 zat\u00edmco hukot uhlovod\u00edkov\u00fdch potrub\u00ed nab\u00edz\u00ed sou\u010dasn\u00fd kontrapunkt k archeologick\u00e9mu klidu m\u011bsta. P\u0159\u00edstav a jeho z\u00e1zem\u00ed tvo\u0159\u00ed dvoj\u00ed ekonomiku, v n\u00ed\u017e v n\u011bkolika kilometrech od sebe koexistuj\u00ed tradi\u010dn\u00ed cestovn\u00ed ruch a t\u011b\u017ek\u00fd pr\u016fmysl.<\/p>\n<p>Akademick\u00e9 b\u00e1d\u00e1n\u00ed nach\u00e1z\u00ed domov na Univerzit\u011b Rovira i Virgili, jej\u00ed\u017e posluch\u00e1rny rezonuj\u00ed s interdisciplin\u00e1rn\u00edmi poznatky, kter\u00e9 propojuj\u00ed environment\u00e1ln\u00ed v\u011bdy s klasickou archeologi\u00ed a odr\u00e1\u017eej\u00ed tak dvoj\u00ed identitu Tarragony. Vedle t\u00e9to instituce vy\u0161\u0161\u00edho vzd\u011bl\u00e1v\u00e1n\u00ed o\u017eivuje ulice Lidov\u00e1 dru\u017eina \u2013 ka\u017edoro\u010dn\u00ed shrom\u00e1\u017ed\u011bn\u00ed tane\u010dn\u00edk\u016f, besti\u00e1\u0159ov\u00fdch postav a um\u011blc\u016f mluven\u00e9ho slova \u2013 b\u011bhem festivalu Santa Tecla, kter\u00fd se slav\u00ed ka\u017ed\u00fd rok mezi patn\u00e1ct\u00fdm a dvac\u00e1t\u00fdm t\u0159et\u00edm z\u00e1\u0159\u00ed. Zde se lidsk\u00e9 v\u011b\u017ee \u2013 kastely \u2013 vyno\u0159uj\u00ed jako \u017eiv\u00e9 sochy, jejich\u017e propleten\u00e9 kon\u010detiny symbolizuj\u00ed jak spole\u010dnou d\u016fv\u011bru, tak i kontinuitu p\u0159edk\u016f; \u201eCasa de la Festa\u201c, otev\u0159en\u00e1 celoro\u010dn\u011b, uchov\u00e1v\u00e1 kost\u00fdmy a ikonografii t\u011bchto ok\u00e1zalost\u00ed.<\/p>\n<p>Pob\u0159e\u017e\u00ed Tarragony je protk\u00e1no \u0159adou pl\u00e1\u017e\u00ed, z nich\u017e n\u011bkolik je ocen\u011bno Evropskou modrou vlajkou za kvalitu vody a \u0161etrnost k \u017eivotn\u00edmu prost\u0159ed\u00ed. Platja del Miracle, p\u016flkilometrov\u00fd oblouk jemn\u00e9ho p\u00edsku na okraji m\u011bsta, soused\u00ed s funguj\u00edc\u00edm p\u0159\u00edstavem, zat\u00edmco hned na sever od n\u011bj se nach\u00e1z\u00ed Platja de l&#039;Arrabassada s promen\u00e1dou lemovanou palmami a mal\u00fdmi chiringuitos. D\u00e1le pod\u00e9l pob\u0159e\u017e\u00ed se nach\u00e1z\u00ed intimn\u00ed Platja de Savinosa a rozlehlej\u0161\u00ed t\u0159\u00edkilometrov\u00fd \u00fasek Platja Llarga, kter\u00fd uspokoj\u00ed jak milovn\u00edky slunce, tak i milovn\u00edky placht\u011bn\u00ed; Tamarit, pobl\u00ed\u017e \u00fast\u00ed \u0159eky Gai\u00e0, evokuje sp\u00ed\u0161e pastora\u010dn\u00ed atmosf\u00e9ru, jeho duny a p\u0159\u00edmo\u0159sk\u00e9 borovice p\u0159ipom\u00ednaj\u00ed bukolickou p\u0159est\u00e1vku.<\/p>\n<p>P\u0159ita\u017elivost metropole v\u0161ak sah\u00e1 i za hranice pl\u00e1\u017e\u00ed. Kr\u00e1tk\u00e1 cesta doprav\u00ed cestovatele do Salou, jeho\u017e fas\u00e1da resortu vrchol\u00ed v PortAventura World \u2013 nejnav\u0161t\u011bvovan\u011bj\u0161\u00edm z\u00e1bavn\u00edm parku ve \u0160pan\u011blsku \u2013 zahrnuj\u00edc\u00edm PortAventura Park, Ferrari Land a vodn\u00ed park v karibsk\u00e9m stylu. V Tarragon\u011b dopravn\u00ed infrastruktura umo\u017e\u0148uje jak vysokorychlostn\u00ed, tak region\u00e1ln\u00ed trasy: stanice Camp de Tarragona spojuje m\u011bsto se Zaragozou, Madridem, Sevillou, M\u00e1lagou, Burgosem, Vigem, Bilbaem a San Sebasti\u00e1nem prost\u0159ednictv\u00edm s\u00edt\u011b AVE, zat\u00edmco hlavn\u00ed stanice Tarragona na ose Barcelona\u2013Alicante zaji\u0161\u0165uj\u00ed mezim\u011bstsk\u00e9, region\u00e1ln\u00ed expresn\u00ed a m\u00edstn\u00ed spoje (linky R14, R15 a R16). Dvacetiminutov\u00fd kyvadlov\u00fd autobus provozovan\u00fd spole\u010dnost\u00ed Plana p\u0159epravuje cestuj\u00edc\u00ed mezi Camp de Tarragona a centrem m\u011bsta od \u010dasn\u00e9ho r\u00e1na do pozdn\u00edho ve\u010dera, dopln\u011bn\u00fd v\u0161udyp\u0159\u00edtomn\u00fdmi tax\u00edky.<\/p>\n<p>Leteck\u00e9 spojen\u00ed zaji\u0161\u0165uje leti\u0161t\u011b Reus, kter\u00e9 je vzd\u00e1len\u00e9 dev\u011bt kilometr\u016f a odbav\u00ed p\u0159es milion cestuj\u00edc\u00edch ro\u010dn\u011b \u2013 p\u0159ev\u00e1\u017en\u011b charterov\u00fdmi a n\u00edzkon\u00e1kladov\u00fdmi dopravci, jako je Ryanair \u2013 zat\u00edmco v\u011bt\u0161\u00ed uzel Barcelona\u2013El Prat le\u017e\u00ed asi devades\u00e1t kilometr\u016f severov\u00fdchodn\u011b a je dostupn\u00fd vlakem, autobusem, soukrom\u00fdm pron\u00e1jmem nebo pronajat\u00fdm vozidlem. Po silnici spojuje m\u011bsto s Barcelonou (p\u0159ibli\u017en\u011b sto kilometr\u016f) a Valenci\u00ed (zhruba 250 kilometr\u016f) d\u00e1lnice AP-7, kter\u00e1 je zpoplatn\u011bna severn\u011b od Tarragony do jej\u00edho pl\u00e1novan\u00e9ho odstran\u011bn\u00ed v z\u00e1\u0159\u00ed 2021 a bezplatn\u00e1 na jihu. Po d\u00e1lnici AP-2, kter\u00e1 vede p\u0159es d\u00e1lnice A-27 a N-240, se nach\u00e1z\u00ed v dosahu Lleidy (sto kilometr\u016f) a Zaragozy (dv\u011b a p\u016fl hodiny j\u00edzdy autem).<\/p>\n<p>V r\u00e1mci m\u011bstsk\u00e9 s\u00edt\u011b je v\u011bt\u0161ina pam\u00e1tek soust\u0159ed\u011bna mezi Rambla Nova a z\u00e1padn\u00edm okrajem p\u0159\u00edstavu, co\u017e umo\u017e\u0148uje snadnou proch\u00e1zku. Nicm\u00e9n\u011b tax\u00edky, m\u011bstsk\u00e9 autobusy a p\u0159\u00edm\u011bstsk\u00e1 \u017eelezni\u010dn\u00ed s\u00ed\u0165 roz\u0161i\u0159uj\u00ed dosah i do odlehl\u00fdch \u010dtvrt\u00ed. Turistick\u00e1 kancel\u00e1\u0159 Tarragona na Carrer Major 39 vyd\u00e1v\u00e1 pr\u016fvodce a m\u00edstn\u00ed vstupenky, zat\u00edmco informa\u010dn\u00ed zna\u010den\u00ed pod\u00e9l dl\u00e1\u017ed\u011bn\u00fdch hradeb a kolem akvaduktu Ferreres \u2013 l\u00e1skypln\u011b zn\u00e1m\u00e9ho jako Pont del Diable \u2013 nab\u00edz\u00ed samoobslu\u017en\u00e9 prohl\u00eddky.<\/p>\n<p>M\u011bstsk\u00e1 muzea vyjad\u0159uj\u00ed jeho mnohostrannou minulost. Model \u0159\u00edmsk\u00e9ho Tarraca na n\u00e1m\u011bst\u00ed Pla\u00e7a del Pallol rekonstruuje m\u011bstsk\u00fd pl\u00e1n z druh\u00e9ho stolet\u00ed v pe\u010dliv\u00e9m reli\u00e9fu; P\u0159\u00edstavn\u00ed muzeum zachycuje n\u00e1mo\u0159n\u00ed tradice v p\u0159estav\u011bn\u00e9m skladu; a do\u010dasn\u00e9 N\u00e1rodn\u00ed archeologick\u00e9 muzeum (Museo Nacional Arqueol\u00f3gico), kter\u00e9 s\u00eddl\u00ed v p\u0159\u00edstavn\u00edm tingladu, vystavuje vybran\u00e9 n\u00e1lezy do doby, ne\u017e bude dokon\u010dena rekonstrukce jeho hlavn\u00edch prostor. Muzeum modern\u00edho um\u011bn\u00ed (Museu d&#039;Art Modern), zasazen\u00e9 do hradeb, vystavuje pl\u00e1tna a sochy z dvac\u00e1t\u00e9ho stolet\u00ed, v\u010detn\u011b vz\u00e1cn\u00e9 tapiserie vytvo\u0159en\u00e9 Joanem Mir\u00f3em. \u0160lechtick\u00e1 s\u00eddla \u2013 Casa Canals a Casa Castellarnau z patn\u00e1ct\u00e9ho stolet\u00ed \u2013 odhaluj\u00ed aristokratick\u00e9 interi\u00e9ry, zat\u00edmco Vila Centcelles, za okrajem m\u011bsta, uchov\u00e1v\u00e1 jednu z nejstar\u0161\u00edch dochovan\u00fdch k\u0159es\u0165ansk\u00fdch mozaik.<\/p>\n<p>N\u00e1bo\u017eensk\u00e9 a poh\u0159ebn\u00ed d\u011bdictv\u00ed koexistuje v paleok\u0159es\u0165ansk\u00e9m muzeu Museu i Necr\u00f2polis, kde sarkof\u00e1gy, epitafy a podzemn\u00ed galerie sv\u011bd\u010d\u00ed o ran\u011b k\u0159es\u0165ansk\u00e9 praxi, a na n\u00e1m\u011bst\u00ed Pla\u00e7a del Rei, kde zbytky baziliky provin\u010dn\u00edho f\u00f3ra r\u00e1muj\u00ed portikus praetria. \u0158\u00edmsk\u00e9 divadlo a p\u0159ilehl\u00e1 v\u011b\u017e Torre del Pretori \u2013 ned\u00edln\u00e1 sou\u010d\u00e1st itiner\u00e1\u0159\u016f se spole\u010dn\u00fdm vstupn\u00fdm \u2013 evokuj\u00ed civilizaci, jej\u00ed\u017e tep kdysi rezonoval t\u011bmito kamenn\u00fdmi sedadly.<\/p>\n<p>M\u00edstn\u00ed gastronomie, pod\u00e1van\u00e1 v komorn\u00edch z\u00e1kout\u00edch bar\u016f a restaurac\u00ed, odr\u00e1\u017e\u00ed katal\u00e1nskou n\u00e1mo\u0159n\u00ed hojnost a zem\u011bd\u011blsk\u00fd p\u016fvod. Na n\u00e1m\u011bst\u00edch historick\u00e9ho centra \u2013 Font, F\u00f2rum a Rei \u2013 si host\u00e9 vychutn\u00e1vaj\u00ed pa amb tom\u00e0quet hojn\u011b pot\u0159en\u00fd na venkovsk\u00e9m chlebu, neules i torrons slazen\u00e9 mandlemi a medem a \u0159adu mo\u0159sk\u00fdch tapas, od grilovan\u00fdch s\u00e9pi\u00ed a\u017e po gambes \u00e0 la planxa. V El Serrallo, ryb\u00e1\u0159sk\u00e9 \u010dtvrti, auk\u010dn\u00ed s\u00edn\u011b vyhazuj\u00ed denn\u00ed \u00falovek na stoly prost\u0159en\u00e9 pod filigr\u00e1nov\u00fdmi balkony.<\/p>\n<p>Snad \u017e\u00e1dn\u00fd jin\u00fd n\u00e1poj tak nevystihuje synkretismus Tarragony jako lik\u00e9r Chartreuse. Jeho \u017elut\u00e1 a zelen\u00e1 varianta \u2013 o obsahu 40 a 55 stup\u0148\u016f alkoholu \u2013 byla v roce 1605 vymy\u0161lena kartuzi\u00e1nsk\u00fdmi mnichy jako elix\u00edr dlouhov\u011bkosti a od roku 1903 do roku 1989, po vyhn\u00e1n\u00ed mnich\u016f z Francie, se destilovala m\u00edstn\u011b ve \u017elut\u00e9 a zelen\u00e9 variant\u011b. Dnes je tento destil\u00e1t ned\u00edlnou sou\u010d\u00e1st\u00ed sv\u00e1tku Santa Tecla a jeho \u0161tiplav\u00e1 sladkost doprov\u00e1z\u00ed lidsk\u00e9 v\u011b\u017ee a oh\u0148ostroje, kter\u00e9 definuj\u00ed p\u0159edpodzimn\u00ed crescendo m\u011bsta.<\/p>\n<p>Tarragonsk\u00e9 klima, klasifikovan\u00e9 jako st\u0159edomo\u0159sk\u00e9 (K\u00f6ppen Csa) s vlhk\u00fdmi subtropick\u00fdmi (Cfa) sklony, naru\u0161uje tradi\u010dn\u00ed sez\u00f3nnost: srpen obvykle zaznamen\u00e1v\u00e1 v\u00edce sr\u00e1\u017eek ne\u017e \u00fanor, zat\u00edmco m\u00edrn\u011b chladn\u00e9 zimy ustupuj\u00ed tepl\u00fdm, dusn\u00fdm l\u00e9t\u016fm. Jarn\u00ed a podzimn\u00ed vrcholy \u2013 kv\u011bten a z\u00e1\u0159\u00ed s \u00fahrnem sr\u00e1\u017eek p\u0159ibli\u017en\u011b 54 a\u017e 77 milimetr\u016f \u2013 p\u0159isp\u00edvaj\u00ed k zelen\u00fdm svah\u016fm, kter\u00e9 r\u00e1muj\u00ed m\u011bstsk\u00e9 j\u00e1dro, a to i p\u0159esto, \u017ee slunce poskytuje v\u00edce ne\u017e dva tis\u00edce hodin jasu ro\u010dn\u011b.<\/p>\n<p>Rekrea\u010dn\u00ed aktivity ve m\u011bst\u011b sm\u011b\u0159uj\u00ed sp\u00ed\u0161e ke kontemplativn\u00edm aktivit\u00e1m: proch\u00e1zky po \u0161estikilometrov\u00e9 pob\u0159e\u017en\u00ed promen\u00e1d\u011b, koup\u00e1n\u00ed v klidn\u00fdch z\u00e1tok\u00e1ch, kde se nad hladinou vody vzn\u00e1\u0161ej\u00ed starobyl\u00e9 hradby, a pozorov\u00e1n\u00ed obyvatel shroma\u017e\u010fuj\u00edc\u00edch se ve stinn\u00fdch pas\u00e1\u017e\u00edch, aby si popov\u00eddali u vermutu. Pro ty, kte\u0159\u00ed hledaj\u00ed p\u0159edepsan\u00e9 trasy, je zde d\u00e1lkov\u00e1 stezka GR-92, kter\u00e1 ozna\u010duje Tarragonu jako zast\u00e1vku: Etapa 25 se t\u00e1hne dvacet kilometr\u016f severn\u011b do Torredembarry, zat\u00edmco etapa 26 vede po dvaceti osmikilometrov\u00e9 trase sm\u011brem k Cambrils, p\u0159i\u010dem\u017e ka\u017ed\u00e1 z nich nab\u00edz\u00ed panoramatick\u00e9 v\u00fdhledy na mo\u0159e.<\/p>\n<p>V\u00fdznamn\u00e9 kulturn\u00ed akce prol\u00ednaj\u00ed ka\u017edoro\u010dn\u00ed kalend\u00e1\u0159 s jedine\u010dnou intenzitou. Ka\u017ed\u00fd b\u0159eznov\u00fd t\u00fdden p\u0159ed Svat\u00fdm t\u00fddnem ohla\u0161uje Tarragona International Dixieland Festival, kdy dvacet p\u011bt kapel odehraje sto koncert\u016f, kter\u00e9 prom\u011bn\u00ed n\u00e1m\u011bst\u00ed v improvizovan\u00e9 jazzov\u00e9 s\u00e1ly. Sout\u011b\u017e oh\u0148ostroj\u016f za\u010d\u00e1tkem \u010dervence shroma\u017e\u010fuje \u0161est mezin\u00e1rodn\u00edch pyrotechnick\u00fdch spole\u010dnost\u00ed nad Punta del Miracle, kde se od klidn\u00e9 hladiny z\u00e1livu l\u00e1mou z\u00e1blesky chromatick\u00e9 n\u00e1dhery. Od \u0159\u00edjna do dubna po\u0159\u00e1d\u00e1 Tarragona Cultura Contempor\u00e0nia koncerty, origin\u00e1ln\u00ed filmy a divadeln\u00ed p\u0159edstaven\u00ed pod z\u00e1\u0161titou asociace Anima&#039;t. 23. dubna, Den svat\u00e9ho Ji\u0159\u00ed, za\u017eehne v\u00fdm\u011bnu knih a r\u016f\u017e\u00ed po cel\u00e9m Katal\u00e1nsku; v Tarragon\u011b se tento den vyzna\u010duje v\u00fdstavami hrad\u016f po\u0159\u00e1dan\u00fdmi \u010dty\u0159mi m\u011bstsk\u00fdmi kolejemi. A kone\u010dn\u011b, sez\u00f3na lidsk\u00fdch v\u011b\u017e\u00ed \u2013 od Svat\u00e9ho Jana 23. \u010dervna do vyvrcholen\u00ed Santa Tecla 23. z\u00e1\u0159\u00ed \u2013 zahrnuje t\u00fddenn\u00ed p\u0159edstaven\u00ed na Pla de la Seu, p\u0159i\u010dem\u017e ka\u017ed\u00fd v\u00fdstup zt\u011bles\u0148uje kolektivn\u00ed odvahu.<\/p>\n<p>A\u010dkoli Tarragona m\u016f\u017ee slou\u017eit jako pohodln\u00fd c\u00edl jednodenn\u00edch v\u00fdlet\u016f pro ty, kte\u0159\u00ed \u017eij\u00ed v Barcelon\u011b, jej\u00ed stratifikovan\u00e1 historie, rozmanit\u00e1 kulturn\u00ed nab\u00eddka a dynamick\u00e1 ekonomika z n\u00ed d\u011blaj\u00ed mnohem v\u00edc ne\u017e jen pob\u0159e\u017en\u00ed dopln\u011bk. Zde, kde \u0159\u00edmsk\u00e9 poz\u016fstatky dialoguj\u00ed s modern\u00edm pr\u016fmyslem a kde se v\u011bdeck\u00fd diskurz prot\u00edn\u00e1 s folkl\u00f3rn\u00edmi pod\u00edvan\u00e9, se m\u011bsto nejev\u00ed jen jako archeologick\u00e1 pam\u00e1tka nebo p\u0159\u00edmo\u0159sk\u00e9 letovisko, ale jako \u017eivouc\u00ed kontinuum \u2013 ka\u017ed\u00fd jeho k\u00e1men a socha jsou prodchnuty kadenc\u00ed minulosti i sou\u010dasnosti.<\/p>","protected":false},"excerpt":{"rendered":"<p>Tarragona, pl\u00e1\u017eov\u00e9 m\u011bsto a obec v oblasti Costa Daurada v Katal\u00e1nsku, \u0160pan\u011blsko, m\u00e1 fantastickou polohu pod\u00e9l pob\u0159e\u017e\u00ed St\u0159edozemn\u00edho mo\u0159e. Nejlidnat\u011bj\u0161\u00ed m\u011bsto a hlavn\u00ed m\u011bsto okresu Tarragon\u00e8s, oblasti Camp de Tarragona a provincie Tarragona, m\u00e1 asi 134 000 lid\u00ed. Toto starobyl\u00e9 m\u011bsto ct\u00ed lidskou civilizaci Pyrenejsk\u00e9ho poloostrova sv\u00fdm skv\u011bl\u00fdm historick\u00fdm pozad\u00edm a modern\u00edm v\u00fdznamem.<\/p>","protected":false},"author":1,"featured_media":3682,"parent":13090,"menu_order":0,"comment_status":"closed","ping_status":"closed","template":"elementor_theme","meta":{"_eb_attr":"","footnotes":""},"class_list":["post-13204","page","type-page","status-publish","has-post-thumbnail"],"_links":{"self":[{"href":"https:\/\/travelshelper.com\/cs\/wp-json\/wp\/v2\/pages\/13204","targetHints":{"allow":["GET"]}}],"collection":[{"href":"https:\/\/travelshelper.com\/cs\/wp-json\/wp\/v2\/pages"}],"about":[{"href":"https:\/\/travelshelper.com\/cs\/wp-json\/wp\/v2\/types\/page"}],"author":[{"embeddable":true,"href":"https:\/\/travelshelper.com\/cs\/wp-json\/wp\/v2\/users\/1"}],"replies":[{"embeddable":true,"href":"https:\/\/travelshelper.com\/cs\/wp-json\/wp\/v2\/comments?post=13204"}],"version-history":[{"count":0,"href":"https:\/\/travelshelper.com\/cs\/wp-json\/wp\/v2\/pages\/13204\/revisions"}],"up":[{"embeddable":true,"href":"https:\/\/travelshelper.com\/cs\/wp-json\/wp\/v2\/pages\/13090"}],"wp:featuredmedia":[{"embeddable":true,"href":"https:\/\/travelshelper.com\/cs\/wp-json\/wp\/v2\/media\/3682"}],"wp:attachment":[{"href":"https:\/\/travelshelper.com\/cs\/wp-json\/wp\/v2\/media?parent=13204"}],"curies":[{"name":"wp","href":"https:\/\/api.w.org\/{rel}","templated":true}]}}