{"id":13195,"date":"2024-09-17T14:26:00","date_gmt":"2024-09-17T14:26:00","guid":{"rendered":"https:\/\/travelshelper.com\/staging\/?page_id=13195"},"modified":"2026-03-12T23:42:12","modified_gmt":"2026-03-12T23:42:12","slug":"santillana-del-mar","status":"publish","type":"page","link":"https:\/\/travelshelper.com\/cs\/destinations\/europe\/spain\/santillana-del-mar\/","title":{"rendered":"Santillana del Mar"},"content":{"rendered":"<p>Santillana del Mar, kompaktn\u00ed obec a m\u011bsto le\u017e\u00edc\u00ed v nejv\u00fdchodn\u011bj\u0161\u00ed \u010d\u00e1sti kantabrijsk\u00e9ho pob\u0159e\u017e\u00ed Costa Occidental, m\u00e1 celoro\u010dn\u011b 4 208 obyvatel (INE 2024) v r\u00e1mci hranic, kter\u00e9 se t\u00e1hnou od Kantabersk\u00e9ho mo\u0159e na severu p\u0159es zvln\u011bn\u00e9 kopce na jihu a soused\u00ed s obcemi Suances, Torrelavega, Alfoz de Lloredo a Reoc\u00edn. Jeho st\u0159edov\u011bk\u00e9 j\u00e1dro, obklopen\u00e9 m\u00edrn\u011b sva\u017eitou prohlubn\u00ed, kter\u00e1 zakr\u00fdv\u00e1 jak\u00fdkoli p\u0159\u00edm\u00fd v\u00fdhled na mo\u0159e, slou\u017e\u00ed jako \u017eiv\u00fd archiv i pulzuj\u00edc\u00ed centrum komunity, jej\u00ed\u017e modern\u00ed \u017eivobyt\u00ed je neodd\u011bliteln\u00e9 od jej\u00edho bohat\u00e9ho kulturn\u00edho d\u011bdictv\u00ed.<\/p>\n<p>Santillana del Mar, \u010dasto ozna\u010dovan\u00e1 jako \u201em\u011bsto t\u0159\u00ed l\u017e\u00ed\u201c, si u\u017e dlouho u\u017e\u00edv\u00e1 ironick\u00e9ho r\u010den\u00ed, \u017ee nen\u00ed ani svat\u00e1, ani ploch\u00e1, ani nesoused\u00ed s mo\u0159em \u2013 sp\u00ed\u0161e chvalozp\u011bv na jej\u00ed architektonickou mohutnost ne\u017e topografickou realitu, proto\u017ee a\u010dkoli samotn\u00e9 m\u011bste\u010dko le\u017e\u00ed hluboko ve vnitrozem\u00ed, jeho m\u011bstsk\u00e1 dom\u00e9na se skute\u010dn\u011b dot\u00fdk\u00e1 kantabrijsk\u00e9ho pob\u0159e\u017e\u00ed. Tato paradoxn\u00ed p\u0159ezd\u00edvka ukazuje na hlub\u0161\u00ed ironii: m\u00edsto, jeho\u017e n\u00e1bo\u017eensk\u00e9 d\u011bdictv\u00ed, k\u0159i\u0161\u0165\u00e1lov\u011b krystalick\u00e9 v rom\u00e1nsk\u00fdch oblouc\u00edch a socha\u0159sky tvarovan\u00fdch tympanech, pop\u00edr\u00e1 jak\u00fdkoli n\u00e1znak duchovn\u00ed pr\u00e1zdnoty; jeho\u017e kompaktn\u00ed topografie se klene k nebi sedlov\u00fdmi st\u0159echami a \u00fazk\u00fdmi uli\u010dkami; a jeho\u017e identita nen\u00ed utv\u00e1\u0159ena p\u0159\u00edm\u00fdm vystaven\u00edm mo\u0159i, ale souhrou historick\u00fdch, um\u011bleck\u00fdch a p\u0159\u00edrodn\u00edch dar\u016f, kter\u00e9 se vln\u00ed a obj\u00edmaj\u00ed jeskynn\u00ed malby i pob\u0159e\u017en\u00ed v\u00fdhledy.<\/p>\n<p>Santillana del Mar, vyhl\u00e1\u0161en\u00e1 za historicko-um\u011bleckou pam\u00e1tku v roce 1889, nos\u00ed sv\u016fj pl\u00e1\u0161\u0165 ochrany pam\u00e1tek ji\u017e v\u00edce ne\u017e stolet\u00ed, p\u0159esto\u017ee toto ozna\u010den\u00ed nebr\u00e1nilo ani neodrazovalo od pe\u010dliv\u011b kalibrovan\u00e9ho rozvoje. V roce 2013 jej\u00ed za\u0159azen\u00ed do Asociaci\u00f3n de los Pueblos m\u00e1s Bonitos de Espa\u00f1a potvrdilo to, co generace n\u00e1v\u0161t\u011bvn\u00edk\u016f ji\u017e tu\u0161ily: \u017ee zde, v ulic\u00edch dl\u00e1\u017ed\u011bn\u00fdch dla\u017eebn\u00edmi kostkami z m\u00edstn\u00edho v\u00e1pence a lemovan\u00fdch hr\u00e1zd\u011bn\u00fdmi domy, jejich\u017e okna s p\u0159\u00ed\u010dkami sm\u011b\u0159uj\u00ed na klidn\u00e1 n\u00e1m\u011bst\u00ed, se \u010dlov\u011bk setk\u00e1v\u00e1 s mimo\u0159\u00e1dn\u011b neporu\u0161en\u00fdm m\u011bstsk\u00fdm organismem. Pr\u00e1v\u011b tato kontinuita \u2013 protkan\u00e1 \u010dty\u0159mi stalet\u00edmi \u0161lechtick\u00fdch dom\u016f, n\u00e1bo\u017eensk\u00fdch z\u00e1klad\u016f a obchodn\u00edch v\u011b\u017e\u00ed \u2013 dod\u00e1v\u00e1 m\u011bstu pocit stagnace i tich\u00e9 vitality.<\/p>\n<p>Demografick\u00fd p\u0159\u00edb\u011bh Santillany del Mar se odv\u00edj\u00ed v m\u011b\u0159en\u00fdch kroc\u00edch. Po nadiru na konci patn\u00e1ct\u00e9ho stolet\u00ed populace postupn\u011b rostla, v roce 1752 dos\u00e1hla 1 734 du\u0161\u00ed a do roku 1852 se jej\u00ed po\u010det m\u00edrn\u011b zv\u00fd\u0161il na 2 235; od 60. let 20. stolet\u00ed se v\u0161ak po\u010det obyvatel pohybuje kolem n\u011bkolika tis\u00edc \u2013 p\u0159\u00edliv a odliv dan\u00fd st\u00e1rnouc\u00ed populac\u00ed, klesaj\u00edc\u00ed porodnost\u00ed a selektivn\u00ed migrac\u00ed t\u011bch, kter\u00e9 p\u0159itahuje cestovn\u00ed ruch a kulturn\u00ed d\u011bdictv\u00ed. Sou\u010dasn\u00fd po\u010det 4 208 obyvatel odr\u00e1\u017e\u00ed k\u0159ehkou rovnov\u00e1hu: dostatek obyvatel k udr\u017een\u00ed \u0161kol, zdravotnick\u00fdch slu\u017eeb a rozv\u00edjej\u00edc\u00edho se sektoru pohostinstv\u00ed, ale z\u00e1rove\u0148 dost m\u00e1lo na to, aby se zachovala komorn\u00ed velikost m\u011bsta.<\/p>\n<p>V srdci t\u00e9to osady le\u017e\u00ed jej\u00ed st\u0159edov\u011bk\u00e9 j\u00e1dro, organizovan\u00e9 kolem dvou hlavn\u00edch tepen \u2013 zn\u00e1m\u00fdch pod r\u016fzn\u00fdmi n\u00e1zvy Carrera, Cant\u00f3n a R\u00edo \u2013 kter\u00e9 se sb\u00edhaj\u00ed k n\u00e1bo\u017eensk\u00e9mu n\u00e1m\u011bst\u00ed, jej\u00edmu \u00fast\u0159edn\u00edmu bodu. Zde se s strohou rom\u00e1nskou d\u016fstojnost\u00ed ty\u010d\u00ed Colegiata de Santa Juliana, zalo\u017een\u00e1 ve dvan\u00e1ct\u00e9m stolet\u00ed; naproti jej\u00edmu port\u00e1lu se rozkl\u00e1d\u00e1 Plaza del Abad Francisco Navarro, zat\u00edmco kousek p\u011b\u0161ky na v\u00fdchod odhal\u00ed Plaza de las Arenas, rozlehl\u00e9 prostranstv\u00ed kdysi lemovan\u00e9 obchodn\u00edmi st\u00e1nky. Ve \u010dtrn\u00e1ct\u00e9m stolet\u00ed vedl vzestup m\u011bsta jako hlavn\u00edho m\u011bsta Merindad de las Asturias de Santillana k vytvo\u0159en\u00ed druh\u00e9ho ve\u0159ejn\u00e9ho f\u00f3ra \u2013 p\u016fvodn\u011b naz\u00fdvan\u00e9ho tr\u017ei\u0161t\u011bm podle listiny z roku 1209 \u2013 na jeho\u017e okraji se nach\u00e1z\u00ed stoick\u00e1 v\u011b\u017e Torre del Merino, nyn\u00ed \u00falo\u017ei\u0161t\u011b m\u00edstn\u00edch tradic, a cimbu\u0159\u00ed Torre de Don Borja, v n\u00ed\u017e dnes s\u00eddl\u00ed ayuntamiento.<\/p>\n<p>Za t\u011bmito soust\u0159edn\u00fdmi ulicemi, odd\u011blen\u00fdmi tepnou CA-131, stoj\u00ed n\u00e1bo\u017eensk\u00e9 soubory a \u0161lechtick\u00e1 s\u00eddla: kl\u00e1\u0161tery Regina Coeli a San Ildefonso, ti\u0161\u00ed sv\u011bdci stalet\u00ed kl\u00e1\u0161tern\u00ed zbo\u017enosti; rezidence S\u00e1nchez Tagle s kamennou fas\u00e1dou vytesanou heraldick\u00fdmi symboly; a Campo Revolgo, zelen\u00fd park os\u00e1zen\u00fd p\u016fvodn\u00edmi druhy, kter\u00fd vytv\u00e1\u0159\u00ed kontrapunkt samoty. Na z\u00e1pad\u011b se lesnat\u00fd statek nesouc\u00ed n\u00e1zev Avenida de Le Dorat \u2013 na po\u010dest partnersk\u00e9ho m\u011bsta m\u011bsta ve Francii \u2013 m\u011bn\u00ed v kemp Santillana, kde cestovatel\u00e9 stav\u00ed stany pod duby, jejich\u017e v\u011btve od starov\u011bku poskytuj\u00ed st\u00edn poutn\u00edk\u016fm.<\/p>\n<p>Ubytov\u00e1n\u00ed se vyzna\u010duje kombinac\u00ed rustik\u00e1ln\u00edho a historick\u00e9ho stylu. Hostel v centru m\u011bsta uspokoj\u00ed poutn\u00edky z Camino de Santiago, zat\u00edmco venkovsk\u00e9 chaty a rodinn\u00e9 hotely o\u017eivuj\u00ed \u00fazk\u00e9 uli\u010dky zvon\u011bn\u00edm zvon\u016f a \u0161ept\u00e1n\u00edm pozdrav\u016f. Mezi nimi si zvl\u00e1\u0161tn\u00ed pozornost zaslou\u017e\u00ed Parador Gil Blas: n\u00e1rodn\u00ed hostinec s\u00eddl\u00edc\u00ed v zachoval\u00e9m \u0161lechtick\u00e9m pal\u00e1ci, kde d\u0159ev\u011bn\u00e9 tr\u00e1my a kamenn\u00e9 krby evokuj\u00ed za\u0161lou vzne\u0161enost, a p\u0159esto\u017ee je zde modern\u00ed komfort v hojn\u00e9 m\u00ed\u0159e.<\/p>\n<p>M\u011bstsk\u00e1 ekonomika je zjevn\u011b vych\u00fdlena sm\u011brem k terci\u00e1rn\u00edmu sektoru \u2013 55,2 procenta m\u00edstn\u00edch podnik\u016f \u2013 a\u010dkoli tato z\u00e1vislost z\u016fst\u00e1v\u00e1 nepatrn\u011b pod region\u00e1ln\u00edm pr\u016fm\u011brem Kant\u00e1brie, kter\u00fd \u010din\u00ed 61 procent; pr\u016fmysl p\u0159isp\u00edv\u00e1 19,9 procenty, stavebnictv\u00ed 16,7 procenty a prim\u00e1rn\u00ed sektor 8,1 procenty, p\u0159i\u010dem\u017e oba p\u0159ekra\u010duj\u00ed p\u0159\u00edslu\u0161n\u00e9 provin\u010dn\u00ed standardy. Tato \u010d\u00edsla podtrhuj\u00ed hybridn\u00ed ekonomiku, kter\u00e1 up\u0159ednost\u0148uje \u010dinnosti zam\u011b\u0159en\u00e9 na slu\u017eby, ale z\u00e1rove\u0148 udr\u017euje oblasti \u0159emesln\u00e9 v\u00fdroby, drobn\u00e9ho pr\u016fmyslu a tradi\u010dn\u00edho zem\u011bd\u011blstv\u00ed.<\/p>\n<p>Turismus funguje jako z\u00e1kladn\u00ed katalyz\u00e1tor vitality Santillana del Mar. Toto m\u011bsto, le\u017e\u00edc\u00ed pouh\u00e9 t\u0159i kilometry od slavn\u00e9 jeskyn\u011b Altamira \u2013 pam\u00e1tky sv\u011btov\u00e9ho d\u011bdictv\u00ed, oslavovan\u00e9 jako Sixtinsk\u00e1 kaple \u010dtvrtohorn\u00edho um\u011bn\u00ed \u2013 nab\u00edz\u00ed n\u00e1v\u0161t\u011bvn\u00edk\u016fm plynul\u00fd p\u0159echod od prehistorick\u00fdch malovan\u00fdch panel\u016f k vitr\u00e1\u017e\u00edm ze t\u0159in\u00e1ct\u00e9ho stolet\u00ed. V historick\u00e9m centru z\u016fst\u00e1v\u00e1 hlavn\u00edm l\u00e1kadlem kolegi\u00e1tn\u00ed kostel, jeho\u017e sloupy s biblick\u00fdmi p\u0159\u00edb\u011bhy vytesan\u00e9 do kl\u00e1\u0161tern\u00edch sloup\u016f vzbuzuj\u00ed dvoj\u00ed obdiv pro sv\u00e9 um\u011bleck\u00e9 \u0159emesln\u00e9 zpracov\u00e1n\u00ed a intenzitu zbo\u017enosti. Mezi vedlej\u0161\u00ed atrakce pat\u0159\u00ed zoologick\u00e1 a botanick\u00e1 zahrada zna\u010dn\u00e9ho rozsahu \u2013 kde se v otev\u0159en\u00fdch v\u00fdb\u011bhech potuluj\u00ed ibersk\u00e9 druhy a specializovan\u00e9 insekt\u00e1rium host\u00ed roje mot\u00fdl\u016f vybran\u00fdch z r\u016fzn\u00fdch podneb\u00ed \u2013 a soubor muze\u00ed: Museo de la Inquisici\u00f3n s neochv\u011bjnou expozic\u00ed n\u00e1stroj\u016f z doby c\u00edrkevn\u00edch tribun\u00e1l\u016f; Diec\u00e9zn\u00ed muzeum Regina Coeli, kter\u00e9 chr\u00e1n\u00ed liturgick\u00e1 roucha a relikvie; a Jes\u00fas Otero, pocta modern\u00edmu socha\u0159i, skrze kter\u00e9ho se m\u00edstn\u00ed k\u00e1men a lidsk\u00e1 forma prol\u00ednaj\u00ed.<\/p>\n<p>V labyrintu \u00fazk\u00fdch uli\u010dek \u2013 a\u010dkoli je toto slovo zde pou\u017eito metaforicky k ozna\u010den\u00ed slo\u017eit\u00e9 a propracovan\u00e9 situace s ohledem na m\u00edstn\u00ed z\u00e1kazy \u2013 bylo mnoho p\u0159\u00edzemn\u00edch komor p\u0159em\u011bn\u011bno na butiky prod\u00e1vaj\u00edc\u00ed region\u00e1ln\u00ed speciality: an\u010dovi\u010dky ze Santo\u00f1y balen\u00e9 v oleji, kter\u00fd se t\u0159pyt\u00ed jako tekut\u00fd jantar; s\u00fdr Pic\u00f3n de Tresviso s modr\u00fdmi \u017eilkami propleten\u00fdmi kr\u00e9mov\u00fdm tvarohem; uzen\u00e9 zv\u011b\u0159inov\u00e9 maso, nakr\u00e1jen\u00e9 na tenk\u00e9 pl\u00e1tky do tmav\u011b mahagonov\u00e9ho odst\u00ednu; a sobao pasiego, kol\u00e1\u010d bohat\u00fd na cukr, jeho\u017e v\u016fn\u011b prostupuje dve\u0159mi obchod\u016f. Vedle stoj\u00ed \u0159emesln\u00e9 obchody, kde jsou duby a tisy vy\u0159ez\u00e1ny do podoby mytick\u00fdch kantabrijsk\u00fdch zv\u00ed\u0159at, jejich\u017e rohat\u00e9 hlavy a had\u00ed ocasy p\u0159ipom\u00ednaj\u00ed p\u0159ed\u0159\u00edmsk\u00fd folkl\u00f3r.<\/p>\n<p>V reakci na sou\u010dasn\u00e9 pot\u0159eby m\u011bstsk\u00e1 rada zavedla v cel\u00e9m historick\u00e9m j\u00e1dru m\u011bsta bezplatn\u00fd bezdr\u00e1tov\u00fd p\u0159\u00edstup k internetu a zav\u00e1zala se k \u0161irokop\u00e1smov\u00e9mu p\u0159ipojen\u00ed pro ka\u017edou osada a ka\u017edou osada ve sv\u00e9 jurisdikci \u2013 co\u017e je uzn\u00e1n\u00ed, \u017ee kulturn\u00ed d\u011bdictv\u00ed a digit\u00e1ln\u00ed inkluze nemus\u00ed b\u00fdt v rozporu. \u010clov\u011bk si tak m\u016f\u017ee prohl\u00e9dnout hlavn\u00ed m\u011bsto ze \u010dtrn\u00e1ct\u00e9ho stolet\u00ed na mobiln\u00edm za\u0159\u00edzen\u00ed, ani\u017e by ob\u011btoval s\u00edlu sign\u00e1lu.<\/p>\n<p>P\u0159\u00edstup do Santillana del Mar je po silnici snadn\u00fd. Tepna CA-131 spojuje m\u011bsto s Barredou, C\u00f3breces a Comillas, s p\u0159\u00edjezdem z d\u00e1lnice A-67 Cantabria-Meseta p\u0159es sjezdy Torrelavega nebo Polanco a z d\u00e1lnice A-8 Cantabrian. Mezin\u00e1rodn\u00ed leti\u0161t\u011b Santander le\u017e\u00ed asi 24 kilometr\u016f v\u00fdchodn\u011b a nab\u00edz\u00ed vnitrost\u00e1tn\u00ed spojen\u00ed a vybran\u00e9 evropsk\u00e9 trasy. Cestuj\u00edc\u00ed vlakem vystupuj\u00ed v Puente San Miguel, \u010dty\u0159i kilometry daleko, nebo v Torrelavega, deset kilometr\u016f daleko, odkud region\u00e1ln\u00ed autobusy \u2013 zejm\u00e9na ty provozovan\u00e9 spole\u010dnost\u00ed Autobuses Garc\u00eda \u2013 p\u0159epravuj\u00ed cestuj\u00edc\u00ed na zast\u00e1vku hned za historickou zd\u00ed, zat\u00edmco odjezdy za\u010d\u00ednaj\u00ed pobl\u00ed\u017e radnice na Avenida Cant\u00e1brica.<\/p>\n<p>V r\u00e1mci m\u011bsta se \u017e\u00e1dn\u00fd motorov\u00fd dopravn\u00ed prost\u0159edek nevyrovn\u00e1 kro\u010dej\u016fm n\u00e1v\u0161t\u011bvn\u00edka; kompaktn\u00ed tvar Santillany del Mar, jej\u00ed nerovn\u00fd chodn\u00edk a n\u00edzk\u00e9 dve\u0159e posiluj\u00ed paradigma chodce. Ch\u016fze nab\u00edz\u00ed okam\u017eiky objevov\u00e1n\u00ed: tu vy\u0159ez\u00e1van\u00fd p\u0159eklad, tam mechem porostl\u00e1 font\u00e1na, n\u00e1hl\u00fd v\u00fdhled na b\u0159idlicov\u00e9 st\u0159echy t\u00edsn\u00edc\u00ed se na pozad\u00ed zelen\u00fdch kopc\u016f.<\/p>\n<p>Kultura a v\u00edra prostupuj\u00ed ka\u017ed\u00fdm kamenem. Kolegiata de Santa Juliana stoj\u00ed jako vzor rom\u00e1nsk\u00e9 discipl\u00edny \u2013 jej\u00ed pr\u016f\u010del\u00ed je \u010dlen\u011bno dvojic\u00ed sloup\u016f nesouc\u00edch p\u016flkruhov\u00e9 oblouky, interi\u00e9r se koupe v m\u011bkk\u00e9m sv\u011btle filtrovan\u00e9m skrz stroh\u00e9 otvory. V p\u0159ilehl\u00fdch ambitech se nach\u00e1zej\u00ed hlavice s biblick\u00fdmi a v\u00e1le\u010dn\u00fdmi motivy, z nich\u017e ka\u017ed\u00fd je symbolem st\u0159edov\u011bk\u00e9ho \u00e9tosu regionu. Nedaleko se nach\u00e1zej\u00ed kl\u00e1\u0161tery klarisek a dominik\u00e1nek, kter\u00e9 odhaluj\u00ed kl\u00e1\u0161tern\u00ed \u017eivot ve dvou odli\u0161n\u00fdch \u0159\u00e1dech, jejich\u017e cely zn\u00ed tichem a ob\u010dasn\u00fdm gregori\u00e1nsk\u00fdm chor\u00e1lem.<\/p>\n<p>\u0160lechtick\u00e1 obydl\u00ed \u2013 pal\u00e1ce, kter\u00e9 kdysi ob\u00fdvaly elitu \u2013 dod\u00e1vaj\u00ed m\u011bstu dal\u0161\u00ed \u0161mrnc. D\u016fm Casas del \u00c1guila y la Parra, nyn\u00ed p\u0159estav\u011bn\u00fd na v\u00fdstavy, si zachoval kovan\u00e9 \u017eelezn\u00e9 balkony a vy\u0159ez\u00e1van\u00e9 \u0161t\u00edty; domy S\u00e1nchez Tagle a Bustamante sv\u011bd\u010d\u00ed o vkusu sedmn\u00e1ct\u00e9ho a osmn\u00e1ct\u00e9ho stolet\u00ed prost\u0159ednictv\u00edm ornament\u00e1ln\u00edch fas\u00e1d a zdr\u017eenliv\u00fdch barokn\u00edch ozdob. Palacio de Velarde a Palacio de Peredo-Barrera umo\u017e\u0148uj\u00ed um\u011bleck\u00e9 v\u00fdstavy v komnat\u00e1ch, jejich\u017e vysok\u00e9 stropy a fresky na st\u011bn\u00e1ch p\u0159ipom\u00ednaj\u00ed aristokratick\u00e9 patron\u00e1tn\u00ed um\u011bn\u00ed. Casa de los Hombrones zdob\u00ed barokn\u00ed erb tak bujar\u00fd, \u017ee se zd\u00e1, jako by v kameni hl\u00e1sal ambice sv\u00fdch b\u00fdval\u00fdch obyvatel. Casa del Marqu\u00e9s de Santillana spojuje m\u011bsto s rodem \u00cd\u00f1iga L\u00f3peze de Mendoza, zat\u00edmco Casa de la Infanta Paz a Casa de la Archiduquesa vypov\u00eddaj\u00ed o vazb\u00e1ch na kr\u00e1lovsk\u00e9 osobnosti a \u0161ir\u0161\u00ed proudy evropsk\u00e9 dynastick\u00e9 politiky.<\/p>\n<p>Za sv\u00fdmi hradbami se Santillana del Mar nach\u00e1z\u00ed strategicky v\u00fdznamn\u00e9 centrum destinac\u00ed. Na z\u00e1pad\u011b nab\u00edz\u00ed Comillas modernistick\u00e9 prvky vrchol\u00edc\u00ed Gaud\u00edho El Capricho; na severu se rozkl\u00e1d\u00e1 San Vicente de la Barquera s gotick\u00fdm kostelem a pevnost\u00ed na kopci; na severov\u00fdchod\u011b N\u00e1rodn\u00ed park Oyambre p\u0159edstavuje mozaiku dun, ba\u017ein a borov\u00fdch h\u00e1j\u016f. Prehistorick\u00e9 jeskynn\u00ed um\u011bn\u00ed se znovu objevuje v Cuevas del Castillo, Covalanas a Chuf\u00edn, zat\u00edmco cisterci\u00e1ck\u00e9 opatstv\u00ed Santa Mar\u00eda de Viaceli v C\u00f3breces poskytuje sv\u011bdectv\u00ed o kl\u00e1\u0161tern\u00ed reform\u011b. D\u00e1le v okol\u00ed se nach\u00e1zej\u00ed muzea La Barca de Calder\u00f3n a Torre de Don Beltr\u00e1n de la Cueva, kter\u00e9 odkazuj\u00ed na feud\u00e1ln\u00ed d\u011bdictv\u00ed, a Ecomuseo Saja-Nansa osv\u011btluje souhru horsk\u00e9 ekologie a lidsk\u00e9ho os\u00eddlen\u00ed.<\/p>\n<p>Ka\u017edodenn\u00ed \u017eivot se prol\u00edn\u00e1 se sez\u00f3nn\u00ed pod\u00edvanou. Skromn\u00fd zoologick\u00fd park nab\u00edz\u00ed prohl\u00eddky s pr\u016fvodcem, p\u0159i kter\u00fdch iber\u0161t\u00ed vlci, medv\u011bdi a supi proch\u00e1zej\u00ed v\u00fdb\u011bhy napodobuj\u00edc\u00edmi jejich p\u016fvodn\u00ed prost\u0159ed\u00ed. V okruhu p\u011bti a\u017e dvaceti kilometr\u016f zvou pl\u00e1\u017ee jako Ubiarco, C\u00f3breces, Comillas, Oyambre a Suances k rozj\u00edm\u00e1n\u00ed nad vlnami a p\u00edskem. Ulice a n\u00e1m\u011bst\u00ed o\u017eivuj\u00ed ka\u017edoro\u010dn\u00ed oslavy: pr\u016fvody ke Zjeven\u00ed P\u00e1n\u011b 5. ledna, kter\u00e9 sleduj\u00ed pr\u016fchod mudrc\u016f; st\u0159edov\u011bk\u00fd festival ka\u017ed\u00fd \u010derven, kter\u00fd prom\u011b\u0148uje callejuelas v divadla pod \u0161ir\u00fdm nebem pln\u00e1 ok\u00e1zalosti a \u0159emesel; slavnostn\u00ed a z\u00e1rove\u0148 j\u00e1sav\u00fd pr\u016fvod Santa Juliana 28. \u010dervna; ob\u0159ady v San Roque 16. srpna, kter\u00e9 spojuj\u00ed pok\u00e1n\u00ed a vesel\u00ed; a Fol\u00eda v nedalek\u00e9m San Vicente de la Barquera, region\u00e1ln\u00ed oslava hudby a spole\u010dn\u00e9ho hodov\u00e1n\u00ed.<\/p>\n<p>Gastronomie je z\u00e1kladem smyslov\u00e9ho z\u00e1\u017eitku. M\u00edstn\u00ed pe\u010divo \u2013 sobao pasiego a quesadas, jejich\u017e kr\u00e9mov\u00e1 st\u0159\u00edda\u010dka a jemn\u00e1 sladkost p\u0159ipom\u00ednaj\u00ed tvarohov\u00fd kol\u00e1\u010d \u2013 je alchymizov\u00e1no z m\u00e1sla, cukru a vajec. Hospody pod\u00e1vaj\u00ed an\u010dovi\u010dkov\u011b pintxos a tal\u00ed\u0159e cocido monta\u00f1\u00e9s, zat\u00edmco rafinovan\u00e9 restaurace jako Los Blasones a Casa Cossio povy\u0161uj\u00ed kantabrijsk\u00e9 speciality prost\u0159ednictv\u00edm n\u00e1padit\u00e9 prezentace. Caf\u00e9 Concana a Taberna del Chus, zasazen\u00e9 v srdci star\u00e9ho m\u011bsta, nab\u00edzej\u00ed p\u0159\u00edjemn\u00fd odpo\u010dinek od objevov\u00e1n\u00ed. Parador Gil Blas, uvnit\u0159 sv\u00fdch historick\u00fdch zd\u00ed, spojuje historickou atmosf\u00e9ru s menu, kter\u00e9 kombinuje konfitovan\u00e9 maso a sez\u00f3nn\u00ed produkty. Ceny j\u00eddel sahaj\u00ed od skromn\u00fdch dvan\u00e1cti eur \u2013 \u010dasto vydatn\u00fd gul\u00e1\u0161 nebo sal\u00e1t z trhu \u2013 a\u017e po gastronomick\u00e9 z\u00e1\u017eitky bl\u00ed\u017e\u00edc\u00ed se t\u0159iceti eur\u016fm, co\u017e je odrazem kvalitn\u00edch surovin a zru\u010dn\u00e9 p\u0159\u00edpravy.<\/p>\n<p>\u017d\u00e1dn\u00fd p\u0159ehled m\u00edstn\u00ed spole\u010densk\u00e9 atmosf\u00e9ry by nebyl \u00fapln\u00fd bez zm\u00ednky o sid\u0159e, tvrd\u00e9m mo\u0161tu, kter\u00fdm je severn\u00ed \u0160pan\u011blsko proslul\u00e9. Sidra, nal\u00e9van\u00e1 z v\u00fd\u0161ky, aby okysli\u010dila jantarovou tekutinu \u2013 jej\u00ed\u017e oblouk je vykreslen v rukou zku\u0161en\u00fdch escanciadores \u2013 zt\u011bles\u0148uje region\u00e1ln\u00ed identitu. V m\u011bstsk\u00fdch barech host\u00e9 zvedaj\u00ed \u0161t\u00edhl\u00e9 sklenice, aby ozv\u011bnou stalet\u00ed zem\u011bd\u011blsk\u00e9 tradice, a jejich hlasy se m\u00eds\u00ed se vzd\u00e1len\u00fdm povzdechem kantabrijsk\u00e9ho v\u00e1nku.<\/p>\n<p>Santillana del Mar se tak jev\u00ed jako m\u00edsto vrstevnat\u00e9 rezonance: \u017eivouc\u00ed muzeum kamene a d\u0159eva, br\u00e1na k paleolitick\u00e9mu z\u00e1zraku, centrum n\u00e1bo\u017eensk\u00e9 a sv\u011btsk\u00e9 pam\u011bti a komunita, kter\u00e1 vyva\u017euje zachov\u00e1n\u00ed pam\u00e1tek s po\u017eadavky modern\u00edho \u017eivota. Jej\u00ed ulice vyb\u00edzej\u00ed k zamy\u0161len\u00ed; jej\u00ed n\u00e1m\u011bst\u00ed r\u00e1muj\u00ed historii; jej\u00ed festivaly propojuj\u00ed minulost a p\u0159\u00edtomnost do spole\u010dn\u00e9 tapiserie. Zde se \u010dlov\u011bk dozv\u00edd\u00e1, \u017ee autenticita nen\u00ed ani um\u011ble vyrobena, ani kooptov\u00e1na, ale trp\u011bliv\u011b udr\u017eov\u00e1na \u2013 d\u011bdictv\u00ed sv\u011b\u0159en\u00e9 ka\u017ed\u00e9 generaci, kter\u00e1 kr\u00e1\u010d\u00ed t\u011bmito uli\u010dkami a naslouch\u00e1 tich\u00e9 v\u00fdmluvnosti vy\u0159ez\u00e1van\u00fdch hlavic, starobyl\u00fdch hradeb a vzd\u00e1len\u00e9ho mo\u0159e.<\/p>","protected":false},"excerpt":{"rendered":"<p>Santillana del Mar, mal\u00e9, ale zaj\u00edmav\u00e9 m\u011bste\u010dko le\u017e\u00edc\u00ed v autonomn\u00ed oblasti Kant\u00e1brie v severn\u00edm \u0160pan\u011blsku, m\u00e1 asi 4000 obyvatel. Navzdory sv\u00e9mu mal\u00e9mu rozsahu je toto okouzluj\u00edc\u00ed m\u011bsto velmi d\u016fle\u017eit\u00e9 ve \u0161pan\u011blsk\u00e9 historii a kultu\u0159e a p\u0159itahuje turisty z cel\u00e9ho okol\u00ed pro sv\u00e9 dl\u00e1\u017ed\u011bn\u00e9 uli\u010dky a dob\u0159e zachovanou st\u0159edov\u011bkou architekturu.<\/p>","protected":false},"author":1,"featured_media":3241,"parent":13090,"menu_order":0,"comment_status":"closed","ping_status":"closed","template":"elementor_theme","meta":{"_eb_attr":"","footnotes":""},"class_list":["post-13195","page","type-page","status-publish","has-post-thumbnail"],"_links":{"self":[{"href":"https:\/\/travelshelper.com\/cs\/wp-json\/wp\/v2\/pages\/13195","targetHints":{"allow":["GET"]}}],"collection":[{"href":"https:\/\/travelshelper.com\/cs\/wp-json\/wp\/v2\/pages"}],"about":[{"href":"https:\/\/travelshelper.com\/cs\/wp-json\/wp\/v2\/types\/page"}],"author":[{"embeddable":true,"href":"https:\/\/travelshelper.com\/cs\/wp-json\/wp\/v2\/users\/1"}],"replies":[{"embeddable":true,"href":"https:\/\/travelshelper.com\/cs\/wp-json\/wp\/v2\/comments?post=13195"}],"version-history":[{"count":0,"href":"https:\/\/travelshelper.com\/cs\/wp-json\/wp\/v2\/pages\/13195\/revisions"}],"up":[{"embeddable":true,"href":"https:\/\/travelshelper.com\/cs\/wp-json\/wp\/v2\/pages\/13090"}],"wp:featuredmedia":[{"embeddable":true,"href":"https:\/\/travelshelper.com\/cs\/wp-json\/wp\/v2\/media\/3241"}],"wp:attachment":[{"href":"https:\/\/travelshelper.com\/cs\/wp-json\/wp\/v2\/media?parent=13195"}],"curies":[{"name":"wp","href":"https:\/\/api.w.org\/{rel}","templated":true}]}}