{"id":13177,"date":"2024-09-17T13:51:22","date_gmt":"2024-09-17T13:51:22","guid":{"rendered":"https:\/\/travelshelper.com\/staging\/?page_id=13177"},"modified":"2026-03-12T23:41:20","modified_gmt":"2026-03-12T23:41:20","slug":"sierra-nevada","status":"publish","type":"page","link":"https:\/\/travelshelper.com\/cs\/destinations\/europe\/spain\/sierra-nevada\/","title":{"rendered":"Sierra Nevada"},"content":{"rendered":"<p>Sierra Nevada zauj\u00edm\u00e1 jedine\u010dn\u00e9 m\u00edsto v ji\u017en\u00ed \u010d\u00e1sti Pyrenejsk\u00e9ho poloostrova: rozlehl\u00fd masiv t\u00e1hnouc\u00ed se na d\u00e9lku t\u00e9m\u011b\u0159 80 kilometr\u016f a \u0161\u00ed\u0159ku mezi 15 a 30 kilometry, kter\u00fd zahrnuje plochu p\u0159esahuj\u00edc\u00ed 2 000 kilometr\u016f \u010dtvere\u010dn\u00edch. Toto legend\u00e1rn\u00ed poho\u0159\u00ed, ty\u010d\u00edc\u00ed se z andalusk\u00fdch provinci\u00ed Granada a Almer\u00eda, p\u0159edstavuje nep\u0159eru\u0161en\u00fd profil vrchol\u016f, kter\u00e9 \u2013 p\u0159es rozs\u00e1hl\u00fd z\u00e1padojihoz\u00e1padn\u00ed a\u017e v\u00fdchodoseverov\u00fdchodn\u00ed h\u0159eben \u2013 z\u016fst\u00e1vaj\u00ed po v\u011bt\u0161inu roku pevn\u011b zahaleny ve sn\u011bhu. Na jeho vrcholu se ty\u010d\u00ed Mulhac\u00e9n, ty\u010d\u00edc\u00ed se do v\u00fd\u0161ky 3 479 metr\u016f, nejvy\u0161\u0161\u00ed bod kontinent\u00e1ln\u00edho \u0160pan\u011blska i cel\u00e9ho Pyrenejsk\u00e9ho poloostrova. Nejvy\u0161\u0161\u00ed vrcholy poho\u0159\u00ed p\u0159edstavuj\u00ed pozoruhodn\u00fd kontrapunkt k sluncem zalit\u00e9mu st\u0159edomo\u0159sk\u00e9mu pob\u0159e\u017e\u00ed, kter\u00e9 le\u017e\u00ed jen n\u011bkolik des\u00edtek kilometr\u016f daleko, a \u010din\u00ed tak ze Sierry Nevady \u0159\u00ed\u0161i klimatick\u00fdch, geologick\u00fdch a historick\u00fdch kontrast\u016f, kter\u00e9 si vy\u017eaduj\u00ed p\u0159\u00edsnou v\u011bdeckou pozornost a poetick\u00e9 zamy\u0161len\u00ed.<\/p>\n<p>Od starov\u011bku a\u017e do sou\u010dasnosti jsou svahy poho\u0159\u00ed Sierra Nevada sv\u011bdky tektonick\u00fdch k\u0159e\u010d\u00ed a ledovcov\u00e9ho tvarov\u00e1n\u00ed. Toto poho\u0159\u00ed, zrozen\u00e9 v alpsk\u00e9m orogenezi b\u011bhem t\u0159etihor, se projevuje p\u0159edev\u0161\u00edm m\u011bkk\u00fdmi sl\u00eddov\u00fdmi b\u0159idlicemi, kter\u00e9 se strm\u011b sva\u017euj\u00ed k severu, ale sm\u011brem k jihu a jihov\u00fdchodu p\u0159ech\u00e1zej\u00ed do postupn\u011bj\u0161\u00edch svah\u016f. Nad p\u0159ibli\u017en\u011b 2 400 metry \u2013 kdysi hranice trval\u00e9ho ledu a\u017e do holoc\u00e9nu \u2013 starov\u011bk\u00e9 ledovce vyhloubily \u00fadol\u00ed ve tvaru p\u00edsmene U a zanechaly souhv\u011bzd\u00ed vysokohorsk\u00fdch lagun, mezi nimi\u017e je Laguna de Aguas Verdes a skromn\u00e1 Laguna de la Mosca. Tato jezera, zasazen\u00e1 do ji\u017en\u00edch kar\u016f, odv\u00e1d\u011bj\u00ed tavnou vodu do syst\u00e9mu Guadalfeo, stejn\u011b jako \u00factyhodn\u00e9 fluvi\u00e1ln\u00ed tepny prot\u00ednaj\u00edc\u00ed st\u0159edomo\u0159sk\u00e9 i atlantick\u00e9 svahy: Genil, zrodil se pobl\u00ed\u017e Mulhac\u00e9nu a je z\u00e1kladem p\u00e1nve Guadalquiviru; D\u00farcal a \u00cdzbor; Trev\u00e9lez a Poqueira; spolu s p\u0159\u00edtoky \u0159ek Andarax a Adra.<\/p>\n<p>Geograficky je Sierra Nevada vymezena \u00fadol\u00edm Lecr\u00edn na z\u00e1pad\u011b, \u00fadol\u00edm Guadalfeo na jihu, prohlubn\u00ed B\u00e9tica na severu, \u0159ekou Nacimiento na v\u00fdchod\u011b a \u00fadol\u00edm Andarax na jihov\u00fdchod\u011b. Jej\u00ed zem\u011bpisn\u00e9 sou\u0159adnice \u2013 p\u0159ibli\u017en\u011b od 36\u00b055\u2032 do 37\u00b015\u2032 severn\u00ed \u0161\u00ed\u0159ky a od 2\u00b056\u2032 do 3\u00b038\u2032 z\u00e1padn\u00ed d\u00e9lky \u2013 ji pevn\u011b zakotvuj\u00ed v historicky bohat\u00e9 andalusk\u00e9 krajin\u011b. Na jej\u00edm ji\u017en\u00edm \u00fapat\u00ed le\u017e\u00ed slavn\u00e9 m\u011bsto Granada a d\u00e1le na v\u00fdchod pob\u0159e\u017en\u00ed enkl\u00e1vy Motril a Almer\u00eda, jejich\u017e st\u0159edomo\u0159sk\u00e9 podneb\u00ed stoj\u00ed v dramatick\u00e9m tepeln\u00e9m kontrastu se zasn\u011b\u017een\u00fdmi v\u00fd\u0161kami nad nimi.<\/p>\n<p>Klimatologick\u00fd profil poho\u0159\u00ed Sierra Nevada se vymyk\u00e1 jednoduch\u00e9 klasifikaci. Podle K\u00f6ppenova syst\u00e9mu spad\u00e1 masiv p\u0159ev\u00e1\u017en\u011b do st\u0159edomo\u0159sk\u00fdch kategori\u00ed Csa\/Csb; nad 2 500 metry se v\u0161ak pr\u016fm\u011brn\u00e9 letn\u00ed teploty pohybuj\u00ed kolem prahu 10 \u00b0C, co\u017e vysok\u00fdm svah\u016fm prop\u016fj\u010duje subarktick\u00fd charakter Dsc. V o n\u011bco ni\u017e\u0161\u00edch nadmo\u0159sk\u00fdch v\u00fd\u0161k\u00e1ch kr\u00e1tk\u00e1, chladn\u00e1 l\u00e9ta a n\u00edzk\u00e9 sr\u00e1\u017eky vytv\u00e1\u0159ej\u00ed vlhk\u00fd kontinent\u00e1ln\u00ed re\u017eim Dsa\/Dsb, zat\u00edmco dal\u0161\u00ed kles\u00e1n\u00ed vytv\u00e1\u0159\u00ed chladn\u00fd letn\u00ed st\u0159edomo\u0159sk\u00fd tvar, kter\u00fd postupn\u011b p\u0159ech\u00e1z\u00ed do hork\u00e9ho letn\u00edho variantu okoln\u00edch n\u00ed\u017ein. Celoro\u010dn\u00ed teplota v Pradollanu \u2013 v pr\u016fm\u011bru 3,9 \u00b0C \u2013 se v\u00fdrazn\u011b li\u0161\u00ed od 15,7 \u00b0C v Granad\u011b a 18,5 \u00b0C v pob\u0159e\u017en\u00ed M\u00e1laze. Denn\u00ed letn\u00ed a zimn\u00ed teploty v letovisku jsou obvykle o 12 \u00b0C ni\u017e\u0161\u00ed ne\u017e ve m\u011bst\u011b pod nimi, p\u0159i\u010dem\u017e jarn\u00ed mezidob\u00ed je obzvl\u00e1\u0161t\u011b opo\u017ed\u011bn\u00e9, proto\u017ee kv\u011btnov\u00e9 denn\u00ed maxima v hor\u00e1ch se dr\u017e\u00ed kolem 4 \u00b0C, zat\u00edmco Granada m\u00e1 pr\u016fm\u011br 24 \u00b0C.<\/p>\n<p>V\u011bdeck\u00fd v\u00fdzkum nalezl v t\u011bchto nadmo\u0159sk\u00fdch v\u00fd\u0161k\u00e1ch pozoruhodn\u00e9 \u00fato\u010di\u0161t\u011b. Observato\u0159 Sierra Nevada, observato\u0159 Calar Alto a 30m dalekohled Institutu de Radioastronomie Millim\u00e9trique (IRAM) se nach\u00e1zej\u00ed na severn\u00edch svaz\u00edch v nadmo\u0159sk\u00e9 v\u00fd\u0161ce zhruba 2 800 metr\u016f. Jejich teleskopick\u00e9 otvory nahl\u00ed\u017eej\u00ed do kosmick\u00fdch hlubin, neru\u0161eny z\u00e1\u0159emi m\u011bst a t\u011b\u017e\u00ed z v\u00fdhod vysok\u00e9, such\u00e9 n\u00e1horn\u00ed plo\u0161iny. Ekologick\u00fd v\u00fdznam masivu je mezit\u00edm ji\u017e dlouho uzn\u00e1v\u00e1n: v roce 1986 jej UNESCO prohl\u00e1silo za biosf\u00e9rickou rezervaci a v roce 1989 a n\u00e1sledn\u011b v roce 1999 \u0161pan\u011blsk\u00e1 vl\u00e1da vyhl\u00e1sila rozs\u00e1hl\u00e9 oblasti nejprve za p\u0159\u00edrodn\u00ed park a pozd\u011bji za n\u00e1rodn\u00ed park, \u010d\u00edm\u017e se dohromady chr\u00e1n\u00ed p\u0159ibli\u017en\u011b 169 239 hektar\u016f ter\u00e9nu.<\/p>\n<p>V t\u00e9to chr\u00e1n\u011bn\u00e9 oblasti se nach\u00e1z\u00ed mimo\u0159\u00e1dn\u00e1 biodiverzita, kterou lze \u010d\u00e1ste\u010dn\u011b p\u0159ipsat izolaci poho\u0159\u00ed a postglaci\u00e1ln\u00edm refugi\u00edm. \u0160pan\u011blsk\u00e9 ministerstvo \u017eivotn\u00edho prost\u0159ed\u00ed eviduje 66 endemick\u00fdch druh\u016f c\u00e9vnat\u00fdch rostlin \u2013 co\u017e tvo\u0159\u00ed t\u00e9m\u011b\u0159 p\u011btinu endemick\u00fdch druh\u016f v Evrop\u011b v tomto poho\u0159\u00ed \u2013 a p\u0159ibli\u017en\u011b 80 p\u016fvodn\u00edch taxon\u016f fauny. Celkov\u00e1 c\u00e9vnat\u00e1 fl\u00f3ra \u010d\u00edt\u00e1 p\u0159ibli\u017en\u011b 2 100 vy\u0161\u0161\u00edch rostlin, co\u017e p\u0159edstavuje \u010dtvrtinu \u0161pan\u011blsk\u00e9ho botanick\u00e9ho bohatstv\u00ed. Pro ochranu tohoto botanick\u00e9ho d\u011bdictv\u00ed vznikla \u0159ada ochran\u00e1\u0159sk\u00fdch za\u0159\u00edzen\u00ed: Botanick\u00e1 zahrada Cortijuela na doln\u00edm svahu hory Trevenque v nadmo\u0159sk\u00e9 v\u00fd\u0161ce 1 600 metr\u016f, kter\u00e1 se zab\u00fdv\u00e1 mno\u017een\u00edm a studiem p\u0159ibli\u017en\u011b 100 zraniteln\u00fdch nebo ohro\u017een\u00fdch druh\u016f, v\u010detn\u011b Pinus sylvestris nevadensis; centrum Hoya de Pedraza (zah\u00e1jen\u00e9 v roce 2007) v nadmo\u0159sk\u00e9 v\u00fd\u0161ce 1 980 metr\u016f; a Univerzitn\u00ed botanick\u00e1 zahrada v Hoya de la Mora, zalo\u017een\u00e1 v roce 1965 v nadmo\u0159sk\u00e9 v\u00fd\u0161ce zhruba 2 500 metr\u016f, v\u011bnovan\u00e1 v\u00fdhradn\u011b endemick\u00e9 fl\u00f3\u0159e Sierry Nevady.<\/p>\n<p>Lidsk\u00e1 tapiserie protkan\u00e1 horami odhaluje s\u00e9rii tradi\u010dn\u00edch ob\u017eiv a modern\u00ed rekreace. Generace m\u00edstn\u00edch obyvatel obd\u011bl\u00e1valy terasovit\u00e9 parcely \u2013 pastviny borreguil\u016f sahaj\u00edc\u00ed i nad 2 000 metr\u016f \u2013 a p\u00e1sly st\u00e1da v r\u00e1mci sez\u00f3nn\u00edch alpsk\u00fdch luk. Zem\u011bd\u011blsk\u00e1 mechanizace se uk\u00e1zala jako nemo\u017en\u00e1 na strm\u00fdch svaz\u00edch, a tak se zachovaly rodov\u00e9 znalosti o zavla\u017eovac\u00edch kan\u00e1lech a olivov\u00fdch, broskvov\u00fdch a mandlov\u00fdch h\u00e1j\u00edch. V posledn\u00edch desetilet\u00edch v\u0161ak do\u0161lo k citeln\u00e9mu posunu sm\u011brem k cestovn\u00edmu ruchu, katalyzovan\u00e9mu vznikem nejji\u017en\u011bj\u0161\u00edho ly\u017ea\u0159sk\u00e9ho st\u0159ediska v Evrop\u011b a nejv\u00fd\u0161e polo\u017een\u00e9ho na Pyrenejsk\u00e9m poloostrov\u011b. Pradollano, urbanizace s nadmo\u0159skou v\u00fd\u0161kou 2 100 metr\u016f, p\u0159edstavuje nejv\u00fd\u0161e polo\u017een\u00e9 s\u00eddlo Andalusie krom\u011b pyrenejsk\u00fdch enkl\u00e1v a jeho ly\u017ea\u0159sk\u00e9 vleky a sjezdovky p\u0159itahuj\u00ed milovn\u00edky zimn\u00edch sport\u016f, kte\u0159\u00ed hledaj\u00ed spolehliv\u00fd sn\u00edh a hojn\u00e9 slune\u010dn\u00ed sv\u011btlo.<\/p>\n<p>Historie dopravy ve vysok\u00fdch poho\u0159\u00edch je stejn\u011b pozoruhodn\u00e1. V roce 1935 byla slavnostn\u011b otev\u0159ena silnice na vrchol Velety, kter\u00e1 si vyslou\u017eila pov\u011bst nejv\u00fd\u0161e polo\u017een\u00e9 trasy ve \u0160pan\u011blsku \u2013 a na \u010das i v Evrop\u011b \u2013 a\u017e do roku 1999, kdy byl horn\u00ed \u00fasek z Hoya de la Mora k vrcholu uzav\u0159en pro automobilovou dopravu. Sou\u010dasn\u011b zde, za p\u0159\u00edzniv\u00e9ho po\u010das\u00ed, od \u010dervna do \u0159\u00edjna funguje sez\u00f3nn\u00ed interpreta\u010dn\u00ed slu\u017eba High Peaks Interpretation Service, kter\u00e1 vyu\u017e\u00edv\u00e1 minibusy a pr\u016fvodce k p\u0159eprav\u011b n\u00e1v\u0161t\u011bvn\u00edk\u016f z univerzitn\u00ed ubytovny ve v\u00fd\u0161ce 2 500 metr\u016f na plo\u0161inu Veleta ve v\u00fd\u0161ce 3 100 metr\u016f a tak\u00e9 k p\u0159eprav\u011b turist\u016f na ji\u017en\u00edm svahu z Capileiry do Alto del Chorrillo ve v\u00fd\u0161ce 2 740 metr\u016f.<\/p>\n<p>Krom\u011b alpsk\u00e9ho ly\u017eov\u00e1n\u00ed nab\u00edz\u00ed Puerto de la Ragua \u2013 rozkl\u00e1daj\u00edc\u00ed se v provinci\u00edch Granada a Almer\u00eda v nadmo\u0159sk\u00e9 v\u00fd\u0161ce 2 000 metr\u016f \u2013 b\u011b\u017eeck\u00e9 trat\u011b a tak\u00e9 m\u00e9n\u011b zn\u00e1m\u00fd koridor Ragua na d\u00e1lnici A-337. Milovn\u00edci turistiky mohou p\u0159ej\u00edt p\u0159es Vereda de la Estrella, lemuj\u00edc\u00ed prameny \u0159eky Genil, nebo se vydat na Integral t\u0159\u00edtis\u00edcovek, nam\u00e1hav\u00fd p\u0159ejezd z J\u00e9rez del Marquesado p\u0159es t\u00e9m\u011b\u0159 ka\u017ed\u00fd vrchol nad 3 000 metr\u016f, kter\u00fd vy\u017eaduje vytrvalost i opatrnost uprost\u0159ed zbytkov\u00fdch sn\u011bhov\u00fdch pol\u00ed i uprost\u0159ed l\u00e9ta. Trasa Sulayr, 340 kilometr\u016f dlouh\u00e1 okru\u017en\u00ed trasa obklopuj\u00edc\u00ed masiv, o\u017eivuje historick\u00e9 dobyt\u010d\u00ed stezky a chodn\u00edky v itiner\u00e1\u0159i navr\u017een\u00e9m ve\u0159ejn\u00fdmi institucemi s c\u00edlem oslavit p\u0159\u00edrodu i kulturn\u00ed d\u011bdictv\u00ed.<\/p>\n<p>Pro ty, kte\u0159\u00ed hledaj\u00ed \u00fato\u010di\u0161t\u011b pod hv\u011bzdami, nab\u00edz\u00ed poho\u0159\u00ed t\u0159i obsazen\u00e9 chaty: Poqueira Refuge v nadmo\u0159sk\u00e9 v\u00fd\u0161ce 2 500 metr\u016f s kapacitou 87 host\u016f na soutoku \u0159ek Mulhac\u00e9n a R\u00edo Seco; Postero Alto v nadmo\u0159sk\u00e9 v\u00fd\u0161ce 1 880 metr\u016f s kapacitou 68 osob na \u00fatesu Loma de Enmedio; a hostel Puerto de la Ragua v nadmo\u0159sk\u00e9 v\u00fd\u0161ce 2 000 metr\u016f s 32 l\u016f\u017eky. Roztrou\u0161en\u00e9 p\u0159\u00edst\u0159e\u0161ky a bivaky \u2013 mimo jin\u00e9 La Carihuela, Elorrieta, Pe\u00f1a Partida \u2013 se dochovaly v r\u016fzn\u00e9m stavu, zat\u00edmco p\u0159\u00edrodn\u00ed jeskyn\u011b, jako je Cueva Secreta a v\u00fdklenek Siete Lagunas, sv\u011bd\u010d\u00ed o geologick\u00e9 fascinaci hory.<\/p>\n<p>I cyklist\u00e9 nach\u00e1zej\u00ed v\u00fdzvu a kouzlo v z\u00e1vratn\u00fdch stoup\u00e1n\u00edch Sierry Nevady. Slavn\u00fd v\u00fdstup z Monachilu \u2013 stoup\u00e1 o 2 627 metr\u016f na 45,3 kilometru s pr\u016fm\u011brn\u00fdm sklonem 5,8 procenta, p\u0159i\u010dem\u017e kles\u00e1n\u00ed dosahuje 15 procent \u2013 \u200b\u200bnab\u00edz\u00ed n\u00e1ro\u010dnou zkou\u0161ku, ne\u017e kon\u010d\u00ed bu\u010f v Pradollanu, nebo v Pico Veleta (3 367 metr\u016f). Trasa G\u00fc\u00e9jar Sierra se rozkl\u00e1d\u00e1 44,3 kilometru do Velety a p\u0159ekon\u00e1v\u00e1 2 557 metr\u016f s pr\u016fm\u011brn\u00fdm sklonem 5,77 procenta. Mezi mezilehl\u00e9 c\u00edle pat\u0159\u00ed Univerzitn\u00ed botanick\u00e1 zahrada Hoya de la Mora a observato\u0159 IRAM v nadmo\u0159sk\u00e9 v\u00fd\u0161ce 2 850 metr\u016f, kter\u00e9 sv\u011bd\u010d\u00ed o v\u011bdeck\u00e9m a estetick\u00e9m magnetismu poho\u0159\u00ed.<\/p>\n<p>M\u00fdty a legendy se odv\u00edjej\u00ed stejn\u011b bohat\u011b jako horsk\u00e1 panoramata. P\u0159\u00edb\u011bh o \u010e\u00e1blov\u011b ko\u0161t\u011bti evokuje lavinu zp\u016fsobenou \u010f\u00e1belsk\u00fdm darem, o kter\u00e9m se dodnes \u0159\u00edk\u00e1, \u017ee se sn\u00e1\u0161\u00ed po svaz\u00edch vrcholu Alcazaba v zasn\u011b\u017een\u00fdch proudech. Tradice laguny Vacares vypr\u00e1v\u00ed o zlo\u010dinu maursk\u00e9ho prince a slz\u00e1ch princezny zv\u011b\u010dn\u011bn\u00fdch ve sk\u00e1le, jejich\u017e n\u00e1\u0159ek se \u00fadajn\u011b oz\u00fdval ze zamrzl\u00fdch hlubin. Takov\u00e9 p\u0159\u00edb\u011bhy \u2013 nesen\u00e9 past\u00fd\u0159i, vesni\u010dany a poutn\u00edky \u2013 dod\u00e1vaj\u00ed krajin\u011b, kter\u00e1 ji\u017e byla formov\u00e1na tis\u00edcilet\u00edmi geologick\u00fdch a kulturn\u00edch sil, nadpozemsk\u00fd rozm\u011br.<\/p>\n<p>Sierra Nevada v kone\u010dn\u00e9m d\u016fsledku zahrnuje mnohem v\u00edce ne\u017e jen kartografick\u00e9 rozsahy a ekologick\u00e9 registry. Je to ar\u00e9na, kde se sb\u00edhaj\u00ed klimatick\u00e9 gradienty, biotick\u00e1 refugia a lidsk\u00e9 \u00fasil\u00ed. Od starobyl\u00fdch b\u0159idlic zdeformovan\u00fdch kontinent\u00e1ln\u00edmi sr\u00e1\u017ekami a\u017e po z\u00e1\u0159ivou jasnost nad 2 800 metry, od endemick\u00fdch borovic lp\u00edc\u00edch na skal\u00e1ch a\u017e po labyrint stezek vinouc\u00ed se h\u0159ebeny a \u00fadol\u00edmi, toto poho\u0159\u00ed vnucuje nep\u0159ebern\u00e9 mno\u017estv\u00ed b\u00e1d\u00e1n\u00ed \u2013 geografick\u00e9ho, v\u011bdeck\u00e9ho i humanitn\u00edho. Zde le\u017e\u00ed nejen vrchol hornin a ledu, ale i intelektu a p\u0159edstavivosti: vrchol p\u0159\u00edrodn\u00ed historie a lidsk\u00fdch aspirac\u00ed propleten\u00fdch pod andaluskou oblohou.<\/p>","protected":false},"excerpt":{"rendered":"<p>Ly\u017ea\u0159sk\u00e1 stanice Sierra Nevada, kter\u00e1 se nach\u00e1z\u00ed ve velk\u00e9m poho\u0159\u00ed Sierra Nevada na jihov\u00fdchod\u011b \u0160pan\u011blska, je d\u016fkazem harmonick\u00e9ho spojen\u00ed lidsk\u00e9 kreativity a p\u0159\u00edrodn\u00edch kr\u00e1s. Toto zn\u00e1m\u00e9 ly\u017ea\u0159sk\u00e9 st\u0159edisko se nach\u00e1z\u00ed v provincii Granada a m\u00e1 vynikaj\u00edc\u00ed polohu na severoz\u00e1padn\u00edch svaz\u00edch Veleta, t\u0159et\u00ed nejvy\u0161\u0161\u00ed hory poloostrovn\u00edho \u0160pan\u011blska. St\u0159edisko Pradollano je energick\u00fdm centrem t\u00e9to alpsk\u00e9 lokality, kter\u00e9 i p\u0159es sez\u00f3nn\u00ed obyvatelstvo po cel\u00fd rok host\u00ed stovky nad\u0161enc\u016f zimn\u00edch sport\u016f a milovn\u00edk\u016f p\u0159\u00edrody.<\/p>","protected":false},"author":1,"featured_media":4260,"parent":13090,"menu_order":0,"comment_status":"closed","ping_status":"closed","template":"elementor_theme","meta":{"_eb_attr":"","footnotes":""},"class_list":["post-13177","page","type-page","status-publish","has-post-thumbnail"],"_links":{"self":[{"href":"https:\/\/travelshelper.com\/cs\/wp-json\/wp\/v2\/pages\/13177","targetHints":{"allow":["GET"]}}],"collection":[{"href":"https:\/\/travelshelper.com\/cs\/wp-json\/wp\/v2\/pages"}],"about":[{"href":"https:\/\/travelshelper.com\/cs\/wp-json\/wp\/v2\/types\/page"}],"author":[{"embeddable":true,"href":"https:\/\/travelshelper.com\/cs\/wp-json\/wp\/v2\/users\/1"}],"replies":[{"embeddable":true,"href":"https:\/\/travelshelper.com\/cs\/wp-json\/wp\/v2\/comments?post=13177"}],"version-history":[{"count":0,"href":"https:\/\/travelshelper.com\/cs\/wp-json\/wp\/v2\/pages\/13177\/revisions"}],"up":[{"embeddable":true,"href":"https:\/\/travelshelper.com\/cs\/wp-json\/wp\/v2\/pages\/13090"}],"wp:featuredmedia":[{"embeddable":true,"href":"https:\/\/travelshelper.com\/cs\/wp-json\/wp\/v2\/media\/4260"}],"wp:attachment":[{"href":"https:\/\/travelshelper.com\/cs\/wp-json\/wp\/v2\/media?parent=13177"}],"curies":[{"name":"wp","href":"https:\/\/api.w.org\/{rel}","templated":true}]}}