{"id":13162,"date":"2024-09-17T13:41:52","date_gmt":"2024-09-17T13:41:52","guid":{"rendered":"https:\/\/travelshelper.com\/staging\/?page_id=13162"},"modified":"2026-03-12T23:42:45","modified_gmt":"2026-03-12T23:42:45","slug":"salamanca","status":"publish","type":"page","link":"https:\/\/travelshelper.com\/cs\/destinations\/europe\/spain\/salamanca\/","title":{"rendered":"Salamanca"},"content":{"rendered":"<p>Salamanca, le\u017e\u00edc\u00ed v severoz\u00e1padn\u00ed \u010d\u00e1sti Pyrenejsk\u00e9ho poloostrova, funguje jako obec i hlavn\u00ed m\u011bsto stejnojmenn\u00e9 provincie v autonomn\u00edm spole\u010denstv\u00ed Kastilie a Le\u00f3n. Toto m\u011bsto, kter\u00e9 zauj\u00edm\u00e1 \u010d\u00e1st n\u00e1horn\u00ed plo\u0161iny Meseta Norte v srdci oblasti Campo Charro, se nach\u00e1z\u00ed v nadmo\u0159sk\u00e9 v\u00fd\u0161ce p\u0159ibli\u017en\u011b 800 metr\u016f a m\u00e1 registrovanou populaci 144 436 obyvatel (INE 2017) a ve spojen\u00ed se stabiln\u00ed funk\u010dn\u00ed oblast\u00ed dosahuje 203 999 obyvatel \u2013 co\u017e z n\u011bj \u010din\u00ed druh\u00e9 nejv\u00fdznamn\u011bj\u0161\u00ed m\u011bsto v regionu hned za Valladolidem. Salamanca je proslul\u00e1 mno\u017estv\u00edm budov proveden\u00fdch v plateresque stylu, jejich\u017e slo\u017eit\u00e9 fas\u00e1dy se v prom\u011bnliv\u00e9m slune\u010dn\u00edm sv\u011btle zlatav\u011b t\u0159pyt\u00ed. D\u00edky spojen\u00ed starobyl\u00e9 m\u011bstsk\u00e9 z\u00e1stavby a \u017eiv\u00e9ho ob\u010dansk\u00e9ho \u017eivota sv\u011bd\u010d\u00ed o jej\u00ed \u00factyhodn\u00e9 minulosti i o jej\u00edm trval\u00e9m postaven\u00ed v kulturn\u00ed konstelaci \u0160pan\u011blska.<\/p>\n<p>Po\u010d\u00e1tky m\u011bsta sahaj\u00ed do prvn\u00ed doby \u017eelezn\u00e9, zhruba o dv\u011b tis\u00edcilet\u00ed a sedm stolet\u00ed d\u0159\u00edve, kdy se prvn\u00ed osadn\u00edci usadili na kopci San Vicente s v\u00fdhledem na m\u00edrn\u00fd meandr \u0159eky Tormes. Od t\u011bchto skromn\u00fdch za\u010d\u00e1tk\u016f postupn\u00fd pr\u016fchod kmen\u016f Vaccaei a Vettones zah\u00e1jil model lidsk\u00e9ho os\u00eddlen\u00ed, kter\u00fd pozd\u011bji p\u0159ekryli \u0159\u00edm\u0161t\u00ed in\u017een\u00fd\u0159i \u2013 ti, kte\u0159\u00ed si po podman\u011bn\u00ed regionu postavili opevn\u011bn\u00ed, most z odoln\u00e9ho zdiva a severoji\u017en\u00ed dopravn\u00ed tepnu spojuj\u00edc\u00ed okraje poloostrova \u2013 a pot\u00e9 vizig\u00f3t\u0161t\u00ed str\u00e1\u017eci stejn\u00fdch val\u016f; ani maursk\u00e9 dobyt\u00ed v roce 712 n. l. nedok\u00e1zalo zcela vymazat otisk d\u0159\u00edv\u011bj\u0161\u00edch civilizac\u00ed, proto\u017ee v jeden\u00e1ct\u00e9m stolet\u00ed k\u0159es\u0165ansk\u00e9 znovudobyt\u00ed obnovilo horlivost pro op\u011btovn\u00e9 os\u00eddlen\u00ed a c\u00edrkevn\u00ed v\u00fdstavbu. Byl to Raymond Burgundsk\u00fd, potomek leonsk\u00e9ho dvora a ze\u0165 Alfonsa VI., kdo ve st\u0159edov\u011bku upevnil z\u00e1klady modern\u00ed Salamanky a polo\u017eil z\u00e1klady, kter\u00e9 dodnes tvo\u0159\u00ed z\u00e1klad st\u0159edov\u011bk\u00e9ho j\u00e1dra m\u011bsta.<\/p>\n<p>V srdci intelektu\u00e1ln\u00ed proslulosti Salamanky stoj\u00ed Univerzita v Salamance, zalo\u017een\u00e1 v roce 1218 Alfonsem IX. z Le\u00f3nu na po\u010d\u00e1te\u010dn\u00edm studium generale; jej\u00ed form\u00e1ln\u00ed uzn\u00e1n\u00ed za univerzitu kr\u00e1lovsk\u00fdm dekretem Alfonse X. Kastilsk\u00e9ho z 9. listopadu 1252 a pape\u017eem Alexandrem IV. licentia ubique docendi v roce 1255 j\u00ed prop\u016fj\u010dilo postaven\u00ed prim\u00e1tu v evropsk\u00e9m vysoko\u0161kolsk\u00e9m vzd\u011bl\u00e1v\u00e1n\u00ed. V dob\u011b sv\u00e9ho st\u0159edov\u011bk\u00e9ho a ran\u011b novov\u011bk\u00e9ho rozkv\u011btu si u\u010denci obl\u00edbili jej\u00ed r\u010den\u00ed Quod natura non dat, Salmantica non pr\u00e6stat \u2013 \u201eCo p\u0159\u00edroda ned\u00e1, Salamanca nep\u016fj\u010d\u00ed\u201c \u2013 co\u017e je v\u00fdsti\u017en\u00e9 sv\u011bdectv\u00ed o p\u0159\u00edsn\u00fdch standardech instituce. Mezi v\u00fdznamn\u00e9 osobnosti pat\u0159il Antonio de Nebrija, autor prvn\u00ed kastilsk\u00e9 gramatiky; Kry\u0161tof Kolumbus, kter\u00fd si zajistil kr\u00e1lovskou podporu pro sv\u00e9 transatlantick\u00e9 plavby v r\u00e1mci t\u011bchto kl\u00e1\u0161ter\u016f; Fernando de Rojas, kronik\u00e1\u0159 romantiky a trag\u00e9die; Francisco de Vitoria, zakladatel mezin\u00e1rodn\u00edho pr\u00e1va; Mnich Luis de Le\u00f3n, humanista a b\u00e1sn\u00edk; Beatriz Galindo, dvorn\u00ed pedago\u017eka; a Miguel de Unamuno, jeho\u017e existenci\u00e1ln\u00ed \u00favahy p\u0159eklenuly dv\u011b stolet\u00ed, v\u0161ichni zanechali nesmazateln\u00e9 stopy v an\u00e1lech z\u00e1padn\u00edho my\u0161len\u00ed a vytvo\u0159ili to, co se stalo Salamanskou \u0161kolou.<\/p>\n<p>Zastav\u011bn\u00e9 prost\u0159ed\u00ed m\u011bsta, vysv\u011bcen\u00e9 v roce 1988, kdy UNESCO zapsalo jeho Star\u00e9 M\u011bsto na seznam sv\u011btov\u00e9ho d\u011bdictv\u00ed, se odv\u00edj\u00ed v architektonick\u00e9 symfonii zahrnuj\u00edc\u00ed rom\u00e1nskou strohost, gotick\u00e9 aspirace, platereskovskou slo\u017eitost, renesan\u010dn\u00ed harmonii a barokn\u00ed bujnost. Mezi nejzaj\u00edmav\u011bj\u0161\u00ed pat\u0159\u00ed dv\u011b katedr\u00e1ly: Star\u00e1 katedr\u00e1la z dvan\u00e1ct\u00e9ho stolet\u00ed, jej\u00ed\u017e rom\u00e1nsk\u00e1 lo\u010f a krypta evokuj\u00ed ran\u00e9 poutn\u00ed kostely; a Nov\u00e1 katedr\u00e1la, jej\u00ed\u017e stavba od \u0161estn\u00e1ct\u00e9ho do osmn\u00e1ct\u00e9ho stolet\u00ed spojovala ty\u010d\u00edc\u00ed se gotick\u00e9 klenby s pozd\u011bj\u0161\u00edmi barokn\u00edmi ozdobami \u2013 jej\u00ed hlavn\u00ed v\u011b\u017e, naroubovan\u00e1 na star\u0161\u00ed zvonici, st\u00e1le nese jizvy po zem\u011bt\u0159esen\u00ed v Lisabonu v roce 1755. Tyto budovy, spojen\u00e9 v Patio Chico, artikuluj\u00ed dialog nap\u0159\u00ed\u010d stalet\u00edmi, zat\u00edmco pobl\u00ed\u017e se nach\u00e1z\u00ed Casa de las Conchas s fas\u00e1dou posetou vy\u0159ez\u00e1van\u00fdmi mu\u0161lemi, kter\u00e1 je p\u0159\u00edkladem pozdn\u011b gotick\u00e9 rafinovanosti p\u0159ech\u00e1zej\u00edc\u00ed v platereskovsk\u00e9 detaily.<\/p>\n<p>V roz\u0161\u00ed\u0159en\u00ed v\u011bdeck\u00e9ho vlivu za zdi univerzity se Pape\u017esk\u00e1 univerzita v Salamance nach\u00e1z\u00ed v budov\u011b La Clerec\u00eda, d\u0159\u00edve Kr\u00e1lovsk\u00e9 koleje Ducha svat\u00e9ho, jej\u00ed\u017e barokn\u00ed dvojv\u011b\u017ee a kupole (zah\u00e1jen\u00e9 v roce 1617 a dokon\u010den\u00e9 v osmn\u00e1ct\u00e9m stolet\u00ed) vyjad\u0159uj\u00ed jezuitsk\u00e9 aspirace na velkolepost; jej\u00ed k\u0159\u00ed\u017eov\u00e1 chodba a p\u0159ilehl\u00fd kostel projevuj\u00ed disciplinovanou teatr\u00e1lnost v kameni. Pod\u00e9l m\u011bstsk\u00fdch tepen se t\u00e1hnou kl\u00e1\u0161tern\u00ed z\u00e1klady: Convento de San Esteban, jeho\u017e fas\u00e1da je platereskov\u00fdm z\u00e1zrakem korunovan\u00fdm barokn\u00edm olt\u00e1\u0159n\u00edm obrazem Jos\u00e9 Benita de Churriguera; Convento de las Due\u00f1as, jeho\u017e nepravideln\u00fd p\u011btibok\u00fd k\u0159\u00ed\u017eov\u00e1 chodba nese groteskn\u00ed \u0159ezby z\u00e1hadn\u00e9ho p\u016fvodu; Convento de las Agustinas, Iglesia de la Pur\u00edsima s obrazem Jos\u00e9 de Ribera; a nespo\u010det dal\u0161\u00edch \u2013 Convento de las Isabeles s mud\u00e9jarsk\u00fdm stropem; Convento de San Antonio el Real, fragmenty vetk\u00e1ny do modern\u00edho vyu\u017eit\u00ed; Anunciaci\u00f3n Las \u00darsulas, kde gotick\u00e9 exteri\u00e9ry ustupuj\u00ed barokn\u00edm interi\u00e9r\u016fm.<\/p>\n<p>I ve\u0159ejn\u00e9 prostory rezonuj\u00ed s historick\u00fdm vrstven\u00edm. N\u00e1m\u011bst\u00ed Plaza Mayor, navr\u017een\u00e9 v letech 1729 a\u017e 1756 Albertem a Nicol\u00e1sem Churriguerov\u00fdmi v zdoben\u00e9m barokn\u00edm stylu, funguje jako epicentrum ob\u010dansk\u00e9 spole\u010dnosti: jeho jednotn\u00e9 fas\u00e1dy a ark\u00e1dy, p\u0159eru\u0161ovan\u00e9 impozantn\u00ed severn\u00ed fas\u00e1dou radnice, podporuj\u00ed pocit komunitn\u00ed v\u00e1\u017enosti. Nedaleko se nach\u00e1z\u00ed Campo de San Francisco, prvn\u00ed ve\u0159ejn\u00e1 zahrada m\u011bsta, kter\u00e1 nab\u00edz\u00ed otev\u0159en\u00fd kontrapunkt k uzav\u0159en\u00fdm c\u00edrkevn\u00edm are\u00e1l\u016fm; Huerto de Calixto y Melibea, op\u0159eden\u00fd liter\u00e1rn\u00ed tradic\u00ed, ukr\u00fdv\u00e1 n\u00e1v\u0161t\u011bvn\u00edky ve sv\u00e9m stinn\u00e9m \u010dty\u0159\u00faheln\u00edku; Plaza del Corrillo s rom\u00e1nsk\u00fdmi a gotick\u00fdmi poz\u016fstatky nese ark\u00e1dov\u00e9 budovy zdoben\u00e9 symbolick\u00fdmi \u0159ezbami, kter\u00e9 nazna\u010duj\u00ed kalend\u00e1\u0159n\u00ed sch\u00e9ma.<\/p>\n<p>Za Starou \u010dtvrt\u00ed, kde se \u00factyhodn\u00e9 budovy shlukuj\u00ed v doch\u00e1zkov\u00e9 vzd\u00e1lenosti od sebe, ter\u00e9n obce odhaluje dv\u011b odli\u0161n\u00e9 geologick\u00e9 provincie sb\u00edhaj\u00edc\u00ed se k potoku Tormes. Na severu a v\u00fdchod\u011b le\u017e\u00ed terci\u00e9rn\u00ed sediment\u00e1rn\u00ed p\u00e1nve \u2013 rozs\u00e1hl\u00e9 pl\u00e1n\u011b p\u011bstovan\u00e9 na obilovin\u00e1ch \u2013 zat\u00edmco na jihu a z\u00e1pad\u011b se rozkl\u00e1d\u00e1 paleozoick\u00e1 poloostrovn\u00ed pl\u00e1\u0148 s dubov\u00fdmi h\u00e1ji a pastvinami, kter\u00e9 tvo\u0159\u00ed Campo Charro, pastvin\u00e1\u0159skou oblast v\u011bnovanou chovu hospod\u00e1\u0159sk\u00fdch zv\u00ed\u0159at. Nadmo\u0159sk\u00e1 v\u00fd\u0161ka obce se pohybuje od 911 metr\u016f u Los Montalvos na jihoz\u00e1pad\u011b do 763 metr\u016f na doln\u00edm toku \u0159eky. Klimaticky se Salamanca nach\u00e1z\u00ed v kategorii chladn\u00fdch polosuch\u00fdch oblast\u00ed (BSk) podle K\u00f6ppenovy klasifikace, na hranici st\u0159edomo\u0159sk\u00fdch re\u017eim\u016f (Csa a Csb): zimy jsou chladn\u00e9, mrazy \u010dast\u00e9; l\u00e9ta tepl\u00e1 a\u017e hork\u00e1, noci m\u00edrn\u00e9; sr\u00e1\u017eky jsou rozlo\u017eeny rovnom\u011brn\u011b, i kdy\u017e s letn\u00edm \u00fabytkem.<\/p>\n<p>Ekonomicky m\u011bsto vzkv\u00e9t\u00e1 na propojen\u00fdch pil\u00ed\u0159\u00edch univerzity a cestovn\u00edho ruchu \u2013 odv\u011btv\u00edch, kter\u00e1 k prosinci 2007 p\u0159edstavovala 83 procent zam\u011bstnanosti (p\u0159ibli\u017en\u011b 55 838 osob) \u2013 zat\u00edmco zem\u011bd\u011blstv\u00ed, chov hospod\u00e1\u0159sk\u00fdch zv\u00ed\u0159at, stavebnictv\u00ed a v\u00fdroba si udr\u017euj\u00ed vedlej\u0161\u00ed, ale vedlej\u0161\u00ed roli. Pr\u016fmyslov\u00e1 \u010dinnost, kter\u00e1 se z velk\u00e9 \u010d\u00e1sti nach\u00e1z\u00ed mimo m\u011bstsk\u00e9 centrum, zahrnuje v\u00fdrobu hnojiv a veterin\u00e1rn\u00edch l\u00e9\u010div. V\u011bdeck\u00e9 prost\u0159ed\u00ed Salamanky se rozrostlo o instituce, jako je Centrum pro v\u00fdzkum rakoviny, Neurov\u011bdeck\u00fd institut Kastilie a Le\u00f3nu, Centrum pro v\u00fdzkum vody a technologick\u00fd rozvoj a Centrum ultrakr\u00e1tk\u00fdch ultraintenzivn\u00edch pulzn\u00edch laser\u016f \u2013 za\u0159\u00edzen\u00ed, jejich\u017e p\u0159\u00edtomnost potvrzuje trval\u00fd vztah m\u011bsta k v\u00fdzkumu a inovac\u00edm. Z\u00e1rove\u0148 se pov\u011bst Salamanky jako\u017eto p\u0159edn\u00edho centra pro v\u00fduku \u0161pan\u011bl\u0161tiny op\u00edr\u00e1 o to, \u017ee poskytuje 78 procent region\u00e1ln\u00edch nab\u00eddek, co\u017e zahrnuje 16 procent n\u00e1rodn\u00edho trhu \u2013 osu kulturn\u00edho exportu, kter\u00e1 spojuje jazykovou finesu s akademickou tradic\u00ed.<\/p>\n<p>Dosah m\u011bsta p\u0159esahuje jeho administrativn\u00ed hranice d\u00edky jeho funk\u010dn\u00edmu propojen\u00ed: v\u010dasn\u00e1 autobusov\u00e1 doprava \u2013 nap\u0159\u00edklad linka 1 spojuje vlakov\u00e9 n\u00e1dra\u017e\u00ed s n\u00e1m\u011bst\u00edm Plaza Poeta Iglesias, kter\u00e9 soused\u00ed s n\u00e1m\u011bst\u00edm Plaza Mayor \u2013 umo\u017e\u0148uje levnou dopravu; tax\u00edky, kter\u00e9 lze p\u0159ivolat na stanovi\u0161t\u00edch nebo prost\u0159ednictv\u00edm aplikace Pide Taxi, p\u0159epravuj\u00ed cestuj\u00edc\u00ed, kte\u0159\u00ed na konci cesty zaplat\u00ed v hotovosti. A\u010dkoli n\u011bkter\u00e9 oblasti m\u011bstsk\u00e9 z\u00e1stavby mohou vy\u017eadovat mechanizovanou dopravu, hlavn\u00ed atrakce le\u017e\u00ed v dosahu chodc\u016f, co\u017e zaji\u0161\u0165uje, \u017ee prozkoum\u00e1v\u00e1n\u00ed prob\u00edh\u00e1 pomal\u00fdm lidsk\u00fdm tempem.<\/p>\n<p>Historick\u00e1 trajektorie Salamanky zahrnuje uzn\u00e1n\u00ed za Evropsk\u00e9 hlavn\u00ed m\u011bsto kultury v roce 2002 (sd\u00edlen\u00e9 s Bruggami) a p\u0159ipomenut\u00ed 250. v\u00fdro\u010d\u00ed Plaza Mayor v roce 2005 prost\u0159ednictv\u00edm \u0159ady evropsk\u00fdch akc\u00ed. Oslavy Svat\u00e9ho t\u00fddne, kter\u00e9 byly v roce 2003 prohl\u00e1\u0161eny za mezin\u00e1rodn\u00ed turistick\u00fd c\u00edl, d\u00e1le sv\u011bd\u010d\u00ed o propojen\u00ed n\u00e1bo\u017eensk\u00fdch ritu\u00e1l\u016f a komunitn\u00ed identity m\u011bsta. V\u00edce ne\u017e dva tis\u00edce sedm set let nep\u0159etr\u017eit\u00e9ho os\u00eddlen\u00ed \u2013 od kmenov\u00fdch po\u010d\u00e1tk\u016f, c\u00edsa\u0159sk\u00fdch panstv\u00ed, c\u00edrkevn\u00edho rozkv\u011btu, akademick\u00e9 proslulosti, seismick\u00fdch ot\u0159es\u016f a\u017e po modern\u00ed obrozen\u00ed \u2013 tak prop\u016fj\u010dily Salamance m\u011bstsk\u00fd charakter, kter\u00fd je z\u00e1rove\u0148 vrstevnat\u00fd i soudr\u017en\u00fd. V pe\u010dliv\u011b zpracovan\u00fdch kamenech jej\u00edch fas\u00e1d, rozlehlosti n\u00e1m\u011bst\u00ed a rytmu jej\u00edho v\u011bdeck\u00e9ho \u017eivota lze nal\u00e9zt jedine\u010dn\u00e9 sv\u011bdectv\u00ed o trvanlivosti m\u00edsta a v\u011b\u010dnosti lidsk\u00fdch aspirac\u00ed.<\/p>","protected":false},"excerpt":{"rendered":"<p>Salamanca, m\u011bsto zna\u010dn\u00e9ho historick\u00e9ho v\u00fdznamu a kulturn\u00ed hloubky, se nach\u00e1z\u00ed v severoz\u00e1padn\u00ed oblasti Pyrenejsk\u00e9ho poloostrova. Zahrnuje autonomn\u00ed spole\u010denstv\u00ed Kastilie a Le\u00f3n a je hlavn\u00edm m\u011bstem provincie nesouc\u00ed jeho jm\u00e9no. Salamanca je maj\u00e1k \u0161pan\u011blsk\u00e9ho d\u011bdictv\u00ed a intelektu\u00e1ln\u00ed brilantnosti, s zaznamenanou populac\u00ed 144 424 lid\u00ed k roku 2017 podle N\u00e1rodn\u00edho statistick\u00e9ho institutu (INE). Funk\u010dn\u00ed oblast m\u011bsta s 203 999 obyvateli potvrzuje sv\u00e9 hodnocen\u00ed jako druh\u00e9 nejlidnat\u011bj\u0161\u00ed m\u011bstsk\u00e9 centrum v autonomn\u00edm spole\u010denstv\u00ed; Valladolid je na druh\u00e9m m\u00edst\u011b.<\/p>","protected":false},"author":1,"featured_media":3479,"parent":13090,"menu_order":0,"comment_status":"closed","ping_status":"closed","template":"elementor_theme","meta":{"_eb_attr":"","footnotes":""},"class_list":["post-13162","page","type-page","status-publish","has-post-thumbnail"],"_links":{"self":[{"href":"https:\/\/travelshelper.com\/cs\/wp-json\/wp\/v2\/pages\/13162","targetHints":{"allow":["GET"]}}],"collection":[{"href":"https:\/\/travelshelper.com\/cs\/wp-json\/wp\/v2\/pages"}],"about":[{"href":"https:\/\/travelshelper.com\/cs\/wp-json\/wp\/v2\/types\/page"}],"author":[{"embeddable":true,"href":"https:\/\/travelshelper.com\/cs\/wp-json\/wp\/v2\/users\/1"}],"replies":[{"embeddable":true,"href":"https:\/\/travelshelper.com\/cs\/wp-json\/wp\/v2\/comments?post=13162"}],"version-history":[{"count":0,"href":"https:\/\/travelshelper.com\/cs\/wp-json\/wp\/v2\/pages\/13162\/revisions"}],"up":[{"embeddable":true,"href":"https:\/\/travelshelper.com\/cs\/wp-json\/wp\/v2\/pages\/13090"}],"wp:featuredmedia":[{"embeddable":true,"href":"https:\/\/travelshelper.com\/cs\/wp-json\/wp\/v2\/media\/3479"}],"wp:attachment":[{"href":"https:\/\/travelshelper.com\/cs\/wp-json\/wp\/v2\/media?parent=13162"}],"curies":[{"name":"wp","href":"https:\/\/api.w.org\/{rel}","templated":true}]}}