{"id":12907,"date":"2024-09-17T00:26:15","date_gmt":"2024-09-17T00:26:15","guid":{"rendered":"https:\/\/travelshelper.com\/staging\/?page_id=12907"},"modified":"2026-03-12T23:47:53","modified_gmt":"2026-03-12T23:47:53","slug":"svycarsko","status":"publish","type":"page","link":"https:\/\/travelshelper.com\/cs\/destinations\/europe\/switzerland\/","title":{"rendered":"\u0160v\u00fdcarsko"},"content":{"rendered":"<p>\u0160v\u00fdcarsko se prezentuje jako kompaktn\u00ed politick\u00fd \u00fatvar o rozloze 41 285 kilometr\u016f \u010dtvere\u010dn\u00edch, le\u017e\u00edc\u00ed ve st\u0159edn\u00ed a z\u00e1padn\u00ed Evrop\u011b. Jeho hranice se nach\u00e1zej\u00ed na jihu s It\u00e1li\u00ed, na z\u00e1pad\u011b s Franci\u00ed, na severu s N\u011bmeckem a na v\u00fdchod\u011b s Rakouskem a Lichten\u0161tejnskem. \u0160v\u00fdcarsk\u00e1 konfederace, domov p\u0159ibli\u017en\u011b dev\u00edti milion\u016f obyvatel, sjednocuje rozmanit\u00e9 jazykov\u00e9 a kulturn\u00ed regiony \u2013 n\u011bmeck\u00fd, francouzsk\u00fd, italsk\u00fd a r\u00e9torom\u00e1nsk\u00fd \u2013 v r\u00e1mci feder\u00e1ln\u00ed struktury slo\u017een\u00e9 z 26 kanton\u016f, p\u0159i\u010dem\u017e Bern slou\u017e\u00ed jako s\u00eddlo feder\u00e1ln\u00ed moci. Zem\u011b je geograficky rozd\u011blena mezi \u0160v\u00fdcarskou plo\u0161inu, Alpy a Juru a soust\u0159ed\u00ed sv\u00e9 obyvatelstvo a hlavn\u00ed m\u011bstsk\u00e1 centra \u2013 Curych, \u017denevu a Lausanne \u2013 na plo\u0161in\u011b, zat\u00edmco v\u011bt\u0161\u00ed \u010d\u00e1st \u00fazem\u00ed zab\u00edraj\u00ed vysok\u00e9 Alpy.<\/p>\n<p>Od sv\u00fdch po\u010d\u00e1tk\u016f na konci t\u0159in\u00e1ct\u00e9ho stolet\u00ed jako obrann\u00e9 a obchodn\u00ed aliance utv\u00e1\u0159en\u00e9 Spolkovou chartou z roku 1291 se \u0160v\u00fdcarsko vyv\u00edjelo cykly vn\u011bj\u0161\u00edch v\u00fdzev a vnit\u0159n\u00ed transformace, a\u017e se stalo republikou vyzna\u010duj\u00edc\u00ed se principy federalismu a p\u0159\u00edm\u00e9 demokracie. Vestf\u00e1lsk\u00fd m\u00edr z roku 1648 uznal nez\u00e1vislost konfederace na Svat\u00e9 \u0159\u00ed\u0161i \u0159\u00edmsk\u00e9 a za\u0159adil ji mezi n\u011bkolik m\u00e1lo trval\u00fdch republik ran\u011b novov\u011bk\u00e9 Evropy. Ot\u0159esy konce osmn\u00e1ct\u00e9ho a za\u010d\u00e1tku devaten\u00e1ct\u00e9ho stolet\u00ed \u2013 poznamenan\u00e9 zaveden\u00edm a n\u00e1sledn\u00fdm rozpu\u0161t\u011bn\u00edm Helv\u00e9tsk\u00e9 republiky pod napoleonskou z\u00e1\u0161titou \u2013 vyvrcholily \u00fastavou z roku 1848, kter\u00e1 zakotvila individu\u00e1ln\u00ed pr\u00e1va, d\u011blbu moci a dvoukomorovou parlamentn\u00ed spr\u00e1vu, \u010d\u00edm\u017e polo\u017eila z\u00e1klady modern\u00edho feder\u00e1ln\u00edho st\u00e1tu.<\/p>\n<p>\u0160v\u00fdcarsk\u00e1 trval\u00e1 politika ozbrojen\u00e9 neutrality, udr\u017eovan\u00e1 od \u0161estn\u00e1ct\u00e9ho stolet\u00ed a nep\u0159eru\u0161en\u00e1 mezin\u00e1rodn\u00edmi konflikty od roku 1815, podpo\u0159ila jeho roli v glob\u00e1ln\u00ed diplomacii. A\u010dkoli Konfederace vstoupila do Organizace spojen\u00fdch n\u00e1rod\u016f a\u017e v roce 2002, udr\u017euje aktivn\u00ed zahrani\u010dn\u00ed politiku prost\u0159ednictv\u00edm \u00fa\u010dasti na \u00fasil\u00ed o budov\u00e1n\u00ed m\u00edru a glob\u00e1ln\u00ed spr\u00e1v\u011b v\u011bc\u00ed ve\u0159ejn\u00fdch. \u010cerven\u00fd k\u0159\u00ed\u017e, zalo\u017een\u00fd v \u017denev\u011b v roce 1863, a p\u0159\u00edtomnost v\u00fdznamn\u00fdch mezin\u00e1rodn\u00edch instituc\u00ed \u2013 mezi nimi\u017e jsou Sv\u011btov\u00e1 obchodn\u00ed organizace, Sv\u011btov\u00e1 zdravotnick\u00e1 organizace, Mezin\u00e1rodn\u00ed organizace pr\u00e1ce, FIFA, Sv\u011btov\u00e9 ekonomick\u00e9 f\u00f3rum a kancel\u00e1\u0159e Organizace spojen\u00fdch n\u00e1rod\u016f \u2013 sv\u011bd\u010d\u00ed o postaven\u00ed \u0160v\u00fdcarska jako centra multilater\u00e1ln\u00ed anga\u017eovanosti. \u0160v\u00fdcarsko, zakl\u00e1daj\u00edc\u00ed \u010dlen Evropsk\u00e9ho sdru\u017een\u00ed voln\u00e9ho obchodu, z\u016fst\u00e1v\u00e1 mimo Evropskou unii, Evropsk\u00fd hospod\u00e1\u0159sk\u00fd prostor a euroz\u00f3nu, p\u0159esto se \u00fa\u010dastn\u00ed evropsk\u00e9ho jednotn\u00e9ho trhu a schengensk\u00e9ho prostoru prost\u0159ednictv\u00edm dvoustrann\u00fdch dohod.<\/p>\n<p>Z ekonomick\u00e9ho hlediska se \u0160v\u00fdcarsko \u0159ad\u00ed mezi nejrozvinut\u011bj\u0161\u00ed zem\u011b sv\u011bta. Vykazuje nejvy\u0161\u0161\u00ed nomin\u00e1ln\u00ed bohatstv\u00ed na dosp\u011bl\u00e9ho a podle hrub\u00e9ho dom\u00e1c\u00edho produktu zauj\u00edm\u00e1 pozici mezi p\u0159edn\u00edmi ekonomikami na obyvatele. Indexy konkurenceschopnosti, metriky demokratick\u00e9 spr\u00e1vy v\u011bc\u00ed ve\u0159ejn\u00fdch a hodnocen\u00ed svobody tisku \u0159ad\u00ed \u0160v\u00fdcarsko na p\u0159edn\u00ed p\u0159\u00ed\u010dky zem\u00ed. Curych, \u017deneva a Basilej se trvale umis\u0165uj\u00ed v \u017eeb\u0159\u00ed\u010dc\u00edch kvality \u017eivota, a to i p\u0159es soub\u011b\u017en\u00e9 postaven\u00ed t\u011bchto center mezi sv\u011btov\u00fdmi m\u011bsty s vysok\u00fdmi \u017eivotn\u00edmi n\u00e1klady. Bankovn\u00ed sektor a specializovan\u00e1 odv\u011btv\u00ed \u2013 zejm\u00e9na p\u0159esn\u00e9 hodin\u00e1\u0159stv\u00ed a v\u00fdroba \u010dokol\u00e1dy \u2013 dlouhodob\u011b formuj\u00ed mezin\u00e1rodn\u00ed pov\u011bst zem\u011b a p\u0159isp\u00edvaj\u00ed k jej\u00ed pozici t\u0159in\u00e1ct\u00e9ho nejv\u011bt\u0161\u00edho export\u00e9ra na sv\u011bt\u011b a p\u00e1t\u00e9ho nejv\u011bt\u0161\u00edho export\u00e9ra na obyvatele.<\/p>\n<p>Topograficky se \u0160v\u00fdcarsko rozkl\u00e1d\u00e1 mezi 45\u00b0 a 48\u00b0 severn\u00ed \u0161\u00ed\u0159ky a 5\u00b0 a 11\u00b0 v\u00fdchodn\u00ed d\u00e9lky a zahrnuje t\u0159i hlavn\u00ed oblasti. Na jihu tvo\u0159\u00ed \u0160v\u00fdcarsk\u00e9 Alpy t\u00e9m\u011b\u0159 \u0161edes\u00e1t procent \u00fazem\u00ed st\u00e1tu a na \u010dty\u0159iceti osmi vrcholech se ty\u010d\u00ed do nadmo\u0159sk\u00e9 v\u00fd\u0161ky p\u0159esahuj\u00edc\u00ed \u010dty\u0159i tis\u00edce metr\u016f. Monte Rosa dosahuje 4 634 metr\u016f, zat\u00edmco Matterhorn \u2013 s nadmo\u0159skou v\u00fd\u0161kou 4 478 metr\u016f \u2013 si z\u00edsk\u00e1v\u00e1 ikonickou pov\u011bst. V Penninsk\u00fdch Alp\u00e1ch pramen\u00ed tak\u00e9 hlavn\u00ed \u0159eky \u2013 R\u00fdn, Inn, Ticino a Rh\u00f4na \u2013 kter\u00e9 se rozb\u00edhaj\u00ed do v\u0161ech sv\u011btov\u00fdch stran, udr\u017euj\u00ed evropskou hydrografickou s\u00ed\u0165 a nap\u00e1jej\u00ed \u017denevsk\u00e9 jezero (Lac L\u00e9man), Bodamsk\u00e9 jezero (Bodensee) a jezero Maggiore. Ledovce pokr\u00fdvaj\u00ed p\u0159ibli\u017en\u011b 1 063 kilometr\u016f \u010dtvere\u010dn\u00edch a jeden a p\u016fl tis\u00edce jezer v zemi tvo\u0159\u00ed \u0161est procent evropsk\u00fdch z\u00e1sob sladk\u00e9 vody. Rozs\u00e1hl\u00e1 regulace \u0159ek \u2013 kanalizace, p\u0159ehrady a podzemn\u00ed odvodn\u011bn\u00ed \u2013 zm\u00edr\u0148uje riziko povodn\u00ed, sesuv\u016f p\u016fdy a lavin, zat\u00edmco podzemn\u00ed voda dod\u00e1v\u00e1 osmdes\u00e1t procent pitn\u00e9 vody.<\/p>\n<p>Severn\u011b od vysok\u00fdch Alp se \u0160v\u00fdcarsk\u00e1 plo\u0161ina rozkl\u00e1d\u00e1 mezi zvln\u011bn\u00fdmi pastvinami, ovocn\u00fdmi sady a lesy, jej\u00ed\u017e p\u016fdy plod\u00ed plodiny a umo\u017e\u0148uj\u00ed pastvu hospod\u00e1\u0159sk\u00fdch zv\u00ed\u0159at. Na plo\u0161in\u011b se nach\u00e1zej\u00ed hlavn\u00ed m\u011bstsk\u00e9 aglomerace a v\u011bt\u0161ina dev\u00edtimilionov\u00e9 populace. Na severoz\u00e1pad\u011b p\u0159edstavuje poho\u0159\u00ed Jura ni\u017e\u0161\u00ed, \u010d\u00e1ste\u010dn\u011b zalesn\u011bn\u00e9 poho\u0159\u00ed. V t\u011bchto oblastech se nach\u00e1zej\u00ed dv\u011b enkl\u00e1vy \u2013 B\u00fcsingen, spravovan\u00e1 N\u011bmeckem, a Campione d&#039;Italia, spravovan\u00e1 It\u00e1li\u00ed \u2013 ka\u017ed\u00e1 z nich je zcela obklopena \u0161v\u00fdcarsk\u00fdm \u00fazem\u00edm.<\/p>\n<p>Klimaticky se m\u00edrn\u00fd re\u017eim Konfederace prudce m\u011bn\u00ed s nadmo\u0159skou v\u00fd\u0161kou. Alpsk\u00e9 nadmo\u0159sk\u00e9 v\u00fd\u0161ky sn\u00e1\u0161ej\u00ed ledovcov\u00e9 podm\u00ednky po cel\u00fd rok, zat\u00edmco n\u00ed\u017ee polo\u017een\u00e1 ji\u017en\u00ed \u00fadol\u00ed za\u017e\u00edvaj\u00ed t\u00e9m\u011b\u0159 st\u0159edomo\u0159sk\u00e9 teplo, kter\u00e9 umo\u017e\u0148uje r\u016fst palem odoln\u00fdch v\u016f\u010di chladu v odlehl\u00fdch kotlin\u00e1ch. Letn\u00ed m\u011bs\u00edce p\u0159in\u00e1\u0161ej\u00ed teplo a epizodick\u00e9 sr\u00e1\u017eky prosp\u011b\u0161n\u00e9 pro pastviny, zat\u00edmco stabiln\u00ed zimn\u00ed anticyklon\u00e1ln\u00ed podm\u00ednky v hor\u00e1ch mohou zachytit chladn\u011bj\u0161\u00ed vzduch pod nimi a vytvo\u0159it inverzn\u00ed vrstvy, kter\u00e9 zakr\u00fdvaj\u00ed slune\u010dn\u00ed svit v \u00fadol\u00edch. Fenom\u00e9n f\u00f6hn \u2013 neobvykle tepl\u00fd, such\u00fd v\u00edtr sestupuj\u00edc\u00ed ze severn\u00edch svah\u016f b\u011bhem de\u0161\u0165\u016f orientovan\u00fdch na jih \u2013 se m\u016f\u017ee vyskytovat po cel\u00fd rok, jeho\u017e \u00fa\u010dinky jsou nejv\u00fdrazn\u011bj\u0161\u00ed v \u00fadol\u00edch sm\u011b\u0159uj\u00edc\u00edch k jihosevern\u00edm koridor\u016fm. Vnitroalpsk\u00e9 p\u00e1nve, jako jsou ty v Graub\u00fcndenu a Valais, sn\u00e1\u0161ej\u00ed ni\u017e\u0161\u00ed sr\u00e1\u017eky, co\u017e jsou podm\u00ednky, kter\u00e9 podporovaly vina\u0159stv\u00ed od \u0159\u00edmsk\u00fdch dob a nad\u00e1le p\u0159in\u00e1\u0161ej\u00ed v\u00edna \u2013 zejm\u00e9na Chasselas ve vinic\u00edch pojmenovan\u00fdch po Fendantu a Pinot Noir, p\u0159i\u010dem\u017e Merlot dominuje v italskojazy\u010dn\u00e9m kantonu Ticino. Nejvlh\u010d\u00ed lokality le\u017e\u00ed ve vysok\u00fdch Alp\u00e1ch a Ticinu, kde sporadick\u00e9, intenzivn\u00ed bou\u0159e p\u0159eru\u0161uj\u00ed dlouh\u00e9 intervaly slune\u010dn\u00edho svitu.<\/p>\n<p>Politick\u00e1 struktura spo\u010d\u00edv\u00e1 na federaci 26 kanton\u016f, z nich\u017e ka\u017ed\u00fd m\u00e1 vlastn\u00ed \u00fastavu, parlament, vl\u00e1du, soudnictv\u00ed a policii. Po\u010det obyvatel kanton\u016f se pohybuje od sotva n\u011bco m\u00e1lo p\u0159es \u0161estn\u00e1ct tis\u00edc v Appenzell Innerrhoden do t\u00e9m\u011b\u0159 1,5 milionu v Curychu, zat\u00edmco jejich \u00fazemn\u00ed rozsah se pohybuje od \u010dtrn\u00e1cti \u010dtvere\u010dn\u00edch mil v Basel-Stadt do 7 105 \u010dtvere\u010dn\u00edch kilometr\u016f v Graub\u00fcndenu. Podle feder\u00e1ln\u00ed \u00fastavy m\u00e1 ka\u017ed\u00fd kanton paritn\u00ed status, s v\u00fdjimkou \u0161esti \u201epolokanton\u016f\u201c, jejich\u017e zastoupen\u00ed v Rad\u011b st\u00e1t\u016f je polovi\u010dn\u00ed.<\/p>\n<p>Dopravn\u00ed infrastruktura odr\u00e1\u017e\u00ed z\u00e1vazek Konfederace k propojen\u00ed a udr\u017eitelnosti. Jej\u00ed \u017eelezni\u010dn\u00ed s\u00ed\u0165 \u2013 dlouh\u00e1 p\u011bt tis\u00edc dv\u011b st\u011b pades\u00e1t kilometr\u016f a prakticky pln\u011b elektrifikovan\u00e1 \u2013 p\u0159eprav\u00ed ro\u010dn\u011b p\u0159es \u0161est set milion\u016f cestuj\u00edc\u00edch. V roce 2015 \u0161v\u00fdcar\u0161t\u00ed obyvatel\u00e9 ujeli po \u017eeleznici pr\u016fm\u011brn\u011b 2 550 kilometr\u016f ro\u010dn\u011b, co\u017e je evropsk\u00fd rekord. St\u00e1tn\u00ed \u0160v\u00fdcarsk\u00e9 feder\u00e1ln\u00ed dr\u00e1hy provozuj\u00ed \u0161edes\u00e1t procent s\u00edt\u011b se standardn\u00edm rozchodem, zat\u00edmco spole\u010dnosti jako BLS AG, Rh\u00e9tsk\u00e1 \u017eeleznice a Matterhorn Gotthard Bahn obsluhuj\u00ed dal\u0161\u00ed trasy, v\u010detn\u011b trat\u00ed uznan\u00fdch UNESCO a Glacier Express. \u00dast\u0159edn\u00edm bodem alpsk\u00e9 dopravy je Gotthardsk\u00fd \u00fapatn\u00ed tunel, kter\u00fd se rozprost\u00edr\u00e1 57,1 kilometru pod Alpami a je nejdel\u0161\u00edm a nejhlub\u0161\u00edm \u017eelezni\u010dn\u00edm tunelem na sv\u011bt\u011b a tvo\u0159\u00ed j\u00e1dro Nov\u00e9ho \u017eelezni\u010dn\u00edho spojen\u00ed p\u0159es Alpy. D\u00e1lnice, kter\u00e9 jsou bez m\u00fdtn\u00e9ho, \u200b\u200bale \u0159\u00edd\u00ed se povinnost\u00ed ro\u010dn\u00ed d\u00e1lni\u010dn\u00ed zn\u00e1mky, se t\u00e1hnou 1 638 kilometr\u016f a \u0159ad\u00ed se mezi nejhust\u0161\u00ed d\u00e1lni\u010dn\u00ed syst\u00e9my na sv\u011bt\u011b.<\/p>\n<p>Leteckou dopravu zaji\u0161\u0165uje p\u0159edev\u0161\u00edm leti\u0161t\u011b v Curychu, kter\u00e9 v roce 2012 odbavilo dvacet dva,8 milionu cestuj\u00edc\u00edch, n\u00e1sledovan\u00e9 leti\u0161t\u011bm v \u017denev\u011b, EuroAirport Basel Mulhouse Freiburg, Bern, Lugano, St. Gallen-Altenrhein a Sion. N\u00e1rodn\u00edm dopravcem je spole\u010dnost Swiss International Air Lines \u2013 se s\u00eddlem v Basileji a uzlem v Curychu.<\/p>\n<p>Demograficky se po\u010det obyvatel \u0160v\u00fdcarska mezi lety 1800 a 1990 \u010dty\u0159n\u00e1sobn\u011b zv\u00fd\u0161il, a to d\u00edky industrializaci a imigraci. Sou\u010dasn\u00e9 projekce p\u0159edpokl\u00e1daj\u00ed pokra\u010duj\u00edc\u00ed r\u016fst a\u017e do roku 2035, poh\u00e1n\u011bn\u00fd p\u0159edev\u0161\u00edm p\u0159\u00edchoz\u00edmi obyvateli. M\u00edra plodnosti se pohybuje bl\u00edzko \u00farovn\u011b pln\u00e9 reprodukce a st\u0159edn\u00ed v\u011bk \u010dty\u0159icet \u010dty\u0159i a p\u016fl roku p\u0159edstavuje jednu z nejstar\u0161\u00edch populac\u00ed na sv\u011bt\u011b. Etnicky tvo\u0159\u00ed \u0161v\u00fdcar\u0161t\u00ed st\u00e1tn\u00ed p\u0159\u00edslu\u0161n\u00edci zhruba \u0161edes\u00e1t dev\u011bt procent obyvatel, zbytek tvo\u0159\u00ed n\u011bmeck\u00e9, italsk\u00e9, portugalsk\u00e9, francouzsk\u00e9, kosovsk\u00e9, tureck\u00e9 a dal\u0161\u00ed komunity, spolu s odhadovanou romskou men\u0161inou t\u0159iceti tis\u00edc. Cizinci tvo\u0159\u00ed \u010dtvrtinu z t\u00e9m\u011b\u0159 dev\u00edtimilionov\u00e9 populace, co\u017e p\u0159edstavuje neobvyklou \u0161\u00ed\u0159i glob\u00e1ln\u00edho p\u016fvodu.<\/p>\n<p>Kulturn\u00ed \u017eivot vznik\u00e1 z prol\u00edn\u00e1n\u00ed jazykov\u00fdch region\u016f a spole\u010dn\u00e9ho alpsk\u00e9ho d\u011bdictv\u00ed. \u010cty\u0159i n\u00e1rodn\u00ed jazyky formuj\u00ed m\u00edstn\u00ed zvyky a um\u011bleck\u00fd projev, zat\u00edmco r\u00e9torom\u00e1nsky mluv\u00edc\u00ed enkl\u00e1vy Graub\u00fcnden zachov\u00e1vaj\u00ed jedine\u010dn\u00e9 jazykov\u00e9 tradice v \u00fadol\u00edch horn\u00edho R\u00fdna a Innu. Tv\u016fr\u010d\u00ed osobnosti \u2013 od spisovatel\u016f po skladatele \u2013 jak vznikly ve \u0160v\u00fdcarsku, tak i byly do n\u011bj p\u0159itahov\u00e1ny, zejm\u00e9na v obdob\u00edch kontinent\u00e1ln\u00edch spor\u016f. P\u0159ibli\u017en\u011b tis\u00edc muze\u00ed odr\u00e1\u017e\u00ed oddanost um\u011bn\u00ed, historii a v\u011bd\u011b, zat\u00edmco ka\u017edoro\u010dn\u00ed akce \u2013 Pal\u00e9o Festival, Lucerne Festival, Montreux Jazz Festival, Locarno International Film Festival a Art Basel \u2013 p\u0159itahuj\u00ed mezin\u00e1rodn\u00ed publikum. Konfederace hostila sout\u011b\u017e Eurovision Song Contest t\u0159ikr\u00e1t: jej\u00ed inaugura\u010dn\u00ed ro\u010dn\u00edk v roce 1956 v Luganu, ro\u010dn\u00edk 1989 v Lausanne a sout\u011b\u017e v roce 2025 v Basileji; mezi \u0161v\u00fdcarsk\u00e9 v\u00edt\u011bze pat\u0159\u00ed Lys Assia v roce 1956, C\u00e9line Dion v roce 1988 a Nemo v roce 2024.<\/p>\n<p>Alpsk\u00e1 symbolika je z\u00e1kladem \u0161v\u00fdcarsk\u00e9 identity, evokovan\u00e9 v hudb\u011b, tanci, \u0159ezb\u00e1\u0159stv\u00ed, poezii a vy\u0161\u00edv\u00e1n\u00ed. Instituce lidov\u00e9ho um\u011bn\u00ed p\u011bstuj\u00ed tradice, kter\u00e9 sahaj\u00ed od hry na alpsk\u00fd roh \u2013 jeho rezonan\u010dn\u00ed d\u0159ev\u011bn\u00e9 trubky evokuj\u00edc\u00ed horsk\u00e1 \u00fadol\u00ed \u2013 a\u017e po j\u00f3dlov\u00e1n\u00ed a hudbu na akordeon. Pasteveck\u00fd \u017eivot z\u016fst\u00e1v\u00e1 v\u0161udyp\u0159\u00edtomn\u00fd v horsk\u00fdch komunit\u00e1ch, kde skromn\u00e9 \u200b\u200bfarmy a pasouc\u00ed se dobytek p\u0159edstavuj\u00ed kontinuitu se stalet\u00ed star\u00fdmi praktikami.<\/p>\n<p>Kuchyn\u011b odr\u00e1\u017e\u00ed region\u00e1ln\u00ed klima a kulturn\u00ed sp\u0159\u00edzn\u011bnost. Univerz\u00e1ln\u00ed pokrmy \u2013 fondue, raclette a r\u00f6sti \u2013 se nach\u00e1zej\u00ed vedle m\u00edstn\u00edch specialit, jako jsou Z\u00fcrcher Geschnetzeltes, kter\u00e9 se p\u0159ipravuj\u00ed z region\u00e1ln\u00edch ml\u00e9\u010dn\u00fdch v\u00fdrobk\u016f a proslul\u00fdch s\u00fdr\u016f, jako je Gruy\u00e8re a Emmental. Z\u00e1padn\u00ed \u0160v\u00fdcarsko host\u00ed koncentraci luxusn\u00edch restaurac\u00ed, zat\u00edmco v\u00fdroba \u010dokol\u00e1dy \u2013 sahaj\u00edc\u00ed a\u017e do osmn\u00e1ct\u00e9ho stolet\u00ed \u2013 dos\u00e1hla technick\u00e9ho zdokonalen\u00ed na konci devaten\u00e1ct\u00e9ho stolet\u00ed d\u00edky vyn\u00e1lezc\u016fm, jako byl Daniel Peter, jeho\u017e receptura pevn\u00e9 ml\u00e9\u010dn\u00e9 \u010dokol\u00e1dy z roku 1875 posunula \u0160v\u00fdcarsko na \u010deln\u00ed m\u00edsto ve sv\u011btov\u00e9 spot\u0159eb\u011b \u010dokol\u00e1dy na obyvatele.<\/p>\n<p>Vina\u0159sk\u00e9 tradice sahaj\u00ed a\u017e k starov\u011bk\u00fdm \u0159\u00edmsk\u00fdm precedent\u016fm, ale vzkv\u00e9taj\u00ed i v sou\u010dasn\u00fdch vinic\u00edch ve Valais, Vaud, \u017denev\u011b a Ticinu. Z b\u00edl\u00fdch a \u010derven\u00fdch odr\u016fd p\u0159evl\u00e1d\u00e1 Chasselas a Pinot Noir, jejich\u017e p\u011bstov\u00e1n\u00ed je ovlivn\u011bno rozmanit\u00fdmi p\u016fdami a mikroklimatem.<\/p>\n<p>Venkovn\u00ed rekreace se prol\u00edn\u00e1 s dopravn\u00edmi koridory a \u010din\u00ed z cesty samotn\u00e9 ned\u00edlnou sou\u010d\u00e1st z\u00e1\u017eitku. Sjezdov\u00e9 ly\u017eov\u00e1n\u00ed se t\u011b\u0161\u00ed celosv\u011btov\u00e9mu v\u011bhlasu, zat\u00edmco p\u011b\u0161\u00ed turistika a horsk\u00e1 cyklistika vedou po alpsk\u00fdch stezk\u00e1ch, kter\u00e9 sahaj\u00ed od p\u0159\u00edstupn\u00fdch \u00fadol\u00ed a\u017e po impozantn\u00ed severn\u00ed st\u011bnu Eigeru, jej\u00ed\u017e v\u00fdstupy \u2013 pln\u00e9 historick\u00fdch ob\u011bt\u00ed \u2013 dos\u00e1hly t\u00e9m\u011b\u0159 mytick\u00e9ho statusu. \u017deleznice a silnice protk\u00e1vaj\u00edc\u00ed horsk\u00e9 pr\u016fsmyky odhaluj\u00ed panoramata vrchol\u016f, ledovc\u016f a jezer, co\u017e zaji\u0161\u0165uje, \u017ee topografick\u00e9 bohatstv\u00ed \u0160v\u00fdcarska nen\u00ed vn\u00edm\u00e1no pouze jako p\u0159edm\u011bt kontemplace, ale tak\u00e9 jako vektor pohybu.<\/p>\n<p>D\u00edky konvergenci feder\u00e1ln\u00ed spr\u00e1vy, geografick\u00e9 rozmanitosti, ekonomick\u00e9 vitality a kulturn\u00edho pluralismu si \u0160v\u00fdcarsko zachov\u00e1v\u00e1 soudr\u017enou n\u00e1rodn\u00ed identitu zako\u0159en\u011bnou ve sd\u00edlen\u00fdch hodnot\u00e1ch p\u0159\u00edm\u00e9 demokracie a alpsk\u00e9 symboliky. Jeho v\u00fdvoj od konfederace st\u0159edov\u011bk\u00fdch kanton\u016f k modern\u00edmu st\u00e1tu je p\u0159\u00edkladem synt\u00e9zy m\u00edstn\u00ed autonomie a kolektivn\u00ed v\u016fle \u2013 modelu, kter\u00fd i nad\u00e1le utv\u00e1\u0159\u00ed kontury \u0161v\u00fdcarsk\u00e9ho \u017eivota uprost\u0159ed v\u00fdzev m\u011bn\u00edc\u00edho se sv\u011bta.<\/p>\n<p>\u0160v\u00fdcarsko, kter\u00e9 je sv\u011bdkem stalet\u00ed politick\u00fdch inovac\u00ed, in\u017een\u00fdrsk\u00fdch \u010din\u016f a um\u011bleck\u00e9ho \u00fasil\u00ed, se prosazuje nejen jako destinace, ale tak\u00e9 jako p\u0159\u00edklad toho, jak se um\u00edrn\u011bn\u00e1 spr\u00e1va v\u011bc\u00ed ve\u0159ejn\u00fdch, respekt k region\u00e1ln\u00ed heterogenit\u011b a rozhodn\u00e1 neutralita mohou spojit v prosperuj\u00edc\u00ed a stabiln\u00ed spole\u010dnost, jej\u00ed\u017e p\u0159irozen\u00e1 vzne\u0161enost a spole\u010densk\u00e9 \u00fasp\u011bchy z\u016fst\u00e1vaj\u00ed neodd\u011bliteln\u011b spjaty.<\/p>","protected":false},"excerpt":{"rendered":"<p>\u0160v\u00fdcarsko, vnitrozemsk\u00e1 zem\u011b le\u017e\u00edc\u00ed ve st\u0159edu z\u00e1padn\u00ed Evropy, s populac\u00ed kolem 8,7 milionu lid\u00ed od roku 2023. Tento mal\u00fd, ale mocn\u00fd st\u00e1t, strategicky um\u00edst\u011bn\u00fd na k\u0159i\u017eovatce n\u011bkolika v\u00fdznamn\u00fdch evropsk\u00fdch n\u00e1rod\u016f, hrani\u010d\u00ed s N\u011bmeckem na severu, Franci\u00ed na z\u00e1pad\u011b, It\u00e1li\u00ed na jihu, Rakouskem a Lichten\u0161tejnskem na v\u00fdchod\u011b. A\u010dkoli v\u011bt\u0161ina lid\u00ed \u017eije na \u0160v\u00fdcarsk\u00e9 n\u00e1horn\u00ed plo\u0161in\u011b, kter\u00e1 je domovem nejv\u011bt\u0161\u00edch m\u011bst a ekonomick\u00fdch velmoc\u00ed, jako je Curych, \u017deneva a Basilej, n\u00e1dhern\u00e9 Alpy dominuj\u00ed \u0161v\u00fdcarsk\u00e9 krajin\u011b a tvo\u0159\u00ed zna\u010dnou \u010d\u00e1st \u00fazem\u00ed zem\u011b.<\/p>","protected":false},"author":1,"featured_media":3506,"parent":24078,"menu_order":0,"comment_status":"closed","ping_status":"closed","template":"elementor_theme","meta":{"_eb_attr":"","footnotes":""},"class_list":["post-12907","page","type-page","status-publish","has-post-thumbnail"],"_links":{"self":[{"href":"https:\/\/travelshelper.com\/cs\/wp-json\/wp\/v2\/pages\/12907","targetHints":{"allow":["GET"]}}],"collection":[{"href":"https:\/\/travelshelper.com\/cs\/wp-json\/wp\/v2\/pages"}],"about":[{"href":"https:\/\/travelshelper.com\/cs\/wp-json\/wp\/v2\/types\/page"}],"author":[{"embeddable":true,"href":"https:\/\/travelshelper.com\/cs\/wp-json\/wp\/v2\/users\/1"}],"replies":[{"embeddable":true,"href":"https:\/\/travelshelper.com\/cs\/wp-json\/wp\/v2\/comments?post=12907"}],"version-history":[{"count":0,"href":"https:\/\/travelshelper.com\/cs\/wp-json\/wp\/v2\/pages\/12907\/revisions"}],"up":[{"embeddable":true,"href":"https:\/\/travelshelper.com\/cs\/wp-json\/wp\/v2\/pages\/24078"}],"wp:featuredmedia":[{"embeddable":true,"href":"https:\/\/travelshelper.com\/cs\/wp-json\/wp\/v2\/media\/3506"}],"wp:attachment":[{"href":"https:\/\/travelshelper.com\/cs\/wp-json\/wp\/v2\/media?parent=12907"}],"curies":[{"name":"wp","href":"https:\/\/api.w.org\/{rel}","templated":true}]}}