{"id":12865,"date":"2024-09-17T00:02:43","date_gmt":"2024-09-17T00:02:43","guid":{"rendered":"https:\/\/travelshelper.com\/staging\/?page_id=12865"},"modified":"2026-03-12T23:49:44","modified_gmt":"2026-03-12T23:49:44","slug":"svedsko","status":"publish","type":"page","link":"https:\/\/travelshelper.com\/cs\/destinations\/europe\/sweden\/","title":{"rendered":"\u0160v\u00e9dsko"},"content":{"rendered":"<p>\u0160v\u00e9dsko, ofici\u00e1ln\u011b \u0160v\u00e9dsk\u00e9 kr\u00e1lovstv\u00ed, zab\u00edr\u00e1 v\u00fdchodn\u00ed \u010d\u00e1st Skandin\u00e1vsk\u00e9ho poloostrova v severn\u00ed Evrop\u011b. Rozkl\u00e1d\u00e1 se na plo\u0161e 450 295 kilometr\u016f \u010dtvere\u010dn\u00edch a \u017eije zde p\u0159ibli\u017en\u011b 10,6 milionu obyvatel, z nich\u017e 88 procent \u017eije v m\u011bstsk\u00fdch centrech, kter\u00e1 jsou p\u0159ev\u00e1\u017en\u011b soust\u0159ed\u011bna ve st\u0159edn\u00ed a ji\u017en\u00ed polovin\u011b zem\u011b. \u0160v\u00e9dsko, kter\u00e9 hrani\u010d\u00ed na z\u00e1pad\u011b a severu s Norskem a na v\u00fdchod\u011b s Finskem, se \u0159ad\u00ed k nejv\u011bt\u0161\u00edm seversk\u00fdm st\u00e1t\u016fm co do rozlohy a demografie a p\u00e1t\u00fdm nejv\u011bt\u0161\u00edm na evropsk\u00e9m kontinentu. Jeho hlavn\u00ed m\u011bsto Stockholm se rozkl\u00e1d\u00e1 na souhv\u011bzd\u00ed ostrov\u016f na rozhran\u00ed jezera M\u00e4laren a Baltsk\u00e9ho mo\u0159e a slou\u017e\u00ed jako op\u011brn\u00fd bod politick\u00e9ho, ekonomick\u00e9ho a kulturn\u00edho \u017eivota st\u00e1tu, kter\u00fd si od sv\u00e9ho upevn\u011bn\u00ed na konci des\u00e1t\u00e9ho stolet\u00ed utk\u00e1v\u00e1 trvalou tradici n\u00e1mo\u0159n\u00edch schopnost\u00ed, \u00fazemn\u00ed nadvl\u00e1dy a progresivn\u00ed soci\u00e1ln\u00ed politiky.<\/p>\n<p>Nejstar\u0161\u00ed lidsk\u00e1 p\u0159\u00edtomnost na \u00fazem\u00ed dne\u0161n\u00edho \u0160v\u00e9dska se datuje p\u0159ibli\u017en\u011b do roku 12 000 p\u0159. n. l., kdy se pr\u016fkopnick\u00fd lovec a sb\u011bra\u010d postupoval na sever v br\u00e1zd\u011b ustupuj\u00edc\u00edch ledov\u00fdch p\u0159\u00edkrov\u016f. B\u011bhem n\u00e1sleduj\u00edc\u00edch tis\u00edcilet\u00ed se tyto r\u016fznorod\u00e9 skupiny slou\u010dily do Geat\u016f a Svear\u016f \u2013 n\u00e1rod\u016f, jejich\u017e n\u00e1mo\u0159n\u00ed dovednosti jim \u010dasem zajistily m\u00edsto mezi seversk\u00fdmi mo\u0159eplavci, kte\u0159\u00ed zmapovali severn\u00ed Atlantik. Koncem des\u00e1t\u00e9ho stolet\u00ed se za\u010dal formovat jednotn\u00fd \u0161v\u00e9dsk\u00fd politick\u00fd syst\u00e9m, jeho\u017e autorita se upevnila pod monarchi\u00ed, kter\u00e1 pozd\u011bji prov\u00e1zela n\u00e1rod Kalmarskou uni\u00ed (1397\u20131523) po boku D\u00e1nska a Norska a n\u00e1sledn\u011b i v\u0159avou t\u0159icetilet\u00e9 v\u00e1lky. Tento konflikt zah\u00e1jil \u00e9ru imperi\u00e1ln\u00edch ambic\u00ed; \u0161v\u00e9dsk\u00e9 prapory vl\u00e1ly nad velkou \u010d\u00e1st\u00ed baltsk\u00e9ho pob\u0159e\u017e\u00ed, zat\u00edmco se rod\u00edc\u00ed se \u0159\u00ed\u0161e prosazovala jako evropsk\u00e1 velmoc a\u017e do po\u010d\u00e1tku osmn\u00e1ct\u00e9ho stolet\u00ed. A\u010dkoli byla v\u00fdchodn\u00ed provincie Finska v roce 1809 postoupena c\u00edsa\u0159sk\u00e9mu Rusku a posledn\u00ed \u0161v\u00e9dsk\u00fd v\u00e1le\u010dn\u00fd podnik \u2013 vynucen\u00e1 unie s Norskem v roce 1814 \u2013 se uk\u00e1zal jako pom\u00edjiv\u00fd, n\u00e1rod pot\u00e9 p\u0159ijal kurz neutrality a soci\u00e1ln\u00edch reforem, kter\u00e9 p\u0159edznamen\u00e1valy jeho modern\u00ed identitu.<\/p>\n<p>V sou\u010dasn\u00e9 konstitu\u010dn\u00ed monarchii a parlamentn\u00ed demokracii spo\u010d\u00edv\u00e1 z\u00e1konod\u00e1rn\u00e1 moc v jednokomorov\u00e9m Riksdagu, kter\u00fd se skl\u00e1d\u00e1 z 349 \u010dlen\u016f volen\u00fdch za reprezentaci unit\u00e1rn\u00edho st\u00e1tu rozd\u011blen\u00e9ho do 21 kraj\u016f a 290 obc\u00ed. Charakteristick\u00fdm znakem \u0161v\u00e9dsk\u00e9 spr\u00e1vy v\u011bc\u00ed ve\u0159ejn\u00fdch od devaten\u00e1ct\u00e9ho stolet\u00ed je roz\u0161i\u0159ov\u00e1n\u00ed v\u0161eobecn\u00e9ho soci\u00e1ln\u00edho zabezpe\u010den\u00ed: zdravotn\u00ed p\u00e9\u010de a terci\u00e1rn\u00ed vzd\u011bl\u00e1v\u00e1n\u00ed jsou financov\u00e1ny z ve\u0159ejn\u00fdch zdroj\u016f, co\u017e je z\u00e1kladem spole\u010dnosti, kter\u00e1 se v celosv\u011btov\u00e9m \u017eeb\u0159\u00ed\u010dku indexu lidsk\u00e9ho rozvoje um\u00edstila na p\u00e1t\u00e9m m\u00edst\u011b a je zn\u00e1m\u00e1 pro vynikaj\u00edc\u00ed v\u00fdsledky v tak rozmanit\u00fdch oblastech, jako je rovnost \u017een a mu\u017e\u016f, parita p\u0159\u00edjm\u016f a ob\u010dansk\u00e9 svobody. \u0160v\u00e9dsko, kter\u00e9 vstoupilo do Evropsk\u00e9 unie 1. ledna 1995 a do NATO 7. b\u0159ezna 2024, je aktivn\u00edm \u010dlenem Organizace spojen\u00fdch n\u00e1rod\u016f, schengensk\u00e9ho prostoru, Rady Evropy, Seversk\u00e9 rady, WTO a OECD a z\u00e1rove\u0148 si zachov\u00e1v\u00e1 svou historickou ambivalentnost v\u016f\u010di ozbrojen\u00fdm konflikt\u016fm.<\/p>\n<p>Geograficky se \u0160v\u00e9dsko rozkl\u00e1d\u00e1 od 55\u00b0 do 69\u00b0 severn\u00ed \u0161\u00ed\u0159ky a p\u0159ev\u00e1\u017en\u011b od 11\u00b0 do 25\u00b0 v\u00fdchodn\u00ed d\u00e9lky, \u010d\u00edm\u017e tvo\u0159\u00ed zemi s pozoruhodnou topografickou rozmanitost\u00ed. Skandin\u00e1vsk\u00e9 poho\u0159\u00ed vymezuje jeho z\u00e1padn\u00ed hranici s Norskem a d\u00e1v\u00e1 vzniknout \u0159ek\u00e1m ohromn\u00e9 \u200b\u200b\u0161\u00ed\u0159ky \u2013 m\u00edstn\u011b zn\u00e1m\u00fdm jako \u00e4lvar \u2013 jejich\u017e nejrozs\u00e1hlej\u0161\u00ed tok, syst\u00e9m Klar\u00e4lven-G\u00f6ta \u00e4lv, pramen\u00ed ze st\u0159edn\u00edho Norska a t\u00e1hne se p\u0159es 1 160 kilometr\u016f, ne\u017e dos\u00e1hne mo\u0159e v G\u00f6teborgu. Naproti tomu ml\u00fdny v ji\u017en\u00ed polovin\u011b vyu\u017e\u00edvaj\u00ed u\u017e\u0161\u00ed \u00e5ar k z\u00e1sobov\u00e1n\u00ed hust\u00e9 s\u00edt\u011b m\u011bstsk\u00fdch a zem\u011bd\u011blsk\u00fdch s\u00eddel. Ve vnitrozem\u00ed pokr\u00fdvaj\u00ed lesy asi 65 procent ter\u00e9nu a poskytuj\u00ed zdroje d\u0159eva, kter\u00e9 spolu s vodn\u00ed energi\u00ed a \u017eeleznou rudou tvo\u0159\u00ed z\u00e1klad exportn\u011b orientovan\u00e9 ekonomiky, v n\u00ed\u017e stroj\u00edrenstv\u00ed tvo\u0159\u00ed polovinu produkce a zahrani\u010dn\u00edho prodeje. V\u00e4nern \u2013 t\u0159et\u00ed nejv\u011bt\u0161\u00ed jezero v Evrop\u011b \u2013 spolu s V\u00e4tternem, M\u00e4larenem a Hj\u00e4lmarenem utv\u00e1\u0159\u00ed n\u00ed\u017einy G\u00f6talandu a Svealandu, zat\u00edmco severn\u011b od pol\u00e1rn\u00edho kruhu se fj\u00e4llsk\u00e1 a bore\u00e1ln\u00ed divo\u010dina prol\u00ednaj\u00ed v rozlehl\u00e9 oblasti, kde se potuluj\u00ed st\u00e1da sob\u016f a pol\u00e1rn\u00ed z\u00e1\u0159e tan\u010d\u00ed na p\u016flno\u010dn\u00ed obloze.<\/p>\n<p>Klimatologicky \u0160v\u00e9dsko vzdoruje zjednodu\u0161en\u00fdm o\u010dek\u00e1v\u00e1n\u00edm severn\u00edch zem\u011bpisn\u00fdch \u0161\u00ed\u0159ek, jeho\u017e m\u00edrn\u00e9 p\u00e1smo je um\u00edrn\u011bno Golfsk\u00fdm proudem a p\u0159evl\u00e1daj\u00edc\u00edmi z\u00e1padn\u00edmi v\u011btry; v l\u00e9t\u011b dosahuje denn\u00edch maxim 19 \u00b0C a\u017e 24 \u00b0C, v zim\u011b pr\u016fm\u011brn\u00fdch teplot mezi -9 \u00b0C a 3 \u00b0C a na dalek\u00e9m jihu se m\u016f\u017ee souvisl\u00e1 sn\u011bhov\u00e1 pokr\u00fdvka zcela vyhnout. Denn\u00ed doba dramaticky kol\u00eds\u00e1: Stockholm se koupe ve v\u00edce ne\u017e 18 hodin\u00e1ch letn\u00edho slune\u010dn\u00e9ho slunce, p\u0159esto v prosinci vydr\u017e\u00ed jen \u0161est hodin denn\u00edho sv\u011btla. Ro\u010dn\u00ed sr\u00e1\u017eky se ve v\u011bt\u0161in\u011b region\u016f pohybuj\u00ed od 500 do 800 milimetr\u016f, na jihoz\u00e1pad\u011b stoupaj\u00ed a\u017e k 1 200 milimetr\u016fm a ve vybran\u00fdch horsk\u00fdch oblastech p\u0159esahuj\u00ed 2 000 milimetr\u016f, zat\u00edmco dlouhodob\u00e9 trendy nazna\u010duj\u00ed, \u017ee ub\u00fdvaj\u00edc\u00ed mo\u0159sk\u00fd led v Barentsov\u011b mo\u0159i by mohl v budoucnu zv\u00fd\u0161it sn\u011b\u017een\u00ed ve Skandin\u00e1vii.<\/p>\n<p>Kulturn\u00ed d\u011bdictv\u00ed \u0160v\u00e9dska je stejn\u011b rozmanit\u00e9. Jeho architektonick\u00e1 linie sah\u00e1 od d\u0159ev\u011bn\u00fdch staveb ran\u00e9ho st\u0159edov\u011bku p\u0159es rom\u00e1nsk\u00e9 a gotick\u00e9 kamenn\u00e9 kostely \u2013 p\u0159\u00edkladem je katedr\u00e1la v Lundu (jeden\u00e1ct\u00e9 stolet\u00ed) a cihlov\u00e1 katedr\u00e1la ve Skara (\u010dtrn\u00e1ct\u00e9 stolet\u00ed) \u2013 a odtud k barokn\u00edm hrad\u016fm a rokokov\u00fdm m\u011bstsk\u00fdm scen\u00e9ri\u00edm sedmn\u00e1ct\u00e9ho stolet\u00ed, v\u010detn\u011b n\u00e1mo\u0159n\u00ed ba\u0161ty Karlskrona (zapsan\u00e9 na seznamu sv\u011btov\u00e9ho d\u011bdictv\u00ed UNESCO) a kr\u00e1lovsk\u00e9ho pal\u00e1ce Drottningholm na Eker\u00f6. Funkcionalistick\u00e1 \u201eStockholmsk\u00e1 v\u00fdstava\u201c z roku 1930 katalyzovala modernistickou vlnu zn\u00e1mou jako funkis, kter\u00e1 se v n\u00e1sleduj\u00edc\u00edch desetilet\u00edch projevila v rozs\u00e1hl\u00fdch bytov\u00fdch developersk\u00fdch projektech v r\u00e1mci programu Million. Mezi sou\u010dasn\u00fdmi pam\u00e1tkami upout\u00e1 pozornost Avicii Arena ve Stockholmu jako nejv\u011bt\u0161\u00ed polokulov\u00e1 stavba na sv\u011bt\u011b s kopul\u00ed o d\u00e9lce 110 metr\u016f.<\/p>\n<p>\u0160v\u00e9dsk\u00e1 kuchyn\u011b, historicky stroh\u00e1 a formovan\u00e1 rybami, masem, bramborami a ml\u00e9\u010dn\u00fdmi v\u00fdrobky, se vyvinula v kultivovanou tradici. Ikonick\u00e9 pokrmy \u2013 masov\u00e9 kuli\u010dky s om\u00e1\u010dkou a brusinkov\u00fdm d\u017eemem, pyttipanna hash a sez\u00f3nn\u00ed fermentovan\u00fd pokrm surstr\u00f6mming \u2013 se nach\u00e1zej\u00ed po boku p\u0159\u00edjemn\u00e9ho sm\u00f6rgasbordu a slavnostn\u00edch toast\u016f s k\u0159upkami a aquavitem. K\u0159upav\u00e9 chleby dnes svou rozmanitost\u00ed konkuruj\u00ed sv\u00fdm p\u016fvodn\u00edm ploch\u00fdm form\u00e1m a region\u00e1ln\u00ed speciality, jako je \u00faho\u0159 na jihu a fermentovan\u00fd sled\u011b na severu, sv\u011bd\u010d\u00ed o trval\u00e9m spojen\u00ed mezi geografi\u00ed a gastronomi\u00ed.<\/p>\n<p>Dopravn\u00ed infrastruktura zem\u011b odr\u00e1\u017e\u00ed jej\u00ed dvoj\u00ed z\u00e1vazek k propojen\u00ed a ochran\u011b \u017eivotn\u00edho prost\u0159ed\u00ed. V\u00edce ne\u017e 162 000 kilometr\u016f zpevn\u011bn\u00fdch silnic, 1 428 kilometr\u016f rychlostn\u00edch silnic a most \u00d6resund spojuj\u00ed \u0160v\u00e9dsko jak vnitrozemsky, tak s D\u00e1nskem; \u017eelezni\u010dn\u00ed trat\u011b, a\u010dkoli jsou provozov\u00e1ny soukrom\u00fdmi spole\u010dnostmi, z\u016fst\u00e1vaj\u00ed z velk\u00e9 \u010d\u00e1sti ve vlastnictv\u00ed st\u00e1tu pod spr\u00e1vou Trafikverket, a stockholmsk\u00e9 metro \u2013 jedin\u00fd syst\u00e9m podzemn\u00ed dr\u00e1hy \u2013 obsluhuje 100 stanic. Hlavn\u00ed leti\u0161t\u011b v Arland\u011b, Landvetteru a Skavst\u011b usnad\u0148uj\u00ed mezin\u00e1rodn\u00ed cestov\u00e1n\u00ed, zat\u00edmco rozs\u00e1hl\u00e1 s\u00ed\u0165 trajekt\u016f a n\u00e1mo\u0159n\u00edch tras spojuje \u0160v\u00e9dsko s jeho pobaltsk\u00fdmi sousedy a n\u00e1mo\u0159n\u00ed oblast\u00ed Severn\u00edho mo\u0159e. U\u017e jen v r\u00e1mci Stockholmsk\u00e9ho souostrov\u00ed mohou n\u00e1v\u0161t\u011bvn\u00edci vyu\u017e\u00edt pr\u00e1va ve\u0159ejn\u00e9ho p\u0159\u00edstupu k proch\u00e1zk\u00e1m po ostrovech a vodn\u00edch cest\u00e1ch, kempov\u00e1n\u00ed na ur\u010den\u00fdch m\u00edstech a navazov\u00e1n\u00ed intimn\u00edch setk\u00e1n\u00ed s n\u00e1mo\u0159n\u00edm prost\u0159ed\u00edm, kter\u00e9 po stalet\u00ed formovalo \u0161v\u00e9dskou identitu.<\/p>\n<p>Administrativn\u011b a kulturn\u011b se \u0160v\u00e9dsko rozkl\u00e1d\u00e1 na t\u0159ech historick\u00fdch \u00fazem\u00edch: Norrlandu na severu, Svealandu uprost\u0159ed a G\u00f6talandu na jihu, p\u0159i\u010dem\u017e ka\u017ed\u00e9 z nich se skl\u00e1d\u00e1 z provinci\u00ed, kter\u00e9 p\u0159etrv\u00e1vaj\u00ed v pov\u011bdom\u00ed ve\u0159ejnosti, p\u0159esto\u017ee postr\u00e1daj\u00ed form\u00e1ln\u00ed vl\u00e1dn\u00ed autoritu. Norrland \u2013 zahrnuj\u00edc\u00ed p\u011bt hrabstv\u00ed \u2013 zahrnuje t\u00e9m\u011b\u0159 60 procent rozlohy zem\u011b, p\u0159esto z\u016fst\u00e1v\u00e1 \u0159\u00eddce os\u00eddlen\u00fd. Jeho lesy, \u0159eky a alpsk\u00e9 plo\u0161iny nab\u00edzej\u00ed jak zimn\u00ed sporty, tak i ekoturistiku. Svealand, s\u00eddlo politick\u00fdch a n\u00e1bo\u017eensk\u00fdch instituc\u00ed zem\u011b, zahrnuje Stockholm, Uppsalu a \u00d6rebro a jeho historie sah\u00e1 a\u017e k ran\u00fdm hutnick\u00fdm centr\u016fm, kter\u00e1 poh\u00e1n\u011bla \u0161v\u00e9dsk\u00e1 ta\u017een\u00ed v t\u0159icetilet\u00e9 v\u00e1lce. G\u00f6taland, rodov\u00e1 \u0159\u00ed\u0161e Geat\u016f, je sv\u011bdkem st\u0159edov\u011bk\u00fdch katedr\u00e1l, poh\u0159ebn\u00edch pam\u00e1tek p\u0159edk\u016f a modern\u00edch za\u0159\u00edzen\u00ed pro voln\u00fd \u010das, zat\u00edmco jeho \u00farodn\u00e9 p\u016fdy a rozs\u00e1hl\u00e9 vodn\u00ed cesty udr\u017eovaly obchodn\u00ed s\u00edt\u011b, kter\u00e9 p\u0159edznamenaly pr\u016fmyslov\u00fd vzestup m\u011bst, jako jsou G\u00f6teborg a Malm\u00f6.<\/p>\n<p>M\u011bstsk\u00fd \u017eivot ve \u0160v\u00e9dsku se shlukuje kolem jeho hlavn\u00edch m\u011bst. Stockholmsk\u00e9 barokn\u00ed pal\u00e1ce a muzea sou\u010dasn\u00e9ho um\u011bn\u00ed r\u00e1muj\u00ed jeho historick\u00e9 j\u00e1dro; G\u00f6teborg, kdysi nejv\u00fdznamn\u011bj\u0161\u00ed p\u0159\u00edstav zem\u011b, spojuje pr\u016fmyslov\u00e9 d\u011bdictv\u00ed se slavnou botanickou zahradou; Malm\u00f6, spojen\u00e9 mostem s Kodan\u00ed, je p\u0159\u00edkladem kosmopolitn\u00ed obnovy; Uppsala, starobyl\u00e9 s\u00eddlo \u0161v\u00e9dsk\u00fdch arcibiskup\u016f, si zachov\u00e1v\u00e1 nejv\u011bt\u0161\u00ed st\u0159edov\u011bkou katedr\u00e1lu na kontinentu; Lund pulzuje energi\u00ed sv\u00e9 univerzity a ozv\u011bnami vikingsk\u00fdch z\u00e1klad\u016f; Visbyho obezd\u011bn\u00fd okrsek p\u0159ipom\u00edn\u00e1 hanzovn\u00ed prosperitu; a Ume\u00e5, nejsevern\u011bj\u0161\u00ed m\u011bsto, vzkv\u00e9t\u00e1 uprost\u0159ed st\u0159\u00edbrn\u00fdch b\u0159ezov\u00fdch les\u016f a vzd\u011bl\u00e1vac\u00edch inovac\u00ed. Krom\u011b toho p\u0159isp\u00edvaj\u00ed do n\u00e1rodn\u00ed historie samostatn\u00fdmi kapitolami leteck\u00fd kampus v Link\u00f6pingu, d\u0159ev\u011bn\u00e9 mola v Karlskron\u011b a \u017eelezn\u00fd d\u016fl a ledov\u00fd hotel v Kirun\u011b.<\/p>\n<p>\u0160v\u00e9dsk\u00e1 kulturn\u00ed krajina sah\u00e1 za hranice m\u011bstsk\u00fdch oblast\u00ed do \u0159\u00ed\u0161\u00ed drsn\u00e9 divo\u010diny a folkl\u00f3rn\u00edch tradic. Dvacet dev\u011bt n\u00e1rodn\u00edch park\u016f, od subarktick\u00e9 rozlohy Sareku \u2013 dlouho oslavovan\u00e9ho jako posledn\u00ed evropsk\u00e1 divo\u010dina \u2013 a\u017e po pono\u0159en\u00e9 \u00fatesy Kosterhavetu, chr\u00e1n\u00ed stanovi\u0161t\u011b, kde se voln\u011b pohybuj\u00ed losi a rosom\u00e1ci a pod vlnami vzkv\u00e9t\u00e1 mo\u0159sk\u00fd \u017eivot. Hojnost t\u00e9to krajiny podporuje sez\u00f3nn\u00ed aktivity: b\u011b\u017eeck\u00e9 ly\u017eov\u00e1n\u00ed a \u00factyhodn\u00fd maraton Vasaloppet v zim\u011b; turistiku po stezce Kungsleden v l\u00e9t\u011b; kanoistiku \u0159\u00ed\u010dn\u00edmi koridory; plavbu mezi souostrovn\u00edmi ostr\u016fvky; a odv\u011bk\u00fd sb\u011br lesn\u00edch plod\u016f a hub. \u0160v\u00e9dsk\u00fd klasick\u00fd okruh, vytrvalostn\u00ed \u010dty\u0159boj ly\u017eov\u00e1n\u00ed, b\u011bhu, cyklistiky a plav\u00e1n\u00ed, zt\u011bles\u0148uje \u00e9tos outdoorov\u00e9ho ob\u010danstv\u00ed, kter\u00e9 prostupuje n\u00e1rodn\u00edm \u017eivotem.<\/p>\n<p>V ob\u010dansk\u00e9 sf\u00e9\u0159e \u0161v\u00e9dsk\u00e9 instituce odr\u00e1\u017eej\u00ed \u00e9tos kolektivn\u00edho blahobytu a rovnost\u00e1\u0159sk\u00e9ho slibu. S HDP na obyvatele, kter\u00e9 pat\u0159\u00ed k nejvy\u0161\u0161\u00edm na sv\u011bt\u011b, a pozic\u00ed dvan\u00e1ct\u00e9ho nejbohat\u0161\u00edho n\u00e1roda, vyva\u017euje \u0161v\u00e9dsk\u00e1 pr\u016fmyslov\u00e1 zdatnost \u2013 p\u0159\u00edkladem jsou spole\u010dnosti Volvo, Ericsson, SAAB a IKEA \u2013 se spr\u00e1vou ob\u010dansk\u00e9 spole\u010dnosti prost\u0159ednictv\u00edm sdru\u017een\u00ed, kter\u00e1 chr\u00e1n\u00ed lidovou kulturu, \u0159emesla a spole\u010dn\u00fd \u017eivot. Muzea v p\u0159\u00edrod\u011b, jako je Skansen, chr\u00e1n\u00ed lidovou architekturu a tradi\u010dn\u00ed \u0159emesla; hembygdsf\u00f6reningar (m\u00edstn\u00ed spolky pro ochranu kulturn\u00edho d\u011bdictv\u00ed) upev\u0148uj\u00ed kulturn\u00ed kontinuitu; a pr\u00e1vo ve\u0159ejnosti na p\u0159\u00edstup (allemansr\u00e4tten) zakotvuje sd\u00edlenou odpov\u011bdnost za p\u0159\u00edrodn\u00ed poklady.<\/p>\n<p>Cesta \u0160v\u00e9dskem znamen\u00e1 b\u00fdt sv\u011bdkem \u0159\u00ed\u0161e, kde se ledovcov\u00e1 topografie setk\u00e1v\u00e1 s hukotem velkom\u011bstsk\u00e9ho \u017eivota, kde stalet\u00e9 kamenn\u00e9 v\u011b\u017ee lemuj\u00ed borov\u00e9 lesy a kde \u00e9tos otev\u0159enosti ovliv\u0148uje ka\u017ed\u00fd aspekt ve\u0159ejn\u00e9ho i soukrom\u00e9ho \u00fasil\u00ed. Od zamrzl\u00fdch fjell\u016f Laponska a\u017e po dl\u00e1\u017ed\u011bn\u00e9 n\u00e1b\u0159e\u017e\u00ed Malm\u00f6 z\u016fst\u00e1v\u00e1 vrstevnat\u00e1 historie n\u00e1roda \u2013 vikingsk\u00fdch n\u00e1\u010deln\u00edk\u016f a budovatel\u016f \u0159\u00ed\u0161\u00ed, pr\u016fmyslov\u00fdch inov\u00e1tor\u016f a soci\u00e1ln\u00edch reform\u00e1tor\u016f \u2013 hmatateln\u00e1 jak ve fyzick\u00e9m prost\u0159ed\u00ed, tak v kolektivn\u00ed p\u0159edstavivosti. Je to zem\u011b definovan\u00e1 kontinuitou i prom\u011bnou, zem\u011b, v n\u00ed\u017e element\u00e1rn\u00ed s\u00edly p\u0159\u00edrody koexistuj\u00ed s rafinovan\u00fdmi projevy literatury, designu a ob\u010dansk\u00e9ho \u0159\u00e1du a vytv\u00e1\u0159ej\u00ed trval\u00fd p\u0159\u00edb\u011bh kulturn\u00ed a environment\u00e1ln\u00ed rezonance.<\/p>","protected":false},"excerpt":{"rendered":"<p>\u0160v\u00e9dsko, ofici\u00e1ln\u011b ozna\u010dovan\u00e9 jako \u0160v\u00e9dsk\u00e9 kr\u00e1lovstv\u00ed, je seversk\u00fd n\u00e1rod nach\u00e1zej\u00edc\u00ed se na Skandin\u00e1vsk\u00e9m poloostrov\u011b v severn\u00ed Evrop\u011b s p\u0159ibli\u017en\u011b 10,6 miliony obyvatel. Strategicky mezi Norskem na z\u00e1pad\u011b a severem a Finskem na v\u00fdchod\u011b je \u0160v\u00e9dsko. Na \u00fa\u017easn\u00e9 plo\u0161e 450 295 kilometr\u016f \u010dtvere\u010dn\u00edch (173 656 \u010dtvere\u010dn\u00edch mil) s rozmanit\u00fdm ter\u00e9nem je nejv\u011bt\u0161\u00ed severskou zem\u00ed a z\u00e1rove\u0148 p\u00e1tou nejv\u011bt\u0161\u00ed zem\u00ed v Evrop\u011b. N\u00edzk\u00e1 hustota os\u00eddlen\u00ed asi 25,5 jedinc\u016f na kilometr \u010dtvere\u010dn\u00ed vypl\u00fdvaj\u00edc\u00ed z velk\u00e9 rozlohy t\u00e9to zem\u011b v kombinaci s jej\u00ed pom\u011brn\u011b malou populac\u00ed definuje seversk\u00fd region.<\/p>","protected":false},"author":1,"featured_media":3377,"parent":24078,"menu_order":0,"comment_status":"closed","ping_status":"closed","template":"elementor_theme","meta":{"_eb_attr":"","footnotes":""},"class_list":["post-12865","page","type-page","status-publish","has-post-thumbnail"],"_links":{"self":[{"href":"https:\/\/travelshelper.com\/cs\/wp-json\/wp\/v2\/pages\/12865","targetHints":{"allow":["GET"]}}],"collection":[{"href":"https:\/\/travelshelper.com\/cs\/wp-json\/wp\/v2\/pages"}],"about":[{"href":"https:\/\/travelshelper.com\/cs\/wp-json\/wp\/v2\/types\/page"}],"author":[{"embeddable":true,"href":"https:\/\/travelshelper.com\/cs\/wp-json\/wp\/v2\/users\/1"}],"replies":[{"embeddable":true,"href":"https:\/\/travelshelper.com\/cs\/wp-json\/wp\/v2\/comments?post=12865"}],"version-history":[{"count":0,"href":"https:\/\/travelshelper.com\/cs\/wp-json\/wp\/v2\/pages\/12865\/revisions"}],"up":[{"embeddable":true,"href":"https:\/\/travelshelper.com\/cs\/wp-json\/wp\/v2\/pages\/24078"}],"wp:featuredmedia":[{"embeddable":true,"href":"https:\/\/travelshelper.com\/cs\/wp-json\/wp\/v2\/media\/3377"}],"wp:attachment":[{"href":"https:\/\/travelshelper.com\/cs\/wp-json\/wp\/v2\/media?parent=12865"}],"curies":[{"name":"wp","href":"https:\/\/api.w.org\/{rel}","templated":true}]}}