{"id":12822,"date":"2024-09-16T23:08:31","date_gmt":"2024-09-16T23:08:31","guid":{"rendered":"https:\/\/travelshelper.com\/staging\/?page_id=12822"},"modified":"2026-03-13T12:12:03","modified_gmt":"2026-03-13T12:12:03","slug":"blackpool","status":"publish","type":"page","link":"https:\/\/travelshelper.com\/cs\/destinations\/europe\/united-kingdom\/blackpool\/","title":{"rendered":"Blackpool"},"content":{"rendered":"<p>Brighton, le\u017e\u00edc\u00ed 75 kilometr\u016f ji\u017en\u011b od Lond\u00fdna na ji\u017en\u00edm pob\u0159e\u017e\u00ed Anglie, se rozkl\u00e1d\u00e1 jako soutok starobylosti a modern\u00edho rytmu. Jeho 13,2 km\u00b2 m\u011bstsk\u00e9 z\u00e1stavby je lemov\u00e1no zvln\u011bn\u00fdmi k\u0159\u00eddov\u00fdmi \u00fatesy South Downs na severu a klidn\u00fdm lemov\u00e1n\u00edm Laman\u0161sk\u00e9ho pr\u016flivu na jihu. S p\u0159ibli\u017en\u011b 277 965 obyvateli v okrese Brighton and Hove \u2013 kter\u00fd podle s\u010d\u00edt\u00e1n\u00ed lidu z roku 2011 vzrostl na zhruba 474 485 v \u0161ir\u0161\u00ed aglomeraci \u2013 se historie tohoto m\u011bsta pohybuje od os\u00eddlen\u00ed v dob\u011b bronzov\u00e9 p\u0159es \u0159\u00edmsk\u00e9 a anglosask\u00e9 os\u00eddlen\u00ed a\u017e po prvn\u00ed zaznamenanou zm\u00ednku jako Brighthelmstone v Domesday Book z roku 1086. Dnes se demografick\u00fd profil Brightonu siln\u011b vychyluje sm\u011brem k dosp\u011bl\u00fdm ve v\u011bku od dvaceti do \u010dty\u0159iceti \u010dty\u0159 let, p\u0159i\u010dem\u017e relativn\u00ed nedostatek velmi mlad\u00fdch a star\u0161\u00edch osob je vyv\u00e1\u017een nadm\u011brn\u011b velk\u00fdm po\u010dtem kosmopolitn\u00edch dvac\u00e1tn\u00edk\u016f, jejich\u017e p\u0159\u00edtomnost je z\u00e1kladem pov\u011bsti m\u011bsta jako neofici\u00e1ln\u00edho hlavn\u00edho m\u011bsta gay\u016f Spojen\u00e9ho kr\u00e1lovstv\u00ed, kde se 10,7 procenta obyvatel star\u0161\u00edch osmn\u00e1cti let v s\u010d\u00edt\u00e1n\u00ed lidu z roku 2021 identifikuje jako gayov\u00e9, lesby nebo bisexu\u00e1lov\u00e9.<\/p>\n<p>Od sv\u00e9ho nejran\u011bj\u0161\u00edho vzniku vedle sez\u00f3nn\u00ed \u0159eky Wellesbourne \u2013 zn\u00e1m\u00e9 tak\u00e9 jako Whalesbone \u2013 kter\u00e1 se kdysi klikatila pod East Cliff, ne\u017e v roce 1793 zmizela pod propustky, byl osud Brightonu utv\u00e1\u0159en setk\u00e1n\u00edm pevniny a mo\u0159e. Stojat\u00fd st\u0159edov\u011bk\u00fd rybn\u00edk Pool neboli Poole, d\u0159\u00edve charakteristick\u00fd rys dne\u0161n\u00edho Pool Valley, byl v osmn\u00e1ct\u00e9m stolet\u00ed pohlcen z\u00e1stavbou a jako sv\u011bdectv\u00ed o krajin\u011b d\u00e1vno ztracen\u00e9 zbyl pouze n\u00e1zev ulice. Na v\u00fdchod\u011b poskytovaly ba\u017einat\u00e9 roviny historicky zn\u00e1m\u00e9 jako The Steine \u200b\u200bryb\u00e1\u0159\u016fm provizorn\u00ed pl\u00e1tno, na kter\u00e9m su\u0161ili s\u00edt\u011b \u2013 tato Old Steine \u200b\u200bse pozd\u011bji prom\u011bnila v elegantn\u00ed promen\u00e1dn\u00ed plochu, kde se b\u011bhem vlekl\u00fdch de\u0161\u0165\u016f skryt\u00fd Wellesbourne st\u00e1le ob\u010das znovu vyno\u0159\u00ed, jak dokl\u00e1d\u00e1 vyobrazen\u00ed Kr\u00e1lovsk\u00e9ho pavilonu obklopen\u00e9ho nezvykl\u00fdmi vodami z po\u010d\u00e1tku devaten\u00e1ct\u00e9ho stolet\u00ed.<\/p>\n<p>Po cel\u00fd st\u0159edov\u011bk z\u016fst\u00e1val n\u00e1mo\u0159n\u00ed potenci\u00e1l Brighthelmstone ve srovn\u00e1n\u00ed se sousedn\u00edm Shorehamem okrajov\u00fd, p\u0159esto se ozna\u010den\u00ed \u201ep\u0159\u00edstav Brighthelmston\u201c a \u201ep\u0159\u00edstav Brighton\u201c mezi \u010dtrn\u00e1ct\u00fdm a devaten\u00e1ct\u00fdm stolet\u00edm s p\u0159est\u00e1vkami pou\u017e\u00edvala pro celn\u00ed \u00fa\u010dely, a to i p\u0159esto, \u017ee jeho pob\u0159e\u017en\u00ed fas\u00e1da za\u017e\u00edvala epizody z\u00e1plav a opot\u0159eben\u00ed. V\u00fdchodn\u00ed \u00fates, slo\u017een\u00fd z k\u0159\u00eddy podlo\u017een\u00e9 naplaveninami, j\u00edlem, pazourkem a vrstvami zelen\u00e9ho p\u00edsku, v pr\u016fb\u011bhu stalet\u00ed ustupoval \u2013 jen ve \u010dtrn\u00e1ct\u00e9m stolet\u00ed zmizelo \u010dty\u0159icet akr\u016f pob\u0159e\u017e\u00ed \u2013 a n\u00e1sledn\u00e9 bou\u0159e, zejm\u00e9na ty z let 1703 a 1896, zpusto\u0161ily p\u00eds\u010diny i z\u00e1kladn\u00ed n\u00e1mo\u0159n\u00ed opevn\u011bn\u00ed. Prvn\u00ed mo\u0159sk\u00e1 ze\u010f postaven\u00e1 v roce 1723 byla o sto let pozd\u011bji nahrazena impozantn\u00edm pruhem zdiva, odoln\u00fdm valem, kter\u00fd m\u011bl Brighton ukotvit p\u0159ed rozmary zimn\u00edch bou\u0159\u00ed v Laman\u0161sk\u00e9m pr\u016flivu.<\/p>\n<p>Byl to v\u0161ak p\u0159\u00edchod hlad\u0161\u00edch silnic do Lond\u00fdna a vyhl\u00eddka na francouzskou plavbu, kter\u00e9 vzk\u0159\u00edsily Brighton z ran\u011b novov\u011bk\u00e9 zanedbanosti. Koup\u00e1n\u00ed v mo\u0159i, tehdy oslavovan\u00e9 jako v\u0161el\u00e9k na neduhy mysli i t\u011bla, p\u0159itahovalo st\u00e1l\u00fd proud n\u00e1v\u0161t\u011bvn\u00edk\u016f, jejich\u017e osudy byly neodd\u011bliteln\u011b spjaty s vyv\u00edjej\u00edc\u00ed se identitou m\u011bsta jako\u017eto l\u00e1ze\u0148sk\u00e9ho st\u0159ediska. V georgi\u00e1nsk\u00e9 \u00e9\u0159e prom\u011bnila princova zamilovanost do Brighthelmstonu jak jeho panorama, tak i spole\u010densk\u00e9 mravy: v\u00fdstavba Kr\u00e1lovsk\u00e9ho pavilonu pod veden\u00edm Johna Nashe vtiskla n\u00e1b\u0159e\u017e\u00ed indo-saracensk\u00fd n\u00e1dech, jeho cibulovit\u00e9 kopule, zlacen\u00e9 stropy a orient\u00e1ln\u00ed interi\u00e9r tvo\u0159ily kontrapunkt ke georgi\u00e1nsk\u00e9 zdr\u017eenlivosti.<\/p>\n<p>P\u0159\u00edchod \u017eeleznice Lond\u00fdn\u2013Brighton v roce 1841 tuto metamorf\u00f3zu urychlil, prom\u011bnil to, co b\u00fdvala dvoudenn\u00ed cesta ko\u010d\u00e1rem, v svi\u017en\u00fd devades\u00e1timinutov\u00fd pobyt a podn\u00edtil n\u00e1r\u016fst po\u010dtu jednodenn\u00edch v\u00fdletn\u00edk\u016f, jejich\u017e p\u0159\u00edtomnost si vy\u017e\u00e1dala nov\u00e9 ubytov\u00e1n\u00ed a z\u00e1bavu. Viktori\u00e1nsk\u00e1 epocha zanechala mno\u017estv\u00ed architektonick\u00fdch pam\u00e1tek: Grand Hotel (1864), jeho\u017e fas\u00e1da nyn\u00ed osv\u011btluje inkoustov\u011b blankytn\u00e9 sv\u011btlo; Hilton Brighton Metropole; Palace Pier (p\u016fvodn\u011b Brighton Marine Palace and Pier, 1899); a West Pier (1866), jeho\u017e kostern\u00ed poz\u016fstatky \u2013 ob\u011bti po\u017e\u00e1r\u016f v roce 2003 a ne\u00faprosn\u00e9ho Atlantiku \u2013 stoj\u00ed jako stra\u0161ideln\u00fd d\u016fkaz doby p\u0159\u00edmo\u0159sk\u00e9 pod\u00edvan\u00e9.<\/p>\n<p>V mezer\u00e1ch mezi t\u011bmito moly kdysi st\u00e1lo Chain Pier, p\u0159\u00edstavi\u0161t\u011b pro paketov\u00e9 \u010dluny do Dieppe, kter\u00e9 bylo v roce 1896 zbo\u0159eno bou\u0159\u00ed; dnes se jeho fragmenty vyno\u0159uj\u00ed pouze p\u0159i odlivu. Konec dvac\u00e1t\u00e9ho stolet\u00ed vedl k dal\u0161\u00edmu p\u0159etv\u00e1\u0159en\u00ed n\u00e1b\u0159e\u017e\u00ed: v srpnu 2016 byla otev\u0159ena vyhl\u00eddkov\u00e1 v\u011b\u017e Brighton i360, jej\u00ed\u017e \u0161t\u00edhl\u00fd sloup se ty\u010d\u00ed do v\u00fd\u0161ky 162 m a sklen\u011bn\u00fd kryt dosahuje v\u00fd\u0161ky 138 m, \u010d\u00edm\u017e se prohla\u0161uje za nejvy\u0161\u0161\u00ed takovou stavbu v Brit\u00e1nii mimo Lond\u00fdn. Vedle toho Volkova elektrick\u00e1 \u017eeleznice \u2013 zalo\u017een\u00e1 v roce 1883, kter\u00e1 st\u00e1le p\u0159epravuje cestuj\u00edc\u00ed mezi Palace Pier a Black Rock \u2013 evokuje dosud nep\u0159ekonatelnou historii p\u0159\u00edmo\u0159sk\u00e9 dopravy.<\/p>\n<p>Topografick\u00e1 dualita Brightonu \u2013 jeho postupn\u00fd v\u00fdstup od hladiny mo\u0159e k vrcholu nad 100 m u \u00fates\u016f Newhaven \u2013 diktovala um\u00edst\u011bn\u00ed jeho hlavn\u00edch dopravn\u00edch tepen. Silnice A23 se vine severn\u00edm sm\u011brem k Lond\u00fdnu a Gatwicku, zat\u00edmco silnice A259 a A27 sleduj\u00ed osy v\u00fdchod-z\u00e1pad, p\u0159i\u010dem\u017e druh\u00e1 jmenovan\u00e1 je nyn\u00ed odklon\u011bna pod\u00e9l obchvatu Brightonu (dokon\u010den\u00e9ho v roce 1992), aby se zm\u00edrnila dopravn\u00ed z\u00e1cpa. Pod touto s\u00edt\u00ed tepen le\u017e\u00ed zbytky ko\u0148sk\u00fdch tramvaj\u00ed, trolejbus\u016f a hydropl\u00e1n\u016f \u2013 to v\u0161e sv\u011bd\u010d\u00ed o trval\u00e9m \u00fasil\u00ed o spojen\u00ed. Dnes se v\u011bt\u0161ina ve\u0159ejn\u00fdch n\u00e1stup\u016f odehr\u00e1v\u00e1 ve vlac\u00edch dopravc\u016f Thameslink sm\u011b\u0159uj\u00edc\u00edch do St Pancras nebo po link\u00e1ch West a East Coastway, p\u0159i\u010dem\u017e viadukt London Road poskytuje cestuj\u00edc\u00edm dramatick\u00e9 panorama st\u0159ech i mola.<\/p>\n<p>M\u011bstsk\u00e9 klima \u2013 ozna\u010den\u00ed K\u00f6ppenova \u201eCfb\u201c \u2013 se vyzna\u010duje chladn\u00fdmi l\u00e9ty a m\u00edrn\u00fdmi zimami pod pl\u00e1\u0161t\u011bm \u010dast\u00e9 obla\u010dnosti a de\u0161t\u011b. Ro\u010dn\u00ed sr\u00e1\u017eky, nam\u011b\u0159en\u00e9 na 740 mm na pob\u0159e\u017e\u00ed a bl\u00ed\u017e\u00edc\u00ed se 1 000 mm na vrcholc\u00edch poho\u0159\u00ed Downs, formovaly p\u016fdu i ducha m\u00edsta zvykl\u00e9ho na n\u00e1hl\u00e9 bou\u0159e; siln\u00e9 sn\u011b\u017een\u00ed je st\u00e1le vz\u00e1cn\u00e9, p\u0159esto jsou v\u00e1nice z let 1881 a 1967 vetk\u00e1ny do m\u00edstn\u00edch tradic.<\/p>\n<p>Sociokulturn\u00ed kartografie Brightonu odhaluje \u010dtvrti prodchnut\u00e9 individualismem. North Laine, jeho\u017e n\u00e1zev je zkomoleniny anglosask\u00e9ho slova pro \u201epole\u201c, se severn\u011b od Lanes objevuje jako enkl\u00e1va p\u011b\u0161\u00edch ulic \u2013 Trafalgar, Sydney, Gardner \u2013 kde p\u0159es \u010dty\u0159i sta avantgardn\u00edch podnik\u016f obchoduje se staro\u017eitnostmi, nach\u00e1z\u00ed se zde um\u011bleck\u00e1 studia, ble\u0161\u00ed trhy a kav\u00e1rny, jejich\u017e rozmach je z\u00e1kladem hmatateln\u00e9ho pocitu soun\u00e1le\u017eitosti. Sm\u011brem na jih si Lanes zachov\u00e1vaj\u00ed klikat\u00fd pl\u00e1n ulic b\u00fdval\u00e9 ryb\u00e1\u0159sk\u00e9 vesnice, jejich\u017e \u00fazk\u00e9 uli\u010dky lemuj\u00ed klenotnictv\u00ed, butiky, restaurace a hospody v prostorov\u00e9 choreografii, kter\u00e1 n\u00e1v\u0161t\u011bvn\u00edka vede \u017eivouc\u00edm palimpsestem. Na Churchill Square se nach\u00e1z\u00ed velkoobchodn\u00ed kontrapunkt, n\u00e1kupn\u00ed centrum o rozloze 44 000 m\u00b2, kter\u00e9 bylo v 60. letech 20. stolet\u00ed koncipov\u00e1no jako katedr\u00e1la maloobchodu pod \u0161ir\u00fdm nebem a v roce 1998 znovuobjeveno za nov\u00fdmi zdmi. Jeho osmdes\u00e1t prodejen a 1600 parkovac\u00edch m\u00edst symbolizuj\u00ed Brightonovo p\u0159ijet\u00ed modern\u00ed komercializace.<\/p>\n<p>Dvakr\u00e1t t\u00fddn\u011b m\u011bsto pulzuje ble\u0161\u00edmi trhy \u2013 v ned\u011bli r\u00e1no na st\u0159e\u0161n\u00edm parkovi\u0161ti p\u0159\u00edstavu a na dostihov\u00e9m z\u00e1vodi\u0161ti v Brightonu \u2013 zat\u00edmco pal\u00e1c b\u00fdval\u00e9ho prince regenta st\u00e1le slou\u017e\u00ed jako Kr\u00e1lovsk\u00fd pavilon, pam\u00e1tkov\u011b chr\u00e1n\u011bn\u00fd symbol regentsk\u00e9 n\u00e1dhery I. stupn\u011b. Nedaleko se nach\u00e1z\u00ed Sassoonovo mauzoleum, p\u0159estav\u011bn\u00e9 na ve\u010de\u0159i, a nespo\u010det kostel\u016f a m\u00edst bohoslu\u017eeb \u2013 kostel sv. Mikul\u00e1\u0161e, Matka kostela, jeho\u017e anglosask\u00fd p\u016fvod p\u0159edch\u00e1z\u00ed Posledn\u00edmu soudu; ty\u010d\u00edc\u00ed se cihlov\u00e1 lo\u010f kostela sv. Bartolom\u011bje; kostel sv. Petra s zdoben\u00fdm interi\u00e9rem; D\u016fm p\u0159\u00e1tel; unit\u00e1\u0159sk\u00e1 kaple; \u0161est \u0159\u00edmskokatolick\u00fdch svatyn\u00ed v\u010detn\u011b kostela sv. Jana K\u0159titele v Kemptownu; p\u011bt synagog; n\u011bkolik me\u0161it; buddhistick\u00e1 centra \u2013 sv\u011bd\u010d\u00ed o pluralitn\u00edm \u00e9tosu Brightonu.<\/p>\n<p>Rekrea\u010dn\u00ed mo\u017enosti pod\u00e9l pob\u0159e\u017e\u00ed se t\u00e1hnou od obl\u00e1zkov\u00e9 pl\u00e1\u017ee, 8,6 km dlouh\u00e9 plochy p\u0159eru\u0161ovan\u00e9 vlnolamy vymezuj\u00edc\u00edmi pojmenovan\u00e9 \u00faseky \u2013 Boundary to Black Rock \u2013 a p\u00eds\u010dit\u00fdm pob\u0159e\u017e\u00edm odhalen\u00fdm p\u0159i odlivu, a\u017e po zarostl\u00fd obl\u00e1zkov\u00fd biotop u Black Rock, kter\u00fdm proch\u00e1z\u00ed 600 m dlouh\u00e1 d\u0159ev\u011bn\u00e1 promen\u00e1da. Cliff Beach, prvn\u00ed britsk\u00e1 vyhl\u00e1\u0161en\u00e1 nudistick\u00e1 enkl\u00e1va, le\u017e\u00ed mezi t\u0159emi mal\u00fdmi z\u00e1tokami za hranicemi m\u011bsta, kter\u00e9 jsou v\u0161echny propojeny stezkou Undercliff Walk, kter\u00e1 od roku 2000 odol\u00e1v\u00e1 pravideln\u00fdm sesuv\u016fm \u00fates\u016f. V\u00fdchodn\u00ed \u010d\u00e1st Madeira Drive, zrekonstruovan\u00e1 v b\u0159eznu 2007, nab\u00edz\u00ed h\u0159i\u0161t\u011b, minigolf, sauny a volejbalov\u00e9 kurty, zat\u00edmco 865 m dlouh\u00e9 oblouky Madeira Terrace, kter\u00e9 jsou zaps\u00e1ny na seznamu pam\u00e1tek II. stupn\u011b*, ale jsou uzav\u0159eny od roku 2014, \u010dekaj\u00ed na rekonstrukci spolu s nov\u00fdm venkovn\u00edm plaveck\u00fdm centrem a jeho 50 m baz\u00e9nem. Demolice koupali\u0161t\u011b Black Rock v roce 1978 zanechala pr\u00e1zdnotu, kterou nyn\u00ed zab\u00edraj\u00ed p\u0159\u00edstavn\u00ed plochy, skateparky a n\u00e1vrhy na hotely, sportovn\u00ed ar\u00e9ny a obytn\u00e9 v\u011b\u017ee.<\/p>\n<p>Uprost\u0159ed t\u00e9to m\u011bstsk\u00e9 choreografie se nach\u00e1z\u00ed ohnisko kultivovan\u00e9 biodiverzity: Mot\u00fdl\u00ed \u00fato\u010di\u0161t\u011b Liz Williamsov\u00e9, zalo\u017een\u00e9 v letech 2006 a\u017e 2007 Danem Danaharem s finan\u010dn\u00ed podporou N\u00e1rodn\u00ed loterie a BBC, p\u0159ipom\u00edn\u00e1 sv\u00e9ho botanika p\u011bstov\u00e1n\u00edm divok\u00fdch kv\u011btin a trav, kter\u00e9 p\u0159itahuj\u00ed dvacet sedm druh\u016f mot\u00fdl\u016f, od hlav\u00e1\u010dku k\u0159\u00eddov\u00e9ho a modrav\u00e9ho a\u017e po hlav\u00e1\u010dka zelen\u00e9ho. Toto \u00fato\u010di\u0161t\u011b, nach\u00e1zej\u00edc\u00ed se mezi kolejemi Dorothy Stringerov\u00e9 a Varndeansk\u00e9 univerzity, p\u0159edstavuje ekologickou vin\u011btu v \u0161ir\u0161\u00edm kontextu m\u011bsta.<\/p>\n<p>Soumrak v Brightonu p\u0159in\u00e1\u0161\u00ed rozkv\u011bt gastronomie a z\u00e1bavy: asi 250 restaurac\u00ed, p\u0159evahu nez\u00e1visl\u00fdch kav\u00e1ren a impozantn\u00ed hustotu vegansk\u00fdch a vegetari\u00e1nsk\u00fdch podnik\u016f, kter\u00e9 si v roce 2022 vyslou\u017eily n\u00e1rodn\u00ed uzn\u00e1n\u00ed. No\u010dn\u00ed kluby, bary a herny lemuj\u00ed promen\u00e1du; hudebn\u00ed podniky jako Concorde 2, Brighton Centre a Brighton Dome \u2013 kde v\u00edt\u011bzstv\u00ed skupiny ABBA v Eurovizi v roce 1974 katalyzovalo jejich vzestup \u2013 host\u00ed vystoupen\u00ed od orchestr\u00e1ln\u00edch recit\u00e1l\u016f a\u017e po akce s elektronickou tane\u010dn\u00ed hudbou. Brightonovo tvrzen\u00ed, \u017ee host\u00ed nejpo\u010detn\u011bj\u0161\u00ed setk\u00e1n\u00ed elektronick\u00e9 hudby v Brit\u00e1nii, je podpo\u0159eno ka\u017edoro\u010dn\u00edm festivalem Great Escape, kter\u00fd se kon\u00e1 ka\u017ed\u00fd kv\u011bten, a produkc\u00ed pantheonu um\u011blc\u016f \u2013 od Fatboy Slima a the Kooks po Royal Blood a Lovejoy \u2013 z nich\u017e mnoz\u00ed si na jeho p\u00f3di\u00edch vydobyli sv\u00e9 m\u00edsto.<\/p>\n<p>Dopravn\u00ed infrastruktura se p\u0159izp\u016fsobila vyv\u00edjej\u00edc\u00edm se po\u017eadavk\u016fm Brightonu. Spole\u010dnost Brighton &amp; Hove Bus Company, dce\u0159in\u00e1 spole\u010dnost Go-Ahead od roku 1993, provozuje flotilu 280 autobus\u016f spolu s men\u0161\u00edmi dopravci; m\u011bstskou krajinu rozestav\u011bla v\u00edce ne\u017e 1 184 zast\u00e1vek, z nich\u017e 456 m\u00e1 p\u0159\u00edst\u0159e\u0161ky a informa\u010dn\u00ed displeje v re\u00e1ln\u00e9m \u010dase. Parkovi\u0161t\u011b P+R je st\u00e1le v z\u00e1rodku a je omezeno na stadion Withdean bez specializovan\u00e9 kyvadlov\u00e9 dopravy, co\u017e je d\u016fsledek \u00fazemn\u00edho pl\u00e1nu z roku 2013, kter\u00fd dal\u0161\u00ed projekty vylou\u010dil jako fisk\u00e1ln\u011b nerozumn\u00e9. Leti\u0161t\u011b Shoreham, dev\u011bt mil z\u00e1padn\u011b, umo\u017e\u0148uje charterov\u00e9 lety lehk\u00fdmi letadly, zat\u00edmco leti\u0161t\u011b Gatwick, 30 mil severn\u011bji, spojuje Brighton s glob\u00e1ln\u00edmi s\u00edt\u011bmi prost\u0159ednictv\u00edm pravideln\u00e9ho vlakov\u00e9ho a autobusov\u00e9ho spojen\u00ed.<\/p>\n<p>Od sjednocen\u00ed s Hove v roce 1997 a vytvo\u0159en\u00ed unit\u00e1rn\u00ed samospr\u00e1vy Brighton and Hove \u2013 a od z\u00edsk\u00e1n\u00ed statusu m\u011bsta v roce 2000 \u2013 Brighton neochv\u011bjn\u011b p\u0159ij\u00edm\u00e1 sv\u00e9 dvoj\u00ed d\u011bdictv\u00ed jako m\u00edsto odpo\u010dinku a neust\u00e1l\u00e9ho znovuobjevov\u00e1n\u00ed. Kadence p\u0159\u00edlivu a odlivu zde ud\u00e1v\u00e1 spole\u010densk\u00fd rytmus stejn\u011b rozmanit\u00fd jako krajina, kterou hlad\u00ed, od k\u0159\u00eddy po obl\u00e1zky, od regentsk\u00e9 opulentnosti po avantgardn\u00ed subkulturu, p\u0159i\u010dem\u017e ka\u017ed\u00e1 epocha se vrstv\u00ed na p\u0159edchoz\u00ed a vytv\u00e1\u0159\u00ed m\u011bsto, kter\u00e9 je z\u00e1rove\u0148 historicky rezonuj\u00edc\u00ed a \u017eiv\u011b sou\u010dasn\u00e9.<\/p>","protected":false},"excerpt":{"rendered":"<p>\u017div\u00e9 letovisko Blackpool v Lancashire v Anglii, le\u017e\u00edc\u00ed na \u00fachvatn\u00e9m pob\u0159e\u017e\u00ed Fylde, je uk\u00e1zkov\u00fdm p\u0159\u00edkladem pokra\u010duj\u00edc\u00ed atraktivity britsk\u00fdch pob\u0159e\u017en\u00edch destinac\u00ed pro turisty. Blackpool, kter\u00fd se nach\u00e1z\u00ed zhruba 43 km severn\u011b od Liverpoolu a 23 km z\u00e1padn\u011b od Prestonu, le\u017e\u00ed na v\u00fdborn\u00e9m m\u00edst\u011b pod\u00e9l Irsk\u00e9ho mo\u0159e a je hlavn\u00edm m\u011bstem v m\u011bstsk\u00e9 \u010d\u00e1sti nesouc\u00ed jeho jm\u00e9no. S 141 000 obyvateli podle s\u010d\u00edt\u00e1n\u00ed lidu z roku 2021 po\u010det obyvatel m\u011bsta pon\u011bkud klesal z 1 100 000 za p\u0159edchoz\u00ed desetilet\u00ed. A\u010dkoli je tato demografick\u00e1 zm\u011bna nepatrn\u00e1, nepomohla Blackpoolu utrp\u011bt reputaci jednoho z nejzn\u00e1m\u011bj\u0161\u00edch a nejobl\u00edben\u011bj\u0161\u00edch p\u0159\u00edmo\u0159sk\u00fdch letovisek ve Spojen\u00e9m kr\u00e1lovstv\u00ed.<\/p>","protected":false},"author":1,"featured_media":2771,"parent":12648,"menu_order":0,"comment_status":"closed","ping_status":"closed","template":"elementor_theme","meta":{"_eb_attr":"","footnotes":""},"class_list":["post-12822","page","type-page","status-publish","has-post-thumbnail"],"_links":{"self":[{"href":"https:\/\/travelshelper.com\/cs\/wp-json\/wp\/v2\/pages\/12822","targetHints":{"allow":["GET"]}}],"collection":[{"href":"https:\/\/travelshelper.com\/cs\/wp-json\/wp\/v2\/pages"}],"about":[{"href":"https:\/\/travelshelper.com\/cs\/wp-json\/wp\/v2\/types\/page"}],"author":[{"embeddable":true,"href":"https:\/\/travelshelper.com\/cs\/wp-json\/wp\/v2\/users\/1"}],"replies":[{"embeddable":true,"href":"https:\/\/travelshelper.com\/cs\/wp-json\/wp\/v2\/comments?post=12822"}],"version-history":[{"count":0,"href":"https:\/\/travelshelper.com\/cs\/wp-json\/wp\/v2\/pages\/12822\/revisions"}],"up":[{"embeddable":true,"href":"https:\/\/travelshelper.com\/cs\/wp-json\/wp\/v2\/pages\/12648"}],"wp:featuredmedia":[{"embeddable":true,"href":"https:\/\/travelshelper.com\/cs\/wp-json\/wp\/v2\/media\/2771"}],"wp:attachment":[{"href":"https:\/\/travelshelper.com\/cs\/wp-json\/wp\/v2\/media?parent=12822"}],"curies":[{"name":"wp","href":"https:\/\/api.w.org\/{rel}","templated":true}]}}