{"id":12625,"date":"2024-09-16T17:29:54","date_gmt":"2024-09-16T17:29:54","guid":{"rendered":"https:\/\/travelshelper.com\/staging\/?page_id=12625"},"modified":"2026-03-13T00:15:36","modified_gmt":"2026-03-13T00:15:36","slug":"kyjev","status":"publish","type":"page","link":"https:\/\/travelshelper.com\/cs\/destinations\/europe\/ukraine\/kiev\/","title":{"rendered":"Kyjev"},"content":{"rendered":"<p>Kyjev, hlavn\u00ed a nejlidnat\u011bj\u0161\u00ed m\u011bsto Ukrajiny, se k 1. lednu 2022 prezentuje jako metropole s p\u0159ibli\u017en\u011b 2 952 301 obyvateli, rozkl\u00e1daj\u00edc\u00ed se v severo-centr\u00e1ln\u00ed \u010d\u00e1sti zem\u011b a rozprost\u00edraj\u00edc\u00ed se na obou b\u0159ez\u00edch \u0159eky Dn\u011bpr. Dnes je sedm\u00fdm nejv\u011bt\u0161\u00edm m\u011bstem v Evrop\u011b, m\u00edstem, kde se prol\u00edn\u00e1 pr\u016fmyslov\u00e1 s\u00edla, v\u011bdeck\u00e9 b\u00e1d\u00e1n\u00ed, vzd\u011bl\u00e1vac\u00ed schopnosti a kulturn\u00ed hloubka. Od jeho legend\u00e1rn\u00edho zalo\u017een\u00ed postavou Kjiho \u2013 jeho\u017e jm\u00e9no odk\u00e1zalo m\u011bstu jeho vlastn\u00ed \u2013 a\u017e po jeho sou\u010dasnou roli magnetu pro dom\u00e1c\u00ed migraci i mezin\u00e1rodn\u00ed cestovn\u00ed ruch, v\u00fdznam Kyjeva osciloval s p\u0159\u00edlivy a odlivy d\u011bjin a opakovan\u011b se vyno\u0159oval z epoch zk\u00e1zy do obdob\u00ed obnoven\u00e9ho d\u016fle\u017eitosti.<\/p>\n<p>Dlouho p\u0159ed sv\u00fdm st\u0159edov\u011bk\u00fdm zenitem jako hlavn\u00ed m\u011bsto Kyjevsk\u00e9 Rusi se Kyjev ji\u017e v p\u00e1t\u00e9m stolet\u00ed za\u010dal transformovat v obchodn\u00ed centrum, le\u017e\u00edc\u00ed na velk\u00e9m koridoru spojuj\u00edc\u00edm Skandin\u00e1vii a Konstantinopol. Jeho ran\u00ed slovan\u0161t\u00ed obyvatel\u00e9 vzd\u00e1vali hold Chazar\u016fm a\u017e do poloviny dev\u00e1t\u00e9ho stolet\u00ed, kdy se m\u011bsta zmocnili varjag\u0161t\u00ed dobrodruzi \u2013 kter\u00e9 pozd\u011bj\u0161\u00ed kroniky nazvaly Vikingy \u2013 a pov\u00fd\u0161ili ho na st\u0159ed sv\u00e9ho rod\u00edc\u00edho se v\u00fdchodoslovansk\u00e9ho z\u0159\u00edzen\u00ed. Pod varjagskou spr\u00e1vou se vyno\u0159il kamenn\u00fd kostel a opevn\u011bn\u00e1 palis\u00e1da, kter\u00e9 r\u00e1movaly hlavn\u00ed m\u011bsto prvn\u00edho slovansk\u00e9ho st\u00e1tu, av\u0161ak tento rozkv\u011bt byl zni\u010den mongolsk\u00fdm vp\u00e1dem v roce 1240, \u010d\u00edm\u017e Kyjev z\u016fstal v trosk\u00e1ch a jeho vliv po stalet\u00ed upadal.<\/p>\n<p>V n\u00e1sleduj\u00edc\u00edch stolet\u00edch se Kyjev dostal pod nadvl\u00e1du Litvy, Polska a Ruska, p\u0159i\u010dem\u017e ka\u017ed\u00e1 n\u00e1sledn\u00e1 mocnost vtiskla m\u011bstu sv\u016fj vlastn\u00ed administrativn\u00ed a c\u00edrkevn\u00ed \u0159\u00e1d. V \u0161estn\u00e1ct\u00e9m stolet\u00ed si z\u00edskal proslulost jako centrum pravoslavn\u00e9 vzd\u011blanosti; v devaten\u00e1ct\u00e9m stolet\u00ed se v dob\u011b mechanizovan\u00e9 v\u00fdroby Rusk\u00e9 \u0159\u00ed\u0161e rozvinul v pr\u016fmyslov\u00e9 a obchodn\u00ed centrum. Pulz \u0159emesln\u00fdch d\u00edlen a cink\u00e1n\u00ed kov\u00e1ren se oz\u00fdvaly spolu s kontemplativn\u00edm tichem kl\u00e1\u0161tern\u00edch knihoven, co\u017e symbolizovalo dvoj\u00ed charakter, kter\u00fd pozd\u011bji definoval r\u016fst Kyjeva: spojen\u00ed materi\u00e1ln\u00ed a duchovn\u00ed pr\u00e1ce.<\/p>\n<p>K\u0159e\u010de dvac\u00e1t\u00e9ho stolet\u00ed uvrhly Kyjev do dal\u0161\u00edho kolapsu. V roce 1918, kdy\u017e Ukrajinsk\u00e1 lidov\u00e1 republika vyhl\u00e1sila svou nez\u00e1vislost na rozpadaj\u00edc\u00ed se Rusk\u00e9 republice, m\u011bsto p\u0159evzalo roli n\u00e1rodn\u00edho hlavn\u00edho m\u011bsta. V roce 1921, po ukrajinsko-sov\u011btsk\u00e9m a polsko-sov\u011btsk\u00e9m konfliktu, se Kyjev ocitl vpleten do Ukrajinsk\u00e9 sov\u011btsk\u00e9 socialistick\u00e9 republiky a v roce 1934 formalizoval sv\u016fj status hlavn\u00edho m\u011bsta SSR. Druh\u00e1 sv\u011btov\u00e1 v\u00e1lka zp\u016fsobila jeho budov\u00e1m i obyvatelstvu t\u011b\u017ek\u00e9 \u0161kody; pov\u00e1le\u010dn\u00e1 desetilet\u00ed v\u0161ak byla sv\u011bdkem rychl\u00e9 obnovy, kter\u00e1 Kyjevu vr\u00e1tila pozici t\u0159et\u00edho nejv\u011bt\u0161\u00edho m\u011bstsk\u00e9ho centra v Sov\u011btsk\u00e9m svazu.<\/p>\n<p>S rozpadem Sov\u011btsk\u00e9ho svazu v roce 1991 se d\u00edky ukrajinsk\u00e9 suverenit\u011b Kyjev op\u011bt stal srdcem nez\u00e1visl\u00e9ho st\u00e1tu. B\u011bhem n\u00e1sleduj\u00edc\u00edch desetilet\u00ed m\u011bsto za\u017e\u00edvalo v\u00fdrazn\u00fd p\u0159\u00edliv etnick\u00fdch ukrajinsk\u00fdch migrant\u016f z cel\u00e9 zem\u011b, co\u017e pos\u00edlilo jeho roli jako demografick\u00e9ho a ekonomick\u00e9ho centra n\u00e1roda. Jak Kyjev p\u0159ech\u00e1zel z modelu velitelsk\u00e9 ekonomiky \u2013 kde p\u0159evl\u00e1dala zbrojn\u00ed v\u00fdroba \u2013 na tr\u017en\u00ed ekonomiku, jeho pr\u016fmyslov\u00e1 z\u00e1kladna se zmen\u0161ovala, ale nov\u011b vznikaj\u00edc\u00ed sektory ve slu\u017eb\u00e1ch a financ\u00edch podporovaly r\u016fst mezd, l\u00e1kaly investice a financovaly rozs\u00e1hl\u00e9 bytov\u00e9 a infrastrukturn\u00ed projekty. Politicky se kyjev\u0161t\u00ed voli\u010di projevili jako konzistentn\u011b proz\u00e1padn\u00ed a up\u0159ednost\u0148ovali strany prosazuj\u00edc\u00ed u\u017e\u0161\u00ed integraci s Evropskou uni\u00ed.<\/p>\n<p>Modern\u00ed Kyjev stav\u00ed do kontrastu poz\u016fstatky minulosti s dynamikou sou\u010dasnosti. P\u0159ibli\u017en\u011b sedmdes\u00e1t procent budov postaven\u00fdch mezi lety 1907 a 1914 se dochovalo, jejich bled\u00e9 \u017elut\u00e9, modr\u00e9 a \u0161ed\u00e9 odst\u00edny se prol\u00ednaj\u00ed s elegantn\u00edm sklem a ocel\u00ed ned\u00e1vn\u00e9 v\u00fdstavby. Kdy\u017e bylo hlavn\u00ed m\u011bsto Ukrajinsk\u00e9 SSR p\u0159em\u00edst\u011bno z Charkova do Kyjeva, st\u00e1tn\u00ed pl\u00e1nova\u010di p\u0159edpokl\u00e1dali, \u017ee m\u011bstu dodaj\u00ed metropolitn\u00ed lesk; a\u010dkoli velkolep\u00e9 n\u00e1vrhy \u2013 a\u0165 u\u017e se jedn\u00e1 o kolos\u00e1ln\u00ed Leninovy \u200b\u200bnebo Stalinovy \u200b\u200bpam\u00e1tn\u00edky \u2013 byly nakonec kv\u016fli fisk\u00e1ln\u00edm omezen\u00edm a kopcovit\u00e9 topografii m\u011bsta odlo\u017eeny, tento posun vedl k v\u00fdstavb\u011b nov\u00fdch ob\u010dansk\u00fdch staveb, zejm\u00e9na v okol\u00ed Chre\u0161\u010datyku a Majdanu Nez\u00e1vislosti, hlavn\u00ed m\u011bstsk\u00e9 tepny a n\u00e1m\u011bst\u00ed.<\/p>\n<p>Od vyhl\u00e1\u0161en\u00ed ukrajinsk\u00e9 nez\u00e1vislosti se v centru m\u011bsta roz\u0161\u00ed\u0159ily reziden\u010dn\u00ed komplexy v z\u00e1padn\u00edm stylu, kosmopolitn\u00ed no\u010dn\u00ed podniky a luxusn\u00ed hotely. Liberalizace v\u00edzov\u00e9ho re\u017eimu v roce 2005 katalyzovala st\u00e1l\u00fd n\u00e1r\u016fst po\u010dtu zahrani\u010dn\u00edch n\u00e1v\u0161t\u011bvn\u00edk\u016f: ro\u010dn\u00ed po\u010det hotelov\u00fdch pobyt\u016f v roce 2009 dos\u00e1hl 1,6 milionu, z nich\u017e zhruba \u0161estn\u00e1ct procent tvo\u0159ili ne-ukrajin\u0161t\u00ed n\u00e1v\u0161t\u011bvn\u00edci. Tento trend se d\u00e1le zrychlil po mistrovstv\u00ed Evropy ve fotbale 2012, kdy Kyjev p\u0159il\u00e1kal rekordn\u00edch 1,8 milionu zahrani\u010dn\u00edch turist\u016f, p\u0159i\u010dem\u017e dom\u00e1c\u00ed n\u00e1v\u0161t\u011bvn\u00edci se bl\u00ed\u017eili 2,5 milionu. Do roku 2018 se pr\u016fm\u011brn\u00e1 obsazenost hotel\u016f od kv\u011btna do z\u00e1\u0159\u00ed pohybovala mezi \u010dty\u0159iceti p\u011bti a pades\u00e1ti procenty, p\u0159i\u010dem\u017e hostely a t\u0159\u00edhv\u011bzdi\u010dkov\u00e9 hotely byly \u010dasto obsazeny z devades\u00e1ti procent.<\/p>\n<p>Kyjevsk\u00e1 architektura pat\u0159\u00ed k nejv\u011bt\u0161\u00edm atrakc\u00edm: katedr\u00e1la svat\u00e9 Sofie a Kyjevskope\u010dersk\u00e1 l\u00e1vra, zapsan\u00e9 na seznamu pam\u00e1tek UNESCO, zt\u011bles\u0148uj\u00ed status m\u011bsta jako kol\u00e9bky christianizace Rusi a ba\u0161ty v\u00fdchodn\u00ed pravoslavn\u00e9 vzd\u011blanosti. Dlouho p\u0159itahovaly poutn\u00edky i historiky, a to i p\u0159esto, \u017ee jejich status byl v z\u00e1\u0159\u00ed 2023 ohro\u017een, kdy\u017e V\u00fdbor sv\u011btov\u00e9ho d\u011bdictv\u00ed UNESCO ozna\u010dil tato m\u00edsta za \u201eohro\u017een\u00e1\u201c uprost\u0159ed v\u00e1le\u010dn\u00fdch hrozeb. Mezi dal\u0161\u00ed \u00factyhodn\u00e9 pam\u00e1tky pat\u0159\u00ed Mariinsk\u00fd pal\u00e1c z osmn\u00e1ct\u00e9ho stolet\u00ed, zrekonstruovan\u00e1 Zlat\u00e1 br\u00e1na, katedr\u00e1la svat\u00e9ho Michala, kostel svat\u00e9ho Ond\u0159eje, katedr\u00e1la svat\u00e9ho Volodymyra a kostel svat\u00e9ho Cyrila. N\u00e1rodn\u00ed muzeum d\u011bjin Ukrajiny ve druh\u00e9 sv\u011btov\u00e9 v\u00e1lce, kter\u00e9 se v\u011bnuje pov\u00e1le\u010dn\u00e9mu obdob\u00ed, se m\u016f\u017ee pochlubit impozantn\u00ed titanovou sochou Matky Ukrajiny, zat\u00edmco nedalek\u00fd Hrob nezn\u00e1m\u00e9ho voj\u00edna a D\u016fm s chim\u00e9rami zt\u011bles\u0148uj\u00ed modern\u00ed hrdinsk\u00e9 a um\u011bleck\u00e9 c\u00edt\u011bn\u00ed.<\/p>\n<p>Pam\u00e1tky po cel\u00e9m m\u011bst\u011b vypr\u00e1v\u011bj\u00ed o jeho zakl\u00e1daj\u00edc\u00edch m\u00fdtech a historick\u00fdch postav\u00e1ch: Bohdan Chmelnickij na koni prohl\u00ed\u017e\u00ed okol\u00ed Svat\u00e9 Sofie; Vladim\u00edr Velik\u00fd hled\u00ed p\u0159es Dn\u011bpr z pahorku Svat\u00e9ho Volodymyra; sourozenci Kij, \u0160\u010dek, Choryv a Lybi\u010f stoj\u00ed na str\u00e1\u017ei na b\u0159ehu \u0159eky; a na N\u00e1m\u011bst\u00ed Nez\u00e1vislosti p\u0159edsedaj\u00ed impozantn\u00edm sloup\u016fm archand\u011bl Michael a ochranitelsk\u00e1 bohyn\u011b Berehyn\u011b. Kulturn\u00ed \u017eivot Kyjeva sah\u00e1 za k\u00e1men a kov do p\u016fsobiv\u00e9 souhv\u011bzd\u00ed divadel \u2013 mezi nimi\u017e je Kyjevsk\u00e1 opera, N\u00e1rodn\u00ed akademick\u00e9 \u010dinohern\u00ed divadlo Ivana Franka a N\u00e1rodn\u00ed akademick\u00e9 divadlo Lesji Ukrajinky \u2013 a tak\u00e9 do koncertn\u00edch s\u00e1l\u016f, filmov\u00fdch studi\u00ed, cirkus\u016f a v\u00edce ne\u017e \u010dty\u0159iceti muze\u00ed. N\u00e1rodn\u00ed muzeum um\u011bn\u00ed, Muzeum z\u00e1padn\u00edho a orient\u00e1ln\u00edho um\u011bn\u00ed, Pin\u010dukovo um\u011bleck\u00e9 centrum, \u010cernobylsk\u00e9 muzeum a Dov\u017eenkova filmov\u00e1 studia jsou p\u0159\u00edkladem mnohostrann\u00fdch um\u011bleck\u00fdch a historick\u00fdch aktivit m\u011bsta.<\/p>\n<p>Listnat\u00fd charakter m\u011bsta podtrhuje jeho pov\u011bst jednoho z nejzelen\u011bj\u0161\u00edch evropsk\u00fdch hlavn\u00edch m\u011bst. Dv\u011b botanick\u00e9 zahrady a \u010detn\u00e9 parky \u2013 Park v\u00edt\u011bzstv\u00ed pobl\u00ed\u017e stanice Darnycja, Mariinsk\u00fd park vedle pal\u00e1ce a parky obklopuj\u00edc\u00ed v\u00e1le\u010dn\u00e9 muzeum \u2013 jsou protk\u00e1ny promen\u00e1dami, kde koruny j\u00edrovc\u016f poskytuj\u00ed st\u00edn i v letn\u00edm slunci. Mezi kyjevsk\u00fdmi ostrovy vynik\u00e1 Hydropark (Beneck\u00fd) sv\u00fdmi pl\u00e1\u017eemi, atrakcemi, mo\u017enostmi proj\u00ed\u017e\u010fky na lod\u00edch a no\u010dn\u00edm \u017eivotem, to v\u0161e dostupn\u00e9 metrem nebo autem; ostrovy Truchaniv, Muromec a Dolobeckyj nab\u00edzej\u00ed klidn\u011bj\u0161\u00ed \u00fato\u010di\u0161t\u011b. V zim\u011b se b\u0159ehy Dn\u011bpru st\u00e1vaj\u00ed m\u00edstem pro ryba\u0159en\u00ed na led\u011b a bruslen\u00ed; v l\u00e9t\u011b se ob\u010dan\u00e9 hrnou ke koup\u00e1n\u00ed v tepl\u00fdch toc\u00edch \u0159eky.<\/p>\n<p>Trhy tvo\u0159\u00ed dal\u0161\u00ed z\u00e1sadn\u00ed aspekt m\u011bstsk\u00e9ho \u017eivota. Besarabsk\u00fd trh v centru m\u011bsta a des\u00edtky region\u00e1ln\u00edch trh\u016f se hem\u017e\u00ed prodejci, kte\u0159\u00ed nab\u00edzej\u00ed zem\u011bd\u011blsk\u00e9 produkty, maso, ryby, ml\u00e9\u010dn\u00e9 v\u00fdrobky, kavi\u00e1r, kv\u011btiny, n\u00e1\u0159ad\u00ed a oble\u010den\u00ed. Ka\u017ed\u00fd trh vyza\u0159uje sv\u016fj vlastn\u00ed charakter \u2013 n\u011bkter\u00e9 se specializuj\u00ed na automobily, jin\u00e9 na dom\u00e1c\u00ed mazl\u00ed\u010dky nebo textil \u2013 a ka\u017ed\u00fd si udr\u017euje vit\u00e1ln\u00ed komunitn\u00ed rytmus. Krom\u011b toho zde skanzen Muzeum lidov\u00e9 architektury a \u017eivota Ukrajiny na ji\u017en\u00edm okraji Kyjeva rekonstruuje tradi\u010dn\u00ed venkovsk\u00e1 obydl\u00ed na plo\u0161e 1,5 kilometru \u010dtvere\u010dn\u00edho a nab\u00edz\u00ed hmatateln\u00e9 spojen\u00ed s region\u00e1ln\u00edmi lidov\u00fdmi tradicemi.<\/p>\n<p>Pro rekreaci nab\u00edz\u00ed Kyjev kule\u010dn\u00edkov\u00e9 s\u00e1ly, motok\u00e1rov\u00e9 dr\u00e1hy, paintballov\u00e9 ar\u00e9ny, bowlingov\u00e9 dr\u00e1hy a dokonce i st\u0159elnice. Stolet\u00e1 kyjevsk\u00e1 zoologick\u00e1 zahrada, kter\u00e1 se rozkl\u00e1d\u00e1 na \u010dty\u0159iceti hektarech, ubytuje p\u0159ibli\u017en\u011b 2 600 zv\u00ed\u0159at 328 druh\u016f a slou\u017e\u00ed jako v\u011bdeck\u00e1 i volno\u010dasov\u00e1 instituce. Hudebn\u00ed a liter\u00e1rn\u00ed pocty m\u011bstu \u2013 p\u00edsn\u011b jako \u201eJak t\u011b nemilovat, m\u016fj Kyjeve?\u201c a \u201eKyjevsk\u00fd val\u010d\u00edk\u201c, stejn\u011b jako opereta Oleksandra Bila\u0161e \u201eLegenda o Kyjev\u011b\u201c \u2013 nav\u00edc sv\u011bd\u010d\u00ed o jej\u00ed trval\u00e9 emocion\u00e1ln\u00ed rezonanci.<\/p>\n<p>Dopravn\u00ed infrastruktura je z\u00e1kladem m\u011bstsk\u00e9 struktury. Kyjevsk\u00e9 metro, kter\u00e9 se skl\u00e1d\u00e1 ze t\u0159\u00ed linek o d\u00e9lce 66,1 kilometru a 51 stanic \u2013 n\u011bkter\u00e9 z nich jsou architektonick\u00e9 skvosty \u2013 p\u0159eprav\u00ed denn\u011b p\u0159ibli\u017en\u011b 1,422 milionu cestuj\u00edc\u00edch, co\u017e p\u0159edstavuje 38 procent vyu\u017eit\u00ed ve\u0159ejn\u00e9 dopravy. Historick\u00e1 tramvajov\u00e1 s\u00ed\u0165, kdysi jeden z nejstar\u0161\u00edch elektrick\u00fdch syst\u00e9m\u016f v Evrop\u011b, se nyn\u00ed rozkl\u00e1d\u00e1 na t\u00e9m\u011b\u0159 140 kilometrech na 21 tras\u00e1ch, a\u010dkoli ji postupn\u011b ustupuje autobus\u016fm a trolejbus\u016fm. Kyjevsk\u00e1 lanovka, kter\u00e1 od roku 1905 spojuje Horn\u00ed M\u011bsto s Podilem, p\u0159ekon\u00e1v\u00e1 sklon Volodymyrsk\u00e9ho vrchu se dv\u011bma stanicemi. Ve\u0161kerou m\u011bstskou pozemn\u00ed dopravu \u2013 s v\u00fdjimkou n\u011bkter\u00fdch minibus\u016f \u2013 provozuje Kyjevpastrans, m\u011bstsk\u00e1 ve\u0159ejn\u00e1 spole\u010dnost, v re\u017eimu pau\u0161\u00e1ln\u00edho j\u00edzdn\u00e9ho; v metru byl zaveden syst\u00e9m digit\u00e1ln\u00edch j\u00edzdenek a pl\u00e1nuje se roz\u0161\u00ed\u0159en\u00ed i na dal\u0161\u00ed druhy dopravy.<\/p>\n<p>Na s\u00edti tepen se p\u0159es Dn\u011bpr klene osm most\u016f, kter\u00e9 spojuj\u00ed rozdvojen\u00e9 \u00faseky m\u011bsta, zat\u00edmco evropsk\u00e9 trasy se sb\u00edhaj\u00ed do Kyjeva jako\u017eto n\u00e1rodn\u00edho uzlu. A\u010dkoli stav silnic a dopravn\u00ed z\u00e1cpy p\u0159edstavuj\u00ed v\u00fdzvy, prob\u00edhaj\u00edc\u00ed v\u00fdstavba mimo\u00farov\u0148ov\u00fdch k\u0159i\u017eovatek a navrhovan\u00fd okru\u017en\u00ed okruh slibuj\u00ed budouc\u00ed \u00falevu. Mezi leteck\u00e9 spojen\u00ed pat\u0159\u00ed mezin\u00e1rodn\u00ed leti\u0161t\u011b Boryspil, asi 30 kilometr\u016f na v\u00fdchod; men\u0161\u00ed leti\u0161t\u011b \u017duljany na jih; a tak\u00e9 n\u00e1kladn\u00ed leti\u0161t\u011b Hostomel a leti\u0161t\u011b p\u0159idru\u017een\u00e1 k Antonovu. \u017delezni\u010dn\u00ed syst\u00e9m \u2013 soust\u0159ed\u011bn\u00fd na d\u00e1lkov\u00e9 stanici Kyjev-Pasa\u017eyrskyj a dopln\u011bn\u00fd \u0161esti n\u00e1kladn\u00edmi termin\u00e1ly \u2013 z\u016fst\u00e1v\u00e1 d\u016fle\u017eit\u00fd, ale zat\u00ed\u017een\u00fd, co\u017e vede k \u00fasil\u00ed o roz\u0161\u00ed\u0159en\u00ed uzlu Darnycja a v\u00fdstavb\u011b kombinovan\u00e9ho \u017eelezni\u010dn\u00edho a silni\u010dn\u00edho mostu p\u0159es Dn\u011bpr. M\u011bstsk\u00fd vlak, spu\u0161t\u011bn\u00fd v roce 2011, nab\u00edz\u00ed \u010dastou okru\u017en\u00ed dopravu s p\u0159estupem na metro a tramvaj, zat\u00edmco p\u0159\u00edm\u011bstsk\u00e9 elektrick\u00e9 vlaky poskytuj\u00ed region\u00e1ln\u00ed spojen\u00ed navzdory omezen\u00edm dochvilnosti a kapacity.<\/p>\n<p>Uprost\u0159ed t\u00e9to dynamick\u00e9 m\u011bstsk\u00e9 tapiserie zt\u011bles\u0148uje rozmanitost Kyjeva p\u011bt sousedsk\u00fdch z\u00e1\u017eitk\u016f. V centru m\u011bsta pulzuje Majdan Nez\u00e1vislosti \u2013 m\u00edsto kl\u00ed\u010dov\u00fdch setk\u00e1n\u00ed v letech 2004 a\u017e 2013 \u2013 politickou a spole\u010denskou pam\u011bt\u00ed. O v\u00edkendech se ulice Chre\u0161\u010datyk prom\u011bn\u00ed v p\u011b\u0161\u00ed promen\u00e1du, jej\u00ed\u017e velkolep\u00fd bulv\u00e1r je bez provozu a o\u017e\u00edv\u00e1 ho um\u011blci a rodiny. Andrew\u016fv sjezd, dl\u00e1\u017ed\u011bn\u00e1 tepna spojuj\u00edc\u00ed Horn\u00ed m\u011bsto a Podil, l\u00e1k\u00e1 kostelem svat\u00e9ho Ond\u0159eje na sv\u00e9m vrcholu a \u0159adou st\u00e1nk\u016f, galeri\u00ed a restaurac\u00ed, kter\u00e9 si zachov\u00e1vaj\u00ed autentick\u00fd n\u00e1dech. Dole Podil odhaluje sv\u00e9 d\u011bdictv\u00ed obchodn\u00ed \u010dtvrti prost\u0159ednictv\u00edm s\u00edt\u011b ulic z devaten\u00e1ct\u00e9ho stolet\u00ed, o\u017eiven\u00fdch modern\u00edmi restauracemi a gentrifikac\u00ed, ale st\u00e1le ukotven\u00fdch sjezdem lanovky na Po\u0161tovou plochu. A kone\u010dn\u011b, Arsenalna se py\u0161n\u00ed \u0159adou mo\u017enost\u00ed stravov\u00e1n\u00ed na slavn\u00e9m n\u00e1m\u011bst\u00ed, kter\u00e9 samo o sob\u011b soused\u00ed s nejhlub\u0161\u00ed stanic\u00ed metra na sv\u011bt\u011b \u2013 v\u00fdsti\u017enou metaforou pro vrstevnatou historickou hloubku Kyjeva.<\/p>\n<p>Navzdory epoch\u00e1m prosperity, devastace a obnovy z\u016fst\u00e1v\u00e1 Kyjev d\u016fkazem odolnosti a p\u0159erodu. Jeho \u0159\u00ed\u010dn\u00ed prost\u0159ed\u00ed, historick\u00e1 architektura, kulturn\u00ed instituce a modern\u00ed dynamika se snoub\u00ed v metropoli, kter\u00e1 ct\u00ed svou minulost a z\u00e1rove\u0148 p\u0159ij\u00edm\u00e1 svou vyv\u00edjej\u00edc\u00ed se roli na evropsk\u00e9 sc\u00e9n\u011b. V Kyjev\u011b se \u010dlov\u011bk setk\u00e1v\u00e1 nejen s hlavn\u00edm m\u011bstem, ale i s \u017eivou kronikou trval\u00e9ho ducha v\u00fdchodn\u00ed Evropy.<\/p>","protected":false},"excerpt":{"rendered":"<p>Kyjev, hlavn\u00ed a nejv\u011bt\u0161\u00ed m\u011bsto Ukrajiny, se nach\u00e1z\u00ed v severo-centr\u00e1ln\u00ed oblasti zem\u011b pod\u00e9l \u0159eky Dn\u011bpr. S 2 952 301 obyvateli k 1. lednu 2022 je toto m\u011bsto sedm\u00fdm nejlidnat\u011bj\u0161\u00edm v Evrop\u011b. Toto starobyl\u00e9 m\u011bsto \u2013 jedno z nejstar\u0161\u00edch ve v\u00fdchodn\u00ed Evrop\u011b \u2013 hraje ji\u017e v\u00edce ne\u017e tis\u00edcilet\u00ed \u00fast\u0159edn\u00ed roli v historii, kultu\u0159e a ekonomice regionu.<\/p>","protected":false},"author":1,"featured_media":2772,"parent":12613,"menu_order":0,"comment_status":"closed","ping_status":"closed","template":"elementor_theme","meta":{"_eb_attr":"","footnotes":""},"class_list":["post-12625","page","type-page","status-publish","has-post-thumbnail"],"_links":{"self":[{"href":"https:\/\/travelshelper.com\/cs\/wp-json\/wp\/v2\/pages\/12625","targetHints":{"allow":["GET"]}}],"collection":[{"href":"https:\/\/travelshelper.com\/cs\/wp-json\/wp\/v2\/pages"}],"about":[{"href":"https:\/\/travelshelper.com\/cs\/wp-json\/wp\/v2\/types\/page"}],"author":[{"embeddable":true,"href":"https:\/\/travelshelper.com\/cs\/wp-json\/wp\/v2\/users\/1"}],"replies":[{"embeddable":true,"href":"https:\/\/travelshelper.com\/cs\/wp-json\/wp\/v2\/comments?post=12625"}],"version-history":[{"count":0,"href":"https:\/\/travelshelper.com\/cs\/wp-json\/wp\/v2\/pages\/12625\/revisions"}],"up":[{"embeddable":true,"href":"https:\/\/travelshelper.com\/cs\/wp-json\/wp\/v2\/pages\/12613"}],"wp:featuredmedia":[{"embeddable":true,"href":"https:\/\/travelshelper.com\/cs\/wp-json\/wp\/v2\/media\/2772"}],"wp:attachment":[{"href":"https:\/\/travelshelper.com\/cs\/wp-json\/wp\/v2\/media?parent=12625"}],"curies":[{"name":"wp","href":"https:\/\/api.w.org\/{rel}","templated":true}]}}