{"id":12464,"date":"2024-09-16T01:26:46","date_gmt":"2024-09-16T01:26:46","guid":{"rendered":"https:\/\/travelshelper.com\/staging\/?page_id=12464"},"modified":"2026-03-12T18:30:03","modified_gmt":"2026-03-12T18:30:03","slug":"bar","status":"publish","type":"page","link":"https:\/\/travelshelper.com\/cs\/destinations\/europe\/montenegro\/bar\/","title":{"rendered":"Bar"},"content":{"rendered":"<p>Bar je hlavn\u00ed n\u00e1mo\u0159n\u00ed br\u00e1nou \u010cern\u00e9 Hory, m\u011bsto s 15 868 obyvateli, rozkl\u00e1daj\u00edc\u00ed se na 598 kilometrech \u010dtvere\u010dn\u00edch dlouh\u00e9m pob\u0159e\u017e\u00ed a vnitrozem\u00ed, a s\u00eddlo obce, jej\u00ed\u017e 46 171 obyvatel ob\u00fdv\u00e1 85 osad t\u00e1hnouc\u00ed se od Jadersk\u00e9ho mo\u0159e a\u017e po b\u0159ehy Skadarsk\u00e9ho jezera. Bar se nach\u00e1z\u00ed \u0161edes\u00e1t kilometr\u016f jihoz\u00e1padn\u011b od Podgorice, hlavn\u00edho m\u011bsta zem\u011b, a p\u0159\u00edmo naproti italsk\u00e9mu m\u011bstu Bari, na okraji m\u011bsta, kde se rytmy St\u0159edomo\u0159\u00ed m\u00eds\u00ed s vnitrozemsk\u00fdm pulsem Balk\u00e1nu.<\/p>\n<p>Od sv\u00e9ho starov\u011bk\u00e9ho p\u016fvodu jako Antibarium \u2013 \u201eoproti Bari\u201c v jazyce \u0159\u00edmsk\u00fdch n\u00e1mo\u0159n\u00edk\u016f \u2013 bylo m\u011bsto sv\u011bdkem epoch imp\u00e9ria, v\u00edry a n\u00e1mo\u0159n\u00edho obchodu. Dnes p\u0159etrv\u00e1v\u00e1 nikoli jako muzejn\u00ed expon\u00e1t, ale jako \u017eivouc\u00ed komunita, jej\u00ed\u017e ekonomika z\u00e1vis\u00ed na jej\u00edm hlubokomo\u0159sk\u00e9m p\u0159\u00edstavu, jej\u00ed\u017e zastav\u011bn\u00e1 struktura nese jizvy a triumfy ben\u00e1tsk\u00e9, osmansk\u00e9 a slovansk\u00e9 nadvl\u00e1dy a jej\u00ed\u017e krajina sah\u00e1 od obl\u00e1zkov\u00fdch b\u0159eh\u016f a\u017e po h\u0159ebeny pokryt\u00e9 duby. V Baru se geografie a historie prol\u00ednaj\u00ed zp\u016fsobem element\u00e1rn\u00edm i neproniknuteln\u00fdm, kter\u00fd vyb\u00edz\u00ed k zamy\u0161len\u00ed stejn\u011b jako k zv\u011bdavosti.<\/p>\n<p>Topografie Baru se rozkl\u00e1d\u00e1 ve t\u0159ech soust\u0159edn\u00fdch z\u00f3n\u00e1ch. Na z\u00e1pad\u011b se Jadran rozkl\u00e1d\u00e1 v p\u00e1sech bled\u011b akvamar\u00ednov\u00e9 barvy, jeho\u017e p\u0159\u00edliv a odliv om\u00fdvaj\u00ed pob\u0159e\u017e\u00ed lemovan\u00e9 p\u0159\u00edstavy, olivov\u00fdmi h\u00e1ji a ob\u010dasn\u00fdmi valy. Na v\u00fdchod\u011b se krajina m\u00edrn\u011b sva\u017euje k h\u0159eben\u016fm Rumije a Sutormanu, jejich\u017e svahy jsou pokryt\u00e9 maquis a dubov\u00fdmi lesy, ne\u017e ustoup\u00ed rozlehl\u00e9mu Skadarsk\u00e9mu jezeru \u2013 nejv\u011bt\u0161\u00edmu jezeru v ji\u017en\u00ed Evrop\u011b. Mezi mo\u0159em a jezerem se nach\u00e1z\u00ed mozaika citrusov\u00fdch sad\u016f, vinic a pol\u00ed gran\u00e1tov\u00fdch jablek, kter\u00e9 jsou d\u016fkazem stalet\u00ed subtropick\u00e9ho zem\u011bd\u011blstv\u00ed, kter\u00e9 je \u017eiveno sluncem zalit\u00fdm podneb\u00edm.<\/p>\n<p>Barsk\u00e9 klima nese otisk dvou odli\u0161n\u00fdch st\u0159edomo\u0159sk\u00fdch re\u017eim\u016f. Zimy z\u016fst\u00e1vaj\u00ed m\u00edrn\u00e9 a trvale vlhk\u00e9, s lednov\u00fdmi pr\u016fm\u011brn\u00fdmi denn\u00edmi teplotami, kter\u00e9 se pohybuj\u00ed kolem 12,3 \u00b0C a v noci klesaj\u00ed na 4,3 \u00b0C. Sn\u011b\u017een\u00ed p\u0159ich\u00e1z\u00ed jen ve vz\u00e1cn\u00fdch, m\u011b\u0159en\u00fdch z\u00e1v\u011bj\u00edch \u2013 nejv\u00fdrazn\u011bj\u0161\u00ed jsou dev\u00edticentimetrov\u00e9 sr\u00e1\u017eky v lednu roku 2000. L\u00e9ta jsou dlouh\u00e1 a z\u00e1\u0159iv\u00e1, s \u010dervencov\u00fdmi maximy 27 \u00b0C a\u017e 28 \u00b0C a no\u010dn\u00edmi minimy 18 \u00b0C, p\u0159eru\u0161ovan\u00fdmi kr\u00e1tk\u00fdmi, m\u00edrn\u00fdmi de\u0161ti. Po cel\u00fd rok se m\u011bsto vyh\u0159\u00edv\u00e1 ve v\u00edce ne\u017e 2 500 hodin\u00e1ch slune\u010dn\u00edho svitu, kter\u00e9 barv\u00ed jeho kamenn\u00e9 zdi a ta\u0161kov\u00e9 st\u0159echy neust\u00e1le se m\u011bn\u00edc\u00edm sv\u011btlem a st\u00ednem.<\/p>\n<p>P\u0159esto pr\u00e1v\u011b v tich\u00fdch ruin\u00e1ch Star\u00e9ho Baru, \u010dty\u0159i kilometry ve vnitrozem\u00ed na \u00fapat\u00ed hory Rumija, se nejv\u00edce projevuje vrstevnat\u00e1 historie regionu. Zde, za branami, kter\u00e9 kdysi st\u0159e\u017eily st\u0159edov\u011bkou pevnost, le\u017e\u00ed rozpadaj\u00edc\u00ed se poz\u016fstatky kostel\u016f, me\u0161it a akvadukt\u016f. Br\u00e1na z des\u00e1t\u00e9ho stolet\u00ed stoj\u00ed na str\u00e1\u017ei nad ruinami katedr\u00e1ly sv. Ji\u0159\u00ed, zalo\u017een\u00e9 v jeden\u00e1ct\u00e9m stolet\u00ed, vedle fragment\u016f kostela sv. Kate\u0159iny a me\u0161ity Omerba\u0161i\u0107e, postaven\u00e9 v roce 1662. Mezi nimi le\u017e\u00ed zbytky oblouk\u016f osmansk\u00e9ho akvaduktu \u2013 p\u0159estav\u011bn\u00e9ho po zem\u011bt\u0159esen\u00ed v roce 1979 \u2013 a hrobka kazatele Dervi\u0161e Hasana ze 17. stolet\u00ed. Tyto kameny, rozbit\u00e9 a zv\u011btral\u00e9, nesou tich\u00e9 sv\u011bdectv\u00ed o m\u011bst\u011b, kter\u00e9 kdysi st\u0159\u00eddalo majitele mezi slovansk\u00fdmi kn\u00ed\u017eaty, ben\u00e1tsk\u00fdmi d\u00f3\u017eeti a osmansk\u00fdmi pa\u0161y.<\/p>\n<p>V okresech, kter\u00e9 obklopuj\u00ed modern\u00ed p\u0159\u00edstav, se p\u0159\u00edb\u011bh Baru odv\u00edj\u00ed paraleln\u011b mezi tradi\u010dn\u00edm pr\u016fmyslem a rozv\u00edjej\u00edc\u00edm se cestovn\u00edm ruchem. P\u0159\u00edstav Bar s 3 100 metry n\u00e1b\u0159e\u017e\u00ed, 800 hektary p\u016fdy a 200 hektary chr\u00e1n\u011bn\u00fdch vod odbav\u00ed ro\u010dn\u011b p\u0159ibli\u017en\u011b p\u011bt milion\u016f tun n\u00e1kladu. Jeho je\u0159\u00e1by a kontejnerov\u00e9 stohy r\u00e1muj\u00ed panorama m\u011bsta a neust\u00e1le p\u0159ipom\u00ednaj\u00ed strategick\u00fd v\u00fdznam m\u011bsta pro obchodn\u00ed s\u00ed\u0165 \u010cern\u00e9 Hory. Vedle n\u011bj vede \u017eeleznice B\u011blehrad\u2013Bar \u2013 dokon\u010den\u00e1 v roce 1976 po desetilet\u00edch in\u017een\u00fdrsk\u00fdch v\u00fdzev \u2013 vine se horsk\u00fdmi tunely a \u00fadoln\u00edmi viadukty, spojuje Jadran se srbsk\u00fdm hlavn\u00edm m\u011bstem a otev\u00edr\u00e1 vnitrozem\u00ed n\u00e1v\u0161t\u011bvn\u00edk\u016fm i zbo\u017e\u00ed.<\/p>\n<p>Zem\u011bd\u011blstv\u00ed z\u016fst\u00e1v\u00e1 ned\u00edlnou sou\u010d\u00e1st\u00ed identity Baru. P\u016fda obce podporuje p\u0159ibli\u017en\u011b 95 000 olivovn\u00edk\u016f a 80 000 druh\u016f citrus\u016f \u2013 citron\u016f, mandarinek, pomeran\u010d\u016f a grapefruit\u016f \u2013 kter\u00e9 vzkv\u00e9taj\u00ed pod subtropick\u00fdm sluncem. Centrum pro subtropick\u00e9 plodiny, zalo\u017een\u00e9 v roce 1937, je nejstar\u0161\u00ed v\u011bdeckou instituc\u00ed v \u010cern\u00e9 Ho\u0159e a jeho v\u00fdzkumn\u00e1 pole a \u0161kolky p\u0159edstavuj\u00ed \u017eivouc\u00ed archiv zahradnick\u00fdch adaptac\u00ed. M\u00edstn\u00ed v\u00fdrobce potravin Primorka, aktivn\u00ed ji\u017e v\u00edce ne\u017e p\u016fl stolet\u00ed, lisuje olivov\u00fd olej a pln\u00ed \u0161\u0165\u00e1vu z gran\u00e1tov\u00e9ho jablka do lahv\u00ed, \u010d\u00edm\u017e udr\u017euje kulin\u00e1\u0159sk\u00e9 tradice, kter\u00e9 sahaj\u00ed a\u017e do ran\u00fdch pr\u016fmyslov\u00fdch provoz\u016f ve 20. letech 20. stolet\u00ed.<\/p>\n<p>N\u00e1bo\u017eensk\u00e1 architektura m\u011bsta odr\u00e1\u017e\u00ed jeho slo\u017eitou soci\u00e1ln\u00ed strukturu. Pravoslavn\u00e9 a katolick\u00e9 kostely sd\u00edlej\u00ed sousedstv\u00ed s me\u0161itami postaven\u00fdmi pod osmanskou patronac\u00ed. V nov\u011bj\u0161\u00ed \u010dtvrti Nov\u00e9ho Baru s\u00eddl\u00ed kostel sv. Nikoly arcibiskupstv\u00ed zalo\u017een\u00e9 v jeden\u00e1ct\u00e9m stolet\u00ed, zat\u00edmco pobl\u00ed\u017e se nach\u00e1z\u00ed modern\u00ed katedr\u00e1la sv. Jana Vladim\u00edra \u2013 dokon\u010den\u00e1 mezi lety 2009 a 2015 \u2013 kter\u00e1 svou velikost\u00ed konkuruje hlavn\u00ed pravoslavn\u00e9 budov\u011b Podgorice, jej\u00ed\u017e freskovan\u00e9 galerie jsou zasv\u011bceny prvn\u00edmu st\u0159edov\u011bk\u00e9mu sv\u011btci v regionu. Na druh\u00e9 stran\u011b m\u011bsta si me\u0161ita Omerba\u0161i\u0107 ve Star\u00e9m Baru zachovala sv\u016fj \u0161t\u00edhl\u00fd minaret a modlitebnu, kterou nav\u0161t\u011bvuj\u00ed poutn\u00edci p\u0159itahovan\u00ed jej\u00edmi z\u00e1klady ze sedmn\u00e1ct\u00e9ho stolet\u00ed.<\/p>\n<p>Demografick\u00e9 slo\u017een\u00ed Baru odr\u00e1\u017e\u00ed migra\u010dn\u00ed vlny a posun hranic. Podle s\u010d\u00edt\u00e1n\u00ed lidu z roku 2011 tvo\u0159\u00ed etni\u010dt\u00ed \u010cernohorci a Srbov\u00e9 dohromady p\u0159ibli\u017en\u011b osmdes\u00e1t \u010dty\u0159i procent obyvatel m\u011bsta, zat\u00edmco Bos\u0148an\u00e9, muslimov\u00e9, Alb\u00e1nci a Chorvati tvo\u0159\u00ed men\u0161\u00ed komunity. N\u00e1bo\u017eenstv\u00ed se dr\u017e\u00ed podobn\u00fdch lini\u00ed: pravoslavn\u00ed v\u011b\u0159\u00edc\u00ed tvo\u0159\u00ed t\u00e9m\u011b\u0159 osmdes\u00e1t procent, muslimov\u00e9 a katol\u00edci deset, respektive p\u011bt procent. Tato \u010d\u00edsla, a\u010dkoli se mohou postupn\u011b m\u011bnit, poukazuj\u00ed na spole\u010dnost zakotvenou ve sd\u00edlen\u00fdch tradic\u00edch Jadranu a Balk\u00e1nu.<\/p>\n<p>Navzdory strategicky d\u016fle\u017eit\u00e9mu p\u0159\u00edstavu si Bar zachov\u00e1v\u00e1 skromn\u00e9 \u200b\u200brozm\u011bry. Jeho st\u0159edov\u011bk\u00e9 j\u00e1dro \u2013 kde \u00fazk\u00e9 uli\u010dky stoupaj\u00ed k z\u0159\u00edcen\u00fdm hradb\u00e1m \u2013 m\u011b\u0159\u00ed sotva n\u011bkolik hektar\u016f a sou\u010dasn\u00e9 centrum m\u011bsta, lemovan\u00e9 \u017eelezni\u010dn\u00edmi kolejemi a ropn\u00fdmi n\u00e1dr\u017eemi, se rozkl\u00e1d\u00e1 v nepravideln\u00fdch bloc\u00edch n\u00edzk\u00fdch budov. Na n\u00e1b\u0159e\u017e\u00ed se nach\u00e1z\u00ed hrstka hotel\u016f, ale v\u011bt\u0161ina ubytov\u00e1n\u00ed se nach\u00e1z\u00ed v penzionech a soukrom\u00fdch podnic\u00edch severn\u011b od pr\u016fmyslov\u00e9 z\u00f3ny, v \u010dtvrt\u00edch, jako je \u0160u\u0161anj. Pl\u00e1\u017ee lemovan\u00e9 borovicemi zde ustupuj\u00ed obl\u00e1zkov\u00fdm pl\u00e1\u017e\u00edm a ruch letn\u00ed turistiky z\u016fst\u00e1v\u00e1 i na vrcholu um\u00edrn\u011bn\u00fd.<\/p>\n<p>Dopravn\u00ed spojen\u00ed se z m\u011bsta rozprost\u00edr\u00e1 jako paprsky kola. Pob\u0159e\u017e\u00ed lemuje Jadransk\u00e1 magistr\u00e1la, kter\u00e1 spojuje Bar s Budvou na severu a Ulcinj na jihu. Tunel Sozina, otev\u0159en\u00fd v roce 2006, prorazil p\u0159\u00edmou trasu p\u0159es poho\u0159\u00ed Golija do Podgorice, \u010d\u00edm\u017e zkr\u00e1til dobu cesty na m\u00e9n\u011b ne\u017e hodinu. Osmdes\u00e1tikilometrovou plavbu do italsk\u00e9ho Bari zaji\u0161\u0165uje trajekt pro automobily, jeho\u017e sez\u00f3nn\u00ed j\u00edzdn\u00ed \u0159\u00e1d odr\u00e1\u017e\u00ed p\u0159\u00edliv a odliv cestovn\u00edho ruchu; spojen\u00ed s Anconou bylo ukon\u010deno koncem roku 2016. Ve vnitrozem\u00ed spojuje Bar se Sutomore, pl\u00e1\u017eemi Budvansk\u00e9 rivi\u00e9ry a vesnicemi obklopuj\u00edc\u00edmi Skadarsk\u00e9 jezero autobusov\u00e1 doprava, zat\u00edmco na n\u00e1dra\u017e\u00ed p\u0159ij\u00ed\u017ed\u011bj\u00ed a odj\u00ed\u017ed\u011bj\u00ed ka\u017edou hodinu vlaky, jejich\u017e vag\u00f3ny p\u0159ipom\u00ednaj\u00ed pr\u016fmyslov\u00e9 d\u011bdictv\u00ed m\u011bsta.<\/p>\n<p>Kulturn\u00ed \u017eivot v Baru je tvo\u0159en dv\u011bma institucemi s\u00eddl\u00edc\u00edmi v kr\u00e1lovsk\u00fdch trosk\u00e1ch. Pal\u00e1c kr\u00e1le Nikoly, stavba z roku 1885 v eklektick\u00e9m stylu, stoj\u00ed uprost\u0159ed listnat\u00fdch zahrad a jeho oran\u017eerie a kovan\u00e9 \u017eelezn\u00e9 balkony nazna\u010duj\u00ed secesn\u00ed vlivy. Dnes slou\u017e\u00ed jako m\u00edstn\u00ed historick\u00e9 muzeum, jeho\u017e m\u00edstnosti jsou uspo\u0159\u00e1dan\u00e9 tak, aby evokovaly interi\u00e9r dvora z konce devaten\u00e1ct\u00e9ho stolet\u00ed, s dobov\u00fdm n\u00e1bytkem, portr\u00e9ty a archivn\u00edmi dokumenty. Nedaleko se nach\u00e1z\u00ed st\u0159edov\u011bk\u00e1 pevnost Star\u00fd Bar, kter\u00e1 byla \u010d\u00e1ste\u010dn\u011b p\u0159em\u011bn\u011bna na muzeum pod \u0161ir\u00fdm nebem, kde prohl\u00eddkov\u00e9 stezky vedou n\u00e1v\u0161t\u011bvn\u00edky mezi cisternami, hradbami a slavnou \u201eStarou olivou\u201c \u2013 sukovit\u00fdm stromem, o kter\u00e9m se \u0159\u00edk\u00e1, \u017ee je star\u00fd dv\u011b tis\u00edcilet\u00ed.<\/p>\n<p>Tr\u017en\u00ed \u017eivot vzkv\u00e9t\u00e1 pod\u00e9l Bulevaru 24. Novembra, kde st\u00e1nky nab\u00edzej\u00ed s\u00fdry v d\u0159ev\u011bn\u00fdch k\u00e1d\u00edch a ryb\u00ed pavilon dod\u00e1v\u00e1 denn\u00ed \u00falovek Jadranu za m\u00edstn\u00ed ceny. Supermarket VOLI pobl\u00ed\u017e n\u00e1dra\u017e\u00ed nab\u00edz\u00ed obyvatel\u016fm hypermarket, l\u00e9k\u00e1rnu a kulin\u00e1\u0159sk\u00e9 emporium. Kav\u00e1rny se t\u00e1hnou po dl\u00e1\u017ed\u011bn\u00e9 ulici, kter\u00e1 se ty\u010d\u00ed od parkovi\u0161t\u011b k br\u00e1n\u011b Star\u00e9ho Baru, a jejich stoly jsou v r\u016fzn\u00fdch stylech \u2013 n\u011bkter\u00e9 maj\u00ed skromn\u00e9 \u200b\u200bd\u0159ev\u011bn\u00e9 lavice pobl\u00ed\u017e hradeb pevnosti, jin\u00e9 jsou stylov\u011b za\u0159\u00edzen\u00e9 pruhovan\u00fdmi mark\u00fdzami a kovan\u00fdmi \u017eelezn\u00fdmi \u017eidlemi. Mezi nimi je \u0107evabd\u017einica Dino, kde se o stoly pod\u00e1vaj\u00ed ko\u0159en\u011bn\u00e9 jehn\u011b\u010d\u00ed masov\u00e9 kuli\u010dky s gran\u00e1tovou \u0161\u0165\u00e1vou, a ryb\u00ed bar Cvijo, jeho\u017e menu ve tvaru mezaluny nab\u00edz\u00ed grilovan\u00e9 speciality spolu s atmosf\u00e9rou mo\u0159sk\u00e9ho skla.<\/p>\n<p>No\u010dn\u00ed \u017eivot v Baru je pomal\u00fd. Zat\u00edmco jin\u00e1 jadransk\u00e1 letoviska vl\u00e9vaj\u00ed sv\u011btlo a hudbu do \u010dasn\u00fdch rann\u00edch hodin, barsk\u00e9 ve\u010dery se ch\u00fdl\u00ed k p\u016flnoci, p\u0159eru\u0161ovan\u00e9 bary s \u0159emesln\u00fdm pivem, jako je 501 Darts Bar a Varadero. Tax\u00edky se shlukuj\u00ed v bl\u00edzkosti autobusov\u00e9ho a vlakov\u00e9ho n\u00e1dra\u017e\u00ed a ka\u017edou hodinu obsluhuj\u00ed autobusy na pl\u00e1\u017ee \u0160u\u0161anj a d\u00e1le. Pro ty, kte\u0159\u00ed hledaj\u00ed \u017eiv\u011bj\u0161\u00ed spole\u010dnost, nab\u00edz\u00ed Sutomore \u2013 vesnice deset minut j\u00edzdy na jih \u2013 p\u00edse\u010dn\u00e9 pob\u0159e\u017e\u00ed a sez\u00f3nn\u00ed kluby, zat\u00edmco Budva s proslul\u00fdm no\u010dn\u00edm \u017eivotem se nach\u00e1z\u00ed hodinu severn\u011bji.<\/p>\n<p>Ve vnitrozem\u00ed se na zalesn\u011bn\u00fdch kopc\u00edch ty\u010d\u00ed ruiny kl\u00e1\u0161tera Ratac a pevnosti Tabija, odkud se otev\u00edr\u00e1 v\u00fdhled na mo\u0159e i jezero. Vedlej\u0161\u00ed silnice vede k pam\u00e1tn\u00edku p\u0159ipom\u00ednaj\u00edc\u00edmu bitvu u Baru v roce 1042, kde srbsk\u00e9 s\u00edly pod veden\u00edm Stefana Vojislava porazily Byzantince \u2013 k m\u00edstu, jeho\u017e betonov\u00e9 podstavce nyn\u00ed slou\u017e\u00ed jako panoramatick\u00fd v\u00fdhled. Na v\u00fdchod\u011b se svahy kolem Skadarsk\u00e9ho jezera otev\u00edraj\u00ed do Skadarsk\u00e9 krajiny, mozaiky ryb\u00e1\u0159sk\u00fdch vesnic a mok\u0159ad\u016f bohat\u00fdch na pt\u00e1ky, kter\u00e9 odm\u011b\u0148uj\u00ed rann\u00ed v\u00fdlety lod\u00ed.<\/p>\n<p>Modern\u00ed Bar odol\u00e1v\u00e1 stereotyp\u016fm Rivi\u00e9ry. Nen\u00ed to ani trh\u00e1k, ani ospal\u00fd provin\u010dn\u00ed p\u0159\u00edstav, ale sp\u00ed\u0161e m\u00edsto ro\u010dn\u00edch rytm\u016f zako\u0159en\u011bn\u00fdch jak v n\u00e1mo\u0159n\u00edm obchodu a zem\u011bd\u011blstv\u00ed, tak v cestovn\u00edm ruchu zam\u011b\u0159en\u00e9m na slunce a mo\u0159e. B\u011bhem roku se v p\u0159\u00edstavu rozj\u00ed\u017ed\u011bj\u00ed je\u0159\u00e1by, na podzim padaj\u00ed olivy, v z\u00e1\u0159\u00ed se otev\u00edraj\u00ed \u0161koly a obchody a jaro a l\u00e9to se p\u0159ipom\u00ednaj\u00ed ortodoxn\u00ed a isl\u00e1msk\u00e9 sv\u00e1tky. Ka\u017edodenn\u00ed \u017eivot zde m\u00e1 solidnost, podt\u00f3n historie, kter\u00fd se projev\u00ed v\u017edy, kdy\u017e v\u00edtr od pob\u0159e\u017e\u00ed za\u0161ust\u00ed cyp\u0159i\u0161emi nebo vlak zahv\u00edzd\u00e1 tunelem do n\u00e1dra\u017e\u00ed.<\/p>\n<p>Pro cestovatele, kter\u00fd tou\u017e\u00ed poznat prav\u00e9 jadransk\u00e9 m\u011bsto, nab\u00edz\u00ed Bar rovnov\u00e1hu mezi element\u00e1rn\u00edm a ka\u017edodenn\u00edm \u017eivotem. M\u016f\u017eete se vydat za ben\u00e1tskou branou, zastavit se p\u0159ed osmanskou me\u0161itou nebo posed\u011bt u stolu s m\u00edstn\u00edmi s\u00fdry, ani\u017e byste poc\u00edtili tempo diktovan\u00e9 itiner\u00e1\u0159em pr\u016fvodce. Jadran zde nen\u00ed ani komoditou, ani pouhou kulisou, ale st\u00e1l\u00fdm partnerem \u2013 od ryb\u00e1\u0159sk\u00fdch lod\u00ed za \u00fasvitu a\u017e po trajekty vyplouvaj\u00edc\u00ed do It\u00e1lie za soumraku.<\/p>\n<p>Nakonec se Bar odhal\u00ed nikoli v jedin\u00e9m panoramatu, ale v \u0159ad\u011b drobn\u00fdch setk\u00e1n\u00ed: staccato zvon\u011bn\u00ed hodinov\u00e9 v\u011b\u017ee v poledne, v\u016fn\u011b jasm\u00ednu propleten\u00e1 s v\u00fdfukov\u00fdmi plyny pobl\u00ed\u017e n\u00e1b\u0159e\u017e\u00ed, ozv\u011bna d\u011btsk\u00e9ho sm\u00edchu mezi z\u0159\u00edcen\u00fdmi oblouky kostela svat\u00e9 Kate\u0159iny. Tyto detaily se spojuj\u00ed do obrazu m\u011bsta ukotven\u00e9ho ve sv\u00e9m d\u011bdictv\u00ed a z\u00e1rove\u0148 otev\u0159en\u00e9ho proud\u016fm zm\u011bn \u2013 kde starov\u011bk\u00e9 a modern\u00ed nach\u00e1zej\u00ed nejist\u00e9 spojen\u00ed a kde se p\u0159\u00edb\u011bh st\u00e1le tvo\u0159\u00ed.<\/p>","protected":false},"excerpt":{"rendered":"<p>Bar, pob\u0159e\u017en\u00ed m\u011bsto v \u010cern\u00e9 Ho\u0159e, le\u017e\u00ed 75 kilometr\u016f od hlavn\u00edho m\u011bsta Podgorica. Bar se sv\u00fdmi 13 719 obyvateli p\u016fsob\u00ed jako centrum \u0161ir\u0161\u00ed obce, kter\u00e1 zahrnuje 83 osad a m\u00e1 celkov\u00fd po\u010det obyvatel 40 037. Toto \u017eiv\u00e9 m\u011bsto je oslavov\u00e1no pro svou rozmanitou kulturn\u00ed strukturu, host\u00ed p\u016fsobiv\u00fdch 25 r\u016fzn\u00fdch n\u00e1rodnost\u00ed, kter\u00e9 spolu \u017eij\u00ed v harmonii uvnit\u0159 jeho hranic. Jedine\u010dn\u00fd charakter Baru odr\u00e1\u017e\u00ed jeho historick\u00fd v\u00fdznam jako tav\u00edc\u00ed kotel st\u0159edomo\u0159sk\u00fdch a orient\u00e1ln\u00edch vliv\u016f, jeho\u017e v\u00fdsledkem je v\u00fdrazn\u00e1 sm\u011bs kultur, kter\u00e1 i dnes definuje jeho identitu.<\/p>","protected":false},"author":1,"featured_media":3036,"parent":12406,"menu_order":0,"comment_status":"closed","ping_status":"closed","template":"elementor_theme","meta":{"_eb_attr":"","footnotes":""},"class_list":["post-12464","page","type-page","status-publish","has-post-thumbnail"],"_links":{"self":[{"href":"https:\/\/travelshelper.com\/cs\/wp-json\/wp\/v2\/pages\/12464","targetHints":{"allow":["GET"]}}],"collection":[{"href":"https:\/\/travelshelper.com\/cs\/wp-json\/wp\/v2\/pages"}],"about":[{"href":"https:\/\/travelshelper.com\/cs\/wp-json\/wp\/v2\/types\/page"}],"author":[{"embeddable":true,"href":"https:\/\/travelshelper.com\/cs\/wp-json\/wp\/v2\/users\/1"}],"replies":[{"embeddable":true,"href":"https:\/\/travelshelper.com\/cs\/wp-json\/wp\/v2\/comments?post=12464"}],"version-history":[{"count":0,"href":"https:\/\/travelshelper.com\/cs\/wp-json\/wp\/v2\/pages\/12464\/revisions"}],"up":[{"embeddable":true,"href":"https:\/\/travelshelper.com\/cs\/wp-json\/wp\/v2\/pages\/12406"}],"wp:featuredmedia":[{"embeddable":true,"href":"https:\/\/travelshelper.com\/cs\/wp-json\/wp\/v2\/media\/3036"}],"wp:attachment":[{"href":"https:\/\/travelshelper.com\/cs\/wp-json\/wp\/v2\/media?parent=12464"}],"curies":[{"name":"wp","href":"https:\/\/api.w.org\/{rel}","templated":true}]}}