{"id":12406,"date":"2024-09-16T00:39:00","date_gmt":"2024-09-16T00:39:00","guid":{"rendered":"https:\/\/travelshelper.com\/staging\/?page_id=12406"},"modified":"2026-03-12T18:32:52","modified_gmt":"2026-03-12T18:32:52","slug":"cerna-hora","status":"publish","type":"page","link":"https:\/\/travelshelper.com\/cs\/destinations\/europe\/montenegro\/","title":{"rendered":"\u010cern\u00e1 Hora"},"content":{"rendered":"<p>\u010cern\u00e1 Hora, st\u00e1t s 623 633 obyvateli, rozkl\u00e1daj\u00edc\u00ed se na plo\u0161e 13 883 km\u00b2, zab\u00edr\u00e1 \u00fazk\u00fd \u00fasek Balk\u00e1nsk\u00e9ho poloostrova v jihov\u00fdchodn\u00ed Evrop\u011b. Tato republika s 25 obcemi, om\u00fdvan\u00e1 Jadersk\u00fdm mo\u0159em na jihoz\u00e1pad\u011b a ohrani\u010den\u00e1 Chorvatskem, Bosnou a Hercegovinou, Srbskem, Kosovem a Alb\u00e1ni\u00ed, zt\u011bles\u0148uje tis\u00edcilet\u00ed mnohovrstevnat\u00e9 historie a pozoruhodnou geografickou rozmanitost. Od ty\u010d\u00edc\u00edch se alpsk\u00fdch vrcholk\u016f po \u00fazkou pob\u0159e\u017en\u00ed n\u00ed\u017einu, od st\u0159edov\u011bk\u00fdch kostel\u016f po opevn\u011bn\u00ed z osmansk\u00e9 \u00e9ry, kompaktn\u00ed \u00fazem\u00ed \u010cern\u00e9 Hory vyb\u00edz\u00ed k bl\u00edzk\u00e9mu a kontemplativn\u00edmu pohledu.<\/p>\n<p>Dlouho p\u0159ed slovansk\u00fdmi migracemi v \u0161est\u00e9m a sedm\u00e9m stolet\u00ed n. l. formovaly ilyrsk\u00e9 kmeny drsn\u00e9 pahorkatiny, kter\u00e9 dnes tvo\u0159\u00ed velkou \u010d\u00e1st severn\u00ed \u010cern\u00e9 Hory. V n\u00e1sleduj\u00edc\u00edch stolet\u00edch polo\u017eily t\u0159i st\u0159edov\u011bk\u00e1 kn\u00ed\u017eectv\u00ed \u2013 Duklja na jihu, Travunia na z\u00e1pad\u011b a Ra\u0161ka na severu \u2013 z\u00e1klady nov\u011b vznikaj\u00edc\u00edho politick\u00e9ho \u00fatvaru zvan\u00e9ho Zeta, kter\u00fd se objevil ve \u010dtrn\u00e1ct\u00e9m stolet\u00ed. Ben\u00e1t\u0161t\u00ed obchodn\u00edci a n\u00e1mo\u0159n\u00ed velitel\u00e9 zanechali pod\u00e9l pob\u0159e\u017e\u00ed sv\u016fj otisk ji\u017e na konci \u010dtrn\u00e1ct\u00e9ho stolet\u00ed a integrovali ji\u017en\u00ed b\u0159ehy do oblasti zn\u00e1m\u00e9 jako Ben\u00e1tsk\u00e1 Alb\u00e1nie. Osmansk\u00e9 vp\u00e1dy dos\u00e1hly regionu na konci patn\u00e1ct\u00e9ho stolet\u00ed, p\u0159esto si horsk\u00e9 klany udr\u017eely ur\u010ditou m\u00edru autonomie pod dynasti\u00ed Petrovi\u0107-Njego\u0161. V roce 1878 Berl\u00ednsk\u00fd kongres form\u00e1ln\u011b uznal nez\u00e1vislost \u010cern\u00e9 Hory; do roku 1910 se stala \u010cernohorsk\u00fdm kr\u00e1lovstv\u00edm. Dvac\u00e1t\u00e9 stolet\u00ed p\u0159ineslo spojen\u00ed s Kr\u00e1lovstv\u00edm Srb\u016f, Chorvat\u016f a Slovinc\u016f (pozd\u011bji Jugosl\u00e1vi\u00ed), pozd\u011bj\u0161\u00ed feder\u00e1ln\u00ed uspo\u0159\u00e1d\u00e1n\u00ed se Srbskem a nakonec v \u010dervnu 2006 obnoven\u00ed suver\u00e9nn\u00ed st\u00e1tnosti prost\u0159ednictv\u00edm referenda, \u010d\u00edm\u017e vznikla dne\u0161n\u00ed podoba zem\u011b.<\/p>\n<p>\u010cernohorsk\u00e1 ekonomika, nyn\u00ed klasifikovan\u00e1 jako ekonomika s vy\u0161\u0161\u00edmi st\u0159edn\u00edmi p\u0159\u00edjmy, se spol\u00e9h\u00e1 p\u0159ev\u00e1\u017en\u011b na slu\u017eby, p\u0159i\u010dem\u017e cestovn\u00ed ruch v posledn\u00edch desetilet\u00edch nab\u00fdv\u00e1 na v\u00fdznamu. Euro funguje jako n\u00e1rodn\u00ed m\u011bna na z\u00e1klad\u011b jednostrann\u00e9ho p\u0159ijet\u00ed, zat\u00edmco rozvoj infrastruktury \u2013 zejm\u00e9na dokon\u010den\u00ed d\u00e1lnic a modernizace \u017eeleznice B\u011blehrad\u2013Bar \u2013 z\u016fst\u00e1v\u00e1 deklarovanou prioritou pro podporu vyv\u00e1\u017een\u00e9ho r\u016fstu. Dv\u011b mezin\u00e1rodn\u00ed leti\u0161t\u011b v Podgorici a Tivatu odbavuj\u00ed p\u0159\u00edliv n\u00e1v\u0161t\u011bvn\u00edk\u016f p\u0159itahovan\u00fdch pl\u00e1\u017eemi a historick\u00fdmi m\u011bsty jadransk\u00e9ho pob\u0159e\u017e\u00ed; p\u0159\u00edstav Bar, obnoven\u00fd po v\u00e1le\u010dn\u00e9m ni\u010den\u00ed, odbavuje objemy n\u00e1kladu, kter\u00e9 hluboko pod jeho projektovanou kapacitou.<\/p>\n<p>Geograficky je \u010cern\u00e1 Hora studiem kontrast\u016f. Pob\u0159e\u017en\u00ed n\u00ed\u017eina, \u0161irok\u00e1 pouh\u00e9 kilometry, n\u00e1hle p\u0159ech\u00e1z\u00ed do v\u00e1pencov\u00fdch masiv\u016f \u2013 mezi nimi\u017e jsou Lov\u0107en a Orjen \u2013 kter\u00e9 se \u0159\u00edt\u00ed do Kotorsk\u00e9ho z\u00e1livu. Ve vnitrozem\u00ed se krasov\u00e9 \u00fatvary ty\u010d\u00ed do nadmo\u0159sk\u00e9 v\u00fd\u0161ky p\u0159esahuj\u00edc\u00ed 2 000 m: hora Orjen ve v\u00fd\u0161ce 1 894 m, Bobotov Kuk v poho\u0159\u00ed Durmitor ve v\u00fd\u0161ce 2 522 m a podle triangulace z roku 2018 Zla Kolata v poho\u0159\u00ed Prokletije ve v\u00fd\u0161ce 2 534 m. Severn\u00ed vyso\u010dinu tvo\u0159ila ledovcov\u00e1 \u00fadol\u00ed a strm\u00e9 ka\u0148ony, jako je sout\u011bska \u0159eky Tary, zapsan\u00e1 na seznamu UNESCO, zat\u00edmco Skadarsk\u00e9 jezero \u2013 sd\u00edlen\u00e9 s Alb\u00e1ni\u00ed a chr\u00e1n\u011bn\u00e9 jako n\u00e1rodn\u00ed park \u2013 je poseto jihoz\u00e1padn\u00edmi n\u00ed\u017einami s mok\u0159ady hem\u017e\u00edc\u00edmi se st\u011bhovav\u00fdmi pt\u00e1ky.<\/p>\n<p>V m\u011bstsk\u00fdch centrech i mal\u00fdch m\u011bstech lze nal\u00e9zt architektonick\u00e9 poz\u016fstatky, kter\u00e9 dokl\u00e1daj\u00ed rozmanit\u00e9 vl\u00e1dce \u010cern\u00e9 Hory. Ve st\u0159edov\u011bk\u00e9m j\u00e1dru Kotoru se mezi ben\u00e1tsk\u00fdmi pal\u00e1ci a rom\u00e1nsk\u00fdmi kostely vine p\u00edskem dl\u00e1\u017ed\u011bn\u00e9 ulice: katedr\u00e1la svat\u00e9ho Tryfona z dvan\u00e1ct\u00e9ho stolet\u00ed stoj\u00ed obkro\u010dmo na hlavn\u00edm n\u00e1m\u011bst\u00ed, zat\u00edmco kostel svat\u00e9ho Luk\u00e1\u0161e shl\u00ed\u017e\u00ed na klidn\u00e9 n\u00e1m\u011bst\u00ed u vody. Budva, kol\u00e9bka jadransk\u00e9ho turismu, si zachov\u00e1v\u00e1 starobylou citadelu lemovanou dev\u00edti stalet\u00edmi n\u00e1bo\u017eensk\u00fdch pam\u00e1tek, kter\u00e9 se nach\u00e1zej\u00ed na pozad\u00ed modern\u00ed z\u00e1stavby pod\u00e9l p\u00edse\u010dn\u00e9ho pob\u0159e\u017e\u00ed. Herceg Novi, u vchodu do z\u00e1livu, se py\u0161n\u00ed pevnostmi janovsk\u00e9ho stylu a stup\u0148ovit\u00fdm amfite\u00e1trem st\u0159edomo\u0159sk\u00e9 zelen\u011b.<\/p>\n<p>Cetinje, kdysi kr\u00e1lovsk\u00e9 hlavn\u00ed m\u011bsto a nyn\u00ed \u00falo\u017ei\u0161t\u011b n\u00e1rodn\u00edho d\u011bdictv\u00ed, se ty\u010d\u00ed pod horou Lov\u0107en. V jeho ulic\u00edch s\u00eddl\u00ed muzea, ambas\u00e1dy z \u00e9ry diplomacie a pravoslavn\u00fd kl\u00e1\u0161ter Cetinje, str\u00e1\u017ece relikvi\u00ed a ikonografie, kter\u00e9 sv\u011bd\u010d\u00ed o duchovn\u00edch tradic\u00edch \u010cern\u00e9 Hory. Na severu slou\u017e\u00ed \u017dabljak jako vstupn\u00ed br\u00e1na do N\u00e1rodn\u00edho parku Durmitor, kde se v doch\u00e1zkov\u00e9 vzd\u00e1lenosti nach\u00e1z\u00ed \u010cern\u00e9 jezero a zimn\u00ed sn\u00edh stejnou m\u011brou podn\u011bcuje sportovn\u00ed turistiku.<\/p>\n<p>Demografick\u00e1 mozaika \u010cern\u00e9 Hory odr\u00e1\u017e\u00ed jej\u00ed polohu na k\u0159i\u017eovatce cest. \u017d\u00e1dn\u00e1 etnick\u00e1 skupina netvo\u0159\u00ed absolutn\u00ed v\u011bt\u0161inu; \u010cernohorci p\u0159edstavuj\u00ed p\u0159ibli\u017en\u011b 41 procent populace, Srbov\u00e9 33 procent, Bos\u0148an\u00e9 9 procent, Alb\u00e1nci 5 procent a Rusov\u00e9 2 procenta, mezi dal\u0161\u00edmi men\u0161\u00edmi komunitami. Ortodoxn\u00ed k\u0159es\u0165an\u00e9, p\u0159ev\u00e1\u017en\u011b hl\u00e1s\u00edc\u00ed se k Srbsk\u00e9 pravoslavn\u00e9 c\u00edrkvi, tvo\u0159\u00ed 71 procent n\u00e1bo\u017eensky vyznava\u010d\u016f; muslimov\u00e9 (zejm\u00e9na v oblasti Sand\u017eaku) a \u0159\u00edm\u0161t\u00ed katol\u00edci (p\u0159ev\u00e1\u017en\u011b pod\u00e9l pob\u0159e\u017e\u00ed) tvo\u0159\u00ed hlavn\u00ed n\u00e1bo\u017eensk\u00e9 men\u0161iny. Koexistence vyzn\u00e1n\u00ed po stalet\u00ed vtiskla obyvatelstvu kulturn\u00ed rytmus, kter\u00fd se projevuje jak v ritu\u00e1ln\u00edm \u017eivot\u011b, tak ve slavnostn\u00edch setk\u00e1n\u00edch.<\/p>\n<p>Koncept \u010cojstva i Juna\u0161tva \u2013 voln\u011b p\u0159ekl\u00e1dan\u00fd jako \u201elidskost a state\u010dnost\u201c \u2013 je z\u00e1kladem etick\u00fdch a spole\u010densk\u00fdch hodnot regionu, od klanov\u00fdch zvyk\u016f a\u017e po modern\u00ed ob\u010danskou identitu. Lidov\u00e9 tradice nach\u00e1zej\u00ed vyj\u00e1d\u0159en\u00ed v Oro, \u201eorl\u00edm tanci\u201c, p\u0159i kter\u00e9m tane\u010dn\u00edci tvo\u0159\u00ed soust\u0159edn\u00e9 kruhy a rozpt\u00fdlen\u00e9 p\u00e1ry se navz\u00e1jem kladou na ramena v obraze evokuj\u00edc\u00edm jak zv\u00ed\u0159ec\u00ed p\u016fvab, tak i komunitn\u00ed solidaritu.<\/p>\n<p>Gastronomick\u00e9 proudy se prol\u00ednaj\u00ed \u010dernohorsk\u00fdm stolem z v\u00fdchodu na z\u00e1pad. Osmansk\u00e9 vlivy p\u0159etrv\u00e1vaj\u00ed v pokrmech, jako je sarma (vinn\u00e9 listy obalen\u00e9 kolem masa a r\u00fd\u017ee), musaka, pilav, pita a \u0107evapi. St\u0159edoevropsk\u00e9 prvky se objevuj\u00ed v pala\u010dink\u00e1ch a koblih\u00e1ch, d\u017eemech, su\u0161enk\u00e1ch a bohat\u00fdch kol\u00e1\u010d\u00edch. Pod\u00e9l jadersk\u00e9ho pob\u0159e\u017e\u00ed, kde se da\u0159\u00ed mo\u0159sk\u00fdm plod\u016fm, p\u0159evl\u00e1d\u00e1 st\u0159edomo\u0159sk\u00e1 jednoduchost: grilovan\u00e9 ryby, kor\u00fd\u0161i a charakteristick\u00e9 \u010derven\u00e9 v\u00edno regionu Vranac. Ve vnitrozem\u00ed oslavuj\u00ed horsk\u00e1 j\u00eddla ml\u00e9\u010dn\u00e9 v\u00fdrobky a jehn\u011b\u010d\u00ed maso: cicvara (kuku\u0159i\u010dn\u00e1 mouka obohacen\u00e1 s\u00fdrem a smetanou), va\u0159en\u00e9 jehn\u011b\u010d\u00ed maso v ml\u00e9ce a pljevaljsk\u00fd a njegu\u0161ki s\u00fdry. Njegu\u0161ki pr\u0161ut \u2013 uzen\u00e1 \u0161unka z vesnice Njegu\u0161i \u2013 je d\u016fkazem starod\u00e1vn\u00fdch technik nakl\u00e1d\u00e1n\u00ed s potravinami praktikovan\u00fdch pod svahy hory Lov\u0107en.<\/p>\n<p>\u010cernohorsk\u00e9 vina\u0159stv\u00ed se soust\u0159e\u010fuje na panstv\u00ed Planta\u017ee pobl\u00ed\u017e Podgorice, z jejich\u017e vinic se p\u011bstuj\u00ed b\u00edl\u00e1 v\u00edna Krsta\u010d a Cabernet, spolu s \u010derven\u00fdmi v\u00edny Vranac a Pro Corde. Tuto nab\u00eddku dopl\u0148uj\u00ed butikov\u00e9 provozovny, jako je Kne\u017eevi\u0107 v Golubovc\u00edch a zna\u010dka Monte Grande. Litr Vranace v m\u00edstn\u00ed restauraci stoj\u00ed osm a\u017e patn\u00e1ct eur; ceny v supermarketech za\u010d\u00ednaj\u00ed na dvou eurech, co\u017e podtrhuje dostupnost v\u00edna.<\/p>\n<p>Etick\u00e9 chov\u00e1n\u00ed sah\u00e1 i za hranice j\u00eddla. Ve\u0159ejn\u00e9 instituce \u010dasto vy\u017eaduj\u00ed decentn\u00ed oble\u010den\u00ed; kra\u0165asy mohou b\u00fdt v nemocnic\u00edch, vl\u00e1dn\u00edch budov\u00e1ch a na m\u00edstech bohoslu\u017eeb nev\u00edtan\u00e9. Na pl\u00e1\u017e\u00edch je opalov\u00e1n\u00ed bez hranic omezeno na vyhrazen\u00e9 naturistick\u00e9 z\u00f3ny. Zvyky p\u0159ip\u00edjen\u00ed na\u0159izuj\u00ed p\u0159\u00edm\u00fd o\u010dn\u00ed kontakt, jinak hroz\u00ed, \u017ee bude gesto dezinterpretov\u00e1no. Rakija, siln\u00e1 slivovice s obsahem alkoholu kolem pades\u00e1ti t\u0159\u00ed procent, vy\u017eaduje st\u0159\u00edzlivou \u00factu: hostitel\u00e9 mohou nab\u00eddnout n\u011bkolik kol, ale od hosta se o\u010dek\u00e1v\u00e1, \u017ee bude usrk\u00e1vat rozv\u00e1\u017en\u011b.<\/p>\n<p>Po\u010det turist\u016f v posledn\u00edch sez\u00f3n\u00e1ch p\u0159ekro\u010dil dva miliony, a to d\u00edky panoramatu Boky Kotorsk\u00e9, zapsan\u00e9mu na seznamu UNESCO, kl\u00e1\u0161teru Ostrog ze 17. stolet\u00ed, vytesan\u00e9mu do t\u00e9m\u011b\u0159 svisl\u00e9 sk\u00e1ly, a dvan\u00e1ctikilometrov\u00e9mu p\u00edsku ji\u017en\u00edho pob\u0159e\u017e\u00ed Ulcinje, kter\u00fd kdysi den\u00edk The New York Times vychvaloval mezi sv\u00fdmi \u201e31 nejlep\u0161\u00edmi m\u00edsty k n\u00e1v\u0161t\u011bv\u011b v roce 2010\u201c. National Geographic Traveler za\u0159adil \u010cernou Horu do sv\u00e9ho desetilet\u00e9ho \u017eeb\u0159\u00ed\u010dku \u201e50 m\u00edst na cel\u00fd \u017eivot\u201c, p\u0159i\u010dem\u017e hotel na ostr\u016fvku ve Sveti Stefanu zdob\u00ed tituln\u00ed vyd\u00e1n\u00ed. Krom\u011b presti\u017en\u00edch atrakc\u00ed v\u0161ak \u010cern\u00e1 Hora nab\u00edz\u00ed i intimn\u00ed z\u00e1\u017eitky: proch\u00e1zku budvanskou citadelou za m\u011bs\u00ed\u010dn\u00edho svitu, rann\u00ed sv\u011btlo rozz\u00e1\u0159\u00edc\u00ed \u010derven\u00e9 st\u0159echy Perastu nebo plavbu na kajaku pod mraky zahalen\u00fdmi vrcholky Orjenu.<\/p>\n<p>Probl\u00e9my s infrastrukturou p\u0159etrv\u00e1vaj\u00ed. Silnice jen z\u0159\u00eddka spl\u0148uj\u00ed z\u00e1padoevropsk\u00e9 standardy a snaha o dokon\u010den\u00ed d\u00e1lni\u010dn\u00edho spojen\u00ed pramen\u00ed jak z ekonomick\u00e9 nutnosti, tak z touhy rovnom\u011brn\u011bji rozlo\u017eit cestovn\u00ed ruch po cel\u00e9 republice. \u017deleznice B\u011blehrad\u2013Bar, z\u00e1zrak in\u017een\u00fdrstv\u00ed proch\u00e1zej\u00edc\u00ed horsk\u00fdmi pr\u016fsmyky a tunely, se sna\u017e\u00ed obnovit n\u00e1kladn\u00ed dopravu na jej\u00ed zam\u00fd\u0161lenou propustnost. N\u00e1vrhy na um\u00edst\u011bn\u00ed zkapaln\u011bn\u00e9ho zemn\u00edho plynu v p\u0159\u00edstavu Bar signalizuj\u00ed obrat sm\u011brem k diverzifikaci energie a region\u00e1ln\u00ed propojenosti.<\/p>\n<p>Na severu l\u00e1kaj\u00ed zimn\u00ed sn\u011bhy a alpsk\u00e9 louky Durmitoru milovn\u00edky outdoorov\u00fdch aktivit po cel\u00fd rok. Ka\u0148on \u0159eky Tary, kter\u00fd se u b\u0159eh\u016f propad\u00e1 do hloubky v\u00edce ne\u017e 1 300 m, se \u0159ad\u00ed k nejdel\u0161\u00edm a nejhlub\u0161\u00edm na sv\u011bt\u011b a nab\u00edz\u00ed raftingov\u00e9 v\u00fdlety, kter\u00e9 spojuj\u00ed adrenalin s tich\u00fdm pozorov\u00e1n\u00edm v\u00e1pencov\u00fdch st\u011bn vytesan\u00fdch ledem a vodou. N\u00e1rodn\u00ed park Skadarsk\u00e9 jezero naopak prosazuje m\u00edrn\u011bj\u0161\u00ed program: pozorovatel\u00e9 pt\u00e1k\u016f sleduj\u00ed pelik\u00e1ny a volavky v r\u00e1kos\u00ed, zat\u00edmco tradi\u010dn\u00ed ryb\u00e1\u0159sk\u00e9 \u010dluny klou\u017eou po k\u0159i\u0161\u0165\u00e1lov\u011b \u010dist\u00e9 vod\u011b.<\/p>\n<p>Historick\u00e9 a kulturn\u00ed z\u00e1jmy o zachov\u00e1n\u00ed pam\u00e1tek rezonuj\u00ed nap\u0159\u00ed\u010d \u010dernohorskou krajinou. Starobyl\u00e9 kl\u00e1\u0161tery \u2013 Savina pobl\u00ed\u017e Herceg Novi, bazilika sv. Luk\u00e1\u0161e nad Kotorem a pravoslavn\u00e9 enkl\u00e1vy Budimlja a Nik\u0161i\u0107 \u2013 uchov\u00e1vaj\u00ed fresky, kter\u00e9 vyjad\u0159uj\u00ed st\u0159edov\u011bkou spiritualitu. Ben\u00e1tsk\u00e9 barokn\u00ed pal\u00e1ce v Perastu vypr\u00e1v\u011bj\u00ed o osudech n\u00e1mo\u0159n\u00edch kapit\u00e1n\u016f, jejich\u017e n\u00e1mo\u0159n\u00ed dobrodru\u017estv\u00ed spojovalo toto pob\u0159e\u017e\u00ed se \u0161ir\u0161\u00edm St\u0159edomo\u0159\u00edm. Na ho\u0159e Ostrog poutn\u00edci proch\u00e1zej\u00ed \u00fazk\u00fdmi stezkami, aby se dostali do cel, kde v sedmn\u00e1ct\u00e9m stolet\u00ed hledal samotu a pozd\u011bji svatost biskup Vasilij Ostrogsk\u00fd; jeho ostatky nyn\u00ed ka\u017edoro\u010dn\u011b p\u0159itahuj\u00ed v\u011b\u0159\u00edc\u00ed z cel\u00e9ho Balk\u00e1nu.<\/p>\n<p>Podgorica, modern\u00ed hlavn\u00ed m\u011bsto a nejv\u011bt\u0161\u00ed m\u011bsto \u010cern\u00e9 Hory, si vytv\u00e1\u0159\u00ed vlastn\u00ed p\u0159\u00edb\u011bh obnovy. Kdysi zn\u00e1m\u00e1 pod jugosl\u00e1vskou z\u00e1\u0161titou jako Titograd, nyn\u00ed p\u0159edstavuje modern\u00ed architekturu a kulturn\u00ed m\u00edsta spolu s me\u0161itami z osmansk\u00e9 \u00e9ry a zbytky \u0159\u00edmsk\u00fdch silnic. S\u00eddl\u00ed zde hlavn\u00ed univerzita v zemi a slou\u017e\u00ed jako administrativn\u00ed centrum, p\u0159esto\u017ee si venkovsk\u00e9 obce zachov\u00e1vaj\u00ed odli\u0161n\u00e9 identity zako\u0159en\u011bn\u00e9 v klanov\u00e9 a region\u00e1ln\u00ed p\u0159\u00edslu\u0161nosti.<\/p>\n<p>Navzdory sv\u00e9 velikosti se \u010cern\u00e1 Hora multietnick\u00e9 slo\u017een\u00ed br\u00e1n\u00ed homogenizaci. Nap\u011bt\u00ed mezi srbsko-\u010dernohorskou zem\u00ed, a\u010dkoli je v ka\u017edodenn\u00edm \u017eivot\u011b tlumen\u00e9, se projevuje v debat\u00e1ch o spr\u00e1v\u011b c\u00edrkve a jazykov\u00e9 sebeidentifikaci. Neuznan\u00e1 \u010dernohorsk\u00e1 pravoslavn\u00e1 c\u00edrkev z\u016fst\u00e1v\u00e1 pro n\u011bkter\u00e9 sporn\u00fdm symbolem n\u00e1rodn\u00ed suverenity, zat\u00edmco jin\u00ed pova\u017euj\u00ed kanonick\u00e9 vazby na srbskou pravoslavnou c\u00edrkev za ned\u00edlnou sou\u010d\u00e1st n\u00e1bo\u017eensk\u00e9 kontinuity. Z jazykov\u00e9ho hlediska odr\u00e1\u017eej\u00ed \u010dernohorsk\u00e9, srbsk\u00e9, bosensk\u00e9 a alb\u00e1nsk\u00e9 hovory komunitn\u00ed p\u0159\u00edslu\u0161nost stejn\u011b jako gramatick\u00e9 a slovn\u00ed z\u00e1sobu.<\/p>\n<p>Stru\u010dn\u011b \u0159e\u010deno, \u010cern\u00e1 Hora stoj\u00ed na k\u0159i\u017eovatce minulosti a budoucnosti. Jej\u00ed m\u011bsta a divok\u00e1 m\u00edsta, katedr\u00e1ly a klanov\u00e9 tradice se sb\u00edhaj\u00ed v dialogu mezi zachov\u00e1n\u00edm a inovac\u00ed. Pro n\u00e1v\u0161t\u011bvn\u00edka, kter\u00fd p\u0159istupuje bez o\u010dek\u00e1v\u00e1n\u00ed nebo nal\u00e9havosti, kter\u00fd naslouch\u00e1 rytm\u016fm cvr\u010dk\u016f na horsk\u00fdch louk\u00e1ch a sleduje ryb\u00e1\u0159e, jak za \u00fasvitu vytahuj\u00ed s\u00edt\u011b, se republika odhaluje jako v\u00edce ne\u017e jen koridor k jadransk\u00e9mu slunci. Nab\u00edz\u00ed m\u00edsto toho kompaktn\u00ed kroniku lidsk\u00e9ho \u00fasil\u00ed: odolnou, idiosynkratickou a prodchnutou trval\u00fdm pocitem m\u00edsta, kter\u00fd p\u0159esahuje pouhou geografii. V \u010cern\u00e9 Ho\u0159e ka\u017ed\u00fd zv\u011btral\u00fd k\u00e1men a klikat\u00e1 z\u00e1toka podobn\u00e1 fjordu vyb\u00edz\u00ed k zamy\u0161len\u00ed nad plynut\u00edm \u010dasu \u2013 a nad trval\u00fdm spojen\u00edm mezi zem\u00ed a lidmi, kte\u0159\u00ed ji ob\u00fdvaj\u00ed.<\/p>","protected":false},"excerpt":{"rendered":"<p>\u010cern\u00e1 Hora, kter\u00e1 se nach\u00e1z\u00ed v jihov\u00fdchodn\u00ed Evrop\u011b na Balk\u00e1nsk\u00e9m poloostrov\u011b, m\u00e1 populaci 633 158 jedinc\u016f rozm\u00edst\u011bn\u00fdch ve 25 obc\u00edch o rozloze 13 812 kilometr\u016f \u010dtvere\u010dn\u00edch (5 333 \u010dtvere\u010dn\u00edch mil). Tento kompaktn\u00ed a rozmanit\u00fd n\u00e1rod m\u00e1 strategickou polohu a sd\u00edl\u00ed sv\u00e9 hranice s Bosnou a Hercegovinou na severoz\u00e1pad\u011b, Srbskem na severov\u00fdchod\u011b, Kosovem na v\u00fdchod\u011b a Alb\u00e1ni\u00ed na jihov\u00fdchod\u011b. Z\u00e1padn\u00ed hranice hrani\u010d\u00ed s Chorvatskem a jihoz\u00e1padn\u00ed pob\u0159e\u017e\u00ed se rozprost\u00edr\u00e1 pod\u00e9l p\u0159ekr\u00e1sn\u00fdch azurov\u00fdch vod Jadersk\u00e9ho mo\u0159e a p\u0159edstavuje \u00fachvatn\u00fd n\u00e1mo\u0159n\u00ed aspekt t\u00e9to hornat\u00e9 oblasti.<\/p>","protected":false},"author":1,"featured_media":4896,"parent":24078,"menu_order":0,"comment_status":"closed","ping_status":"closed","template":"elementor_theme","meta":{"_eb_attr":"","footnotes":""},"class_list":["post-12406","page","type-page","status-publish","has-post-thumbnail"],"_links":{"self":[{"href":"https:\/\/travelshelper.com\/cs\/wp-json\/wp\/v2\/pages\/12406","targetHints":{"allow":["GET"]}}],"collection":[{"href":"https:\/\/travelshelper.com\/cs\/wp-json\/wp\/v2\/pages"}],"about":[{"href":"https:\/\/travelshelper.com\/cs\/wp-json\/wp\/v2\/types\/page"}],"author":[{"embeddable":true,"href":"https:\/\/travelshelper.com\/cs\/wp-json\/wp\/v2\/users\/1"}],"replies":[{"embeddable":true,"href":"https:\/\/travelshelper.com\/cs\/wp-json\/wp\/v2\/comments?post=12406"}],"version-history":[{"count":0,"href":"https:\/\/travelshelper.com\/cs\/wp-json\/wp\/v2\/pages\/12406\/revisions"}],"up":[{"embeddable":true,"href":"https:\/\/travelshelper.com\/cs\/wp-json\/wp\/v2\/pages\/24078"}],"wp:featuredmedia":[{"embeddable":true,"href":"https:\/\/travelshelper.com\/cs\/wp-json\/wp\/v2\/media\/4896"}],"wp:attachment":[{"href":"https:\/\/travelshelper.com\/cs\/wp-json\/wp\/v2\/media?parent=12406"}],"curies":[{"name":"wp","href":"https:\/\/api.w.org\/{rel}","templated":true}]}}