{"id":12330,"date":"2024-09-15T22:56:36","date_gmt":"2024-09-15T22:56:36","guid":{"rendered":"https:\/\/travelshelper.com\/staging\/?page_id=12330"},"modified":"2026-03-12T18:39:35","modified_gmt":"2026-03-12T18:39:35","slug":"nizozemsko","status":"publish","type":"page","link":"https:\/\/travelshelper.com\/cs\/destinations\/europe\/netherlands\/","title":{"rendered":"Nizozemsko"},"content":{"rendered":"<p>Nizozemsko zauj\u00edm\u00e1 \u00fazem\u00ed o rozloze 41 850 km\u00b2 v severoz\u00e1padn\u00ed Evrop\u011b, kde v\u00edce ne\u017e 18 milion\u016f obyvatel \u017eije na pevnin\u011b, kter\u00e1 p\u0159ed stalet\u00edmi le\u017eela pod mo\u0159em. Rozkl\u00e1d\u00e1 se na 50\u00b0 a 54\u00b0 severn\u00ed \u0161\u00ed\u0159ky a 3\u00b0 a 8\u00b0 v\u00fdchodn\u00ed d\u00e9lky a sd\u00edl\u00ed n\u00e1mo\u0159n\u00ed hranice se Spojen\u00fdm kr\u00e1lovstv\u00edm, N\u011bmeckem a Belgi\u00ed. Zem\u011b, kter\u00e1 je od roku 1815 konstitu\u010dn\u00ed monarchi\u00ed a ve sv\u00e9 modern\u00ed podob\u011b parlamentn\u00ed demokraci\u00ed od roku 1848, se skl\u00e1d\u00e1 z dvan\u00e1cti provinci\u00ed \u2013 \u010dty\u0159 na z\u00e1pad\u011b, t\u0159\u00ed na severu, dvou na v\u00fdchod\u011b a t\u0159\u00ed na jihu \u2013 z nich\u017e ka\u017ed\u00e1 se vyzna\u010duje jemn\u00fdmi kulturn\u00edmi rozd\u00edly. Holand\u0161tina je \u00fa\u0159edn\u00edm jazykem na cel\u00e9m evropsk\u00e9m \u00fazem\u00ed, p\u0159i\u010dem\u017e z\u00e1padofr\u00ed\u0161tina m\u00e1 ve Fr\u00edsku status spoluofici\u00e1ln\u00edho jazyka. Zvl\u00e1\u0161tn\u00ed obce Bonaire, Sint Eustatius a Saba, roztrou\u0161en\u00e9 po cel\u00e9m Karibiku, roz\u0161i\u0159uj\u00ed dosah kr\u00e1lovstv\u00ed do tropick\u00e9ho podneb\u00ed, jejich sope\u010dn\u00e9 vrcholy se ty\u010d\u00ed z kobaltov\u00fdch mo\u0159\u00ed, zat\u00edmco \u0159eky pevninsk\u00e9ho Nizozemska klidn\u011b te\u010dou sm\u011brem k Severn\u00edmu mo\u0159i.<\/p>\n<p>T\u00e9m\u011b\u0159 \u010dtvrtina pevniny le\u017e\u00ed pod hladinou mo\u0159e, jej\u00ed p\u016fdu dr\u017e\u00ed na uzd\u011b hr\u00e1ze a \u00farodnost udr\u017euje slo\u017eit\u00fd syst\u00e9m \u010derpadel a kan\u00e1l\u016f. Tyto poldry, z nich\u017e n\u011bkter\u00e9 byly rekultivov\u00e1ny ji\u017e ve \u010dtrn\u00e1ct\u00e9m stolet\u00ed, sv\u011bd\u010d\u00ed o trval\u00e9 vynal\u00e9zavosti: v\u011btrn\u00e9 ml\u00fdny kdysi odvod\u0148ovaly ba\u017einy a ve dvac\u00e1t\u00e9m stolet\u00ed kolos\u00e1ln\u00ed in\u017een\u00fdrsk\u00e1 d\u00edla p\u0159etvo\u0159ila pob\u0159e\u017en\u00ed vody na sladkovodn\u00ed IJsselmeer. Pod st\u00e1l\u00fdm hu\u010den\u00edm modern\u00edch \u010derpac\u00edch stanic se p\u016fda st\u00e1le ka\u017ed\u00fd rok usazuje o milimetry a p\u0159ipom\u00edn\u00e1 obyvatel\u016fm, \u017ee jejich ka\u017edodenn\u00ed rutina z\u00e1vis\u00ed na tich\u00e9m souboji s gravitac\u00ed. Zem\u011bd\u011blci p\u011bstuj\u00ed cibuloviny tulip\u00e1n\u016f a narcis\u016f na rekultivovan\u00fdch z\u00e1honech, kde bohatost p\u016fdy a m\u00edrn\u00e9 p\u0159\u00edmo\u0159sk\u00e9 klima u\u010dinily z Nizozemska druh\u00e9ho nejv\u011bt\u0161\u00edho v\u00fdvozce potravin na sv\u011bt\u011b co do hodnoty.<\/p>\n<p>M\u011bstsk\u00fd \u017eivot se nej\u017eiv\u011bji odehr\u00e1v\u00e1 ve \u010dty\u0159ech hlavn\u00edch m\u011bstech zem\u011b. Amsterdam, kde \u017eije p\u0159ibli\u017en\u011b 900 000 obyvatel, je protk\u00e1n kan\u00e1ly a definov\u00e1n \u00fazk\u00fdmi domy se \u0161t\u00edtov\u00fdmi st\u0159echami, jejich\u017e fas\u00e1dy se m\u00edrn\u011b sva\u017euj\u00ed k vod\u011b. Ulice a vodn\u00ed toky m\u011bsta se hem\u017e\u00ed j\u00edzdn\u00edmi koly \u2013 v zemi jich je v\u00edce ne\u017e 18 milion\u016f, jedno na ka\u017ed\u00e9ho mu\u017ee, \u017eenu a d\u00edt\u011b \u2013, p\u0159esto tramvaje a trajekty p\u0159epravuj\u00ed doj\u00ed\u017ed\u011bj\u00edc\u00ed s p\u0159esnou frekvenc\u00ed. Rotterdam naopak nese jizvy i triumfy v\u00e1le\u010dn\u00e9 rekonstrukce: jeho panorama se snoub\u00ed s avantgardn\u00ed architekturou s rozlehl\u00fdmi p\u0159\u00edstavn\u00edmi za\u0159\u00edzen\u00edmi, nejv\u011bt\u0161\u00edmi v Evrop\u011b. Haag, s\u00eddlo vl\u00e1dy, je m\u011bstem listnat\u00fdch ulic, honosn\u00fdch ambas\u00e1d a mezin\u00e1rodn\u00edch soud\u016f, o kter\u00e9 se odehr\u00e1vaj\u00ed spory glob\u00e1ln\u00edho v\u00fdznamu. Utrecht, jeho\u017e st\u0159edem je st\u0159edov\u011bk\u00e1 katedr\u00e1ln\u00ed v\u011b\u017e, m\u00e1 klidn\u011bj\u0161\u00ed kouzlo, jeho\u017e mola jsou p\u0159em\u011bn\u011bna na kav\u00e1rny a knihkupectv\u00ed lemuj\u00edc\u00ed kan\u00e1l Oudegracht.<\/p>\n<p>Soci\u00e1ln\u00ed pokrok je ji\u017e dlouho z\u00e1kladn\u00edm kamenem nizozemsk\u00e9ho ve\u0159ejn\u00e9ho \u017eivota. Volebn\u00ed pr\u00e1vo pro \u017eeny bylo ud\u011bleno v roce 1919 a v roce 2001 nizozemsk\u00fd parlament jako prvn\u00ed n\u00e1rod povolil man\u017eelstv\u00ed p\u00e1r\u016fm stejn\u00e9ho pohlav\u00ed. Liber\u00e1ln\u00ed p\u0159\u00edstup k regulovan\u00e9 prostituci, eutanazii a u\u017e\u00edv\u00e1n\u00ed lehk\u00fdch drog koexistuje se siln\u00fdmi soci\u00e1ln\u00edmi z\u00e1chrann\u00fdmi s\u00edt\u011bmi a hluboce zako\u0159en\u011bn\u00fdm duchem kompromisu \u2013 \u00e9tosem sahaj\u00edc\u00edm od konsensu\u00e1ln\u00ed politiky a\u017e po m\u00edstn\u00ed vodohospod\u00e1\u0159sk\u00e9 rady pov\u011b\u0159en\u00e9 ochranou proti povodn\u00edm. Pilarizov\u00e1n\u00ed, historick\u00e9 rozd\u011blen\u00ed spole\u010dnosti na n\u00e1bo\u017eensk\u00e9 a ideologick\u00e9 bloky, do zna\u010dn\u00e9 m\u00edry vybledlo, p\u0159esto jeho odkaz tolerance p\u0159etrv\u00e1v\u00e1 v ka\u017edodenn\u00edch setk\u00e1n\u00edch mezi praktikuj\u00edc\u00edmi katol\u00edky na jihu, protestantsk\u00fdmi komunitami na v\u00fdchod\u011b, sekul\u00e1rn\u00edmi obyvateli m\u011bst na z\u00e1pad\u011b a fr\u00edsky mluv\u00edc\u00edmi farm\u00e1\u0159i na severu.<\/p>\n<p>Mimo m\u011bsta se nach\u00e1z\u00ed dvacet jedna n\u00e1rodn\u00edch park\u016f a stovky rezervac\u00ed, kter\u00e9 chr\u00e1n\u00ed fragmenty atlantsk\u00fdch sm\u00ed\u0161en\u00fdch les\u016f, v\u0159esovi\u0161\u0165 a pob\u0159e\u017en\u00edch dun. Staatsbosbeheer, n\u00e1rodn\u00ed lesnick\u00e1 slu\u017eba, a Natuurmonumenten, soukrom\u00e1 nadace pro ochranu p\u0159\u00edrody, spravuj\u00ed lesy, kter\u00e9 podporuj\u00ed st\u011bhovav\u00e9 pt\u00e1ky a st\u00e1da jelen\u016f. P\u0159esto je integrita les\u016f v zemi ve srovn\u00e1n\u00ed s glob\u00e1ln\u00edmi standardy n\u00edzk\u00e1, posledn\u00ed zbytky pralesa byly pok\u00e1ceny do konce devaten\u00e1ct\u00e9ho stolet\u00ed. Intenzifikace zem\u011bd\u011blstv\u00ed a zne\u010di\u0161t\u011bn\u00ed dus\u00edkem zhor\u0161ily pokles populac\u00ed hmyzu \u2013 odhaduje se, \u017ee od 90. let 20. stolet\u00ed klesly o t\u0159i \u010dtvrtiny \u2013 co\u017e vedlo k obnoven\u00e9mu \u00fasil\u00ed o p\u0159izp\u016fsoben\u00ed zem\u011bd\u011blsk\u00fdch metod a obnovu okraj\u016f divok\u00fdch kv\u011btin.<\/p>\n<p>Nizozemsko, n\u00e1mo\u0159n\u00ed n\u00e1rod od \u0161estn\u00e1ct\u00e9ho stolet\u00ed, vybudovalo sv\u00e9 bohatstv\u00ed na mo\u0159eplavectv\u00ed a obchodu. Nizozemsk\u00e1 V\u00fdchodoindick\u00e1 spole\u010dnost, zalo\u017een\u00e1 v roce 1602, byla pr\u016fkopn\u00edkem v oblasti korpor\u00e1tn\u00edch struktur a glob\u00e1ln\u00edho obchodu a jej\u00ed lod\u011b spojovaly Amsterdam s Asi\u00ed. Dnes mezin\u00e1rodn\u00ed firmy jako KLM a Heineken udr\u017euj\u00ed zastoupen\u00ed zem\u011b v letectv\u00ed a pivovarnictv\u00ed, zat\u00edmco Randstad z\u016fst\u00e1v\u00e1 jednou z nejv\u011bt\u0161\u00edch person\u00e1ln\u00edch agentur na sv\u011bt\u011b. Chemick\u00e9 rafinerie a z\u00e1vody na v\u00fdrobu vysoce p\u0159esn\u00fdch stroj\u016f se shlukuj\u00ed v bl\u00edzkosti rotterdamsk\u00fdch dok\u016f a satelitn\u00ed naviga\u010dn\u00ed syst\u00e9my nesou technologick\u00e9 znaky nizozemsk\u00e9ho in\u017een\u00fdrstv\u00ed. \u0160v\u00fdcarsk\u00fd institut pro rozvoj managementu \u0159ad\u00ed ekonomiku mezi nejkonkurenceschopn\u011bj\u0161\u00ed na sv\u011bt\u011b a zpr\u00e1va Global Enabling Trade Report zd\u016fraz\u0148uje logistickou zdatnost zem\u011b.<\/p>\n<p>Doprava se s pozoruhodnou hustotou prol\u00edn\u00e1 v\u0161emi aspekty nizozemsk\u00e9ho \u017eivota. Auta tvo\u0159\u00ed polovinu v\u0161ech cest a sedmdes\u00e1t p\u011bt procent ujet\u00fdch kilometr\u016f, p\u0159esto pouze ka\u017ed\u00fd \u010dtvrt\u00fd \u010dlov\u011bk doj\u00ed\u017ed\u00ed na kole \u2013 trval\u00fd symbol, kter\u00fd zast\u00edr\u00e1 rozsah silni\u010dn\u00ed infrastruktury. Vyhrazen\u00e9 cyklostezky se t\u00e1hnou p\u0159es 22 000 km a jsou \u010dasto fyzicky odd\u011bleny od motorov\u00e9 dopravy; v roce 2019 se v zemi nach\u00e1zela t\u00e9m\u011b\u0159 t\u0159etina nab\u00edjec\u00edch stanic pro elektromobily v Evropsk\u00e9 unii. Vlaky pokr\u00fdvaj\u00ed p\u0159ibli\u017en\u011b 3 013 km trat\u00ed a spojuj\u00ed v\u00edce ne\u017e 400 stanic s frekvenc\u00ed, kter\u00e1 m\u016f\u017ee na nejru\u0161n\u011bj\u0161\u00edch koridorech dos\u00e1hnout osmi odjezd\u016f za hodinu. Vnitrozemsk\u00e9 vodn\u00ed cesty z\u016fst\u00e1vaj\u00ed \u017eivotn\u011b d\u016fle\u017eit\u00fdmi tepnami pro n\u00e1kladn\u00ed dopravu a rotterdamsk\u00fd p\u0159\u00edstav odbavuje petrochemick\u00e9 l\u00e1tky a b\u011b\u017en\u00fd n\u00e1klad v rozsahu, kter\u00fd z\u00e1padn\u011b od v\u00fdchodn\u00ed Asie nem\u00e1 obdoby.<\/p>\n<p>Amsterdamsk\u00e9 leti\u0161t\u011b Schiphol, jihoz\u00e1padn\u011b od centra m\u011bsta, se \u0159ad\u00ed na t\u0159et\u00ed nejru\u0161n\u011bj\u0161\u00ed leti\u0161t\u011b v Evrop\u011b co do po\u010dtu cestuj\u00edc\u00edch. V Karibiku m\u00e1 ka\u017ed\u00fd ostrov svou vlastn\u00ed p\u0159ist\u00e1vac\u00ed dr\u00e1hu, mezi nimi\u017e je i nejkrat\u0161\u00ed komer\u010dn\u00ed ranvej na sv\u011bt\u011b na ostrov\u011b Saba. Mal\u00e9 trajekty p\u0159epravuj\u00ed m\u00edstn\u00ed obyvatele mezi pevninou a ostrovy Waddensk\u00e9ho mo\u0159e, jako je Texel, kde se chr\u00e1n\u011bn\u00e9 bahnit\u00e9 pl\u00e1n\u011b setk\u00e1vaj\u00ed s pl\u00e1\u017eemi lemovan\u00fdmi dunami. Pro mnoh\u00e9 se dopravn\u00ed prost\u0159edky st\u00e1vaj\u00ed sou\u010d\u00e1st\u00ed z\u00e1\u017eitku: cyklistick\u00fd v\u00fdlet p\u0159es hr\u00e1ze Zeelandu, j\u00edzda vlakem p\u00edse\u010dn\u00fdmi dunami Zuid-Kennemerlandu nebo plavba po kan\u00e1lu pod t\u0159in\u00e1cti sty amsterdamsk\u00fdmi mosty.<\/p>\n<p>Nizozemsk\u00e1 kuchyn\u011b si zachov\u00e1v\u00e1 ozv\u011bny agr\u00e1rn\u00edho \u017eivota: bohat\u00e9 ml\u00e9\u010dn\u00e9 v\u00fdrobky, vydatn\u00e9 pe\u010divo a jednoduch\u00e9 hlavn\u00ed chody z brambor, masa a zeleniny. Sn\u00eddan\u011b se nej\u010dast\u011bji skl\u00e1d\u00e1 z chleba pot\u0159en\u00e9ho s\u00fdrem nebo uzen\u00e9 maso, p\u0159i\u010dem\u017e sn\u00edda\u0148ov\u00e9 cere\u00e1lie se objevuj\u00ed p\u0159edev\u0161\u00edm v m\u011bstsk\u00fdch dom\u00e1cnostech. Hlavn\u00edm j\u00eddlem dne z\u016fst\u00e1v\u00e1 ve\u010de\u0159e, kter\u00e1 se pod\u00e1v\u00e1 doma s rodinou nebo v restaurac\u00edch, kde m\u00edstn\u00ed kucha\u0159i nov\u011b interpretuj\u00ed rolnickou kuchyni sez\u00f3nn\u00edmi produkty. Objevuj\u00ed se region\u00e1ln\u00ed rozd\u00edly: du\u0161en\u00e9 \u00faho\u0159e ve Fr\u00edsku, pln\u011bn\u00e9 pala\u010dinky v Limburgu a brabantsk\u00e9 klob\u00e1sy nesou otisk m\u00edstn\u00ed historie a p\u016fdy.<\/p>\n<p>Um\u011bn\u00ed a architektura nab\u00edzej\u00ed dal\u0161\u00ed pohled na nizozemskou kulturu. Rijksmuseum a Van Goghovo muzeum v Amsterdamu uchov\u00e1vaj\u00ed mistrovsk\u00e1 d\u00edla Rembrandta, Vermeera a van Gogha, zat\u00edmco men\u0161\u00ed instituce, jako je Rietveld Schr\u00f6der House v Utrechtu, jsou p\u0159\u00edkladem ran\u011b modern\u00edho designu. M\u011bsta jako Delft si zachov\u00e1vaj\u00ed obchodn\u00ed \u010dtvrti na b\u0159ehu kan\u00e1l\u016f a ateli\u00e9r a d\u00edlnu Royal Delft Keramics, kde se dodnes ru\u010dn\u011b maluj\u00ed kobaltov\u011b modr\u00e9 dla\u017edice. V ka\u017ed\u00e9m m\u011bst\u011b naraz\u00edte na stalet\u00ed starou kosteln\u00ed v\u011b\u017e nebo m\u011bstskou halu, poz\u016fstatky doby, kdy m\u011bstsk\u00e9 st\u00e1ty soupe\u0159ily o obchodn\u00ed cesty a um\u011bleck\u00e9 mecen\u00e1\u0161stv\u00ed.<\/p>\n<p>Festivaly prol\u00ednaj\u00ed kalend\u00e1\u0159 a l\u00e1kaj\u00ed komunity do p\u0159\u00edrody. 27. dubna si n\u00e1rod p\u0159ipom\u00edn\u00e1 Den kr\u00e1le pouli\u010dn\u00edmi trhy, dechov\u00fdmi kapelami a mo\u0159em oran\u017eov\u00fdch od\u011bv\u016f, zat\u00edmco v ji\u017en\u00edch provinci\u00edch karneval o\u017eivuje st\u0159edov\u011bkou ok\u00e1zalost p\u0159ed postn\u00ed dobou. Hudebn\u00ed festivaly sahaj\u00ed od festivalu North Sea Jazz Festival v Rotterdamu a\u017e po setk\u00e1n\u00ed s elektronickou tancem v Dance Valley a Defqon, p\u0159i\u010dem\u017e ka\u017ed\u00fd z nich odr\u00e1\u017e\u00ed nizozemskou touhu po slavnostnosti i bujarosti. Fotbalov\u00e9 turnaje a Nijmegen Four Days Marches \u2013 n\u011bkolikadenn\u00ed turistick\u00e1 akce, kter\u00e1 p\u0159itahuje des\u00edtky tis\u00edc lid\u00ed \u2013 podtrhuj\u00ed kolektivn\u00ed nad\u0161en\u00ed pro \u00fa\u010dast ve\u0159ejnosti.<\/p>\n<p>Za evropskou plochou \u0159\u00ed\u010dn\u00ed deltou evokuj\u00ed t\u0159i nizozemsk\u00e9 karibsk\u00e9 ostrovy odli\u0161n\u00e9 vn\u00edm\u00e1n\u00ed. Aruba a Cura\u00e7ao se py\u0161n\u00ed vyprahlou krajinou a sm\u011bsic\u00ed afro-karibsk\u00fdch, latinskoamerick\u00fdch a evropsk\u00fdch vliv\u016f. Sint Maarten sd\u00edl\u00ed ostrov s francouzsk\u00fdm z\u00e1mo\u0159sk\u00fdm spole\u010denstv\u00edm Svat\u00fd Martin, jeho\u017e nizozemskou stranu definuj\u00ed pastelov\u00e9 vily a bezceln\u00ed obchody. Saba a Sint Eustatius si zachov\u00e1vaj\u00ed sope\u010dn\u00e9 kontury, jejich vrcholy jsou pokryt\u00e9 de\u0161tn\u00fdm pralesem a pl\u00e1\u017ee lemuj\u00ed kor\u00e1lov\u00e9 \u00fatesy. Pod vodou se v mo\u0159sk\u00e9m parku Klein Bonaire nach\u00e1zej\u00ed mo\u0159sk\u00e9 \u017eelvy a papou\u0161\u010d\u00ed ryby \u2013 co\u017e je roz\u0161\u00ed\u0159en\u00ed nizozemsk\u00e9 spr\u00e1vy nap\u0159\u00ed\u010d polokoulemi.<\/p>\n<p>Pro cestovatele, kter\u00fd nen\u00ed zvykl\u00fd na takovou rozmanitost v tak kompaktn\u00edm n\u00e1rod\u011b, kontrast mezi poldry a palmami, mezi cyklostezkami a kor\u00e1lov\u00fdmi \u00fatesy odhaluje jak \u00fasporu z rozsahu, tak z\u00e1vazek k m\u00edstu. Nizozemsk\u00e9 mistrovstv\u00ed v oblasti vody \u2013 jej\u00ed zkrocen\u00ed, vyu\u017eit\u00ed pro energii a dopravu a jej\u00ed neust\u00e1l\u00e1 hrozba \u2013 prostupuje n\u00e1rodn\u00ed psychikou. Ka\u017ed\u00e1 hr\u00e1z nese p\u0159\u00edb\u011bh, ka\u017ed\u00fd kan\u00e1l vzpom\u00ednku na obchod a komunitu. Dokonce i m\u011bna, euro rozd\u011blen\u00e9 na centy a vyd\u00e1van\u00e9 v minc\u00edch do dvou eur, odr\u00e1\u017e\u00ed pragmatickou jednoduchost: zem\u011b se vyh\u00fdbala bankovk\u00e1m s vysokou hodnotou, aby odradila neleg\u00e1ln\u00ed toky, a bankomaty z\u0159\u00eddka nab\u00edzej\u00ed bankovky v hodnot\u011b v\u00edce ne\u017e pades\u00e1t eur.<\/p>\n<p>Kreditn\u00ed a debetn\u00ed karty zpracuj\u00ed 94 procent transakc\u00ed, v\u011bt\u0161ina z nich je bezkontaktn\u00ed; hotovost p\u0159e\u017e\u00edv\u00e1 p\u0159edev\u0161\u00edm v automatech na nealkoholick\u00e9 n\u00e1poje a v rukou pouli\u010dn\u00edch prodejc\u016f v tr\u017en\u00ed dny. Ceny v restaurac\u00edch a hotelech zahrnuj\u00ed da\u0148 z p\u0159idan\u00e9 hodnoty a turistickou da\u0148 a spropitn\u00e9 z\u016fst\u00e1v\u00e1 sp\u00ed\u0161e gestem uzn\u00e1n\u00ed ne\u017e z\u00e1vazku. Sb\u011brn\u00e9 stanice p\u0159ij\u00edmaj\u00ed pr\u00e1zdn\u00e9 lahve a plechovky v\u00fdm\u011bnou za p\u00e1r eurocent\u016f, \u010d\u00edm\u017e posiluj\u00ed kulturn\u00ed \u00e9tos op\u011btovn\u00e9ho pou\u017eit\u00ed, kter\u00fd sah\u00e1 od odpadkov\u00fdch ko\u0161\u016f ze supermarket\u016f a\u017e po pe\u010dliv\u011b t\u0159\u00edd\u011bn\u00fd domovn\u00ed odpad.<\/p>\n<p>Lidsk\u00fd pokrok a p\u00e9\u010de o \u017eivotn\u00ed prost\u0159ed\u00ed zde existuj\u00ed v nap\u011bt\u00ed. Intenzivn\u00ed zem\u011bd\u011blstv\u00ed \u017eiv\u00ed sv\u011bt, i kdy\u017e uvol\u0148uje dus\u00edk do ovzdu\u0161\u00ed a vody; rozr\u016fst\u00e1n\u00ed m\u011bst tla\u010d\u00ed na p\u0159\u00edrodn\u00ed rezervace, i kdy\u017e parky a duny ustupuj\u00ed p\u0159ed novou v\u00fdstavbou. Nizozemsk\u00e1 vynal\u00e9zavost v\u0161ak p\u0159etrv\u00e1v\u00e1: experiment\u00e1ln\u00ed projekty na obnovu star\u00fdch z\u00e1plavov\u00fdch oblast\u00ed, zav\u00e1d\u011bn\u00ed divo\u010dej\u0161\u00edch pastevn\u00edch st\u00e1d a pilotn\u00ed projekty hnojiv s n\u00edzk\u00fdm obsahem dus\u00edku se sna\u017e\u00ed sladit produkci potravin se zdrav\u00edm ekosyst\u00e9m\u016f. Na sv\u00fdch univerzit\u00e1ch a v\u00fdzkumn\u00fdch \u00fastavech jsou nizozem\u0161t\u00ed v\u011bdci pr\u016fkopnick\u00fdmi \u0159e\u0161en\u00edmi v oblasti adaptace na zm\u011bnu klimatu a hydrotechniky, kter\u00e1 si z\u00edsk\u00e1vaj\u00ed mezin\u00e1rodn\u00ed respekt.<\/p>\n<p>V srdci tohoto mal\u00e9ho n\u00e1roda le\u017e\u00ed jist\u00e1 jasnost v posl\u00e1n\u00ed: \u017e\u00edt v harmonii s geografi\u00ed, nikoli v tvrdohlav\u00e9m odporu. Pokud minul\u00e9 generace vyu\u017e\u00edvaly v\u011btrn\u00e9 ml\u00fdny a \u010derpadla k udr\u017een\u00ed mo\u0159e na uzd\u011b, dne\u0161n\u00ed ob\u010dan\u00e9 vyu\u017e\u00edvaj\u00ed data a design k formov\u00e1n\u00ed udr\u017eiteln\u011bj\u0161\u00edch zp\u016fsob\u016f \u017eivota. Rytmus \u017eivota je i nad\u00e1le poznamen\u00e1n ro\u010dn\u00edmi obdob\u00edmi a \u0161ikm\u00fdm slune\u010dn\u00edm sv\u011btlem, cibulovinami kv\u011bt\u016f ra\u0161\u00edc\u00edmi na ja\u0159e a \u010dasn\u00fdmi z\u00e1pady slunce v zim\u011b. V r\u00e1mci t\u011bchto cykl\u016f nab\u00edz\u00ed Nizozemsko zp\u016fsob, jak pozorovat, jak lid\u00e9 ji\u017e dlouho ovl\u00e1daj\u00ed um\u011bn\u00ed rovnov\u00e1hy \u2013 mezi zem\u00ed a vodou, mezi tradic\u00ed a inovac\u00ed, mezi individu\u00e1ln\u00edmi pr\u00e1vy a kolektivn\u00ed odpov\u011bdnost\u00ed.<\/p>\n<p>Ve sv\u00fdch m\u011bstech a pol\u00edch, na pob\u0159e\u017e\u00edch a ostrovech zem\u011b odhaluje jak t\u00edhu historie, tak i dynamiku modernity. Neprohla\u0161uje se za idylu, ale vyb\u00edz\u00ed k zamy\u0161len\u00ed nad t\u00edm, jak\u00fdm zp\u016fsobem komunity p\u0159e\u017e\u00edvaj\u00ed, kdy\u017e kladou spolupr\u00e1ci nad konflikt. Pro ka\u017ed\u00e9ho n\u00e1v\u0161t\u011bvn\u00edka, kter\u00fd hled\u00e1 v\u00edc ne\u017e pouhou pod\u00edvanou \u2013 m\u00edsto toho hled\u00e1 obrysy spole\u010dnosti formovan\u00e9 vodou, obchodem a uv\u011bdom\u011blou toleranc\u00ed \u2013 se Nizozemsko odv\u00edj\u00ed jako laborato\u0159 mo\u017enost\u00ed, n\u00e1rod ti\u0161e definuj\u00edc\u00ed svou budoucnost na sam\u00e9m \u00fazem\u00ed, kter\u00e9 kdysi b\u00fdvalo mo\u0159em.<\/p>","protected":false},"excerpt":{"rendered":"<p>Nizozemsko, kter\u00e9 se nach\u00e1z\u00ed v severoz\u00e1padn\u00ed Evrop\u011b, m\u00e1 populaci v\u00edce ne\u017e 18 milion\u016f jedinc\u016f na plo\u0161e 41 850 kilometr\u016f \u010dtvere\u010dn\u00edch (16 160 \u010dtvere\u010dn\u00edch mil). Tato hust\u011b obydlen\u00e1 zem\u011b je celosv\u011btov\u011b na 33. m\u00edst\u011b v hustot\u011b obyvatelstva, kde \u017eije 535 jedinc\u016f na \u010dtvere\u010dn\u00ed kilometr (1 390 jedinc\u016f na \u010dtvere\u010dn\u00ed m\u00edli). Navzdory sv\u00e9 skromn\u00e9 \u200b\u200brozloze 33 500 \u010dtvere\u010dn\u00edch kilometr\u016f (12 900 \u010dtvere\u010dn\u00edch mil) se Nizozemsko uk\u00e1zalo jako prominentn\u00ed entita na cel\u00e9m sv\u011bt\u011b, zejm\u00e9na v zem\u011bd\u011blstv\u00ed, politice a soci\u00e1ln\u00edm pokroku.<\/p>","protected":false},"author":1,"featured_media":3415,"parent":24078,"menu_order":0,"comment_status":"closed","ping_status":"closed","template":"elementor_theme","meta":{"_eb_attr":"","footnotes":""},"class_list":["post-12330","page","type-page","status-publish","has-post-thumbnail"],"_links":{"self":[{"href":"https:\/\/travelshelper.com\/cs\/wp-json\/wp\/v2\/pages\/12330","targetHints":{"allow":["GET"]}}],"collection":[{"href":"https:\/\/travelshelper.com\/cs\/wp-json\/wp\/v2\/pages"}],"about":[{"href":"https:\/\/travelshelper.com\/cs\/wp-json\/wp\/v2\/types\/page"}],"author":[{"embeddable":true,"href":"https:\/\/travelshelper.com\/cs\/wp-json\/wp\/v2\/users\/1"}],"replies":[{"embeddable":true,"href":"https:\/\/travelshelper.com\/cs\/wp-json\/wp\/v2\/comments?post=12330"}],"version-history":[{"count":0,"href":"https:\/\/travelshelper.com\/cs\/wp-json\/wp\/v2\/pages\/12330\/revisions"}],"up":[{"embeddable":true,"href":"https:\/\/travelshelper.com\/cs\/wp-json\/wp\/v2\/pages\/24078"}],"wp:featuredmedia":[{"embeddable":true,"href":"https:\/\/travelshelper.com\/cs\/wp-json\/wp\/v2\/media\/3415"}],"wp:attachment":[{"href":"https:\/\/travelshelper.com\/cs\/wp-json\/wp\/v2\/media?parent=12330"}],"curies":[{"name":"wp","href":"https:\/\/api.w.org\/{rel}","templated":true}]}}