{"id":12305,"date":"2024-09-15T22:10:07","date_gmt":"2024-09-15T22:10:07","guid":{"rendered":"https:\/\/travelshelper.com\/staging\/?page_id=12305"},"modified":"2026-03-12T18:44:28","modified_gmt":"2026-03-12T18:44:28","slug":"severni-makedonie","status":"publish","type":"page","link":"https:\/\/travelshelper.com\/cs\/destinations\/europe\/north-macedonia\/","title":{"rendered":"Severn\u00ed Makedonie"},"content":{"rendered":"<p>Republika Severn\u00ed Makedonie zauj\u00edm\u00e1 vnitrozemsk\u00e9 \u00fazem\u00ed v ji\u017en\u00ed \u010d\u00e1sti Balk\u00e1nsk\u00e9ho poloostrova o rozloze p\u0159ibli\u017en\u011b 25 436 kilometr\u016f \u010dtvere\u010dn\u00edch. Rozkl\u00e1d\u00e1 se na \u00fazem\u00edch od 40\u00b0 do 43\u00b0 severn\u00ed \u0161\u00ed\u0159ky a od 20\u00b0 do 23\u00b0 v\u00fdchodn\u00ed d\u00e9lky a tvo\u0159\u00ed severn\u00ed t\u0159etinu \u0161ir\u0161\u00edho geografick\u00e9ho regionu historicky zn\u00e1m\u00e9ho jako Makedonie. Zem\u011b je ohrani\u010dena na severu Srbskem, na severoz\u00e1pad\u011b Kosovem, na z\u00e1pad\u011b Alb\u00e1ni\u00ed, na jihu \u0158eckem a na v\u00fdchod\u011b Bulharskem, s celkovou d\u00e9lkou pozemn\u00ed hranice p\u0159ibli\u017en\u011b 748 kilometr\u016f. Skopje, hlavn\u00ed m\u011bsto a nejv\u011bt\u0161\u00ed m\u011bstsk\u00e9 centrum zem\u011b, m\u00e1 zhruba \u010dtvrtinu sv\u00e9 populace, kter\u00e1 p\u0159esahuje 1,83 milionu obyvatel. Demografickou v\u011bt\u0161inu tvo\u0159\u00ed etni\u010dt\u00ed Makedonci, jihoslovansk\u00fd n\u00e1rod, zat\u00edmco Alb\u00e1nci tvo\u0159\u00ed p\u0159ibli\u017en\u011b \u010dtvrtinu populace; men\u0161\u00ed komunity zahrnuj\u00ed Turky, Romy, Srby, Bos\u0148any, Arom\u00e1ny a dal\u0161\u00ed skupiny.<\/p>\n<p>Zpr\u00e1vy o lidsk\u00e9m os\u00eddlen\u00ed \u00fazem\u00ed dnes zn\u00e1m\u00e9ho jako Severn\u00ed Makedonie sahaj\u00ed a\u017e do starov\u011bk\u00e9ho kr\u00e1lovstv\u00ed Paeonia. Na konci \u0161est\u00e9ho stolet\u00ed p\u0159. n. l. se region dostal pod nadvl\u00e1du Achajmenovsk\u00fdch Per\u0161an\u016f, aby byl ve \u010dtvrt\u00e9m stolet\u00ed p\u0159. n. l. za\u010dlen\u011bn do rozv\u00edjej\u00edc\u00edho se Makedonsk\u00e9ho kr\u00e1lovstv\u00ed. \u0158\u00edmsk\u00e1 republika oblast anektovala ve druh\u00e9m stolet\u00ed p\u0159. n. l. a za\u010dlenila ji do provincie Makedonie. Po rozd\u011blen\u00ed \u0159\u00edmsk\u00e9 \u0159\u00ed\u0161e z\u016fstalo \u00fazem\u00ed pod byzantskou nadvl\u00e1dou, a to navzdory opakovan\u00fdm vp\u00e1d\u016fm a os\u00eddlen\u00ed slovansk\u00fdmi kmeny od \u0161est\u00e9ho stolet\u00ed n. l. V n\u00e1sleduj\u00edc\u00edch stalet\u00edch se kontrola st\u0159\u00eddala mezi soupe\u0159\u00edc\u00edmi bulharsk\u00fdmi, byzantsk\u00fdmi a srbsk\u00fdmi politick\u00fdmi svazky, dokud Osmansk\u00e1 \u0159\u00ed\u0161e v polovin\u011b \u010dtrn\u00e1ct\u00e9ho stolet\u00ed oblast nepodmanila. Osmansk\u00e1 nadvl\u00e1da trvala a\u017e do za\u010d\u00e1tku dvac\u00e1t\u00e9ho stolet\u00ed, kdy balk\u00e1nsk\u00e9 v\u00e1lky v letech 1912 a 1913 um\u00edstily modern\u00ed hranice Severn\u00ed Makedonie pod srbskou svrchovanost.<\/p>\n<p>Ot\u0159esy dvac\u00e1t\u00e9ho stolet\u00ed p\u0159inesly dal\u0161\u00ed posuny ve spr\u00e1v\u011b v\u011bc\u00ed ve\u0159ejn\u00fdch. B\u011bhem prvn\u00ed sv\u011btov\u00e9 v\u00e1lky \u00fazem\u00ed spravovalo Bulharsko, ale jej\u00ed konec obnovil srbskou vl\u00e1du v r\u00e1mci nov\u011b vznikl\u00e9ho Kr\u00e1lovstv\u00ed Srb\u016f, Chorvat\u016f a Slovinc\u016f. Za druh\u00e9 sv\u011btov\u00e9 v\u00e1lky p\u0159e\u0161la kontrola op\u011bt na Bulharsko a se vznikem Socialistick\u00e9 federativn\u00ed republiky Jugosl\u00e1vie v roce 1945 se region stal jednou z jej\u00edch \u0161esti republik. M\u00edrov\u00e9 odtr\u017een\u00ed v roce 1991 p\u0159ineslo plnou nez\u00e1vislost a v roce 1993 se zem\u011b kv\u016fli sporu o n\u00e1zev s \u0158eckem p\u0159ipojila k Organizaci spojen\u00fdch n\u00e1rod\u016f pod prozat\u00edmn\u00edm ozna\u010den\u00edm \u201eB\u00fdval\u00e1 jugosl\u00e1vsk\u00e1 republika Makedonie\u201c (FYR Makedonie). Po zdlouhav\u00fdch jedn\u00e1n\u00edch Prespansk\u00e1 dohoda z roku 2018 tento spor vy\u0159e\u0161ila stanoven\u00edm ofici\u00e1ln\u00edho n\u00e1zvu Republika Severn\u00ed Makedonie, kter\u00e1 vstoupila v platnost za\u010d\u00e1tkem roku 2019.<\/p>\n<p>Od z\u00edsk\u00e1n\u00ed nez\u00e1vislosti se Severn\u00ed Makedonie sna\u017e\u00ed o integraci do euroatlantick\u00fdch struktur. V roce 2020 vstoupila do NATO a je \u010dlenem Rady Evropy, Sv\u011btov\u00e9 banky, Organizace pro bezpe\u010dnost a spolupr\u00e1ci v Evrop\u011b (OBSE), St\u0159edoevropsk\u00e9 dohody o voln\u00e9m obchodu (CEFTA), Organizace pro \u010dernomo\u0159skou hospod\u00e1\u0159skou spolupr\u00e1ci (BSEC) a Sv\u011btov\u00e9 obchodn\u00ed organizace (WTO). Zem\u011b, kter\u00e1 je od roku 2005 kandid\u00e1tem na \u010dlenstv\u00ed v Evropsk\u00e9 unii, provedla rozs\u00e1hl\u00e9 hospod\u00e1\u0159sk\u00e9 reformy s c\u00edlem p\u0159ej\u00edt ze socialistick\u00e9ho, centr\u00e1ln\u011b pl\u00e1novan\u00e9ho syst\u00e9mu na otev\u0159enou tr\u017en\u00ed ekonomiku. Severn\u00ed Makedonie, kterou Sv\u011btov\u00e1 banka klasifikuje jako zemi s vy\u0161\u0161\u00edmi st\u0159edn\u00edmi p\u0159\u00edjmy, vykazuje profil rozvojov\u00e9 zem\u011b s velmi vysok\u00fdm indexem lidsk\u00e9ho rozvoje, n\u00edzkou nerovnost\u00ed p\u0159\u00edjm\u016f a ve\u0159ejn\u011b financovan\u00fdm soci\u00e1ln\u00edm zabezpe\u010den\u00edm, univerz\u00e1ln\u00ed zdravotn\u00ed p\u00e9\u010d\u00ed a bezplatn\u00fdm z\u00e1kladn\u00edm a st\u0159edn\u00edm vzd\u011bl\u00e1n\u00edm.<\/p>\n<p>Topografie Severn\u00ed Makedonie je tvo\u0159ena centr\u00e1ln\u00edm \u00fadol\u00edm vyhlouben\u00fdm \u0159ekou Vardar a obklopen\u00fdm horsk\u00fdmi p\u00e1smy. Ter\u00e9n, kter\u00fd se rozkl\u00e1d\u00e1 mezi \u0160arsk\u00fdm poho\u0159\u00edm na severoz\u00e1pad\u011b a Osogovo-Belasi\u010dkim poho\u0159\u00edm na jihov\u00fdchod\u011b, je p\u0159ev\u00e1\u017en\u011b \u010dlenit\u00fd. T\u0159i hlavn\u00ed jezera \u2013 Ohridsk\u00e9, Prespansk\u00e9 a Dojransk\u00e9 \u2013 se rozkl\u00e1daj\u00ed na ji\u017en\u00edch hranic\u00edch zem\u011b, \u010d\u00e1ste\u010dn\u011b sd\u00edlen\u00fdch s Alb\u00e1ni\u00ed a \u0158eckem. Ohridsk\u00e9 jezero pat\u0159\u00ed k nejstar\u0161\u00edm jezer\u016fm na sv\u011bt\u011b a m\u00e1 jedine\u010dn\u00fd vodn\u00ed ekosyst\u00e9m. Region le\u017e\u00ed v aktivn\u00ed seismick\u00e9 z\u00f3n\u011b; nejv\u00fdznamn\u011bj\u0161\u00ed je ni\u010div\u00e9 zem\u011bt\u0159esen\u00ed v roce 1963, kter\u00e9 v\u00e1\u017en\u011b po\u0161kodilo Skopje a vy\u017e\u00e1dalo si v\u00edce ne\u017e 1 000 ob\u011bt\u00ed.<\/p>\n<p>Reli\u00e9f zem\u011b definuj\u00ed dva hlavn\u00ed horsk\u00e9 syst\u00e9my. \u0160arsk\u00e9 poho\u0159\u00ed a poho\u0159\u00ed Z\u00e1padn\u00ed Vardar\/Pelagonia, zahrnuj\u00edc\u00ed vrcholy jako Baba, Nid\u017ee, Ko\u017euf a Jakupica, tvo\u0159\u00ed sou\u010d\u00e1st Din\u00e1rsk\u00e9ho syst\u00e9mu a jsou geologicky mlad\u0161\u00ed a vy\u0161\u0161\u00ed ne\u017e Osogovo-Belasica (Rodopy). Hora Korab, dosahuj\u00edc\u00ed 2 764 metr\u016f na hranici s Alb\u00e1ni\u00ed, p\u0159edstavuje nejvy\u0161\u0161\u00ed vrchol zem\u011b. Hydrologicky se vodn\u00ed toky Severn\u00ed Makedonie rozl\u00e9vaj\u00ed do t\u0159\u00ed povod\u00ed: Egejsk\u00e9ho, Jadersk\u00e9ho a \u010cern\u00e9ho mo\u0159e. Povod\u00ed Egejsk\u00e9ho mo\u0159e pokr\u00fdv\u00e1 p\u0159ibli\u017en\u011b 22 075 kilometr\u016f \u010dtvere\u010dn\u00edch \u2013 p\u0159ibli\u017en\u011b 87 procent \u00fazem\u00ed \u2013 p\u0159i\u010dem\u017e samotn\u00e1 \u0159eka Vardar odv\u00e1d\u00ed vodu z 80 procent pevniny. Povod\u00ed Jadersk\u00e9ho mo\u0159e, vymezen\u00e9 \u0159ekou \u010cern\u00fd Drin a nap\u00e1jen\u00e9 Prespansk\u00fdm a Ochridsk\u00fdm jezerem, zahrnuje 3 320 kilometr\u016f \u010dtvere\u010dn\u00edch, tj. 13 procent zem\u011b. \u010cernomo\u0159sk\u00e1 p\u00e1nev je nejmen\u0161\u00ed a odvod\u0148uje pouze 37 kilometr\u016f \u010dtvere\u010dn\u00edch severn\u011b od Skopsk\u00e9 \u010cern\u00e9 Hory prost\u0159ednictv\u00edm Binack\u00e9 Moravy a syst\u00e9mu Morava-Dunaj. Krom\u011b t\u0159\u00ed p\u0159\u00edrodn\u00edch jezer se v zemi nach\u00e1z\u00ed p\u0159ibli\u017en\u011b pades\u00e1t um\u011bl\u00fdch rybn\u00edk\u016f a dev\u011bt l\u00e1ze\u0148sk\u00fdch m\u011bst a letovisek proslul\u00fdch sv\u00fdmi miner\u00e1ln\u00edmi vodami.<\/p>\n<p>Klimaticky se v Severn\u00ed Makedonii vyskytuj\u00ed \u010dty\u0159i z\u0159eteln\u00e1 ro\u010dn\u00ed obdob\u00ed. L\u00e9ta b\u00fdvaj\u00ed tepl\u00e1 a such\u00e1, s teplotami ob\u010das stoupaj\u00edc\u00edmi a\u017e na 40 \u00b0C, zejm\u00e9na v ji\u017en\u00edch lokalit\u00e1ch Demir Kapija a Gevgelija, kde subtropick\u00e9 tlaky z Egejsk\u00e9ho mo\u0159e a vlivy z Bl\u00edzk\u00e9ho v\u00fdchodu vytv\u00e1\u0159ej\u00ed prodlou\u017een\u00e1 obdob\u00ed veder. Zimy jsou m\u00edrn\u011b chladn\u00e9 a zasn\u011b\u017een\u00e9, s n\u00edzk\u00fdmi teplotami klesaj\u00edc\u00edmi a\u017e na -20 \u00b0C vlivem severn\u00edch v\u011btr\u016f. Klima se d\u011bl\u00ed do t\u0159\u00ed hlavn\u00edch z\u00f3n: m\u00edrn\u011b kontinent\u00e1ln\u00ed re\u017eim na severu, m\u00edrn\u00fd st\u0159edomo\u0159sk\u00fd typ na jihu a horsk\u00e9 podneb\u00ed ve vy\u0161\u0161\u00edch nadmo\u0159sk\u00fdch v\u00fd\u0161k\u00e1ch. Ro\u010dn\u00ed sr\u00e1\u017eky se v\u00fdrazn\u011b li\u0161\u00ed, od 1 700 mm v z\u00e1padn\u00edch hor\u00e1ch do 500 mm ve v\u00fdchodn\u00edch n\u00ed\u017ein\u00e1ch; \u00fadol\u00ed Vardaru podobn\u011b zaznamen\u00e1v\u00e1 asi 500 mm ro\u010dn\u011b. Tyto klimatick\u00e9 a zavla\u017eovac\u00ed rozd\u00edly podporuj\u00ed p\u011bstov\u00e1n\u00ed rozmanit\u00fdch plodin, v\u010detn\u011b p\u0161enice, kuku\u0159ice, brambor, m\u00e1ku, ara\u0161\u00edd\u016f a r\u00fd\u017ee. T\u0159icet hlavn\u00edch meteorologick\u00fdch stanic po cel\u00e9 zemi monitoruje po\u010das\u00ed a klima.<\/p>\n<p>Administrativn\u011b je Severn\u00ed Makedonie rozd\u011blena do osmi statistick\u00fdch region\u016f, kter\u00e9 byly vytvo\u0159eny v\u00fdhradn\u011b pro pr\u00e1vn\u00ed a statistick\u00e9 \u00fa\u010dely: V\u00fdchodn\u00ed, Severov\u00fdchodn\u00ed, Pelagonia, Polog, Skopje, Jihov\u00fdchodn\u00ed, Jihoz\u00e1padn\u00ed a Vardar. V srpnu 2004 bylo v r\u00e1mci reformy z\u0159\u00edzeno 84 obc\u00ed, z nich\u017e deset tvo\u0159\u00ed m\u011bsto Skopje \u2013 samostatnou samospr\u00e1vnou jednotku a hlavn\u00ed m\u011bsto st\u00e1tu. Reforma slou\u010dila mnoho ze 123 obc\u00ed, kter\u00e9 existovaly od roku 1996, p\u0159i\u010dem\u017e v p\u0159\u00edpad\u011b pot\u0159eby upravila hranice a slou\u010dila men\u0161\u00ed jednotky. P\u0159ed zaveden\u00edm obc\u00ed fungovala m\u00edstn\u00ed spr\u00e1va prost\u0159ednictv\u00edm 34 spr\u00e1vn\u00edch obvod\u016f neboli obc\u00ed.<\/p>\n<p>Cestovn\u00ed ruch tvo\u0159\u00ed v\u00fdznamnou \u010d\u00e1st ekonomiky zem\u011b, v roce 2016 se pod\u00edlel 6,7 procenty hrub\u00e9ho dom\u00e1c\u00edho produktu a generoval p\u0159\u00edjmy p\u0159ibli\u017en\u011b 38,5 miliardy den\u00e1r\u016f (616 milion\u016f eur). Ozbrojen\u00fd konflikt v roce 2001 p\u0159edstavoval nejv\u011bt\u0161\u00ed \u00fader pro cestovn\u00ed ruch po z\u00edsk\u00e1n\u00ed nez\u00e1vislosti; po\u010det n\u00e1v\u0161t\u011bvn\u00edk\u016f se v\u0161ak od t\u00e9 doby odrazil a v roce 2011 vzrostl o 14,6 procenta. V roce 2019 zem\u011b p\u0159iv\u00edtala 1 184 963 turist\u016f, z nich\u017e 757 593 byli zahrani\u010dn\u00ed host\u00e9, p\u0159ev\u00e1\u017en\u011b z Turecka, sousedn\u00edho Srbska, \u0158ecka a Bulharska, ale i z Polska a dal\u0161\u00edch z\u00e1padoevropsk\u00fdch zem\u00ed. P\u0159ibli\u017en\u011b 60 procent n\u00e1v\u0161t\u011bvn\u00edk\u016f se soust\u0159e\u010fuje ve Skopje a jihoz\u00e1padn\u00edm regionu, kter\u00e9 l\u00e1k\u00e1 kulturn\u00ed d\u011bdictv\u00ed, m\u011bstsk\u00e1 vybavenost a p\u0159\u00edrodn\u00ed krajina. Nejv\u00fdznamn\u011bj\u0161\u00edm odv\u011btv\u00edm je jezern\u00ed turistika, soust\u0159ed\u011bn\u00e1 v Ochridu, Presp\u011b a Dojranu, podporovan\u00e1 v\u00edce ne\u017e pades\u00e1ti men\u0161\u00edmi ledovcov\u00fdmi jezery. Horsk\u00e1 turistika je tak\u00e9 dob\u0159e rozvinut\u00e1, s \u0161estn\u00e1cti vrcholy p\u0159esahuj\u00edc\u00edmi 2 000 metr\u016f, zat\u00edmco venkovsk\u00e1 a ekoturistika, m\u011bstsk\u00e1 turistika a kulturn\u00ed turistika vzkv\u00e9taj\u00ed prost\u0159ednictv\u00edm gastronomie, tradi\u010dn\u00ed hudby, festival\u016f a pam\u00e1tek.<\/p>\n<p>Dopravn\u00ed infrastruktura z\u016fst\u00e1v\u00e1 pro hospod\u00e1\u0159sk\u00fd rozvoj Severn\u00ed Makedonie kl\u00ed\u010dov\u00e1. Jako vnitrozemsk\u00fd st\u00e1t v srdci Balk\u00e1nu slou\u017e\u00ed zem\u011b jako tranzitn\u00ed koridor pro zbo\u017e\u00ed p\u0159epravovan\u00e9 z p\u0159\u00edstavu Solu\u0148 v \u0158ecku p\u0159es vnitrozem\u00ed Balk\u00e1nu do z\u00e1padn\u00ed, st\u0159edn\u00ed a v\u00fdchodn\u00ed Evropy a tak\u00e9 p\u0159es Bulharsko na v\u00fdchod. Do roku 2019 se silni\u010dn\u00ed s\u00ed\u0165 roz\u0161\u00ed\u0159ila na p\u0159ibli\u017en\u011b 10 591 kilometr\u016f, z \u010deho\u017e bylo asi 6 000 kilometr\u016f zpevn\u011bn\u00fdch. Hlavn\u00ed dopravn\u00ed tepna sleduje severoji\u017en\u00ed osu \u00fadol\u00ed Vardaru, zejm\u00e9na evropsk\u00e1 trasa E75 spojuj\u00edc\u00ed \u0158ecko se Srbskem a d\u00e1le. \u017delezni\u010dn\u00ed s\u00ed\u0165, kterou provozuje spole\u010dnost Makedonski \u017deleznici, se rozkl\u00e1d\u00e1 na 922 kilometrech; jej\u00ed kl\u00ed\u010dov\u00e1 tra\u0165 vede od srbsk\u00fdch hranic p\u0159es Kumanovo, Skopje a Veles do Gevgelije na \u0159eck\u00e9 hranici. Od roku 2001 tra\u0165 spojuj\u00edc\u00ed Severn\u00ed Makedonii s Bulharskem v Beljakovci usnad\u0148uje potenci\u00e1ln\u00ed spojen\u00ed Skopje\u2013Sofie. Skopje slou\u017e\u00ed jako hlavn\u00ed \u017eelezni\u010dn\u00ed uzel, p\u0159i\u010dem\u017e Veles a Kumanovo jsou sekund\u00e1rn\u00edmi uzly.<\/p>\n<p>Po\u0161tovn\u00ed slu\u017eby poskytuje st\u00e1tn\u00ed podnik Po\u0161ta Severn\u00ed Makedonie, zalo\u017een\u00fd v roce 1992 jako PTT Makedonie a v roce 1993 p\u0159ijat\u00fd do Sv\u011btov\u00e9 po\u0161tovn\u00ed unie; v roce 1997 byly po\u0161tovn\u00ed a telekomunika\u010dn\u00ed funkce odd\u011bleny, \u010d\u00edm\u017e vznikly spole\u010dnosti Macedonian Telekom a Po\u0161ta Severn\u00ed Makedonie. Vodn\u00ed doprava je omezena na jezern\u00ed dopravu na ostrovech Ohrid a Prespa, prim\u00e1rn\u011b pro cestovn\u00ed ruch. Leteck\u00e1 infrastruktura zahrnuje sedmn\u00e1ct leti\u0161\u0165, z toho jeden\u00e1ct se zpevn\u011bn\u00fdmi ranvejemi, a dv\u011b mezin\u00e1rodn\u00ed leti\u0161t\u011b: mezin\u00e1rodn\u00ed leti\u0161t\u011b Skopje a leti\u0161t\u011b Ohrid sv. Pavla apo\u0161tola.<\/p>\n<p>Podle s\u010d\u00edt\u00e1n\u00ed lidu z roku 2021 dos\u00e1hla Severn\u00ed Makedonie 1 836 713 obyvatel, co\u017e p\u0159edstavuje hustotu zalidn\u011bn\u00ed 72,2 osoby na kilometr \u010dtvere\u010dn\u00ed a pr\u016fm\u011brn\u00fd v\u011bk 40,08 let. S\u010d\u00edt\u00e1n\u00ed lidu zaznamenalo 598 632 dom\u00e1cnost\u00ed s pr\u016fm\u011brem 3,06 \u010dlena a t\u00e9m\u011b\u0159 vyrovnan\u00fd pom\u011br pohlav\u00ed 50,4 procenta \u017een a 49,6 procenta mu\u017e\u016f. Etnicky p\u0159eva\u017euj\u00ed Makedonci, n\u00e1sledovan\u00ed Alb\u00e1nci \u2013 kte\u0159\u00ed jsou soust\u0159ed\u011bni na severoz\u00e1pad\u011b \u2013 a Turci, kter\u00fdch ofici\u00e1ln\u011b \u017eije kolem 70 000, ale neofici\u00e1ln\u00ed odhady dosahuj\u00ed a\u017e 200 000 a v n\u011bkter\u00fdch odhadech mo\u017en\u00e1 a\u017e 260 000 Rom\u016f. Men\u0161\u00ed skupiny zahrnuj\u00ed Srby, Bos\u0148any a Arom\u00e1ny.<\/p>\n<p>Kulturn\u00ed \u017eivot v Severn\u00ed Makedonii odr\u00e1\u017e\u00ed bohat\u00e9 d\u011bdictv\u00ed v um\u011bn\u00ed, architektu\u0159e, literatu\u0159e a hudb\u011b, s \u010detn\u00fdmi starov\u011bk\u00fdmi n\u00e1bo\u017eensk\u00fdmi pam\u00e1tkami chr\u00e1n\u011bn\u00fdmi jako n\u00e1rodn\u00ed poklady. C\u00edrkevn\u00ed architektura opl\u00fdv\u00e1 byzantsk\u00fdmi freskami z jeden\u00e1ct\u00e9ho a\u017e \u0161estn\u00e1ct\u00e9ho stolet\u00ed; n\u011bkolik tis\u00edc metr\u016f \u010dtvere\u010dn\u00edch t\u011bchto maleb se dochovalo ve vynikaj\u00edc\u00edm stavu a je p\u0159\u00edkladem makedonsk\u00e9 ikonografick\u00e9 \u0161koly. Mezi ka\u017edoro\u010dn\u00ed akce pat\u0159\u00ed Ohridsk\u00fd letn\u00ed festival klasick\u00e9 hudby a dramatu, Strugsk\u00e9 ve\u010dery poezie \u2013 kter\u00e9 shroma\u017e\u010fuj\u00ed b\u00e1sn\u00edky z v\u00edce ne\u017e pades\u00e1ti zem\u00ed \u2013 Mezin\u00e1rodn\u00ed festival kamery v Bitole, Otev\u0159en\u00fd festival divadla ml\u00e1de\u017ee a Skopje Jazz Festival. N\u00e1rodn\u00ed opera, slavnostn\u011b otev\u0159en\u00e1 v roce 1947 jako Makedonsk\u00e1 opera, uvedla svou prvn\u00ed inscenaci Cavalleria rusticana pod veden\u00edm dirigenta Branka Pomori\u0161ace; od roku 1972 se v r\u00e1mci kv\u011btnov\u00fdch opern\u00edch ve\u010der\u016f ve Skopje konaj\u00ed dva a\u017e t\u0159i t\u00fddny no\u010dn\u00edch p\u0159edstaven\u00ed, po\u010d\u00ednaje operou Kirila Makedonsk\u00e9ho Car Samuil.<\/p>\n<p>Kulin\u00e1\u0159sk\u00e9 tradice odr\u00e1\u017eej\u00ed polohu zem\u011b na k\u0159i\u017eovatce balk\u00e1nsk\u00fdch, st\u0159edomo\u0159sk\u00fdch a bl\u00edzkov\u00fdchodn\u00edch vliv\u016f. Tepl\u00e9 klima p\u0159in\u00e1\u0161\u00ed hojnost zeleniny, bylin a ovoce, zat\u00edmco m\u00edstn\u00ed ml\u00e9k\u00e1rny a vinice produkuj\u00ed cen\u011bn\u00e9 s\u00fdry a v\u00edna. Rakija, ovocn\u00e1 p\u00e1lenka, se pod\u00e1v\u00e1 k tav\u010de grav\u010de \u2013 pe\u010den\u00fdm fazol\u00edm s \u010dervenou paprikou \u2013, kter\u00e9 jsou v\u0161eobecn\u011b pova\u017eov\u00e1ny za n\u00e1rodn\u00ed pokrm. Mastika, lik\u00e9r s an\u00fdzovou p\u0159\u00edchut\u00ed, je n\u00e1rodn\u00edm n\u00e1pojem. Mezi dal\u0161\u00ed obl\u00edben\u00e9 speciality pat\u0159\u00ed \u0161opsk\u00fd sal\u00e1t, ajvar (pomaz\u00e1nka z pe\u010den\u00e9 \u010derven\u00e9 papriky), pln\u011bn\u00e9 papriky a pastrmajlija (druh masov\u00e9ho kol\u00e1\u010de).<\/p>\n<p>M\u011bstsk\u00e1 centra sahaj\u00ed od rozlehl\u00e9 metropolitn\u00ed oblasti Skopje, kde \u017eije v\u00edce ne\u017e p\u016fl milionu obyvatel a je pln\u00e1 osmansk\u00fdch me\u0161it, neoklasicistn\u00edch fas\u00e1d, st\u0159edov\u011bk\u00e9 pevnosti Kale a ikonick\u00e9ho Kamenn\u00e9ho mostu p\u0159es Vardar, a\u017e po men\u0161\u00ed m\u011bsta, jako je Bitola \u2013 se starobyl\u00fdmi m\u011bstsk\u00fdmi hradbami, osmansk\u00fdmi bazary a modern\u00edmi kav\u00e1rnami \u2013 Kratovo, le\u017e\u00edc\u00ed v kr\u00e1teru vyhasl\u00e9 sopky, a Kru\u0161evo, nejv\u00fd\u0161e polo\u017een\u00e9 m\u011bsto v zemi a m\u00edsto povst\u00e1n\u00ed v roce 1878. M\u011bsto Ochrid na b\u0159ehu jezera, kter\u00e9 je pro sv\u00e9 kulturn\u00ed pam\u00e1tky a p\u0159\u00edrodn\u00ed prost\u0159ed\u00ed zaps\u00e1no na seznamu sv\u011btov\u00e9ho d\u011bdictv\u00ed UNESCO, se py\u0161n\u00ed mno\u017estv\u00edm byzantsk\u00fdch kostel\u016f, kostelem sv. Jana v Kaneu, kter\u00fd se ty\u010d\u00ed na \u00fatesu nad vodou, a jednou z nejlep\u0161\u00edch sb\u00edrek slovansk\u00fdch ikon na sv\u011bt\u011b. Jeho partnersk\u00e9 m\u011bsto Struga nab\u00edz\u00ed podobn\u00e9 kouzlo s klidn\u011bj\u0161\u00ed atmosf\u00e9rou.<\/p>\n<p>Krom\u011b m\u011bstsk\u00fdch oblast\u00ed se venkov hem\u017e\u00ed atrakcemi. N\u00e1rodn\u00ed park Pelister, nejstar\u0161\u00ed v zemi, ukr\u00fdv\u00e1 endemickou fl\u00f3ru a faunu a dv\u011b ledovcov\u00e1 jezera \u201eHorsk\u00e9 o\u010di\u201c. N\u00e1rodn\u00ed park Mavrovo zahrnuje nejvy\u0161\u0161\u00ed vrchol zem\u011b, Golem Korab, hlubokou sout\u011bsku \u0159eky Debar a kl\u00e1\u0161ter Sveti Jovan Bigorski. Z\u0159\u00eddka nav\u0161t\u011bvovan\u00e1 rezervace Jasen pobl\u00ed\u017e Skopje poskytuje stanovi\u0161t\u011b pro divokou zv\u011b\u0159 a nedot\u010den\u00e9 lesy. Mezi dal\u0161\u00ed zaj\u00edmav\u00e1 m\u00edsta pat\u0159\u00ed kamenn\u00e9 m\u011bsto Kuklica pobl\u00ed\u017e Kratova, st\u0159edov\u011bk\u00e9 v\u011b\u017ee Markovi Kuli u Prilepu a archeologick\u00e9 nalezi\u0161t\u011b Stobi, kter\u00e9 zachov\u00e1v\u00e1 ruiny z hel\u00e9nistick\u00e9, \u0159\u00edmsk\u00e9 a ran\u011b k\u0159es\u0165ansk\u00e9 f\u00e1ze.<\/p>\n<p>Stru\u010dn\u011b \u0159e\u010deno, Severn\u00ed Makedonie p\u0159edstavuje tapiserii historick\u00fdch vrstev, rozmanit\u00e9 krajiny, klimatick\u00fdch p\u00e1sem a kulturn\u00edch tradic. Od sv\u00e9ho starov\u011bk\u00e9ho p\u016fvodu p\u0159es po sob\u011b jdouc\u00ed \u0159\u00ed\u0161e, socialistickou federaci a m\u00edrovou nez\u00e1vislost si zem\u011b v srdci Balk\u00e1nu vybudovala osobitou identitu. Jej\u00ed hornat\u00fd ter\u00e9n, seismicky aktivn\u00ed \u00fadol\u00ed, k\u0159i\u0161\u0165\u00e1lov\u011b \u010dist\u00e1 jezera a m\u011bstsk\u00e9 pam\u00e1tky sv\u011bd\u010d\u00ed o slo\u017eit\u00e9 fyzick\u00e9 geografii, zat\u00edmco jej\u00ed demografick\u00e1 mozaika, kulin\u00e1\u0159sk\u00e9 speciality a \u017eiv\u00e9 festivaly odr\u00e1\u017eej\u00ed pluralistick\u00e9 d\u011bdictv\u00ed. Jako tranzitn\u00ed uzel a kandid\u00e1t na \u010dlenstv\u00ed v Evropsk\u00e9 unii Severn\u00ed Makedonie nad\u00e1le vyva\u017euje hospod\u00e1\u0159sk\u00e9 reformy a zachov\u00e1n\u00ed kulturn\u00edho d\u011bdictv\u00ed a zve n\u00e1v\u0161t\u011bvn\u00edky i akademick\u00e9 pracovn\u00edky k prozkoum\u00e1n\u00ed jej\u00edho trval\u00e9ho d\u011bdictv\u00ed a vyv\u00edjej\u00edc\u00ed se budoucnosti.<\/p>","protected":false},"excerpt":{"rendered":"<p>Severn\u00ed Makedonie, ofici\u00e1ln\u011b Republika Severn\u00ed Makedonie, je vnitrozemsk\u00fd st\u00e1t nach\u00e1zej\u00edc\u00ed se v jihov\u00fdchodn\u00ed Evrop\u011b s populac\u00ed zhruba 1,83 milionu obyvatel. Tento mal\u00fd n\u00e1rod, kter\u00fd se nach\u00e1z\u00ed na k\u0159i\u017eovatce Balk\u00e1nu, m\u00e1 hranice s \u0158eckem na jihu, Alb\u00e1ni\u00ed na z\u00e1pad\u011b, Bulharskem na v\u00fdchod\u011b, Kosovem na severoz\u00e1pad\u011b a Srbskem na severu. Strategick\u00e1 poloha n\u00e1roda byla velmi d\u016fle\u017eit\u00e1 p\u0159i formov\u00e1n\u00ed jeho bohat\u00e9 a pestr\u00e9 historie, kultury a obyvatelstva.<\/p>","protected":false},"author":1,"featured_media":2831,"parent":24078,"menu_order":0,"comment_status":"closed","ping_status":"closed","template":"elementor_theme","meta":{"_eb_attr":"","footnotes":""},"class_list":["post-12305","page","type-page","status-publish","has-post-thumbnail"],"_links":{"self":[{"href":"https:\/\/travelshelper.com\/cs\/wp-json\/wp\/v2\/pages\/12305","targetHints":{"allow":["GET"]}}],"collection":[{"href":"https:\/\/travelshelper.com\/cs\/wp-json\/wp\/v2\/pages"}],"about":[{"href":"https:\/\/travelshelper.com\/cs\/wp-json\/wp\/v2\/types\/page"}],"author":[{"embeddable":true,"href":"https:\/\/travelshelper.com\/cs\/wp-json\/wp\/v2\/users\/1"}],"replies":[{"embeddable":true,"href":"https:\/\/travelshelper.com\/cs\/wp-json\/wp\/v2\/comments?post=12305"}],"version-history":[{"count":0,"href":"https:\/\/travelshelper.com\/cs\/wp-json\/wp\/v2\/pages\/12305\/revisions"}],"up":[{"embeddable":true,"href":"https:\/\/travelshelper.com\/cs\/wp-json\/wp\/v2\/pages\/24078"}],"wp:featuredmedia":[{"embeddable":true,"href":"https:\/\/travelshelper.com\/cs\/wp-json\/wp\/v2\/media\/2831"}],"wp:attachment":[{"href":"https:\/\/travelshelper.com\/cs\/wp-json\/wp\/v2\/media?parent=12305"}],"curies":[{"name":"wp","href":"https:\/\/api.w.org\/{rel}","templated":true}]}}