{"id":12252,"date":"2024-09-15T20:08:02","date_gmt":"2024-09-15T20:08:02","guid":{"rendered":"https:\/\/travelshelper.com\/staging\/?page_id=12252"},"modified":"2026-03-12T19:24:46","modified_gmt":"2026-03-12T19:24:46","slug":"norsko","status":"publish","type":"page","link":"https:\/\/travelshelper.com\/cs\/destinations\/europe\/norway\/","title":{"rendered":"Norsko"},"content":{"rendered":"<p>Norsk\u00e9 kr\u00e1lovstv\u00ed zauj\u00edm\u00e1 z\u00e1padn\u00ed a nejsevern\u011bj\u0161\u00ed \u010d\u00e1st Skandin\u00e1vsk\u00e9ho poloostrova v severn\u00ed Evrop\u011b a zahrnuje odlehl\u00e9 arktick\u00e9 ostrovy Jan Mayen a souostrov\u00ed \u0160picberky. Bouvet\u016fv ostrov v subantarktick\u00e9 oblasti je z\u00e1vislou zem\u00ed, zat\u00edmco Norsko si uplat\u0148uje n\u00e1roky na antarktick\u00e1 \u00fazem\u00ed Ostrov Petra I. a Zem\u011b kr\u00e1lovny Maud. Ve \u010dtvrt\u00e9m \u010dtvrtlet\u00ed roku 2024 \u010dinila jeho populace 5 585 044 obyvatel, p\u0159i\u010dem\u017e Oslo slou\u017e\u00ed jako hlavn\u00ed i nejv\u011bt\u0161\u00ed m\u011bsto. Celkov\u00e1 rozloha kr\u00e1lovstv\u00ed m\u011b\u0159\u00ed 385 207 kilometr\u016f \u010dtvere\u010dn\u00edch v\u010detn\u011b \u0160picberk a Jan Mayen, nebo 323 808 kilometr\u016f \u010dtvere\u010dn\u00edch bez nich.<\/p>\n<p>Norsko se t\u00e1hne mezi 57\u00b0 a 81\u00b0 severn\u00ed \u0161\u00ed\u0159ky a 4\u00b0 a 32\u00b0 v\u00fdchodn\u00ed d\u00e9lky a sd\u00edl\u00ed 1 619 kilometr\u016f dlouhou pozemn\u00ed hranici se \u0160v\u00e9dskem, 727 kilometr\u016f s Finskem a 196 kilometr\u016f s Ruskem. Jeho rozs\u00e1hl\u00e9 pob\u0159e\u017e\u00ed je ohrani\u010deno Skagerraksk\u00fdm pr\u016flivem, Severn\u00edm mo\u0159em, Norsk\u00fdm mo\u0159em a Barentsov\u00fdm mo\u0159em. Z\u00e1kladn\u00ed linie pevninsk\u00e9ho pob\u0159e\u017e\u00ed m\u011b\u0159\u00ed 2 532 kilometr\u016f, zat\u00edmco celkov\u00e1 pob\u0159e\u017e\u00ed \u2013 s zapo\u010d\u00edt\u00e1n\u00edm fjord\u016f \u2013 se rozprost\u00edr\u00e1 na 28 953 kilometr\u016f. V\u010detn\u011b ostrov\u016f se toto \u010d\u00edslo odhaduje na 100 915 kilometr\u016f. Skandin\u00e1vsk\u00e9 hory tvo\u0159\u00ed velkou \u010d\u00e1st v\u00fdchodn\u00ed hranice se \u0160v\u00e9dskem.<\/p>\n<p>Velk\u00e1 \u010d\u00e1st norsk\u00e9ho ter\u00e9nu odr\u00e1\u017e\u00ed tis\u00edcilet\u00ed formov\u00e1n\u00ed ledovc\u016f. Fjordy, z nich\u017e nejzn\u00e1m\u011bj\u0161\u00ed je Sognefjorden s d\u00e9lkou 204 kilometr\u016f, kter\u00fd se \u0159ad\u00ed mezi druh\u00e9 nejhlub\u0161\u00ed na sv\u011bt\u011b, vy\u0159ez\u00e1vaj\u00ed do pob\u0159e\u017e\u00ed hlubok\u00e9 z\u00e1toky. Hornindalsvatnet, nejhlub\u0161\u00ed jezero v Evrop\u011b, dosahuje hloubky p\u0159es 500 metr\u016f. Norsko m\u00e1 p\u0159ibli\u017en\u011b 400 000 jezer a 239 057 registrovan\u00fdch ostrov\u016f. Permafrost p\u0159etrv\u00e1v\u00e1 celoro\u010dn\u011b ve vyv\u00fd\u0161en\u00fdch horsk\u00fdch oblastech a ve vnitrozem\u00ed kraje Finnmark, zat\u00edmco v hor\u00e1ch se vyskytuje mnoho ledovc\u016f. Skaln\u00ed podlo\u017e\u00ed se skl\u00e1d\u00e1 p\u0159ev\u00e1\u017en\u011b z tvrd\u00e9 \u017euly a ruly, v ni\u017e\u0161\u00edch nadmo\u0159sk\u00fdch v\u00fd\u0161k\u00e1ch z b\u0159idlice, p\u00edskovce a v\u00e1pence a pod\u00e9l pob\u0159e\u017en\u00edch pl\u00e1n\u00ed z mo\u0159sk\u00fdch usazenin.<\/p>\n<p>Norsk\u00e9 klima se od pob\u0159e\u017e\u00ed a\u017e po vnitrozemsk\u00e9 vyso\u010diny v\u00fdrazn\u011b li\u0161\u00ed. Golfsk\u00fd proud a p\u0159evl\u00e1daj\u00edc\u00ed z\u00e1padn\u00ed v\u011btry zvy\u0161uj\u00ed teploty na pob\u0159e\u017e\u00ed nad o\u010dek\u00e1v\u00e1n\u00ed pro tyto severn\u00ed zem\u011bpisn\u00e9 \u0161\u00ed\u0159ky a zvy\u0161uj\u00ed sr\u00e1\u017eky. N\u00ed\u017einy kolem Osla za\u017e\u00edvaj\u00ed nejteplej\u0161\u00ed l\u00e9ta, ale st\u00e1le sn\u00e1\u0161ej\u00ed sn\u00edh a chladn\u00e9 zimy. Pob\u0159e\u017en\u00ed oblasti vystaven\u00e9 atlantsk\u00fdm bou\u0159\u00edm za\u017e\u00edvaj\u00ed hojn\u00e9 sr\u00e1\u017eky, zat\u00edmco z\u00e1v\u011btrn\u00e9 strany pob\u0159e\u017en\u00edch hor le\u017e\u00ed v de\u0161\u0165ov\u00e9m st\u00ednu a zaznamen\u00e1vaj\u00ed ni\u017e\u0161\u00ed sr\u00e1\u017eky. Troms\u00f8 na arktick\u00e9m severu kdysi zaznamenal 430 hodin slune\u010dn\u00edho svitu v jednom m\u011bs\u00edci. Nad pol\u00e1rn\u00edm kruhem p\u0159evl\u00e1d\u00e1 p\u016flno\u010dn\u00ed slunce od konce kv\u011btna do konce \u010dervence; pod n\u00edm m\u016f\u017ee denn\u00ed sv\u011btlo dos\u00e1hnout a\u017e 20 hodin denn\u011b. Naopak pol\u00e1rn\u00ed noc trv\u00e1 od konce listopadu do konce ledna na severn\u00edch \u00fazem\u00edch, s minim\u00e1ln\u00edm denn\u00edm sv\u011btlem jinde. Klimatick\u00e9 p\u00e1sma sahaj\u00ed od oce\u00e1nsk\u00e9ho a subpol\u00e1rn\u00edho oce\u00e1nsk\u00e9ho pod\u00e9l pob\u0159e\u017e\u00ed, p\u0159es vlhk\u00e9 kontinent\u00e1ln\u00ed v \u010d\u00e1stech jihov\u00fdchodu a\u017e po p\u0159\u00edmo\u0159skou subarktickou a arktickou tundru na dalek\u00e9m severu a na \u0160picberk\u00e1ch.<\/p>\n<p>Sjednocen\u00e9 Norsk\u00e9 kr\u00e1lovstv\u00ed sah\u00e1 a\u017e ke slou\u010den\u00ed drobn\u00fdch \u0159\u00ed\u0161\u00ed v roce 872. Od roku 1537 do roku 1814 bylo sou\u010d\u00e1st\u00ed d\u00e1nsko-norsk\u00e9 unie, pot\u00e9 vstoupilo do person\u00e1ln\u00ed unie se \u0160v\u00e9dskem a\u017e do roku 1905. Norsko z\u016fstalo neutr\u00e1ln\u00ed v prvn\u00ed sv\u011btov\u00e9 v\u00e1lce a zpo\u010d\u00e1tku i ve druh\u00e9 sv\u011btov\u00e9 v\u00e1lce a\u017e do n\u011bmeck\u00e9 invaze v dubnu 1940, kdy bylo okupov\u00e1no a\u017e do roku 1945.<\/p>\n<p>Podle \u00fastavy z roku 1814 funguje Norsko jako unit\u00e1rn\u00ed st\u00e1t s konstitu\u010dn\u00ed monarchi\u00ed. Na tr\u016fnu je kr\u00e1l Harald V. z rodu Gl\u00fccksburg\u016f, zat\u00edmco Jonas Gahr St\u00f8re zast\u00e1v\u00e1 \u00fa\u0159ad premi\u00e9ra od roku 2021. Z\u00e1konod\u00e1rn\u00e1 moc spo\u010d\u00edv\u00e1 v jednokomorov\u00e9m parlamentu (Storting), v\u00fdkonn\u00e1 moc v kabinetu a soudn\u00ed moc v Nejvy\u0161\u0161\u00edm soudu. Administrativn\u00ed \u010dlen\u011bn\u00ed se skl\u00e1d\u00e1 z okres\u016f (fylker) a obc\u00ed (kommuner). S\u00e1msk\u00fd parlament, podpo\u0159en\u00fd z\u00e1konem Finnmark, zaru\u010duje p\u016fvodn\u00edmu obyvatelstvu S\u00e1m\u016f omezen\u00e9 sebeur\u010den\u00ed na tradi\u010dn\u00edch \u00fazem\u00edch.<\/p>\n<p>Norsko udr\u017euje \u00fazk\u00e9 diplomatick\u00e9 a hospod\u00e1\u0159sk\u00e9 vazby s Evropskou uni\u00ed prost\u0159ednictv\u00edm Evropsk\u00e9ho hospod\u00e1\u0159sk\u00e9ho prostoru, \u00fa\u010dastn\u00ed se schengensk\u00e9ho prostoru a rozs\u00e1hle spolupracuje se Spojen\u00fdmi st\u00e1ty. Je zakl\u00e1daj\u00edc\u00edm \u010dlenem Organizace spojen\u00fdch n\u00e1rod\u016f, NATO, Evropsk\u00e9ho sdru\u017een\u00ed voln\u00e9ho obchodu, Rady Evropy, Antarktick\u00e9 smlouvy a Seversk\u00e9 rady a je \u010dlenem Sv\u011btov\u00e9 obchodn\u00ed organizace a OECD. Norsk\u00e9 dialekty z\u016fst\u00e1vaj\u00ed vz\u00e1jemn\u011b srozumiteln\u00e9 s dialekty D\u00e1nska a \u0160v\u00e9dska.<\/p>\n<p>Norsk\u00fd model soci\u00e1ln\u00edho zabezpe\u010den\u00ed poskytuje univerz\u00e1ln\u00ed zdravotn\u00ed p\u00e9\u010di a komplexn\u00ed soci\u00e1ln\u00ed zabezpe\u010den\u00ed zalo\u017een\u00e9 na rovnost\u00e1\u0159sk\u00fdch principech. St\u00e1t si udr\u017euje v\u011bt\u0161inov\u00e9 nebo podstatn\u00e9 vlastnictv\u00ed ve strategick\u00fdch odv\u011btv\u00edch, v\u010detn\u011b ropy, zemn\u00edho plynu, nerostn\u00fdch surovin, d\u0159eva, mo\u0159sk\u00fdch plod\u016f a vodn\u00ed energie. T\u011b\u017eba ropy a plynu se pod\u00edl\u00ed zhruba na hrub\u00e9m dom\u00e1c\u00edm produktu a Norsko se \u0159ad\u00ed mezi nejv\u011bt\u0161\u00ed producenty t\u011bchto zdroj\u016f na obyvatele mimo Bl\u00edzk\u00fd v\u00fdchod. P\u0159\u00edjem na obyvatele \u0159ad\u00ed Norsko mezi nejvy\u0161\u0161\u00ed zem\u011b na sv\u011bt\u011b \u2013 \u010dtvrt\u00e9 m\u00edsto podle metrik Sv\u011btov\u00e9 banky a osm\u00e9 podle MMF. Aktiva st\u00e1tn\u00edch investi\u010dn\u00edch fond\u016f dosahuj\u00ed p\u0159ibli\u017en\u011b 1,3 bilionu USD, co\u017e je nejv\u011bt\u0161\u00ed hodnota na sv\u011bt\u011b.<\/p>\n<p>M\u011b\u0159eno HDP na obyvatele se Norsko \u0159ad\u00ed na druh\u00e9 m\u00edsto mezi evropsk\u00fdmi zem\u011bmi, hned za Lucemburskem, a na \u0161est\u00e9 m\u00edsto na sv\u011bt\u011b, pokud jde o paritu kupn\u00ed s\u00edly. Zem\u011b fungovala jako \u010dist\u00fd extern\u00ed v\u011b\u0159itel dluh\u016f a v roce 2009 se znovu um\u00edstila na prvn\u00edm m\u00edst\u011b v Indexu lidsk\u00e9ho rozvoje Rozvojov\u00e9ho programu OSN. Stabilita a institucion\u00e1ln\u00ed integrita Norska mu vynesly nejni\u017e\u0161\u00ed um\u00edst\u011bn\u00ed v Indexu zhroucen\u00fdch st\u00e1t\u016f v letech 2009 i 2023.<\/p>\n<p>Sm\u00ed\u0161en\u00e1 ekonomika se vyzna\u010duje siln\u00fdm soukrom\u00fdm podnik\u00e1n\u00edm spolu s v\u00fdznamnou \u00fa\u010dast\u00ed st\u00e1tu. Ve\u0159ejn\u00e9 zdravotn\u00ed poji\u0161t\u011bn\u00ed ukl\u00e1d\u00e1 dosp\u011bl\u00fdm star\u0161\u00edm 16 let m\u00edrn\u00fd ro\u010dn\u00ed poplatek a rodi\u010dovsk\u00e1 dovolen\u00e1 trv\u00e1 46 t\u00fddn\u016f s platem. V \u00fanoru 2025 \u010dinila nezam\u011bstnanost 3,9 procenta, p\u0159i\u010dem\u017e 69,7 procenta osob ve v\u011bku 15\u201374 let bylo zam\u011bstn\u00e1no. D\u00e1vky v invalidit\u011b dos\u00e1hly 10,6 procenta osob ve v\u011bku 18\u201367 let a zam\u011bstnanost ve st\u00e1tn\u00ed spr\u00e1v\u011b tvo\u0159ila 30 procent pracovn\u00ed s\u00edly. Pr\u016fm\u011brn\u00e1 hodinov\u00e1 produktivita a mzdy se \u0159ad\u00ed k nejvy\u0161\u0161\u00edm na sv\u011bt\u011b.<\/p>\n<p>Geografick\u00e1 rozpt\u00fdlenost a \u010dlenit\u00fd ter\u00e9n formovaly dopravn\u00ed infrastrukturu. Ve\u0159ejn\u00e1 doprava je ve srovn\u00e1n\u00ed s ostatn\u00edmi evropsk\u00fdmi st\u00e1ty nedostate\u010dn\u011b rozvinut\u00e1, zejm\u00e9na mimo m\u011bstsk\u00e1 centra. Norsk\u00e1 \u017eelezni\u010dn\u00ed s\u00ed\u0165 zahrnuje 4 114 kilometr\u016f norm\u00e1ln\u00edho rozchodu, z nich\u017e 62 procent je elektrifikov\u00e1no p\u0159i 15 kV 16,7 Hz AC; 64 kilometr\u016f podporuje rychlosti a\u017e 210 km\/h. V roce 2023 \u017eeleznice p\u0159epravily 78,22 milionu cestuj\u00edc\u00edch na 3 153 milionech osobokilometr\u016f a 32,23 milionu tun n\u00e1kladu na 3 928 milionech tunokilometr\u016f. S\u00ed\u0165 vlastn\u00ed spole\u010dnost Bane NOR; mezi provozovatele pat\u0159\u00ed Vy, SJ, Go-Ahead a Flytoget pro osobn\u00ed dopravu a CargoNet a OnRail pro n\u00e1kladn\u00ed dopravu. Investice a \u00fadr\u017eba jsou financov\u00e1ny ze st\u00e1tn\u00edch rozpo\u010dt\u016f, dopln\u011bny provozn\u00edmi dotacemi.<\/p>\n<p>S\u00ed\u0165 ve\u0159ejn\u00fdch silnic se rozkl\u00e1d\u00e1 na 95 120 kilometrech, z toho 72 033 kilometr\u016f je zpevn\u011bn\u00fdch a 664 kilometr\u016f jsou vyzna\u010deny jako d\u00e1lnice. Trasy klasifikovan\u00e9 jako n\u00e1rodn\u00ed a hlavn\u00ed okresn\u00ed silnice se integruj\u00ed do evropsk\u00e9ho syst\u00e9mu silnic kategorie E, zejm\u00e9na E6 vedouc\u00ed severoji\u017en\u00ed \u010d\u00e1st\u00ed zem\u011b a E39 lemuj\u00edc\u00ed z\u00e1padn\u00ed pob\u0159e\u017e\u00ed. Norsk\u00e1 spr\u00e1va ve\u0159ejn\u00fdch silnic dohl\u00ed\u017e\u00ed na n\u00e1rodn\u00ed a okresn\u00ed silnice.<\/p>\n<p>Norsko je sv\u011btov\u00fdm l\u00eddrem v po\u010dtu plug-in elektromobil\u016f na obyvatele; v b\u0159eznu 2014 jezdilo na elekt\u0159inu v\u00edce ne\u017e jedno ze 100 osobn\u00edch aut na jeho silnic\u00edch. Pod\u00edl elektrick\u00fdch model\u016f na prodeji nov\u00fdch automobil\u016f z\u016fst\u00e1v\u00e1 celosv\u011btov\u011b nejvy\u0161\u0161\u00ed. Legislativn\u00ed n\u00e1vrhy si kladou za c\u00edl zak\u00e1zat prodej nov\u00fdch benz\u00ednov\u00fdch a naftov\u00fdch automobil\u016f ji\u017e od roku 2025.<\/p>\n<p>Leteck\u00e1 doprava zahrnuje p\u0159ibli\u017en\u011b 146 leti\u0161\u0165, z toho 52 ve\u0159ejn\u00fdch a 43 provozovan\u00fdch st\u00e1tn\u00ed spole\u010dnost\u00ed Avinor. Sedm leti\u0161\u0165 odbav\u00ed ro\u010dn\u011b p\u0159es milion cestuj\u00edc\u00edch; celkov\u00fd po\u010det cestuj\u00edc\u00edch v roce 2007 dos\u00e1hl v\u00edce ne\u017e 41 milion\u016f. Leti\u0161t\u011b Oslo, Gardermoen, le\u017e\u00ed 35 kilometr\u016f severov\u00fdchodn\u011b od hlavn\u00edho m\u011bsta a slou\u017e\u00ed jako hlavn\u00ed mezin\u00e1rodn\u00ed br\u00e1na. Funguje jako uzel pro Scandinavian Airlines, Norwegian Air Shuttle a region\u00e1ln\u00ed dopravce a nab\u00edz\u00ed p\u0159\u00edm\u00e9 spojen\u00ed po cel\u00e9 Evrop\u011b a do vybran\u00fdch mezikontinent\u00e1ln\u00edch destinac\u00ed. Vysokorychlostn\u00ed vlak spojuje leti\u0161t\u011b s hlavn\u00edm n\u00e1dra\u017e\u00edm v Oslu ka\u017ed\u00fdch deset minut, cesta trv\u00e1 20 minut.<\/p>\n<p>Cestovn\u00ed ruch se v roce 2016 pod\u00edlel na HDP 4,2 procenty, p\u0159i\u010dem\u017e v tomto odv\u011btv\u00ed pracoval ka\u017ed\u00fd patn\u00e1ct\u00fd Nor. Sez\u00f3nnost vrchol\u00ed mezi kv\u011btnem a srpnem, kdy p\u0159ij\u00ed\u017ed\u00ed v\u00edce ne\u017e polovina v\u0161ech n\u00e1v\u0161t\u011bvn\u00edk\u016f. Rozmanit\u00e1 krajina \u2013 fjordy, hory, ly\u017ea\u0159sk\u00e1 st\u0159ediska, jezera a lesy \u2013 je z\u00e1kladem atraktivity Norska. Mezi hlavn\u00ed m\u011bstsk\u00e9 destinace pat\u0159\u00ed Oslo, \u00c5lesund, Bergen, Stavanger, Trondheim, Kristiansand, Troms\u00f8, Fredrikstad a T\u00f8nsberg. N\u00e1v\u0161t\u011bvn\u00edci tak\u00e9 nav\u0161t\u011bvuj\u00ed p\u0159\u00edrodn\u00ed lokality, jako je Atlantsk\u00e1 oce\u00e1nsk\u00e1 cesta, n\u00e1horn\u00ed plo\u0161ina Hardangervidda, ledovec Jostedalsbreen, poho\u0159\u00ed J\u00f6tunheimen, Lofoty a \u00fates Nordkapp. Mezi kulturn\u00ed pam\u00e1tky pat\u0159\u00ed skokansk\u00fd m\u016fstek Holmenkollen a za\u0159\u00edzen\u00ed Vigeland v Oslu a\u017e po p\u0159\u00edstavi\u0161t\u011b Bryggen v Bergenu, katedr\u00e1lu Nidaros v Trondheimu a ruiny pevnosti v T\u00f8nsbergu a Fredrikstadu.<\/p>\n<p>Etni\u010dt\u00ed Norov\u00e9 tvo\u0159\u00ed severogerm\u00e1nsk\u00fd n\u00e1rod. Celkov\u00e1 m\u00edra plodnosti v roce 2023 \u010dinila 1,40 d\u00edt\u011bte na \u017eenu, co\u017e je pod \u00farovn\u00ed reprodukce 2,1 a pokles z vrcholu 4,69 v roce 1877. Medi\u00e1n v\u011bku dos\u00e1hl v roce 2024 40 let. S\u00e1mov\u00e9, p\u016fvodn\u00ed obyvatel\u00e9 arktick\u00fdch oblast\u00ed Norska, \u0160v\u00e9dska, Finska a rusk\u00e9ho poloostrova Kola, a Kvenov\u00e9, potomci finsk\u00fdch migrant\u016f, p\u0159edstavuj\u00ed uzn\u00e1van\u00e9 men\u0161iny. St\u00e1tn\u00ed politika norveizace v pr\u016fb\u011bhu devaten\u00e1ct\u00e9ho a\u017e dvac\u00e1t\u00e9ho stolet\u00ed vedla mnoho lid\u00ed se s\u00e1msk\u00fdm nebo kvensk\u00fdm p\u016fvodem k tomu, aby se identifikovali jako etni\u010dt\u00ed Norov\u00e9.<\/p>\n<p>Norsk\u00e1 kultura si uchov\u00e1v\u00e1 siln\u00e9 vazby na svou agr\u00e1rn\u00ed minulost. Romantick\u00fd nacionalismus devaten\u00e1ct\u00e9ho stolet\u00ed, kter\u00fd se zrodil kolem zem\u011bd\u011blsk\u00fdch tradic, formoval jazyk, literaturu, um\u011bn\u00ed a hudbu \u2013 tento vliv je dodnes patrn\u00fd prost\u0159ednictv\u00edm vl\u00e1dn\u00ed podpory kulturn\u00edch instituc\u00ed a projekt\u016f. Architektonick\u00e9 d\u011bdictv\u00ed sah\u00e1 od st\u0159edov\u011bk\u00fdch rouben\u00fdch kostel\u016f \u2013 Rouben\u00fd kostel v Urnesu je zaps\u00e1n na seznamu sv\u011btov\u00e9ho d\u011bdictv\u00ed UNESCO \u2013 a\u017e po d\u0159ev\u011bn\u00e9 fas\u00e1dy p\u0159\u00edstavi\u0161t\u011b Bryggen. Kamenn\u00e9 katedr\u00e1ly, barokn\u00ed kostely v Kongsbergu a d\u0159ev\u011bn\u00e9 hornick\u00e9 obydl\u00ed v R\u00f8rosu sv\u011bd\u010d\u00ed o po sob\u011b jdouc\u00edch epoch\u00e1ch. Mezi n\u00e1vrhy Christiana H. Grosche z po\u010d\u00e1tku devaten\u00e1ct\u00e9ho stolet\u00ed pat\u0159\u00ed Univerzita v Oslu a Burza cenn\u00fdch pap\u00edr\u016f v Oslu. Rekonstrukce \u00c5lesundu v roce 1904 zavedla do Norska secesi, zat\u00edmco funkcionalismus z\u00edskal na v\u00fdznamu ve 30. letech 20. stolet\u00ed. Architekti z konce dvac\u00e1t\u00e9ho stolet\u00ed si z\u00edskali mezin\u00e1rodn\u00ed uzn\u00e1n\u00ed; hr\u00e1zd\u011bn\u00e1 jednac\u00ed s\u00ed\u0148 s\u00e1msk\u00e9ho parlamentu pobl\u00ed\u017e K\u00e1r\u00e1\u0161johky evokuje tradi\u010dn\u00ed lavvo.<\/p>\n<p>Kuchyn\u011b odr\u00e1\u017e\u00ed n\u00e1mo\u0159n\u00ed a zem\u011bd\u011blsk\u00e9 zdroje. Mo\u0159sk\u00e9 plody, jako je losos, sle\u010f, pstruh a treska, se zde objevuj\u00ed vedle s\u00fdr\u016f v\u010detn\u011b brunostu, jarlsbergu a gamalostu, ml\u00e9\u010dn\u00fdch v\u00fdrobk\u016f a hust\u00e9ho chleba. Mezi sez\u00f3nn\u00ed speciality pat\u0159\u00ed lefse, bramborov\u00e1 placka pod\u00e1van\u00e1 s m\u00e1slem a cukrem; konzervovan\u00e9 a fermentovan\u00e9 pokrmy, jako je lutefisk, smalahove, pinnekj\u00f8tt, raspeball, f\u00e5rik\u00e5l a rakefisk; a roz\u0161\u00ed\u0159en\u00fd vaffel.<\/p>\n<p>\u0160est pevninsk\u00fdch region\u016f Norska \u2013 \u00d8stlandet obklopuj\u00edc\u00ed Oslo, Tr\u00f8ndelag, severn\u00ed Norsko, Agder, z\u00e1padn\u00ed Norsko a vnitrozemsk\u00e9 hrabstv\u00ed \u2013 se vyzna\u010duje rozmanit\u00fdm ter\u00e9nem a kulturn\u00edmi tradicemi. Arktick\u00e9 prost\u0159ed\u00ed \u0160picberk je domovem ledn\u00edch medv\u011bd\u016f a satelitn\u00edch instalac\u00ed, zat\u00edmco Jan Mayen z\u016fst\u00e1v\u00e1 bez zvl\u00e1\u0161tn\u00edho povolen\u00ed z velk\u00e9 \u010d\u00e1sti nep\u0159\u00edstupn\u00fd.<\/p>\n<p>Od sv\u00e9ho sjednocen\u00ed v roce 872 si Norsko udr\u017euje nep\u0159etr\u017eitou st\u00e1tnost ji\u017e v\u00edce ne\u017e jeden\u00e1ct stolet\u00ed. Jeho kombinace konstitu\u010dn\u00ed monarchie, parlamentn\u00ed demokracie a komplexn\u00edho soci\u00e1ln\u00edho zabezpe\u010den\u00ed je z\u00e1kladem vysok\u00e9 \u017eivotn\u00ed \u00farovn\u011b, ekonomick\u00e9 odolnosti a politick\u00e9 stability. Bohat\u00e9 p\u0159\u00edrodn\u00ed zdroje, od ropn\u00fdch z\u00e1sob po vodn\u00ed energii a rybolov, podporuj\u00ed sm\u00ed\u0161enou ekonomiku a nejv\u011bt\u0161\u00ed sv\u011btov\u00fd st\u00e1tn\u00ed investi\u010dn\u00ed fond. Rozmanit\u00e9 klima a krajina p\u0159in\u00e1\u0161ej\u00ed velkou turistickou atraktivitu, od z\u00e1\u017eitk\u016f z p\u016flno\u010dn\u00edho slunce nad pol\u00e1rn\u00edm kruhem a\u017e po v\u00fdlety po fjordech v z\u00e1padn\u00edm Norsku. Trval\u00fd kulturn\u00ed otisk zem\u011bd\u011blsk\u00fdch tradic, liter\u00e1rn\u00edch a architektonick\u00fdch \u00fasp\u011bch\u016f a pulzuj\u00edc\u00edch m\u011bstsk\u00fdch center utv\u00e1\u0159\u00ed n\u00e1rodn\u00ed identitu formovanou geografi\u00ed, histori\u00ed a soci\u00e1ln\u00edm rovnost\u00e1\u0159stv\u00edm.<\/p>","protected":false},"excerpt":{"rendered":"<p>Norsko, form\u00e1ln\u011b zn\u00e1m\u00e9 jako Norsk\u00e9 kr\u00e1lovstv\u00ed, je seversk\u00fd n\u00e1rod nach\u00e1zej\u00edc\u00ed se v severn\u00ed Evrop\u011b na Skandin\u00e1vsk\u00e9m poloostrov\u011b s 5 576 660 obyvateli od roku 2024. Sou\u010d\u00e1st\u00ed Norsk\u00e9ho kr\u00e1lovstv\u00ed je tak\u00e9 izolovan\u00fd arktick\u00fd ostrov Jan Mayen a souostrov\u00ed Svalbard. Bouvet\u016fv ostrov v Subantarktid\u011b nen\u00ed sou\u010d\u00e1st\u00ed kr\u00e1lovstv\u00ed; Norsko si tak\u00e9 n\u00e1rokuje antarktick\u00e9 \u00fazem\u00ed Ostrov Petra I. a Zemi kr\u00e1lovny Maud. Oslo je hlavn\u00ed a z\u00e1rove\u0148 nejv\u011bt\u0161\u00ed m\u011bsto Norska.<\/p>","protected":false},"author":1,"featured_media":3041,"parent":24078,"menu_order":0,"comment_status":"closed","ping_status":"closed","template":"elementor_theme","meta":{"_eb_attr":"","footnotes":""},"class_list":["post-12252","page","type-page","status-publish","has-post-thumbnail"],"_links":{"self":[{"href":"https:\/\/travelshelper.com\/cs\/wp-json\/wp\/v2\/pages\/12252","targetHints":{"allow":["GET"]}}],"collection":[{"href":"https:\/\/travelshelper.com\/cs\/wp-json\/wp\/v2\/pages"}],"about":[{"href":"https:\/\/travelshelper.com\/cs\/wp-json\/wp\/v2\/types\/page"}],"author":[{"embeddable":true,"href":"https:\/\/travelshelper.com\/cs\/wp-json\/wp\/v2\/users\/1"}],"replies":[{"embeddable":true,"href":"https:\/\/travelshelper.com\/cs\/wp-json\/wp\/v2\/comments?post=12252"}],"version-history":[{"count":0,"href":"https:\/\/travelshelper.com\/cs\/wp-json\/wp\/v2\/pages\/12252\/revisions"}],"up":[{"embeddable":true,"href":"https:\/\/travelshelper.com\/cs\/wp-json\/wp\/v2\/pages\/24078"}],"wp:featuredmedia":[{"embeddable":true,"href":"https:\/\/travelshelper.com\/cs\/wp-json\/wp\/v2\/media\/3041"}],"wp:attachment":[{"href":"https:\/\/travelshelper.com\/cs\/wp-json\/wp\/v2\/media?parent=12252"}],"curies":[{"name":"wp","href":"https:\/\/api.w.org\/{rel}","templated":true}]}}