{"id":12128,"date":"2024-09-15T14:54:55","date_gmt":"2024-09-15T14:54:55","guid":{"rendered":"https:\/\/travelshelper.com\/staging\/?page_id=12128"},"modified":"2026-03-12T19:45:46","modified_gmt":"2026-03-12T19:45:46","slug":"braga","status":"publish","type":"page","link":"https:\/\/travelshelper.com\/cs\/destinations\/europe\/portugal\/braga\/","title":{"rendered":"Braga"},"content":{"rendered":"<p>Braga le\u017e\u00ed v srdci zelen\u00e9ho portugalsk\u00e9ho regionu Minho, m\u011bsto, jeho\u017e starobyl\u00e9 z\u00e1klady a modern\u00ed ambice se sb\u00edhaj\u00ed v rozmanit\u00e9 i komorn\u00ed krajin\u011b. S 201 583 obyvateli zaznamenan\u00fdmi v roce 2023 na plo\u0161e 183,40 kilometr\u016f \u010dtvere\u010dn\u00edch tvo\u0159\u00ed sedmou nejlidnat\u011bj\u0161\u00ed obec v Portugalsku. Jej\u00ed m\u011bstsk\u00e1 z\u00e1stavba se roz\u0161i\u0159uje od b\u0159eh\u016f \u0159eky C\u00e1vado a zahrnuje zvln\u011bn\u00e9 kopce, posv\u00e1tn\u00e1 m\u00edsta a stroje rozv\u00edjej\u00edc\u00edho se technologick\u00e9ho sektoru. Jako hlavn\u00ed m\u011bsto okresu Braga a rodov\u00e9 provincie Minho je m\u011bsto ji\u017e dlouho definov\u00e1no svou dvoj\u00ed rol\u00ed c\u00edrkevn\u00edho prim\u00e1tu a obchodn\u00ed k\u0159i\u017eovatky, ukotvuj\u00edc\u00ed \u0159\u00edmskou provincii Gallaecia a pozd\u011bji kr\u00e1lovstv\u00ed Sv\u00e9b\u016f, ne\u017e v 21. stolet\u00ed rozkvetlo jako centrum inovac\u00ed pod\u00e9l portugalsk\u00e9 Svatojakubsk\u00e9 cesty.<\/p>\n<p>Od okam\u017eiku, kdy \u010dlov\u011bk doraz\u00ed do Bragy, a\u0165 u\u017e region\u00e1ln\u00ed \u017eelezni\u010dn\u00ed trat\u00ed vedouc\u00ed na sever z Porta, nebo klikatou silni\u010dn\u00ed s\u00edt\u00ed, kter\u00e1 sleduje obrysy poho\u0159\u00ed Serra dos Carvalhos a Serra dos Picos, je topografick\u00e1 rozmanitost m\u011bsta patrn\u00e1. Na severu obec obklopuje polorovinn\u00e1 z\u00e1plavov\u00e1 oblast C\u00e1vado, jej\u00ed\u017e \u0161irok\u00fd tok odr\u00e1\u017e\u00ed rann\u00ed mlhy pod oblohou ovlivn\u011bnou Atlantikem. Na v\u00fdchod\u011b ter\u00e9n prudce stoup\u00e1, poset\u00fd borovicemi a duby na svaz\u00edch, kter\u00e9 stoupaj\u00ed k 479 metr\u016f vysok\u00e9mu vrcholu Serra do Carvalho a k dvojit\u00fdm vrchol\u016fm Monte do Sameiro (572 metr\u016f) a Monte de Santa Marta (562 metr\u016f). Mezi t\u011bmito v\u00fd\u0161kami \u0159eka Este vy\u0159ez\u00e1v\u00e1 \u00fadol\u00ed Vale d&#039;Este, ke kter\u00e9mu se po proudu p\u0159ipojuj\u00ed \u0159eky Veiga a Labriosca, kter\u00e9 sestupuj\u00ed do \u0161ir\u0161\u00ed p\u00e1nve C\u00e1vado. Takov\u00e1 fyziografick\u00e1 bohatost, sahaj\u00edc\u00ed od 20 metr\u016f nad mo\u0159em v \u0159\u00ed\u010dn\u00edch \u00fadol\u00edch a\u017e po vrcholy bl\u00ed\u017e\u00edc\u00ed se 570 metr\u016fm, utv\u00e1\u0159\u00ed jak obd\u011bl\u00e1van\u00e1 pole na okraji Bragy, tak i rann\u00ed vzduch, kter\u00fd se up\u00edn\u00e1 na st\u0159edov\u011bk\u00fd k\u00e1men.<\/p>\n<p>Sez\u00f3nnost je zde v\u00fdrazn\u00e1, ale m\u00edrn\u00e1. Vliv oce\u00e1nu zm\u00edr\u0148uje extr\u00e9my a vede vlhk\u00e9 z\u00e1padn\u00ed v\u011btry \u00fadol\u00edmi, tak\u017ee relativn\u00ed vlhkost vzduchu za \u00fasvitu se celoro\u010dn\u011b pohybuje kolem 80 procent. Letn\u00ed dny mohou vystoupat a\u017e na absolutn\u00ed maximum 42,2 \u00b0C, zat\u00edmco zimn\u00ed noci klesaj\u00ed na -7 \u00b0C, p\u0159esto se mrazy vyskytuj\u00ed m\u00e9n\u011b ne\u017e t\u0159icet dn\u00ed v roce a sr\u00e1\u017eky \u2013 celkem t\u00e9m\u011b\u0159 1 450 milimetr\u016f \u2013 jsou rozlo\u017eeny p\u0159edev\u0161\u00edm na podzim, v zim\u011b a na ja\u0159e. Tyto klimatick\u00e9 rytmy jsou z\u00e1kladem jak vini\u010dn\u00edch teras na svaz\u00edch nad m\u011bstem, tak i zimn\u00edho tich\u00e9ho obrazu p\u00e1ry stoupaj\u00edc\u00ed z ta\u0161kov\u00fdch st\u0159ech katedr\u00e1ly S\u00e9.<\/p>\n<p>Braga se sv\u00fdm jm\u00e9nem \u201em\u011bsto arcibiskup\u016f\u201c proslavila n\u00e1bo\u017eensk\u00fdm d\u011bdictv\u00edm, kter\u00e9 jinde v Portugalsku nem\u00e1 obdoby. Od sv\u00e9ho zalo\u017een\u00ed jako Bracara Augusta za c\u00edsa\u0159e Augusta byla osada pl\u00e1nov\u00e1na jako hlavn\u00ed m\u011bsto Gallaecie. Jej\u00ed f\u00f3rum a l\u00e1zn\u011b \u2013 nap\u0159\u00edklad \u0159\u00edmsk\u00e9 termy Maximinos \u2013 sv\u011bd\u010dily o m\u011bstsk\u00e9m \u017eivot\u011b v prvn\u00edm a\u017e t\u0159et\u00edm stolet\u00ed na\u0161eho letopo\u010dtu. Bra\u017esk\u00e1 arcidiec\u00e9ze, kter\u00e1 je pova\u017eov\u00e1na za nejstar\u0161\u00ed v zemi, je s\u00eddlem prim\u00e1tu \u0160pan\u011blska, co\u017e sv\u011bd\u010d\u00ed o jej\u00edm p\u0159eva\u017en\u00e9m postaven\u00ed v ot\u00e1zk\u00e1ch v\u00edry. Samotn\u00e1 katedr\u00e1la v Braze, jej\u00ed\u017e z\u010dernal\u00e1 \u017eulov\u00e1 fas\u00e1da kontrastuje s propracovan\u00fdmi barokn\u00edmi detaily interi\u00e9ru, se od sv\u00e9ho rom\u00e1nsk\u00e9ho vzniku konala nespo\u010detn\u00e1 proces\u00ed, koncil\u016f a ob\u0159ad\u016f. Nedaleko se pod\u00e9l starov\u011bk\u00e9 Via Romana XVIII nach\u00e1z\u00ed \u0159\u00edmsk\u00fd miln\u00edk XXIX, kter\u00fd ozna\u010duje c\u00edsa\u0159skou cestu do Asturice Augusty a p\u0159ipom\u00edn\u00e1 dobu, kdy se cel\u00e1 Hisp\u00e1nie sb\u00edhala na t\u00e9to \u0159\u00ed\u010dn\u00ed k\u0159i\u017eovatce.<\/p>\n<p>Ve st\u0159edov\u011bku se c\u00edrkevn\u00ed v\u011b\u017e moci v Braze roz\u0161\u00ed\u0159ila nad r\u00e1mec n\u00e1bo\u017eensk\u00fdch funkc\u00ed. V p\u00e1t\u00e9m stolet\u00ed se m\u011bsto stalo hlavn\u00edm m\u011bstem Sv\u00e9bsk\u00e9ho kr\u00e1lovstv\u00ed, jedn\u00e9 z prvn\u00edch n\u00e1stupnick\u00fdch \u0159\u00ed\u0161\u00ed, kter\u00e9 uvolnily \u0159\u00edmsk\u00fd vliv na Iberie. Zb\u00fdvaj\u00edc\u00ed v\u011b\u017e hradu Braga \u2013 postaven\u00e1 za vl\u00e1dy kr\u00e1le Denise a kdysi sou\u010d\u00e1st obrann\u00e9ho opevn\u011bn\u00ed kolem katedr\u00e1ln\u00edho okrsku \u2013 slou\u017e\u00ed jako tich\u00e1 str\u00e1\u017e t\u011bchto vrstevnat\u00fdch suverenit. Hned za jej\u00edm st\u00ednem r\u00e1muje z\u00e1padn\u00ed vstup do star\u00e9ho m\u011bsta Oblouk Porta Nova, navr\u017een\u00fd Andr\u00e9 Soaresem na konci osmn\u00e1ct\u00e9ho stolet\u00ed. Tento barokn\u00ed a neoklasicistn\u00ed v\u00edt\u011bzn\u00fd oblouk, otev\u0159en\u00fd v roce 1512, kdysi v\u00edtal hodnost\u00e1\u0159e a nyn\u00ed dominuje ulici Rua de Souto, kde se kav\u00e1rny rozl\u00e9vaj\u00ed do dne a pod jeho \u00faheln\u00fdmi kameny se odehr\u00e1v\u00e1 m\u00edstn\u00ed \u017eivot.<\/p>\n<p>St\u0159edov\u011bk\u00e1 a ran\u011b novov\u011bk\u00e1 vitalita m\u011bsta je zachov\u00e1na v souhv\u011bzd\u00ed n\u00e1bo\u017eensk\u00fdch a ob\u010dansk\u00fdch pam\u00e1tek. Kaple S\u00e3o Frutuoso z Mont\u00e9lios, vizig\u00f3tsk\u00e1 stavba ze 7. stolet\u00ed ve tvaru \u0159eck\u00e9ho k\u0159\u00ed\u017ee, pat\u0159\u00ed k nejstar\u0161\u00edm k\u0159es\u0165ansk\u00fdm stavb\u00e1m na poloostrov\u011b. Kl\u00e1\u0161ter Tib\u00e3es, p\u0159estav\u011bn\u00fd v 17. a 18. stolet\u00ed, osl\u0148uje zlacen\u00fdmi olt\u00e1\u0159n\u00edmi obrazy a pe\u010dliv\u011b vy\u0159ez\u00e1van\u00fdmi d\u0159ev\u011bn\u00fdmi prvky a p\u0159ipom\u00edn\u00e1 okam\u017eik, kdy benediktinsk\u00fd mni\u0161sk\u00fd syst\u00e9m formoval jak m\u00edstn\u00ed kulturu, tak i \u0161ir\u0161\u00ed dosah c\u00edrkve. Pal\u00e1c Raio s modrou azulejo fas\u00e1dou Andr\u00e9 Soarese a nemocnice S\u00e3o Marcos, kterou navrhl Carlos Amarante, sv\u011bd\u010d\u00ed o barokn\u00ed renesanci Bragy v 18. stolet\u00ed, obdob\u00ed, kter\u00e9 m\u011bstu tak\u00e9 zanechalo Font\u00e1nu Idol \u2013 svatyni domorod\u00e9ho bo\u017estva z 1. stolet\u00ed \u2013 a ikonick\u00fd akvadukt Sedmi pramen\u016f, jeho\u017e klenut\u00e9 oblouky kdysi p\u0159iv\u00e1d\u011bly prameny bohat\u00e9 na \u017eelezo z Frai\u00e3o do centra m\u011bsta.<\/p>\n<p>Navzdory z\u00e1va\u017enosti sv\u00fdch staro\u017eitnost\u00ed Braga p\u0159ijala p\u0159\u00edle\u017eitosti 21. stolet\u00ed s pozoruhodn\u00fdm podnikatelsk\u00fdm el\u00e1nem. Mezin\u00e1rodn\u00ed ibersk\u00e1 nanotechnologick\u00e1 laborato\u0159, zalo\u017een\u00e1 spole\u010dn\u011b portugalskou a \u0161pan\u011blskou vl\u00e1dou, ukotvuje v\u00fdzkumn\u00fd koridor na okraji m\u011bsta, zat\u00edmco PRIMAVERA BSS, zrozen\u00e1 v Braze a nyn\u00ed nadn\u00e1rodn\u00ed dodavatel softwaru pro \u0159\u00edzen\u00ed podnikov\u00fdch projekt\u016f, poh\u00e1n\u00ed digit\u00e1ln\u00ed ekonomiku vp\u0159ed. I automobilov\u00fd sektor zde nach\u00e1z\u00ed sv\u00e9 uplatn\u011bn\u00ed: technick\u00e9 centrum spole\u010dnosti Aptiv navrhuje infotainmentov\u00e9 syst\u00e9my v b\u00fdval\u00fdch budov\u00e1ch Grundig, vedle kampusu senzor\u016f a elektroniky spole\u010dnosti Bosch, kter\u00fd vzkv\u00e9tal po zah\u00e1jen\u00ed partnerstv\u00ed s Univerzitou Minho v roce 2012. Samotn\u00e1 univerzita \u2013 jej\u00ed kampusy protkan\u00e9 centrem m\u011bsta, parkem Braga a kampusem Gualtar \u2013 slou\u017e\u00ed jako katalyz\u00e1tor, inkub\u00e1tor a soci\u00e1ln\u00ed centrum, s bary a studentsky p\u0159\u00edv\u011btiv\u00fdmi restauracemi, kter\u00e9 o\u017eivuj\u00ed \u010dtvrti a vyvol\u00e1vaj\u00ed m\u00edstn\u00ed srovn\u00e1n\u00ed se Silicon Valley. V roce 2018 m\u011bsto hostilo n\u011bmeckou kancl\u00e9\u0159ku Angelu Merkelovou a portugalsk\u00e9ho premi\u00e9ra Ant\u00f3nia Costu na slavnostn\u00edm otev\u0159en\u00ed nov\u00e9ho technologick\u00e9ho kampusu, co\u017e zd\u016fraznilo roli Bragy jako\u017eto \u00fast\u0159edn\u00edho bodu evropsk\u00e9ho v\u00fdzkumu a v\u00fdvoje.<\/p>\n<p>Dopravn\u00ed infrastruktura se rozv\u00edjela v souladu s t\u011bmito ambicemi. Skromn\u00e9 \u200b\u200bleti\u0161t\u011b v Palmei\u0159e pojme lehk\u00e1 letadla, ale pro mezin\u00e1rodn\u00ed dopravu se obyvatel\u00e9 spol\u00e9haj\u00ed na leti\u0161t\u011b S\u00e1 Carneiro v Portu, kter\u00e9 se nach\u00e1z\u00ed asi pades\u00e1t kilometr\u016f jihoz\u00e1padn\u011b a je dostupn\u00e9 vysokorychlostn\u00ed \u017eeleznic\u00ed nebo aerobusem, kter\u00fd projede m\u011bstsk\u00fdm koridorem za m\u00e9n\u011b ne\u017e hodinu. V samotn\u00e9 Braze provozuje autobusov\u00e1 s\u00ed\u0165 TUB sedmdes\u00e1t \u0161est linek o d\u00e9lce p\u0159es t\u0159i sta kilometr\u016f, kter\u00e9 propojuj\u00ed historick\u00e9 farnosti, pr\u016fmyslov\u00e9 parky a p\u0159\u00edm\u011bstsk\u00e9 ubytovny. Region\u00e1ln\u00ed a mezim\u011bstsk\u00e9 vlaky spojuj\u00ed Lisabon, Coimbru a dal\u0161\u00ed oblasti, co\u017e zaji\u0161\u0165uje, \u017ee puls Bragy z\u016fst\u00e1v\u00e1 synchronn\u00ed s hlavn\u00edm m\u011bstem a pob\u0159e\u017en\u00edmi metropolemi.<\/p>\n<p>Kulturn\u00ed kalend\u00e1\u0159 Bragy vyva\u017euje v\u011bdeck\u00e9 b\u00e1d\u00e1n\u00ed s lidov\u00fdmi slavnostmi. Ka\u017ed\u00fd kv\u011bten nebo \u010derven prom\u011bn\u00ed festival Bracara Augusta centrum m\u011bsta v \u017eiv\u00e9 obrazy \u0159\u00edmsk\u00e9ho \u017eivota: ob\u010dan\u00e9 si obl\u00e9kaj\u00ed tuniky a sand\u00e1ly, rekonstruktori se shlukuj\u00ed po n\u00e1m\u011bst\u00ed Pra\u00e7a da Rep\u00fablica a vzduchem se line v\u016fn\u011b pe\u010den\u00e9ho kance, zat\u00edmco \u0159emesln\u00edci p\u0159edv\u00e1d\u011bj\u00ed kovov\u00fdrobu a mozaiky. A\u010dkoli dne\u0161n\u00ed n\u00e1v\u0161t\u011bvn\u00edci sahaj\u00ed sv\u016fj p\u016fvod o dv\u011b tis\u00edcilet\u00ed zp\u011bt, festival je sp\u00ed\u0161e symbolem \u017eiv\u00e9ho d\u011bdictv\u00ed ne\u017e statick\u00e9 v\u00fdstavy \u2013 m\u011bsta, kter\u00e9 si uv\u011bdomuje svou minulost, i kdy\u017e si vytv\u00e1\u0159\u00ed nov\u00e9 p\u0159\u00edb\u011bhy.<\/p>\n<p>Um\u011bleck\u00e9 d\u011bdictv\u00ed, kter\u00e9 braga nab\u00edz\u00ed, odr\u00e1\u017e\u00ed eklekticismus jej\u00edch ulic. Muzeum Biscainhos s\u00eddl\u00ed ve stejnojmenn\u00e9m pal\u00e1ci ze sedmn\u00e1ct\u00e9ho stolet\u00ed a v m\u00edstnostech, jejich\u017e \u0161tukov\u00e9 stropy z\u016fstaly neporu\u0161en\u00e9, p\u0159edstavuje porcel\u00e1n, n\u00e1bytek a skl\u00e1\u0159sk\u00e9 v\u00fdrobky. V bl\u00edzkosti Arco da Porta Nova se nach\u00e1z\u00ed Muzeum obrazu, kter\u00e9 kur\u00e1toruje fotografickou historii severn\u00edho Portugalska, zat\u00edmco Muzeum Medina vystavuje osmdes\u00e1t t\u0159i olejomaleb a dvacet jedna kreseb Henriqua Mediny. Archeologick\u00e9 n\u00e1lezy z regionu \u2013 \u0159\u00edmsk\u00e9 miln\u00edky, paleolitick\u00e9 n\u00e1stroje a luzo-\u0159\u00edmsk\u00e1 keramika \u2013 nach\u00e1zej\u00ed sv\u016fj domov v Muzeu Dom Diogo de Sousa, jeho\u017e expon\u00e1ty inspirovan\u00e9 vykop\u00e1vkami sleduj\u00ed lidsk\u00e9 os\u00eddlen\u00ed od paleolitu a\u017e po st\u0159edov\u011bk. Muzeum poklad\u016f katedr\u00e1ly S\u00e9 chr\u00e1n\u00ed liturgick\u00e9 st\u0159\u00edbro, reli\u00e9fy z azulejo a relikvi\u00e1\u0159e, kter\u00e9 byly kdysi roztrou\u0161eny po m\u011bstsk\u00fdch kl\u00e1\u0161terech, zat\u00edmco Muzeum strunn\u00fdch n\u00e1stroj\u016f oslavuje portugalsk\u00e9 luti\u00e9ry s cavaquinho, kytarami a banji sahaj\u00edc\u00edmi a\u017e do st\u0159edov\u011bku.<\/p>\n<p>Sakr\u00e1ln\u00ed architektura z\u016fst\u00e1v\u00e1 hlavn\u00edm st\u0159edem z\u00e1jmu mnoha n\u00e1v\u0161t\u011bvn\u00edk\u016f, a to z dobr\u00e9ho d\u016fvodu. Poutn\u00ed komplex Bom Jesus do Monte, zapsan\u00fd na seznam sv\u011btov\u00e9ho d\u011bdictv\u00ed v \u010dervenci 2019, se ty\u010d\u00ed na zalesn\u011bn\u00e9m svahu nad m\u011bstem. Jeho barokn\u00ed schodi\u0161t\u011b, prokl\u00e1dan\u00e9 font\u00e1nami zobrazuj\u00edc\u00edmi k\u0159\u00ed\u017eovou cestu, vede k neoklasicistn\u00edmu kostelu, jeho\u017e portikus nab\u00edz\u00ed panoramatick\u00fd v\u00fdhled na ta\u0161kov\u00e9 st\u0159echy a vzd\u00e1len\u00e9 vinice. Lanovka \u2013 nejstar\u0161\u00ed vodn\u00ed lanovka na Pyrenejsk\u00e9m poloostrov\u011b \u2013 veze poutn\u00edky i turisty do kopce a zachov\u00e1v\u00e1 tak tradici i pocit v\u00fdstupu. Na sousedn\u00edm vrcholu vrh\u00e1 proti obloze klasicistn\u00ed siluetu svatyn\u011b Nossa Senhora do Sameiro, jej\u00ed\u017e kupole a kolon\u00e1da z devaten\u00e1ct\u00e9ho stolet\u00ed jsou zasv\u011bceny mari\u00e1nsk\u00e9 \u00fact\u011b. Dokonce i vedlej\u0161\u00ed svatyn\u011b u cesty \u2013 jako nap\u0159\u00edklad Alminhas ze S\u00e3o Br\u00e1s ve Ferreiros \u2013 posiluj\u00ed obrys v\u00edry vyryt\u00fd do ka\u017ed\u00e9ho pole a vedlej\u0161\u00ed cesty.<\/p>\n<p>Uprost\u0159ed t\u011bchto pam\u00e1tek se nenucen\u011b odv\u00edj\u00ed ka\u017edodenn\u00ed \u017eivot. Brzy r\u00e1no se na trhu pod\u00e9l Rua do Souto shroma\u017e\u010fuj\u00ed p\u011bstitel\u00e9 z Amares a vnitrozem\u00ed Bragy, pln\u00edc\u00ed se zel\u00edm, kuku\u0159i\u010dn\u00fdmi stonky a charakteristick\u00fdmi zelen\u00fdmi hrozny odr\u016fdy Minho. Studenti Univerzity Minho posed\u00e1vaj\u00ed u espressa v kav\u00e1rn\u00e1ch pod pozlacen\u00fdmi barokn\u00edmi balkony. Rodiny se za soumraku proch\u00e1zej\u00ed pod\u00e9l b\u0159eh\u016f \u0159eky C\u00e1vado, kde se v proudu \u0159eky odr\u00e1\u017eej\u00ed osv\u011btlen\u00e9 stromy. Na ja\u0159e se \u010dtvrt\u00ed S\u00e9 line v\u016fn\u011b kv\u011bt\u016f jacarandy a na podzim svahy na v\u00fdchod\u011b z\u00e1\u0159\u00ed zlatem a karm\u00ednem ka\u0161tanov\u00fdch h\u00e1j\u016f.<\/p>\n<p>Braga, zast\u00e1vka na portugalsk\u00e9 Svatojakubsk\u00e9 cest\u011b, p\u0159ij\u00edm\u00e1 st\u00e1l\u00fd proud poutn\u00edk\u016f, kte\u0159\u00ed p\u0159ij\u00ed\u017ed\u011bj\u00ed p\u011b\u0161ky nebo na kole z Porta, a jejich symboly v podob\u011b lastur se t\u0159pyt\u00ed ve slune\u010dn\u00edm sv\u011btle. M\u011bsto nab\u00edz\u00ed \u00fato\u010di\u0161t\u011b v albergues a butikov\u00fdch hotelech v zrekonstruovan\u00fdch kl\u00e1\u0161terech. Tito n\u00e1v\u0161t\u011bvn\u00edci v\u0161ak naraz\u00ed na v\u00edce ne\u017e jen na klidn\u00e9 ubytov\u00e1n\u00ed: nach\u00e1zej\u00ed m\u011bsto, kter\u00e9 m\u011b\u0159\u00ed \u010das nejen podle dn\u016f svat\u00fdch a liturgick\u00fdch sv\u00e1tk\u016f, ale tak\u00e9 podle rytmu v\u00fdzkumn\u00fdch semin\u00e1\u0159\u016f v Mezin\u00e1rodn\u00ed ibersk\u00e9 nanotechnologick\u00e9 laborato\u0159i, zahajovac\u00edch akc\u00ed v s\u00eddle Primavera a studentsk\u00fdch festival\u016f, kter\u00e9 ka\u017ed\u00fd kv\u011bten o\u017eivuj\u00ed are\u00e1l kampusu.<\/p>\n<p>Braga m\u00e1 pravd\u011bpodobn\u011b svou v\u0161estrannost, kter\u00e1 je jej\u00edm nejv\u011bt\u0161\u00edm odkazem. Z\u016fst\u00e1v\u00e1 m\u011bstem rann\u00edch m\u0161\u00ed a univerzitn\u00edch p\u0159edn\u00e1\u0161ek, \u0159\u00edmsk\u00fdch kamen\u016f a sou\u010dasn\u00fdch laborato\u0159\u00ed z oceli a skla, poutn\u00edch proces\u00ed a k\u00f3dovac\u00edch hackathon\u016f. Jej\u00ed krajina, od zvln\u011bn\u00fdch pol\u00ed Vale d&#039;Este a\u017e po vzne\u0161en\u00e9 vyhl\u00eddky Monte do Sameiro, utv\u00e1\u0159\u00ed pocit m\u00edsta z\u00e1rove\u0148 zvln\u011bn\u00e9ho i p\u0159esn\u00e9ho. Vrstvy historie \u2013 p\u0159ed\u0159\u00edmsk\u00e1, \u0159\u00edmsk\u00e1, sv\u00e9bsk\u00e1, st\u0159edov\u011bk\u00e1, barokn\u00ed, modern\u00ed \u2013 se p\u0159ekr\u00fdvaj\u00ed jako ve velk\u00e9m stratigrafick\u00e9m sloupci, p\u0159esto je o\u017eivuj\u00ed uli\u010dn\u00ed krajiny, kde \u0159emesln\u00e9 pek\u00e1rny stoj\u00ed vedle softwarov\u00fdch inkub\u00e1tor\u016f.<\/p>\n<p>Ve sv\u00e9m trval\u00e9m dialogu mezi pam\u011bt\u00ed a inovac\u00ed je Braga p\u0159\u00edkladem bohatstv\u00ed portugalsk\u00e9ho severu: krajiny, kde se v\u00edra snoub\u00ed s u\u010denost\u00ed, kde minulost formuje budoucnost, ani\u017e by omezovala jej\u00ed mo\u017enosti. Kdy\u017e slunce zapad\u00e1 nad ta\u0161kov\u00e9 st\u0159echy a hukot ne\u0161por se line p\u0159es n\u00e1m\u011bst\u00ed, \u010dlov\u011bk si uv\u011bdom\u00ed, \u017ee Braga je v\u00edc ne\u017e jen soubor pam\u00e1tek a pr\u016fmyslov\u00fdch odv\u011btv\u00ed. Je sv\u011bdectv\u00edm lidsk\u00e9 kontinuity, v\u00fdzvou k zamy\u0161len\u00ed nad t\u00edm, jak by m\u011bsto mohlo p\u011bstovat jak sv\u00e9 ko\u0159eny, tak i sv\u00e9 aspirace ve stejn\u00e9 m\u00ed\u0159e \u2013 trval\u00fd rozhovor mezi kamenem a duchem.<\/p>","protected":false},"excerpt":{"rendered":"<p>Braga, kter\u00e1 se nach\u00e1z\u00ed v severoz\u00e1padn\u00edm Portugalsku, slou\u017e\u00ed jako hlavn\u00ed m\u011bsto okresu Braga a historick\u00e9 provincie Minho. S 201 583 obyvateli od roku 2023 je to dev\u00e1t\u00e1 nejv\u011bt\u0161\u00ed obec v Portugalsku podle po\u010dtu obyvatel. M\u011bstsk\u00e1 aglomerace Braga, t\u0159et\u00ed nejlidnat\u011bj\u0161\u00ed m\u011bstsk\u00e1 oblast v Portugalsku, pokr\u00fdv\u00e1 183,40 kilometr\u016f \u010dtvere\u010dn\u00edch a po m\u011bstech Lisabon a Porto zasahuje \u0159eku C\u00e1vado.<\/p>","protected":false},"author":1,"featured_media":4534,"parent":12065,"menu_order":0,"comment_status":"closed","ping_status":"closed","template":"elementor_theme","meta":{"_eb_attr":"","footnotes":""},"class_list":["post-12128","page","type-page","status-publish","has-post-thumbnail"],"_links":{"self":[{"href":"https:\/\/travelshelper.com\/cs\/wp-json\/wp\/v2\/pages\/12128","targetHints":{"allow":["GET"]}}],"collection":[{"href":"https:\/\/travelshelper.com\/cs\/wp-json\/wp\/v2\/pages"}],"about":[{"href":"https:\/\/travelshelper.com\/cs\/wp-json\/wp\/v2\/types\/page"}],"author":[{"embeddable":true,"href":"https:\/\/travelshelper.com\/cs\/wp-json\/wp\/v2\/users\/1"}],"replies":[{"embeddable":true,"href":"https:\/\/travelshelper.com\/cs\/wp-json\/wp\/v2\/comments?post=12128"}],"version-history":[{"count":0,"href":"https:\/\/travelshelper.com\/cs\/wp-json\/wp\/v2\/pages\/12128\/revisions"}],"up":[{"embeddable":true,"href":"https:\/\/travelshelper.com\/cs\/wp-json\/wp\/v2\/pages\/12065"}],"wp:featuredmedia":[{"embeddable":true,"href":"https:\/\/travelshelper.com\/cs\/wp-json\/wp\/v2\/media\/4534"}],"wp:attachment":[{"href":"https:\/\/travelshelper.com\/cs\/wp-json\/wp\/v2\/media?parent=12128"}],"curies":[{"name":"wp","href":"https:\/\/api.w.org\/{rel}","templated":true}]}}