{"id":12087,"date":"2024-09-15T14:06:03","date_gmt":"2024-09-15T14:06:03","guid":{"rendered":"https:\/\/travelshelper.com\/staging\/?page_id=12087"},"modified":"2026-03-12T19:43:17","modified_gmt":"2026-03-12T19:43:17","slug":"porto","status":"publish","type":"page","link":"https:\/\/travelshelper.com\/cs\/destinations\/europe\/portugal\/porto\/","title":{"rendered":"Porto"},"content":{"rendered":"<p>Porto se prezentuje jako m\u011bsto trval\u00fdch kontrast\u016f a um\u00edrn\u011bn\u00e9 vitality, kde se starov\u011bk\u00e9 ko\u0159eny sb\u00edhaj\u00ed se sou\u010dasn\u00fdmi ambicemi pod\u00e9l \u00fast\u00ed \u0159eky Douro v severn\u00edm Portugalsku. Skromn\u00e9 \u200b\u200bPorto, kter\u00e9 se rozkl\u00e1d\u00e1 na p\u0159esn\u011b 41,42 kilometrech \u010dtvere\u010dn\u00edch a ob\u00fdv\u00e1 ho p\u0159ibli\u017en\u011b 248 769 obyvatel, skr\u00fdv\u00e1 metropolitn\u00ed rozlohu 2 395 kilometr\u016f \u010dtvere\u010dn\u00edch, kde \u017eije p\u0159ibli\u017en\u011b 1 319 151 lid\u00ed. Porto, le\u017e\u00edc\u00ed 280 kilometr\u016f severn\u011b od Lisabonu a zdob\u00edc\u00ed pob\u0159e\u017e\u00ed Atlantiku na z\u00e1pad\u011b, v sob\u011b spojuje historick\u00e9 j\u00e1dro, kter\u00e9 je zaps\u00e1no na seznamu sv\u011btov\u00e9ho d\u011bdictv\u00ed UNESCO, s glob\u00e1ln\u00edm statusem m\u011bsta Gamma+ od Globalization and World Cities Research Network.<\/p>\n<p>Vzpom\u00ednka na nejstar\u0161\u00ed os\u00eddlen\u00ed Porta p\u0159etrv\u00e1v\u00e1 v jeho n\u00e1zvu. Z keltsko-latiny se m\u011bsto vyvinulo ve druh\u00e9m stolet\u00ed p\u0159. n. l. jako \u0159\u00edmsk\u00e1 z\u00e1kladna. B\u011bhem stalet\u00ed se toto ozna\u010den\u00ed prom\u011bnilo v \u201ePortugalsko\u201c, p\u0159esto si samotn\u00e9 Porto zachovalo identitu formovanou n\u00e1mo\u0159n\u00edm podnik\u00e1n\u00edm a kulturn\u00ed v\u00fdm\u011bnou. Jeho historick\u00e9 centrum, kter\u00e9 bylo v roce 1996 prohl\u00e1\u0161eno za sv\u011btov\u00e9 d\u011bdictv\u00ed UNESCO, zahrnuje most Lu\u00edse I. a kl\u00e1\u0161ter Serra do Pilar, p\u0159ipom\u00ednaj\u00edc\u00ed st\u0159edov\u011bk\u00e9 hradby, rom\u00e1nsk\u00e9 kaple a gotick\u00e9 klenby. Tyto kamenn\u00e9 poz\u016fstatky se dochovaly vedle barokn\u00edch zlacen\u00fdch interi\u00e9r\u016f \u2013 kostela svat\u00e9ho Franti\u0161ka a Santa Clary s propracovan\u00fdmi \u0159ezbami \u2013 a neoklasicistn\u00edch ozdob v Burzovn\u00edm pal\u00e1ci a na vlakov\u00e9m n\u00e1dra\u017e\u00ed S\u00e3o Bento, zdoben\u00fdch ru\u010dn\u011b malovan\u00fdmi dla\u017edicemi azulejo.<\/p>\n<p>Portsk\u00e9 v\u00edno, nejslavn\u011bj\u0161\u00ed exportn\u00ed artikl m\u011bsta, odr\u00e1\u017e\u00ed symbi\u00f3zu mezi Portem a \u00fadol\u00edm Horn\u00edho Douro. Z amfite\u00e1trov\u00fdch svah\u016f Vila Nova de Gaia na druh\u00e9 stran\u011b \u0159eky se sudy s fortifikovan\u00fdm v\u00ednem p\u0159epravovaly na vzd\u00e1len\u00e9 trhy, \u010d\u00edm\u017e se v\u00ednu prop\u016fj\u010dovala mezin\u00e1rodn\u00ed proslulost. Procesy balen\u00ed, p\u0159epravy a certifikace fortifikovan\u00fdch v\u00edn prob\u00edhaj\u00ed v instituc\u00edch, jako je Institut portsk\u00e9ho v\u00edna a Muzeum v\u00edna Porto, kde mohou n\u00e1v\u0161t\u011bvn\u00edci sledovat v\u00fdvoj hrozn\u016f k lahvov\u00e1n\u00ed prost\u0159ednictv\u00edm komentovan\u00fdch degustac\u00ed. V posledn\u00edch letech si Porto v roce 2023 vyslou\u017eilo uzn\u00e1n\u00ed jako M\u011bsto roku \u010dasopisu Food and Travel a v roce 2024 jako P\u0159edn\u00ed p\u0159\u00edmo\u0159sk\u00e1 metropolitn\u00ed destinace v r\u00e1mci World Travel Awards, \u010d\u00edm\u017e potvrdilo sv\u00e9 postaven\u00ed mezi evropsk\u00fdmi m\u011bstsk\u00fdmi destinacemi.<\/p>\n<p>Architektonick\u00e1 rozmanitost o\u017eivuje ulice Porta. Katedr\u00e1la a kostel Cedofeita p\u0159edstavuj\u00ed poz\u016fstatky ran\u00e9ho rom\u00e1nsk\u00e9ho slohu, zat\u00edmco fas\u00e1dy dom\u016f z 15. stolet\u00ed a zbytky m\u011bstsk\u00fdch hradeb evokuj\u00ed st\u0159edov\u011bkou \u00e9ru Portugalska. Barokn\u00ed kostely Miseric\u00f3rdia a Cl\u00e9rigos a Episkop\u00e1ln\u00ed pal\u00e1c sv\u011bd\u010d\u00ed o opulentnosti 17. a 18. stolet\u00ed, jejich\u017e interi\u00e9ry se t\u0159pyt\u00ed zlat\u00fdmi listy. Roz\u0161\u00ed\u0159en\u00ed v 19. stolet\u00ed p\u0159ineslo romantick\u00e9 a neoklasicistn\u00ed formy, jejich\u017e p\u0159\u00edkladem jsou grandi\u00f3zn\u00ed m\u011bstsk\u00e9 budovy na Avenida dos Aliados, Nemocnice svat\u00e9ho Anton\u00edna a zahrady K\u0159i\u0161\u0165\u00e1lov\u00e9ho pal\u00e1ce. Arabsk\u00fd s\u00e1l v Pal\u00e1cio da Bolsa z\u016fst\u00e1v\u00e1 architektonick\u00fdm vrcholem a l\u00e1k\u00e1 n\u00e1v\u0161t\u011bvn\u00edky s pr\u016fvodcem, kte\u0159\u00ed tou\u017e\u00ed po jeho v\u00fdzdob\u011b v maursk\u00e9m stylu.<\/p>\n<p>Klima Porta ho stav\u00ed na meteorologickou k\u0159i\u017eovatku mezi st\u0159edomo\u0159sk\u00fdm teplem a atlantskou vlhkost\u00ed. L\u00e9ta jsou obvykle such\u00e1 a slune\u010dn\u00e1, s pr\u016fm\u011brn\u00fdmi maximy 26 \u00b0C a ob\u010dasn\u00fdmi vrcholy bl\u00ed\u017e\u00edc\u00edmi se 38 \u00b0C, zm\u00edrn\u011bn\u00fdmi n\u00edzkou vlhkost\u00ed a oce\u00e1nsk\u00fdm v\u00e1nkem pod\u00e9l pob\u0159e\u017e\u00ed Foz do Douro. Neo\u010dek\u00e1van\u00e9 letn\u00ed p\u0159eh\u00e1\u0148ky v\u0161ak mohou odpoledne ochladit a\u017e na 20 \u00b0C. Zimy p\u0159in\u00e1\u0161ej\u00ed \u010dast\u00e9 de\u0161t\u011b a m\u00edrn\u00e9 teploty, kter\u00e9 z\u0159\u00eddka klesaj\u00ed pod bod mrazu, s denn\u00edmi minimy kolem 6 \u00b0C a denn\u00edmi pr\u016fm\u011bry 15 \u00b0C. Pr\u016fm\u011brn\u00e9 ro\u010dn\u00ed sr\u00e1\u017eky ve m\u011bst\u011b se \u0159ad\u00ed k nejvy\u0161\u0161\u00edm v Evrop\u011b ve velk\u00fdch m\u011bstsk\u00fdch centrech, i kdy\u017e mnoho zimn\u00edch obdob\u00ed st\u00e1le zdob\u00ed del\u0161\u00ed slune\u010dn\u00ed svit.<\/p>\n<p>Demograficky Porto odr\u00e1\u017e\u00ed jak kontinuitu, tak i zm\u011bny. Po\u010det obyvatel m\u011bsta se od 80. let 20. stolet\u00ed sn\u00ed\u017eil zhruba o 100 000, proto\u017ee se obyvatel\u00e9 p\u0159est\u011bhovali do satelitn\u00edch m\u011bst a p\u0159edm\u011bst\u00ed, p\u0159esto \u0161ir\u0161\u00ed metropolitn\u00ed oblast robustn\u011b rostla. V\u011bt\u0161ina obyvatel spad\u00e1 do v\u011bkov\u00e9 kategorie 60\u201369 let, t\u011bsn\u011b n\u00e1sledovan\u00e1 osobami ve v\u011bku 50\u201359 let. \u017deny tvo\u0159\u00ed 55 procent populace, mu\u017ei 45 procent. V\u011bt\u0161ina se narodila v hranic\u00edch Portugalska, a\u010dkoli v\u00fdznamn\u00e9 komunity z Angoly, Braz\u00edlie, Kapverd a dal\u0161\u00edch evropsk\u00fdch zem\u00ed obohacuj\u00ed multikulturn\u00ed strukturu m\u011bsta. Zat\u00edmco p\u0159evl\u00e1d\u00e1 katolicismus, p\u0159i\u010dem\u017e t\u0159i \u010dtvrtiny obyvatel se hl\u00e1s\u00ed k ur\u010dit\u00e9 v\u00ed\u0159e, t\u00e9m\u011b\u0159 p\u011btina populace se identifikuje jako nev\u011b\u0159\u00edc\u00ed a mal\u00e9 men\u0161iny praktikuj\u00ed protestantismus, isl\u00e1m, judaismus nebo jin\u00e1 n\u00e1bo\u017eenstv\u00ed.<\/p>\n<p>Role Porta jako finan\u010dn\u00edho a pr\u016fmyslov\u00e9ho centra se roz\u0161i\u0159uje na \u0161ir\u0161\u00ed Pyrenejsk\u00fd poloostrov. Centr\u00e1la velk\u00fdch portugalsk\u00fdch korporac\u00ed, od bankovnictv\u00ed po v\u00fdrobu, se nach\u00e1z\u00ed v metropolitn\u00edm j\u00e1dru Maia, Matosinhos, Vila Nova de Gaia a samotn\u00e9 Porto. B\u00fdval\u00e1 Bolsa do Porto se transformovala na \u010d\u00e1st hlavn\u00ed portugalsk\u00e9 deriv\u00e1tov\u00e9 burzy a spojila se s lisabonskou burzou a vytvo\u0159ila Bolsa de Valores de Lisboa e Porto. Medi\u00e1ln\u00ed instituce, jako je Jornal de Not\u00edcias a vydavatelsk\u00e9 domy v\u010detn\u011b Porto Editora, si udr\u017euj\u00ed p\u0159\u00edtomnost ve m\u011bst\u011b, co\u017e sv\u011bd\u010d\u00ed o trval\u00e9 intelektu\u00e1ln\u00ed a obchodn\u00ed dynamice Porta.<\/p>\n<p>Dopravn\u00ed infrastruktura je projevem dvoj\u00ed identity Porta, tradice a modernity. \u00dactyhodn\u00fd most Dom Lu\u00eds I, slavnostn\u011b otev\u0159en\u00fd v roce 1886, se klene nad \u0159ekou Douro s eleganc\u00ed tepan\u00e9ho \u017eeleza a na jeho horn\u00ed palub\u011b vede lehk\u00e1 \u017eeleznice. Ve 20. stolet\u00ed byly zavedeny dal\u0161\u00ed mosty: most Arr\u00e1bida na z\u00e1pad\u011b, most S\u00e3o Jo\u00e3o a most Infante Dom Henrique v roce 2003. V nadch\u00e1zej\u00edc\u00edm desetilet\u00ed jsou pl\u00e1nov\u00e1ny dal\u0161\u00ed dva mosty. Leti\u0161t\u011b Francisco de S\u00e1 Carneiro, zrekonstruovan\u00e9 pro Euro 2004 a v roce 2024 odbavuj\u00edc\u00ed t\u00e9m\u011b\u0159 16 milion\u016f cestuj\u00edc\u00edch, je z\u00e1kladem leteck\u00e9 dopravy a d\u00e1lkov\u00fdch let\u016f do Evropy, Braz\u00edlie a Severn\u00ed Ameriky. \u0160est linek metra se t\u00e1hne 70 kilometr\u016f s osmdes\u00e1ti p\u011bti stanicemi a spojuje leti\u0161t\u011b a p\u0159\u00edm\u011bstsk\u00e9 enkl\u00e1vy s centrem m\u011bsta, zat\u00edmco STCP dohl\u00ed\u017e\u00ed na ekologickou autobusovou s\u00ed\u0165 a historick\u00e9 tramvaje obsluhuj\u00edc\u00ed turistick\u00e9 trasy pod\u00e9l \u0159eky.<\/p>\n<p>Vlakov\u00e9 spojen\u00ed ze stanic Campanh\u00e3 a S\u00e3o Bento integruje Porto do n\u00e1rodn\u00edch i mezin\u00e1rodn\u00edch s\u00edt\u00ed. Vysokorychlostn\u00ed vlaky Alfa Pendular doraz\u00ed do Lisabonu za 2 hodiny a 42 minut, s p\u0159estupy o n\u011bco pomalej\u0161\u00edmi. Linka Celta spojuje Porto s Vigo ve \u0160pan\u011blsku za n\u011bco m\u00e1lo p\u0159es dv\u011b hodiny, zat\u00edmco region\u00e1ln\u00ed linky vedou pod\u00e9l \u0159eky Douro na v\u00fdchod do R\u00e9guy a Pocinha. P\u0159\u00edm\u011bstsk\u00e9 vlaky Urbanos se rozprost\u00edraj\u00ed do Bragy, Guimar\u00e3es a Aveiro. J\u00edzdenky se prod\u00e1vaj\u00ed na kart\u011b Andante, kter\u00e1 umo\u017e\u0148uje bezprobl\u00e9mov\u00e9 cestov\u00e1n\u00ed metrem, autobusem a p\u0159\u00edm\u011bstskou \u017eeleznic\u00ed, s denn\u00edmi i v\u00edcedenn\u00edmi j\u00edzdenkami vhodn\u00fdmi jak pro m\u00edstn\u00ed obyvatele, tak pro n\u00e1v\u0161t\u011bvn\u00edky.<\/p>\n<p>Portsk\u00e1 kuchyn\u011b spojuje vydatn\u00e9 tradice s mo\u0159sk\u00fdmi plody. Mezi typick\u00e9 pokrmy pat\u0159\u00ed Tripas \u00e0 Moda do Porto, dr\u0161\u0165kov\u00fd gul\u00e1\u0161 odr\u00e1\u017eej\u00edc\u00ed stalet\u00e9 zvyky, a Bacalhau \u00e0 Gomes de S\u00e1, zap\u00e9kan\u00e1 treska, kter\u00e1 oslavuje bohat\u00fd vztah Portugalska k solen\u00fdm ryb\u00e1m. Sendvi\u010d Francesinha vrstv\u00ed uzeniny pod roztaven\u00fdm s\u00fdrem a obaluje je pivn\u00ed om\u00e1\u010dkou, \u010d\u00edm\u017e zt\u011bles\u0148uje portskou z\u00e1libu v bohat\u00fdch chutech. Nab\u00eddku dopl\u0148uj\u00ed sma\u017een\u00e9 vep\u0159ov\u00e9 maso nakr\u00e1jen\u00e9 na kostky roj\u00f5es, sarrabulho s vep\u0159ovou krv\u00ed a \u010derstv\u011b grilovan\u00e9 sardinky pod\u00e9l \u0159eky. V restaurac\u00edch a tavern\u00e1ch z\u016fst\u00e1v\u00e1 portsk\u00e9 v\u00edno v\u0161udyp\u0159\u00edtomn\u00e9, vyhrazeno jako dezertn\u00ed v\u00edno, ale slou\u017e\u00ed tak\u00e9 k o\u017eiven\u00ed ve\u010der\u016f s fado.<\/p>\n<p>Kulturn\u00ed \u017eivot v Portu vzkv\u00e9t\u00e1 v muze\u00edch, koncertn\u00edch s\u00e1lech a divadeln\u00edch s\u00e1lech. Casa de Serralves je centrem modern\u00edho a sou\u010dasn\u00e9ho um\u011bn\u00ed, jej\u00ed vila ve stylu art deco a rozlehl\u00e9 zahrady jsou dopln\u011bny v\u00fdstavami v Nadaci Serralves. N\u00e1rodn\u00ed muzeum Soares dos Reis vystavuje portugalsk\u00e9 mal\u00ed\u0159stv\u00ed a socha\u0159stv\u00ed z devaten\u00e1ct\u00e9ho stolet\u00ed, zat\u00edmco Muzeum sou\u010dasn\u00e9ho um\u011bn\u00ed se v\u011bnuje avantgardn\u00edm t\u00e9mat\u016fm. Divadlo Theatre Nacional S\u00e3o Jo\u00e3o uv\u00e1d\u00ed opern\u00ed a dramatick\u00e9 produkce a jeho historick\u00e9 jevi\u0161t\u011b je m\u00edstem pro tv\u016fr\u010d\u00ed vyj\u00e1d\u0159en\u00ed. Ve\u0159ejn\u00e9 sochy, jako nap\u0159\u00edklad d\u00edlo Janet Echelman She Changes zav\u011b\u0161en\u00e9 nad z\u00e1livem Matosinhos, signalizuj\u00ed podporu velkoform\u00e1tov\u00fdch instalac\u00ed, kter\u00e9 komunikuj\u00ed s \u0159ekou a oblohou.<\/p>\n<p>Ka\u017edoro\u010dn\u00ed festivaly spojuj\u00ed obyvatele Porta se starobyl\u00fdmi zvyky a akademick\u00fdm \u017eivotem. 23. a 24. \u010dervna o\u017eivuje ulice festival svat\u00e9ho Jana ohni, v\u00e1zami zdoben\u00fdmi bazalkou s b\u00e1sn\u011bmi a oh\u0148ostrojem pod\u00e9l \u0159eky. Na ja\u0159e spojuje Queima das Fitas p\u0159ibli\u017en\u011b 50 000 univerzitn\u00edch student\u016f v pr\u016fvodu k radnici a na ve\u010dern\u00edch koncertech v Queim\u00f3dromu. Sportovn\u00ed kalend\u00e1\u0159e sahaj\u00ed od fotbalu, kde FC Porto a Boavista sout\u011b\u017e\u00ed na stadionech Est\u00e1dio do Drag\u00e3o a Est\u00e1dio do Bessa, a\u017e po Porto Marathon, kter\u00fd se ka\u017ed\u00fd \u0159\u00edjen vine historick\u00fdm centrem. Ledn\u00ed hokej dorazil do Porta v roce 2023, kdy se HC Porto poprv\u00e9 v historii Portugalska p\u0159ipojilo ke \u0161pan\u011blsk\u00e9 n\u00e1rodn\u00ed lize, a kriket se st\u00e1le hraje v kriketov\u00e9m a tenisov\u00e9m klubu Oporto, kter\u00fd si v\u00e1\u017e\u00ed anglo-portugalsk\u00e9ho d\u011bdictv\u00ed.<\/p>\n<p>V portsk\u00fdch akademick\u00fdch instituc\u00edch vzkv\u00e9t\u00e1 vzd\u011bl\u00e1v\u00e1n\u00ed a v\u00fdzkum. Portsk\u00e1 univerzita je druhou nejv\u011bt\u0161\u00ed univerzitou v zemi s p\u0159ibli\u017en\u011b 28 000 studenty a \u0159ad\u00ed se mezi stovku nejlep\u0161\u00edch v Evrop\u011b. Mezi dopl\u0148kov\u00e9 \u0161koly pat\u0159\u00ed Polytechnick\u00fd institut v Portu, soukrom\u00e9 univerzity jako Lus\u00edada a Fernando Pessoa a kampus Katolick\u00e9 univerzity. Mezin\u00e1rodn\u00ed vzd\u011bl\u00e1v\u00e1n\u00ed sah\u00e1 a\u017e do roku 1894, kdy byla zalo\u017eena Britsk\u00e1 \u0161kola v Portu, spolu s francouzsk\u00fdmi a n\u011bmeck\u00fdmi \u0161kolami. Pro studenty jazyk\u016f a v\u00fdm\u011bnn\u00e9 studenty nab\u00edz\u00ed Fast Forward Language Institute a programy p\u0159idru\u017een\u00e9 k univerzit\u011b v\u00fduku portugal\u0161tiny p\u0159izp\u016fsobenou kr\u00e1tkodob\u00fdm pobyt\u016fm nebo z\u00e1\u017eitk\u016fm s pono\u0159en\u00edm do jazyka.<\/p>\n<p>Navigace v Portu vy\u017eaduje p\u0159izp\u016fsoben\u00ed se jeho vrstevnat\u00e9 topografii a vyv\u00edjej\u00edc\u00edm se mo\u017enostem dopravy. \u00dazk\u00e9, klikat\u00e9 uli\u010dky v okresech Ribeira a Baixa zkou\u0161ej\u00ed \u0159idi\u010de zvykl\u00e9 na \u0161ir\u0161\u00ed t\u0159\u00eddy, tak\u017ee ch\u016fze nebo ve\u0159ejn\u00e1 doprava jsou \u010dasto efektivn\u011bj\u0161\u00ed. Taxi, slu\u017eby sd\u00edlen\u00e9 j\u00edzdy a p\u016fj\u010dovny kol dopl\u0148uj\u00ed s\u00edt\u011b metra a autobus\u016f, zat\u00edmco trajekty a \u0159\u00ed\u010dn\u00ed plavby nab\u00edzej\u00ed v\u00fdhledy z povrchu Douro. Nov\u00e9 atrakce, jako je lanovka Funicular dos Guindais a v\u00fdtah Ascensor da Ribeira, odm\u011b\u0148uj\u00ed cestovatele panoramatick\u00fdmi v\u00fdhledy na dla\u017edicov\u00e9 fas\u00e1dy a vodu posetou lod\u011bmi. Pro ty, kte\u0159\u00ed hledaj\u00ed panoramata z v\u00fd\u0161ky, nab\u00edz\u00ed heliport pobl\u00ed\u017e \u0159eky na m\u00edru \u0161it\u00e9 lety nad m\u011bstsk\u00fdmi v\u011b\u017eemi a mosty.<\/p>\n<p>Vitalita Porta pramen\u00ed z jeho schopnosti vyva\u017eovat zachov\u00e1n\u00ed pam\u00e1tek a pokrok. Historick\u00e9 taverny rezonuj\u00ed cink\u00e1n\u00edm portsk\u00fdch sklenic, zat\u00edmco za\u010d\u00ednaj\u00edc\u00ed podniky a v\u00fdzkumn\u00e1 centra o\u017eivuj\u00ed jeho ekonomiku. Star\u00e9 melodie fado se prol\u00ednaj\u00ed s instalacemi modern\u00edho um\u011bn\u00ed. Barokn\u00ed ornamenty stoj\u00ed vedle sou\u010dasn\u00e9 architektury v Casa da M\u00fasica a p\u0159estav\u011bn\u00e9m v\u00fdletn\u00edm termin\u00e1lu Leix\u00f5es. Dlouholet\u00e1 odv\u011btv\u00ed textilu a hutnictv\u00ed koexistuj\u00ed s obchodov\u00e1n\u00edm s finan\u010dn\u00edmi deriv\u00e1ty a kulturn\u00ed turistikou. Odolnost m\u011bsta, zachycen\u00e1 v jeho n\u00e1zvech Cidade Invicta a Capital do Norte, sv\u011bd\u010d\u00ed o schopnosti absorbovat zm\u011bny a z\u00e1rove\u0148 chr\u00e1nit identitu.<\/p>\n<p>Porto se nakonec jev\u00ed jako destinace, kde se prol\u00ednaj\u00ed \u010dasov\u00e9 vrstvy. Jeho rom\u00e1nsk\u00e9 kostely, barokn\u00ed interi\u00e9ry, neoklasicistn\u00ed t\u0159\u00eddy a modern\u00ed lehk\u00e1 \u017eeleznice koexistuj\u00ed v m\u011bstsk\u00e9 struktury definovan\u00e9 tokem \u0159eky Douro. Od demografick\u00fdch posun\u016f po klimatick\u00e9 rytmy, od gastronomick\u00e9ho bohatstv\u00ed po pr\u016fmyslovou zdatnost, m\u011bsto nab\u00edz\u00ed nuancovan\u00fd portr\u00e9t kontinuity a inovac\u00ed. N\u00e1v\u0161t\u011bvn\u00edk, kter\u00fd se zdr\u017e\u00ed za hranicemi panoramatick\u00fdch vyhl\u00eddek, rozezn\u00e1 kolektivn\u00ed p\u0159\u00edb\u011bh adaptace, kreativity a zako\u0159en\u011bnosti \u2013 p\u0159\u00edb\u011bh, kter\u00fd potvrzuje m\u00edsto Porta mezi nejp\u016fsobiv\u011bj\u0161\u00edmi metropolitn\u00edmi centry Evropy.<\/p>","protected":false},"excerpt":{"rendered":"<p>Porto, druh\u00e9 nejv\u011bt\u0161\u00ed m\u011bsto v Portugalsku, je aktivn\u00edm m\u011bstsk\u00fdm centrem nach\u00e1zej\u00edc\u00edm se u \u00fast\u00ed \u0159eky Douro v severn\u00ed oblasti zem\u011b. Dopad Porta daleko p\u0159esahuje jeho m\u011bstsk\u00e9 hranice vzhledem k jeho populaci asi 248 769 obyvatel na jeho mal\u00e9m obecn\u00edm \u00fazem\u00ed o rozloze 41,42 kilometr\u016f \u010dtvere\u010dn\u00edch. S p\u0159ibli\u017en\u011b 1,8 miliony lid\u00ed rozpt\u00fdlen\u00fdch na 2 395 kilometrech \u010dtvere\u010dn\u00edch je v\u011bt\u0161\u00ed metropolitn\u00ed oblast Portugalska jasn\u011b druh\u00e1 mezi v\u0161emi m\u011bstsk\u00fdmi oblastmi v Portugalsku a d\u016fle\u017eit\u00fdm hr\u00e1\u010dem na Pyrenejsk\u00e9m poloostrov\u011b.<\/p>","protected":false},"author":1,"featured_media":2816,"parent":12065,"menu_order":0,"comment_status":"closed","ping_status":"closed","template":"elementor_theme","meta":{"_eb_attr":"","footnotes":""},"class_list":["post-12087","page","type-page","status-publish","has-post-thumbnail"],"_links":{"self":[{"href":"https:\/\/travelshelper.com\/cs\/wp-json\/wp\/v2\/pages\/12087","targetHints":{"allow":["GET"]}}],"collection":[{"href":"https:\/\/travelshelper.com\/cs\/wp-json\/wp\/v2\/pages"}],"about":[{"href":"https:\/\/travelshelper.com\/cs\/wp-json\/wp\/v2\/types\/page"}],"author":[{"embeddable":true,"href":"https:\/\/travelshelper.com\/cs\/wp-json\/wp\/v2\/users\/1"}],"replies":[{"embeddable":true,"href":"https:\/\/travelshelper.com\/cs\/wp-json\/wp\/v2\/comments?post=12087"}],"version-history":[{"count":0,"href":"https:\/\/travelshelper.com\/cs\/wp-json\/wp\/v2\/pages\/12087\/revisions"}],"up":[{"embeddable":true,"href":"https:\/\/travelshelper.com\/cs\/wp-json\/wp\/v2\/pages\/12065"}],"wp:featuredmedia":[{"embeddable":true,"href":"https:\/\/travelshelper.com\/cs\/wp-json\/wp\/v2\/media\/2816"}],"wp:attachment":[{"href":"https:\/\/travelshelper.com\/cs\/wp-json\/wp\/v2\/media?parent=12087"}],"curies":[{"name":"wp","href":"https:\/\/api.w.org\/{rel}","templated":true}]}}