{"id":12078,"date":"2024-09-15T13:58:27","date_gmt":"2024-09-15T13:58:27","guid":{"rendered":"https:\/\/travelshelper.com\/staging\/?page_id=12078"},"modified":"2026-03-12T19:44:31","modified_gmt":"2026-03-12T19:44:31","slug":"lisabon","status":"publish","type":"page","link":"https:\/\/travelshelper.com\/cs\/destinations\/europe\/portugal\/lisbon\/","title":{"rendered":"Lisabon"},"content":{"rendered":"<p>Lisabon, starobyl\u00e9 hlavn\u00ed m\u011bsto le\u017e\u00edc\u00ed na soutoku \u0159eky a oce\u00e1nu, se na prvn\u00ed pohled jev\u00ed jako m\u011bsto s um\u00edrn\u011bnou eleganc\u00ed a decentn\u00ed vzne\u0161enost\u00ed. S 567 131 obyvateli na 100,05 kilometrech \u010dtvere\u010dn\u00edch m\u011bstsk\u00fdch hranic a t\u00e9m\u011b\u0159 3 028 000 obyvateli v \u0161ir\u0161\u00ed metropolitn\u00ed oblasti (k roku 2025) je politick\u00fdm, ekonomick\u00fdm a kulturn\u00edm srdcem Portugalska. Lisabon se rozkl\u00e1d\u00e1 na sedmi kopc\u00edch u \u0161irok\u00e9ho \u00fast\u00ed \u0159eky Tajo, kde se sladk\u00e1 voda m\u00eds\u00ed se slanou vodou Atlantiku, a zauj\u00edm\u00e1 nejz\u00e1padn\u011bj\u0161\u00ed okraj kontinent\u00e1ln\u00ed Evropy. V jeho mez\u00edch se rozkl\u00e1d\u00e1 \u00farodn\u00fd lesopark Monsanto \u2013 desetikilometrov\u00e1 zelen\u00e1 pl\u00edce, kter\u00e1 pod sv\u00fdm korunami st\u0159e\u0161\u00ed policisty, b\u011b\u017ece i rodiny.<\/p>\n<p>Od sv\u00fdch po\u010d\u00e1tk\u016f jako s\u00eddla p\u0159edkeltsk\u00fdch kmen\u016f, p\u0159es f\u00e9nick\u00e9 obd\u011bl\u00e1v\u00e1n\u00ed p\u016fdy a\u017e po \u0159\u00edmsk\u00e9 titulov\u00e1n\u00ed jako Felicitas Julia Olissipo, Lisabon nashrom\u00e1\u017edil vrstvy lidsk\u00e9ho \u00fasil\u00ed, ani\u017e by ob\u011btoval sv\u016fj z\u00e1kladn\u00ed charakter. Vizig\u00f3ti v p\u00e1t\u00e9m stolet\u00ed zm\u011bnili jeho spr\u00e1vu, maursk\u00e1 nadvl\u00e1da v osm\u00e9m stolet\u00ed p\u0159inesla nov\u00e9 architektonick\u00e9 a kulturn\u00ed proudy, kter\u00e9 p\u0159e\u017e\u00edvaj\u00ed v n\u00e1zvech \u010dtvrt\u00ed a \u00fazk\u00fdch ulic\u00edch, a znovudobyt\u00ed m\u011bsta v roce 1147 pod veden\u00edm Afonsa Henriquese vydl\u00e1\u017edilo cestu k jeho pov\u00fd\u0161en\u00ed na hlavn\u00ed m\u011bsto v roce 1255. Ka\u017ed\u00e1 epocha zanechala na m\u011bstsk\u00e9 struktu\u0159e otisk, viditeln\u00fd v obd\u00e9ln\u00edkov\u00e9 \u010dtvrti Baixa s \u0161irok\u00fdmi t\u0159\u00eddami a v klikat\u00fdch uli\u010dk\u00e1ch \u010dtvrti Alfama, kde barevn\u00e9 ta\u0161kov\u00e9 fas\u00e1dy a kovan\u00e9 \u017eelezn\u00e9 balkony p\u0159etrv\u00e1vaj\u00ed jako ti\u0161\u00ed sv\u011bdci stalet\u00ed ot\u0159es\u016f a obnovy.<\/p>\n<p>Klima definuje rytmus \u017eivota v Lisabonu. M\u011bsto, klasifikovan\u00e9 jako st\u0159edomo\u0159sk\u00e9 (K\u00f6ppen Csa), si cen\u00ed chladn\u00fdch, de\u0161tiv\u00fdch zim a tepl\u00fdch, such\u00fdch let. Pr\u016fm\u011brn\u00e9 ro\u010dn\u00ed teploty se pohybuj\u00ed kolem 17,6 \u00b0C, s denn\u00edmi maximy kolem 21,7 \u00b0C a minimy kolem 13,6 \u00b0C. Zimn\u00ed dny v lednu z\u0159\u00eddka klesaj\u00ed pod 14 \u00b0C, zat\u00edmco letn\u00ed odpoledne v srpnu mohou vystoupat a\u017e na 32 \u00b0C, m\u00edrn\u011bno atlantick\u00fdm v\u00e1nkem a um\u00edrn\u011bno azorsk\u00fdmi teplotami. Metropole se t\u011b\u0161\u00ed p\u0159ibli\u017en\u011b 2 875 hodin\u00e1m slune\u010dn\u00edho svitu ro\u010dn\u011b, co\u017e je jeden z nejvy\u0161\u0161\u00edch \u00fahrn\u016f v Evrop\u011b, a sr\u00e1\u017eky jsou koncentrovan\u00e9 na podzim a v zim\u011b, tak\u017ee \u010dervenec a srpen jsou t\u00e9m\u011b\u0159 bez de\u0161t\u011b.<\/p>\n<p>V porovn\u00e1n\u00ed s jin\u00fdmi evropsk\u00fdmi metropolemi panuje v Lisabonu klidn\u00fd a um\u00edrn\u011bn\u00fd ruch. Doprava je sice p\u0159\u00edtomna, ale sp\u00ed\u0161e ustupuje chodc\u016fm; slavn\u00e9 tramvaje \u2013 mal\u00e1 \u010dty\u0159kolov\u00e1 vozidla dovezen\u00e1 v roce 1901 ze Spojen\u00fdch st\u00e1t\u016f \u2013 se proh\u00e1n\u011bj\u00ed \u00fazk\u00fdmi, strm\u00fdmi ulicemi a vyvol\u00e1vaj\u00ed sp\u00ed\u0161e nostalgii ne\u017e nepohodl\u00ed. Tyto historick\u00e9 elektrick\u00e9 tramvaje dopl\u0148uje efektivn\u00ed s\u00ed\u0165 metra se \u010dty\u0159mi barevn\u011b odli\u0161en\u00fdmi linkami a 56 stanicemi, kter\u00e1 spojuje leti\u0161t\u011b a p\u0159edm\u011bst\u00ed zhruba za dvacet p\u011bt minut. Nad zem\u00ed se t\u00e1hnou p\u0159\u00edm\u011bstsk\u00e9 vlaky do Sintry, Cascais a Set\u00fabalu; m\u011bstskou tapiserii zdob\u00ed autobusy provozovan\u00e9 spole\u010dnost\u00ed Carris a p\u0159\u00edm\u011bstsk\u00e9 linky spole\u010dnost\u00ed Carris Metropolitana a Barraqueiro; a trajekty p\u0159ekra\u010duj\u00ed \u0159eku Tajo do Cacilhas, Seixalu a dal\u0161\u00edch \u0159\u00ed\u010dn\u00edch obc\u00ed. \u00dast\u00ed \u0159eky se klenou dva monument\u00e1ln\u00ed mosty: visut\u00fd most 25 de Abril z roku 1966 a most Vasco da Gama, 17,2 kilometru dlouh\u00fd most slavnostn\u011b otev\u0159en\u00fd v roce 1998. Pl\u00e1ny na t\u0159et\u00ed most jsou pozastaveny.<\/p>\n<p>M\u011bsto se vyjad\u0159uje prost\u0159ednictv\u00edm \u0161estn\u00e1cti historick\u00fdch a sou\u010dasn\u00fdch \u010dtvrt\u00ed, z nich\u017e ka\u017ed\u00e1 m\u00e1 tak \u017eivou identitu, \u017ee se m\u00edstn\u00ed obyvatel\u00e9 obejdou bez form\u00e1ln\u00edch hranic. V Alc\u00e2ntar\u011b se v b\u00fdval\u00fdch \u0161lechtick\u00fdch panstv\u00edch a pal\u00e1c\u00edch ze 16. a\u017e 19. stolet\u00ed nyn\u00ed nach\u00e1zej\u00ed muzea, ve\u0159ejn\u00e9 archivy a kreativn\u00ed centra. LX Factory znovu o\u017eivuje pr\u016fmyslov\u00e9 d\u011bdictv\u00ed jako sm\u011bs galeri\u00ed, obchod\u016f a restaurac\u00ed; Village Underground nov\u011b poj\u00edm\u00e1 p\u0159epravn\u00ed kontejnery a autobusy jako p\u00f3dia a kancel\u00e1\u0159e; a Pilar 7 umo\u017e\u0148uje n\u00e1v\u0161t\u011bvn\u00edk\u016fm prozkoumat z\u00e1klady mostu 25 de Abril. Koncertn\u00ed s\u00e1ly, kongresov\u00e1 centra a knihovny sd\u00edlej\u00ed v\u00fdhledy na n\u00e1b\u0159e\u017e\u00ed s no\u010dn\u00edmi kluby v p\u0159estav\u011bn\u00fdch dokech, kde se uprost\u0159ed hukotu elektronick\u00fdch rytm\u016f sch\u00e1z\u00ed ml\u00e1de\u017e m\u011bsta.<\/p>\n<p>Alfama se sva\u017euje od hradu S\u00e3o Jorge k \u0159ece, co\u017e je d\u016fkazem odolnosti. Jej\u00ed labyrint \u00fazk\u00fdch uli\u010dek ochr\u00e1nil nespo\u010det budov p\u0159ed zem\u011bt\u0159esen\u00edm v roce 1755 a zachoval architekturu 18. stolet\u00ed, kter\u00e1 host\u00ed bary s fado, muzea a skromn\u00e9 \u200b\u200bdomy. Melancholick\u00e9 t\u00f3ny portugalsk\u00e9 n\u00e1rodn\u00ed hudby se zde linou kolem dla\u017edicov\u00fdch fas\u00e1d a p\u0159es mal\u00e1 n\u00e1m\u011bst\u00ed, zat\u00edmco ka\u017edoro\u010dn\u00ed Festas de Santo Ant\u00f3nio prom\u011b\u0148uj\u00ed \u010dtvr\u0165 v \u017eiv\u00e9 d\u011bn\u00ed pln\u00e9 komunitn\u00edho ducha, pouli\u010dn\u00edch hostin a sd\u00edlen\u00e9 oddanosti.<\/p>\n<p>S Alfamou soused\u00ed \u010dtvr\u0165 Mouraria \u2013 kdysi domov muslimsk\u00e9ho a \u017eidovsk\u00e9ho obyvatelstva m\u011bsta po Reconquist\u011b \u2013 a zachov\u00e1v\u00e1 si stopy arabsk\u00e9ho vlivu, i kdy\u017e demolice ve 20. stolet\u00ed smazaly velkou \u010d\u00e1st jej\u00ed st\u0159edov\u011bk\u00e9 z\u00e1stavby. \u010ctvr\u0165 Bairro Alto, ty\u010d\u00edc\u00ed se nad Chiadem, v noci pulzuje bary a kluby, kter\u00e9 se zam\u011b\u0159uj\u00ed na rozmanit\u00e9 subkultury: punk, metal, hip-hop, reggae a LGBT komunity se prol\u00ednaj\u00ed v \u00fazk\u00fdch uli\u010dk\u00e1ch, kter\u00e9 se za \u00fasvitu m\u011bn\u00ed v tich\u00e9 obytn\u00e9 \u010dtvrti.<\/p>\n<p>Chiado, znovuzrozen\u00e9 po ni\u010div\u00e9m po\u017e\u00e1ru v roce 1988, z\u016fst\u00e1v\u00e1 intelektu\u00e1ln\u00edm srdcem Lisabonu. Jeho ulice lemuj\u00ed knihkupectv\u00ed, kav\u00e1rny a butiky, kde b\u00e1sn\u00edk Fernando Pessoa kdysi pop\u00edjel espresso v restauraci A Brasileira. Restaurov\u00e1n\u00ed veden\u00e9 Sizou Vieirou obnovilo fas\u00e1dy a modern\u00ed interi\u00e9ry z 18. a 19. stolet\u00ed a propojilo minulost se sou\u010dasnost\u00ed do jednolit\u00e9 kulturn\u00ed \u010dtvrti.<\/p>\n<p>Pod Chiadem le\u017e\u00ed Baixa, centrum Pombaline, kter\u00e9 po zem\u011bt\u0159esen\u00ed v roce 1755 p\u0159estav\u011bl Sebasti\u00e3o Jos\u00e9 de Carvalho e Melo. Jeho ortogon\u00e1ln\u00ed m\u0159\u00ed\u017eka a klecov\u00e9 konstrukce odoln\u00e9 proti zem\u011bt\u0159esen\u00ed jsou p\u0159\u00edkladem osv\u00edcensk\u00e9ho m\u011bstsk\u00e9ho designu. N\u00e1m\u011bst\u00ed Pra\u00e7a do Com\u00e9rcio s triumf\u00e1ln\u00edm obloukem Rua Augusta hled\u00ed na Tagus a p\u0159ipom\u00edn\u00e1 c\u00edsa\u0159sk\u00e9 cesty a sou\u010dasn\u00fd obchod.<\/p>\n<p>Z\u00e1padn\u011b od centra m\u011bsta se Beato zbavilo sv\u00e9ho v\u00fdrobn\u00edho h\u00e1vu a nahradilo ho prostory pro sou\u010dasn\u00e9 um\u011bn\u00ed a gurm\u00e1nsk\u00e9 podniky. Galerie s\u00eddl\u00ed v b\u00fdval\u00fdch tov\u00e1rn\u00e1ch, na zv\u011bdav\u00e9 \u010dekaj\u00ed N\u00e1rodn\u00ed muzeum azulejos a Palacio do Grilo a celost\u00e1tn\u00ed publikace ohla\u0161uj\u00ed kreativn\u00ed o\u017eiven\u00ed oblasti.<\/p>\n<p>Bel\u00e9m, rodi\u0161t\u011b portugalsk\u00fdch objev\u016f, z\u016fst\u00e1v\u00e1 poutn\u00edm m\u00edstem pro milovn\u00edky historie. Zdoben\u00fd kl\u00e1\u0161ter Jer\u00f3nimos a cimbu\u0159\u00ed Bel\u00e9msk\u00e1 v\u011b\u017e, postaven\u00e1 za Manuela I., tvo\u0159\u00ed zahradu Pra\u00e7a do Imp\u00e9rio. Padr\u00e3o dos Descobrimentos p\u0159ipom\u00edn\u00e1 mo\u0159eplavce pod obrovskou plachtou ve tvaru v\u011btru, zat\u00edmco Centrum portugalsky mluv\u00edc\u00edch kultur a pal\u00e1c Ajuda \u2013 nedokon\u010den\u00fd, ale kr\u00e1lovsk\u00fd \u2013 sv\u011bd\u010d\u00ed o kr\u00e1lovsk\u00e9 z\u00e1\u0161tit\u011b. Nedalek\u00fd Est\u00e1dio do Restelo ukotvuje m\u00edstn\u00ed sport.<\/p>\n<p>Z\u00e1padn\u00ed kopec Lisabonu korunuje Estrela se svou bazilikou, dv\u011bma zvonicemi a neoklasicistn\u00ed kupol\u00ed, kter\u00e1 je viditeln\u00e1 z d\u00e1lky. V sousedstv\u00ed pal\u00e1ce S\u00e3o Bento s\u00eddl\u00ed shrom\u00e1\u017ed\u011bn\u00ed, zat\u00edmco park Estrela, opl\u00fdvaj\u00edc\u00ed subtropickou fl\u00f3rou a poset\u00fd sochami, nab\u00edz\u00ed odpo\u010dinek a akce pro rodiny s d\u011btmi v okol\u00ed sklen\u00edku Estufa Fria.<\/p>\n<p>Na rekultivovan\u00e9m pozemku z doby v\u00fdstavy Expo 98 zt\u011bles\u0148uje Parque das Na\u00e7\u00f5es obrat Lisabonu k budoucnosti. Calatravovo n\u00e1dra\u017e\u00ed Gare do Oriente p\u0159ipom\u00edn\u00e1 sluncem zalitou gotickou katedr\u00e1lu z oceli a skla; pod\u00e9l jeho n\u00e1kupn\u00edch center se t\u00e1hnou restaurace, Ocean\u00e1rio \u2013 druh\u00e9 nejv\u011bt\u0161\u00ed akv\u00e1rium na sv\u011bt\u011b \u2013 a Altice Arena, kde se konaj\u00ed akce glob\u00e1ln\u00edho rozsahu. Kasino a v\u00fdstavn\u00ed hala FIL d\u00e1le roz\u0161i\u0159uj\u00ed kosmopolitn\u00ed dosah \u010dtvrti.<\/p>\n<p>Krom\u011b architektonick\u00e9ho d\u011bdictv\u00ed Lisabon podporuje nespo\u010det kulturn\u00edch instituc\u00ed. N\u00e1rodn\u00ed muzeum starov\u011bk\u00e9ho um\u011bn\u00ed ukr\u00fdv\u00e1 rozs\u00e1hl\u00fd soubor evropsk\u00fdch a asijsk\u00fdch d\u011bl; N\u00e1rodn\u00ed muzeum ko\u010d\u00e1r\u016f uchov\u00e1v\u00e1 kr\u00e1lovsk\u00e9 ko\u010d\u00e1ry; a N\u00e1rodn\u00ed muzeum dla\u017edic oslavuje \u0159emeslo azulejo v b\u00fdval\u00e9m kl\u00e1\u0161te\u0159e. Sou\u010dasn\u00e1 d\u00edla zdob\u00ed Gulbenkianovo muzeum, MAAT a Muzeum Orientu, zat\u00edmco men\u0161\u00ed domy, jako je Muzeum elekt\u0159iny a Museu Benfica, obohacuj\u00ed tematick\u00fd pr\u016fzkum.<\/p>\n<p>Lisabonsk\u00e9 performativn\u00ed um\u011bn\u00ed vzkv\u00e9t\u00e1 v ope\u0159e S\u00e3o Carlos, divadle D. Maria II a na sc\u00e9n\u011b Cam\u00f5es. Kalend\u00e1\u0159n\u00ed rok o\u017eivuj\u00ed festivaly: festivaly dokument\u00e1rn\u00edch film\u016f, animace a masek, lisabonsk\u00fd kni\u017en\u00ed veletrh, gastronomick\u00e1 akce Fish and Flavours v Lisabonu a filmov\u00fd festival LGBTQ+, v\u0161echny p\u0159itahuj\u00ed m\u00edstn\u00ed i mezin\u00e1rodn\u00ed publikum. M\u011bsto tak\u00e9 host\u00ed Trien\u00e1le architektury, Fashion Lisbon, ExperimentaDesign a bien\u00e1le sv\u011bteln\u00e9ho um\u011bn\u00ed, co\u017e podtrhuje jeho roli jako\u017eto kreativn\u00edho centra.<\/p>\n<p>Ka\u017edoro\u010dn\u00ed oslavy spojuj\u00ed m\u011bsto s jeho svat\u00fdmi a histori\u00ed. 13. \u010dervna je uct\u00edv\u00e1n svat\u00fd Anton\u00edn pouli\u010dn\u00edmi pr\u016fvody a hudbou. Svat\u00fd Vincenc, a\u010dkoli je patronem, inspiruje k ti\u0161\u0161\u00ed oddanosti, jeho ostatky jsou ulo\u017eeny v katedr\u00e1le S\u00e9. P\u0159i vz\u00e1cn\u00fdch p\u0159\u00edle\u017eitostech glob\u00e1ln\u00edho v\u00fdznamu Lisabon v kv\u011btnu 2018 p\u0159iv\u00edtal sout\u011b\u017e Eurovision Song Contest a v srpnu 2023 Sv\u011btov\u00fd den ml\u00e1de\u017ee, co\u017e p\u0159il\u00e1kalo poutn\u00edky a turisty na jeho sedm pahork\u016f.<\/p>\n<p>Lisabonsk\u00e1 ekonomika je zalo\u017eena na slu\u017eb\u00e1ch, p\u0159i\u010dem\u017e v\u011bt\u0161ina nadn\u00e1rodn\u00edch s\u00eddel se nach\u00e1z\u00ed ve \u010dtvrti Grande Lisboa. Region se pod\u00edl\u00ed na portugalsk\u00e9m HDP p\u0159es t\u0159icet jedna procent a \u017eije v n\u011bm t\u00e9m\u011b\u0159 dvacet jedna tis\u00edc milion\u00e1\u0159\u016f \u2013 co\u017e z n\u011bj \u010din\u00ed jeden\u00e1ct\u00e9 nejlep\u0161\u00ed evropsk\u00e9 m\u011bsto podle po\u010dtu milion\u00e1\u0159\u016f \u2013 a \u010dtrn\u00e1ct miliard\u00e1\u0159\u016f. Pr\u016fmysl p\u0159etrv\u00e1v\u00e1 i na ji\u017en\u00edm b\u0159ehu, kde st\u00e1le funguj\u00ed ropn\u00e9 rafinerie, lod\u011bnice a textiln\u00ed tov\u00e1rny, kter\u00e9 podporuje jeden z nejru\u0161n\u011bj\u0161\u00edch evropsk\u00fdch p\u0159\u00edstav\u016f.<\/p>\n<p>Dopravn\u00ed statistiky odhaluj\u00ed zku\u0161enosti s ve\u0159ejnou dopravou: pr\u016fm\u011brn\u00fd doj\u00ed\u017ed\u011bj\u00edc\u00ed v Lisabonu str\u00e1v\u00ed denn\u011b pades\u00e1t dev\u011bt minut ve vlac\u00edch, tramvaj\u00edch a autobusech, \u010dek\u00e1 \u010dtrn\u00e1ct minut na zast\u00e1vk\u00e1ch a na jednu cestu ujede zhruba \u0161est kilometr\u016f. Deset procent z nich absolvuje cesty del\u0161\u00ed ne\u017e dvan\u00e1ct kilometr\u016f, zat\u00edmco v\u00edce ne\u017e jeden\u00e1ct procent str\u00e1v\u00ed v doprav\u011b v\u00edce ne\u017e dv\u011b hodiny ka\u017ed\u00fd v\u0161edn\u00ed den.<\/p>\n<p>Cyklistika se od pandemie roz\u0161\u00ed\u0159ila, k \u010demu\u017e p\u0159isp\u011blo roz\u0161\u00ed\u0159en\u00ed syst\u00e9mu sd\u00edlen\u00ed kol Gira na 2 600 elektrick\u00fdch a standardn\u00edch j\u00edzdn\u00edch kol a v\u00edce ne\u017e 146 dokovac\u00edch stanic. Kryt\u00e9 cyklostezky nyn\u00ed p\u0159esahuj\u00ed 200 kilometr\u016f a budou se roz\u0161i\u0159ovat, co\u017e podpo\u0159\u00ed m\u00edrn\u011bj\u0161\u00ed p\u0159\u00edstup k trval\u00fdm svah\u016fm Lisabonu.<\/p>\n<p>Mezi silni\u010dn\u00ed tepny m\u011bsta pat\u0159\u00ed t\u0159i okru\u017en\u00ed d\u00e1lnice \u2013 Segunda Circular, CRIL a CREL \u2013 kter\u00e9 spojuj\u00ed centr\u00e1ln\u00ed \u010dtvrti s p\u0159edm\u011bst\u00edmi a st\u00e1tn\u00edmi d\u00e1lnicemi. Leti\u0161t\u011b Humberta Delgada, nejru\u0161n\u011bj\u0161\u00ed v Portugalsku, v roce 2024 odbavilo p\u0159es 35 milion\u016f cestuj\u00edc\u00edch a funguje jako uzel pro TAP Portugal a n\u00edzkon\u00e1kladov\u00e9 dopravce. Druh\u00e9 leti\u0161t\u011b v Alcochete se pl\u00e1nuje s c\u00edlem uspokojit budouc\u00ed r\u016fst, zat\u00edmco leti\u0161t\u011b Cascais zaji\u0161\u0165uje region\u00e1ln\u00ed propojen\u00ed.<\/p>\n<p>Lisabon ve sv\u00e9 komplexn\u00ed podob\u011b syntetizuje tis\u00edcilet\u00ed os\u00eddlen\u00ed a transformace na kompaktn\u00edm \u00fazem\u00ed. Nab\u00edz\u00ed d\u016fstojn\u00e9 ve\u0159ejn\u00e9 prostory a ulice, kter\u00e9 nesou stopy dob\u00fdv\u00e1n\u00ed i kreativity. Zde se drsnost historie snoub\u00ed se sou\u010dasnou inovac\u00ed; \u0161t\u011bdr\u00e9 slune\u010dn\u00ed sv\u011btlo h\u0159eje v\u00e1pencov\u00e9 fas\u00e1dy a \u0159eka Tajo proud\u00ed z\u00e1rove\u0148 jako str\u00e1\u017ece i zdroj obnovy. Je to m\u011bsto, kter\u00e9 si nevol\u00e1 po pozornosti, ale bez n\u00e1mahy si ji v\u00e1\u017e\u00ed prost\u0159ednictv\u00edm jemn\u00fdch kontrast\u016f a rafinovan\u00e9 kontinuity \u2013 m\u011bsto postaven\u00e9 na kopc\u00edch, ale udr\u017eovan\u00e9 trval\u00fdm duchem.<\/p>","protected":false},"excerpt":{"rendered":"<p>Lisabon, hlavn\u00ed a nejv\u011bt\u0161\u00ed m\u011bsto Portugalska, je dynamick\u00e1 metropole le\u017e\u00edc\u00ed na z\u00e1padn\u00edm okraji Pyrenejsk\u00e9ho poloostrova. Lisabon je v\u00fdznamn\u00fdm evropsk\u00fdm m\u011bstsk\u00fdm centrem s o\u010dek\u00e1vanou populac\u00ed 567 131 uvnit\u0159 jeho administrativn\u00edch hranic od roku 2023 a v\u011bt\u0161\u00edm metropolitn\u00edm regionem, kde \u017eije 2 961 177 lid\u00ed. Toto pob\u0159e\u017en\u00ed m\u011bsto, kter\u00e9 se nach\u00e1z\u00ed na severn\u00ed stran\u011b \u0159eky Tajo, je nejz\u00e1padn\u011bj\u0161\u00edm hlavn\u00edm m\u011bstem pevninsk\u00e9 Evropy a poskytuje zvl\u00e1\u0161tn\u00ed spojen\u00ed atlantick\u00e9 p\u0159ita\u017elivosti a evropsk\u00e9 elegance.<\/p>","protected":false},"author":1,"featured_media":4446,"parent":12065,"menu_order":0,"comment_status":"closed","ping_status":"closed","template":"elementor_theme","meta":{"_eb_attr":"","footnotes":""},"class_list":["post-12078","page","type-page","status-publish","has-post-thumbnail"],"_links":{"self":[{"href":"https:\/\/travelshelper.com\/cs\/wp-json\/wp\/v2\/pages\/12078","targetHints":{"allow":["GET"]}}],"collection":[{"href":"https:\/\/travelshelper.com\/cs\/wp-json\/wp\/v2\/pages"}],"about":[{"href":"https:\/\/travelshelper.com\/cs\/wp-json\/wp\/v2\/types\/page"}],"author":[{"embeddable":true,"href":"https:\/\/travelshelper.com\/cs\/wp-json\/wp\/v2\/users\/1"}],"replies":[{"embeddable":true,"href":"https:\/\/travelshelper.com\/cs\/wp-json\/wp\/v2\/comments?post=12078"}],"version-history":[{"count":0,"href":"https:\/\/travelshelper.com\/cs\/wp-json\/wp\/v2\/pages\/12078\/revisions"}],"up":[{"embeddable":true,"href":"https:\/\/travelshelper.com\/cs\/wp-json\/wp\/v2\/pages\/12065"}],"wp:featuredmedia":[{"embeddable":true,"href":"https:\/\/travelshelper.com\/cs\/wp-json\/wp\/v2\/media\/4446"}],"wp:attachment":[{"href":"https:\/\/travelshelper.com\/cs\/wp-json\/wp\/v2\/media?parent=12078"}],"curies":[{"name":"wp","href":"https:\/\/api.w.org\/{rel}","templated":true}]}}