{"id":12053,"date":"2024-09-15T12:59:22","date_gmt":"2024-09-15T12:59:22","guid":{"rendered":"https:\/\/travelshelper.com\/staging\/?page_id=12053"},"modified":"2026-03-12T21:52:09","modified_gmt":"2026-03-12T21:52:09","slug":"jekaterinburg","status":"publish","type":"page","link":"https:\/\/travelshelper.com\/cs\/destinations\/europe\/russian-federation\/yekaterinburg\/","title":{"rendered":"Jekat\u011brinburg"},"content":{"rendered":"<p>Jekat\u011brinburg, le\u017e\u00edc\u00ed na b\u0159ehu \u0159eky Iset na v\u00fdchodn\u00edm okraji Uralsk\u00fdch hor, je \u010dtvrt\u00fdm nejv\u011bt\u0161\u00edm m\u011bstem Ruska a administrativn\u00edm centrem Sverdlovsk\u00e9 oblasti a Uralsk\u00e9ho feder\u00e1ln\u00edho okruhu. S rozlohou 1 111 kilometr\u016f \u010dtvere\u010dn\u00edch a 1 544 376 obyvateli (podle s\u010d\u00edt\u00e1n\u00ed lidu z roku 2021) se nach\u00e1z\u00ed ve strategick\u00e9 poloze mezi Evropou a Sibi\u0159\u00ed. M\u011bsto, zalo\u017een\u00e9 v roce 1723 a kr\u00e1tce p\u0159ejmenovan\u00e9 na Sverdlovsk (v letech 1924 a\u017e 1991), je pr\u016fmyslovou velmoc\u00ed i kulturn\u00edm centrem. Jeho panorama je nyn\u00ed zdob\u00ed modern\u00ed mrakodrapy a ulice se vyzna\u010duj\u00ed v\u00fdraznou konstruktivisti\u010dnou architekturou.<\/p>\n<p>Jekat\u011brinburg byl zalo\u017een dekretem cara Petra Velik\u00e9ho dne 18. listopadu 1723 a pojmenov\u00e1n po jeho man\u017eelce, carevn\u011b Kate\u0159in\u011b I. Od sv\u00e9ho vzniku slou\u017eil jako t\u011b\u017eebn\u00ed hlavn\u00ed m\u011bsto Rusk\u00e9 \u0159\u00ed\u0161e, t\u011b\u017eilo bohat\u00e9 rudy Uralu a fungovalo jako kl\u00ed\u010dov\u00e9 spojen\u00ed na Sibi\u0159sk\u00e9 cest\u011b, kterou v roce 1781 zah\u00e1jila Kate\u0159ina Velik\u00e1. Tato dopravn\u00ed tepna prom\u011bnila m\u011bsto v br\u00e1nu pro cestovatele a zbo\u017e\u00ed sm\u011b\u0159uj\u00edc\u00ed do rozlehl\u00e9 sibi\u0159sk\u00e9 divo\u010diny. B\u011bhem konce devaten\u00e1ct\u00e9ho stolet\u00ed se Jekat\u011brinburg stal centrem spole\u010densk\u00e9ho a politick\u00e9ho kva\u0161en\u00ed, shroma\u017e\u010fovac\u00edm m\u00edstem pro revolu\u010dn\u00ed hnut\u00ed, kter\u00e1 formovala b\u011bh rusk\u00fdch d\u011bjin. Po bol\u0161evick\u00e9 revoluci bylo m\u011bsto p\u0159ejmenov\u00e1no na Sverdlovsk na po\u010dest Jakova Sverdlova, co\u017e odr\u00e1\u017eelo jeho novou roli administrativn\u00edho a pr\u016fmyslov\u00e9ho centra za sov\u011btsk\u00e9ho re\u017eimu. Po rozpadu Sov\u011btsk\u00e9ho svazu z\u00edskalo zp\u011bt sv\u00e9 historick\u00e9 jm\u00e9no 23. z\u00e1\u0159\u00ed 1991.<\/p>\n<p>Jekat\u011brinburg, le\u017e\u00edc\u00ed na severov\u00fdchodn\u00edm okraji Evropy, zauj\u00edm\u00e1 zalesn\u011bn\u00e9 kopce, kter\u00e9 se sva\u017euj\u00ed k m\u00edrn\u00fdm svah\u016fm Uralu. M\u011bstskou z\u00e1stavbu prot\u00edn\u00e1 \u0159eka Iset, kter\u00e1 se vl\u00e9v\u00e1 z hor do Tobolu. V jeho hranic\u00edch se nach\u00e1zej\u00ed dv\u011b jezera, \u0160uvaki\u0161 a \u0160arta\u0161, zat\u00edmco bl\u00edzk\u00e9 n\u00e1dr\u017ee a rybn\u00edky slou\u017e\u00ed jak k rekreaci, tak k hospoda\u0159en\u00ed s vodou. Vlhk\u00e9 kontinent\u00e1ln\u00ed klima m\u011bsta se vyzna\u010duje ost\u0159e vyzna\u010den\u00fdmi ro\u010dn\u00edmi obdob\u00edmi. Zimn\u00ed teploty mohou p\u0159i arktick\u00fdch intruz\u00edch klesnout a\u017e na -40 \u00b0C a pot\u00e9 se p\u0159i n\u00e1hl\u00e9m t\u00e1n\u00ed vy\u0161plhat nad bod mrazu, zat\u00edmco letn\u00ed teploty se mohou s postupuj\u00edc\u00edmi tepl\u00fdmi vzdu\u0161n\u00fdmi masami ze St\u0159edn\u00ed Asie pohybovat od lehk\u00fdch mraz\u016f a\u017e po maxima p\u0159esahuj\u00edc\u00ed 35 \u00b0C. Tyto dramatick\u00e9 v\u00fdkyvy podtrhuj\u00ed polohu m\u011bsta na k\u0159i\u017eovatce kontrastn\u00edch vzduchov\u00fdch proud\u016f.<\/p>\n<p>Demografick\u00fd r\u016fst doprov\u00e1zel expanzi ekonomiky Jekat\u011brinburgu. Mezi lety 2010 a 2021 se jeho populace zv\u00fd\u0161ila o t\u00e9m\u011b\u0159 15 procent, co\u017e odr\u00e1\u017e\u00ed jak vnit\u0159n\u00ed migraci, tak p\u0159irozen\u00fd p\u0159\u00edr\u016fstek. M\u011bsto se rozr\u016fst\u00e1 za sv\u00e9 ofici\u00e1ln\u00ed hranice do m\u011bstsk\u00e9 aglomerace s p\u0159ibli\u017en\u011b 2,2 miliony obyvatel. Tato expanze se shoduje se stavebn\u00edm boomem, kter\u00fd p\u0159inesl v\u00edce ne\u017e dvacet mrakodrap\u016f, v\u010detn\u011b v\u011b\u017ee Iset, kter\u00e1 je s v\u00fd\u0161kou 209 metr\u016f nejvy\u0161\u0161\u00ed stavbou na Uralu.<\/p>\n<p>Pokud jde o ekonomick\u00fd v\u00fdkon, Jekat\u011brinburg se \u0159ad\u00ed mezi rusk\u00e1 m\u011bsta na t\u0159et\u00ed m\u00edsto, p\u0159ed Moskvou a Petrohradem. Glob\u00e1ln\u00ed index City-600 spole\u010dnosti McKinsey jej \u0159ad\u00ed mezi nejv\u00fdznamn\u011bj\u0161\u00ed m\u011bstsk\u00e9 ekonomiky sv\u011bta a pod\u00edl\u00ed se na 60 procentech sv\u011btov\u00e9ho hrub\u00e9ho dom\u00e1c\u00edho produktu. S hrub\u00fdm m\u011bstsk\u00fdm produktem ve v\u00fd\u0161i 898 miliard rubl\u016f v roce 2015 a hrub\u00fdm metropolitn\u00edm produktem p\u0159esahuj\u00edc\u00edm 50 miliard mezin\u00e1rodn\u00edch dolar\u016f si Jekat\u011brinburg upevnil sv\u00e9 postaven\u00ed finan\u010dn\u00edho a pr\u016fmyslov\u00e9ho centra.<\/p>\n<p>Ekonomick\u00e9 z\u00e1klady m\u011bsta spo\u010d\u00edvaj\u00ed na t\u011b\u017ek\u00e9m pr\u016fmyslu, hutn\u00edch z\u00e1vodech a obrann\u00fdch podnic\u00edch, kter\u00e9 sahaj\u00ed a\u017e do sov\u011btsk\u00e9 \u00e9ry. V obdob\u00ed p\u0159ed rokem 1991 poch\u00e1zelo 90 procent aktivit Sverdlovska z v\u00fdroby, z n\u00ed\u017e t\u0159i \u010dtvrtiny podporovaly vojenskou produkci. Od tr\u017en\u00edch reforem v 90. letech 20. stolet\u00ed se pr\u016fmyslov\u00e1 diverzifikace posunula vp\u0159ed a p\u0159il\u00e1kala investice do technologi\u00ed, logistiky a obchodn\u00edch slu\u017eeb. Velitelstv\u00ed \u00dast\u0159edn\u00edho vojensk\u00e9ho okruhu a uralsk\u00e1 pobo\u010dka Rusk\u00e9 akademie v\u011bd podtrhuj\u00ed dvoj\u00ed roli Jekat\u011brinburgu jako strategick\u00e9ho a intelektu\u00e1ln\u00edho centra.<\/p>\n<p>Cestovn\u00ed ruch se stal v\u00fdznamn\u00fdm p\u0159isp\u011bvatelem k profilu m\u011bsta. Jekat\u011brinburg, kter\u00e9 bylo v roce 2015 v \u017eeb\u0159\u00ed\u010dku Global Destination Cities Index ozna\u010deno za jednu z p\u011bti nejlep\u0161\u00edch rusk\u00fdch destinac\u00ed, v tomto roce p\u0159iv\u00edtalo 2,1 milionu n\u00e1v\u0161t\u011bvn\u00edk\u016f. Posun od obchodn\u00ed k rekrea\u010dn\u00ed turistice je z\u0159ejm\u00fd: zat\u00edmco kdysi tvo\u0159ili obchodn\u00ed cestuj\u00edc\u00ed 80 procent p\u0159\u00edjezd\u016f, do roku 2015 jich bylo pouze 67 procent. N\u00e1v\u0161t\u011bvn\u00edci p\u0159ij\u00ed\u017ed\u011bj\u00ed, aby prozkoumali m\u00edsta spojen\u00e1 s posledn\u00edm rusk\u00fdm carem, sezn\u00e1mili se s ba\u017eovskou tradic\u00ed uralsk\u00e9 geologie a folkl\u00f3ru a z\u00fa\u010dastnili se akc\u00ed od summit\u016f \u0160anghajsk\u00e9 organizace pro spolupr\u00e1ci v letech 2008\u20132009 a\u017e po mezin\u00e1rodn\u00ed v\u00fdstavu Innoprom. Jako\u017eto m\u011bsto po\u0159\u00e1daj\u00edc\u00ed mistrovstv\u00ed sv\u011bta ve fotbale 2018 se Jekat\u011brinburg p\u0159edstavil sv\u00fdm modern\u00edm stadionem vedle historick\u00fdch pam\u00e1tek.<\/p>\n<p>Komplexn\u00ed dopravn\u00ed s\u00ed\u0165 podporuje jak obchod, tak cestovn\u00ed ruch. Sb\u00edh\u00e1 se zde \u0161est feder\u00e1ln\u00edch d\u00e1lnic a sedm hlavn\u00edch \u017eelezni\u010dn\u00edch trat\u00ed, co\u017e z n\u011bj \u010din\u00ed t\u0159et\u00ed nejv\u011bt\u0161\u00ed dopravn\u00ed uzel Ruska po Moskv\u011b a Petrohradu. Uzel Jekat\u011brinburg je sou\u010d\u00e1st\u00ed Transsibi\u0159sk\u00e9 magistr\u00e1ly, kter\u00e1 spojuje evropsk\u00fd z\u00e1pad s tichomo\u0159sk\u00fdm v\u00fdchodem. Mezin\u00e1rodn\u00ed leti\u0161t\u011b Kolcovo ro\u010dn\u011b odbav\u00ed p\u0159es p\u011bt milion\u016f cestuj\u00edc\u00edch, zat\u00edmco sekund\u00e1rn\u00ed leti\u0161t\u011b v Aramilu zaji\u0161\u0165uje region\u00e1ln\u00ed lety. Ve m\u011bst\u011b p\u0159eprav\u00ed t\u00e9m\u011b\u0159 pades\u00e1t milion\u016f cestuj\u00edc\u00edch ro\u010dn\u011b jednolinkov\u00e9 metro s dev\u00edti stanicemi, spolu s tramvajovou, trolejbusovou a autobusovou dopravou, kter\u00e1 kdysi p\u0159epravovala stovky milion\u016f cestuj\u00edc\u00edch ro\u010dn\u011b. Roz\u0161i\u0159uj\u00edc\u00ed se okruh a s\u00ed\u0165 v\u00edce\u00farov\u0148ov\u00fdch p\u0159estupn\u00edch uzl\u016f \u0159e\u0161\u00ed chronick\u00e9 dopravn\u00ed z\u00e1cpy zp\u016fsoben\u00e9 rychl\u00fdm r\u016fstem po\u010dtu vozidel, kter\u00fd nyn\u00ed \u010din\u00ed p\u0159ibli\u017en\u011b 410 vozidel na 1 000 obyvatel.<\/p>\n<p>Kulturn\u00ed krajina Jekat\u011brinburgu je hlubok\u00e1 i rozmanit\u00e1. V\u011bdeckou \u010dinnost podporuje p\u0159ibli\u017en\u011b pades\u00e1t knihoven, v\u010detn\u011b Univerz\u00e1ln\u00ed v\u011bdeck\u00e9 knihovny Sverdlovsk\u00e9 oblasti a \u00dast\u0159edn\u00ed m\u011bstsk\u00e9 knihovny A. I. Hercena. Muze\u00ed je zde p\u0159es pades\u00e1t a jejich sb\u00edrky sahaj\u00ed od ikon z N\u011bvjanska v Muzeu ikon z N\u011bvjanska a\u017e po \u0160igirovu sb\u00edrku, nejstar\u0161\u00ed d\u0159ev\u011bnou sochu na sv\u011bt\u011b, jej\u00ed\u017e st\u00e1\u0159\u00ed se datuje p\u0159ibli\u017en\u011b do doby p\u0159ed 11 500 lety. Jekat\u011brinbursk\u00e9 muzeum v\u00fdtvarn\u00fdch um\u011bn\u00ed uchov\u00e1v\u00e1 v\u00fdznamn\u00e1 pl\u00e1tna rusk\u00e9ho mal\u00ed\u0159stv\u00ed a v jeho sb\u00edrce se nach\u00e1z\u00ed i litinov\u00fd pavilon Kasli, mistrovsk\u00e9 d\u00edlo z roku 1900, zapsan\u00e9 na seznamu UNESCO.<\/p>\n<p>Divadeln\u00ed \u017eivot vzkv\u00e9t\u00e1 v m\u00edstech, jako je Akademick\u00e9 divadlo hudebn\u00ed komedie, \u010dinohern\u00ed divadlo, divadlo ml\u00e1de\u017ee a renomovan\u00e9 loutkov\u00e9 divadlo. Jekat\u011brinbursk\u00e9 divadlo opery a baletu z\u00edskalo v roce 2020 \u010dty\u0159i ceny Zlat\u00e1 maska, v\u010detn\u011b ceny za nejlep\u0161\u00ed opern\u00ed p\u0159edstaven\u00ed. Filmov\u00e9 d\u011bdictv\u00ed m\u011bsta sah\u00e1 od prvn\u00edho kina v roce 1909 a\u017e po Sverdlovsk\u00e9 filmov\u00e9 studio, zalo\u017een\u00e9 v roce 1943, jeho\u017e produkce se dostaly k celost\u00e1tn\u00edmu publiku. V\u00edce ne\u017e dvacet kin nyn\u00ed prom\u00edt\u00e1 dom\u00e1c\u00ed i mezin\u00e1rodn\u00ed filmy.<\/p>\n<p>Hudba tak\u00e9 pulzuje ulicemi m\u011bsta. Rockov\u00e9 kapely jako Chaif, Agata Kristi a Nautilus Pompilius zde vznikly a p\u0159isp\u011bly k hnut\u00ed Ural Rock. Uralsk\u00e1 st\u00e1tn\u00ed konzervato\u0159 vystudovala opern\u00ed hv\u011bzdy jako Boris \u0160tokolov a V\u011bra Bajevov\u00e1 a Uralsk\u00fd filharmonick\u00fd orchestr pod veden\u00edm Dmitrije Lisse vystupuje po cel\u00e9m sv\u011bt\u011b. Cirkusov\u00e9 um\u011bn\u00ed vzkv\u00e9t\u00e1 ve St\u00e1tn\u00edm cirkusu V. I. Filatova, kter\u00fd byl v roce 2012 zvolen rusk\u00fdm cirkusem roku.<\/p>\n<p>Jekat\u011brinburg je zn\u00e1m\u00fd jak ve\u0159ejn\u00fdm um\u011bn\u00edm, tak architekturou. Po\u010det konstruktivistick\u00fdch pam\u00e1tek p\u0159esahuje 140, od B\u00edl\u00e9 v\u011b\u017ee Uralma\u0161 a\u017e po nakladatelstv\u00ed \u201eUralskij Rabo\u010dij\u201c. Pouli\u010dn\u00ed um\u011bn\u00ed vyneslo m\u011bstu p\u0159ezd\u00edvku \u201eRusk\u00e9 hlavn\u00ed m\u011bsto pouli\u010dn\u00edho um\u011bn\u00ed\u201c. Historick\u00e9 budovy sahaj\u00ed od neoklasicistn\u00edch s\u00eddel architekta Michaila Malachova, \u010dinn\u00e9ho v letech 1815 a\u017e 1842, a\u017e po barokn\u00ed a eklektick\u00e9 stavby, jako je Opera a vlakov\u00e9 n\u00e1dra\u017e\u00ed postaven\u00e9 na po\u010d\u00e1tku dvac\u00e1t\u00e9ho stolet\u00ed. Neoklasicismus sov\u011btsk\u00e9 \u00e9ry zdobil ob\u010dansk\u00e9 budovy ve 30. a 50. letech 20. stolet\u00ed, zat\u00edmco bytov\u00e9 domy z chru\u0161\u010dovovy \u00e9ry odr\u00e1\u017eej\u00ed racionalistick\u00e9 doktr\u00edny 60. a 80. let. Tr\u017en\u00ed reformy 90. let 20. stolet\u00ed vedly k restaurov\u00e1n\u00ed a fenom\u00e9nu \u201efas\u00e1d\u201c, kter\u00e9 zachovaly historick\u00e9 pr\u016f\u010del\u00ed a z\u00e1rove\u0148 p\u0159il\u00e9haly k modern\u00edm v\u00fdpln\u00edm. P\u0159elom tis\u00edcilet\u00ed p\u0159inesl high-tech v\u011b\u017ee, obchodn\u00ed centra a luxusn\u00ed komplexy, kter\u00e9 vyvrcholily Centr\u00e1ln\u00ed obchodn\u00ed \u010dtvrt\u00ed navr\u017eenou Jeanem Pistrem a v\u011b\u017e\u00ed Iset.<\/p>\n<p>V kulturn\u00ed \u010dtvrti bylo v roce 2015 otev\u0159eno Prezidentsk\u00e9 centrum Borise Jelcina, kter\u00e9 Rada Evropy v roce 2017 ocenila jako nejlep\u0161\u00ed muzeum v Evrop\u011b. Uralsk\u00e1 spole\u010dnost milovn\u00edk\u016f p\u0159\u00edrodn\u00edch v\u011bd zalo\u017eila zoologickou zahradu, kter\u00e1 nyn\u00ed ukr\u00fdv\u00e1 p\u0159es 1 000 zv\u00ed\u0159at 350 druh\u016f. Od roku 2011 prov\u00e1d\u00ed n\u00e1v\u0161t\u011bvn\u00edky p\u011b\u0161\u00ed trasa \u201e\u010cerven\u00e1 linka\u201c t\u0159iceti \u010dty\u0159mi historick\u00fdmi pam\u00e1tkami v srdci m\u011bsta a propojuje pal\u00e1ce, katedr\u00e1ly a ve\u0159ejn\u00e1 n\u00e1m\u011bst\u00ed v r\u00e1mci samostatn\u00e9 prohl\u00eddky.<\/p>\n<p>P\u0159\u00edb\u011bh Jekat\u011brinburgu je p\u0159\u00edb\u011bhem neust\u00e1l\u00e9 prom\u011bny na setk\u00e1v\u00e1n\u00ed kontinent\u016f a epoch. Jeho vznik jako t\u011b\u017eebn\u00ed z\u00e1kladny, zr\u00e1n\u00ed jako imperi\u00e1ln\u00ed a sov\u011btsk\u00e9 pr\u016fmyslov\u00e9 centrum a vznik modern\u00ed metropole financ\u00ed, um\u011bn\u00ed a architektury podtrhuj\u00ed jeho trval\u00fd v\u00fdznam. Od dob Kate\u0159iny Velik\u00e9 a\u017e po digit\u00e1ln\u00ed \u00e9ru m\u011bsto vyva\u017eovalo t\u011b\u017ebu zdroj\u016f a tv\u016fr\u010d\u00ed vyj\u00e1d\u0159en\u00ed, strategick\u00fd v\u00fdznam a kulturn\u00ed inovace. V jeho ulic\u00edch a panoramatu je patrn\u00e1 nejen t\u00edha historie, ale i ne\u00fanavn\u00e1 ambice m\u011bsta, kter\u00e9 se neust\u00e1le d\u00edv\u00e1 na v\u00fdchod i na z\u00e1pad, na minulost i budoucnost.<\/p>","protected":false},"excerpt":{"rendered":"<p>Jekat\u011brinburg, administrativn\u00ed centrum Sverdlovsk\u00e9 oblasti a Uralsk\u00e9ho feder\u00e1ln\u00edho okruhu v Rusku, se nach\u00e1z\u00ed na \u0159ece Iset, mezi oblast\u00ed Volha-Ural a Sibi\u0159\u00ed. Jekat\u011brinburg, s populac\u00ed kolem 1,5 milionu uvnit\u0159 m\u011bstsk\u00fdch hranic a a\u017e 2,2 milionu v metropolitn\u00ed aglomeraci, je \u010dtvrt\u00fdm nejv\u011bt\u0161\u00edm m\u011bstem v Rusku a nejv\u011bt\u0161\u00edm v Uralsk\u00e9m feder\u00e1ln\u00edm okruhu.<\/p>","protected":false},"author":1,"featured_media":4521,"parent":11976,"menu_order":0,"comment_status":"closed","ping_status":"closed","template":"elementor_theme","meta":{"_eb_attr":"","footnotes":""},"class_list":["post-12053","page","type-page","status-publish","has-post-thumbnail"],"_links":{"self":[{"href":"https:\/\/travelshelper.com\/cs\/wp-json\/wp\/v2\/pages\/12053","targetHints":{"allow":["GET"]}}],"collection":[{"href":"https:\/\/travelshelper.com\/cs\/wp-json\/wp\/v2\/pages"}],"about":[{"href":"https:\/\/travelshelper.com\/cs\/wp-json\/wp\/v2\/types\/page"}],"author":[{"embeddable":true,"href":"https:\/\/travelshelper.com\/cs\/wp-json\/wp\/v2\/users\/1"}],"replies":[{"embeddable":true,"href":"https:\/\/travelshelper.com\/cs\/wp-json\/wp\/v2\/comments?post=12053"}],"version-history":[{"count":0,"href":"https:\/\/travelshelper.com\/cs\/wp-json\/wp\/v2\/pages\/12053\/revisions"}],"up":[{"embeddable":true,"href":"https:\/\/travelshelper.com\/cs\/wp-json\/wp\/v2\/pages\/11976"}],"wp:featuredmedia":[{"embeddable":true,"href":"https:\/\/travelshelper.com\/cs\/wp-json\/wp\/v2\/media\/4521"}],"wp:attachment":[{"href":"https:\/\/travelshelper.com\/cs\/wp-json\/wp\/v2\/media?parent=12053"}],"curies":[{"name":"wp","href":"https:\/\/api.w.org\/{rel}","templated":true}]}}