{"id":12037,"date":"2024-09-15T12:46:46","date_gmt":"2024-09-15T12:46:46","guid":{"rendered":"https:\/\/travelshelper.com\/staging\/?page_id=12037"},"modified":"2026-03-12T21:54:54","modified_gmt":"2026-03-12T21:54:54","slug":"soci","status":"publish","type":"page","link":"https:\/\/travelshelper.com\/cs\/destinations\/europe\/russian-federation\/sochi\/","title":{"rendered":"So\u010di"},"content":{"rendered":"<p>So\u010di, nejv\u011bt\u0161\u00ed rusk\u00e9 letovisko, zab\u00edr\u00e1 \u00fazk\u00fd pob\u0159e\u017en\u00ed p\u00e1s o rozloze 176,77 kilometr\u016f \u010dtvere\u010dn\u00edch pod\u00e9l \u010cern\u00e9ho mo\u0159e na severn\u00edm Kavkaze. V m\u011bstsk\u00e9 \u010d\u00e1sti \u017eije 466 078 obyvatel a po\u010det obyvatel m\u011bstsk\u00e9 oblasti se zvy\u0161uje na p\u0159ibli\u017en\u011b 600 000. So\u010di, kter\u00e9 se t\u00e1hne 145 kilometr\u016f od Lazarevskoje na severoz\u00e1pad\u011b po Adler na jihov\u00fdchod\u011b, se \u0159ad\u00ed mezi nejdel\u0161\u00ed m\u011bsta Evropy a je p\u00e1t\u00fdm nejv\u011bt\u0161\u00edm m\u011bstsk\u00fdm centrem v Ji\u017en\u00edm feder\u00e1ln\u00edm okruhu, druh\u00fdm nejv\u011bt\u0161\u00edm v Krasnodarsk\u00e9m kraji a \u0161est\u00fdm nejv\u011bt\u0161\u00edm na pob\u0159e\u017e\u00ed \u010cern\u00e9ho mo\u0159e. So\u010di, kter\u00e9 se nach\u00e1z\u00ed asi 1 603 kilometr\u016f od Moskvy po silnici, spojuje subtropick\u00e9 pob\u0159e\u017e\u00ed se strm\u00fdmi zalesn\u011bn\u00fdmi svahy, \u010d\u00edm\u017e vytv\u00e1\u0159\u00ed letovisko, kter\u00e9 v rusk\u00fdch zem\u011bpisn\u00fdch \u0161\u00ed\u0159k\u00e1ch nem\u00e1 obdoby.<\/p>\n<p>Rozvoj m\u011bsta sah\u00e1 a\u017e k jeho strategick\u00e9 poloze na soutoku pob\u0159e\u017en\u00edho, \u0159\u00ed\u010dn\u00edho a horsk\u00e9ho prost\u0159ed\u00ed. Starov\u011bc\u00ed ubych\u0161t\u00ed obyvatel\u00e9 toto m\u00edsto naz\u00fdvali \u201e\u0428\u044a\u0443\u0430\u0447\u0430\u201c, co\u017e znamen\u00e1 \u201emo\u0159e\u201c, a a\u017e do poloviny 19. stolet\u00ed zde z\u016fstalo shlukem nez\u00e1visl\u00fdch osad. Pob\u0159e\u017e\u00ed kdysi rozprost\u00edralo rusk\u00e9 vojensk\u00e9 z\u00e1kladny a janovsk\u00e9 obchodn\u00ed stanice, kter\u00e9 polo\u017eily z\u00e1klady modern\u00edch mikrookres\u016f. Dne\u0161n\u00ed obecn\u00ed struktura zahrnuje \u010dty\u0159i m\u011bstsk\u00e9 \u010d\u00e1sti \u2013 Centr\u00e1ln\u00ed, Lazarevsk\u00fd, Chostinsk\u00fd a Adlersk\u00fd \u2013 spolu s m\u011bstskou osadou Krasnaja Poljana a sedmdes\u00e1ti dev\u00edti venkovsk\u00fdmi lokalitami, kter\u00e9 jsou v\u0161echny spole\u010dn\u011b spravov\u00e1ny jako So\u010dijsk\u00fd m\u011bstsk\u00fd okruh.<\/p>\n<p>Centr\u00e1ln\u00ed So\u010di, d\u0159\u00edve m\u011bstsk\u00e1 \u010dtvr\u0165 Centr\u00e1ln\u00ed, m\u00e1 rozlohu pouh\u00fdch 32 kilometr\u016f \u010dtvere\u010dn\u00edch, p\u0159esto zde \u017eije zhruba 137 677 obyvatel, co\u017e z n\u011bj \u010din\u00ed nejhust\u0161\u00ed \u010dtvr\u0165. C\u00edrkevn\u00ed architektura z 19. stolet\u00ed se zde d\u011bl\u00ed o promen\u00e1dy pod\u00e9l n\u00e1b\u0159e\u017e\u00ed se stalinistick\u00fdmi pam\u00e1tkami. Chr\u00e1m Michaela Archand\u011bla, postaven\u00fd v letech 1873 a\u017e 1891 na pam\u00e1tku konce kavkazsk\u00e9 v\u00e1lky, je \u00fast\u0159edn\u00edm bodem historick\u00e9ho centra. Nedaleko se v roce 2006 nach\u00e1z\u00ed sloup z \u010derven\u00e9 \u017euly postaven\u00fd na po\u010dest voj\u00e1k\u016f padl\u00fdch v tomto konfliktu, jeho\u017e bronzov\u00e1 socha Michaela Archand\u011bla se ty\u010d\u00ed sedm metr\u016f nad pam\u011btn\u00edm n\u00e1m\u011bst\u00edm. Botanick\u00e9 aktivity jsou zt\u011blesn\u011bn\u00edm arboreta v So\u010di, jeho\u017e exotick\u00e1 sb\u00edrka palem a subtropick\u00fdch strom\u016f vzkv\u00e9t\u00e1 uprost\u0159ed upraven\u00fdch h\u00e1j\u016f. V arboretu Mayors Alle\u00e9 jsou vystaveny palmov\u00e9 v\u00fdsadby darovan\u00e9 hostuj\u00edc\u00edmi hodnost\u00e1\u0159i, co\u017e podtrhuje status So\u010di jako mezin\u00e1rodn\u00edho letoviska. V subtropick\u00e9 botanick\u00e9 zahrad\u011b stoj\u00ed hybridn\u00ed citrusov\u00fd strom p\u0159\u00e1telstv\u00ed, kter\u00fd je od roku 1940 opakovan\u011b roubov\u00e1n kultivary z cel\u00e9ho sv\u011bta; p\u0159ilehl\u00e9 muzeum uchov\u00e1v\u00e1 des\u00edtky tis\u00edc diplomatick\u00fdch dar\u016f.<\/p>\n<p>Severoz\u00e1padn\u011b od centra m\u011bsta le\u017e\u00ed m\u011bstsk\u00e1 \u010dtvr\u0165 Lazarevskij, kter\u00e1 se rozkl\u00e1d\u00e1 na plo\u0161e p\u0159ibli\u017en\u011b 1 744 kilometr\u016f \u010dtvere\u010dn\u00edch a podle s\u010d\u00edt\u00e1n\u00ed lidu z roku 2010 v n\u00ed \u017eije 63 894 obyvatel. Mezi podoblasti pat\u0159\u00ed Lazarevskoje, kde vedle delfin\u00e1ria koexistuje kostel z roku 1903 a jeho sou\u010dasn\u00fd prot\u011bj\u0161ek; Loo, zasazen\u00e9 do ruin pevnostn\u00edho kostela z byzantsk\u00e9 \u00e9ry; Dagomys, proslul\u00fd c\u00edsa\u0159sk\u00fdmi \u010dajov\u00fdmi plant\u00e1\u017eemi a botanickou zahradou, kterou nechal vybudovat Mikul\u00e1\u0161 II., a tak\u00e9 hotelov\u00fdm komplexem u \u0159eky z roku 1982; a Golovinka, historick\u00e9 \u00fast\u00ed \u0159eky \u0160ache, kde kdysi prosincov\u0161t\u00ed trestanci obsluhovali pevnost Golovinsk\u00fd a\u017e do jej\u00edho zni\u010den\u00ed v krymsk\u00e9 v\u00e1lce. Ozv\u011bny st\u0159edov\u011bk\u00e9ho obchodu p\u0159etrv\u00e1vaj\u00ed v chab\u00fdch pam\u00e1tk\u00e1ch pevnosti Godlik, kterou kdysi br\u00e1nili Byzantinci, obl\u00e9hali Chazarov\u00e9 a znovu budovali janov\u0161t\u00ed obchodn\u00edci.<\/p>\n<p>Jihov\u00fdchodn\u00edm sm\u011brem se rozkl\u00e1d\u00e1 m\u011bstsk\u00e1 \u010dtvr\u0165 Chostinsk\u00fd na plo\u0161e p\u0159ibli\u017en\u011b 374 kilometr\u016f \u010dtvere\u010dn\u00edch a \u017eije v n\u00ed 65 229 obyvatel. \u010cetn\u00e9 pot\u016f\u010dky vyhloubily zelen\u00e1 \u00fadol\u00ed, kter\u00e1 prop\u016fj\u010dila sv\u00e1 jm\u00e9na \u2013 Macesta, \u201e\u0159eka barvy plamen\u016f\u201c, Kudepsta a Chosta \u2013 p\u0159ilehl\u00fdm mikrookres\u016fm. L\u00e9\u010div\u00e9 prameny Macesty podn\u00edtily ran\u00fd rozvoj sanatori\u00ed; jejich miner\u00e1ln\u00ed voda, kdysi pln\u011bn\u00e1 do lahv\u00ed pro export, i nad\u00e1le p\u0159itahuje rekonvalescenty. V\u00fdhledy z vrcholk\u016f kopc\u016f lemuj\u00ed \u010dajov\u00e1 pole, kter\u00e1 se t\u00e1hnou do svah\u016f, jejich\u017e smaragdov\u00e9 terasy stoupaj\u00ed sm\u011brem k Kavkazsk\u00e9 biosf\u00e9rick\u00e9 rezervaci. Tato rezervace, kter\u00e1 je sou\u010d\u00e1st\u00ed sv\u011btov\u00e9ho d\u011bdictv\u00ed UNESCO, se rozkl\u00e1d\u00e1 na severov\u00fdchod\u011b p\u0159es Krasnodarsk\u00fd kraj a Adygeu a zachov\u00e1v\u00e1 nedot\u010den\u00e9 sm\u00ed\u0161en\u00e9 lesy a ledovcov\u00e1 \u00fadol\u00ed t\u011bsn\u011b ve vnitrozem\u00ed od pl\u00e1\u017e\u00ed So\u010di.<\/p>\n<p>Na ji\u017en\u00edm konci le\u017e\u00ed m\u011bstsk\u00e1 \u010dtvr\u0165 Adlerskij o rozloze 1 352 kilometr\u016f \u010dtvere\u010dn\u00edch a s 76 534 obyvateli. Adler, historicky odli\u0161n\u00fd a\u017e do roku 1961, kombinuje pob\u0159e\u017e\u00ed \u010cern\u00e9ho mo\u0159e s horsk\u00fdm vnitrozem\u00edm. Starobyl\u00e1 vesnice Sadz a st\u0159edov\u011bk\u00fd janovsk\u00fd p\u0159\u00edstav, kter\u00e9 kdysi toto m\u00edsto zab\u00edraly, ustoupily turistick\u00fdm promen\u00e1d\u00e1m a mezin\u00e1rodn\u00edmu leti\u0161ti. Za z\u00e1livem ter\u00e9n prudce stoup\u00e1 do z\u00e1padn\u00edho Kavkazu, kde se kolem Ach\u0161tyrsk\u00e9 sout\u011bsky shlukuje s\u00ed\u0165 aul\u016f, odlehl\u00fdch horsk\u00fdch vesnic, stopy tradi\u010dn\u00ed adygejsk\u00e9 kultury a pstruhov\u00fdch ryb\u00e1\u0159sk\u00fdch lokalit. Zde 160 metr\u016f hlubok\u00e1 v\u00e1pencov\u00e1 jeskyn\u011b odhaluje tis\u00edcilet\u00ed lidsk\u00e9ho os\u00eddlen\u00ed. N\u00e1horn\u00ed osada Estosadok, p\u016fvodn\u011b estonsk\u00e1 kolonie, nyn\u00ed slou\u017e\u00ed jako br\u00e1na do Krasnaja Poljana, ly\u017ea\u0159sk\u00e9ho st\u0159ediska, kter\u00e9 hostilo alpsk\u00e9 a seversk\u00e9 z\u00e1vody b\u011bhem zimn\u00edch olympijsk\u00fdch her v roce 2014.<\/p>\n<p>Zimn\u00ed hry 2014 a XI. paralympijsk\u00e9 hry znamenaly zlom v transformaci So\u010di. Olympijsk\u00e1 m\u00edsta se nach\u00e1zela jak na pob\u0159e\u017e\u00ed, tak v horsk\u00fdch oblastech, co\u017e si vy\u017e\u00e1dalo rozs\u00e1hlou modernizaci infrastruktury. Nedalek\u00e9 ly\u017ea\u0159sk\u00e9 st\u0159edisko Rosa Chutor, le\u017e\u00edc\u00ed ve strm\u00e9m \u00fadol\u00ed severn\u011b od Krasn\u00e9 Poljany, hostilo sjezdov\u00e9 a skokansk\u00e9 z\u00e1vody. Investice do her za p\u0159edchoz\u00ed desetilet\u00ed p\u0159es\u00e1hly jeden bilion rubl\u016f a zahrnovaly dopravu, pohostinstv\u00ed a obnovu m\u011bst. Modernizov\u00e1no bylo \u017eelezni\u010dn\u00ed spojen\u00ed; p\u011bt stanic \u2013 Dagomys, So\u010di, Macesta, Chosta a Adler \u2013 pro\u0161lo rekonstrukc\u00ed, zat\u00edmco nov\u00e9 stanice vznikly v Adleru a Estosadoku. Pl\u00e1ny na s\u00ed\u0165 lehk\u00e9ho metra byly nakonec odlo\u017eeny ve prosp\u011bch rekonstrukce \u017eeleznice, p\u0159esto se roz\u0161\u00ed\u0159ily lanovky a pozemn\u00ed dr\u00e1hy, kter\u00e9 spojovaly n\u00ed\u017einn\u00e9 sanatoria a hotely na svaz\u00edch kopc\u016f. Velk\u00e1 cena Ruska Formule 1, kter\u00e1 se konala na \u00fa\u010delov\u00e9m pob\u0159e\u017en\u00edm okruhu od roku 2014 do roku 2021, d\u00e1le upevnila profil So\u010di jako destinace pro v\u00edce sez\u00f3n. V roce 2018 se So\u010di p\u0159ipojilo k Moskv\u011b a Petrohradu jako m\u011bsto hostitele z\u00e1pas\u016f mistrovstv\u00ed sv\u011bta ve fotbale.<\/p>\n<p>Geograficky m\u011bsto zauj\u00edm\u00e1 \u00fazk\u00fd koridor lemovan\u00fd m\u00edrn\u00fdmi vodami \u010cern\u00e9ho mo\u0159e a strm\u00fdmi svahy z\u00e1padn\u00edho Kavkazu. Toto \u00fazem\u00ed zavla\u017euje \u0161est v\u00fdznamn\u00fdch \u0159ek: Mzymta a \u0160ache prot\u00ednaj\u00ed horsk\u00e1 \u00fadol\u00ed k mo\u0159i, zat\u00edmco \u0159eky A\u0161e, Psezuapse, So\u010di, Chosta a Macesta prot\u00ednaj\u00ed mikrookresy pojmenovan\u00e9 po jejich toc\u00edch. Na jihov\u00fdchod\u011b tvo\u0159\u00ed \u0159eka Psou hranici s de facto st\u00e1tem Abch\u00e1zie. Ve vnitrozem\u00ed od letovisek se rozkl\u00e1d\u00e1 N\u00e1rodn\u00ed park So\u010di, kter\u00fd zahrnuje pouze pob\u0159e\u017en\u00ed okraj a biosf\u00e9rickou rezervaci a zachov\u00e1v\u00e1 jak jehli\u010dnat\u00e9 vrchoviny, tak subtropick\u00e9 n\u00ed\u017einn\u00e9 ka\u0148ony.<\/p>\n<p>Klima So\u010di se v\u00fdrazn\u011b li\u0161\u00ed od klimatu v\u011bt\u0161iny rusk\u00fdch m\u011bst. V n\u00edzk\u00fdch nadmo\u0159sk\u00fdch v\u00fd\u0161k\u00e1ch je klasifikov\u00e1no jako vlhk\u00e9 subtropick\u00e9 (K\u00f6ppenovo Cfa) s pr\u016fm\u011brn\u00fdmi denn\u00edmi teplotami 11 \u00b0C v zim\u011b a 24 \u00b0C v l\u00e9t\u011b, s odpov\u00eddaj\u00edc\u00edmi no\u010dn\u00edmi pr\u016fm\u011bry 4 \u00b0C a 16 \u00b0C. Teploty mo\u0159e v pl\u00e1\u017eov\u00e9 sez\u00f3n\u011b se pohybuj\u00ed od 9 \u00b0C v \u00fanoru do 27 \u00b0C v srpnu. Ro\u010dn\u00ed sr\u00e1\u017eky dosahuj\u00ed zhruba 1 700 mm b\u011bhem p\u0159ibli\u017en\u011b 2 200 hodin slune\u010dn\u00edho svitu, co\u017e vede k m\u00edrn\u00fdm p\u0159echodn\u00fdm obdob\u00edm v dubnu a listopadu, kdy denn\u00ed maxima n\u011bkdy dosahuj\u00ed 20 \u00b0C. Navzdory subtropick\u00fdm aspekt\u016fm se zde vyskytuj\u00ed no\u010dn\u00ed mrazy a zimn\u00ed minima klesly na -13,4 \u00b0C (25. ledna 1892), zat\u00edmco letn\u00ed maxima dos\u00e1hla vrcholu 39,4 \u00b0C 30. \u010dervence 2000. Za\u0159azen\u00ed m\u011bsta do z\u00f3n odolnosti USDA 8b a\u017e 9a umo\u017e\u0148uje p\u011bstov\u00e1n\u00ed r\u016fzn\u00fdch palem a \u010daje \u2013 co\u017e je v rusk\u00e9m zem\u011bd\u011blstv\u00ed vz\u00e1cnost.<\/p>\n<p>P\u011bstov\u00e1n\u00ed \u010daje p\u0159edstavuje specifickou ekonomickou a kulturn\u00ed nit. Severn\u00ed plant\u00e1\u017ee So\u010di vd\u011b\u010d\u00ed za sv\u016fj p\u016fvod 19. stolet\u00ed, kdy Mikul\u00e1\u0161 II. zalo\u017eil zahrady v Dagomysu a okoln\u00edch \u00fadol\u00edch. Dnes \u010dajovny zpracov\u00e1vaj\u00ed m\u00edstn\u00ed \u010dajov\u00e9 l\u00edstky spolu s dovozem a historick\u00e9 usedlosti slou\u017e\u00ed jako muzejn\u00ed farmy a degusta\u010dn\u00ed m\u00edsta. Subtropick\u00e9 arboretum je tak\u00e9 d\u016fkazem experimentov\u00e1n\u00ed s exotickou fl\u00f3rou; jeho sklen\u00edky a upraven\u00e9 rokle p\u0159edstavuj\u00ed druhy, kter\u00e9 odr\u00e1\u017eej\u00ed klimatick\u00e9 nuance regionu.<\/p>\n<p>Z ekonomick\u00e9ho hlediska So\u010di funguje jak jako magnet pro letoviska, tak jako motor region\u00e1ln\u00edho r\u016fstu. Ekonomka a geografka Natalia Zubarevi\u010dov\u00e1 charakterizovala m\u011bsto jako \u201erekrea\u010dn\u00ed centrum Ruska\u201c, jeho\u017e prosperita ovliv\u0148uje vektory n\u00e1rodn\u00edho rozvoje. V roce 2015 tvo\u0159il maloobchod 59 procent jeho ekonomiky, n\u00e1sledovalo stavebnictv\u00ed (15 procent), slu\u017eby v oblasti letovisek a cestovn\u00edho ruchu (11 procent), pr\u016fmysl (10,6 procenta), doprava (3,5 procenta) a zem\u011bd\u011blstv\u00ed (0,9 procenta). St\u0159edn\u00ed a velk\u00e9 podniky vyk\u00e1zaly v roce 2017 obrat p\u0159esahuj\u00edc\u00ed 191,3 miliardy rubl\u016f, co\u017e p\u0159edstavuje meziro\u010dn\u00ed n\u00e1r\u016fst o 12 procent. Od roku 2005 kumulativn\u00ed investice do ekonomiky So\u010di p\u0159ekro\u010dily 1,1 bilionu rubl\u016f, co\u017e odr\u00e1\u017e\u00ed n\u00e1r\u016fst kapit\u00e1lu spojen\u00e9ho s olympi\u00e1dou a \u0161ir\u0161\u00edmi snahami o p\u0159estavbu.<\/p>\n<p>V n\u00e1rodn\u00edch \u017eeb\u0159\u00ed\u010dc\u00edch si So\u010di vede trvale dob\u0159e. Institut Urbanika jej v roce 2010 um\u00edstil na prvn\u00edm m\u00edst\u011b v kvalit\u011b \u017eivota mezi rusk\u00fdmi m\u011bsty a v letech 2014 a 2015 mezi p\u011bti nejlep\u0161\u00edmi, a to s od\u016fvodn\u011bn\u00edm rychl\u00e9ho rozvoje, environment\u00e1ln\u00ed atraktivity a ve\u0159ejn\u00e9 bezpe\u010dnosti. Forbes Rusko v roce 2012 ozna\u010dil So\u010di za nejlep\u0161\u00ed m\u011bsto pro podnik\u00e1n\u00ed, p\u0159i\u010dem\u017e ocenil investi\u010dn\u00ed toky a rozv\u00edjej\u00edc\u00ed se sektory finan\u010dn\u00edch slu\u017eeb. Samotn\u00fd turistick\u00fd ruch v roce 2015 vygeneroval tr\u017eby p\u0159ibli\u017en\u011b 30 miliard rubl\u016f, co\u017e odpov\u00edd\u00e1 18,6 procent\u016fm celkov\u00e9ho trhu s ubytov\u00e1n\u00edm a pohostinstv\u00edm v zemi. Ro\u010dn\u00ed po\u010det turist\u016f v roce 2016 dos\u00e1hl v\u00edce ne\u017e 5,2 milionu, co\u017e p\u0159edstavuje n\u00e1r\u016fst o 5,9 procenta, s pr\u016fm\u011brnou obsazenost\u00ed hotel\u016f t\u00e9m\u011b\u0159 77 procent, i kdy\u017e je obsazenost v\u00fdrazn\u011b sez\u00f3nn\u00ed.<\/p>\n<p>Mo\u017enosti ubytov\u00e1n\u00ed zahrnuj\u00ed 705 klasifikovan\u00fdch za\u0159\u00edzen\u00ed, v\u010detn\u011b 66 sanatori\u00ed, 20 penzion\u016f a rekrea\u010dn\u00edch st\u0159edisek a 618 hotel\u016f. Provozovatel\u00e9 pl\u00e1\u017e\u00ed spravuj\u00ed 183 vyhrazen\u00fdch z\u00f3n, zat\u00edmco v\u00edce ne\u017e stovka turistick\u00fdch spole\u010dnost\u00ed zaji\u0161\u0165uje v\u00fdlety do horsk\u00fdch rezervac\u00ed, ke kulturn\u00edm pam\u00e1tk\u00e1m a na mo\u0159sk\u00e9 atrakce. N\u00e1mo\u0159n\u00ed aktivity se soust\u0159ed\u00ed na p\u0159\u00edstavn\u00ed termin\u00e1l ve stalinsk\u00e9m stylu, dokon\u010den\u00fd v roce 1955 architekty Karo Alabyanem a Leonidem Karlikem; jeho 71 metr\u016f vysok\u00e1 v\u011b\u017e s v\u011b\u017eemi a alegorick\u00e9 sochy oslavuj\u00ed ro\u010dn\u00ed obdob\u00ed a sv\u011btov\u00e9 strany. Rekrea\u010dn\u00ed plavidla a obchodn\u00ed lod\u011b sd\u00edlej\u00ed jeho um\u011bleck\u00e9 s\u00e1ly.<\/p>\n<p>Dopravn\u00ed infrastruktura se neust\u00e1le vyv\u00edj\u00ed. Mezin\u00e1rodn\u00ed leti\u0161t\u011b Adler-So\u010di odbavuje vnitrost\u00e1tn\u00ed i omezen\u00e9 mezin\u00e1rodn\u00ed lety a spojuje do Moskvy, Petrohradu, Istanbulu a region\u00e1ln\u00edch center. Ve\u0159ejnou dopravu tvo\u0159\u00ed s\u00ed\u0165 autobus\u016f a tax\u00edk\u016f, kterou podporuj\u00ed pomocn\u00e9 lanovky v \u00dast\u0159edn\u00edm vojensk\u00e9m sanatoriu a letovisku Ord\u017eonikidze a t\u0159i lanovky v sanatoriu Dawn Arboretum a penzionu Neva. V Krasn\u00e9 Poljan\u011b dal\u0161\u00ed lanovky doprav\u00ed milovn\u00edky zimn\u00edch sport\u016f do nadmo\u0159sk\u00e9 v\u00fd\u0161ky p\u0159esahuj\u00edc\u00ed tis\u00edc metr\u016f.<\/p>\n<p>Kulturn\u00ed \u017eivot v So\u010di se to\u010d\u00ed kolem ka\u017edoro\u010dn\u00edch festival\u016f a performativn\u00edho um\u011bn\u00ed. Filmov\u00fd festival Kinotavr, kter\u00fd se kon\u00e1 ka\u017ed\u00e9 l\u00e9to od roku 1991, p\u0159in\u00e1\u0161\u00ed na m\u00edstn\u00ed obrazovky ruskou i mezin\u00e1rodn\u00ed kinematografii. Symfonick\u00e9 koncerty, komorn\u00ed recit\u00e1ly a baletn\u00ed p\u0159edstaven\u00ed se konaj\u00ed v zrekonstruovan\u00fdch s\u00e1lech, v\u010detn\u011b S\u00e1lu varhann\u00ed a komorn\u00ed hudby, kde So\u010dijsk\u00fd symfonick\u00fd orchestr \u2013 po l\u00e9ta dirigovan\u00fd Olegem Soldatovem \u2013 bav\u00ed obyvatele i n\u00e1v\u0161t\u011bvn\u00edky. Muzea v\u011bnovan\u00e1 region\u00e1ln\u00ed historii, um\u011bn\u00ed a p\u0159\u00edrodn\u00edm v\u011bd\u00e1m s\u00eddl\u00ed v p\u0159estav\u011bn\u00fdch obchodn\u00edch budov\u00e1ch a \u00fa\u010delov\u00fdch galeri\u00edch.<\/p>\n<p>I kdy\u017e se glob\u00e1ln\u00ed profil So\u010di zv\u00fd\u0161il, p\u00e9\u010de o \u017eivotn\u00ed prost\u0159ed\u00ed z\u016fst\u00e1v\u00e1 kl\u00ed\u010dov\u00fdm probl\u00e9mem. Kavkazsk\u00e1 biosf\u00e9rick\u00e1 rezervace a p\u0159ilehl\u00fd n\u00e1rodn\u00ed park chr\u00e1n\u00ed endemick\u00e9 druhy, jako je sn\u011bhov\u00fd kohout kavkazsk\u00fd a leopard persk\u00fd, a z\u00e1rove\u0148 zachov\u00e1v\u00e1 integritu povod\u00ed \u0159ek, kter\u00e9 z\u00e1sobuj\u00ed pob\u0159e\u017en\u00ed komunity pitnou vodou. Iniciativy v oblasti udr\u017eiteln\u00e9ho cestovn\u00edho ruchu podporuj\u00ed p\u011b\u0161\u00ed turistiku s n\u00edzk\u00fdm dopadem na \u017eivotn\u00ed prost\u0159ed\u00ed a pozorov\u00e1n\u00ed divok\u00e9 zv\u011b\u0159e a projekty zales\u0148ov\u00e1n\u00ed se sna\u017e\u00ed rehabilitovat svahy obna\u017een\u00e9 minulou v\u00fdstavbou. M\u00edstn\u00ed \u00fa\u0159ady prosazuj\u00ed p\u0159edpisy proti nekontrolovan\u00e9 v\u00fdstavb\u011b na pob\u0159e\u017e\u00ed a sna\u017e\u00ed se vyv\u00e1\u017eit ekonomick\u00e9 p\u0159\u00edle\u017eitosti s ochranou ekosyst\u00e9m\u016f.<\/p>\n<p>Infrastruktura a finance se prol\u00ednaj\u00ed v prob\u00edhaj\u00edc\u00ed modernizaci m\u011bst. \u0160irokop\u00e1smov\u00e9 s\u00edt\u011b a optick\u00e9 p\u0159ipojen\u00ed se p\u0159ed zimn\u00edmi hrami dramaticky roz\u0161\u00ed\u0159ily, co\u017e umo\u017enilo aplikace chytr\u00fdch m\u011bst v oblasti ve\u0159ejn\u00e9 bezpe\u010dnosti a \u0159\u00edzen\u00ed dopravy. Promen\u00e1dy na n\u00e1b\u0159e\u017e\u00ed a \u0159\u00ed\u010dn\u00ed n\u00e1b\u0159e\u017e\u00ed byly rekonstruov\u00e1ny, aby odolaly sez\u00f3nn\u00edm z\u00e1plav\u00e1m, a kanaliza\u010dn\u00ed syst\u00e9my byly modernizov\u00e1ny, aby slou\u017eily obyvatel\u016fm v hlavn\u00ed sez\u00f3n\u011b. Investi\u010dn\u00ed pob\u00eddky p\u0159itahuj\u00ed technologick\u00e9 a servisn\u00ed firmy, co\u017e diverzifikuje ekonomickou z\u00e1kladnu So\u010di nad r\u00e1mec pohostinstv\u00ed.<\/p>\n<p>Vzd\u011bl\u00e1vac\u00ed instituce, v\u010detn\u011b pobo\u010dek p\u0159edn\u00edch rusk\u00fdch univerzit, prov\u00e1d\u011bj\u00ed v\u00fdzkum v oblasti subtropick\u00e9ho zem\u011bd\u011blstv\u00ed, zm\u00edr\u0148ov\u00e1n\u00ed seismick\u00fdch rizik a managementu cestovn\u00edho ruchu. Mezin\u00e1rodn\u00ed konference shroma\u017e\u010fuj\u00ed odborn\u00edky na adaptaci na zm\u011bnu klimatu a ochranu kulturn\u00edho d\u011bdictv\u00ed, \u010d\u00edm\u017e se vyu\u017e\u00edv\u00e1 jedine\u010dn\u00e1 poloha So\u010di na k\u0159i\u017eovatce Evropy a Asie. Programy spolupr\u00e1ce s UNESCO a Mezin\u00e1rodn\u00ed uni\u00ed ochrany p\u0159\u00edrody se zab\u00fdvaj\u00ed spr\u00e1vou chr\u00e1n\u011bn\u00fdch \u00fazem\u00ed, zat\u00edmco iniciativy kulturn\u00ed v\u00fdm\u011bny se zam\u011b\u0159uj\u00ed na kavkazskou hudbu, tanec a \u0159emesla.<\/p>\n<p>So\u010di \u010del\u00ed v\u00fdzv\u011b udr\u017eet celoro\u010dn\u00ed aktivitu. Snahy o podporu kulturn\u00ed turistiky v zimn\u00edch m\u011bs\u00edc\u00edch, jako jsou v\u00e1no\u010dn\u00ed trhy, um\u011bleck\u00e9 v\u00fdstavy a wellness pobyty, si kladou za c\u00edl vyhladit sez\u00f3nn\u00ed v\u00fdkyvy. Roz\u0161\u00ed\u0159en\u00ed ly\u017ea\u0159sk\u00fdch a horsk\u00fdch cyklistick\u00fdch za\u0159\u00edzen\u00ed v Krasn\u00e9 Poljan\u011b a Olympijsk\u00e9m parku se sna\u017e\u00ed p\u0159il\u00e1kat dom\u00e1c\u00ed i region\u00e1ln\u00ed n\u00e1v\u0161t\u011bvn\u00edky. N\u00e1vrhy na lanovkov\u00e9 propojen\u00ed s nov\u00fdmi \u00fadol\u00edmi by mohly otev\u0159\u00edt dal\u0161\u00ed alpsk\u00fd ter\u00e9n, a\u010dkoli posouzen\u00ed vliv\u016f na \u017eivotn\u00ed prost\u0159ed\u00ed m\u016f\u017ee takov\u00e9 projekty omezit.<\/p>\n<p>Urbanist\u00e9 tak\u00e9 zohled\u0148uj\u00ed demografick\u00e9 trendy: s ohledem na st\u00e1rnouc\u00ed obyvatelstvo a p\u0159\u00edliv migrant\u016f se So\u010di mus\u00ed zab\u00fdvat dostupn\u00fdm bydlen\u00edm a soci\u00e1ln\u00ed infrastrukturou. Zdravotnick\u00e9 slu\u017eby byly pos\u00edleny modern\u00edmi klinikami a rehabilita\u010dn\u00edmi centry specializuj\u00edc\u00edmi se na sportovn\u00ed zran\u011bn\u00ed a chronick\u00e1 onemocn\u011bn\u00ed souvisej\u00edc\u00ed s klimatick\u00fdmi faktory. Ve\u0159ejn\u00e9 \u0161koly a odborn\u00e9 \u0161koly nab\u00edzej\u00ed programy zam\u011b\u0159en\u00e9 na pohostinstv\u00ed, zem\u011bd\u011blstv\u00ed a technick\u00e9 obory a reaguj\u00ed tak na popt\u00e1vku trhu pr\u00e1ce.<\/p>\n<p>V doprav\u011b se mohou znovu objevit n\u00e1vrhy na spojen\u00ed lehkou kolejovou dopravou mezi mikrookresy, p\u0159i\u010dem\u017e studie hodnot\u00ed pom\u011br n\u00e1klad\u016f a p\u0159\u00ednos\u016f ve vztahu ke st\u00e1vaj\u00edc\u00edm autobusov\u00fdm a taxislu\u017eb\u00e1m. Modern\u00ed tramvaje nebo elektrick\u00e9 minibusy by mohly sn\u00ed\u017eit dopravn\u00ed z\u00e1cpy pod\u00e9l pob\u0159e\u017en\u00ed d\u00e1lnice, kter\u00e1 je v obdob\u00ed sv\u00e1tk\u016f vystavena hust\u00e9mu provozu. Vodn\u00ed doprava, v\u010detn\u011b vysokorychlostn\u00edch trajekt\u016f do region\u00e1ln\u00edch p\u0159\u00edstav\u016f, by mohla nab\u00eddnout alternativn\u00ed spojen\u00ed s destinacemi, jako jsou Anapa a Novorossijsk.<\/p>\n<p>Z kulturn\u00edho hlediska se snahy o zd\u016frazn\u011bn\u00ed multietnick\u00e9ho d\u011bdictv\u00ed m\u011bsta op\u00edraj\u00ed o ubychsk\u00e9, adygejsk\u00e9, gruz\u00ednsk\u00e9 a rusk\u00e9 narativy. Muzea a interpreta\u010dn\u00ed centra se sna\u017e\u00ed zasadit archeologick\u00e9 n\u00e1lezy z prehistorick\u00e9ho a st\u0159edov\u011bk\u00e9ho obdob\u00ed do kontextu a propojit tak minulost a sou\u010dasnost. Festivaly oslavuj\u00edc\u00ed kavkazskou hudbu a kuchyni spolu s pravoslavn\u00fdmi a muslimsk\u00fdmi pam\u00e1tkami podtrhuj\u00ed roli So\u010di jako m\u00edsta setk\u00e1v\u00e1n\u00ed tradic.<\/p>\n<p>So\u010di tak p\u0159edstavuje pozoruhodn\u00fd p\u0159\u00edklad geografick\u00e9ho kontrastu: vlhk\u00e9 subtropick\u00e9 pob\u0159e\u017e\u00ed hrani\u010d\u00edc\u00ed s ledovcov\u00fdmi horami, modern\u00ed rekrea\u010dn\u00ed za\u0159\u00edzen\u00ed protkan\u00e1 stalet\u00fdmi vesnicemi a ekonomika se vyv\u00edjej\u00edc\u00ed od sez\u00f3nn\u00ed turistiky k celoro\u010dn\u00ed diverzifikaci. Od svah\u016f protnut\u00fdch \u0159ekami a\u017e po lesy chr\u00e1n\u011bn\u00e9 UNESCO, od olympijsk\u00e9 vzne\u0161enosti a\u017e po \u00fachvatn\u00e9 botanick\u00e9 sb\u00edrky, m\u011bsto zt\u011bles\u0148uje prol\u00edn\u00e1n\u00ed p\u0159\u00edrodn\u00ed a lidsk\u00e9 historie. Jeho trvalou v\u00fdzvou je p\u011bstov\u00e1n\u00ed tohoto dvoj\u00edho odkazu \u2013 zachov\u00e1n\u00ed ekologick\u00e9 integrity a z\u00e1rove\u0148 udr\u017een\u00ed soci\u00e1ln\u00ed a infrastrukturn\u00ed vitality, kter\u00e1 definovala vzestup So\u010di jako p\u0159edn\u00ed rusk\u00e9 p\u0159\u00edmo\u0159sk\u00e9 destinace.<\/p>","protected":false},"excerpt":{"rendered":"<p>So\u010di, nejv\u011bt\u0161\u00ed letovisko v Rusku, se nach\u00e1z\u00ed na pob\u0159e\u017e\u00ed \u010cern\u00e9ho mo\u0159e v ji\u017en\u00edm Rusku, s populac\u00ed 466 078 osob a kapacitou m\u011bstsk\u00e9 oblasti a\u017e 600 000 obyvatel. Tato mimo\u0159\u00e1dn\u00e1 metropole se rozkl\u00e1d\u00e1 na 145 kilometrech, co\u017e z n\u00ed d\u011bl\u00e1 nejdel\u0161\u00ed m\u011bsto v Evrop\u011b, a m\u00e1 rozlohu 176,77 kilometr\u016f \u010dtvere\u010dn\u00edch. V\u00fdhodn\u00e1 poloha So\u010di pod\u00e9l \u0159eky So\u010di, asi 1 603 kilometr\u016f od Moskvy, pos\u00edlila jeho status v\u00fdznamn\u00e9ho turistick\u00e9ho centra a obchodn\u00edho centra v oblasti.<\/p>","protected":false},"author":1,"featured_media":4089,"parent":11976,"menu_order":0,"comment_status":"closed","ping_status":"closed","template":"elementor_theme","meta":{"_eb_attr":"","footnotes":""},"class_list":["post-12037","page","type-page","status-publish","has-post-thumbnail"],"_links":{"self":[{"href":"https:\/\/travelshelper.com\/cs\/wp-json\/wp\/v2\/pages\/12037","targetHints":{"allow":["GET"]}}],"collection":[{"href":"https:\/\/travelshelper.com\/cs\/wp-json\/wp\/v2\/pages"}],"about":[{"href":"https:\/\/travelshelper.com\/cs\/wp-json\/wp\/v2\/types\/page"}],"author":[{"embeddable":true,"href":"https:\/\/travelshelper.com\/cs\/wp-json\/wp\/v2\/users\/1"}],"replies":[{"embeddable":true,"href":"https:\/\/travelshelper.com\/cs\/wp-json\/wp\/v2\/comments?post=12037"}],"version-history":[{"count":0,"href":"https:\/\/travelshelper.com\/cs\/wp-json\/wp\/v2\/pages\/12037\/revisions"}],"up":[{"embeddable":true,"href":"https:\/\/travelshelper.com\/cs\/wp-json\/wp\/v2\/pages\/11976"}],"wp:featuredmedia":[{"embeddable":true,"href":"https:\/\/travelshelper.com\/cs\/wp-json\/wp\/v2\/media\/4089"}],"wp:attachment":[{"href":"https:\/\/travelshelper.com\/cs\/wp-json\/wp\/v2\/media?parent=12037"}],"curies":[{"name":"wp","href":"https:\/\/api.w.org\/{rel}","templated":true}]}}