{"id":12022,"date":"2024-09-15T12:33:42","date_gmt":"2024-09-15T12:33:42","guid":{"rendered":"https:\/\/travelshelper.com\/staging\/?page_id=12022"},"modified":"2026-03-12T21:59:02","modified_gmt":"2026-03-12T21:59:02","slug":"novosibirsk","status":"publish","type":"page","link":"https:\/\/travelshelper.com\/cs\/destinations\/europe\/russian-federation\/novosibirsk\/","title":{"rendered":"Novosibirsk"},"content":{"rendered":"<p>Novosibi\u0159sk je nejlidnat\u011bj\u0161\u00edm m\u011bstem Sibi\u0159e, kde podle s\u010d\u00edt\u00e1n\u00ed lidu z roku 2021 \u017eije 1 633 595 obyvatel. Slou\u017e\u00ed jako administrativn\u00ed centrum Novosibi\u0159sk\u00e9 oblasti i Sibi\u0159sk\u00e9ho feder\u00e1ln\u00edho okruhu. Le\u017e\u00ed na 55\u00b0 severn\u00ed \u0161\u00ed\u0159ky na b\u0159ehu \u0159eky Ob v Z\u00e1padosibi\u0159sk\u00e9 n\u00ed\u017ein\u011b a zauj\u00edm\u00e1 kl\u00ed\u010dov\u00fd tranzitn\u00ed bod \u2013 2 811 kilometr\u016f v\u00fdchodn\u011b od Moskvy \u2013 a rozkl\u00e1d\u00e1 se pod\u00e9l ji\u017en\u00ed hranice vymezen\u00e9 Novosibi\u0159skou p\u0159ehradou, kter\u00e1 vznikla v\u00fdstavbou m\u00edstn\u00ed vodn\u00ed elektr\u00e1rny. M\u011bsto, zalo\u017een\u00e9 v roce 1893 na budouc\u00edm k\u0159\u00ed\u017een\u00ed Transsibi\u0159sk\u00e9 magistr\u00e1ly, se od sv\u00fdch po\u010d\u00e1tk\u016f jako Novonikolajevsk vyvinulo v mnohostrann\u00e9 centrum pr\u016fmyslu, v\u00fdzkumu a kultury.<\/p>\n<p>Novonikolajevsk se vyno\u0159il v n\u00edzk\u00e9, ba\u017einat\u00e9 z\u00e1plavov\u00e9 oblasti \u0159eky Ob, kde se prot\u00ednala iniciativa c\u00edsa\u0159sk\u00fdch \u017eelezni\u010dn\u00edch in\u017een\u00fdr\u016f s p\u0159\u00edrodn\u00ed geografi\u00ed. V roce 1897 byl dokon\u010den Novosibirsk\u00fd \u017eelezni\u010dn\u00ed most, kter\u00fd propojil evropskou \u010d\u00e1st Ruska s rozlehl\u00fdm sibi\u0159sk\u00fdm vnitrozem\u00edm, a do roku 1907 se po\u010det obyvatel osady zv\u00fd\u0161il z pouh\u00fdch 8 000 p\u0159i otev\u0159en\u00ed mostu na v\u00edce ne\u017e 47 000. M\u011bsto, kter\u00e9mu byl ud\u011blen status m\u011bsta s pln\u00fdmi m\u011bstsk\u00fdmi pr\u00e1vy, neslo n\u00e1zev \u201eNov\u00fd Nikolaj\u201c na po\u010dest cara Nikolaje II. Ot\u0159esy rusk\u00e9 ob\u010dansk\u00e9 v\u00e1lky zp\u016fsobily rozv\u00edjej\u00edc\u00ed se komunit\u011b v\u00e1\u017en\u00e9 \u0161kody, ale s upevn\u011bn\u00edm sov\u011btsk\u00e9 moci se m\u011bsto nejen zotavilo, ale urychlilo i sv\u016fj rozvoj. V roce 1926 p\u0159ijalo n\u00e1zev Novosibirsk \u2013 doslova \u201eNov\u00e1 Sibi\u0159\u201c \u2013 co\u017e signalizovalo jeho vznikaj\u00edc\u00ed identitu jako centra sov\u011btsk\u00e9 modernity.<\/p>\n<p>B\u011bhem industrializa\u010dn\u00edho \u00fasil\u00ed Josifa Stalina se Novosibirsk stal jedn\u00edm z p\u0159edn\u00edch pr\u016fmyslov\u00fdch center Sibi\u0159e. Tov\u00e1rny p\u0159em\u00edst\u011bn\u00e9 z evropsk\u00e9 \u010d\u00e1sti SSSR b\u011bhem druh\u00e9 sv\u011btov\u00e9 v\u00e1lky zde na\u0161ly bezpe\u010dn\u00e9 \u00fato\u010di\u0161t\u011b a prom\u011bnily m\u011bsto ve v\u00fdznamn\u00e9ho v\u00fdrobce stroj\u016f, vojensk\u00e9ho hardwaru a materi\u00e1l\u016f. Pov\u00e1le\u010dn\u00e1 expanze zahrnovala zalo\u017een\u00ed Akademigorodoku v roce 1957, asi t\u0159icet kilometr\u016f ji\u017en\u011b od m\u011bstsk\u00e9ho j\u00e1dra, co\u017e znamenalo vzestup m\u011bsta jako centra v\u011bdeck\u00e9ho v\u00fdzkumu. Popula\u010dn\u00edho miln\u00edku jednoho milionu bylo dosa\u017eeno v roce 1962 a v n\u00e1sleduj\u00edc\u00edch desetilet\u00edch do\u0161lo k r\u016fstu diverzifikovan\u00e9 ekonomiky, kter\u00e1 dnes zahrnuje leteck\u00fd a kosmick\u00fd pr\u016fmysl, v\u00fdrobu jadern\u00e9ho paliva, v\u00fdrobu turb\u00edn a gener\u00e1tor\u016f, textiln\u00ed a zem\u011bd\u011blsk\u00e9 stroje, elektronick\u00e9 sou\u010d\u00e1stky a hutnictv\u00ed.<\/p>\n<p>Pr\u016fmyslov\u00fd komplex zahrnuje p\u0159ibli\u017en\u011b 214 velk\u00fdch a st\u0159edn\u00edch podnik\u016f. \u010ckalov\u016fv Novosibirsk\u00fd leteck\u00fd z\u00e1vod je zt\u011blesn\u011bn\u00edm leteck\u00e9ho pr\u016fmyslu, zat\u00edmco Novosibirsk\u00fd z\u00e1vod chemick\u00fdch koncentr\u00e1t\u016f je hnac\u00ed silou pr\u016fmyslu jadern\u00fdch paliv. NPO ELSIB vyr\u00e1b\u00ed turbogener\u00e1tory a hydrogener\u00e1tory a Textilmach a NPO Sibselmash dod\u00e1vaj\u00ed textiln\u00ed a zem\u011bd\u011blsk\u00e9 stroje. V\u00fdrobu elektroniky zastupuje Novosibirsk\u00e1 tov\u00e1rna a konstruk\u010dn\u00ed kancel\u00e1\u0159 polovodi\u010dov\u00fdch sou\u010d\u00e1stek a Novosibirsk\u00fd z\u00e1vod r\u00e1diov\u00fdch sou\u010d\u00e1stek OXID. Hutn\u00ed z\u00e1vody, jako je Kuzmin\u016fv Novosibirsk\u00fd hutn\u00ed z\u00e1vod a Novosibirsk\u00fd c\u00ednov\u00fd z\u00e1vod, podtrhuj\u00ed roli m\u011bsta v kovod\u011bln\u00e9m pr\u016fmyslu a zpracov\u00e1n\u00ed vz\u00e1cn\u00fdch kov\u016f.<\/p>\n<p>Administrativn\u011b je Novosibirsk za\u010dlen\u011bn jako jednotka se stejn\u00fdm statusem jako okoln\u00ed okresy a tvo\u0159\u00ed m\u011bsto Novosibirsk. D\u00e1le slou\u017e\u00ed jako administrativn\u00ed centrum Novosibi\u0159sk\u00e9ho okresu, a\u010dkoli nespad\u00e1 pod jeho jurisdikci. Z obecn\u00edho hlediska tvo\u0159\u00ed cel\u00e9 m\u011bstsk\u00e9 \u00fazem\u00ed Novosibirsk\u00fd m\u011bstsk\u00fd okruh. Po\u010det obyvatel m\u011bsta vzrostl z 1 473 754 p\u0159i s\u010d\u00edt\u00e1n\u00ed lidu v roce 2010 na 1 633 595 v roce 2021, co\u017e odr\u00e1\u017e\u00ed pokra\u010duj\u00edc\u00ed demografick\u00fd r\u016fst, kter\u00fd zahrnuje v\u00edce ne\u017e osmdes\u00e1t etnik a n\u00e1rodnost\u00ed. Etnicky nejv\u011bt\u0161\u00ed skupiny tvo\u0159\u00ed Rusov\u00e9, T\u00e1d\u017eikov\u00e9, Tata\u0159i, Uzbekov\u00e9, Ukrajinci a Kyrgyzov\u00e9.<\/p>\n<p>M\u011bstsk\u00e1 struktura Novosibirska se vyv\u00edjela v postupn\u00fdch f\u00e1z\u00edch pl\u00e1nov\u00e1n\u00ed. P\u0159ed rokem 1917 st\u00e1ly po z\u00e1plavov\u00e9 oblasti rozpt\u00fdleny budovy, jako nap\u0159\u00edklad s\u00eddlo \u017eelezni\u010dn\u00ed spr\u00e1vy, hlavn\u00ed n\u00e1dra\u017e\u00ed a novobyzantsk\u00e1 katedr\u00e1la Alexandra N\u011bvsk\u00e9ho. Revoluce p\u0159inesla soudr\u017en\u011bj\u0161\u00ed ob\u010dansk\u00e9 uspo\u0159\u00e1d\u00e1n\u00ed: v roce 1925 byl na Krasn\u00e9m prospektu, t\u0159\u00edd\u011b, kter\u00e1 se stala hlavn\u00ed tepnou m\u011bsta, postaven Lenin\u016fv d\u016fm, a na Barnaulsk\u00e9 ulici pobl\u00ed\u017e n\u00e1dra\u017e\u00ed byl um\u00edst\u011bn Lenin\u016fv pomn\u00edk. Koncem 20. let 20. stolet\u00ed se kolem b\u00fdval\u00e9ho Tr\u017en\u00edho n\u00e1m\u011bst\u00ed \u2013 Baz\u00e1rnaja Ploschad \u2013 za\u010dalo formovat de facto centrum, kde v roce 1931 za\u010dala v\u00fdstavba Novosibirsk\u00e9ho divadla opery a baletu. Stalinov park kultury a odpo\u010dinku, zalo\u017een\u00fd na m\u011bstsk\u00e9 periferii, vytvo\u0159il radi\u00e1ln\u00ed osu spojuj\u00edc\u00ed voln\u00fd \u010das, administrativu a um\u011bn\u00ed.<\/p>\n<p>Novosibirsk\u00e1 architektonick\u00e1 sc\u00e9na zahrnuje spektrum styl\u016f. Eklektick\u00e9 a modernistick\u00e9 budovy z carsk\u00e9ho Ruska se dr\u017e\u00ed vedle stalinsk\u00e9ho neoklasicismu 30. let 20. stolet\u00ed a \u010dist\u00fdch lini\u00ed sov\u011btsk\u00e9ho modernismu. Pozdn\u011b sov\u011btsk\u00e9 brutalistick\u00e9 stavby dod\u00e1vaj\u00ed m\u011bstu monument\u00e1ln\u00ed kvalitu, zat\u00edmco mozaiky, reli\u00e9fy a ve\u0159ejn\u00e9 sochy zdob\u00ed fas\u00e1dy a odr\u00e1\u017eej\u00ed dobovou z\u00e1libu v ob\u010dansk\u00e9m um\u011bn\u00ed. Novosibirsk\u00e9 divadlo opery a baletu, \u010dasto naz\u00fdvan\u00e9 \u201esibi\u0159sk\u00e9 koloseum\u201c, je p\u0159\u00edkladem odv\u00e1\u017en\u00e9ho rozsahu a ambic\u00ed ran\u00e9ho sov\u011btsk\u00e9ho designu. Jeho ty\u010d\u00edc\u00ed se st\u0159echa z krystal\u016f a rozlehl\u00e9 hledi\u0161t\u011b hovo\u0159\u00ed o kulturn\u00edch aspirac\u00edch m\u011bsta. Nedalek\u00e1 katedr\u00e1la Alexandra N\u011bvsk\u00e9ho nab\u00edz\u00ed kontrastn\u00ed duchovn\u00ed rozm\u011br, jej\u00ed\u017e kopule p\u0159ipom\u00ednaj\u00ed p\u0159edrevolu\u010dn\u00ed c\u00edrkevn\u00ed architekturu.<\/p>\n<p>\u0158eka Ob utv\u00e1\u0159\u00ed geografii i dopravu. P\u0159es vodn\u00ed tok se klenou t\u0159i silni\u010dn\u00ed mosty \u2013 Komun\u00e1ln\u00ed, Dimitrovsk\u00fd a Bugrinsk\u00fd, spolu se dv\u011bma \u017eelezni\u010dn\u00edmi viadukty a mostem novosibirsk\u00e9ho metra. P\u0159ehrada Novosibirsk\u00e9 vodn\u00ed elektr\u00e1rny, kter\u00e1 se nach\u00e1z\u00ed na ji\u017en\u00edm okraji m\u011bsta, slou\u017e\u00ed dvoj\u00ed funkci: jako gener\u00e1tor energie a dopravn\u00ed kan\u00e1l. N\u00e1dr\u017e vytvo\u0159en\u00e1 p\u0159ehradou, kter\u00e1 pro\u0159ez\u00e1v\u00e1 Obskou plo\u0161inu, tvo\u0159\u00ed ji\u017en\u00ed hranici m\u011bsta. A\u010dkoli Novosibirsk le\u017e\u00ed asi 2 811 kilometr\u016f od Moskvy, udr\u017euje bl\u00edzk\u00e9 spojen\u00ed s region\u00e1ln\u00edmi centry, jako jsou Omsk, Barnaul, Kemerovo a Tomsk.<\/p>\n<p>Leti\u0161t\u011b Tolma\u010devo, nejru\u0161n\u011bj\u0161\u00ed leteck\u00fd uzel na Sibi\u0159i, spojuje Novosibirsk s hlavn\u00edmi rusk\u00fdmi m\u011bsty a destinacemi v Evrop\u011b a Asii. Slou\u017e\u00ed jako hlavn\u00ed z\u00e1kladna pro leteckou spole\u010dnost S7. Mezi pomocn\u00e1 leteck\u00e1 za\u0159\u00edzen\u00ed pat\u0159\u00ed leti\u0161t\u011b Jelcovka, kter\u00e9 nab\u00edz\u00ed pomocn\u00e9 slu\u017eby, zat\u00edmco b\u00fdval\u00e9 leti\u0161t\u011b v\u0161eobecn\u00e9ho letectv\u00ed Severnyj ukon\u010dilo provoz v roce 2012. \u017deleznice z\u016fst\u00e1v\u00e1 z\u00e1kladn\u00edm kamenem: stanice Novosibirsk-Glavnyj se nach\u00e1z\u00ed v srdci pravob\u0159e\u017en\u00ed \u010dtvrti, dopln\u011bna stanicemi Novosibirsk-Z\u00e1padnyj, Novosibirsk-Vosto\u010dnyj a Novosibirsk-Ju\u017enyj, kter\u00e9 spole\u010dn\u011b zaji\u0161\u0165uj\u00ed ve\u0161kerou mezim\u011bstskou dopravu. S\u00ed\u0165 dopl\u0148uj\u00ed p\u0159\u00edm\u011bstsk\u00e9 zast\u00e1vky, jako je Inskaja a Sejatel. M\u011bsto le\u017e\u00ed na soutoku Transsibi\u0159sk\u00e9 magistr\u00e1ly a Turkest\u00e1nsko-sibi\u0159sk\u00e9 magistr\u00e1ly, co\u017e z n\u011bj d\u011bl\u00e1 uzel pro vnitrost\u00e1tn\u00ed i mezin\u00e1rodn\u00ed \u017eelezni\u010dn\u00ed dopravu do \u010c\u00edny, Mongolska, B\u011bloruska a St\u0159edn\u00ed Asie.<\/p>\n<p>Mezim\u011bstsk\u00e1 a mezin\u00e1rodn\u00ed autobusov\u00e1 doprava se d\u0159\u00edve soust\u0159edila na stanici Krasnyj prospekt, kter\u00e1 byla slavnostn\u011b otev\u0159ena v roce 1964 a vy\u0159azena z provozu v dubnu 2020. Ve v\u00fdstavb\u011b jsou nov\u00e9 perifern\u00ed stanice, z nich\u017e prvn\u00ed byla otev\u0159ena na Gusinobrodskoe Chaussee v prosinci 2019. Provizorn\u00ed zast\u00e1vky mezit\u00edm nad\u00e1le obsluhuj\u00ed d\u00e1lkov\u00e9 autobusy spojuj\u00edc\u00ed Novosibirsk s m\u011bsty v z\u00e1padn\u00ed Sibi\u0159i a St\u0159edn\u00ed Asii. \u0158\u00ed\u010dn\u00ed osobn\u00ed doprava je obsluhov\u00e1na z termin\u00e1lu zalo\u017een\u00e9ho v roce 1974, kter\u00fd soused\u00ed se stanic\u00ed metra stejn\u00e9ho jm\u00e9na. A\u010dkoli po\u017e\u00e1r v b\u0159eznu 2003 zp\u016fsobil \u010d\u00e1st budovy neopraviteln\u00fd \u00fanik, termin\u00e1l nyn\u00ed provozuje dv\u011b pravideln\u00e9 linky \u2013 spojuj\u00edc\u00ed m\u011bsto s odlehl\u00fdmi ostrovy a osadami \u2013 a sez\u00f3nn\u00ed plavby do Tomsku a Barnaulu. Plavidla pluj\u00ed po Novosibirsk\u00e9m plavebn\u00edm kan\u00e1lu, kter\u00fd m\u00e1 trojkomorovou zdymadlovou komoru usnad\u0148uj\u00edc\u00ed tranzit mezi \u0159ekou a n\u00e1dr\u017e\u00ed b\u011bhem splavn\u00e9ho obdob\u00ed, obvykle od konce dubna do konce z\u00e1\u0159\u00ed.<\/p>\n<p>M\u011bstsk\u00e1 ve\u0159ejn\u00e1 doprava zahrnuje metro, tramvaj, trolejbus, autobus, vodn\u00ed autobus a minibusy s pevnou trasou, zn\u00e1m\u00e9 jako mar\u0161rutky. Novosibirsk\u00e9 metro, otev\u0159en\u00e9 v roce 1985, bylo prvn\u00edm na Sibi\u0159i a \u010dtvrt\u00fdm v Rusku a od roku 2022 provozovalo dv\u011b dvoukolejn\u00e9 trat\u011b se t\u0159in\u00e1cti stanicemi. Tramvajov\u00e1 s\u00ed\u0165, spu\u0161t\u011bn\u00e1 v roce 1934, zahrnuje deset linek \u2013 \u0161est na lev\u00e9m b\u0159ehu a \u010dty\u0159i na prav\u00e9m. Trolejbusy jezd\u00ed m\u011bstsk\u00fdmi ulicemi od roku 1957, nyn\u00ed na \u010dtrn\u00e1cti link\u00e1ch. Autobusov\u00fd syst\u00e9m poch\u00e1z\u00ed z roku 1923 a v roce 2022 zahrnoval pades\u00e1t dva dlouh\u00fdch autobusov\u00fdch linek a sedmn\u00e1ct minibusov\u00fdch linek. S\u00ed\u0165 vodn\u00edch autobus\u016f, zdokumentovan\u00e1 k roku 2021, spojuje \u0159\u00ed\u010dn\u00ed termin\u00e1l s m\u00edsty, jako je pl\u00e1\u017e Bugrinskaja Ro\u0161\u010da a ostrov Korablik; jedna pl\u00e1novan\u00e1 trasa k aquaparku z\u016fstala pozastavena. Mar\u0161rutky se poprv\u00e9 objevily na konci 70. let 20. stolet\u00ed a soukrom\u00ed dopravci vstoupili v roce 1989; V sou\u010dasn\u00e9 dob\u011b jezd\u00ed pades\u00e1t \u0161est linek, a\u010dkoli v posledn\u00edch letech do\u0161lo k postupn\u00e9mu nahrazov\u00e1n\u00ed minibus\u016f standardn\u00edmi autobusy.<\/p>\n<p>Klima Novosibirsku odr\u00e1\u017e\u00ed jeho kontinent\u00e1ln\u00ed polohu, daleko od p\u0159\u00edmo\u0159sk\u00e9ho m\u00edrn\u00e9ho podneb\u00ed. M\u011bsto, klasifikovan\u00e9 jako vlhk\u00e9 kontinent\u00e1ln\u00ed (K\u00f6ppenova klasifikace klimatu), m\u00e1 tepl\u00e1 l\u00e9ta s pr\u016fm\u011brn\u00fdmi maximy od 15 \u00b0C do 26 \u00b0C a krut\u011b chladn\u00e9 zimy, kde pr\u016fm\u011brn\u00e1 minima od -20 \u00b0C do -12 \u00b0C ustupuj\u00ed extr\u00e9m\u016fm a\u017e -35 \u00b0C. Letn\u00ed maxima mohou dos\u00e1hnout 35 \u00b0C, co\u017e vede k ro\u010dn\u00edmu rozp\u011bt\u00ed mezi zaznamenan\u00fdmi extr\u00e9my 82 \u00b0C. Sn\u011b\u017e\u00ed t\u00e9m\u011b\u0159 polovinu zimn\u00edch dn\u016f, i kdy\u017e jednotliv\u00e9 sr\u00e1\u017eky jsou obvykle slab\u00e9. Sibi\u0159sk\u00e9 anticyklony \u017eenou mraziv\u00fd vzduch na jih bez horsk\u00fdch bari\u00e9r, co\u017e z Novosibirsku d\u011bl\u00e1 druh\u00e9 nejhlub\u0161\u00ed vnitrozemsk\u00e9 velk\u00e9 m\u011bsto na sv\u011bt\u011b. Zimy jsou zde v\u0161ak pom\u011brn\u011b m\u00edrn\u011bj\u0161\u00ed ne\u017e zimy ve v\u00fdchodn\u00ed Sibi\u0159i a na rusk\u00e9m D\u00e1ln\u00e9m v\u00fdchod\u011b v ni\u017e\u0161\u00edch zem\u011bpisn\u00fdch \u0161\u00ed\u0159k\u00e1ch. Celkov\u00fd tepeln\u00fd profil Novosibirsku se shoduje s kanadsk\u00fdm Winnipegem.<\/p>\n<p>Kulturn\u00ed \u017eivot v Novosibirsku sah\u00e1 i za hranice architektonick\u00fdch pam\u00e1tek. Novosibirsk\u00e1 zoologick\u00e1 zahrada, zalo\u017een\u00e1 v roce 1933, uchov\u00e1v\u00e1 rozs\u00e1hlou sb\u00edrku arktick\u00fdch a tropick\u00fdch druh\u016f, kter\u00e9 p\u0159isp\u00edvaj\u00ed k v\u00fdzkumu v oblasti ochrany p\u0159\u00edrody. Divadla, galerie a muzea m\u011bsta odr\u00e1\u017eej\u00ed jeho dvojit\u00e9 d\u011bdictv\u00ed rusk\u00e9 tradice a sov\u011btsk\u00e9 inovace. Ka\u017edoro\u010dn\u00ed festivaly p\u0159edstavuj\u00ed literaturu, hudbu a film, zat\u00edmco Akademgorodok z\u016fst\u00e1v\u00e1 \u017eivou v\u011bdeckou komunitou s v\u00fdzkumn\u00fdmi \u00fastavy v\u011bnovan\u00fdmi fyzice, biologii, matematice a ekologii. P\u0159\u00edtomnost student\u016f a v\u011bdc\u016f z cel\u00e9ho Ruska i ze zahrani\u010d\u00ed podporuje atmosf\u00e9ru intelektu\u00e1ln\u00ed v\u00fdm\u011bny.<\/p>\n<p>Etnick\u00e1 rozmanitost prostupuje soci\u00e1ln\u00ed strukturou m\u011bsta. Ru\u0161tina z\u016fst\u00e1v\u00e1 dominantn\u00edm jazykem a kulturou, nicm\u00e9n\u011b komunity st\u0159edoasijsk\u00e9ho a turkick\u00e9ho p\u016fvodu \u2013 t\u00e1d\u017eick\u00e9, uzbeck\u00e9, tatarsk\u00e9 a kyrgyzsk\u00e9 \u2013 obohacuj\u00ed m\u011bstskou krajinu sv\u00fdmi tradicemi, kuchyn\u00ed a n\u00e1bo\u017eensk\u00fdmi praktikami. K mozaice p\u0159isp\u00edvaj\u00ed i ukrajinsk\u00e9 a dal\u0161\u00ed slovansk\u00e9 vlivy. Navzdory roz\u0161\u00ed\u0159enosti ru\u0161tiny si mlad\u0161\u00ed generace st\u00e1le v\u00edce osvojuj\u00ed angli\u010dtinu, co\u017e usnad\u0148uje mezin\u00e1rodn\u00ed kontakty, i kdy\u017e star\u0161\u00ed obyvatel\u00e9 se obvykle spol\u00e9haj\u00ed pouze na ru\u0161tinu.<\/p>\n<p>Dopravn\u00ed infrastruktura, pr\u016fmyslov\u00e1 zdatnost a kulturn\u00ed instituce se sb\u00edhaj\u00ed v sou\u010dasn\u00e9 identit\u011b Novosibirsku. V\u00fdvoj m\u011bsta ze skromn\u00e9 \u200b\u200b\u017eelezni\u010dn\u00ed z\u00e1kladny v rozlehlou metropoli odr\u00e1\u017e\u00ed v\u00edce ne\u017e stolet\u00ed strategick\u00e9ho pl\u00e1nov\u00e1n\u00ed, st\u00e1tem \u0159\u00edzen\u00e9ho rozvoje a odolnosti komunity. Modern\u00ed Novosibirsk vyva\u017euje sv\u00e9 sov\u011btsk\u00e9 d\u011bdictv\u00ed s po\u017eadavky 21. stolet\u00ed, kdy vznikaj\u00ed nov\u00e9 architektonick\u00e9 projekty a technologick\u00e9 podniky vedle historick\u00fdch divadel a univerzitn\u00edch are\u00e1l\u016f.<\/p>\n<p>Novosibirsk se v pr\u016fb\u011bhu sv\u00e9 historie vyrovn\u00e1val s v\u00fdzvami, kter\u00e9 p\u0159edstavovalo drsn\u00e9 klima, odlehl\u00e1 geografie a m\u011bn\u00edc\u00ed se politick\u00e9 proudy. Jeho schopnost absorbovat v\u00e1le\u010dn\u00e9 p\u0159esuny, p\u0159ij\u00edmat centralizovan\u00e9 sm\u011brnice Stalinovy \u200b\u200b\u00e9ry a rozv\u00edjet v\u011bdeck\u00e9 b\u00e1d\u00e1n\u00ed v Akademgorodku sv\u011bd\u010d\u00ed o z\u00e1kladn\u00ed p\u0159izp\u016fsobivosti. \u0158eka Ob, kdysi p\u0159ek\u00e1\u017eka pro p\u0159echod Sibi\u0159e, nyn\u00ed slou\u017e\u00ed jako z\u00e1chrann\u00e1 tepna pro obchod, rekreaci a r\u016fst m\u011bst. Mosty a tunely spojuj\u00ed severn\u00ed a ji\u017en\u00ed b\u0159ehy, zat\u00edmco vodn\u00ed elektr\u00e1rna zaji\u0161\u0165uje energii a ochranu p\u0159ed povodn\u011bmi.<\/p>\n<p>Jako\u017eto vstupn\u00ed br\u00e1na na Sibi\u0159 i nad\u00e1le Novosibirsk slou\u017e\u00ed jako prost\u0159edn\u00edk mezi evropsk\u00fdm a asijsk\u00fdm sektorem Ruska. Jeho \u017eeleznice p\u0159epravuje zbo\u017e\u00ed a cestuj\u00edc\u00ed po cel\u00e9m kontinentu. Jeho leti\u0161t\u011b spojuje vnitrost\u00e1tn\u00ed i mezin\u00e1rodn\u00ed destinace. Jeho v\u00fdzkumn\u00e9 \u00fastavy zkoumaj\u00ed z\u00e1kladn\u00ed ot\u00e1zky kosmologie a genetiky. Jeho tov\u00e1rny vyr\u00e1b\u011bj\u00ed komponenty pro kosmick\u00e9 lod\u011b a elektr\u00e1rny. V jeho divadlech se konaj\u00ed p\u0159edstaven\u00ed sv\u011btov\u00e9 \u00farovn\u011b. Jeho ulice odr\u00e1\u017eej\u00ed prol\u00edn\u00e1n\u00ed rozmanit\u00fdch kultur, kter\u00e9 p\u0159itahuje sibi\u0159sk\u00fd p\u0159\u00edslib p\u0159\u00edle\u017eitost\u00ed.<\/p>\n<p>Budoucnost m\u011bsta z\u00e1vis\u00ed na zvl\u00e1dnut\u00ed postindustri\u00e1ln\u00edch posun\u016f, environment\u00e1ln\u00edch imperativ\u016f a demografick\u00fdch trend\u016f. \u00dasil\u00ed o modernizaci dopravn\u00edch s\u00edt\u00ed, ochranu architektonick\u00e9ho d\u011bdictv\u00ed a diverzifikaci ekonomiky nad r\u00e1mec t\u011b\u017ek\u00e9ho pr\u016fmyslu ji\u017e prob\u00edh\u00e1. Zelen\u00e9 plochy, jako je Stalinov park a b\u0159ehy Obsk\u00e9 p\u0159ehrady, nab\u00edzej\u00ed \u00falevu od m\u011bstsk\u00e9 intenzity, zat\u00edmco pl\u00e1ny na nov\u00e9 autobusov\u00e9 a tramvajov\u00e9 linky se sna\u017e\u00ed zv\u00fd\u0161it mobilitu. Trval\u00fd v\u00fdznam Akademgorodoku podtrhuje potenci\u00e1l znalostn\u011b orientovan\u00fdch odv\u011btv\u00ed doplnit tradi\u010dn\u00ed v\u00fdrobu.<\/p>\n<p>P\u0159\u00edb\u011bh Novosibirska je p\u0159\u00edb\u011bhem transformace, zako\u0159en\u011bn\u00e9 v soutoku \u0159ek, \u017eeleznic a lidsk\u00e9ho \u00fasil\u00ed. Od sv\u00e9ho zalo\u017een\u00ed jako Novonikolajevska a\u017e po sou\u010dasnou pozici nejv\u011bt\u0161\u00edho rusk\u00e9ho m\u011bsta v Asii zt\u011bles\u0148oval dynamiku expanze, rekonstrukce a inovac\u00ed. Jeho populace s v\u00edce ne\u017e 1,6 milionu obyvatel se pohybuje v extr\u00e9mn\u00edm klimatu, proch\u00e1z\u00ed krajinou formovanou hydroelektr\u00e1rnami a \u00fa\u010dastn\u00ed se ob\u010dansk\u00e9ho \u017eivota, kter\u00fd propojuje aristokratick\u00e9 katedr\u00e1ly a avantgardn\u00ed v\u00fdzkum. V jeho ulic\u00edch a p\u0159edm\u011bst\u00edch, v divadlech a laborato\u0159\u00edch rezonuj\u00ed ozv\u011bny sibi\u0159sk\u00e9 minulosti spolu s aspiracemi m\u011bsta le\u017e\u00edc\u00edho mezi kontinenty.<\/p>","protected":false},"excerpt":{"rendered":"<p>Novosibirsk, nejlidnat\u011bj\u0161\u00ed m\u011bsto a administrativn\u00ed centrum Novosibirsk\u00e9 oblasti a Sibi\u0159sk\u00e9ho feder\u00e1ln\u00edho okruhu v Rusku, m\u00e1 podle s\u010d\u00edt\u00e1n\u00ed lidu z roku 2021 1 633 595 obyvatel. Tato pozoruhodn\u00e1 statistika jej \u0159ad\u00ed mezi nejlidnat\u011bj\u0161\u00ed m\u011bsto na Sibi\u0159i a t\u0159et\u00ed nejlidnat\u011bj\u0161\u00ed m\u011bsto v Rusku, kter\u00e9 p\u0159ed\u010d\u00ed pouze Moskva a Petrohrad. Je p\u0159\u00edzna\u010dn\u00e9, \u017ee Novosibirsk je nejlidnat\u011bj\u0161\u00ed m\u011bsto v asijsk\u00e9 \u010d\u00e1sti Ruska. M\u011bsto le\u017e\u00edc\u00ed na jihoz\u00e1pad\u011b Sibi\u0159e se rozprost\u00edr\u00e1 p\u0159es \u0159eku Ob, co\u017e je m\u00edsto, kter\u00e9 bylo kl\u00ed\u010dov\u00e9 pro jeho r\u016fst a rozvoj.<\/p>","protected":false},"author":1,"featured_media":3474,"parent":11976,"menu_order":0,"comment_status":"closed","ping_status":"closed","template":"elementor_theme","meta":{"_eb_attr":"","footnotes":""},"class_list":["post-12022","page","type-page","status-publish","has-post-thumbnail"],"_links":{"self":[{"href":"https:\/\/travelshelper.com\/cs\/wp-json\/wp\/v2\/pages\/12022","targetHints":{"allow":["GET"]}}],"collection":[{"href":"https:\/\/travelshelper.com\/cs\/wp-json\/wp\/v2\/pages"}],"about":[{"href":"https:\/\/travelshelper.com\/cs\/wp-json\/wp\/v2\/types\/page"}],"author":[{"embeddable":true,"href":"https:\/\/travelshelper.com\/cs\/wp-json\/wp\/v2\/users\/1"}],"replies":[{"embeddable":true,"href":"https:\/\/travelshelper.com\/cs\/wp-json\/wp\/v2\/comments?post=12022"}],"version-history":[{"count":0,"href":"https:\/\/travelshelper.com\/cs\/wp-json\/wp\/v2\/pages\/12022\/revisions"}],"up":[{"embeddable":true,"href":"https:\/\/travelshelper.com\/cs\/wp-json\/wp\/v2\/pages\/11976"}],"wp:featuredmedia":[{"embeddable":true,"href":"https:\/\/travelshelper.com\/cs\/wp-json\/wp\/v2\/media\/3474"}],"wp:attachment":[{"href":"https:\/\/travelshelper.com\/cs\/wp-json\/wp\/v2\/media?parent=12022"}],"curies":[{"name":"wp","href":"https:\/\/api.w.org\/{rel}","templated":true}]}}