{"id":12006,"date":"2024-09-15T12:20:59","date_gmt":"2024-09-15T12:20:59","guid":{"rendered":"https:\/\/travelshelper.com\/staging\/?page_id=12006"},"modified":"2026-03-12T21:25:29","modified_gmt":"2026-03-12T21:25:29","slug":"moskva","status":"publish","type":"page","link":"https:\/\/travelshelper.com\/cs\/destinations\/europe\/russian-federation\/moscow\/","title":{"rendered":"Moskva"},"content":{"rendered":"<p>Moskva je hlavn\u00edm a nejlidnat\u011bj\u0161\u00edm m\u011bstem Rusk\u00e9 federace, le\u017e\u00edc\u00ed na klikat\u00edc\u00ed se \u0159ece Moskv\u011b ve st\u0159edn\u00edm Rusku. Jej\u00ed hranice se rozkl\u00e1d\u00e1 na plo\u0161e p\u0159ibli\u017en\u011b 2 511 kilometr\u016f \u010dtvere\u010dn\u00edch a podle s\u010d\u00edt\u00e1n\u00ed lidu z roku 2021 zde \u017eije odhadem 13 milion\u016f obyvatel, zat\u00edmco \u0161ir\u0161\u00ed m\u011bstsk\u00e1 oblast se rozkl\u00e1d\u00e1 na plo\u0161e 5 891 kilometr\u016f \u010dtvere\u010dn\u00edch a m\u00e1 v\u00edce ne\u017e 19,1 milionu obyvatel. Metropolitn\u00ed region se rozkl\u00e1d\u00e1 na plo\u0161e 26 000 kilometr\u016f \u010dtvere\u010dn\u00edch a \u017eije v n\u011bm v\u00edce ne\u017e 21,5 milionu lid\u00ed. Jako nejv\u011bt\u0161\u00ed m\u011bsto v Evrop\u011b co do po\u010dtu obyvatel a rozlohy hraje Moskva kl\u00ed\u010dovou roli na kontinentu.<\/p>\n<p>Zalo\u017een\u00ed Moskvy lze vysledovat k jej\u00ed prvn\u00ed p\u00edsemn\u00e9 zm\u00ednce z roku 1147, kter\u00e1 ozna\u010duje po\u010d\u00e1tek toho, co se pozd\u011bji stalo Velk\u00fdm kn\u00ed\u017eectv\u00edm Moskevsk\u00fdm. Toto kn\u00ed\u017eectv\u00ed po stalet\u00ed st\u00e1lo v \u010dele konsolidace rozt\u0159\u00ed\u0161t\u011bn\u00fdch rusk\u00fdch \u00fazem\u00ed, kter\u00e1 vyvrcholila vyhl\u00e1\u0161en\u00edm Rusk\u00e9ho carstv\u00ed v roce 1547. B\u011bhem n\u00e1sleduj\u00edc\u00edch stalet\u00ed si Moskva udr\u017eovala svou pozici politick\u00e9ho a ekonomick\u00e9ho j\u00e1dra roz\u0161i\u0159uj\u00edc\u00ed se \u0159\u00ed\u0161e. Vliv m\u011bsta opadl v roce 1712, kdy Petr Velik\u00fd p\u0159enesl hlavn\u00ed m\u011bsto do Petrohradu, co\u017e posunulo dvorskou vzne\u0161enost na sever. Nicm\u00e9n\u011b po revoluci a vzniku Rusk\u00e9 sov\u011btsk\u00e9 federativn\u00ed socialistick\u00e9 republiky Moskva v roce 1918 znovu z\u00edskala status hlavn\u00edho m\u011bsta a pozd\u011bji slou\u017eila jako epicentrum Sov\u011btsk\u00e9ho svazu a\u017e do jeho rozpadu.<\/p>\n<p>Moskva, spravovan\u00e1 jako feder\u00e1ln\u00ed m\u011bsto, funguje z\u00e1rove\u0148 jako politick\u00e9, ekonomick\u00e9, kulturn\u00ed a v\u011bdeck\u00e9 srdce Ruska i v\u00fdchodn\u00ed Evropy. Vyzna\u010duje se t\u00edm, \u017ee je nejsevern\u011bj\u0161\u00edm a nejchladn\u011bj\u0161\u00edm megam\u011bstem na sv\u011bt\u011b. Jej\u00ed m\u011bstsk\u00e1 ekonomika se \u0159ad\u00ed k nejv\u011bt\u0161\u00edm na sv\u011bt\u011b a sd\u00edl\u00ed s Hongkongem druhou nejvy\u0161\u0161\u00ed hodnotu miliard\u00e1\u0159\u016f ze v\u0161ech m\u011bst. Moskevsk\u00e9 mezin\u00e1rodn\u00ed obchodn\u00ed centrum, shluk t\u0159pytiv\u00fdch v\u011b\u017e\u00ed na z\u00e1padn\u00edm okraji m\u011bsta, se \u0159ad\u00ed mezi p\u0159edn\u00ed finan\u010dn\u00ed centra na mezin\u00e1rodn\u00ed \u00farovni a soust\u0159e\u010fuje nejvy\u0161\u0161\u00ed mrakodrapy v Evrop\u011b. Jeho ned\u00e1vnou historii poznamenaly v\u00fdznamn\u00e9 mezin\u00e1rodn\u00ed ud\u00e1losti, zejm\u00e9na letn\u00ed olympijsk\u00e9 hry v roce 1980 a jeho slu\u017eba jako jednoho z d\u011bji\u0161t\u011b mistrovstv\u00ed sv\u011bta ve fotbale 2018.<\/p>\n<p>Architektonick\u00e9 d\u011bdictv\u00ed m\u011bsta je dolo\u017eeno \u0159adou pam\u00e1tek sv\u011btov\u00e9ho d\u011bdictv\u00ed UNESCO. Rud\u00e9 n\u00e1m\u011bst\u00ed, lemovan\u00e9 zdoben\u00fdmi v\u011b\u017eemi chr\u00e1mu Vasila Bla\u017een\u00e9ho a impozantn\u00edmi hradbami moskevsk\u00e9ho Kremlu, p\u0159edstavuje trvalou uk\u00e1zku st\u0159edov\u011bk\u00e9ho a c\u00edsa\u0159sk\u00e9ho Ruska. Samotn\u00fd Kreml, s\u00eddlo feder\u00e1ln\u00ed vl\u00e1dy, m\u00e1 kamenn\u00e9 z\u00e1klady sahaj\u00edc\u00ed a\u017e k rekonstrukci z 15. stolet\u00ed pod dohledem italsk\u00fdch mistr\u016f, jejich\u017e d\u00edlo zavedlo prvky renesance do pravoslavn\u00e9 k\u0159es\u0165ansk\u00e9 tradice. Pod t\u0159pytiv\u00fdmi cibulovit\u00fdmi kopulemi a pod\u00e9l stroh\u00fdch \u0161ed\u00fdch hradeb vypr\u00e1v\u011bj\u00ed moskevsk\u00e9 ulice p\u0159\u00edb\u011bh m\u011bsta formovan\u00e9ho po\u017e\u00e1ry, dob\u00fdv\u00e1n\u00edm a ideologick\u00fdmi ot\u0159esy.<\/p>\n<p>Moskevsk\u00e1 dopravn\u00ed s\u00ed\u0165 je z\u00e1kladem jej\u00edho rozs\u00e1hl\u00e9ho rozsahu a frenetick\u00e9ho tempa. \u010cty\u0159i mezin\u00e1rodn\u00ed leti\u0161t\u011b spojuj\u00ed metropoli se sv\u011btem a deset \u017eelezni\u010dn\u00edch termin\u00e1l\u016f denn\u011b p\u0159epravuje miliony cestuj\u00edc\u00edch. Tramvajov\u00fd syst\u00e9m proj\u00ed\u017ed\u00ed historick\u00fdmi \u010dtvrt\u011bmi, jednokolejka nab\u00edz\u00ed \u00fachvatn\u00e9 v\u00fdhledy na rozlehl\u00e9 m\u011bsto a moskevsk\u00e9 metro, proslul\u00e9 sv\u00fdmi stanicemi p\u0159ipom\u00ednaj\u00edc\u00edmi katedr\u00e1ly zdoben\u00fdmi mozaikami, sochami a klenut\u00fdmi stropy, se \u0159ad\u00ed k nejru\u0161n\u011bj\u0161\u00edm a nejrozs\u00e1hlej\u0161\u00edm syst\u00e9m\u016fm rychl\u00e9 dopravy na sv\u011bt\u011b. Navzdory sv\u00e9 hustot\u011b os\u00eddlen\u00ed je v\u00edce ne\u017e \u010dty\u0159icet procent rozlohy Moskvy v\u011bnov\u00e1no zeleni \u2013 park\u016fm, zahrad\u00e1m a lesn\u00edm rezervac\u00edm \u2013 co\u017e z n\u00ed \u010din\u00ed jedno z nejzelen\u011bj\u0161\u00edch m\u011bst na planet\u011b ve srovn\u00e1n\u00ed s podobn\u00fdmi m\u011bsty s podobnou populac\u00ed.<\/p>\n<p>\u0158eka Moskva, prot\u00e9kaj\u00edc\u00ed asi 500 kilometr\u016f V\u00fdchodoevropskou n\u00ed\u017einou, ur\u010duje topografii a ekologii m\u011bsta. V r\u00e1mci m\u011bstsk\u00fdch hranic vede p\u0159es jej\u00ed vody a p\u0159ilehl\u00e9 kan\u00e1ly \u010dty\u0159icet dev\u011bt most\u016f. Nadmo\u0159sk\u00e9 v\u00fd\u0161ky se pohybuj\u00ed od 156 metr\u016f na V\u0161erusk\u00e9m v\u00fdstavi\u0161ti, kde se nach\u00e1z\u00ed hlavn\u00ed moskevsk\u00e1 meteorologick\u00e1 stanice, a\u017e po 255 metr\u016f na vrcholu Teplostansk\u00e9 pahorkatiny \u2013 vrcholu Moskvy. Silueta m\u011bsta, kter\u00e1 se t\u00e1hne t\u00e9m\u011b\u0159 \u010dty\u0159icet kilometr\u016f od v\u00fdchodu na z\u00e1pad a p\u0159es pades\u00e1t kilometr\u016f od severu na jih, se rozkl\u00e1d\u00e1 na pozad\u00ed m\u00edrn\u011b zvln\u011bn\u00fdch rovin, prokl\u00e1dan\u00fdch lesostep\u00ed a bore\u00e1ln\u00edmi lesy za jeho okrajem.<\/p>\n<p>Moskevsk\u00fd \u010das odpov\u00edd\u00e1 moskevsk\u00e9mu standardn\u00edmu \u010dasu, UTC + 3, bez sez\u00f3nn\u00edho o\u010di\u0161t\u011bn\u00ed. Na z\u00e1klad\u011b zem\u011bpisn\u00e9 d\u00e9lky m\u011bsta nast\u00e1v\u00e1 pr\u016fm\u011brn\u00e9 slune\u010dn\u00ed poledne kolem 12:30. Klima spad\u00e1 do vlhk\u00e9 kontinent\u00e1ln\u00ed klasifikace se zimami, kter\u00e9 p\u0159etrv\u00e1vaj\u00ed od poloviny listopadu do konce b\u0159ezna. A\u010dkoli jsou moskevsk\u00e9 zimy na z\u00e1padoevropsk\u00e9 pom\u011bry chladn\u00e9, ve srovn\u00e1n\u00ed s jin\u00fdmi lokalitami ve srovnateln\u00e9 zem\u011bpisn\u00e9 \u0161\u00ed\u0159ce jsou m\u00edrn\u00e9 s denn\u00edmi teplotami, kter\u00e9 mohou v m\u011bstsk\u00fdch z\u00f3n\u00e1ch oscilovat mezi -25 \u00b0C a n\u011bkdy i nad 5 \u00b0C b\u011bhem ob\u010dasn\u00e9ho t\u00e1n\u00ed. L\u00e9to p\u0159in\u00e1\u0161\u00ed teplo s typick\u00fdmi maximy 20 a\u017e 26 \u00b0C a ob\u010dasn\u00fdmi vlnami veder, kter\u00e9 zvy\u0161uj\u00ed rtu\u0165 nad 30 \u00b0C na n\u011bkolik dn\u00ed. Vegeta\u010dn\u00ed obdob\u00ed trv\u00e1 p\u0159ibli\u017en\u011b 156 dn\u00ed, od za\u010d\u00e1tku kv\u011btna do za\u010d\u00e1tku \u0159\u00edjna.<\/p>\n<p>St\u0159edov\u011bk\u00e1 Moskva se vyzna\u010dovala soust\u0159edn\u00fdmi zdmi a paprskovit\u00fdmi t\u0159\u00eddami, co\u017e byl tvar, kter\u00fd i nad\u00e1le ovliv\u0148oval jej\u00ed expanzi. D\u0159ev\u011bn\u00e9 domy, st\u0159e\u0161n\u00ed z b\u0159ezov\u00e9 k\u016fry nebo drnu, dominovaly panoramatu a\u017e do poloviny 18. stolet\u00ed, kdy po\u017e\u00e1ry a aristokratick\u00e9 po\u017eadavky vedly k rekonstrukc\u00edm z klasick\u00e9ho kamene a cihel. Revolu\u010dn\u00ed \u00e9ra p\u0159inesla architektonick\u00fd radikalismus, mezi n\u011b\u017e pat\u0159\u00ed p\u0159edev\u0161\u00edm konstruktivistick\u00e9 experimenty osobnost\u00ed, jako byl Vladimir \u0160uchov, jeho\u017e hyperboloidn\u00ed vod\u00e1rensk\u00e1 v\u011b\u017e a kovov\u00e9 a sklen\u011bn\u00e9 klenby v obchodn\u00edm dom\u011b GUM dodnes symbolizuj\u00ed ranou sov\u011btskou modernu. Leninovo mauzoleum s strohou geometri\u00ed a dal\u0161\u00ed avantgardn\u00ed stavby vznikly ve m\u011bst\u011b, kter\u00e9 se sna\u017eilo zt\u011blesnit nov\u00fd socialistick\u00fd \u0159\u00e1d.<\/p>\n<p>Stalinovo p\u016fsoben\u00ed prom\u011bnilo Moskvu \u0161irok\u00fdmi t\u0159\u00eddami a monument\u00e1ln\u00edmi budovami. Mnoho historick\u00fdch staveb, v\u010detn\u011b byzantsk\u00fdch kostel\u016f a \u0161lechtick\u00fdch s\u00eddel, bylo ob\u011btov\u00e1no ve prosp\u011bch nadjezd\u016f a n\u00e1b\u0159e\u017e\u00ed. Sucharevova v\u011b\u017e a p\u016fvodn\u00ed Chr\u00e1m Krista Spasitele padly do demolice, aby byly po roce 1990 pe\u010dliv\u011b zrekonstruov\u00e1ny. Za kremelsk\u00fdmi hradbami se vyno\u0159ilo sedm ty\u010d\u00edc\u00edch se mrakodrap\u016f, takzvan\u00fdch Sedm sester. Jejich filigr\u00e1nsk\u00e9 fas\u00e1dy a ty\u010d\u00edc\u00ed se v\u011b\u017ee, ovlivn\u011bn\u00e9 newyorskou budovou Municipal Building, vnucovaly j\u00e1dru m\u011bsta nov\u00fd vertik\u00e1ln\u00ed rozm\u011br. Ostankinsk\u00e1 v\u011b\u017e, dokon\u010den\u00e1 v roce 1967, se vyno\u0159ila a stala se nejvy\u0161\u0161\u00ed voln\u011b stoj\u00edc\u00ed stavbou v Evrop\u011b.<\/p>\n<p>Popt\u00e1vka po bydlen\u00ed v sov\u011btsk\u00e9m obdob\u00ed vedla k rozs\u00e1hl\u00fdm bytov\u00fdm komplex\u016fm. Po periferii se rozkl\u00e1daly \u010dtvrti standardizovan\u00fdch dev\u00edti a\u017e dvan\u00e1ctipatrov\u00fdch blok\u016f nesouc\u00edch jm\u00e9na po sob\u011b jdouc\u00edch v\u016fdc\u016f \u2013 Chru\u0161\u010dovka, Bre\u017en\u011bvka. V\u00fdtahy ve spole\u010dn\u00fdch \u0161acht\u00e1ch slou\u017e\u00ed v\u00edce obyvatel\u016fm ne\u017e kter\u00e9koli jin\u00e9 velkom\u011bsto; Moslift udr\u017euje sbor mechanik\u016f, aby zajistil nep\u0159etr\u017eit\u00fd provoz. Zat\u00edmco v centru m\u011bsta z\u016fst\u00e1v\u00e1 mnoho stalinsk\u00fdch budov zdoben\u00fdch motivy socialistick\u00e9ho realismu, za Tverskou ulic\u00ed a Star\u00fdm Arbatem men\u0161\u00ed historick\u00e9 stavby sv\u011bd\u010d\u00ed o bur\u017eoazn\u00ed architektu\u0159e carsk\u00e9 \u00e9ry. \u0160lechtick\u00e1 s\u00eddla na okraji m\u011bsta \u2013 Ostankinsk\u00fd pal\u00e1c, Kuskovo, Uzkoje \u2013 p\u0159e\u017e\u00edvaj\u00ed vedle kl\u00e1\u0161ter\u016f a kl\u00e1\u0161ter\u016f a poskytuj\u00ed z\u00e1blesky d\u0159\u00edv\u011bj\u0161\u00edch epoch.<\/p>\n<p>Od 90. let 20. stolet\u00ed se restaurov\u00e1n\u00ed sna\u017e\u00ed o\u017eivit p\u0159edsov\u011btsk\u00e9 fas\u00e1dy, a\u010dkoli kritici odsuzuj\u00ed fas\u00e1dnictv\u00ed a ztr\u00e1tu autenticity. Z\u00e1rove\u0148 rychl\u00fd rozvoj vedl k rozs\u00e1hl\u00e9 demolici historick\u00e9 z\u00e1stavby: odhady nazna\u010duj\u00ed, \u017ee v posledn\u00edch letech zmizela a\u017e t\u0159etina moskevsk\u00fdch historick\u00fdch budov a nahradily ji luxusn\u00ed v\u011b\u017ee a hotely. Ikonick\u00e9 stavby, jako je hotel Moskva z roku 1930 a obchodn\u00ed d\u016fm Voyentorg z roku 1913, byly zbour\u00e1ny a znovu postaveny v modern\u00ed podob\u011b, co\u017e vyvolalo debatu o ochran\u011b pam\u00e1tek a m\u011bstsk\u00e9 pam\u011bti.<\/p>\n<p>S\u00ed\u0165 moskevsk\u00fdch park\u016f a zahrad podtrhuje jej\u00ed pov\u011bst zelen\u00e9 metropole. Devades\u00e1t \u0161est park\u016f a osmn\u00e1ct form\u00e1ln\u00edch zahrad se rozkl\u00e1d\u00e1 na 450 kilometrech \u010dtvere\u010dn\u00edch zelen\u00fdch z\u00f3n a dal\u0161\u00edch 100 kilometrech \u010dtvere\u010dn\u00edch lesa. Na obyvatele si Moskvan\u00e9 u\u017e\u00edvaj\u00ed p\u0159ibli\u017en\u011b 27 metr\u016f \u010dtvere\u010dn\u00edch parkov\u00e9 plochy \u2013 mnohem v\u00edce ne\u017e jejich prot\u011bj\u0161ky v Pa\u0159\u00ed\u017ei, Lond\u00fdn\u011b nebo New Yorku. Gork\u00e9ho park, zalo\u017een\u00fd v roce 1928 na 689 000 metrech \u010dtvere\u010dn\u00edch pod\u00e9l ohybu \u0159eky, nab\u00edz\u00ed promen\u00e1dy, vyhl\u00eddkov\u00e9 kolo, p\u016fj\u010dovnu vodn\u00edch sk\u00fatr\u016f a sportovn\u00ed h\u0159i\u0161t\u011b. Vedle se nach\u00e1z\u00ed Nesku\u010dn\u00fd park, nejstar\u0161\u00ed moskevsk\u00fd park a b\u00fdval\u00e9 carsk\u00e9 s\u00eddlo, kde se nach\u00e1z\u00ed Zelen\u00e9 divadlo, jeden z nejv\u011bt\u0161\u00edch evropsk\u00fdch amfite\u00e1tr\u016f pod \u0161ir\u00fdm nebem.<\/p>\n<p>Izmajlovsk\u00fd park, zalo\u017een\u00fd v roce 1931, se s rozlohou 15,34 kilometr\u016f \u010dtvere\u010dn\u00edch \u0159ad\u00ed mezi nejv\u011bt\u0161\u00ed m\u011bstsk\u00e9 parky na sv\u011bt\u011b \u2013 co\u017e je \u0161estkr\u00e1t v\u00edce ne\u017e newyorsk\u00fd Central Park. Baumanova zahrada, zalo\u017een\u00e1 v roce 1920 na m\u00edst\u011b b\u00fdval\u00e9ho panstv\u00ed Golitsyn\u016f, zachov\u00e1v\u00e1 ve sv\u00fdch listnat\u00fdch hranic\u00edch krajin\u00e1\u0159skou architekturu z osmn\u00e1ct\u00e9ho stolet\u00ed. Park Sokolniki, kdysi sokolnick\u00e1 rezervace, se rozkl\u00e1d\u00e1 na \u0161esti kilometrech \u010dtvere\u010dn\u00edch alej\u00ed lemovan\u00fdch b\u0159\u00edzami, javory a jilmy, dopln\u011bn\u00fdch rybn\u00edky a zelen\u00fdm labyrintem. Losiny ostrov neboli \u201eOstrov los\u016f\u201c, prvn\u00ed rusk\u00fd n\u00e1rodn\u00ed park, hrani\u010d\u00ed se Sokolniki a nab\u00edz\u00ed stezky divok\u00fdm lesem, kde se potuluj\u00ed losi.<\/p>\n<p>Botanick\u00e9 aktivity nach\u00e1zej\u00ed sv\u016fj domov v Hlavn\u00ed botanick\u00e9 zahrad\u011b Akademie v\u011bd Tsytsin, nejv\u011bt\u0161\u00ed v Evrop\u011b o rozloze 3,61 kilometr\u016f \u010dtvere\u010dn\u00edch, kter\u00e1 se py\u0161n\u00ed v\u00edce ne\u017e 20 000 druhy, stolet\u00fdm dubov\u00fdm h\u00e1jem a sklen\u00edkem o rozloze 5 000 metr\u016f \u010dtvere\u010dn\u00edch. V\u0161erusk\u00e9 v\u00fdstavn\u00ed centrum (VDNKh) p\u0159edstavuje kolos\u00e1ln\u00ed pavilony v\u011bnovan\u00e9 pr\u016fmyslu a kultu\u0159e, lemovan\u00e9 monument\u00e1ln\u00edmi font\u00e1nami \u2013 Kamenn\u00fdm kv\u011btem a Font\u00e1nou p\u0159\u00e1telstv\u00ed \u2013 a panoramatick\u00fdm kinem. \u0160e\u0159\u00edkov\u00fd park, slavnostn\u011b otev\u0159en\u00fd v roce 1958, vystavuje socha\u0159sk\u00e9 zahrady a r\u016f\u017eov\u00e9 z\u00e1hony, kter\u00e9 dod\u00e1vaj\u00ed m\u011bstu na zahradnick\u00e9 atraktivit\u011b.<\/p>\n<p>Moskevsk\u00e9 kulturn\u00ed instituce soupe\u0159\u00ed s jej\u00edmi zelen\u00fdmi plochami. St\u00e1tn\u00ed Tre\u0165jakovsk\u00e1 galerie d\u011bl\u00ed sv\u00e9 sb\u00edrky mezi Starou Tre\u0165jakovskou galerii na ji\u017en\u00edm b\u0159ehu Moskvy, kde v \u00factyhodn\u00fdch s\u00e1lech vis\u00ed ikony a realistick\u00e1 pl\u00e1tna \u2013 d\u00edla Repina, Rubleva a dal\u0161\u00edch, a Novou Tre\u0165jakovskou galerii, kter\u00e1 p\u0159edstavuje sov\u011btsk\u00e9 a sou\u010dasn\u00e9 um\u011bn\u00ed, od Malevi\u010dovy suprematick\u00e9 abstrakce a\u017e po Tatlin\u016fv Pam\u00e1tn\u00edk T\u0159et\u00ed internacion\u00e1ly. Pu\u0161kinovo muzeum v\u00fdtvarn\u00fdch um\u011bn\u00ed nab\u00edz\u00ed glob\u00e1ln\u00ed panorama s replikami klasick\u00fdch soch a mistrovsk\u00fdch d\u011bl Moneta, C\u00e9zanna a Picassa.<\/p>\n<p>Historick\u00e9 studium se rozv\u00edj\u00ed ve St\u00e1tn\u00edm historick\u00e9m muzeu mezi Rud\u00fdm n\u00e1m\u011bst\u00edm a Man\u00e9\u017en\u00edm n\u00e1m\u011bst\u00edm, kde prehistorick\u00e9 artefakty, romanovsk\u00e9 poklady a c\u00edsa\u0159sk\u00e9 reg\u00e1lie sleduj\u00ed rusk\u00fd p\u0159\u00edb\u011bh. Polytechnick\u00e9 muzeum, zalo\u017een\u00e9 v roce 1872, mapuje technologick\u00fd pokrok a mezi sv\u00fdmi 160 000 expon\u00e1ty zahrnuje ran\u00e9 automaty a sov\u011btsk\u00e9 po\u010d\u00edta\u010dov\u00e9 relikvie. Vojensk\u00e1 pam\u011b\u0165 se nach\u00e1z\u00ed v Borodinsk\u00e9m panoramatu na Kutuzovov\u011b t\u0159\u00edd\u011b, co\u017e je pohlcuj\u00edc\u00ed dior\u00e1ma p\u0159ipom\u00ednaj\u00edc\u00ed kampa\u0148 v roce 1812, zat\u00edmco Pam\u011btn\u00ed muzeum kosmonautiky pod ty\u010d\u00edc\u00edm se Pam\u00e1tn\u00edkem dobyvatel\u016f vesm\u00edru ct\u00ed \u00fasp\u011bchy mimo Zemi. St\u00e1tn\u00ed muzeum architektury \u0160\u010duseva uchov\u00e1v\u00e1 dokumenty i modely a interpretuje zastav\u011bn\u00e9 prost\u0159ed\u00ed od st\u0159edov\u011bk\u00fdch d\u0159ev\u011bn\u00fdch zd\u00ed a\u017e po modern\u00ed mrakodrapy.<\/p>\n<p>Nov\u00e1 moskevsk\u00e1 pobo\u010dka Ermit\u00e1\u017ee, jej\u00ed\u017e otev\u0159en\u00ed je pl\u00e1nov\u00e1no na rok 2024 pod z\u00e1\u0161titou architektonick\u00e9ho studia Asymptote Architecture, se o\u010dek\u00e1v\u00e1 s o\u010dek\u00e1v\u00e1n\u00edm. Projekt slibuje roz\u0161\u00ed\u0159en\u00ed galeri\u00ed severn\u00edho pal\u00e1ce ve stylu Louvru do rusk\u00e9 metropole. M\u011bstsk\u00e1 z\u00e1stavba mezit\u00edm pulzuje obchodem pod\u00e9l Tversk\u00e9 ulice a hluboko v Tre\u0165jakovsk\u00e9m projezdu, kde butiky jako Bulgari, Prada a Tiffany &amp; Co. obsluhuj\u00ed bohat\u00e9 z\u00e1kazn\u00edky. No\u010dn\u00ed \u017eivot vzkv\u00e9t\u00e1 v bl\u00edzkosti zrekonstruovan\u00e9 \u010dokol\u00e1dovny, kde po setm\u011bn\u00ed o\u017e\u00edvaj\u00ed galerie, kav\u00e1rny a n\u011bkter\u00e9 z nejv\u011bt\u0161\u00edch no\u010dn\u00edch klub\u016f na sv\u011bt\u011b.<\/p>\n<p>Ambice v oblasti voln\u00e9ho \u010dasu na\u0161ly vyj\u00e1d\u0159en\u00ed v Dream Island, nejv\u011bt\u0161\u00edm evropsk\u00e9m kryt\u00e9m z\u00e1bavn\u00edm parku, kter\u00fd byl otev\u0159en 29. \u00fanora 2020. Rozkl\u00e1d\u00e1 se na 300 000 metrech \u010dtvere\u010dn\u00edch a zahrnuje atrakce, koncertn\u00ed s\u00e1l, kino, hotel, \u0161kolu placht\u011bn\u00ed, restaurace a obchody. Zat\u00edmco slunce zapad\u00e1 nad Kremlem a t\u0159pytiv\u00e9 v\u011b\u017ee Obchodn\u00edho centra zdob\u00ed panorama Moskvy, z\u016fst\u00e1v\u00e1 m\u011bstem kontrast\u016f: st\u0159edov\u011bku a modern\u00ed doby, p\u0159\u00edrody a pr\u016fmyslu, tradice a inovac\u00ed.<\/p>\n<p>B\u011bhem tis\u00edcilet\u00ed transformac\u00ed se Moskva stala ter\u010dem moci a p\u0159edstavivosti. Jej\u00ed \u0161irok\u00e9 t\u0159\u00eddy a skryt\u00e9 n\u00e1dvo\u0159\u00ed, pozlacen\u00e9 kopule a sklen\u011bn\u00e9 v\u011b\u017ee sv\u011bd\u010d\u00ed o kontinuu ambic\u00ed. Je to m\u011bsto, jeho\u017e ka\u017ed\u00fd k\u00e1men sv\u011bd\u010d\u00ed o kapitol\u00e1ch historie, kde setk\u00e1n\u00ed minulosti a p\u0159\u00edtomnosti odhaluje trval\u00fd charakter hlavn\u00edho m\u011bsta, kter\u00e9 se co do rozsahu a v\u00fdznamu nevyrovn\u00e1.<\/p>","protected":false},"excerpt":{"rendered":"<p>Moskva, hlavn\u00ed a nejv\u011bt\u0161\u00ed m\u011bsto Ruska, je rozlehl\u00fdm m\u011bstsk\u00fdm centrem s po\u010dtem obyvatel p\u0159esahuj\u00edc\u00edm 13 milion\u016f v jeho hranic\u00edch. Toto rozlehl\u00e9 m\u011bsto, kter\u00e9 se nach\u00e1z\u00ed na \u0159ece Moskva ve st\u0159edn\u00edm Rusku, ovliv\u0148uje mnohem v\u00edce ne\u017e jeho centr\u00e1ln\u00ed j\u00e1dro; jeho metropolitn\u00ed oblast p\u0159esahuje 21,5 milionu lid\u00ed a jeho m\u011bstsk\u00e1 populace je asi 18,8 milionu. Obrovsk\u00e1 obrovitost Moskvy se ukazuje v jej\u00ed velk\u00e9 rozloze, kter\u00e1 pokr\u00fdv\u00e1 2 511 kilometr\u016f \u010dtvere\u010dn\u00edch uvnit\u0159 samotn\u00e9ho m\u011bsta a jej\u00ed m\u011bstsk\u00fd dosah p\u0159esahuje 5 891 kilometr\u016f \u010dtvere\u010dn\u00edch, \u010d\u00edm\u017e zab\u00edr\u00e1 \u00fa\u017easn\u00fdch 26 000 kilometr\u016f \u010dtvere\u010dn\u00edch.<\/p>","protected":false},"author":1,"featured_media":4115,"parent":11976,"menu_order":0,"comment_status":"closed","ping_status":"closed","template":"elementor_theme","meta":{"_eb_attr":"","footnotes":""},"class_list":["post-12006","page","type-page","status-publish","has-post-thumbnail"],"_links":{"self":[{"href":"https:\/\/travelshelper.com\/cs\/wp-json\/wp\/v2\/pages\/12006","targetHints":{"allow":["GET"]}}],"collection":[{"href":"https:\/\/travelshelper.com\/cs\/wp-json\/wp\/v2\/pages"}],"about":[{"href":"https:\/\/travelshelper.com\/cs\/wp-json\/wp\/v2\/types\/page"}],"author":[{"embeddable":true,"href":"https:\/\/travelshelper.com\/cs\/wp-json\/wp\/v2\/users\/1"}],"replies":[{"embeddable":true,"href":"https:\/\/travelshelper.com\/cs\/wp-json\/wp\/v2\/comments?post=12006"}],"version-history":[{"count":0,"href":"https:\/\/travelshelper.com\/cs\/wp-json\/wp\/v2\/pages\/12006\/revisions"}],"up":[{"embeddable":true,"href":"https:\/\/travelshelper.com\/cs\/wp-json\/wp\/v2\/pages\/11976"}],"wp:featuredmedia":[{"embeddable":true,"href":"https:\/\/travelshelper.com\/cs\/wp-json\/wp\/v2\/media\/4115"}],"wp:attachment":[{"href":"https:\/\/travelshelper.com\/cs\/wp-json\/wp\/v2\/media?parent=12006"}],"curies":[{"name":"wp","href":"https:\/\/api.w.org\/{rel}","templated":true}]}}