{"id":11967,"date":"2024-09-15T11:03:38","date_gmt":"2024-09-15T11:03:38","guid":{"rendered":"https:\/\/travelshelper.com\/staging\/?page_id=11967"},"modified":"2026-03-12T21:00:26","modified_gmt":"2026-03-12T21:00:26","slug":"bukurest","status":"publish","type":"page","link":"https:\/\/travelshelper.com\/cs\/destinations\/europe\/romania\/bucharest\/","title":{"rendered":"Bukure\u0161\u0165"},"content":{"rendered":"<p>Bukure\u0161\u0165, hlavn\u00ed m\u011bsto a nejv\u011bt\u0161\u00ed obec Rumunska, le\u017e\u00ed na b\u0159ehu \u0159eky D\u00e2mbovi\u021ba v jihov\u00fdchodn\u00ed \u010d\u00e1sti zem\u011b. S p\u0159ibli\u017en\u011b 1,76 miliony obyvatel na m\u011bstsk\u00e9 plo\u0161e 240 kilometr\u016f \u010dtvere\u010dn\u00edch a 2,3 miliony obyvatel rozkl\u00e1daj\u00edc\u00edch se na 1 811 kilometrech \u010dtvere\u010dn\u00edch se \u0159ad\u00ed mezi osm\u00e1 nejlidnat\u011bj\u0161\u00ed m\u011bsta Evropsk\u00e9 unie. Jako s\u00eddlo vl\u00e1dy, centrum regionu Muntenia a centrum kulturn\u00ed, politick\u00e9 a ekonomick\u00e9 \u010dinnosti m\u00e1 v\u00fdznam daleko za hranicemi sv\u00e9 administrativn\u00ed oblasti.<\/p>\n<p>Nejstar\u0161\u00ed p\u00edsemn\u00e1 zm\u00ednka o osad\u011b poch\u00e1z\u00ed z roku 1459, ale a\u017e v roce 1862 byla Bukure\u0161\u0165 form\u00e1ln\u011b jmenov\u00e1na hlavn\u00edm m\u011bstem vznikaj\u00edc\u00edho rumunsk\u00e9ho st\u00e1tu. Od t\u00e9 chv\u00edle m\u011bsto postupn\u011b z\u00edsk\u00e1valo kulturn\u00ed instituce, m\u00e9dia a um\u011bleck\u00e9 kruhy. V pr\u016fb\u011bhu desetilet\u00ed si m\u011bsto osvojilo architektonick\u00fd slovn\u00edk, kter\u00fd kombinuje eklektick\u00e9 struktury devaten\u00e1ct\u00e9ho stolet\u00ed s neoklasicistn\u00edmi fas\u00e1dami a klikatou secesn\u00ed ornamentikou. V meziv\u00e1le\u010dn\u00e9m obdob\u00ed nov\u00e1 skupina stavitel\u016f p\u0159ijala minimalismus Bauhaus, geometrii Art Deco a n\u00e1rodn\u011b-romantick\u00fd obrozeneck\u00fd idiom. V t\u011bchto letech elegantn\u00ed ulice a kosmopolitn\u00ed spole\u010dnost vedly n\u00e1v\u0161t\u011bvn\u00edky k tomu, \u017ee m\u011bsto naz\u00fdvali \u201eMalou Pa\u0159\u00ed\u017e\u00ed\u201c nebo \u201ePa\u0159\u00ed\u017e\u00ed V\u00fdchodu\u201c.<\/p>\n<p>Dvac\u00e1t\u00e9 stolet\u00ed prov\u011b\u0159ilo strukturu Bukure\u0161ti. Bombardov\u00e1n\u00ed, seismick\u00e9 ot\u0159esy a ideologick\u00e1 kampa\u0148 \u201esystematizace\u201c za Nicolae Ceau\u0219escu poznamenaly velk\u00e9 \u010d\u00e1sti historick\u00e9ho centra a honosn\u00e9 budovy se rozpadly nebo byly srovn\u00e1ny se zem\u00ed. Nicm\u00e9n\u011b mnoho p\u0159e\u017eiv\u0161\u00edch \u2013 francouzsky inspirovan\u00e9 m\u011bstsk\u00e9 domy, pal\u00e1cov\u00e9 s\u00eddla a stromy lemovan\u00e9 bulv\u00e1ry \u2013 pro\u0161lo pe\u010dlivou renovac\u00ed. Kulturn\u00ed o\u017eiven\u00ed v jednadvac\u00e1t\u00e9m stolet\u00ed urychlilo ekonomick\u00fd a tv\u016fr\u010d\u00ed vzestup a prom\u011bnilo m\u011bsto v jedno z nejrychleji se rozv\u00edjej\u00edc\u00edch center pro investice a inovace do high-tech.<\/p>\n<p>V lednu 2023 dos\u00e1hl po\u010det obyvatel obce 1,74 milionu, p\u0159i\u010dem\u017e neform\u00e1ln\u00ed \u00fadaj je 2,3 milionu, pokud zapo\u010d\u00edt\u00e1me satelitn\u00ed m\u011bsta. B\u011bhem pandemie COVID-19 ofici\u00e1ln\u00ed zpr\u00e1vy uv\u00e1d\u011bly v \u00fadaj\u00edch o zdravotn\u00edm stavu 2,5 milionu lid\u00ed, co\u017e zd\u016fraz\u0148uje logistickou slo\u017eitost spr\u00e1vy tak hust\u011b os\u00eddlen\u00e9ho centra. V roce 2017 glob\u00e1ln\u00ed index zaznamenal Bukure\u0161\u0165 jako nejrychleji rostouc\u00ed destinaci pro jednodenn\u00ed turisty v Evrop\u011b a v n\u00e1sleduj\u00edc\u00edch dvou letech se um\u00edstila na prvn\u00edm m\u00edst\u011b v \u017eeb\u0159\u00ed\u010dku s potenci\u00e1lem rozvoje. Data ze s\u010d\u00edt\u00e1n\u00ed lidu v\u0161ak odhaluj\u00ed m\u00edrn\u00fd pokles po\u010dtu st\u00e1l\u00fdch obyvatel m\u011bsta, co\u017e je jev, kter\u00fd se \u010d\u00e1ste\u010dn\u011b p\u0159ipisuje migraci z p\u0159edm\u011bst\u00ed.<\/p>\n<p>Geograficky Bukure\u0161\u0165 zauj\u00edm\u00e1 zhruba kruhovou oblast, jej\u00ed\u017e polom\u011br od Univerzitn\u00edho n\u00e1m\u011bst\u00ed k hranic\u00edm obce se pohybuje mezi 10 a 12 kilometry. \u0158eka D\u00e2mbovi\u021ba prot\u00edn\u00e1 m\u011bsto, ne\u017e se vlije do \u0159eky Arge\u0219 a nakonec do Dunaje. Na severu sleduj\u00ed tok \u0159eky Colentiny \u010dty\u0159i propojen\u00e9 n\u00e1dr\u017ee \u2013 Her\u0103str\u0103u, Floreasca, Tei a Colentina, zat\u00edmco men\u0161\u00ed okrasn\u00e1 n\u00e1dr\u017e, jezero Ci\u0219migiu, se nach\u00e1z\u00ed uprost\u0159ed zelen\u00fdch zahrad Ci\u0219migiu. Symbolick\u00fd kilometr nula stoj\u00ed ji\u017en\u011b od Univerzitn\u00edho n\u00e1m\u011bst\u00ed na n\u00e1m\u011bst\u00ed sv. Ji\u0159\u00ed p\u0159ed nov\u00fdm kostelem sv. Ji\u0159\u00ed.<\/p>\n<p>Nadmo\u0159sk\u00e1 v\u00fd\u0161ka m\u011bsta kol\u00eds\u00e1 mezi zhruba 56 metry u mostu D\u00e2mbovi\u021ba na jihov\u00fdchod\u011b a 91,5 metry na kopci korunovan\u00e9m vojensk\u00fdm kostelem na z\u00e1pad\u011b. Tradi\u010dn\u011b se o Bukure\u0161ti \u0159\u00edk\u00e1, \u017ee spo\u010d\u00edv\u00e1 na sedmi kopc\u00edch \u2013 Mihai Vod\u0103, Dealul Mitropoliei, Radu Vod\u0103, Cotroceni, Dealul Spirii, V\u0103c\u0103re\u0219ti a Sf\u00e2ntu Gheorghe Nou \u2013 poetick\u00e1 ozv\u011bna \u0158\u00edma, kter\u00e1 podtrhuje jeho p\u0159edmodern\u00ed p\u016fvod uprost\u0159ed \u00farodn\u00e9 planiny Vl\u0103i.<\/p>\n<p>M\u011bstskou strukturu prol\u00edn\u00e1 slo\u017eit\u00e1 mozaika zelen\u00fdch ploch. Zahrady Ci\u0219migiu, zalo\u017een\u00e9 v roce 1847 podle n\u00e1vrh\u016f n\u011bmeck\u00e9ho architekta Carla F. W. Meyera, nab\u00edzej\u00ed \u00fato\u010di\u0161t\u011b v listnat\u00fdch oblastech pobl\u00ed\u017e centra m\u011bsta a historicky p\u0159itahovaly b\u00e1sn\u00edky a romanopisce. Park Her\u0103str\u0103u, kter\u00fd obep\u00edn\u00e1 severn\u00ed b\u0159eh stejnojmenn\u00e9ho jezera, integruje do sv\u00e9ho are\u00e1lu Muzeum rumunsk\u00e9 vesnice. Park Tineretului, slavnostn\u011b otev\u0159en\u00fd v roce 1965, slou\u017e\u00ed jako hlavn\u00ed rekrea\u010dn\u00ed oblast pro ji\u017en\u00ed okresy a nab\u00edz\u00ed rozlehl\u00e9 \u201eMinim\u011bste\u010dko\u201c pro d\u011bti.<\/p>\n<p>Botanick\u00e1 zahrada ve \u010dtvrti Cotroceni uchov\u00e1v\u00e1 ve sklen\u00edc\u00edch a otev\u0159en\u00fdch z\u00e1honech v\u00edce ne\u017e 10 000 druh\u016f rostlin; p\u016fvodn\u011b slou\u017eila jako kr\u00e1lovsk\u00e9 m\u00edsto pro pot\u011b\u0161en\u00ed. Mezi dal\u0161\u00ed v\u00fdznamn\u00e9 parky pat\u0159\u00ed park kr\u00e1le Michala I., park Carol, park Alexandru Ioana Cuzy (hovorov\u011b zn\u00e1m\u00fd jako park Titan), park Kiseleff, park Izvor, Gr\u0103dina Icoanei, park Circului a park Moghioro\u0219. Dal\u0161\u00ed mo\u017enosti odpo\u010dinku na okraji m\u011bsta nab\u00edz\u00ed i dal\u0161\u00ed rozlohy, jako je N\u00e1rodn\u00ed park, park Tei, park Eroilor a park Cr\u00e2nga\u0219i s jezerem Morii.<\/p>\n<p>Mezi nimi si zvl\u00e1\u0161tn\u00ed pozornost zaslou\u017e\u00ed jezero V\u0103c\u0103re\u0219ti. Toto m\u00edsto, slavnostn\u011b otev\u0159en\u00e9 jako betonov\u00e1 n\u00e1dr\u017e za Ceau\u0219escuova re\u017eimu, ale opu\u0161t\u011bn\u00e9 po revoluci v roce 1989, pro\u0161lo b\u011bhem dvou desetilet\u00ed de facto redivingem. Od kv\u011btna 2016 je chr\u00e1n\u011bno jako p\u0159\u00edrodn\u00ed park V\u0103c\u0103re\u0219ti, kter\u00fd se rozkl\u00e1d\u00e1 na 190 hektarech \u2013 z nich\u017e polovina je otev\u0159en\u00e1 voda \u2013 a host\u00ed devades\u00e1t sedm druh\u016f pt\u00e1k\u016f, sedm druh\u016f savc\u016f a \u0159adu oboj\u017eiveln\u00edk\u016f a hmyzu. Neform\u00e1ln\u011b naz\u00fdvan\u00e9 \u201eBukure\u0161\u0165sk\u00e1 delta\u201c z\u016fst\u00e1v\u00e1 pozoruhodn\u00fdm d\u016fkazem o\u017eiven\u00ed p\u0159\u00edrody uprost\u0159ed hust\u00e9ho m\u011bstsk\u00e9ho os\u00eddlen\u00ed.<\/p>\n<p>\u00dazem\u00ed bezprost\u0159edn\u011b obklopuj\u00edc\u00ed hlavn\u00ed m\u011bsto bylo a\u017e do konce dvac\u00e1t\u00e9ho stolet\u00ed p\u0159ev\u00e1\u017en\u011b zem\u011bd\u011blsk\u00e9. Od p\u00e1du komunismu se okres Ilfov rychle urbanizoval: jeho populace vzrostla do roku 2021 na 542 686, co\u017e je n\u00e1r\u016fst, kter\u00fd v letech 2011 a\u017e 2021 zast\u00ednil v\u0161echny ostatn\u00ed okresy v Rumunsku. Vesnice jako Pope\u0219ti-Leordeni, Voluntari, Chiajna, Bragadiru, Pantelimon, Buftea a Otopeni se prom\u011bnily v bohat\u00e1 m\u011bsta pro doj\u00ed\u017ed\u011bn\u00ed do pr\u00e1ce a propojily m\u011bsto s \u0161ir\u0161\u00ed metropolitn\u00ed konstelac\u00ed.<\/p>\n<p>Bukure\u0161\u0165sk\u00e9 klima se vyzna\u010duje vlhk\u00fdm kontinent\u00e1ln\u00edm a vlhk\u00fdm subtropick\u00fdm podneb\u00edm, co\u017e vede k hork\u00fdm, dusn\u00fdm l\u00e9t\u016fm a chladn\u00fdm, zasn\u011b\u017een\u00fdm zim\u00e1m. Pr\u016fm\u011brn\u00e1 denn\u00ed maxima v polovin\u011b l\u00e9ta dosahuj\u00ed 29,8 \u00b0C s \u010dast\u00fdmi vrcholy 35\u201340 \u00b0C v centr\u00e1ln\u00edch okresech. Zimn\u00ed teploty obvykle klesaj\u00ed pod bod mrazu a mohou klesnout a\u017e na -10 \u00b0C, k \u010demu\u017e napom\u00e1haj\u00ed v\u011btry vanouc\u00ed p\u0159es n\u00ed\u017einu. Jarn\u00ed a podzimn\u00ed denn\u00ed teploty kol\u00edsaj\u00ed mezi 17 a 22 \u00b0C; sr\u00e1\u017eky b\u00fdvaj\u00ed na ja\u0159e vydatn\u011bj\u0161\u00ed a v l\u00e9t\u011b je p\u0159eru\u0161uj\u00ed n\u00e1hl\u00e9, ale kr\u00e1tk\u00e9 bou\u0159ky.<\/p>\n<p>Demograficky \u017eilo v samotn\u00e9m m\u011bst\u011b podle s\u010d\u00edt\u00e1n\u00ed lidu z roku 2021 1 716 961 obyvatel, co\u017e je m\u00edrn\u00fd pokles od roku 2011. Za tento trend byla zodpov\u011bdn\u00e1 n\u00edzk\u00e1 porodnost a migrace z p\u0159edm\u011bst\u00ed. Studie OSN za\u0159adila Bukure\u0161\u0165 na devaten\u00e1ct\u00e9 m\u00edsto mezi dvaceti osmi evropsk\u00fdmi hlavn\u00edmi m\u011bsty, kter\u00e1 zaznamenala mezi lety 1990 a polovinou roku 2010 pokles populace o t\u00e9m\u011b\u0159 \u010dty\u0159i procenta; k tomu v\u00fdznamn\u011b p\u0159isp\u011bl exodus rodin a mlad\u00fdch profesion\u00e1l\u016f do satelitn\u00edch obc\u00ed.<\/p>\n<p>Z ekonomick\u00e9ho hlediska Bukure\u0161\u0165 generuje p\u0159ibli\u017en\u011b 24 procent hrub\u00e9ho dom\u00e1c\u00edho produktu Rumunska a t\u00e9m\u011b\u0159 \u010dtvrtinu jeho pr\u016fmyslov\u00e9 produkce, a to i p\u0159es to, \u017ee po\u010det bydlen\u00ed v zemi \u010din\u00ed m\u00e9n\u011b ne\u017e deset procent populace. T\u00e9m\u011b\u0159 t\u0159etina v\u0161ech n\u00e1rodn\u00edch da\u0148ov\u00fdch p\u0159\u00edjm\u016f poch\u00e1z\u00ed z hlavn\u00edho m\u011bsta. HDP na obyvatele v regionu Bukure\u0161\u0165-Ilfov, upraven\u00fd o kupn\u00ed s\u00edlu, dos\u00e1hl v roce 2017 145 procent pr\u016fm\u011bru Evropsk\u00e9 unie a p\u0159ekonal tak srovnateln\u00e9 hodnoty pro Budape\u0161\u0165 (139 procent), Madrid (125 procent), Berl\u00edn (118 procent), \u0158\u00edm (110 procent), Lisabon (102 procent) a Sofii (79 procent).<\/p>\n<p>Po obdob\u00ed relativn\u00ed stagnace v 90. letech se m\u011bsto siln\u011b zotavilo: obnova infrastruktury, obchodn\u00ed komplexy, obytn\u00e9 \u010dtvrti a prosklen\u00e9 mrakodrapy prom\u011bnily siluetu m\u011bsta. V lednu 2013 \u010dinila m\u00edstn\u00ed m\u00edra nezam\u011bstnanosti 2,1 procenta, co\u017e je v\u00fdrazn\u011b pod celost\u00e1tn\u00edm pr\u016fm\u011brem 5,8 procenta. Dnes v ekonomice p\u0159evl\u00e1daj\u00ed slu\u017eby a s\u00eddl\u00ed zde s\u00eddlo p\u0159ibli\u017en\u011b 186 000 podnik\u016f \u2013 v\u010detn\u011b prakticky v\u0161ech hlavn\u00edch rumunsk\u00fdch firem. Velkou \u010d\u00e1st expanze po tis\u00edcilet\u00ed poh\u00e1n\u011bl sektor nemovitost\u00ed a stavebnictv\u00ed, zat\u00edmco Bukure\u0161\u0165 se tak\u00e9 stala vlajkov\u00fdm centrem informa\u010dn\u00edch technologi\u00ed a komunikac\u00ed; \u0159ada mezin\u00e1rodn\u00edch softwarov\u00fdch spole\u010dnost\u00ed provozuje ve m\u011bst\u011b zahrani\u010dn\u00ed distribu\u010dn\u00ed za\u0159\u00edzen\u00ed.<\/p>\n<p>Bukure\u0161\u0165sk\u00e1 burza cenn\u00fdch pap\u00edr\u016f, kter\u00e1 se koncem roku 2005 slou\u010dila s elektronickou platformou Rasdaq, je z\u00e1kladem finan\u010dn\u00edho sektoru. Od konce 90. let 20. stolet\u00ed vzniklo v\u00edce ne\u017e dvacet n\u00e1kupn\u00edch center a obchodn\u00edch center: mezi v\u00fdznamn\u00e9 p\u0159\u00edklady pat\u0159\u00ed B\u0103neasa Shopping City, AFI Palace Cotroceni, Mega Mall, Bucure\u0219ti Mall, ParkLake Shopping Centre, Sun Plaza, Promenada Mall a Unirea Shopping Centre. M\u00edstn\u00ed pobo\u010dky zde z\u0159\u00eddily glob\u00e1ln\u00ed korporace jako Amazon, Microsoft, Ubisoft, Oracle a IBM. M\u011bsto tak\u00e9 host\u00ed v\u00fdznamn\u00e9 ropn\u00e9 a plyn\u00e1rensk\u00e9, automobilov\u00e9, telekomunika\u010dn\u00ed a spot\u0159ebn\u00ed spole\u010dnosti, v\u010detn\u011b Petromu, nejv\u011bt\u0161\u00edho rumunsk\u00e9ho energetick\u00e9ho koncernu. V roce 2023 se Bukure\u0161\u0165 um\u00edstila na \u0161est\u00e9m m\u00edst\u011b na sv\u011bt\u011b v rychlosti pevn\u00e9ho \u0161irokop\u00e1smov\u00e9ho p\u0159ipojen\u00ed s pr\u016fm\u011brnou rychlost\u00ed 250 Mbps.<\/p>\n<p>Dopravn\u00ed infrastruktura zahrnuje s\u00ed\u0165 metra o p\u011bti link\u00e1ch \u2013 M1 a\u017e M5 \u2013 provozovan\u00fdch spole\u010dnost\u00ed Metrorex, kter\u00e9 obsluhuj\u00ed \u0161edes\u00e1t \u010dty\u0159i stanic. Prvn\u00ed \u00fasek byl otev\u0159en v roce 1979 a nejnov\u011bj\u0161\u00ed linka zah\u00e1jila provoz v roce 2020; \u0161est\u00e1 linka je ve v\u00fdstavb\u011b. Na povrchov\u00e9 \u00farovni provozuje autobusy, tramvaje, trolejbusy a lehkou kolejovou dopravu Societatea de Transport Bucure\u0219ti, dopln\u011bnou soukrom\u00fdmi minibusy a omezenou flotilou a\u017e 10 000 tax\u00edk\u016f.<\/p>\n<p>\u017delezni\u010dn\u00ed spojen\u00ed vych\u00e1z\u00ed z n\u00e1dra\u017e\u00ed Gara de Nord, hlavn\u00ed stanice C\u0103ile Ferate Rom\u00e2ne, kter\u00e1 spojuje Bukure\u0161\u0165 s v\u00fdznamn\u00fdmi vnitrost\u00e1tn\u00edmi i mezin\u00e1rodn\u00edmi destinacemi, v\u010detn\u011b B\u011blehradu, Sofie, V\u00eddn\u011b, Budape\u0161ti, Istanbulu a Kyjeva. Vedlej\u0161\u00ed stanice \u2013 Basarab, Obor, B\u0103neasa a Progresul \u2013 jsou integrov\u00e1ny do s\u00edt\u011b p\u0159\u00edm\u011bstsk\u00e9 \u017eeleznice obsluhuj\u00edc\u00ed obec a okres Ilfov. Nejstar\u0161\u00ed \u017eelezni\u010dn\u00ed termin\u00e1l m\u011bsta, Filaret, byl slavnostn\u011b otev\u0159en v roce 1869 a pozd\u011bji byl za komunistick\u00e9ho re\u017eimu p\u0159em\u011bn\u011bn na autobusov\u00fd termin\u00e1l.<\/p>\n<p>Leteck\u00e1 doprava se soust\u0159ed\u00ed na mezin\u00e1rodn\u00ed leti\u0161t\u011b Henriho Coand\u0103 (OTP), kter\u00e9 se nach\u00e1z\u00ed 16,5 kilometru severn\u011b od centra m\u011bsta Otopeni; v roce 2017 odbavilo p\u0159es 12,8 milionu cestuj\u00edc\u00edch, co\u017e z n\u011bj \u010din\u00ed nejru\u0161n\u011bj\u0161\u00ed leti\u0161t\u011b v Rumunsku. Mezin\u00e1rodn\u00ed leti\u0161t\u011b Aurela Vlaicu (BBU), osm kilometr\u016f severn\u011b v r\u00e1mci m\u011bstsk\u00fdch hranic, obsluhuje mana\u017eersk\u00e9 a charterov\u00e9 lety.<\/p>\n<p>Po silnici Bukure\u0161\u0165 spojuje kl\u00ed\u010dov\u00e9 tepny n\u00e1rodn\u00ed s\u00edt\u011b a panevropsk\u00e9 koridory IV a IX. Zde za\u010d\u00ednaj\u00ed hlavn\u00ed d\u00e1lnice \u2013 A1 do Pite\u0219ti (pokra\u010duj\u00edc\u00ed sm\u011brem na Ma\u010farsko), d\u00e1lnice A2 Sun do Konstance a A3 do Ploje\u0161ti. Vzd\u00e1lenosti po d\u00e1lnici zahrnuj\u00ed 183 kilometr\u016f do Bra\u0161ova, 203 do Konstance, 408 do Jas, 451 do Klu\u017ee a 544 do Teme\u0161v\u00e1ru. Vnit\u0159n\u00ed a vn\u011bj\u0161\u00ed okruh dopl\u0148uj\u00ed s\u00ed\u0165 radi\u00e1ln\u00edch bulv\u00e1r\u016f. Dopravn\u00ed z\u00e1cpy v dopravn\u00ed \u0161pi\u010dce jsou st\u00e1le endemick\u00e9 a p\u0159ipisuj\u00ed se rostouc\u00edmu po\u010dtu vozidel registrovan\u00fdch v roce 2013 \u2013 a\u010dkoli systematick\u00e9 opravy silnic \u0159e\u0161ily mnoho zhor\u0161en\u00fdch dopravn\u00edch tepen. V roce 2010 p\u0159ijaly registra\u010dn\u00ed zna\u010dky t\u0159\u00edm\u00edstn\u00fd form\u00e1t, aby se p\u0159izp\u016fsobily objemu dopravy. Dne 17. \u010dervna 2011 byl otev\u0159en nadjezd Basarab \u2013 nejdel\u0161\u00ed zav\u011b\u0161en\u00fd most v Rumunsku a nej\u0161ir\u0161\u00ed na kontinentu \u2013, co\u017e v\u00fdrazn\u011b zlep\u0161ilo plynulost dopravy v bl\u00edzkosti mostu Grant a severn\u00edho n\u00e1dra\u017e\u00ed.<\/p>\n<p>Kulturn\u00ed \u017eivot v Bukure\u0161ti v posledn\u00edch letech prudce vzrostl v oblasti v\u00fdtvarn\u00e9ho um\u011bn\u00ed, performativn\u00edho um\u011bn\u00ed a no\u010dn\u00edho \u017eivota. Na rozd\u00edl od jin\u00fdch rumunsk\u00fdch region\u016f se kreativn\u00ed prost\u0159ed\u00ed m\u011bsta vyh\u00fdb\u00e1 jedine\u010dn\u00e9mu charakteru a m\u00edsto toho syntetizuje m\u00edstn\u00ed tradici s glob\u00e1ln\u00edmi vlivy. Galerie, koncertn\u00ed s\u00e1ly, divadla a kluby se mno\u017e\u00ed a oslovuj\u00ed \u0161irok\u00e9 spektrum obyvatel i n\u00e1v\u0161t\u011bvn\u00edk\u016f.<\/p>\n<p>Monument\u00e1ln\u00ed architektura definuje mnoho dominant Bukure\u0161ti. Pal\u00e1c parlamentu, postaven\u00fd v 80. letech 20. stolet\u00ed za Ceau\u0219escuova re\u017eimu, je nejv\u011bt\u0161\u00ed parlamentn\u00ed budovou na sv\u011bt\u011b; jeho mohutn\u00e9 objemy obsahuj\u00ed s\u00e1ly pro z\u00e1konod\u00e1rn\u00e9 sbory i N\u00e1rodn\u00ed muzeum sou\u010dasn\u00e9ho um\u011bn\u00ed, stejn\u011b jako jedno z nejprostorn\u011bj\u0161\u00edch kongresov\u00fdch center na sv\u011bt\u011b. V\u00edt\u011bzn\u00fd oblouk, postaven\u00fd ve sv\u00e9 sou\u010dasn\u00e9 podob\u011b v roce 1935 a postaven\u00fd podle pa\u0159\u00ed\u017esk\u00e9ho V\u00edt\u011bzn\u00e9ho oblouku, p\u0159ipom\u00edn\u00e1 rumunsk\u00e9 v\u00e1le\u010dn\u00e9 \u00fasp\u011bchy. Pam\u00e1tn\u00edk znovuzrozen\u00ed \u2013 le\u0161t\u011bn\u00fd mramorov\u00fd obelisk odhalen\u00fd v roce 2005 na po\u010dest ob\u011bt\u00ed revoluce v roce 1989 \u2013 vyvolal ve\u0159ejnou debatu o sv\u00e9 abstraktn\u00ed podob\u011b a politick\u00fdch konotac\u00edch.<\/p>\n<p>Rumunsk\u00e9 athenaeum, dokon\u010den\u00e9 v letech 1886 a\u017e 1888 na z\u00e1klad\u011b ve\u0159ejn\u00e9 sb\u00edrky, je symbolem n\u00e1rodn\u00ed kultury a nese ozna\u010den\u00ed Evropsk\u00e9 d\u011bdictv\u00ed. InterContinental Bucharest, v\u00fd\u0161kov\u00fd p\u011btihv\u011bzdi\u010dkov\u00fd hotel pobl\u00ed\u017e Univerzitn\u00edho n\u00e1m\u011bst\u00ed, nab\u00edz\u00ed panoramatick\u00fd v\u00fdhled z ka\u017ed\u00e9ho jedine\u010dn\u011b uspo\u0159\u00e1dan\u00e9ho pokoje pro hosty. Casa Sc\u00e2nteii \u2013 dokon\u010den\u00e1 v roce 1957 a stylizovan\u00e1 podle Moskevsk\u00e9 st\u00e1tn\u00ed univerzity \u2013 kdysi s\u00eddlila v ofici\u00e1ln\u00edch tiskov\u00fdch org\u00e1nech Komunistick\u00e9 strany; jej\u00ed fas\u00e1da z\u016fst\u00e1v\u00e1 jedinou budovou ve m\u011bst\u011b, jej\u00ed\u017e ornamenty zobrazuj\u00ed motivy srpku a kladiva.<\/p>\n<p>Muze\u00e1ln\u00edch instituc\u00ed je v\u0161ude spousta: N\u00e1rodn\u00ed muzeum um\u011bn\u00ed, N\u00e1rodn\u00ed muzeum p\u0159\u00edrodn\u00ed historie Grigore Antipy, Muzeum rumunsk\u00e9ho roln\u00edka, N\u00e1rodn\u00ed historick\u00e9 muzeum a Vojensk\u00e9 muzeum spole\u010dn\u011b uchov\u00e1vaj\u00ed a prezentuj\u00ed rumunsk\u00e9 d\u011bdictv\u00ed. Centrum m\u011bsta je samo o sob\u011b palimpsestem st\u0159edov\u011bk\u00fdch poz\u016fstatk\u016f, neoklasicistn\u00edch pal\u00e1c\u016f, blok\u016f ve stylu art deco, secesn\u00edch vil a neorumunsk\u00fdch prototyp\u016f z po\u010d\u00e1tku dvac\u00e1t\u00e9ho stolet\u00ed, prokl\u00e1dan\u00fdch utilit\u00e1rn\u00edmi bytov\u00fdmi komplexy z komunistick\u00e9 \u00e9ry a roztrou\u0161en\u00fdmi sou\u010dasn\u00fdmi mrakodrapy.<\/p>\n<p>V prvn\u00ed \u010dtvrtin\u011b jednadvac\u00e1t\u00e9ho stolet\u00ed pro\u0161la Bukure\u0161\u0165 transformac\u00ed d\u00edky grantem Evropsk\u00e9 unie a dom\u00e1c\u00edm investic\u00edm. Revitalizovan\u00e1 star\u00e1 \u010d\u00e1st m\u011bsta se m\u016f\u017ee pochlubit zrestaurovan\u00fdmi fas\u00e1dami a p\u0159epracovan\u00fdmi interi\u00e9ry, zat\u00edmco infrastrukturn\u00ed projekty \u2013 mezi nimi\u017e je i kolos\u00e1ln\u00ed nadjezd Basarab \u2013 kop\u00edruj\u00ed vyv\u00edjej\u00edc\u00ed se kontury m\u011bsta. To, co bylo kdysi oslavov\u00e1no jako \u201eMal\u00e1 Pa\u0159\u00ed\u017e\u201c, se nyn\u00ed rozv\u00edj\u00ed jako metropole dynamick\u00fdch kontrast\u016f: \u017eivouc\u00ed kronika historie, modernity a neust\u00e1l\u00e9 souhry mezi nimi. Ve sv\u00fdch slavn\u00fdch ulic\u00edch, parc\u00edch a dopravn\u00edch tepn\u00e1ch Bukure\u0161\u0165 i nad\u00e1le prosazuje svou roli pulzuj\u00edc\u00edho hlavn\u00edho m\u011bsta na k\u0159i\u017eovatce minulosti a budoucnosti.<\/p>","protected":false},"excerpt":{"rendered":"<p>Bukure\u0161\u0165, hlavn\u00ed a nejv\u011bt\u0161\u00ed m\u011bsto Rumunska, je prosperuj\u00edc\u00ed metropol\u00ed s odhadem 1,76 milionu lid\u00ed \u017eij\u00edc\u00edch v jej\u00edch hranic\u00edch. Toto energick\u00e9 m\u011bstsk\u00e9 centrum se nach\u00e1z\u00ed na b\u0159ehu \u0159eky D\u00e2mbovi\u021ba v jihov\u00fdchodn\u00edm Rumunsku a je centrem v\u011bt\u0161\u00ed metropolitn\u00ed oblasti s p\u0159ibli\u017en\u011b 2,3 miliony obyvatel. S t\u00edmto vynikaj\u00edc\u00edm po\u010dtem obyvatel se Bukure\u0161\u0165 \u0159ad\u00ed mezi osm\u00e9 nejlidnat\u011bj\u0161\u00ed m\u011bsto v Evropsk\u00e9 unii, co\u017e zd\u016fraz\u0148uje jej\u00ed v\u00fdznam na kontinent\u00e1ln\u00ed sc\u00e9n\u011b.<\/p>","protected":false},"author":1,"featured_media":3400,"parent":11908,"menu_order":0,"comment_status":"closed","ping_status":"closed","template":"elementor_theme","meta":{"_eb_attr":"","footnotes":""},"class_list":["post-11967","page","type-page","status-publish","has-post-thumbnail"],"_links":{"self":[{"href":"https:\/\/travelshelper.com\/cs\/wp-json\/wp\/v2\/pages\/11967","targetHints":{"allow":["GET"]}}],"collection":[{"href":"https:\/\/travelshelper.com\/cs\/wp-json\/wp\/v2\/pages"}],"about":[{"href":"https:\/\/travelshelper.com\/cs\/wp-json\/wp\/v2\/types\/page"}],"author":[{"embeddable":true,"href":"https:\/\/travelshelper.com\/cs\/wp-json\/wp\/v2\/users\/1"}],"replies":[{"embeddable":true,"href":"https:\/\/travelshelper.com\/cs\/wp-json\/wp\/v2\/comments?post=11967"}],"version-history":[{"count":0,"href":"https:\/\/travelshelper.com\/cs\/wp-json\/wp\/v2\/pages\/11967\/revisions"}],"up":[{"embeddable":true,"href":"https:\/\/travelshelper.com\/cs\/wp-json\/wp\/v2\/pages\/11908"}],"wp:featuredmedia":[{"embeddable":true,"href":"https:\/\/travelshelper.com\/cs\/wp-json\/wp\/v2\/media\/3400"}],"wp:attachment":[{"href":"https:\/\/travelshelper.com\/cs\/wp-json\/wp\/v2\/media?parent=11967"}],"curies":[{"name":"wp","href":"https:\/\/api.w.org\/{rel}","templated":true}]}}