{"id":11958,"date":"2024-09-14T22:28:15","date_gmt":"2024-09-14T22:28:15","guid":{"rendered":"https:\/\/travelshelper.com\/staging\/?page_id=11958"},"modified":"2026-03-12T21:19:12","modified_gmt":"2026-03-12T21:19:12","slug":"konstanca","status":"publish","type":"page","link":"https:\/\/travelshelper.com\/cs\/destinations\/europe\/romania\/constanta\/","title":{"rendered":"Konstanca"},"content":{"rendered":"<p>Konstanca, le\u017e\u00edc\u00ed na z\u00e1padn\u00edm pob\u0159e\u017e\u00ed \u010cern\u00e9ho mo\u0159e v jihov\u00fdchodn\u00edm Rumunsku, slou\u017e\u00ed jako hlavn\u00ed n\u00e1mo\u0159n\u00ed br\u00e1na do zem\u011b a jej\u00ed \u010dtvrt\u00e9 nejlidnat\u011bj\u0161\u00ed m\u011bsto. Zahrnuje metropolitn\u00ed oblast, kter\u00e1 zahrnuje \u010dtrn\u00e1ct okoln\u00edch lokalit do devaten\u00e1cti mil od jej\u00edho m\u011bstsk\u00e9ho j\u00e1dra, a v r\u00e1mci m\u011bstsk\u00fdch hranic \u017eije p\u0159ibli\u017en\u011b 263 688 obyvatel a v \u0161ir\u0161\u00ed aglomeraci t\u00e9m\u011b\u0159 426 000 lid\u00ed. Byla zalo\u017eena kolem roku 600 p\u0159. n. l. ve starobyl\u00e9 oblasti Dobruja a z\u016fst\u00e1v\u00e1 nejstar\u0161\u00edm nep\u0159etr\u017eit\u011b os\u00eddlen\u00fdm m\u011bstem na rumunsk\u00e9m pob\u0159e\u017e\u00ed. S p\u0159\u00edstavem o rozloze p\u0159es patn\u00e1ct \u010dtvere\u010dn\u00edch mil a t\u00e1hnouc\u00edm se t\u00e9m\u011b\u0159 devaten\u00e1ct mil pod\u00e9l pob\u0159e\u017e\u00ed, Konstanca vyva\u017euje svou roli kl\u00ed\u010dov\u00e9ho obchodn\u00edho centra s rol\u00ed letoviska definovan\u00e9ho t\u0159in\u00e1ctikilometrov\u00fdm \u00fasekem pl\u00e1\u017ee a modern\u00ed \u010dtvrt\u00ed Mamaia.<\/p>\n<p>Od okam\u017eiku, kdy se zamysl\u00edme nad jej\u00edmi po\u010d\u00e1tky jako nad \u0159eckou osadou Tomis, se charakter Konstance projevuje vrstvami historick\u00e9 stratifikace. Jej\u00ed nejstar\u0161\u00ed obyvatel\u00e9 obchodovali s obil\u00edm a rybami s vnitrozemsk\u00fdmi komunitami a utv\u00e1\u0159eli tak n\u00e1mo\u0159n\u00ed identitu, kter\u00e1 p\u0159etrv\u00e1v\u00e1 dodnes. Jm\u00e9no pozd\u011bji poch\u00e1zelo na po\u010dest Konstantiny, nete\u0159e c\u00edsa\u0159e Konstantina Velik\u00e9ho, ale jeho role k\u0159i\u017eovatky \u0159\u00ed\u0161\u00ed p\u0159edch\u00e1z\u00ed tomuto poctu o mnoho stalet\u00ed. Za \u0159\u00edmsk\u00e9 nadvl\u00e1dy bylo m\u011bsto \u2013 tehdy sou\u010d\u00e1st Moesie \u2013 integrov\u00e1no do s\u00edt\u011b akvadukt\u016f a ve\u0159ejn\u00fdch l\u00e1zn\u00ed. Stopy jeho urbanistick\u00e9ho pl\u00e1nu se dochovaly v mozaikov\u00fdch podlah\u00e1ch a z\u00e1kladech pln\u00fdch amfor, kter\u00e9 jsou odkryty v Archeologick\u00e9m parku, fragmentech budov ze 3. a 4. stolet\u00ed, kter\u00e9 nazna\u010duj\u00ed administrativn\u00ed a obchodn\u00ed centrum, je\u017e kdysi spojovalo akropoli s p\u0159\u00edstavem pod n\u00ed.<\/p>\n<p>Byzantsk\u00e1 a bulharsk\u00e1 nadvl\u00e1da zanechala na kamenn\u00e9 struktu\u0159e m\u011bsta jemn\u011bj\u0161\u00ed stopy, ale osmansk\u00e1 epocha formovala v\u00fdrazn\u011bj\u0161\u00ed pam\u00e1tky. Me\u0161ita H\u00fcnkar, dokon\u010den\u00e1 v roce 1869 na popud sult\u00e1na Abd\u00fclazize, sv\u011bd\u010d\u00ed o komunit\u011b krymsk\u00fdch tatarsk\u00fdch exulant\u016f, kte\u0159\u00ed hledali \u00fato\u010di\u0161t\u011b na t\u011bchto b\u0159ez\u00edch. Jej\u00ed \u0161t\u00edhl\u00fd minaret a zdoben\u00fd interi\u00e9r byly restaurov\u00e1ny v polovin\u011b 20. stolet\u00ed, co\u017e umo\u017enilo v\u011b\u0159\u00edc\u00edm praktikovat tradice, kter\u00e9 p\u0159e\u017eily exil i \u0159\u00ed\u0161i. O generaci pozd\u011bji nechal kr\u00e1l Karol I. postavit Velkou me\u0161itu v Konstanci, kter\u00e1 kombinuje byzantskou klenbu s rumunsk\u00fdmi socha\u0159sk\u00fdmi detaily. \u00dast\u0159edn\u00edm bodem modlitebny je monument\u00e1ln\u00ed tureck\u00fd koberec utk\u00e1n\u00fd v Hereke, v\u00e1\u017e\u00edc\u00ed p\u0159es 1 000 liber, zat\u00edmco minaret se ty\u010d\u00ed pades\u00e1t metr\u016f nad molem a nab\u00edz\u00ed ostra\u017eit\u00fd v\u00fdhled na p\u0159\u00edstav, kde kotv\u00ed rumunsk\u00e1 \u010dernomo\u0159sk\u00e1 eskadra.<\/p>\n<p>V roce 1878, po skon\u010den\u00ed rusko-tureck\u00e9 v\u00e1lky, byla Konstanca postoupena Rumunsku. V t\u00e9 dob\u011b v jej\u00edch hradb\u00e1ch \u017eilo m\u00e9n\u011b ne\u017e 6 000 lid\u00ed. V pr\u016fb\u011bhu n\u00e1sleduj\u00edc\u00edho stolet\u00ed se m\u011bsto dramaticky rozrostlo: jeho populace vzrostla do roku 1930 na t\u00e9m\u011b\u0159 60 000 a v roce 1992 dos\u00e1hla vrcholu p\u0159es 350 000, ne\u017e se v posledn\u00edm s\u010d\u00edt\u00e1n\u00ed lidu stabilizovala kolem \u010dtvrt milionu. Etni\u010dt\u00ed Rumuni tvo\u0159ili v\u011bt\u0161inu na po\u010d\u00e1tku 20. stolet\u00ed, p\u0159esto si m\u011bsto zachovalo enkl\u00e1vy Tatar\u016f a \u0158ek\u016f vedle tureck\u00fdch a romsk\u00fdch men\u0161in, p\u0159i\u010dem\u017e ka\u017ed\u00e1 skupina p\u0159isp\u00edv\u00e1 k multikulturn\u00edmu odkazu, kter\u00fd sah\u00e1 od \u0159\u00edmsk\u00fdch mozaik a\u017e po osmansk\u00e9 minarety.<\/p>\n<p>Konstancsk\u00fd p\u0159\u00edstav p\u0159edstavuje ekonomickou tepnu m\u011bsta i jeho strategickou v\u00fdhodu. S rozlohou 39,26 km\u00b2 je nejv\u011bt\u0161\u00edm obchodn\u00edm p\u0159\u00edstavem na \u010cern\u00e9m mo\u0159i a \u0159ad\u00ed se mezi nejv\u00fdznamn\u011bj\u0161\u00ed n\u00e1mo\u0159n\u00ed za\u0159\u00edzen\u00ed v Evrop\u011b. Jeho severn\u00ed a ji\u017en\u00ed \u010d\u00e1st le\u017e\u00ed chr\u00e1n\u011bny vlnolamy, kter\u00e9 odkl\u00e1n\u011bj\u00ed severn\u00ed vich\u0159ice, a\u010dkoli ji\u017en\u00ed bou\u0159e mohou vodu u\u010dinit zr\u00e1dnou pro plavidla, kter\u00e1 vplouvaj\u00ed do m\u011bsta nebo ho odplouvaj\u00ed. Sb\u00edh\u00e1 se zde kan\u00e1l Dunaj-\u010cern\u00e9 mo\u0159e, kter\u00fd zefektiv\u0148uje tok obil\u00ed, ropy, uhl\u00ed a stroj\u016f mezi srdcem Evropy a otev\u0159en\u00fdm mo\u0159em. Toto spojen\u00ed dopl\u0148uj\u00ed \u017eelezni\u010dn\u00ed a silni\u010dn\u00ed tepny: d\u00e1lnice A2, zn\u00e1m\u00e1 jako Slune\u010dn\u00ed d\u00e1lnice, se t\u00e1hne na z\u00e1pad do Bukure\u0161ti, zat\u00edmco okru\u017en\u00ed silnice A4 odv\u00e1d\u00ed t\u011b\u017ekou dopravu kolem m\u011bstsk\u00e9ho j\u00e1dra.<\/p>\n<p>Navzdory sv\u00e9mu pr\u016fmyslov\u00e9mu v\u00fdznamu je Konstanca ji\u017e dlouho centrem voln\u00e9ho \u010dasu. Na za\u010d\u00e1tku 20. stolet\u00ed se pod z\u00e1\u0161titou Karla I. prom\u011bnily promen\u00e1dy na pl\u00e1\u017e\u00edch a miner\u00e1ln\u00ed prameny v nov\u011b vznikaj\u00edc\u00ed letoviska. Dnes Mamaia zt\u011bles\u0148uje tuto vizi v modern\u00ed podob\u011b: elegantn\u00ed p\u00e1s hotel\u016f, kav\u00e1ren a klub\u016f rozm\u00edst\u011bn\u00fdch na \u00fazk\u00e9m p\u00edse\u010dn\u00e9m b\u0159ehu, om\u00fdvan\u00fdch klidnou vodou a osv\u011b\u017een\u00fdch mo\u0159sk\u00fdm v\u00e1nkem. Mezi pozdn\u00edm jarem a za\u010d\u00e1tkem podzimu po\u010det obyvatel roste, proto\u017ee se sj\u00ed\u017ed\u011bj\u00ed turist\u00e9 a sez\u00f3nn\u00ed pracovn\u00edci; b\u011bhem hlavn\u00ed sez\u00f3ny zde m\u016f\u017ee denn\u011b proj\u00edt a\u017e 120 000 n\u00e1v\u0161t\u011bvn\u00edk\u016f. Ve\u0159ejn\u00e1 doprava \u2013 v\u010detn\u011b devaten\u00e1cti celoro\u010dn\u011b provozovan\u00fdch autobusov\u00fdch linek, sez\u00f3nn\u00edch dvoupatrov\u00fdch autobus\u016f, vozidel vybaven\u00fdch Wi-Fi a v posledn\u00ed dob\u011b i elektrick\u00fdch autobus\u016f \u2013 zaji\u0161\u0165uje, \u017ee m\u011bstsk\u00e1 mobilita vyhovuje jak obyvatel\u016fm, tak i p\u0159\u00edjezdov\u00fdm host\u016fm.<\/p>\n<p>Architektonick\u00e9 d\u011bdictv\u00ed Konstance se odehr\u00e1v\u00e1 v diskr\u00e9tn\u00edch z\u00e1kout\u00edch po cel\u00e9m m\u011bst\u011b. Ovidovo n\u00e1m\u011bst\u00ed vzd\u00e1v\u00e1 hold \u0159\u00edmsk\u00e9mu b\u00e1sn\u00edkovi, kter\u00fd sem byl v roce 8 n. l. vyhn\u00e1n. Bronzov\u00e1 socha Ettore Ferrariho, postaven\u00e1 v roce 1887 a pozd\u011bji po v\u00e1le\u010dn\u00e9m odstran\u011bn\u00ed zrekonstruovan\u00e1, stoj\u00ed p\u0159ed b\u00fdvalou radnic\u00ed, nyn\u00ed N\u00e1rodn\u00edm muzeem historie a archeologie. Uvnit\u0159 se n\u00e1v\u0161t\u011bvn\u00edci setkaj\u00ed s artefakty z tis\u00edcilet\u00ed: od mramorov\u00fdch fragment\u016f a\u017e po byzantsk\u00e9 ikony. Nedaleko se nach\u00e1z\u00ed \u0158\u00edmsk\u00e1 budova s \u200b\u200bmozaikou o rozloze p\u0159ibli\u017en\u011b 850 m\u00b2, jej\u00ed\u017e mozaikov\u00e9 podlahy nazna\u010duj\u00ed obchody, sklady a ve\u0159ejn\u00e9 l\u00e1zn\u011b, kter\u00e9 kdysi tvo\u0159ily obchodn\u00ed centrum m\u011bsta. Sousedn\u00ed v\u011b\u017e z 6. stolet\u00ed nab\u00edz\u00ed vz\u00e1cn\u00fd vertik\u00e1ln\u00ed pohled na st\u0159edov\u011bk\u00e9 obrann\u00e9 strategie.<\/p>\n<p>P\u0159ed p\u016fl stolet\u00edm se na n\u00e1b\u0159e\u017e\u00ed ty\u010dilo kasino jako symbol elegance Belle \u00c9poque. Jeho k\u0159ivolak\u00e1 secesn\u00ed fas\u00e1da, kterou si v roce 1910 objednal Karol I. a navrhli ji Daniel Renard a Petre Antonescu, hled\u00ed p\u0159es vlny, i kdy\u017e samotn\u00e1 budova za po sob\u011b jdouc\u00edch re\u017eim\u016f ch\u00e1trala. V roce 2021 byl zah\u00e1jen komplexn\u00ed restaur\u00e1torsk\u00fd projekt, kter\u00fd odr\u00e1\u017e\u00ed obnovenou ob\u010danskou hrdost na stavbu, je\u017e kdysi v\u00edtala evropsk\u00e9 m\u00f3dn\u00ed vrstvy. Nedaleko se nach\u00e1z\u00ed D\u016fm se lvy, kter\u00fd p\u0159edstavuje komorn\u011bj\u0161\u00ed novorom\u00e1nsk\u00fd celek. Jeho \u010dty\u0159i sochy lv\u016f st\u0159e\u017e\u00ed fas\u00e1du, kter\u00e1 kdysi hostila zedn\u00e1\u0159skou l\u00f3\u017ei Konstan\u021ba, a jejich kamenn\u00fd pohled p\u0159ipom\u00edn\u00e1 kolemjdouc\u00edm kosmopolitn\u00ed s\u00edt\u011b m\u011bsta.<\/p>\n<p>Kulturn\u00ed \u017eivot Konstance nesl rovn\u011b\u017e otisk vizion\u00e1\u0159sk\u00fdch osobnost\u00ed. Dobrod\u017eansk\u00e9 hudebn\u00ed divadlo, zalo\u017een\u00e9 v roce 1957, nab\u00edzelo opern\u00ed a dramatick\u00e9 produkce v za\u0159\u00edzen\u00ed, kter\u00e9 bylo pozd\u011bji p\u0159ejmenov\u00e1no na jeho prvn\u00edho baletn\u00edho mistra Olega Danovsk\u00e9ho. Pod jeho veden\u00edm vzkv\u00e9tal modern\u00ed soubor a\u017e do jeho smrti v roce 1996. A\u010dkoli divadlo bylo v roce 2004 uzav\u0159eno, jeho odkaz p\u0159etrv\u00e1v\u00e1 v podob\u011b ka\u017edoro\u010dn\u00edch festival\u016f a z\u00e1jezdov\u00fdch spole\u010dnost\u00ed, kter\u00e9 p\u0159ipom\u00ednaj\u00ed jeho vitalitu z poloviny minul\u00e9ho stolet\u00ed. Podobn\u011b divadlo Fantasio \u2013 p\u016fvodn\u011b Tranulis po sv\u00e9m \u0159eck\u00e9m mecen\u00e1\u0161ovi \u2013 bylo znovu otev\u0159eno ve 20. letech 20. stolet\u00ed a jeho neoklasicistn\u00ed portikus stoj\u00ed uprost\u0159ed modern\u00edch tepen Ferdinandova bulv\u00e1ru.<\/p>\n<p>Muzea maj\u00ed v Konstanci zvl\u00e1\u0161tn\u00ed v\u00fdznam, proto\u017ee se zde prol\u00edn\u00e1 historie s p\u0159\u00edrodou. Rumunsk\u00e9 n\u00e1mo\u0159n\u00ed muzeum sleduje v\u00fdvoj n\u00e1rodn\u00edch n\u00e1mo\u0159n\u00edch sil, od korvet poh\u00e1n\u011bn\u00fdch plachtami a\u017e po modern\u00ed fregaty, jeho\u017e expozice byly slavnostn\u011b otev\u0159eny 3. srpna 1969. Chronologick\u00e9 uk\u00e1zky model\u016f lod\u00ed, kotev a uniforem nab\u00edzej\u00ed kontext k n\u00e1mo\u0159n\u00ed p\u0159\u00edtomnosti kotv\u00edc\u00ed u pob\u0159e\u017e\u00ed. Kr\u00e1tk\u00e1 proch\u00e1zka zavede n\u00e1v\u0161t\u011bvn\u00edky do komplexu Muzea p\u0159\u00edrodn\u00edch v\u011bd, zoologick\u00e9ho souboru, jeho\u017e delfin\u00e1rium po\u0159\u00e1d\u00e1 denn\u00ed p\u0159edstaven\u00ed, zat\u00edmco voli\u00e9ry se hem\u017e\u00ed exotick\u00fdmi pt\u00e1ky. Expozice mikrodelty evokuje slo\u017eit\u00e9 mok\u0159ady delty Dunaje a sousedn\u00ed planet\u00e1rium prom\u00edt\u00e1 astr\u00e1ln\u00ed panoramata, kter\u00e1 spojuj\u00ed pob\u0159e\u017en\u00ed vody s nebeskou \u0159\u00ed\u0161\u00ed.<\/p>\n<p>Klima Konstance odr\u00e1\u017e\u00ed jej\u00ed dvoj\u00ed charakter jako p\u0159\u00edstavu i letoviska. L\u00e9to, klasifikovan\u00e9 jako vlhk\u00e9 subtropick\u00e9, trv\u00e1 od za\u010d\u00e1tku \u010dervna do poloviny z\u00e1\u0159\u00ed, p\u0159i\u010dem\u017e pr\u016fm\u011brn\u00e9 teploty v \u010dervenci a srpnu se pohybuj\u00ed kolem 23 \u00b0C. Denn\u00ed v\u00e1nek zm\u00edr\u0148uje horko, i kdy\u017e ve\u010dery si uchov\u00e1vaj\u00ed teplo uskladn\u011bn\u00e9 mo\u0159em. Podzim, kter\u00fd m\u016f\u017ee za\u010d\u00edt koncem z\u00e1\u0159\u00ed, p\u0159in\u00e1\u0161\u00ed jasnou oblohu a m\u00edrn\u00e9 dny, zat\u00edmco zima p\u0159ich\u00e1z\u00ed pozd\u011bji ne\u017e ve vnitrozemsk\u00fdch oblastech. Pr\u016fm\u011brn\u00e9 teploty v lednu se pohybuj\u00ed kolem 1 \u00b0C, s kr\u00e1tk\u00fdmi sn\u011b\u017een\u00edmi kompenzovan\u00fdmi m\u00edrn\u00fdmi p\u0159est\u00e1vkami, kdy teploty stoupnou nad 8 \u00b0C. Bou\u0159e mezi prosincem a b\u0159eznem mohou zp\u016fsobit v\u011btrem rozbou\u0159en\u00e9 mo\u0159e, co\u017e p\u0159ipom\u00edn\u00e1 n\u00e1mo\u0159n\u00edho ducha, kter\u00fd je z\u00e1kladem identity m\u011bsta. Na ja\u0159e z\u016fst\u00e1v\u00e1 pob\u0159e\u017e\u00ed \u010dasto chladn\u011bj\u0161\u00ed ne\u017e vnitrozem\u00ed, proto\u017ee se rod\u00edc\u00ed se teplo pot\u00fdk\u00e1 s p\u0159etrv\u00e1vaj\u00edc\u00edmi mo\u0159sk\u00fdmi proudy.<\/p>\n<p>Klimatick\u00e9 z\u00e1znamy podtrhuj\u00ed trend postupn\u00e9ho oteplov\u00e1n\u00ed. Od roku 1889 se \u010dty\u0159i ze sedmi nejteplej\u0161\u00edch let zaznamenan\u00fdch na poloostrov\u011b vyskytly po p\u0159elomu tis\u00edcilet\u00ed. V roce 2007 dos\u00e1hly zima a l\u00e9to rekordn\u00edch m\u011bs\u00ed\u010dn\u00edch pr\u016fm\u011br\u016f \u2013 6,5 \u00b0C v lednu a 23,0 \u00b0C v \u010dervnu \u2013 zat\u00edmco rok jako celek zaznamenal nejvy\u0161\u0161\u00ed pr\u016fm\u011brnou teplotu za v\u00edce ne\u017e stolet\u00ed pozorov\u00e1n\u00ed. D\u00edky t\u011bmto \u00fadaj\u016fm je Konstanca v pop\u0159ed\u00ed environment\u00e1ln\u00edch zm\u011bn, kter\u00e9 rezonuj\u00ed v cel\u00e9m regionu \u010cern\u00e9ho mo\u0159e a formuj\u00ed zem\u011bd\u011blsk\u00e9 cykly i turistick\u00e9 trendy.<\/p>\n<p>Ekonomick\u00e9 narativy v Konstanci se m\u011bn\u00ed od skromn\u00e9 \u200b\u200bryb\u00e1\u0159sk\u00e9 vesnice k pr\u016fmyslov\u00e9mu a obchodn\u00edmu centru. V roce 1878 ji zahrani\u010dn\u00ed pozorovatel\u00e9 ozna\u010dovali za \u201echudou\u201c a nedostate\u010dn\u011b rozvinutou, p\u0159esto byla v roce 1920 zn\u00e1m\u00e1 sv\u00fdm v\u00fdvozem ropy a obilovin. Dnes zalo\u017een\u00ed v\u00edce ne\u017e 3 000 nov\u00fdch spole\u010dnost\u00ed v prvn\u00ed polovin\u011b roku 2008 signalizuje dynamick\u00e9 podnikatelsk\u00e9 klima, kter\u00e9 je na druh\u00e9m m\u00edst\u011b hned po Bukure\u0161ti a Klu\u017esk\u00e9 \u017eup\u011b. Lod\u011bnice se shlukuj\u00ed v bl\u00edzkosti obiln\u00fdch sil a logistick\u00e9 firmy vyu\u017e\u00edvaj\u00ed propustnost p\u0159\u00edstavu k distribuci zbo\u017e\u00ed po cel\u00e9m kontinentu. Sou\u010dasn\u011b program obnovy pl\u00e1\u017e\u00ed financovan\u00fd z fond\u016f Evropsk\u00e9 unie v roce 2020 rekultivoval hektary pob\u0159e\u017e\u00ed, \u010d\u00edm\u017e napravil desetilet\u00ed pr\u016fmyslov\u00e9ho dopadu a znovu potvrdil rekrea\u010dn\u00ed rozm\u011br m\u011bsta.<\/p>\n<p>Konstan\u021ba m\u00e1 nad r\u00e1mec n\u00e1mo\u0159n\u00edch kan\u00e1l\u016f. \u017deleznice slavnostn\u011b otev\u0159en\u00e1 v roce 1895 zajistila p\u0159\u00edm\u00e9 spojen\u00ed s hlavn\u00edm m\u011bstem Rumunska, prot\u00ednala Dunaj v Cernavod\u0103 a usnad\u0148ovala odtok obil\u00ed a ropy. Silni\u010dn\u00ed spojen\u00ed se \u0159\u00edd\u00ed podobnou geometri\u00ed: d\u00e1lnice A2 do Bukure\u0161ti a okru\u017en\u00ed silnice A4 obch\u00e1z\u00ed m\u011bstsk\u00e9 j\u00e1dro. Leteck\u00e1 doprava p\u0159il\u00e9t\u00e1 p\u0159es mezin\u00e1rodn\u00ed leti\u0161t\u011b Mihail Kog\u0103lniceanu, zat\u00edmco vlnolamy p\u0159\u00edstavu vytv\u00e1\u0159ej\u00ed pr\u016fjezdy pro mezin\u00e1rodn\u00ed n\u00e1kladn\u00ed lod\u011b a n\u00e1mo\u0159n\u00ed plavidla. Iniciativa Rail-2-Sea si s v\u00fdhledem do budoucna klade za c\u00edl propojit Konstan\u021bu s polsk\u00fdm baltsk\u00fdm p\u0159\u00edstavem Gda\u0148sk prost\u0159ednictv\u00edm nadn\u00e1rodn\u00edho \u017eelezni\u010dn\u00edho koridoru o d\u00e9lce p\u0159esahuj\u00edc\u00edho 2 200 mil, \u010d\u00edm\u017e se pos\u00edl\u00ed postaven\u00ed m\u011bsta na kontinent\u00e1ln\u00ed k\u0159i\u017eovatce.<\/p>\n<p>Vzd\u00e1lenosti podtrhuj\u00ed tuto strategickou polohu: Bukure\u0161\u0165 le\u017e\u00ed 228 km na z\u00e1pad, Varna 153 km na jih, Burgas 265 km pod\u00e9l pob\u0159e\u017e\u00ed, Edirne 453 km a Istanbul 599 km za bulharskou hranic\u00ed. Tato \u010d\u00edsla stav\u00ed Konstancu nejen do role nejv\u00fdznamn\u011bj\u0161\u00edho \u010dernomo\u0159sk\u00e9ho p\u0159\u00edstavu v Rumunsku, ale tak\u00e9 do kl\u00ed\u010dov\u00e9ho bodu v pohybu osob a zbo\u017e\u00ed v jihov\u00fdchodn\u00ed Evrop\u011b.<\/p>\n<p>Jak se m\u011bsto bl\u00ed\u017e\u00ed t\u0159et\u00edmu tis\u00edcilet\u00ed sv\u00e9 okupace, sbli\u017eov\u00e1n\u00ed starov\u011bku a modernity z\u016fst\u00e1v\u00e1 jeho ur\u010duj\u00edc\u00edm motivem. Starov\u011bk\u00e9 mozaiky se snoub\u00ed s elektrick\u00fdmi autobusy; osmansk\u00e9 minarety sd\u00edlej\u00ed panorama se secesn\u00edmi pavilony; rytmus modliteb rezonuje uprost\u0159ed rachotu n\u00e1kladn\u00edch je\u0159\u00e1b\u016f. Navzdory v\u00e1lk\u00e1m a re\u017eim\u016fm, ekonomick\u00fdm cykl\u016fm a kulturn\u00edm proud\u016fm si Konstanca zachovala schopnost znovuobjevov\u00e1n\u00ed. Jej\u00ed p\u0159\u00edb\u011bh nen\u00ed ani monolitick\u00fd, ani statick\u00fd, ale odv\u00edj\u00ed se v postupn\u00fdch gestech \u2013 obnoven\u00e9 kamenn\u00e9 zdi, obnoven\u00e9 pl\u00e1\u017ee, po\u0159\u00e1dan\u00e9 festivaly \u2013 kter\u00e9 sv\u011bd\u010d\u00ed o trval\u00e9m magnetismu m\u00edsta, kter\u00e9 je z\u00e1rove\u0148 p\u0159\u00edstavem i polis.<\/p>\n<p>Ve sv\u00e9m neust\u00e1l\u00e9m vyva\u017eov\u00e1n\u00ed d\u011bdictv\u00ed a pokroku vyb\u00edz\u00ed Konstanca k zamy\u0161len\u00ed nad propleten\u00edm mo\u0159e a m\u011bsta, minulosti a sou\u010dasnosti. Jej\u00ed p\u0159\u00edstavi\u0161t\u011b odes\u00edl\u00e1 zbo\u017e\u00ed, kter\u00e9 udr\u017euje ekonomiky za jej\u00edmi hranicemi, zat\u00edmco jej\u00ed promen\u00e1dy p\u0159itahuj\u00ed n\u00e1v\u0161t\u011bvn\u00edky z cel\u00e9 Evropy. Pod ka\u017ed\u00fdm fragmentem mozaiky a uvnit\u0159 ka\u017ed\u00e9 me\u0161ity a kostela se skr\u00fdv\u00e1 otisk t\u011bch, kte\u0159\u00ed kr\u00e1\u010deli po jej\u00edch dl\u00e1\u017ed\u011bn\u00fdch ulic\u00edch. \u017d\u00e1dn\u00e1 pam\u00e1tka nedok\u00e1\u017ee zachytit jej\u00ed plnost, p\u0159esto samotn\u00e1 odolnost m\u011bsta potvrzuje soudr\u017enost vytvo\u0159enou adaptac\u00ed. Konstanca je d\u016fkazem schopnosti lidsk\u00e9ho os\u00eddlen\u00ed p\u0159etrvat, vyv\u00edjet se a z\u016fstat po v\u00edce ne\u017e dvacet \u0161est stolet\u00ed d\u016fle\u017eit\u00fdm prahem mezi pevninou a mo\u0159em.<\/p>","protected":false},"excerpt":{"rendered":"<p>Constan\u021ba, kter\u00e1 se nach\u00e1z\u00ed na rumunsk\u00e9m pob\u0159e\u017e\u00ed \u010cern\u00e9ho mo\u0159e, je \u010dtvrt\u00fdm nejv\u011bt\u0161\u00edm m\u011bstem zem\u011b a hlavn\u00edm p\u0159\u00edstavem v regionu. Slou\u017e\u00ed jako hlavn\u00ed m\u011bsto hrabstv\u00ed Constan\u021ba a hlavn\u00ed m\u011bstsk\u00e9 centrum v historick\u00e9 oblasti Dobrud\u017ea, m\u00e1 263 688 obyvatel od s\u010d\u00edt\u00e1n\u00ed lidu v roce 2021. Strategick\u00e1 poloha m\u011bsta z n\u011bj ud\u011blala v\u00fdznamn\u00e9 obchodn\u00ed a kulturn\u00ed centrum, kter\u00e9 sv\u00fdm \u00fa\u010dinkem v\u00fdrazn\u011b p\u0159esahuje jeho bezprost\u0159edn\u00ed okol\u00ed.<\/p>","protected":false},"author":1,"featured_media":4113,"parent":11908,"menu_order":0,"comment_status":"closed","ping_status":"closed","template":"elementor_theme","meta":{"_eb_attr":"","footnotes":""},"class_list":["post-11958","page","type-page","status-publish","has-post-thumbnail"],"_links":{"self":[{"href":"https:\/\/travelshelper.com\/cs\/wp-json\/wp\/v2\/pages\/11958","targetHints":{"allow":["GET"]}}],"collection":[{"href":"https:\/\/travelshelper.com\/cs\/wp-json\/wp\/v2\/pages"}],"about":[{"href":"https:\/\/travelshelper.com\/cs\/wp-json\/wp\/v2\/types\/page"}],"author":[{"embeddable":true,"href":"https:\/\/travelshelper.com\/cs\/wp-json\/wp\/v2\/users\/1"}],"replies":[{"embeddable":true,"href":"https:\/\/travelshelper.com\/cs\/wp-json\/wp\/v2\/comments?post=11958"}],"version-history":[{"count":0,"href":"https:\/\/travelshelper.com\/cs\/wp-json\/wp\/v2\/pages\/11958\/revisions"}],"up":[{"embeddable":true,"href":"https:\/\/travelshelper.com\/cs\/wp-json\/wp\/v2\/pages\/11908"}],"wp:featuredmedia":[{"embeddable":true,"href":"https:\/\/travelshelper.com\/cs\/wp-json\/wp\/v2\/media\/4113"}],"wp:attachment":[{"href":"https:\/\/travelshelper.com\/cs\/wp-json\/wp\/v2\/media?parent=11958"}],"curies":[{"name":"wp","href":"https:\/\/api.w.org\/{rel}","templated":true}]}}