{"id":11945,"date":"2024-09-14T21:20:02","date_gmt":"2024-09-14T21:20:02","guid":{"rendered":"https:\/\/travelshelper.com\/staging\/?page_id=11945"},"modified":"2026-03-12T21:15:34","modified_gmt":"2026-03-12T21:15:34","slug":"transylvanie","status":"publish","type":"page","link":"https:\/\/travelshelper.com\/cs\/destinations\/europe\/romania\/transylvania\/","title":{"rendered":"Transylv\u00e1nie"},"content":{"rendered":"<p>Transylv\u00e1nie se nach\u00e1z\u00ed v srdci Rumunska, jej\u00ed\u017e obrysy jsou vymezeny t\u00e1hnouc\u00edmi se oblouky V\u00fdchodn\u00edch, Ji\u017en\u00edch a Z\u00e1padn\u00edch Karpat a rozlohou n\u00e1horn\u00ed plo\u0161iny o rozloze p\u0159ibli\u017en\u011b 100 290 kilometr\u016f \u010dtvere\u010dn\u00edch. Zahrnuje \u0161estn\u00e1ct modern\u00edch administrativn\u00edch okres\u016f a le\u017e\u00ed v geografick\u00e9m st\u0159edu st\u0159edn\u00ed Evropy. Jej\u00ed hranice se v pr\u016fb\u011bhu stalet\u00ed dob\u00fdv\u00e1n\u00ed, spojenectv\u00ed a smluv kdysi m\u011bnily. Od strm\u00fdch h\u0159eben\u016f Apusensk\u00fdch hor a\u017e po m\u00edrn\u00e9 zvln\u011bn\u00ed vnit\u0159n\u00ed n\u00ed\u017einy tvo\u0159\u00ed topografie regionu gobel\u00edn kultur, histori\u00ed a ekonomik. Transylv\u00e1nie, kter\u00e1 odr\u00e1\u017e\u00ed populaci formovanou rumunsk\u00fdmi, ma\u010farsk\u00fdmi, n\u011bmeck\u00fdmi a romsk\u00fdmi komunitami, dnes p\u0159edstavuje jedine\u010dnou f\u00fazi st\u0159edov\u011bk\u00fdch citadel, opevn\u011bn\u00fdch vesnic a rozs\u00e1hl\u00fdch p\u0159\u00edrodn\u00edch rezervac\u00ed. Jej\u00ed identita se nese stejnou m\u011brou na k\u0159\u00eddlech starov\u011bk\u00fdch d\u00e1ck\u00fdch legend a impozantn\u00edho kamene pevnost\u00ed z habsbursk\u00e9 \u00e9ry.<\/p>\n<p>Lidsk\u00e9 vypr\u00e1v\u011bn\u00ed Transylv\u00e1nie sah\u00e1 a\u017e do starov\u011bku, jej\u00ed \u00fazem\u00ed nejprve dr\u017eeli Agathyrsi, ne\u017e se ve druh\u00e9m stolet\u00ed p\u0159. n. l. stalo ned\u00edlnou sou\u010d\u00e1st\u00ed D\u00e1ck\u00e9ho kr\u00e1lovstv\u00ed. S \u0159\u00edmsk\u00fdm dobyt\u00edm Dacie v roce 106 n. l. do\u0161lo ke zaveden\u00ed silnic a osad, kter\u00e9 pomalu propl\u00e9taly m\u00edstn\u00ed zvyky s imperi\u00e1ln\u00edm vlivem. Po v\u00edce ne\u017e stolet\u00ed a p\u016fl zanech\u00e1valy \u0159\u00edmsk\u00e9 legie a spr\u00e1vci otisk in\u017een\u00fdrstv\u00ed a pr\u00e1va, kter\u00fd p\u0159etrval v n\u00e1zvech \u0159ek a ruin roztrou\u0161en\u00fdch po n\u00e1horn\u00ed plo\u0161in\u011b. Pot\u00e9 n\u00e1sledovaly postupn\u00e9 vlny gotick\u00e9 p\u0159\u00edtomnosti a vzestupy Hunsk\u00e9 \u0159\u00ed\u0161e ve \u010dtvrt\u00e9m a p\u00e1t\u00e9m stolet\u00ed, p\u0159i\u010dem\u017e ka\u017ed\u00e1 vrstva nadvl\u00e1dy p\u0159ekr\u00fdvala d\u0159\u00edv\u011bj\u0161\u00ed d\u011bdictv\u00ed regionu, ani\u017e by jej zcela smazala. V p\u00e1t\u00e9m a \u0161est\u00e9m stolet\u00ed si kontrolu uv\u011bdomilo kr\u00e1lovstv\u00ed Gepid\u016f, po n\u011bm\u017e nastoupil Avarsk\u00fd kagan\u00e1t, jeho\u017e autorita trvala a\u017e do dev\u00e1t\u00e9ho stolet\u00ed. Kdy\u017e se do oblasti vtla\u010dily Slovan\u00e9, i ony zde na\u0161ly p\u016fdu, kter\u00e1 ji\u017e byla p\u0159ipravena tis\u00edcilet\u00edmi os\u00eddlen\u00ed, a p\u0159isp\u011bly lidovou \u0159e\u010d\u00ed k m\u00edstn\u00edm dialekt\u016fm a mal\u00fdm osad\u00e1m, kter\u00e9 p\u0159etrvaly v n\u00e1zvech vesnic a vesni\u010dek.<\/p>\n<p>P\u0159\u00edchod ma\u010farsk\u00fdch kmen\u016f na konci dev\u00e1t\u00e9ho stolet\u00ed znamenal zlom. V n\u00e1sleduj\u00edc\u00edch desetilet\u00edch prob\u00edhalo dobyt\u00ed potomkem jednoho ze sedmi ma\u010farsk\u00fdch n\u00e1\u010deln\u00edk\u016f, Gyuly, kter\u00e9 bylo formalizov\u00e1no pod z\u00e1\u0161titou uhersk\u00e9ho kr\u00e1le \u0160t\u011bp\u00e1na I. Do roku 1002 byla Transylv\u00e1nie p\u0159ipojena k nov\u011b vznikaj\u00edc\u00ed uhersk\u00e9 korun\u011b a jej\u00ed budoucnost byla spjata s politick\u00fdm \u00fatvarem, jeho\u017e rozsah sahal daleko za Karpaty. Po stalet\u00ed byl region spravov\u00e1n jako ned\u00edln\u00e1 sou\u010d\u00e1st Uhersk\u00e9ho kr\u00e1lovstv\u00ed a jeho ma\u010far\u0161t\u00ed a sa\u0161t\u00ed osadn\u00edci dost\u00e1vali privilegia v\u00fdm\u011bnou za vojenskou slu\u017ebu v pohrani\u010d\u00ed. Ba\u0161ta Klu\u017e, dnes druh\u00e9 nejv\u011bt\u0161\u00ed m\u011bsto Rumunska, slou\u017eila v letech 1790 a\u017e 1848 pod r\u016fzn\u00fdmi podobami jako hlavn\u00ed m\u011bsto provincie a jej\u00ed st\u0159edov\u011bk\u00e9 hradby citadely byly tich\u00fdm sv\u011bdkem m\u011bn\u00edc\u00ed se loajality vl\u00e1dc\u016f i povst\u00e1n\u00ed.<\/p>\n<p>Seismick\u00e1 por\u00e1\u017eka uhersk\u00e9 arm\u00e1dy u Moh\u00e1\u010de v roce 1526 rozbila st\u0159edov\u011bk\u00fd uhersk\u00fd st\u00e1t a dala vzniknout V\u00fdchodouhersk\u00e9mu kr\u00e1lovstv\u00ed, z n\u011bho\u017e v roce 1570 na z\u00e1klad\u011b \u0160p\u00fdrsk\u00e9ho m\u00edru vzniklo Transylv\u00e1nsk\u00e9 kn\u00ed\u017eectv\u00ed. Po v\u011bt\u0161inu n\u00e1sleduj\u00edc\u00edho stolet\u00ed se toto kn\u00ed\u017eectv\u00ed nach\u00e1zelo v delik\u00e1tn\u00ed dvoj\u00ed svrchovanosti, nomin\u00e1ln\u011b pod\u0159\u00edzen\u00e9 jak osmansk\u00e9mu sult\u00e1novi, tak habsbursk\u00e9mu c\u00edsa\u0159i. Jeho dvory se podle tehdej\u0161\u00edch standard\u016f staly \u00fato\u010di\u0161t\u011bm n\u00e1bo\u017eensk\u00e9 tolerance a poskytovaly \u00fato\u010di\u0161t\u011b unit\u00e1\u0159i, kalvinist\u016fm, luter\u00e1n\u016fm a \u0159\u00edmsk\u00fdm katol\u00edk\u016fm pod dohledem kn\u00ed\u017eat, jejich\u017e diplomacie se op\u00edrala o rovnom\u011brnou vzd\u00e1lenost mezi dv\u011bma imperi\u00e1ln\u00edmi mocnostmi. Na za\u010d\u00e1tku osmn\u00e1ct\u00e9ho stolet\u00ed habsbursk\u00e9 s\u00edly upevnily kontrolu nad kn\u00ed\u017eectv\u00edm; ne\u00fasp\u011bch R\u00e1k\u00f3cziho snahy o nez\u00e1vislost v roce 1711 zpe\u010detil osud Transylv\u00e1nie jako korunn\u00ed zem\u011b spravovan\u00e9 z V\u00eddn\u011b. A\u010dkoli ma\u010farsk\u00e1 revoluce v roce 1848 kr\u00e1tce znovu rozn\u00edtila touhy po spojen\u00ed s vlastn\u00edm Ma\u010farskem \u2013 kodifikovan\u00e9 v dubnov\u00fdch z\u00e1konech \u2013 n\u00e1sledn\u00e1 b\u0159eznov\u00e1 \u00fastava Rakouska obnovila Transylv\u00e1nii jako samostatn\u00fd celek. Jeho samostatn\u00fd status trvale zru\u0161il rakousko-uhersk\u00fd kompromis z roku 1867, po kter\u00e9m byl region znovu za\u010dlen\u011bn do uhersk\u00e9 poloviny du\u00e1ln\u00ed monarchie.<\/p>\n<p>Tato stalet\u00ed c\u00edsa\u0159sk\u00e9 spr\u00e1vy podpo\u0159ila probuzen\u00ed mezi rumunsk\u00fdmi obyvateli Transylv\u00e1nie, kter\u00e9 se zhmotnilo v Transylv\u00e1nsk\u00e9 \u0161kole na konci osmn\u00e1ct\u00e9ho a za\u010d\u00e1tku devaten\u00e1ct\u00e9ho stolet\u00ed. Samuil Micu-Klein, Petru Maior a Gheorghe \u015eincai st\u00e1li v \u010dele \u00fasil\u00ed o zdokonalen\u00ed rumunsk\u00e9 abecedy a formulov\u00e1n\u00ed kulturn\u00ed identity, kter\u00e1 by propojovala rolnick\u00e9 tradice a v\u011bdeck\u00e9 z\u00e1jmy. Jejich petice, zejm\u00e9na Supplex Libellus Valachorum, nal\u00e9haly na politick\u00e9 uzn\u00e1n\u00ed Rumun\u016f v r\u00e1mci habsbursk\u00e9ho z\u0159\u00edzen\u00ed. Av\u0161ak teprve v nepokoj\u00edch na konci prvn\u00ed sv\u011btov\u00e9 v\u00e1lky se rumunsk\u00e1 v\u011bt\u0161ina Transylv\u00e1nie chopila p\u0159\u00edle\u017eitosti a 1. prosince 1918 na historick\u00e9m shrom\u00e1\u017ed\u011bn\u00ed v Alba Iulia vyhl\u00e1sila spojen\u00ed s Rumunsk\u00fdm kr\u00e1lovstv\u00edm. Tento akt byl ratifikov\u00e1n o dva roky pozd\u011bji Trianonskou smlouvou, p\u0159esto\u017ee tento region nad\u00e1le naz\u00fdvalo domovem v\u00edce ne\u017e 100 000 Ma\u010far\u016f a N\u011bmc\u016f. Prchav\u00fd n\u00e1vrat k ma\u010farsk\u00e9 nadvl\u00e1d\u011b v severn\u00ed Transylv\u00e1nii b\u011bhem druh\u00e9 sv\u011btov\u00e9 v\u00e1lky byl na jej\u00edm konci zvr\u00e1cen a region pevn\u011b ukotvil v pov\u00e1le\u010dn\u00fdch hranic\u00edch Rumunska.<\/p>\n<p>B\u011bhem t\u011bchto stalet\u00ed se transylv\u00e1nsk\u00e1 m\u011bsta a obce vyvinuly z vojensk\u00fdch ba\u0161t v centra obchodu a kultury. Klu\u017e \u2013 pro sv\u00e9 obyvatele Klu\u017e \u2013 \u017eije v n\u00ed v\u00edce ne\u017e 300 000 obyvatel, jej\u00ed\u017e \u0161irok\u00e9 t\u0159\u00eddy lemuj\u00ed barokn\u00ed fas\u00e1dy a prol\u00ednaj\u00ed se s \u0159\u00edmsk\u00fdmi ruinami u sochy Maty\u00e1\u0161e Korv\u00edna. Sibiu, b\u00fdval\u00e9 centrum sask\u00e9 spr\u00e1vy, z\u00edskalo zvl\u00e1\u0161tn\u00ed v\u00fdznam v roce 2007, kdy se s Lucemburkem d\u011blilo o titul Evropsk\u00e9 hlavn\u00ed m\u011bsto kultury, co\u017e podtrhlo jeho renesanci jako epicentra festival\u016f a muze\u00ed. Bra\u0161ov, zasazen\u00fd do horsk\u00fdch svah\u016f na jihov\u00fdchod\u011b, funguje jako k\u0159i\u017eovatka cestovn\u00edho ruchu a obchodu a l\u00e1k\u00e1 n\u00e1v\u0161t\u011bvn\u00edky k \u010cern\u00e9mu kostelu a citadele v R\u00e2\u0219novu a z\u00e1rove\u0148 slou\u017e\u00ed jako zast\u00e1vka pro v\u00fdlety do moldavsk\u00fdch kl\u00e1\u0161ter\u016f nebo letovisek u \u010cern\u00e9ho mo\u0159e. Alba Iulia, le\u017e\u00edc\u00ed na b\u0159ehu \u0159eky Mure\u0219, si zachovala st\u0159edov\u011bkou katedr\u00e1lu a renesan\u010dn\u00ed pevnostn\u00ed are\u00e1l, m\u00edsta posv\u00e1tn\u00e1 jak pro \u0159\u00edmskokatolickou diec\u00e9zi, tak i pro pam\u00e1tku unionistick\u00e9ho hnut\u00ed z roku 1918.<\/p>\n<p>Mimo tato v\u011bt\u0161\u00ed m\u011bstsk\u00e1 centra si st\u0159edov\u011bk\u00e1 men\u0161\u00ed m\u011bsta \u2013 Bistri\u021ba, Media\u0219, Sebe\u0219, Sighi\u0219oara \u2013 zachov\u00e1vaj\u00ed opevn\u011bn\u00e9 hradby a kupeck\u00e9 domy, kter\u00e9 p\u0159ipom\u00ednaj\u00ed prosperitu sask\u00fdch cech\u016f ze 14. a 15. stolet\u00ed. Historick\u00e9 centrum Sighi\u0219oary, kter\u00e9 je zaps\u00e1no na seznamu sv\u011btov\u00e9ho d\u011bdictv\u00ed UNESCO, p\u0159edstavuje nep\u0159eru\u0161en\u00fd architektonick\u00fd p\u0159\u00edb\u011bh \u00fazk\u00fdch uli\u010dek, malovan\u00fdch cechovn\u00edch s\u00edn\u00ed a Hodinov\u00e9 v\u011b\u017ee, p\u0159i\u010dem\u017e ka\u017ed\u00fd prvek byl udr\u017eov\u00e1n generacemi m\u00edstn\u00ed spr\u00e1vy. D\u00e1ck\u00e9 pevnosti v poho\u0159\u00ed Or\u0103\u0219tie, seskupen\u00e9 na jihoz\u00e1pad\u011b, rovn\u011b\u017e sv\u011bd\u010d\u00ed o civilizaci doby \u017eelezn\u00e9, kter\u00e1 kdysi odolala mnoha invaz\u00edm, ne\u017e podlehla \u0158\u00edmu. Vesnice s opevn\u011bn\u00fdmi kostely, kter\u00fdch je p\u0159es 150, z\u016fst\u00e1vaj\u00ed symbolem adaptace regionu na osmansk\u00e9 vp\u00e1dy, jejich mohutn\u00e9 v\u011b\u017ee a stodoly spojuj\u00ed v\u00edru a sebeobranu ve v\u00e1pencov\u00fdch zdech.<\/p>\n<p>Podzemn\u00ed bohatstv\u00ed Transylv\u00e1nie pod vesnicemi a m\u011bsty formovalo velkou \u010d\u00e1st jej\u00edho st\u0159edov\u011bk\u00e9ho v\u00fdznamu. Lo\u017eiska zlata v okol\u00ed Ro\u0219ia Montan\u0103 \u017eivila rakousko-uhersk\u00e9 ambice, zat\u00edmco soln\u00e9 doly v Praidu a Turd\u011b i nad\u00e1le l\u00e1kaj\u00ed n\u00e1v\u0161t\u011bvn\u00edky k terapeutick\u00fdm pobyt\u016fm. V t\u011bchto jeskynn\u00edch komor\u00e1ch, kde se halit t\u0159pyt\u00ed ve sv\u011btle pochodn\u00ed, tr\u00e1v\u00ed astmatici a pacienti s chronickou bronchitidou hodiny d\u00fdch\u00e1n\u00edm vzduchu obohacen\u00e9ho o slanost. I kdy\u017e se mnoho dol\u016f z\u0159\u00edtilo nebo utichlo, tyto dva doly z\u016fst\u00e1vaj\u00ed \u00fato\u010di\u0161t\u011bm historie i zdrav\u00ed. Jejich d\u0159ev\u011bn\u00e9 \u0161toly a slan\u00e1 jezera evokuj\u00ed tah horn\u00edk\u016f, kte\u0159\u00ed kdysi t\u011b\u017eili \u017eivotn\u00ed krev Evropy.<\/p>\n<p>I povrchov\u00e9 nerosty p\u0159isp\u011bly k pr\u016fmyslov\u00e9mu v\u011bku Transylv\u00e1nie. \u017delez\u00e1rny a ocel\u00e1rny v Hunedoare a Timi\u0219i ji\u017e dlouho poskytuj\u00ed pracovn\u00ed m\u00edsta a p\u0159\u00edjmy z exportu, zat\u00edmco chemick\u00e9 tov\u00e1rny a textiln\u00ed tov\u00e1rny vyr\u016fstaly pod\u00e9l \u0159ek, kter\u00e9 zavla\u017euj\u00ed n\u00ed\u017einu. Zem\u011bd\u011blstv\u00ed p\u0159etrv\u00e1v\u00e1 jako z\u00e1kladn\u00ed \u010dinnost: na hl\u00edn\u011b n\u00e1horn\u00ed plo\u0161iny se da\u0159\u00ed obilovin\u00e1m, zelenin\u011b a vinn\u00e9 r\u00e9v\u011b a hospod\u00e1\u0159sk\u00e1 zv\u00ed\u0159ata, jako je skot, ovce, prasata a dr\u016fbe\u017e, d\u00e1vaj\u00ed vzniknout tradi\u010dn\u00edm s\u00fdr\u016fm a uzen\u00e1m, kter\u00e9 z\u00e1sobuj\u00ed m\u00edstn\u00ed trhy. T\u011b\u017eba d\u0159eva v Karpatech pokra\u010duje, a\u010dkoli modern\u00ed p\u0159edpisy se sna\u017e\u00ed vyv\u00e1\u017eit ekonomick\u00e9 pot\u0159eby s imperativy ochrany p\u0159\u00edrody. Z makroekonomick\u00e9ho hlediska se nomin\u00e1ln\u00ed HDP Transylv\u00e1nie bl\u00ed\u017e\u00ed dv\u011bma st\u016fm miliard\u00e1m americk\u00fdch dolar\u016f, jej\u00ed hodnota na obyvatele se bl\u00ed\u017e\u00ed 28 600 dolar\u016fm \u2013 co\u017e je srovn\u00e1n\u00ed \u010dasto uv\u00e1d\u011bn\u00e9 s \u010ceskou republikou nebo Estonskem v kontextu Evropsk\u00e9 unie \u2013 a jej\u00ed index lidsk\u00e9ho rozvoje ji \u0159ad\u00ed na druh\u00e9 m\u00edsto v Rumunsku, hned za Bukure\u0161\u0165-Ilfov.<\/p>\n<p>P\u0159\u00edrodn\u00ed krajiny pat\u0159\u00ed k nejzaj\u00edmav\u011bj\u0161\u00edm rys\u016fm Transylv\u00e1nie. Poho\u0159\u00ed H\u0103\u0219ma\u0219 a Piatra Craiului lemuj\u00ed hlubok\u00e1 \u00fadol\u00ed, kde medv\u011bdi, vlci a rysi proch\u00e1zej\u00ed starobyl\u00fdmi lesn\u00edmi ekosyst\u00e9my. P\u0159esto\u017ee se odhaduje, \u017ee v Rumunsku \u017eije zhruba \u0161edes\u00e1t procent evropsk\u00e9 populace medv\u011bd\u016f \u2013 s v\u00fdjimkou Ruska \u2013 pozorov\u00e1n\u00ed t\u011bchto tvor\u016f cestovateli z\u016fst\u00e1vaj\u00ed vz\u00e1cn\u00e1, co\u017e sv\u011bd\u010d\u00ed o nepolapiteln\u00e9 povaze t\u011bchto tvor\u016f. \u0158eky jako Mure\u0219, Some\u0219, Cri\u0219 a Olt se vine n\u00e1horn\u00ed plo\u0161inou a vinou se b\u0159ehy lemovan\u00fdmi vrbami, kter\u00e9 po tis\u00edcilet\u00ed \u017eivily os\u00eddlen\u00ed. N\u00e1rodn\u00ed parky v t\u011bchto horsk\u00fdch enkl\u00e1v\u00e1ch chr\u00e1n\u00ed jak biodiverzitu, tak kulturn\u00ed d\u011bdictv\u00ed, kde past\u00fd\u0159sk\u00e9 chatr\u010de a horsk\u00e9 louky p\u0159edstavuj\u00ed krajinu, kter\u00e1 se od st\u0159edov\u011bku jen m\u00e1lo zm\u011bnila.<\/p>\n<p>Stavebn\u00ed d\u011bdictv\u00ed Transylv\u00e1nie si stejnou m\u011brou p\u0159itahuje pozornost. Nad historick\u00fdm j\u00e1drem Bra\u0161ova se ty\u010d\u00ed gotick\u00e9 v\u011b\u017ee, zejm\u00e9na \u010cern\u00fd kostel, jeho\u017e klenby lodi a legenda z doby \u010cern\u00e9 smrti p\u0159itahuj\u00ed u\u010dence i poutn\u00edky. Hrad Bran, ty\u010d\u00edc\u00ed se nad \u00fadol\u00edm R\u00e2\u0219nov, evokuje sp\u00ed\u0161e m\u00fdty ne\u017e dolo\u017een\u00e1 fakta: a\u010dkoli nen\u00ed do zna\u010dn\u00e9 m\u00edry podlo\u017eeno domn\u011bnkou, \u017ee by \u0161lo o s\u00eddlo Vlada III. Dr\u00e1kuly, host\u00ed st\u00e1lou expozici o up\u00ed\u0159\u00edm folkl\u00f3ru a krutosti \u01ecmpalera, kter\u00e1 je inspirov\u00e1na n\u011bmeck\u00fdmi a rumunsk\u00fdmi texty. Nedaleko se nach\u00e1z\u00ed pevnost R\u00e2\u0219nov, datovan\u00e1 do 13. stolet\u00ed, kter\u00e1 korunuje skaln\u00ed v\u00fdb\u011b\u017eek. Jej\u00ed obytn\u00e9 prostory a \u00fazk\u00e9 uli\u010dky nab\u00edzej\u00ed vhled do obranyschopnosti rolnick\u00fdch komunit proti osmansk\u00fdm n\u00e1jezd\u016fm. V Hunedoa\u0159e se v gobel\u00ednu renesan\u010dn\u00edch blok\u016f a st\u0159edov\u011bk\u00fdch v\u011b\u017e\u00ed rozkl\u00e1d\u00e1 hrad Hunyad z 15. stolet\u00ed, jeho\u017e kamenn\u00e9 chodby nesou fresky a heraldick\u00e9 \u0159ezby, kter\u00e9 vypov\u00eddaj\u00ed o uhersk\u00e9m kn\u00ed\u017eec\u00edm p\u016fvodu tohoto m\u00edsta.<\/p>\n<p>Lidov\u00e1 p\u0159edstavivost ne\u00faprosn\u011b spojuje Transylv\u00e1nii s legendou o up\u00edrech, kterou za\u017eehl rom\u00e1n Brama Stokera Dracula z roku 1897. Zat\u00edmco Stokerova postava byla slo\u017eeninou z folkl\u00f3ru a historick\u00e9 postavy Vlada III. \u015atepe\u0219e, m\u00edstn\u00ed sa\u0161t\u00ed b\u00e1sn\u00edci a obchodn\u00edci kdysi \u0161\u00ed\u0159ili noviny odsuzuj\u00edc\u00ed hr\u016fzn\u00e9 tresty vala\u0161sk\u00e9ho kn\u00ed\u017eete a p\u0159ipisovali mu z\u00e1sluhy za nabodnut\u00ed v\u00edce ne\u017e sto tis\u00edc ob\u011bt\u00ed. Takov\u00e9 zpr\u00e1vy, prodchnut\u00e9 propagandou, \u017eily vlastn\u00edm \u017eivotem, m\u00edsily fakta a fantazii, dokud se krvepij\u00edc\u00ed p\u0159\u00edzraky nestaly symbolem temn\u00fdch les\u016f a mlhou zahalen\u00fdch ruin regionu. Dnes cestovn\u00ed ruch t\u011b\u017e\u00ed z tohoto l\u00e1kadla st\u00ednov\u00e9ho sv\u011bta, i kdy\u017e kulturn\u00ed \u010dinitel\u00e9 zd\u016fraz\u0148uj\u00ed rozmanitost \u017eiv\u00fdch tradic Transylv\u00e1nie a jej\u00ed roli p\u0159i formov\u00e1n\u00ed modern\u00ed rumunsk\u00e9 identity.<\/p>\n<p>Kulturn\u00ed \u017eivot v Transylv\u00e1nii formovaly ma\u010farsk\u00e9, n\u011bmeck\u00e9 a rumunsk\u00e9 vlivy v hudb\u011b, literatu\u0159e a architektu\u0159e. Intelektu\u00e1ln\u00ed odkaz transylv\u00e1nsk\u00e9 \u0161koly p\u0159etrv\u00e1v\u00e1 v d\u00edlech Liviu Rebreanu, jeho\u017e rom\u00e1n Ion zobrazuje roln\u00edky a intelektu\u00e1ly se soucitem i kritikou, a Luciana Blagy, jeho\u017e poezie a filozofie \u010derpaly z existenci\u00e1ln\u00ed t\u00edhy horsk\u00e9 samoty. Ma\u010far\u0161t\u00ed spisovatel\u00e9 jako Endre Ady a Elek Benedek odr\u00e1\u017eeli ma\u010farsk\u00e9 city ve sv\u00fdch ver\u0161\u00edch a d\u011btsk\u00fdch poh\u00e1dk\u00e1ch, zat\u00edmco Elieho Wieselova ran\u00e1 l\u00e9ta v Sighetu Marma\u021biei p\u0159edznamenala jeho celo\u017eivotn\u00ed zab\u00fdv\u00e1n\u00ed se vzpom\u00ednkami a krutostmi. Transylv\u00e1nsk\u00fd gotick\u00fd styl je patrn\u00fd nejen v katedr\u00e1ln\u00edch klenb\u00e1ch, ale tak\u00e9 ve sv\u011btsk\u00fdch s\u00eddlech a m\u011bstsk\u00fdch budov\u00e1ch, jejich\u017e lancetov\u00e9 oblouky a op\u011brn\u00e9 pil\u00ed\u0159e p\u0159ipom\u00ednaj\u00ed dobu, kdy \u0159emesln\u00edci, obchodn\u00edci a duchovn\u00ed soupe\u0159ili ve \u0161t\u011bdrosti v\u016f\u010di sv\u00fdm m\u011bst\u016fm.<\/p>\n<p>Po celou dobu p\u0159etrv\u00e1v\u00e1 mozaika venkovsk\u00fdch zvyk\u016f. Sekelsk\u00e9 velikono\u010dn\u00ed ohn\u011b osv\u011btluj\u00ed vyso\u010diny v okrese Harghita, jejich plameny se rozpaluj\u00ed navzdory zimn\u00edmu \u0161t\u00edp\u00e1n\u00ed a ma\u010farsk\u00e9 past\u00fd\u0159sk\u00e9 tance se ka\u017ed\u00fd podzim oz\u00fdvaj\u00ed b\u011bhem bra\u0161ovsk\u00fdch festival\u016f. N\u011bmecky mluv\u00edc\u00ed Sasov\u00e9 v regionech, jako je Bistri\u021ba-N\u0103s\u0103ud, udr\u017euj\u00ed muzea dom\u016f, kter\u00e1 uchov\u00e1vaj\u00ed lidov\u00e9 \u0159ezb\u00e1\u0159stv\u00ed a slo\u017eit\u00e9 textiln\u00ed vzory. Romsk\u00e9 komunity p\u0159isp\u00edvaj\u00ed hudebn\u00edmi tradicemi, kter\u00e9 m\u00eds\u00ed improvizaci a rytmus, jejich soubory cimb\u00e1l\u016f a housl\u00ed rezonuj\u00ed na vesnick\u00fdch n\u00e1m\u011bst\u00edch. Tyto tradice spole\u010dn\u011b vyjad\u0159uj\u00ed prob\u00edhaj\u00edc\u00ed rozhovory mezi etnick\u00fdmi skupinami Transylv\u00e1nie, dialog veden\u00fd na sd\u00edlen\u00fdch tr\u017ei\u0161t\u00edch a ve st\u00ednu katedr\u00e1l.<\/p>\n<p>Pro sou\u010dasn\u00e9ho cestovatele nab\u00edz\u00ed Transylv\u00e1nie v\u00edce ne\u017e jen ztv\u00e1rn\u011bn\u00e9 legendy. Horsk\u00e9 lesy l\u00e1kaj\u00ed k lezen\u00ed a p\u011b\u0161\u00ed turistice pod\u00e9l h\u0159eben\u016f, kter\u00e9 odhaluj\u00ed rozlehl\u00e9 v\u00fdhledy na borovice a buky. Jeskynn\u00ed expedice sestupuj\u00ed do v\u00e1pencov\u00fdch galeri\u00ed, kde se v podzemn\u00edm tichu spiknou stalaktity a netop\u00fd\u0159i. Vina\u0159sk\u00e9 stezky se vine vinicemi Cotnari a Hu\u0219i, jejich\u017e p\u016fvodn\u00ed hrozny d\u00e1vaj\u00ed k\u0159upav\u00e1 b\u00edl\u00e1 v\u00edna a robustn\u00ed \u010derven\u00e1 v\u00edna vhodn\u00e1 k m\u00edstn\u00edm s\u00fdr\u016fm. Tr\u017en\u00ed st\u00e1nky se hem\u017e\u00ed uzen\u00fdmi klob\u00e1sami a \u0159emesln\u00fdm medem, zat\u00edmco hostince u silnice pod\u00e1vaj\u00ed z\u00e1vitky z zeln\u00e9ho listu pln\u011bn\u00e9 masem ve stylu frankfurtsk\u00fdch hov\u011bz\u00edho. Velk\u00e1 m\u011bsta \u2013 Klu\u017e, Sibiu, Bra\u0219ov \u2013 poskytuj\u00ed infrastrukturu mezin\u00e1rodn\u00edch leti\u0161\u0165, \u017eeleznic a d\u00e1lnic, ale i zde se objevuj\u00ed uli\u010dky neozna\u010den\u00e9 neonem, kde se zd\u00e1, \u017ee plynut\u00ed \u010dasu je \u0159\u00edzeno kosteln\u00edmi zvony a slune\u010dn\u00edm obloukem.<\/p>\n<p>Kouzlo Transylv\u00e1nie spo\u010d\u00edv\u00e1 v rovnov\u00e1ze mezi velkolep\u00fdmi vypr\u00e1v\u011bn\u00edmi a intimn\u00edmi reflexemi. Je to region, jeho\u017e nenucen\u00e1 kr\u00e1sa koexistuje s jizvami po dob\u00fdv\u00e1n\u00ed a triumfem kulturn\u00ed odolnosti. Ka\u017ed\u00e9 m\u011bsto je shrom\u00e1\u017ed\u011bn\u00edm kamen\u016f a p\u0159\u00edb\u011bh\u016f: hradby postaven\u00e9 proti invazi, kostely vysv\u011bcen\u00e9 navzdory n\u00e1bo\u017eensk\u00fdm na\u0159\u00edzen\u00edm, muzea uchov\u00e1vaj\u00edc\u00ed artefakty zmizel\u00fdch \u017eivot\u016f. Pole a lesy n\u00e1horn\u00ed plo\u0161iny p\u0159ipom\u00ednaj\u00ed legie a past\u00fd\u0159e, d\u00e1ck\u00e1 hradi\u0161t\u011b a habsburskou j\u00edzdu. \u0158eky vyhloub\u00ed \u00fadol\u00ed, kde byly u dne\u0161n\u00edch ryb\u00e1\u0159\u016f nalezeny \u0159\u00edmsk\u00e9 mince. A nad hlavou Karpaty pomalu bd\u00ed, jako po dv\u011b tis\u00edcilet\u00ed, a ozna\u010duj\u00ed okraj \u0159\u00ed\u0161e a srdce vlasti.<\/p>\n<p>V situac\u00edch, kdy neopodstatn\u011bn\u00e9 legendy \u010dasto zasti\u0148uj\u00ed \u017eitou realitu, je Transylv\u00e1nie d\u016fkazem s\u00edly m\u00edsta vyv\u00edjet se, ani\u017e by se vymazala. B\u011bhem jedin\u00e9ho odpoledn\u00edho v\u00fdletu zde lze vysledovat obrysy d\u00e1ck\u00fdch hradeb, gotick\u00fdch port\u00e1l\u016f a habsbursk\u00fdch s\u00eddel. Ve\u010der z\u00e1\u0159\u00ed lampy sighi\u0219oarsk\u00e9 citadely pod\u00e9l dl\u00e1\u017ed\u011bn\u00fdch chodn\u00edk\u016f a v\u00edtr nese ozv\u011bnu zapomenut\u00e9ho zvonu. Je to zem\u011b formovan\u00e1 \u0159ekami, horami a \u0159\u00ed\u0161emi; nad\u011bjemi kn\u00ed\u017eat a prac\u00ed roln\u00edk\u016f; proroky kulturn\u00edho probuzen\u00ed a b\u00e1sn\u00edky, kte\u0159\u00ed dali hlas tichu vyso\u010diny. Takov\u00e1 slo\u017eitost se vzp\u00edr\u00e1 redukci na jedin\u00fd trop. Vy\u017eaduje, aby pozorn\u00fd cestovatel naslouchal kadenci historie v kaplov\u00fdch sborech, c\u00edtil t\u00edhu kamen\u016f pod katedr\u00e1ln\u00edmi klenbami a uznal, \u017ee ka\u017ed\u00fd krok na t\u00e9to plo\u0161in\u011b je tak\u00e9 krokem \u010dasem.<\/p>","protected":false},"excerpt":{"rendered":"<p>Transylv\u00e1nie, historick\u00fd a kulturn\u00ed region st\u0159edn\u00ed Evropy, se nach\u00e1z\u00ed ve st\u0159edn\u00edm Rumunsku. Jeho rozloha je asi 100 000 kilometr\u016f \u010dtvere\u010dn\u00edch a jeho populace je zhruba 6,5 \u200b\u200bmilionu. P\u0159\u00edrodn\u00ed opevn\u011bn\u00ed tvo\u0159en\u00e1 Karpaty na v\u00fdchod\u011b a jihu a Apusensk\u00fdmi horami na z\u00e1pad\u011b definovala jejich historii a kulturu na v\u011bky.<\/p>","protected":false},"author":1,"featured_media":4302,"parent":11908,"menu_order":0,"comment_status":"closed","ping_status":"closed","template":"elementor_theme","meta":{"_eb_attr":"","footnotes":""},"class_list":["post-11945","page","type-page","status-publish","has-post-thumbnail"],"_links":{"self":[{"href":"https:\/\/travelshelper.com\/cs\/wp-json\/wp\/v2\/pages\/11945","targetHints":{"allow":["GET"]}}],"collection":[{"href":"https:\/\/travelshelper.com\/cs\/wp-json\/wp\/v2\/pages"}],"about":[{"href":"https:\/\/travelshelper.com\/cs\/wp-json\/wp\/v2\/types\/page"}],"author":[{"embeddable":true,"href":"https:\/\/travelshelper.com\/cs\/wp-json\/wp\/v2\/users\/1"}],"replies":[{"embeddable":true,"href":"https:\/\/travelshelper.com\/cs\/wp-json\/wp\/v2\/comments?post=11945"}],"version-history":[{"count":0,"href":"https:\/\/travelshelper.com\/cs\/wp-json\/wp\/v2\/pages\/11945\/revisions"}],"up":[{"embeddable":true,"href":"https:\/\/travelshelper.com\/cs\/wp-json\/wp\/v2\/pages\/11908"}],"wp:featuredmedia":[{"embeddable":true,"href":"https:\/\/travelshelper.com\/cs\/wp-json\/wp\/v2\/media\/4302"}],"wp:attachment":[{"href":"https:\/\/travelshelper.com\/cs\/wp-json\/wp\/v2\/media?parent=11945"}],"curies":[{"name":"wp","href":"https:\/\/api.w.org\/{rel}","templated":true}]}}