{"id":11936,"date":"2024-09-14T21:10:36","date_gmt":"2024-09-14T21:10:36","guid":{"rendered":"https:\/\/travelshelper.com\/staging\/?page_id=11936"},"modified":"2026-03-12T21:17:27","modified_gmt":"2026-03-12T21:17:27","slug":"temesvar","status":"publish","type":"page","link":"https:\/\/travelshelper.com\/cs\/destinations\/europe\/romania\/timisoara\/","title":{"rendered":"Teme\u0161v\u00e1r"},"content":{"rendered":"<p>Teme\u0161v\u00e1r, hlavn\u00ed m\u011bsto \u017eupy Teme\u0161v\u00e1r v z\u00e1padn\u00edm Rumunsku, le\u017e\u00ed na b\u0159ehu m\u00edrn\u011b tekouc\u00ed \u0159eky Beje a je historickou k\u0159i\u017eovatkou 45. severn\u00ed rovnob\u011b\u017eky s 21. v\u00fdchodn\u00edm poledn\u00edkem. S populac\u00ed 250 849 obyvateli podle s\u010d\u00edt\u00e1n\u00ed lidu z roku 2021 a metropolitn\u00ed aglomerac\u00ed bl\u00ed\u017e\u00edc\u00ed se 400 000 obyvatel slou\u017e\u00ed m\u011bsto jako hlavn\u00ed ekonomick\u00e9, soci\u00e1ln\u00ed a kulturn\u00ed centrum regionu Ban\u00e1t. Jeho d\u011bdictv\u00ed vojensk\u00fdch opevn\u011bn\u00ed, rakousko-uhersk\u00fdch ob\u010dansk\u00fdch inovac\u00ed a multikulturn\u00edch tradic se sb\u00edh\u00e1 v krajin\u011b vyzna\u010duj\u00edc\u00ed se \u0161irok\u00fdmi bulv\u00e1ry, barokn\u00edmi pal\u00e1ci a 36 zelen\u00fdmi parky. Po dv\u011b stolet\u00ed je Teme\u0161v\u00e1r v \u010dele technologi\u00ed, vzd\u011bl\u00e1v\u00e1n\u00ed a um\u011bn\u00ed, p\u0159esto jeho charakter z\u016fst\u00e1v\u00e1 zako\u0159en\u011bn v pomal\u00fdch rytmech \u0159ek, kter\u00e9 byly kdysi odvodn\u011bny, a ba\u017ein zrekultivovan\u00fdch pod n\u00edzko polo\u017een\u00fdmi pl\u00e1n\u011bmi.<\/p>\n<p>Nejstar\u0161\u00ed modern\u00ed prom\u011bna Teme\u0161v\u00e1ru za\u010dala v roce 1716, kdy rakousk\u00e9 s\u00edly vyrvaly kontrolu nad osmanskou nadvl\u00e1dou a postavily hv\u011bzdicovitou pevnost obklopenou vodn\u00edmi p\u0159\u00edkopy a ba\u017einami. Tato p\u0159irozen\u00e1 obrana, nap\u00e1jen\u00e1 \u0159ekami Timi\u0219 a Bega, odradila \u00fato\u010dn\u00edky, ale z\u00e1rove\u0148 u\u010dinila m\u011bsto zraniteln\u00fdm v\u016f\u010di nemocem p\u0159en\u00e1\u0161en\u00fdm vodou a omezila jeho r\u016fst. B\u011bhem desetilet\u00ed habsbur\u0161t\u00ed in\u017een\u00fd\u0159i provedli rozs\u00e1hl\u00e9 hydrografick\u00e9 pr\u00e1ce: v\u00fdstavba Begsk\u00e9ho kan\u00e1lu, zah\u00e1jen\u00e1 v roce 1728, odvodnila okoln\u00ed ba\u017einy a odklonila \u0159eku Timi\u0219 od m\u011bstsk\u00fdch hradeb, \u010d\u00edm\u017e se m\u00edsto stalo zdrav\u011bj\u0161\u00edm a vhodn\u011bj\u0161\u00edm pro rozvoj. V polovin\u011b osmn\u00e1ct\u00e9ho stolet\u00ed se Teme\u0161v\u00e1r vyno\u0159il ze sv\u00e9ho vodn\u00edho kokonu: ba\u0161ty a valy byly zbour\u00e1ny a nahrazeny radi\u00e1ln\u00edmi ulicemi a soust\u0159edn\u00fdmi bulv\u00e1ry, kter\u00e9 odr\u00e1\u017eej\u00ed v\u00edde\u0148sk\u00e9 imperi\u00e1ln\u00ed pl\u00e1nov\u00e1n\u00ed.<\/p>\n<p>Inovace se stala pozn\u00e1vac\u00edm znamen\u00edm m\u011bsta. V roce 1760 zavedla Teme\u0161v\u00e1r pouli\u010dn\u00ed osv\u011btlen\u00ed olejov\u00fdmi lampami, jako prvn\u00ed v habsbursk\u00e9 monarchii; do roku 1771 vyd\u00e1vala Temeswarer Nachrichten, prvn\u00ed n\u011bmeck\u00e9 noviny v regionu; v roce 1786 otev\u0159ela prvn\u00ed ve\u0159ejnou p\u016fj\u010dovnu knih v monarchii; a dvacet \u010dty\u0159i let p\u0159ed V\u00eddn\u00ed slavnostn\u011b otev\u0159ela m\u011bstskou nemocnici. Meziv\u00e1le\u010dn\u00fd rozmach vedl k instalaci elektrick\u00e9ho pouli\u010dn\u00edho osv\u011btlen\u00ed v roce 1884, \u010d\u00edm\u017e se Teme\u0161v\u00e1r stal prvn\u00edm evropsk\u00fdm m\u011bstem s takov\u00fdm osv\u011btlen\u00edm. D\u00edky t\u011bmto miln\u00edk\u016fm si Teme\u0161v\u00e1r vyslou\u017eila p\u0159ezd\u00edvky \u201eMal\u00e1 V\u00edde\u0148\u201c a \u201eM\u011bsto r\u016f\u017e\u00ed\u201c, p\u0159i\u010dem\u017e druh\u00e1 jmenovan\u00e1 je odkazem na zahrady, kter\u00e9 kvetou v\u0161ude, kde se zastav\u00ed p\u011b\u0161\u00ed turist\u00e9.<\/p>\n<p>Role m\u011bsta jako politick\u00e9ho centra se projevila v revolu\u010dn\u00edm roce 1848, kdy slou\u017eilo jako hlavn\u00ed m\u011bsto srbsk\u00e9 Vojvodiny a n\u00e1sledn\u011b Srbsk\u00e9ho vojvodstv\u00ed a Teme\u0161v\u00e1rsk\u00e9ho ban\u00e1tu a\u017e do roku 1860. Na konci dvac\u00e1t\u00e9ho stolet\u00ed se Teme\u0161v\u00e1r op\u011bt vyznamenal: v prosinci 1989 se ulice m\u011bsta staly d\u011bji\u0161t\u011bm rumunsk\u00e9ho povst\u00e1n\u00ed proti komunistick\u00e9 vl\u00e1d\u011b. Bylo to prvn\u00ed rumunsk\u00e9 m\u011bsto, ve kter\u00e9m pokojn\u00e9 demonstrace p\u0159erostly v n\u00e1rodn\u00ed hnut\u00ed, kter\u00e9 spustilo p\u00e1d re\u017eimu a zm\u011bnilo b\u011bh v\u00fdchodoevropsk\u00fdch d\u011bjin.<\/p>\n<p>Vzd\u011bl\u00e1v\u00e1n\u00ed a medic\u00edna vzkv\u00e9taj\u00ed od p\u00e1du komunismu. \u0160est univerzit m\u00e1 zapsan\u00fdch p\u0159ibli\u017en\u011b 40 000 student\u016f, co\u017e z Teme\u0161v\u00e1ru d\u011bl\u00e1 jedno z p\u0159edn\u00edch rumunsk\u00fdch akademick\u00fdch center. Jeho zdravotnick\u00e1 za\u0159\u00edzen\u00ed l\u00e1kaj\u00ed dom\u00e1c\u00ed i zahrani\u010dn\u00ed n\u00e1v\u0161t\u011bvn\u00edky, kte\u0159\u00ed se v\u011bnuj\u00ed zubn\u00edm o\u0161et\u0159en\u00edm, kosmetick\u00fdm procedur\u00e1m a nejmodern\u011bj\u0161\u00edm terapi\u00edm: m\u011bsto bylo sv\u011bdkem prvn\u00edho rumunsk\u00e9ho oplodn\u011bn\u00ed in vitro, prvn\u00ed laserov\u00e9 operace srdce a prvn\u00ed transplantace kmenov\u00fdch bun\u011bk. Soub\u011bh biomedic\u00ednsk\u00e9ho v\u00fdzkumu a robustn\u00edho IT pr\u016fmyslu \u2013 Teme\u0161v\u00e1r se je\u0161t\u011b v roce 2013 py\u0161nila nejrychlej\u0161\u00ed pr\u016fm\u011brnou rychlost\u00ed stahov\u00e1n\u00ed internetu na sv\u011bt\u011b \u2013 si vydobyl uzn\u00e1n\u00ed jako jedno z hlavn\u00edch technologick\u00fdch center zem\u011b vedle Bukure\u0161ti, Klu\u017ee, Iasi a Bra\u0161ova.<\/p>\n<p>Multikulturn\u00ed struktura Teme\u0161v\u00e1ru je utkan\u00e1 z p\u0159ibli\u017en\u011b jednadvaceti etnick\u00fdch skupin a osmn\u00e1cti n\u00e1bo\u017eensk\u00fdch vyzn\u00e1n\u00ed. Historicky \u0161v\u00e1b\u0161t\u00ed N\u011bmci, \u017did\u00e9 a Ma\u010fa\u0159i tvo\u0159ili zna\u010dn\u00e9 komunity; ty jsou st\u00e1le viditeln\u00e9 i v modern\u00ed populaci, v n\u00ed\u017e N\u011bmci a Ma\u010fa\u0159i dohromady tvo\u0159\u00ed p\u0159ibli\u017en\u011b \u0161est procent. Barokn\u00ed a secesn\u00ed architektura m\u011bsta \u2013 p\u0159ibli\u017en\u011b 14 500 pam\u00e1tkov\u011b chr\u00e1n\u011bn\u00fdch pam\u00e1tek \u2013 sah\u00e1 od hradu Huniade, st\u0159edov\u011bk\u00e9ho j\u00e1dra p\u0159estav\u011bn\u00e9ho Janem Hunyadim a pozd\u011bji Karlem I. Uhersk\u00fdm, a\u017e po pal\u00e1ce z p\u0159elomu stolet\u00ed, kter\u00e9 lemuj\u00ed n\u00e1m\u011bst\u00ed Union Square a n\u00e1m\u011bst\u00ed V\u00edt\u011bzstv\u00ed. Jeho \u010dtvr\u0165 Cetate, historick\u00e9 j\u00e1dro, zachov\u00e1v\u00e1 poz\u016fstatky ba\u0161ty Terezie a fragmenty vn\u011bj\u0161\u00edch hradeb, zat\u00edmco propracovan\u00e9 ob\u010dansk\u00e9 prostory \u2013 n\u00e1m\u011bst\u00ed Union Square s morov\u00fdm sloupem a barokn\u00edm pal\u00e1cem, n\u00e1m\u011bst\u00ed V\u00edt\u011bzstv\u00ed s budovou opery a Metropolitn\u00ed katedr\u00e1lou a n\u00e1m\u011bst\u00ed Svobody s budovami z vojensk\u00e9 \u00e9ry \u2013 tvo\u0159\u00ed trojici m\u011bstsk\u00fdch prostor, kter\u00e9 jsou v Rumunsku jedine\u010dn\u00e9.<\/p>\n<p>Za citadelou se v\u00fdvoj Teme\u0161v\u00e1ru odehr\u00e1vaj\u00ed \u010dty\u0159i historick\u00e9 \u010dtvrti \u2013 Fabric, Iosefin, Elisabetin a p\u0159\u00edstavby po pevnosti. \u00dazk\u00e9 manufaktury Fabric a Neptunovy l\u00e1zn\u011b le\u017e\u00ed pobl\u00ed\u017e v\u00fdchodn\u00edho vlakov\u00e9ho n\u00e1dra\u017e\u00ed; b\u00fdval\u00e9 \u0161v\u00e1bsk\u00e9 domky Iosefinu ustoupily eklektick\u00fdm a secesn\u00edm soubor\u016fm kolem Vod\u00e1rensk\u00e9 v\u011b\u017ee a Kotvov\u00e9ho pal\u00e1ce; Elisabetin se po roce 1892 roz\u0161\u00ed\u0159ila do s\u00edt\u011b novobarokn\u00edch s\u00eddel a novorom\u00e1nsk\u00fdch kostel\u016f; a kolem zbo\u0159en\u00e9ho opevn\u011bn\u00ed vyrostly nov\u00e9 t\u0159\u00eddy s bytov\u00fdmi domy ve v\u00edde\u0148sk\u00e9m secesn\u00edm stylu.<\/p>\n<p>Podneb\u00ed a geografie utv\u00e1\u0159ej\u00ed ka\u017edodenn\u00ed \u017eivot. M\u011bsto se nach\u00e1z\u00ed v nadmo\u0159sk\u00e9 v\u00fd\u0161ce 90 metr\u016f v Bannatick\u00e9 n\u00ed\u017ein\u011b, jej\u00ed\u017e m\u00edrn\u00fd reli\u00e9f je p\u0159eru\u0161ov\u00e1n pouze starobyl\u00fdmi meandry, mikroprohlubn\u011bmi a h\u0159ebeny zanechan\u00fdmi \u0159\u00ed\u010dn\u00edmi n\u00e1nosy. Hladina podzemn\u00ed vody z\u0159\u00eddkakdy le\u017e\u00ed hloub\u011bji ne\u017e p\u011bt metr\u016f, co\u017e omezuje v\u00fdstavbu v\u00fd\u0161kov\u00fdch budov, ale z\u00e1rove\u0148 podporuje \u00farodn\u00e9 \u010dern\u00e9 p\u016fdy. Podneb\u00ed se pohybuje na rozhran\u00ed vlhk\u00e9ho kontinent\u00e1ln\u00edho a vlhk\u00e9ho subtropick\u00e9ho klimatu, kter\u00e9 je m\u00edrn\u011bno proud\u011bn\u00edm vzduchu z Atlantiku a St\u0159edomo\u0159\u00ed. Pr\u016fm\u011brn\u00e1 ro\u010dn\u00ed teplota je 11,8 \u00b0C, s pr\u016fm\u011brnou teplotou v \u010dervenci 22,7 \u00b0C a v lednu 1,0 \u00b0C. Rekordn\u011b n\u00edzk\u00e9 teploty -35,3 \u00b0C bylo dosa\u017eeno 24. ledna 1963, zat\u00edmco rekordn\u00ed teploty 42 \u00b0C p\u0159ipadly na srpen 2017. Po\u010det mrazov\u00fdch dn\u016f ro\u010dn\u011b je osmdes\u00e1t; ro\u010dn\u00ed sr\u00e1\u017eky \u010din\u00ed p\u0159ibli\u017en\u011b 604,4 mm, koncentrovan\u00fdch v \u010dervnu, p\u0159i\u010dem\u017e nejsu\u0161\u0161\u00ed je \u00fanor.<\/p>\n<p>Demograficky se Teme\u0161v\u00e1r \u0159ad\u00ed mezi p\u00e1t\u00e9 nejlidnat\u011bj\u0161\u00ed obce Rumunska, p\u0159esto\u017ee se jedn\u00e1 o funk\u010dn\u00ed m\u011bstskou oblast s v\u00edce ne\u017e 364 000 obyvateli. \u00dadaje ze s\u010d\u00edt\u00e1n\u00ed lidu vyvolaly debatu: po\u010det obyvatel v roce 2021 sice zaznamenal pokles oproti roku 2011, ale obecn\u00ed z\u00e1znamy nazna\u010duj\u00ed, \u017ee sou\u010dasn\u00e9 m\u011bstsk\u00e9 j\u00e1dro m\u00e1 v\u00edce ne\u017e 309 000 obyvatel. V metropolitn\u00ed oblasti m\u011bsta s Aradem se soust\u0159ed\u00ed p\u0159es sedmdes\u00e1t procent obyvatel v\u0161ech okres\u016f dohromady. Jako\u017eto m\u011bsto druh\u00e9 \u00farovn\u011b podle Zipfova z\u00e1kona sd\u00edl\u00ed Teme\u0161v\u00e1r rozs\u00e1hl\u00e9 makroteritori\u00e1ln\u00ed funkce s Iasi, Konstanc\u00ed, Klu\u017e\u00ed a Bra\u0161ovem.<\/p>\n<p>Z ekonomick\u00e9ho hlediska p\u0159il\u00e1kala bl\u00edzkost Ma\u010farska a Srbska trval\u00e9 zahrani\u010dn\u00ed investice \u2013 753 eur na obyvatele v polovin\u011b prvn\u00edho desetilet\u00ed 21. stolet\u00ed \u2013 co\u017e p\u0159ekon\u00e1v\u00e1 pr\u016fm\u011bry okres\u016f. Italsk\u00e9, n\u011bmeck\u00e9 a francouzsk\u00e9 firmy jsou hlavn\u00edmi hybateli v\u00fdroby a slu\u017eeb; polovina p\u0159\u00edjm\u016f m\u011bsta poch\u00e1z\u00ed z terci\u00e1rn\u00edho sektoru. Po\u010d\u00e1tek 21. stolet\u00ed byl sv\u011bdkem hospod\u00e1\u0159sk\u00e9ho rozmachu, kter\u00fd v roce 2005 p\u0159im\u011bl francouzsk\u00fd \u010dasopis L&#039;Expansion nazvat Teme\u0161v\u00e1r \u201erumunskou ekonomickou v\u00fdkladn\u00ed sk\u0159\u00edn\u00ed\u201c a oslavit p\u0159\u00edliv zahrani\u010dn\u00edho kapit\u00e1lu jako \u201edruhou revoluci\u201c. Forbes ji v roce 2016 za\u0159adil mezi nejdynami\u010dt\u011bj\u0161\u00ed a nejp\u0159\u00edv\u011btiv\u011bj\u0161\u00ed m\u011bsta v zemi. V letech 2000 a\u017e 2013 Teme\u0161v\u00e1r p\u0159ekonal Bukure\u0161\u0165 v r\u016fstu HDP na obyvatele. Nezam\u011bstnanost z\u016fstala mezi nejni\u017e\u0161\u00edmi v Rumunsku \u2013 0,8 procenta v prosinci 2019 \u2013 zat\u00edmco cestovn\u00ed ruch p\u0159itahuje 80 procent n\u00e1v\u0161t\u011bvn\u00edk\u016f z regionu: v prvn\u00ed polovin\u011b roku 2017 p\u0159ekro\u010dil po\u010det zahrani\u010dn\u00edch p\u0159\u00edjezd\u016f do okresu Teme\u0161v\u00e1r 50 000.<\/p>\n<p>Ubytov\u00e1n\u00ed se pohybuje od zhruba pades\u00e1ti hotel\u016f a sedmi hostel\u016f a\u017e po pades\u00e1t penzion\u016f a kemp s celkovou kapacitou p\u0159es 5 500 l\u016f\u017eek. Strategick\u00e1 poloha m\u011bsta na panevropsk\u00e9m koridoru IV spojuje z\u00e1padn\u00ed Evropu s Balk\u00e1nem; p\u0159\u00edstup po vod\u011b p\u0159es Begejsk\u00fd kan\u00e1l navazuje na koridor VII. D\u00e1lnice A1 lemuje m\u011bsto a napojuje se na ma\u010farskou d\u00e1lnici M43 a v Lugoj na rozestav\u011bnou d\u00e1lnici A6. Radi\u00e1ln\u00ed silni\u010dn\u00ed s\u00ed\u0165 a p\u011bt soust\u0159edn\u00fdch okruh\u016f rovnom\u011brn\u011b rozd\u011bluj\u00ed dopravu. Sb\u00edhaj\u00ed se zde evropsk\u00e9 silnice E70 a E671 a st\u00e1tn\u00ed silnice 6, 59 a 69. Po\u010det automobil\u016f po roce 1990 prudce vzrostl a do roku 2017 dos\u00e1hl jednoho vozidla na 2,66 obyvatele. Nab\u00edjec\u00ed infrastruktura pro elektrick\u00e1 a plug-in hybridn\u00ed vozidla zahrnuje \u0161estn\u00e1ct stanic a uzel na adrese 700 Square.<\/p>\n<p>Ve\u0159ejn\u00e1 doprava spad\u00e1 pod STPT a m\u00e1 dev\u011bt tramvajov\u00fdch linek, osm trolejbusov\u00fdch linek, t\u0159icet jedna autobusov\u00fdch linek a od roku 2018 i vodn\u00ed autobusovou dopravu p\u0159ipom\u00ednaj\u00edc\u00ed ben\u00e1tsk\u00e9 vaporetti. Tramvaje p\u0159epravuj\u00ed 45 procent m\u011bstsk\u00e9 dopravy, trolejbusy 22 procent, autobusy 18 procent a vodn\u00ed autobusy 15 procent. V roce 2019 zavedla Teme\u0161v\u00e1r \u0161koln\u00ed dopravu a stala se tak druh\u00fdm rumunsk\u00fdm m\u011bstem, kter\u00e9 tak u\u010dinilo. Taxi, autop\u016fj\u010dovny a sd\u00edlen\u00e9 j\u00edzdy dopl\u0148uj\u00ed mezim\u011bstskou autobusovou s\u00ed\u0165 se st\u0159edem u vlakov\u00e9ho n\u00e1dra\u017e\u00ed Sever, kter\u00e1 je napojena na spole\u010dnosti Atlas a linky FlixBus po cel\u00e9 Evrop\u011b.<\/p>\n<p>\u017delezni\u010dn\u00ed s\u00ed\u0165, jedna z nejstar\u0161\u00edch a nejhust\u0161\u00edch v Rumunsku s d\u00e9lkou 91,9 km na 1 000 km\u00b2, stav\u00ed Teme\u0161v\u00e1r do role v\u00fdznamn\u00e9ho dopravn\u00edho uzlu pro n\u00e1kladn\u00ed a osobn\u00ed dopravu. K\u0159\u00ed\u017e\u00ed se zde tra\u0165 900 do Bukure\u0161ti a hlavn\u00ed tra\u0165 Arad\u2013Oradea, kter\u00e1 se t\u00e1hne sm\u011brem do Ma\u010farska. P\u011bt osobn\u00edch stanic \u2013 Severn\u00ed, Z\u00e1padn\u00ed, Ji\u017en\u00ed, V\u00fdchodn\u00ed a CET \u2013 denn\u011b odbav\u00ed p\u0159ibli\u017en\u011b 174 vlak\u016f a 5 530 cestuj\u00edc\u00edch jen na Severn\u00ed stanici. Stanice, postaven\u00e1 v roce 1897 a po v\u00e1le\u010dn\u00fdch \u0161kod\u00e1ch p\u0159estav\u011bn\u00e1, proch\u00e1z\u00ed od roku 2021 rozs\u00e1hlou rekonstrukc\u00ed. Region\u00e1ln\u00ed pr\u016fmysl podporuj\u00ed n\u00e1kladn\u00ed depa a t\u0159\u00eddic\u00ed provoz.<\/p>\n<p>Leteck\u00e9 spojen\u00ed zaji\u0161\u0165uje mezin\u00e1rodn\u00ed leti\u0161t\u011b Traian Vuia, 12 km severov\u00fdchodn\u011b od m\u011bsta. Jako \u010dtvrt\u00e9 nejru\u0161n\u011bj\u0161\u00ed leti\u0161t\u011b v Rumunsku co do po\u010dtu cestuj\u00edc\u00edch \u2013 p\u0159ibli\u017en\u011b 1,2 milionu v roce 2022 \u2013 slou\u017e\u00ed jako z\u00e1kladna pro Wizz Air a odbavuje t\u0159etinu leteck\u00e9 n\u00e1kladn\u00ed dopravy v zemi. Leti\u0161t\u011b, kter\u00e9 bylo v roce 2017 certifikov\u00e1no agenturou EASA, se roz\u0161i\u0159uje o dva nov\u00e9 termin\u00e1ly a intermod\u00e1ln\u00ed n\u00e1kladn\u00ed centrum. Leti\u0161t\u011b Cioca, p\u016fvodn\u00ed leti\u0161t\u011b m\u011bsta, je i nad\u00e1le aktivn\u00ed pro v\u0161eobecn\u00e9 letectv\u00ed.<\/p>\n<p>Vodn\u00ed doprava na Begejsk\u00e9m kan\u00e1lu, kter\u00e1 byla kdysi zastavena v roce 1967, byla v roce 2018 zah\u00e1jena s c\u00edlem znovuobjevit plavbu do Srbska. Na m\u011bstsk\u00fdch promen\u00e1d\u00e1ch pod\u00e9l kan\u00e1lu vedou ve\u0159ejn\u00e9 linky vaporetta se \u0161esti stanicemi, co\u017e je v Rumunsku unik\u00e1tn\u00ed prvek. Cyklistick\u00e1 infrastruktura se rozkl\u00e1d\u00e1 na v\u00edce ne\u017e 100 km, v\u010detn\u011b p\u0159eshrani\u010dn\u00ed stezky pod\u00e9l kan\u00e1lu do Srbska a integrace do s\u00edt\u011b EuroVelo. VeloTM, slavnostn\u011b otev\u0159en\u00e9 v roce 2015, nab\u00edz\u00ed 440 sd\u00edlen\u00fdch j\u00edzdn\u00edch kol na 25 stanic\u00edch, kter\u00e1 denn\u011b obslou\u017e\u00ed a\u017e 1 500 u\u017eivatel\u016f. Elektrick\u00e9 kolob\u011b\u017eky se do m\u011bstsk\u00e9 flotily p\u0159ipojily v roce 2019.<\/p>\n<p>Architektonick\u00e9 d\u011bdictv\u00ed Teme\u0161v\u00e1ru zahrnuje zhruba 14 500 historick\u00fdch staveb v barokn\u00edm, neoklasicistn\u00edm, eklektick\u00e9m, secesn\u00edm a v\u00edde\u0148sk\u00e9m secesn\u00edm stylu. V nejstar\u0161\u00ed budov\u011b, v hradu Huniade, s\u00eddl\u00ed Muzeum Ban\u00e1tu a zachov\u00e1v\u00e1 si prvky od patn\u00e1ct\u00e9ho stolet\u00ed. M\u011bstsk\u00e9 j\u00e1dro z\u016fst\u00e1v\u00e1 v\u00edcejadrov\u00e9: pevnostn\u00ed z\u00f3na Cetate obklopen\u00e1 \u010dtvrt\u011bmi Fabric, Iosefin a Elisabetin, p\u0159i\u010dem\u017e ka\u017ed\u00e1 z nich odr\u00e1\u017e\u00ed odli\u0161n\u00e9 epochy r\u016fstu.<\/p>\n<p>V centru m\u011bsta Cetate z osmn\u00e1ct\u00e9ho stolet\u00ed si lze zachovat pam\u00e1tkov\u011b chr\u00e1n\u011bn\u00e9 budovy seskupen\u00e9 kolem t\u0159\u00ed po sob\u011b jdouc\u00edch n\u00e1m\u011bst\u00ed. N\u00e1m\u011bst\u00ed Unii (Pia\u021ba Unirii), or\u00e1movan\u00e9 \u0159\u00edmskokatolickou kupol\u00ed a barokn\u00edm pal\u00e1cem, kontrastuje s n\u00e1m\u011bst\u00edm V\u00edt\u011bzstv\u00ed (Pia\u021ba Victoriei), kde proti sob\u011b na \u0161irok\u00e9 p\u011b\u0161\u00ed ulici stoj\u00ed N\u00e1rodn\u00ed divadlo a Metropolitn\u00ed katedr\u00e1la. N\u00e1m\u011bst\u00ed Svobody (Pia\u021ba Libert\u0103\u021bii) ob\u011b n\u00e1m\u011bst\u00ed spojuje, lemuj\u00ed ho b\u00fdval\u00e9 vojensk\u00e9 administrativn\u00ed budovy a p\u0159eru\u0161uje ho n\u00e1m\u011bst\u00ed sv. Ji\u0159\u00ed, m\u00edsto povst\u00e1n\u00ed v roce 1989, korunovan\u00e9 jezdeckou sochou patrona.<\/p>\n<p>N\u00e1zev Fabric p\u0159ipom\u00edn\u00e1 jeho textiln\u00ed d\u00edlny a pivovary. Na Trajanov\u011b n\u00e1m\u011bst\u00ed, men\u0161\u00ed verzi Union Square, se nach\u00e1z\u00ed srbsk\u00fd pravoslavn\u00fd kostel z roku 1755, zat\u00edmco p\u0159ilehl\u00e9 budovy odr\u00e1\u017eej\u00ed secesi z konce devaten\u00e1ct\u00e9ho stolet\u00ed. Iosefin si zachov\u00e1v\u00e1 poz\u016fstatky p\u016fvodu ban\u00e1tsko-\u0161v\u00e1bsk\u00e9 vesnice, p\u0159ekryt\u00e9 eklektick\u00fdmi a secesn\u00edmi s\u00eddly postaven\u00fdmi po roce 1868. Mezi v\u00fdznamn\u00e9 stavby pat\u0159\u00ed Vodn\u00ed pal\u00e1c, kasino D\u00e9lvid\u00e9ki a dva pal\u00e1ce Cserm\u00e1k. Roz\u0161\u00ed\u0159en\u00ed Elisabetin po demolici pevnosti v roce 1892 p\u0159ineslo ulice s m\u0159\u00ed\u017ekou lemovan\u00e9 novobarokn\u00edmi vilami a novorom\u00e1nskou pam\u00e1tkou Panny Marie na Mariin\u011b n\u00e1m\u011bst\u00ed. N\u00e1m\u011bst\u00ed Nicolae B\u0103lcescu se ty\u010d\u00ed vedle 57 metr\u016f vysok\u00e9ho katolick\u00e9ho kostela, zat\u00edmco Plevensk\u00e9 n\u00e1m\u011bst\u00ed je obklopeno secesn\u00edmi rezidencemi, jako je D\u016fm s p\u00e1vy.<\/p>\n<p>B\u011bhem t\u0159\u00ed stolet\u00ed se Teme\u0161v\u00e1r vyvinul z opevn\u011bn\u00e9 ba\u017einat\u00e9 v\u00fdspy v metropoli, kde se sb\u00edh\u00e1 \u0159\u00ed\u010dn\u00ed krajina, architektura a inovace. Jej\u00ed kulturn\u00ed instituce \u2013 t\u0159i st\u00e1tn\u00ed divadla, opera, filharmonie a \u010detn\u00e9 galerie \u2013 udr\u017euj\u00ed aktivn\u00ed program festival\u016f a v\u00fdstav. \u010clenstv\u00ed v Eurocities a jmenov\u00e1n\u00ed Rumunsk\u00fdm hlavn\u00edm m\u011bstem ml\u00e1de\u017ee v roce 2016 p\u0159edch\u00e1zelo jeho v\u00fdb\u011bru na Evropsk\u00e9 hlavn\u00ed m\u011bsto kultury v roce 2023, kter\u00e9 sd\u00edlelo s Veszpr\u00e9mem a Elefsinou. V ka\u017ed\u00e9m aspektu \u2013 od obnovy \u0159eky po obnovu tramvaj\u00ed, od univerzitn\u00edch laborato\u0159\u00ed po velkolep\u00e1 n\u00e1m\u011bst\u00ed \u2013 m\u011bsto potvrzuje tradici experimentov\u00e1n\u00ed a adaptace. Vypr\u00e1v\u011bn\u00ed Teme\u0161v\u00e1ru p\u0159etrv\u00e1v\u00e1 jako p\u0159\u00edklad st\u0159edoevropsk\u00e9 urbanity: m\u00edsto, kde proudy historie a puls modernity plynou bok po boku a kde ka\u017ed\u00e1 pouli\u010dn\u00ed lampa, n\u00e1m\u011bst\u00ed a akademick\u00e1 hala sv\u011bd\u010d\u00ed o z\u00e1vazku k pokroku zm\u00edrn\u011bn\u00e9m respektem k d\u011bdictv\u00ed.<\/p>","protected":false},"excerpt":{"rendered":"<p>Teme\u0161v\u00e1r, kter\u00fd se nach\u00e1z\u00ed v z\u00e1padn\u00edm Rumunsku, je hlavn\u00edm m\u011bstem \u017eupy Teme\u0161v\u00e1r a hlavn\u00edm ekonomick\u00fdm, spole\u010densk\u00fdm a kulturn\u00edm centrem oblasti Ban\u00e1tu. S po\u010dtem obyvatel 250 849 podle s\u010d\u00edt\u00e1n\u00ed lidu v roce 2021 je p\u00e1t\u00fdm nejlidnat\u011bj\u0161\u00edm m\u011bstem Rumunska. Strategick\u00e1 poloha m\u011bsta na \u0159ece Bega p\u0159isp\u011bla k jeho historick\u00e9mu v\u00fdznamu a sou\u010dasn\u00e9mu v\u00fdznamu. Teme\u0161v\u00e1rsk\u00e1 metropolitn\u00ed oblast je domovem p\u0159ibli\u017en\u011b 400 000 lid\u00ed, zat\u00edmco v\u011bt\u0161\u00ed metropole Teme\u0161v\u00e1r-Arad zahrnuje v\u00edce ne\u017e 70 % obyvatel \u017eup Teme\u0161v\u00e1r a Arad.<\/p>","protected":false},"author":1,"featured_media":3888,"parent":11908,"menu_order":0,"comment_status":"closed","ping_status":"closed","template":"elementor_theme","meta":{"_eb_attr":"","footnotes":""},"class_list":["post-11936","page","type-page","status-publish","has-post-thumbnail"],"_links":{"self":[{"href":"https:\/\/travelshelper.com\/cs\/wp-json\/wp\/v2\/pages\/11936","targetHints":{"allow":["GET"]}}],"collection":[{"href":"https:\/\/travelshelper.com\/cs\/wp-json\/wp\/v2\/pages"}],"about":[{"href":"https:\/\/travelshelper.com\/cs\/wp-json\/wp\/v2\/types\/page"}],"author":[{"embeddable":true,"href":"https:\/\/travelshelper.com\/cs\/wp-json\/wp\/v2\/users\/1"}],"replies":[{"embeddable":true,"href":"https:\/\/travelshelper.com\/cs\/wp-json\/wp\/v2\/comments?post=11936"}],"version-history":[{"count":0,"href":"https:\/\/travelshelper.com\/cs\/wp-json\/wp\/v2\/pages\/11936\/revisions"}],"up":[{"embeddable":true,"href":"https:\/\/travelshelper.com\/cs\/wp-json\/wp\/v2\/pages\/11908"}],"wp:featuredmedia":[{"embeddable":true,"href":"https:\/\/travelshelper.com\/cs\/wp-json\/wp\/v2\/media\/3888"}],"wp:attachment":[{"href":"https:\/\/travelshelper.com\/cs\/wp-json\/wp\/v2\/media?parent=11936"}],"curies":[{"name":"wp","href":"https:\/\/api.w.org\/{rel}","templated":true}]}}