{"id":11908,"date":"2024-09-14T20:46:24","date_gmt":"2024-09-14T20:46:24","guid":{"rendered":"https:\/\/travelshelper.com\/staging\/?page_id=11908"},"modified":"2026-03-12T21:10:24","modified_gmt":"2026-03-12T21:10:24","slug":"rumunsko","status":"publish","type":"page","link":"https:\/\/travelshelper.com\/cs\/destinations\/europe\/romania\/","title":{"rendered":"Rumunsko"},"content":{"rendered":"<p>Rumunsko zauj\u00edm\u00e1 plochu 238 397 kilometr\u016f \u010dtvere\u010dn\u00edch na soutoku st\u0159edn\u00ed, v\u00fdchodn\u00ed a jihov\u00fdchodn\u00ed Evropy, \u00fazem\u00ed, kter\u00fdm proch\u00e1z\u00ed p\u00e1te\u0159n\u00ed h\u0159eben Karpat a kter\u00e9 om\u00fdv\u00e1 \u010cern\u00e9 mo\u0159e; s 19 miliony obyvatel tvo\u0159\u00ed \u0161est\u00fd nejlidnat\u011bj\u0161\u00ed st\u00e1t Evropsk\u00e9 unie.<\/p>\n<p>Od okam\u017eiku, kdy \u010dlov\u011bk p\u0159ekro\u010d\u00ed rumunsk\u00e9 \u00fazem\u00ed \u2013 a\u0165 u\u017e vlakem z Ma\u010farska p\u0159es Panonskou n\u00ed\u017einu, autem z Bulharska p\u0159es m\u00edrn\u00e9 ji\u017en\u00ed vala\u0161sk\u00e9 podh\u016f\u0159\u00ed nebo trajektem do ru\u0161n\u00e9ho p\u0159\u00edstavu Konstanca \u2013 je z\u0159ejm\u00e9, \u017ee tato zem\u011b je definov\u00e1na sv\u00fdmi konturami. Karpatsk\u00fd oblouk se t\u00e1hne od severoz\u00e1padn\u00ed hranice pobl\u00ed\u017e Ukrajiny k jihoz\u00e1padu \u0161irok\u00fdm p\u016flm\u011bs\u00edcem a vrh\u00e1 dlouh\u00e9 st\u00edny na n\u00e1horn\u00ed plo\u0161iny a \u00fadol\u00ed. Zde, kde se vrchol Moldoveanu ty\u010d\u00ed do v\u00fd\u0161ky 2 544 metr\u016f, panuje kontinent\u00e1ln\u00ed klima s ostr\u00fdmi zimami, l\u00e9ty s p\u0159im\u011b\u0159en\u00fdm teplem a sr\u00e1\u017ekami, kter\u00e9 pokr\u00fdv\u00e1 nejvy\u0161\u0161\u00ed z\u00e1padn\u00ed poho\u0159\u00ed v\u00edce ne\u017e 750 milimetry sr\u00e1\u017eek ro\u010dn\u011b, zat\u00edmco n\u00ed\u017einy kolem Bukure\u0161ti zaznamen\u00e1vaj\u00ed t\u00e9m\u011b\u0159 570 milimetr\u016f sr\u00e1\u017eek. Dunaj, druh\u00e1 nejdel\u0161\u00ed \u0159eka v Evrop\u011b, te\u010de pod\u00e9l ji\u017en\u00ed hranice, ne\u017e se rozprost\u00edr\u00e1 do 5 800 kilometr\u016f \u010dtvere\u010dn\u00edch ba\u017ein v delt\u011b Dunaje \u2013 nejv\u011bt\u0161\u00ed souvisl\u00e9 mok\u0159adn\u00ed oblasti v Evrop\u011b a biosf\u00e9rick\u00e9 rezervace s pozoruhodnou biodiverzitou.<\/p>\n<p>Os\u00eddlen\u00ed \u00fazem\u00ed dne\u0161n\u00edho Rumunska sah\u00e1 a\u017e do mlad\u00e9ho paleolitu, dlouho p\u0159edt\u00edm, ne\u017e se \u0159\u00edmsk\u00e9 legie vylodily na pob\u0159e\u017e\u00ed \u010cern\u00e9ho mo\u0159e. Po stalet\u00ed vl\u00e1dlo v Karpatsk\u00e9 kotlin\u011b D\u00e1ck\u00e9 kr\u00e1lovstv\u00ed, dokud ta\u017een\u00ed c\u00edsa\u0159e Trajana na po\u010d\u00e1tku druh\u00e9ho stolet\u00ed n. l. nezah\u00e1jila proces romanizace, jeho\u017e jazykov\u00e1 ozv\u011bna p\u0159etrv\u00e1v\u00e1 v rumun\u0161tin\u011b. N\u00e1sledovala tis\u00edcilet\u00ed m\u011bn\u00edc\u00edch se hranic a loajality. V roce 1859 se kn\u00ed\u017eectv\u00ed Mold\u00e1vie a Vala\u0161sko sjednotila pod veden\u00edm Alexandru Ioana Cuzy, \u010d\u00edm\u017e se krystalizoval modern\u00ed rumunsk\u00fd st\u00e1t. Nez\u00e1vislost na osmansk\u00e9 nadvl\u00e1d\u011b p\u0159i\u0161la v roce 1877, ratifikovan\u00e1 Berl\u00ednskou smlouvou, a o dva roky pozd\u011bji se Karol I. stal prvn\u00edm rumunsk\u00fdm kr\u00e1lem. Prvn\u00ed sv\u011btov\u00e1 v\u00e1lka tyto dom\u00e9ny roz\u0161\u00ed\u0159ila: Transylv\u00e1nie, Ban\u00e1t, Bukovina a Besar\u00e1bie se spojily se \u201eStarou \u0159\u00ed\u0161\u00ed\u201c a vytvo\u0159ily Velk\u00e9 Rumunsko, st\u00e1t, jeho\u017e severn\u00ed, ji\u017en\u00ed a z\u00e1padn\u00ed hranice se dot\u00fdkaly hranic Ma\u010farska, Bulharska a toho, co se pozd\u011bji stalo Sov\u011btsk\u00fdm svazem. Tlak Osy v roce 1940 vedl ke ztr\u00e1t\u011b \u00fazem\u00ed ve prosp\u011bch Ma\u010farska, Bulharska a Sov\u011btsk\u00e9ho svazu, nicm\u00e9n\u011b pu\u010d v srpnu 1944 znovu p\u0159ipojil zemi ke Spojenc\u016fm a Pa\u0159\u00ed\u017esk\u00fdmi m\u00edrov\u00fdmi smlouvami obnovil severn\u00ed Transylv\u00e1nii. Za sov\u011btsk\u00e9 okupace abdikace kr\u00e1le Michala I. uvedla vznik socialistick\u00e9 republiky, kter\u00e1 se p\u0159ipojila k Var\u0161avsk\u00e9 smlouv\u011b, jen aby se rozpadla uprost\u0159ed revoluce v prosinci 1989, kdy si Rumunsko zvolilo liber\u00e1ln\u00ed demokracii a tr\u017en\u00ed hospod\u00e1\u0159stv\u00ed.<\/p>\n<p>Dne\u0161n\u00ed Rumunsko je Sv\u011btovou bankou klasifikov\u00e1no jako zem\u011b s vysok\u00fdmi p\u0159\u00edjmy a politologov\u00e9 jako zem\u011b se st\u0159edn\u00ed mocnost\u00ed. Jej\u00ed poloprezidentsk\u00e1 republika je \u0159\u00edzena pluralitn\u00edm syst\u00e9mem, kter\u00fd vyva\u017euje v\u00fdkonnou a z\u00e1konod\u00e1rnou moc, zat\u00edmco \u010dlenstv\u00ed v Evropsk\u00e9 unii, NATO a Organizaci pro hospod\u00e1\u0159skou spolupr\u00e1ci \u010cern\u00e9ho mo\u0159e podtrhuje jej\u00ed strategickou v\u00e1hu. V roce 2024 se HDP zem\u011b v parit\u011b kupn\u00ed s\u00edly bl\u00ed\u017eil 894 miliard\u00e1m USD, co\u017e p\u0159edstavuje 47 203 USD na obyvatele, co\u017e je vzpom\u00ednka na desetilet\u00ed poznamenan\u00e9 makroekonomickou nestabilitou a nepravideln\u00fdm r\u016fstem, kter\u00e9 od roku 2000 ustoupilo trajektorii robustn\u00ed expanze. Vzestup Rumunska z hrani\u010dn\u00edho na sekund\u00e1rn\u011b rozv\u00edjej\u00edc\u00ed se trh na indexu FTSE Russell v z\u00e1\u0159\u00ed 2020 odr\u00e1\u017eel jeho v\u00fdvoj; Bukure\u0161\u0165sk\u00e1 burza se nyn\u00ed py\u0161n\u00ed tr\u017en\u00ed kapitalizac\u00ed 74 miliard USD a prost\u0159ednictv\u00edm sv\u00fdch osmdes\u00e1ti \u0161esti k\u00f3tovan\u00fdch spole\u010dnost\u00ed ro\u010dn\u011b obchoduje v objemu p\u0159ibli\u017en\u011b 7,2 miliardy USD. Automobilov\u00fd pr\u016fmysl a souvisej\u00edc\u00ed v\u00fdroba pat\u0159\u00ed mezi jej\u00ed hlavn\u00ed exportn\u00ed artikly, zat\u00edmco pov\u011bst technologick\u00e9ho centra byla upevn\u011bna d\u00edky n\u011bkter\u00fdm z nejrychlej\u0161\u00edch pr\u016fm\u011brn\u00fdch rychlost\u00ed internetu na sv\u011bt\u011b.<\/p>\n<p>Dopravn\u00ed infrastruktura tuto dynamiku odr\u00e1\u017e\u00ed. Celkov\u00e1 silni\u010dn\u00ed s\u00ed\u0165 Rumunska se rozkl\u00e1d\u00e1 na v\u00edce ne\u017e 86 080 kilometrech a \u010dtvrt\u00fd nejv\u011bt\u0161\u00ed \u017eelezni\u010dn\u00ed syst\u00e9m v Evrop\u011b nab\u00edz\u00ed v\u00edce ne\u017e 22 000 kilometr\u016f trat\u00ed. Po poklesu \u017eelezni\u010dn\u00ed dopravy po roce 1989 vedly ned\u00e1vn\u00e9 investice a \u010d\u00e1ste\u010dn\u00e1 privatizace k jej\u00edmu o\u017eiven\u00ed, kter\u00e9 p\u0159epravuje t\u00e9m\u011b\u0159 45 procent n\u00e1kladn\u00ed a osobn\u00ed dopravy v zemi. V hlavn\u00edm m\u011bst\u011b Bukure\u0161\u0165sk\u00e9 metro \u2013 osmdes\u00e1tikilometrov\u00e1 s\u00ed\u0165 podzemn\u00edch linek, slavnostn\u011b otev\u0159en\u00e1 v roce 1979 \u2013 p\u0159eprav\u00ed ka\u017ed\u00fd pracovn\u00ed den p\u0159es 720 000 cestuj\u00edc\u00edch. Leteckou dopravu obsluhuje \u0161estn\u00e1ct mezin\u00e1rodn\u00edch leti\u0161\u0165, z nich\u017e hlavn\u00ed je mezin\u00e1rodn\u00ed leti\u0161t\u011b Henriho Coand\u0103 v Otopeni, kter\u00fdm v roce 2017 p\u0159epravilo v\u00edce ne\u017e 12,8 milionu cestuj\u00edc\u00edch.<\/p>\n<p>P\u0159\u00edroda se zachov\u00e1v\u00e1 t\u00e9m\u011b\u0159 na polovin\u011b rozlohy Rumunska, rozd\u011blen\u00e9 do \u0161esti suchozemsk\u00fdch ekoregion\u016f od balk\u00e1nsk\u00fdch sm\u00ed\u0161en\u00fdch les\u016f na jihoz\u00e1pad\u011b a\u017e po pontsk\u00e9 stepi lemuj\u00edc\u00ed \u010cern\u00e9 mo\u0159e. P\u0159ibli\u017en\u011b 10 000 kilometr\u016f \u010dtvere\u010dn\u00edch \u2013 asi p\u011bt procent \u00fazem\u00ed st\u00e1tu \u2013 je chr\u00e1n\u011bno jako t\u0159in\u00e1ct n\u00e1rodn\u00edch park\u016f a t\u0159i biosf\u00e9rick\u00e9 rezervace. Jen v delt\u011b Dunaje se nach\u00e1z\u00ed 1 688 druh\u016f rostlin a v\u00edce ne\u017e 300 druh\u016f pt\u00e1k\u016f, zat\u00edmco t\u00e9m\u011b\u0159 27 procent rumunsk\u00fdch les\u016f z\u016fst\u00e1v\u00e1 nedot\u010den\u00fdch, co\u017e pat\u0159\u00ed k nejv\u011bt\u0161\u00edm takov\u00fdm oblastem v Evrop\u011b. Fauna zahrnuje zhruba 33 792 druh\u016f \u2013 z nich\u017e 707 jsou obratlovci \u2013 kte\u0159\u00ed poskytuj\u00ed \u00fato\u010di\u0161t\u011b polovin\u011b evropsk\u00e9 populace medv\u011bd\u016f hn\u011bd\u00fdch mimo Rusko a cel\u00fdch 20 procent\u016fm vlk\u016f. V r\u00e1mci ochran\u00e1\u0159sk\u00fdch snah bylo 23 druh\u016f rostlin ozna\u010deno za p\u0159\u00edrodn\u00ed pam\u00e1tky a 39 druh\u016f je zdokumentov\u00e1no jako ohro\u017een\u00fdch.<\/p>\n<p>Rumunsk\u00e9 regiony se odv\u00edjej\u00ed jako samostatn\u00e9 p\u0159\u00edb\u011bhy. Srdcem horsk\u00e9 oblasti Transylv\u00e1nie se prot\u00ednaj\u00ed Transylv\u00e1nsk\u00e9 Alpy, kde se mezi citadelami ve st\u00ednu dub\u016f ty\u010d\u00ed st\u0159edov\u011bk\u00e1 m\u011bsta jako Sibiu a Sighi\u0219oara. Ban\u00e1t na z\u00e1pad\u011b m\u00eds\u00ed Panonsk\u00e9 n\u00ed\u017einy s barokn\u00edmi m\u011bsty a \u00faseky vesnic s n\u011bmeck\u00fdm vlivem, podep\u0159en\u00fdmi zalesn\u011bn\u00fdmi svahy v\u00fdchodn\u00edch kopc\u016f. Oltenia na jihoz\u00e1pad\u011b je kol\u00e9bkou starobyl\u00fdch jeskynn\u00edch kl\u00e1\u0161ter\u016f a term\u00e1ln\u00edch l\u00e1zn\u00ed v podh\u016f\u0159\u00ed Karpat, ne\u017e ustoup\u00ed polosuch\u00e9 rozloze p\u0159ipom\u00ednaj\u00edc\u00ed stepn\u00ed pou\u0161\u0165. Ji\u017en\u00ed Bukovina na severov\u00fdchod\u011b je proslul\u00e1 sv\u00fdmi malovan\u00fdmi kl\u00e1\u0161tern\u00edmi komplexy, s freskami z exteri\u00e9r\u016f, kter\u00e9 stoj\u00ed jako tajn\u00e9 ikonografie mezi zvln\u011bn\u00fdmi kopci. Maramure\u0219, nejsevern\u011bj\u0161\u00ed provincie, z\u016fst\u00e1v\u00e1 ba\u0161tou d\u0159ev\u011bn\u00fdch kostel\u016f a rolnick\u00fdch tradic, jej\u00ed\u017e zvln\u011bnou krajinu prot\u00ednaj\u00ed pomalu tekouc\u00ed potoky. Cri\u0219ana, le\u017e\u00edc\u00ed pod\u00e9l ma\u010farsk\u00e9 hranice, v\u00edt\u00e1 v\u011bt\u0161inu cestuj\u00edc\u00edch po sou\u0161i, kte\u0159\u00ed n\u011bkdy p\u0159ehl\u00ed\u017eej\u00ed jej\u00ed m\u011bsta ve st\u0159edoevropsk\u00e9m stylu a \u00fato\u010di\u0161t\u011b v poho\u0159\u00ed Apuseni. Severn\u00ed Dobrud\u017ea, hrani\u010d\u00edc\u00ed s \u010cern\u00fdm mo\u0159em, kombinuje ruiny \u0159eck\u00fdch a \u0159\u00edmsk\u00fdch osad s letovisky, jako je Mamaia, a nedot\u010den\u00e9 mok\u0159ady delty Dunaje. Moldavsk\u00e1 kulturn\u00ed tapiserie zahrnuje opevn\u011bn\u00e9 kl\u00e1\u0161tery, m\u011bsta a m\u00edrn\u00e9 roviny protk\u00e1van\u00e9 vinicemi. Muntenia zahrnuje Bukure\u0161\u0165 \u2013 kde se nad st\u0159edov\u011bk\u00fdmi \u010dtvrt\u011bmi ty\u010d\u00ed \u201eLidov\u00fd d\u016fm\u201c Nicolae Ceau\u0219escu \u2013 a srdce Vala\u0161ska s rodov\u00fdmi pevnostmi Vlada \u021aepe\u0219e a ly\u017ea\u0159sk\u00fdmi st\u0159edisky v \u00fadol\u00ed Prahova.<\/p>\n<p>M\u011bstsk\u00fd \u017eivot v Rumunsku je mnohotv\u00e1rn\u00fd. Bukure\u0161\u0165, nejv\u011bt\u0161\u00ed metropole a finan\u010dn\u00ed centrum zem\u011b, stav\u00ed do kontrastu bulv\u00e1ry Belle \u00c9poque z devaten\u00e1ct\u00e9ho stolet\u00ed s kolos\u00e1ln\u00edmi stavbami Ceau\u0219escuova socialistick\u00e9ho modernismu. Klu\u017e, domov jedn\u00e9 z nejv\u011bt\u0161\u00edch studentsk\u00fdch populac\u00ed v Evrop\u011b, vyza\u0159uje mladistvou energii prost\u0159ednictv\u00edm sv\u00fdch univerzit a rozv\u00edjej\u00edc\u00edch se technologick\u00fdch firem. Teme\u0161v\u00e1r, \u010dasto oslavovan\u00fd pro sv\u00e9 multikulturn\u00ed d\u011bdictv\u00ed a secesn\u00ed architekturu, byl kol\u00e9bkou revoluce v roce 1989. Jasy, kdysi hlavn\u00ed m\u011bsto moldavsk\u00e9ho kn\u00ed\u017eectv\u00ed, z\u016fst\u00e1v\u00e1 centrem literatury a vzd\u011blanosti, jeho\u017e ve\u0159ejn\u00e1 n\u00e1m\u011bst\u00ed lemuj\u00ed barokn\u00ed pal\u00e1ce. Konstanca, na b\u0159ehu \u010cern\u00e9ho mo\u0159e, je obchodn\u00edm p\u0159\u00edstavem i letoviskem. Bra\u0161ov, zasazen\u00fd pod karpatsk\u00e9 vrcholky, l\u00e1k\u00e1 horolezce do Poiany Bra\u0161ov a milovn\u00edky historie k nedalek\u00e9 citadele R\u00e2\u0219nov a takzvan\u00e9mu Dr\u00e1kulovu hradu v Branu. Men\u0161\u00ed klenoty \u2013 Sibiu, Sighi\u0219oara, Alba Iulia a Bistri\u021ba \u2013 nab\u00edzej\u00ed zachovan\u00e1 st\u0159edov\u011bk\u00e1 centra a tich\u00e9 ulice, kde dla\u017eebn\u00ed kostky p\u0159ipom\u00ednaj\u00ed stalet\u00ed proces\u00ed a pout\u00ed.<\/p>\n<p>Cestovn\u00ed ruch se stal kl\u00ed\u010dov\u00fdm ekonomick\u00fdm motorem, v roce 2024 se pod\u00edlel na HDP p\u0159ibli\u017en\u011b p\u011bti procenty a p\u0159il\u00e1kal 14 milion\u016f zahrani\u010dn\u00edch n\u00e1v\u0161t\u011bvn\u00edk\u016f. L\u00e9to na pob\u0159e\u017e\u00ed \u010cern\u00e9ho mo\u0159e z\u016fst\u00e1v\u00e1 l\u00e1kadlem, s pl\u00e1\u017eemi Mamaie a promen\u00e1dou v Konstanci plnou kav\u00e1ren a l\u00e1zn\u00ed. Zimy l\u00e1kaj\u00ed ly\u017ea\u0159e do Sinaie, Predealu a Poiany Bra\u0219ov, zat\u00edmco malovan\u00e9 kostely v severn\u00ed Mold\u00e1vii a d\u0159ev\u011bn\u00e9 svatyn\u011b v Maramure\u0161i l\u00e1kaj\u00ed kulturn\u00ed cestovatele. Venkovsk\u00e1 turistika vzkv\u00e9t\u00e1 ve vesnic\u00edch, kter\u00e9 udr\u017euj\u00ed tradi\u010dn\u00ed folkl\u00f3r, od bl\u00edzkosti Branu k Dr\u00e1kulov\u011b jedovat\u00e9 legend\u011b a\u017e po opevn\u011bn\u00e9 kostely v Transylv\u00e1nii a d\u00e1lkovou stezku Via Transilvanica, kter\u00e1 se vine deseti kraji jako sv\u011bdectv\u00ed o ide\u00e1lech pomal\u00e9ho cestov\u00e1n\u00ed. Investice do pohostinstv\u00ed \u2013 v roce 2005 p\u0159ibli\u017en\u011b 400 milion\u016f eur \u2013 modernizovaly hotely, p\u0159esto mnoho penzion\u016f zachov\u00e1v\u00e1 lidovou architekturu a dom\u00e1c\u00ed sarmale (zeln\u00e9 z\u00e1vitky). Jen hrad Bran ka\u017edoro\u010dn\u011b p\u0159itahuje statis\u00edce lid\u00ed, jeho v\u011b\u017ee a \u00fazk\u00e9 n\u00e1dvo\u0159\u00ed odr\u00e1\u017eej\u00ed jak st\u0159edov\u011bkou obranu, tak modern\u00ed marketing. Dunajsk\u00e1 delta z\u016fst\u00e1v\u00e1 \u00fato\u010di\u0161t\u011bm pro pozorovatele divok\u00e9 zv\u011b\u0159e, kte\u0159\u00ed se v d\u0159ev\u011bn\u00fdch \u010dlunech propl\u00e9taj\u00ed r\u00e1kos\u00edm porostl\u00fdmi kan\u00e1ly, aby zahl\u00e9dli pelik\u00e1ny a mot\u00e1ky bahenn\u00ed.<\/p>\n<p>Demografick\u00e1 mozaika Rumunska se m\u011bn\u00ed. S\u010d\u00edt\u00e1n\u00ed lidu z roku 2021 zaznamenalo 19 053 815 obyvatel. Etni\u010dt\u00ed Rumuni tvo\u0159\u00ed 89,33 procenta, Ma\u010fa\u0159i 6,05 procenta a Romov\u00e9 3,44 procenta \u2013 a\u010dkoli nez\u00e1visl\u00e9 odhady uv\u00e1d\u011bj\u00ed, \u017ee pod\u00edl Rom\u016f se bl\u00ed\u017e\u00ed 8 procent\u016fm. Ma\u010farsk\u00e9 komunity si udr\u017euj\u00ed v\u011bt\u0161inu v okresech Harghita a Covasna a zemi rozesety mal\u00fdmi enkl\u00e1vami Ukrajinc\u016f, N\u011bmc\u016f, Turk\u016f, Lipovan\u016f, Aromun\u016f, Tatar\u016f a Srb\u016f. Migrace po vstupu do EU a n\u00edzk\u00e1 porodnost spustily postupn\u00fd pokles populace, a to i p\u0159esto, \u017ee m\u011bstsk\u00e1 centra se rozr\u016fstaj\u00ed v d\u016fsledku dom\u00e1c\u00edho st\u011bhov\u00e1n\u00ed a zahrani\u010dn\u00edch cizinc\u016f hledaj\u00edc\u00edch p\u0159\u00edle\u017eitosti v oblasti technologi\u00ed a automobilov\u00e9ho pr\u016fmyslu.<\/p>\n<p>Kulturn\u00ed d\u011bdictv\u00ed Rumunska bylo uzn\u00e1no prost\u0159ednictv\u00edm jeden\u00e1cti pam\u00e1tek sv\u011btov\u00e9ho d\u011bdictv\u00ed UNESCO \u2013 \u0161esti kulturn\u00edch a p\u011bti p\u0159\u00edrodn\u00edch \u2013 od malovan\u00fdch kl\u00e1\u0161ter\u016f v Bukovin\u011b a\u017e po nedot\u010den\u00fd deltov\u00fd syst\u00e9m delty Dunaje. Toto uzn\u00e1n\u00ed podtrhuje \u00fast\u0159edn\u00ed paradox: Rumunsko je zem\u00ed, kde je historie hmatateln\u00e1 v ka\u017ed\u00e9m vy\u0159ez\u00e1van\u00e9m d\u0159ev\u011bn\u00e9m port\u00e1lu a patinovan\u00e9m cimbu\u0159\u00ed, a z\u00e1rove\u0148 spole\u010dnost\u00ed, kter\u00e1 se \u017eene do jednadvac\u00e1t\u00e9ho stolet\u00ed pomoc\u00ed optick\u00fdch kabel\u016f a polovodi\u010dov\u00fdch z\u00e1vod\u016f. \u010clov\u011bk m\u016f\u017ee proj\u00edt venkovskou silnic\u00ed lemovanou slune\u010dnicemi pod modrou klenbou, za \u00fasvitu setkat s past\u00fd\u0159em pasouc\u00edm ovce a o n\u011bkolik hodin pozd\u011bji nastoupit do rychlovlaku sm\u011b\u0159uj\u00edc\u00edho do bukure\u0161\u0165sk\u00e9 obchodn\u00ed \u010dtvrti se sklen\u011bn\u00fdmi pr\u016f\u010del\u00edmi.<\/p>\n<p>Rumunsk\u00fd p\u0159\u00edb\u011bh je p\u0159\u00edb\u011bhem sbli\u017eov\u00e1n\u00ed: latina vzkv\u00e9t\u00e1 uprost\u0159ed slovansk\u00fdch, ma\u010farsk\u00fdch a osmansk\u00fdch vliv\u016f; barokn\u00ed n\u00e1m\u011bst\u00ed ob\u00fdvan\u00e1 univerzitn\u00edmi studenty i pravoslavn\u00fdmi poutn\u00edky; zalesn\u011bn\u00e9 hory ukr\u00fdvaj\u00edc\u00ed posledn\u00ed velk\u00e9 evropsk\u00e9 maso\u017eravce a \u00fadol\u00ed lemovan\u00e1 sol\u00e1rn\u00edmi farmami. Je to n\u00e1rod, kde je palimpsest d\u011bjin viditeln\u00fd \u2013 \u0159\u00edmsk\u00e9 silnice pod modern\u00edmi d\u00e1lnicemi, st\u0159edov\u011bk\u00e9 cechovn\u00ed radnice vedle elegantn\u00edch sklen\u011bn\u00fdch fas\u00e1d \u2013 a kde se ekonomick\u00e9 ukazatele HDP a tr\u017en\u00ed kapitalizace mus\u00ed m\u011b\u0159it spolu s tich\u00fdm vytrvalost\u00ed lidov\u00e9 p\u00edsn\u011b a cik\u00e1dov\u00e9ho sboru za soumraku.<\/p>\n<p>V tomto sbli\u017eov\u00e1n\u00ed spo\u010d\u00edv\u00e1 trval\u00e9 kouzlo Rumunska: zem\u011b z\u00e1rove\u0148 starobyl\u00e1 i rozv\u00edjej\u00edc\u00ed se, jej\u00ed\u017e identita je formov\u00e1na geografi\u00ed a epochou, jej\u00ed\u017e lid\u00e9 jsou spr\u00e1vci zem\u011b, kter\u00e1 nep\u0159est\u00e1v\u00e1 p\u0159ekvapovat ty, kdo o\u010dek\u00e1vaj\u00ed jen to zn\u00e1m\u00e9. Ka\u017ed\u00e1 cesta je zde objevem \u010dasu stejn\u011b jako ter\u00e9nu a ka\u017ed\u00e9 n\u00e1m\u011bst\u00ed je pozv\u00e1nkou k naslouch\u00e1n\u00ed civilizaci, kter\u00e1 se nau\u010dila vyva\u017eovat odolnost s obnovou.<\/p>","protected":false},"excerpt":{"rendered":"<p>Rumunsko, strategicky um\u00edst\u011bn\u00e9 v konvergenci st\u0159edn\u00ed, v\u00fdchodn\u00ed a jihov\u00fdchodn\u00ed Evropy, m\u00e1 v roce 2023 p\u0159ibli\u017en\u011b 19 milion\u016f obyvatel. Tento st\u00e1t, dvan\u00e1ct\u00fd nejv\u011bt\u0161\u00ed v Evrop\u011b podle oblasti a \u0161est\u00fd nejlidnat\u011bj\u0161\u00ed \u010dlen Evropsk\u00e9 unie, zahrnuje 238 397 kilometr\u016f \u010dtvere\u010dn\u00edch (92 046 \u010dtvere\u010dn\u00edch mil) s r\u016fznou topografi\u00ed. Jeho geografick\u00e1 poloha prop\u016fj\u010duje charakteristickou funkci, soused\u00ed s Ukrajinou na severu a v\u00fdchod\u011b, Ma\u010farskem na z\u00e1pad\u011b, Srbskem na jihoz\u00e1pad\u011b, Bulharskem na jihu a Moldavskem na v\u00fdchod\u011b a z\u00e1rove\u0148 poskytuje p\u0159\u00edstup k \u010cern\u00e9mu mo\u0159i p\u0159es jeho ji\u017en\u00ed pob\u0159e\u017e\u00ed.<\/p>","protected":false},"author":1,"featured_media":4398,"parent":24078,"menu_order":0,"comment_status":"closed","ping_status":"closed","template":"elementor_theme","meta":{"_eb_attr":"","footnotes":""},"class_list":["post-11908","page","type-page","status-publish","has-post-thumbnail"],"_links":{"self":[{"href":"https:\/\/travelshelper.com\/cs\/wp-json\/wp\/v2\/pages\/11908","targetHints":{"allow":["GET"]}}],"collection":[{"href":"https:\/\/travelshelper.com\/cs\/wp-json\/wp\/v2\/pages"}],"about":[{"href":"https:\/\/travelshelper.com\/cs\/wp-json\/wp\/v2\/types\/page"}],"author":[{"embeddable":true,"href":"https:\/\/travelshelper.com\/cs\/wp-json\/wp\/v2\/users\/1"}],"replies":[{"embeddable":true,"href":"https:\/\/travelshelper.com\/cs\/wp-json\/wp\/v2\/comments?post=11908"}],"version-history":[{"count":0,"href":"https:\/\/travelshelper.com\/cs\/wp-json\/wp\/v2\/pages\/11908\/revisions"}],"up":[{"embeddable":true,"href":"https:\/\/travelshelper.com\/cs\/wp-json\/wp\/v2\/pages\/24078"}],"wp:featuredmedia":[{"embeddable":true,"href":"https:\/\/travelshelper.com\/cs\/wp-json\/wp\/v2\/media\/4398"}],"wp:attachment":[{"href":"https:\/\/travelshelper.com\/cs\/wp-json\/wp\/v2\/media?parent=11908"}],"curies":[{"name":"wp","href":"https:\/\/api.w.org\/{rel}","templated":true}]}}