{"id":11881,"date":"2024-09-14T18:51:08","date_gmt":"2024-09-14T18:51:08","guid":{"rendered":"https:\/\/travelshelper.com\/staging\/?page_id=11881"},"modified":"2026-03-12T15:58:18","modified_gmt":"2026-03-12T15:58:18","slug":"island","status":"publish","type":"page","link":"https:\/\/travelshelper.com\/cs\/destinations\/europe\/iceland\/","title":{"rendered":"Island"},"content":{"rendered":"<p>Island, severoatlantick\u00fd ostrovn\u00ed st\u00e1t s p\u0159ibli\u017en\u011b 380 000 obyvateli, zab\u00edr\u00e1 geologicky nest\u00e1lou rozlohu zhruba 103 000 kilometr\u016f \u010dtvere\u010dn\u00edch. Nach\u00e1z\u00ed se mezi Gr\u00f3nskem a Norskem, na St\u0159edoatlantick\u00e9m h\u0159betu, kde se od sebe vzdaluj\u00ed Severoamerick\u00e1 a Euroasijsk\u00e1 tektonick\u00e1 deska, a je nejz\u00e1padn\u011bj\u0161\u00ed a nejm\u00e9n\u011b hust\u011b os\u00eddlenou zem\u00ed v Evrop\u011b. Hlavn\u00ed m\u011bsto Reykjav\u00edk shroma\u017e\u010fuje v\u00edce ne\u017e t\u0159etinu populace v n\u00edzko polo\u017een\u00e9 m\u011bstsk\u00e9 krajin\u011b t\u00fd\u010d\u00edc\u00ed se k oce\u00e1nsk\u00e9mu horizontu. Stoj\u00ed jako lidsk\u00e1 z\u00e1kladna v krajin\u011b formovan\u00e9 vulkanickou \u010dinnost\u00ed a zaledn\u011bn\u00edm, kde se civilizace jev\u00ed jako provizorn\u00ed, v\u017edy vydan\u00e1 na milost a nemilost zemi pod n\u00ed.<\/p>\n<p>Opou\u0161t\u011bj\u00edc m\u011bstsk\u00fd perimetr, ter\u00e9n rychle ztr\u00e1c\u00ed p\u0159edv\u00eddatelnost. \u010clov\u011bk vstupuje do \u0159\u00ed\u0161e \u017eiveln\u00e9 drsnosti: pl\u00e1n\u011b l\u00e1vy pokryt\u00e9 li\u0161ejn\u00edky, pou\u0161t\u011b v\u011btrem vyle\u0161t\u011bn\u00e9ho popela a vzd\u00e1len\u00e9 siluety zasn\u011b\u017een\u00fdch sopek. Vnitrozemsk\u00e9 \u0159eky \u2013 zrozen\u00e9 taj\u00edc\u00edmi ledovci \u2013 si raz\u00ed cestu \u010dedi\u010dov\u00fdmi roklemi, zat\u00edmco gejz\u00edry s mechanickou kadenc\u00ed sy\u010d\u00ed a vybuchuj\u00ed v oblakech p\u00e1ry. Na jihov\u00fdchodn\u00edm pob\u0159e\u017e\u00ed ustupuje zmrzl\u00e1 masa Vatnaj\u00f6kullu ledem pokryt\u00e9 lagun\u011b J\u00f6kuls\u00e1rl\u00f3n, kde se skaln\u00ed \u00fatesy odlomen\u00e9 od ledovce st\u00e1\u010dej\u00ed sm\u011brem k mo\u0159i, jejich kobaltov\u00e1 j\u00e1dra jsou vyleptan\u00e1 \u010dasem. Fjordy na severu a v\u00fdchod\u011b, lemovan\u00e9 \u00fatesy a starobyl\u00fdmi skaln\u00edmi vrstvami, ukr\u00fdvaj\u00ed vesnice, kter\u00e9 jako by ob\u00fdvaly jin\u00e9 stolet\u00ed.<\/p>\n<p>A\u010dkoli jeho zem\u011bpisn\u00e1 \u0161\u00ed\u0159ka nazna\u010duje pol\u00e1rn\u00ed drsnost, islandsk\u00e9 klima je ovlivn\u011bno Severoatlantick\u00fdm proudem. V\u00fdsledkem je p\u0159ekvapiv\u00e1 m\u00edrnost: zimy jsou m\u00e9n\u011b drsn\u00e9 ne\u017e ve vnitrozemsk\u00e9 Skandin\u00e1vii a l\u00e9ta, i kdy\u017e chladn\u00e1, jsou osv\u011btlena t\u00e9m\u011b\u0159 nep\u0159etr\u017eit\u00fdm denn\u00edm sv\u011btlem. Tyto obecn\u00e9 rysy v\u0161ak ustupuj\u00ed region\u00e1ln\u00edm rozd\u00edl\u016fm. Jih se pot\u00fdk\u00e1 s \u010dast\u00fdmi sr\u00e1\u017ekami a n\u00e1mo\u0159n\u00edmi bou\u0159emi; sever se vyh\u0159\u00edv\u00e1 v such\u00e9m, k\u0159i\u0161\u0165\u00e1lov\u011b \u010dist\u00e9m vzduchu; a centr\u00e1ln\u00ed vyso\u010dina \u2013 ne\u00farodn\u00e1, vyv\u00fd\u0161en\u00e1 a nehostinn\u00e1 \u2013 zadr\u017euje sn\u00edh pozd\u011b v roce a lidsk\u00fdm ambic\u00edm se jen m\u00e1lo pod\u0159izuje.<\/p>\n<p>P\u00edsemn\u00e9 z\u00e1znamy za\u010d\u00ednaj\u00ed vylod\u011bn\u00edm Ing\u00f3lfra Arnarsona v roce 874 n. l. Jako n\u00e1\u010deln\u00edk norsk\u00e9ho p\u016fvodu zalo\u017eil osadu, kter\u00e1 se pozd\u011bji stala Reykjav\u00edkem. N\u00e1sledovaly vlny seversk\u00fdch osadn\u00edk\u016f, kte\u0159\u00ed s sebou p\u0159inesli gaelsk\u00e9 otroky a principy spole\u010dnosti zako\u0159en\u011bn\u00e9 v pr\u00e1vu a \u00fastn\u00ed tradici. V roce 930 n. l. zalo\u017eili v \u00deingvelliru Althing \u2013 shrom\u00e1\u017ed\u011bn\u00ed vlastn\u00edk\u016f p\u016fdy, kter\u00e9 se stalo jedn\u00edm z nejstar\u0161\u00edch nep\u0159etr\u017eit\u00fdch parlament\u016f na sv\u011bt\u011b. Postupem \u010dasu vedly vnit\u0159n\u00ed spory a vn\u011bj\u0161\u00ed tlaky k za\u010dlen\u011bn\u00ed Islandu do norsk\u00e9 koruny na konci t\u0159in\u00e1ct\u00e9ho stolet\u00ed. Spojen\u00ed s D\u00e1nskem, nejprve prost\u0159ednictv\u00edm Kalmarsk\u00e9 unie a pozd\u011bji prost\u0159ednictv\u00edm p\u0159\u00edm\u00e9 kontroly, p\u0159ineslo stalet\u00ed vzd\u00e1len\u00e9 spr\u00e1vy.<\/p>\n<p>\u0160estn\u00e1ct\u00e9 stolet\u00ed vnucovalo luter\u00e1nstv\u00ed prost\u0159ednictv\u00edm dekret\u016f, kter\u00e9 rozlo\u017eily katolick\u00e9 struktury a centralizovaly moc v Kodani. Nacionalistick\u00e9 n\u00e1lady doutnaly pod d\u00e1nskou nadvl\u00e1dou, podn\u00edcen\u00e9 osv\u00edcenstv\u00edm a rozdm\u00fdchan\u00e9 romantick\u00fdm nacionalismem v devaten\u00e1ct\u00e9m stolet\u00ed. Island z\u00edskal autonomii v roce 1918 prost\u0159ednictv\u00edm Aktu o unii, ale pln\u00e1 nez\u00e1vislost se dostavila a\u017e b\u011bhem glob\u00e1ln\u00edch nepokoj\u016f druh\u00e9 sv\u011btov\u00e9 v\u00e1lky. V roce 1944, kdy D\u00e1nsko okupovaly n\u011bmeck\u00e9 s\u00edly, Islan\u010fan\u00e9 t\u00e9m\u011b\u0159 jednomysln\u011b hlasovali pro zalo\u017een\u00ed republiky.<\/p>\n<p>Po stalet\u00ed definovala islandskou ekonomiku ob\u017eiva. Rybolov, pasen\u00ed ovc\u00ed a omezen\u00e9 zem\u011bd\u011blstv\u00ed udr\u017eovaly \u017eivot v nehostinn\u00e9m prost\u0159ed\u00ed. Dvac\u00e1t\u00e9 stolet\u00ed zavedlo mechanizovan\u00e9 trawlery a modern\u00ed zpracov\u00e1n\u00ed ryb, \u010d\u00edm\u017e se mo\u0159sk\u00e9 populace prom\u011bnily v ekonomick\u00e9 pil\u00ed\u0159e. Pov\u00e1le\u010dn\u00e9 fondy na obnovu a p\u0159\u00edstup na evropsk\u00e9 trhy pos\u00edlily pr\u016fmyslov\u00e9 kapacity. V 90. letech 20. stolet\u00ed \u010dlenstv\u00ed v Evropsk\u00e9m hospod\u00e1\u0159sk\u00e9m prostoru usnadnilo diverzifikaci do biotechnologi\u00ed, bankovnictv\u00ed a v\u00fdroby, p\u0159esto ekonomika z\u016fst\u00e1v\u00e1 v\u00e1z\u00e1na na sv\u00e9 n\u00e1mo\u0159n\u00ed ko\u0159eny.<\/p>\n<p>Island dnes vyva\u017euje tr\u017en\u00ed liberalismus se soci\u00e1ln\u00edm zabezpe\u010den\u00edm seversk\u00e9ho typu. Udr\u017euje si n\u00edzk\u00e9 sazby dan\u011b z p\u0159\u00edjmu pr\u00e1vnick\u00fdch osob, vysokou hustotu odbor\u016f a robustn\u00ed ve\u0159ejn\u00e9 slu\u017eby v\u010detn\u011b v\u0161eobecn\u00e9 zdravotn\u00ed p\u00e9\u010de a bezplatn\u00e9ho vysoko\u0161kolsk\u00e9ho vzd\u011bl\u00e1v\u00e1n\u00ed. P\u0159esto\u017ee zem\u011b nem\u00e1 st\u00e1lou arm\u00e1du, p\u0159isp\u00edv\u00e1 do NATO a udr\u017euje pob\u0159e\u017en\u00ed str\u00e1\u017e, kter\u00e1 hl\u00edd\u00e1 v jej\u00ed n\u00e1mo\u0159n\u00ed z\u00f3n\u011b. Tato minimalistick\u00e1 obrann\u00e1 strategie odr\u00e1\u017e\u00ed \u0161ir\u0161\u00ed spole\u010densk\u00e9 hodnoty diplomacie a kolektivn\u00ed odpov\u011bdnosti.<\/p>\n<p>Geologicky je Island st\u00e1le nestabiln\u00ed. Ostrov je rozd\u011blen St\u0159edoatlantsk\u00fdm h\u0159betem, kde magma vych\u00e1z\u00ed na povrch a zrod\u00ed novou zemi. Erupce, jako byla Eyjafjallaj\u00f6kull v roce 2010, p\u0159ipom\u00ednaj\u00ed pozorovatel\u016fm lhostejnost p\u0159\u00edrody k lidsk\u00fdm pl\u00e1n\u016fm. Aktivita pod B\u00e1r\u00f0arbungou v roce 2014 d\u00e1le zd\u016fraznila seismickou nep\u0159edv\u00eddatelnost ostrova. Zat\u00edmco v\u011bt\u0161ina populace \u017eije pod\u00e9l m\u00edrn\u011bj\u0161\u00edho pob\u0159e\u017en\u00edho p\u00e1su, Vyso\u010dina z\u016fst\u00e1v\u00e1 neobydlen\u00e1 a nav\u0161t\u011bvuj\u00ed ji pouze dob\u0159e vybaven\u00e1 vozidla nebo p\u011b\u0161ky, kte\u0159\u00ed jsou ochotni se odv\u00e1\u017eit prozkoumat jej\u00ed odta\u017eitou majest\u00e1tnost.<\/p>\n<p>Velk\u00fd Reykjav\u00edk zahrnuje n\u011bkolik obc\u00ed a slou\u017e\u00ed jako kulturn\u00ed a ekonomick\u00e9 srdce zem\u011b. Men\u0161\u00ed m\u011bstsk\u00e1 centra, jako je Akureyri na severu a Reykjanesb\u00e6r pobl\u00ed\u017e mezin\u00e1rodn\u00edho leti\u0161t\u011b, poskytuj\u00ed region\u00e1ln\u00ed slu\u017eby, a\u010dkoli v\u011bt\u0161ina obc\u00ed z\u016fst\u00e1v\u00e1 kompaktn\u00ed a autonomn\u00ed. V roce 2003 byly volebn\u00ed obvody p\u0159epracov\u00e1ny tak, aby odr\u00e1\u017eely m\u011bn\u00edc\u00ed se demografick\u00e9 slo\u017een\u00ed a zachovaly spravedliv\u00e9 zastoupen\u00ed mezi m\u011bstsk\u00fdm a venkovsk\u00fdm obyvatelstvem.<\/p>\n<p>Island se odli\u0161uje energetickou politikou. T\u00e9m\u011b\u0159 ve\u0161ker\u00e1 elekt\u0159ina a teplo v dom\u00e1cnostech poch\u00e1z\u00ed z vodn\u00edch a geoterm\u00e1ln\u00edch syst\u00e9m\u016f, co\u017e je vz\u00e1cnost i mezi rozvinut\u00fdmi zem\u011bmi. Masivn\u00ed vodn\u00ed elektr\u00e1rny vyu\u017e\u00edvaj\u00ed ledovcov\u00fd odtok, zat\u00edmco geoterm\u00e1ln\u00ed elektr\u00e1rny vyu\u017e\u00edvaj\u00ed podzemn\u00ed teplo. Tato hojn\u00e1 obnoviteln\u00e1 energie podporuje dom\u00e1cnosti i t\u011b\u017ek\u00fd pr\u016fmysl. T\u0159i n\u00e1rodn\u00ed parky \u2013 \u00deingvellir, Sn\u00e6fellsj\u00f6kull a Vatnaj\u00f6kull \u2013 chr\u00e1n\u00ed kl\u00ed\u010dov\u00e1 ekologick\u00e1 a historick\u00e1 m\u00edsta a tvo\u0159\u00ed r\u00e1mec pro neust\u00e1l\u00fd dialog n\u00e1roda s jeho minulost\u00ed a budoucnost\u00ed.<\/p>\n<p>Tento ostrovn\u00ed st\u00e1t propojuje s\u00ed\u0165 infrastruktury. Celou zemi obklopuje silni\u010dn\u00ed okruh, kter\u00fd p\u0159eklenuje fjordy a pole zvln\u011bn\u00fdm asfaltov\u00fdm p\u00e1sem. V zim\u011b jsou vnit\u0159n\u00ed silnice \u010dasto nepr\u016fjezdn\u00e9, ale vn\u011bj\u0161\u00ed okruh umo\u017e\u0148uje celoro\u010dn\u00ed cestov\u00e1n\u00ed t\u011bm, kte\u0159\u00ed jsou p\u0159ipraveni na n\u00e1hl\u00e9 zm\u011bny po\u010das\u00ed. Ve\u0159ejn\u00e9 autobusy doj\u00ed\u017ed\u011bj\u00ed do odlehl\u00fdch m\u011bst, zat\u00edmco leti\u0161t\u011b v Keflav\u00edku, Reykjav\u00edku, Akureyri a Egilssta\u00f0iru umo\u017e\u0148uj\u00ed vnitrost\u00e1tn\u00ed i mezin\u00e1rodn\u00ed spojen\u00ed.<\/p>\n<p>Kulturn\u00ed identita Islandu odr\u00e1\u017e\u00ed jeho p\u016fvod. Islandsk\u00fd jazyk, kter\u00fd se od st\u0159edov\u011bku relativn\u011b nezm\u011bnil, si zachov\u00e1v\u00e1 archaickou gramatiku a slovn\u00ed z\u00e1sobu. S\u00e1gy psan\u00e9 ve star\u00e9 nor\u0161tin\u011b z\u016fst\u00e1vaj\u00ed \u00fast\u0159edn\u00edm bodem kolektivn\u00ed pam\u011bti a formuj\u00ed literaturu, etiku a n\u00e1rodn\u00ed sebevn\u00edm\u00e1n\u00ed. Rovnost pohlav\u00ed se \u0159ad\u00ed k nejvy\u0161\u0161\u00edm na sv\u011bt\u011b a rozd\u011blen\u00ed p\u0159\u00edjm\u016f je pozoruhodn\u011b rovnom\u011brn\u00e9, co\u017e je d\u016fsledek spole\u010densk\u00fdch norem formovan\u00fdch izolac\u00ed a vz\u00e1jemnou z\u00e1vislost\u00ed.<\/p>\n<p>Kulin\u00e1\u0159sk\u00e9 tradice z\u016fst\u00e1vaj\u00ed zakotveny v nutnosti. Na stole dominuj\u00ed ryby a jehn\u011b\u010d\u00ed maso, k nim\u017e se p\u0159id\u00e1vaj\u00ed ml\u00e9\u010dn\u00e9 v\u00fdrobky, jako je skyr, a sez\u00f3nn\u00ed zelenina p\u011bstovan\u00e1 v geoterm\u00e1ln\u00edch sklen\u00edc\u00edch. Historick\u00e1 askeze p\u0159etrv\u00e1v\u00e1 v pokrmech, jako je h\u00e1karl (fermentovan\u00fd \u017eralok) a sl\u00e1tur (krvav\u00fd pudink), zat\u00edmco k\u00e1va a brenniv\u00edn jsou sou\u010d\u00e1st\u00ed spole\u010densk\u00fdch ritu\u00e1l\u016f a podtrhuj\u00ed n\u00e1rodn\u00ed preferenci odvahy zm\u00edrn\u011bn\u00e9 spole\u010denstv\u00edm.<\/p>\n<p>Mimo hlavn\u00ed m\u011bsto a vy\u0161lapan\u00e9 trasy Island odhaluje svou nepolapiteln\u011bj\u0161\u00ed podstatu. Strm\u00e9 \u00fatesy Westfjord\u016f \u017eij\u00ed na mo\u0159sk\u00fdch pt\u00e1kech a v\u0161ude kolem ticha. Sn\u00e6fellsnes se sv\u00fdm stratovulk\u00e1nem s ledovcov\u00fdmi vrcholy propojuje geografii s folkl\u00f3rem. V H\u00fasav\u00edku kytovci pror\u00e1\u017eej\u00ed zrcadlovou hladinu z\u00e1livu Skj\u00e1lfandi, zat\u00edmco d\u00e1le ve vnitrozem\u00ed zachycuj\u00ed ryolitov\u00e9 svahy Landmannalaugaru rann\u00ed sv\u011btlo v tlumen\u00fdch \u010derven\u00fdch a zlat\u00fdch odst\u00ednech. Tato odlehl\u00e1 m\u00edsta, formovan\u00e1 geologick\u00fdmi zm\u011bnami a klimatick\u00fdmi obt\u00ed\u017eemi, z\u016fst\u00e1vaj\u00ed odta\u017eit\u00e1 a magnetick\u00e1 a nab\u00edzej\u00ed ur\u010ditou m\u00edru samoty, kter\u00e1 je v modern\u00edm sv\u011bt\u011b vz\u00e1cn\u00e1.<\/p>\n<p>B\u011bhem jeden\u00e1cti stolet\u00ed se Island posunul od shrom\u00e1\u017ed\u011bn\u00ed n\u00e1\u010deln\u00edk\u016f k algoritmick\u00fdm inovac\u00edm. Jeho obyvatel\u00e9 odolali politick\u00e9mu \u00fatlaku, environment\u00e1ln\u00ed nejistot\u011b a ekonomick\u00e9 nejistot\u011b a vytvo\u0159ili si spole\u010dnost, kter\u00e1 si cen\u00ed kontinuity p\u0159ed pod\u00edvanou. Ostrov p\u0159etrv\u00e1v\u00e1 nikoli jako zachovan\u00e1 relikvie, ale jako m\u00edsto v neust\u00e1l\u00e9m v\u00fdvoji \u2013 jeho rozpukan\u00fd ter\u00e9n, vyv\u00edjej\u00edc\u00ed se kultura a soci\u00e1ln\u00ed kompaktn\u00ed uspo\u0159\u00e1d\u00e1n\u00ed sv\u011bd\u010d\u00ed o tich\u00e9 odolnosti, kter\u00e1 ho definuje.<\/p>","protected":false},"excerpt":{"rendered":"<p>Island, seversk\u00fd ostrovn\u00ed st\u00e1t le\u017e\u00edc\u00ed mezi severn\u00edm Atlantikem a Severn\u00edm ledov\u00fdm oce\u00e1nem, zauj\u00edm\u00e1 v\u00fdraznou polohu na St\u0159edoatlantick\u00e9m h\u0159ebeni, spojuj\u00edc\u00edm Severn\u00ed Ameriku a Evropu. S populac\u00ed kolem 380 000 obyvatel je nej\u0159id\u010deji obydlenou zem\u00ed v Evrop\u011b. Tato mimo\u0159\u00e1dn\u00e1 oblast ohn\u011b a ledu okouzluje dechberouc\u00edmi v\u00fdhledy, hlubok\u00fdm kulturn\u00edm d\u011bdictv\u00edm a vysp\u011blou spole\u010dnost\u00ed.<\/p>","protected":false},"author":1,"featured_media":5053,"parent":24078,"menu_order":0,"comment_status":"closed","ping_status":"closed","template":"elementor_theme","meta":{"_eb_attr":"","footnotes":""},"class_list":["post-11881","page","type-page","status-publish","has-post-thumbnail"],"_links":{"self":[{"href":"https:\/\/travelshelper.com\/cs\/wp-json\/wp\/v2\/pages\/11881","targetHints":{"allow":["GET"]}}],"collection":[{"href":"https:\/\/travelshelper.com\/cs\/wp-json\/wp\/v2\/pages"}],"about":[{"href":"https:\/\/travelshelper.com\/cs\/wp-json\/wp\/v2\/types\/page"}],"author":[{"embeddable":true,"href":"https:\/\/travelshelper.com\/cs\/wp-json\/wp\/v2\/users\/1"}],"replies":[{"embeddable":true,"href":"https:\/\/travelshelper.com\/cs\/wp-json\/wp\/v2\/comments?post=11881"}],"version-history":[{"count":0,"href":"https:\/\/travelshelper.com\/cs\/wp-json\/wp\/v2\/pages\/11881\/revisions"}],"up":[{"embeddable":true,"href":"https:\/\/travelshelper.com\/cs\/wp-json\/wp\/v2\/pages\/24078"}],"wp:featuredmedia":[{"embeddable":true,"href":"https:\/\/travelshelper.com\/cs\/wp-json\/wp\/v2\/media\/5053"}],"wp:attachment":[{"href":"https:\/\/travelshelper.com\/cs\/wp-json\/wp\/v2\/media?parent=11881"}],"curies":[{"name":"wp","href":"https:\/\/api.w.org\/{rel}","templated":true}]}}