{"id":11663,"date":"2024-09-13T15:44:11","date_gmt":"2024-09-13T15:44:11","guid":{"rendered":"https:\/\/travelshelper.com\/staging\/?page_id=11663"},"modified":"2026-03-12T16:03:56","modified_gmt":"2026-03-12T16:03:56","slug":"italy","status":"publish","type":"page","link":"https:\/\/travelshelper.com\/cs\/destinations\/europe\/italy\/","title":{"rendered":"It\u00e1lie"},"content":{"rendered":"<p>It\u00e1lie, kter\u00e1 se nach\u00e1z\u00ed v ji\u017en\u00ed a z\u00e1padn\u00ed Evrop\u011b, m\u00e1 t\u00e9m\u011b\u0159 60 milion\u016f obyvatel, co\u017e z n\u00ed \u010din\u00ed t\u0159et\u00ed nejlidnat\u011bj\u0161\u00ed \u010dlensk\u00fd st\u00e1t Evropsk\u00e9 unie. Tento poloostrov ve tvaru boty vy\u010dn\u00edv\u00e1 do St\u0159edozemn\u00edho mo\u0159e a jeho severn\u00ed hranici vymezuj\u00ed n\u00e1dhern\u00e9 Alpy. \u00dazem\u00ed n\u00e1roda zahrnuje n\u011bkolik ostrov\u016f, v\u010detn\u011b Sic\u00edlie a Sardinie. It\u00e1lie je s rozlohou 301 340 kilometr\u016f \u010dtvere\u010dn\u00edch des\u00e1tou nejv\u011bt\u0161\u00ed zem\u00ed v Evrop\u011b. Hrani\u010d\u00ed s Franci\u00ed, \u0160v\u00fdcarskem, Rakouskem a Slovinskem a zahrnuje dv\u011b suver\u00e9nn\u00ed enkl\u00e1vy: Vatik\u00e1n a San Marino. \u0158\u00edm, hlavn\u00ed a nejv\u011bt\u0161\u00ed m\u011bsto, je p\u0159\u00edkladem hlubok\u00e9 historie a kulturn\u00edho v\u00fdznamu n\u00e1roda. Dal\u0161\u00edmi v\u00fdznamn\u00fdmi m\u011bstsk\u00fdmi centry jsou Mil\u00e1n, Neapol, Tur\u00edn, Florencie a Ben\u00e1tky, z nich\u017e ka\u017ed\u00e1 posiluje rozmanitou italskou krajinu um\u011bn\u00ed, kultury a inovac\u00ed.<\/p>\n<p>Italsk\u00fd poloostrov slou\u017eil jako rodi\u0161t\u011b civilizace po celou dobu starov\u011bku, kde \u017eilo mnoho starov\u011bk\u00fdch n\u00e1rod\u016f a kultur. \u0158\u00edm, nejprve zalo\u017een\u00fd jako kr\u00e1lovstv\u00ed, se prom\u011bnil v impozantn\u00ed republiku, kter\u00e1 nakonec dominovala a spravovala st\u0159edomo\u0159skou oblast jako \u0159\u00ed\u0161i po cel\u00e1 stalet\u00ed. \u00c9ra \u0159\u00edmsk\u00e9 nadvl\u00e1dy hluboce ovlivnila z\u00e1padn\u00ed kulturu, formovala jazyk, pr\u00e1vo, architekturu a spr\u00e1vu v cel\u00e9 Evrop\u011b i mimo ni. S roz\u0161i\u0159ov\u00e1n\u00edm k\u0159es\u0165anstv\u00ed se \u0158\u00edm stal epicentrem katolick\u00e9 c\u00edrkve a pape\u017estv\u00ed, \u010d\u00edm\u017e se upevnil jeho v\u00fdznam v glob\u00e1ln\u00edch z\u00e1le\u017eitostech.<\/p>\n<p>\u00dapadek Z\u00e1pado\u0159\u00edmsk\u00e9 \u0159\u00ed\u0161e v ran\u00e9m st\u0159edov\u011bku zah\u00e1jil pro It\u00e1lii obdob\u00ed zna\u010dn\u00e9 transformace. Poloostrov m\u011bl vnit\u0159n\u00ed migraci od germ\u00e1nsk\u00fdch kmen\u016f, m\u011bnit jeho kulturn\u00ed a politick\u00e9 prost\u0159ed\u00ed. V 11. stolet\u00ed zaznamenala It\u00e1lie obrodu, kdy\u017e m\u011bstsk\u00e9 st\u00e1ty a n\u00e1mo\u0159n\u00ed republiky roz\u0161\u00ed\u0159ily svou moc. Toto obdob\u00ed bylo sv\u011bdkem vzniku modern\u00edho kapitalismu, kdy ital\u0161t\u00ed obchodn\u00edci a bank\u00e9\u0159i inovovali ekonomick\u00e9 syst\u00e9my, kter\u00e9 ovlivnily budoucnost sv\u011btov\u00e9ho obchodu.<\/p>\n<p>Italsk\u00e1 renesance, doba pozoruhodn\u00fdch kulturn\u00edch a intelektu\u00e1ln\u00edch \u00fasp\u011bch\u016f, vzkv\u00e9tala v pr\u016fb\u011bhu 15. a 16. stolet\u00ed. Tato vzkv\u00e9taj\u00edc\u00ed \u00e9ra um\u011bn\u00ed, literatury a v\u011bdeck\u00e9ho b\u00e1d\u00e1n\u00ed pronikla Evropou a v\u00fdznamn\u011b utv\u00e1\u0159ela v\u00fdvoj z\u00e1padn\u00ed civilizace. Ital\u0161t\u00ed pr\u016fzkumn\u00edci, jako Christopher Columbus a Amerigo Vespucci, byli n\u00e1pomocni v evropsk\u00e9m v\u011bku objev\u016f, zakl\u00e1dali nov\u00e9 obchodn\u00ed cesty na D\u00e1ln\u00fd v\u00fdchod a mapovali Ameriku. Tyto expedice nejen roz\u0161\u00ed\u0159ily geografick\u00e9 porozum\u011bn\u00ed, ale tak\u00e9 zah\u00e1jily novou epochu glob\u00e1ln\u00edho zapojen\u00ed a v\u00fdm\u011bny.<\/p>\n<p>Navzdory t\u011bmto \u00fasp\u011bch\u016fm p\u0159etrv\u00e1vala italsk\u00e1 politick\u00e1 krajina ve sv\u00e9 fragmentaci po cel\u00e1 desetilet\u00ed. Konkurence a neshody mezi m\u011bstsk\u00fdmi st\u00e1ty br\u00e1nily vytvo\u0159en\u00ed soudr\u017en\u00e9 zem\u011b, co\u017e vedlo k rozt\u0159\u00ed\u0161t\u011bn\u00e9mu poloostrovu n\u00e1chyln\u00e9mu k vn\u011bj\u0161\u00edmu vlivu. Absence jednoty m\u011bla zna\u010dn\u00e9 d\u016fsledky, proto\u017ee ekonomick\u00fd v\u00fdznam It\u00e1lie se v pr\u016fb\u011bhu 17. a 18. stolet\u00ed zmen\u0161il, zat\u00edmco ostatn\u00ed evropsk\u00e9 n\u00e1rody vystoupily na v\u00fdte\u010dnost.<\/p>\n<p>Italsk\u00fd sjednocovac\u00ed projekt, naz\u00fdvan\u00fd Risorgimento, se v 19. stolet\u00ed zrychlil. Po desetilet\u00edch politick\u00e9 a \u00fazemn\u00ed fragmentace dos\u00e1hla It\u00e1lie v roce 1861 t\u00e9m\u011b\u0159 \u00fapln\u00e9ho sjednocen\u00ed. Tento v\u00fdznamn\u00fd \u00fasp\u011bch vze\u0161el z boj\u016f za nez\u00e1vislost a proslul\u00e9 Expedice tis\u00edc\u016f, kterou \u0159\u00eddil Giuseppe Garibaldi. Nov\u011b vznikl\u00e9 Italsk\u00e9 kr\u00e1lovstv\u00ed m\u011blo p\u0159i snaze o n\u00e1rodn\u00ed identitu a ekonomickou modernizaci n\u011bkolik p\u0159ek\u00e1\u017eek.<\/p>\n<p>Mezi koncem 19. a za\u010d\u00e1tkem 20. stolet\u00ed do\u0161lo v It\u00e1lii k rychl\u00e9 industrializaci, zejm\u00e9na v severn\u00edch oblastech. Tento ekonomick\u00fd p\u0159echod v\u0161ak nebyl v cel\u00e9 zemi konzistentn\u00ed. Jih z\u016fstal p\u0159ev\u00e1\u017en\u011b opu\u0161t\u011bn\u00fd, co\u017e vedlo k podstatn\u00e9mu vnit\u0159n\u00edmu rozkolu a pob\u00edzen\u00ed k rozs\u00e1hl\u00e9 emigraci do Ameriky. Tento exodus by m\u011bl trval\u00e9 dopady jak na italskou kulturu, tak na n\u00e1rody, kter\u00e9 tyto p\u0159ist\u011bhovalce v\u00edtaly.<\/p>\n<p>\u00da\u010dast It\u00e1lie v mezin\u00e1rodn\u00edch bitv\u00e1ch ovlivnila jej\u00ed historii po cel\u00e9 20. stolet\u00ed. Od roku 1915 do roku 1918 se n\u00e1rod zapojil do prvn\u00ed sv\u011btov\u00e9 v\u00e1lky ve spojenectv\u00ed se zem\u011bmi dohody proti centr\u00e1ln\u00edm zem\u00edm. N\u00e1sledky v\u00e1lky vy\u00fastily v soci\u00e1ln\u00ed a politick\u00e9 ot\u0159esy, kter\u00e9 vedly k vytvo\u0159en\u00ed fa\u0161istick\u00e9 diktatury pod veden\u00edm Benita Mussoliniho v roce 1922. Tato diktatura spojovala It\u00e1lii s nacistick\u00fdm N\u011bmeckem b\u011bhem druh\u00e9 sv\u011btov\u00e9 v\u00e1lky, nejprve jako \u010dlen mocnost\u00ed Osy od roku 1940 do roku 1943. spolubojoval se spojenci b\u011bhem italsk\u00e9ho odporu a osvobozov\u00e1n\u00ed It\u00e1lie v letech 1943 a\u017e 1945.<\/p>\n<p>Pov\u00e1le\u010dn\u00e1 \u00e9ra byla pro It\u00e1lii z\u00e1sadn\u00edm mezn\u00edkem. Monarchie byla rozebr\u00e1na a v roce 1946 byla z\u0159\u00edzena republika. Bez ohledu na v\u00e1le\u010dn\u00e9 \u0161kody zaznamenala It\u00e1lie v\u00fdznamn\u00e9 hospod\u00e1\u0159sk\u00e9 o\u017eiven\u00ed, n\u011bkdy naz\u00fdvan\u00e9 \u201eitalsk\u00fd hospod\u00e1\u0159sk\u00fd z\u00e1zrak\u201c. Tato \u00e9ra expanze p\u0159em\u011bnila n\u00e1rod v sou\u010dasn\u00fd, industrializovan\u00fd st\u00e1t a zakl\u00e1daj\u00edc\u00edho \u010dlena Evropsk\u00e9ho hospod\u00e1\u0159sk\u00e9ho spole\u010denstv\u00ed, p\u0159edch\u016fdce Evropsk\u00e9 unie.<\/p>\n<p>V sou\u010dasnosti je It\u00e1lie vn\u00edm\u00e1na jako vysp\u011bl\u00e1 zem\u011b se zna\u010dn\u00fdm celosv\u011btov\u00fdm vlivem. M\u00e1 celosv\u011btov\u011b dev\u00e1t\u00fd nejv\u011bt\u0161\u00ed nomin\u00e1ln\u00ed HDP a s\u00eddl\u00ed zde druh\u00fd nejv\u011bt\u0161\u00ed pr\u016fmyslov\u00fd sektor v Evrop\u011b. N\u00e1rod v\u00fdznamn\u011b ovliv\u0148uje region\u00e1ln\u00ed a glob\u00e1ln\u00ed z\u00e1le\u017eitosti, \u00fa\u010dastn\u00ed se ekonomick\u00fdch, vojensk\u00fdch, kulturn\u00edch a diplomatick\u00fdch snah. It\u00e1lie, jako zakl\u00e1daj\u00edc\u00ed \u010dlen Evropsk\u00e9 unie, je hluboce propojena s politick\u00fdm a ekonomick\u00fdm r\u00e1mcem kontinentu. Aktivn\u011b se \u00fa\u010dastn\u00ed n\u011bkolika mezin\u00e1rodn\u00edch organizac\u00ed, v\u010detn\u011b NATO, G7 a G20, \u010d\u00edm\u017e demonstruje svou oddanost glob\u00e1ln\u00ed spolupr\u00e1ci a r\u016fstu.<\/p>","protected":false},"excerpt":{"rendered":"<p>It\u00e1lie, kter\u00e1 se nach\u00e1z\u00ed v ji\u017en\u00ed a z\u00e1padn\u00ed Evrop\u011b, m\u00e1 t\u00e9m\u011b\u0159 60 milion\u016f obyvatel, co\u017e z n\u00ed \u010din\u00ed t\u0159et\u00ed nejlidnat\u011bj\u0161\u00ed \u010dlensk\u00fd st\u00e1t Evropsk\u00e9 unie. Tento poloostrov ve tvaru boty vy\u010dn\u00edv\u00e1 do St\u0159edozemn\u00edho mo\u0159e a jeho severn\u00ed hranici vymezuj\u00ed n\u00e1dhern\u00e9 Alpy. \u00dazem\u00ed n\u00e1roda zahrnuje n\u011bkolik ostrov\u016f, v\u010detn\u011b Sic\u00edlie a Sardinie. It\u00e1lie je s rozlohou 301 340 kilometr\u016f \u010dtvere\u010dn\u00edch des\u00e1tou nejv\u011bt\u0161\u00ed zem\u00ed v Evrop\u011b. Hrani\u010d\u00ed s Franci\u00ed, \u0160v\u00fdcarskem, Rakouskem a Slovinskem a zahrnuje dv\u011b suver\u00e9nn\u00ed enkl\u00e1vy: Vatik\u00e1n a San Marino. \u0158\u00edm, hlavn\u00ed a nejv\u011bt\u0161\u00ed m\u011bsto, je p\u0159\u00edkladem hlubok\u00e9 historie a kulturn\u00edho v\u00fdznamu n\u00e1roda. Dal\u0161\u00edmi v\u00fdznamn\u00fdmi m\u011bstsk\u00fdmi centry jsou Mil\u00e1n, Neapol, Tur\u00edn, Florencie a Ben\u00e1tky, z nich\u017e ka\u017ed\u00e1 posiluje rozmanitou italskou krajinu um\u011bn\u00ed, kultury a inovac\u00ed.<\/p>","protected":false},"author":1,"featured_media":2856,"parent":24078,"menu_order":0,"comment_status":"closed","ping_status":"closed","template":"elementor_theme","meta":{"_eb_attr":"","footnotes":""},"class_list":["post-11663","page","type-page","status-publish","has-post-thumbnail"],"_links":{"self":[{"href":"https:\/\/travelshelper.com\/cs\/wp-json\/wp\/v2\/pages\/11663","targetHints":{"allow":["GET"]}}],"collection":[{"href":"https:\/\/travelshelper.com\/cs\/wp-json\/wp\/v2\/pages"}],"about":[{"href":"https:\/\/travelshelper.com\/cs\/wp-json\/wp\/v2\/types\/page"}],"author":[{"embeddable":true,"href":"https:\/\/travelshelper.com\/cs\/wp-json\/wp\/v2\/users\/1"}],"replies":[{"embeddable":true,"href":"https:\/\/travelshelper.com\/cs\/wp-json\/wp\/v2\/comments?post=11663"}],"version-history":[{"count":0,"href":"https:\/\/travelshelper.com\/cs\/wp-json\/wp\/v2\/pages\/11663\/revisions"}],"up":[{"embeddable":true,"href":"https:\/\/travelshelper.com\/cs\/wp-json\/wp\/v2\/pages\/24078"}],"wp:featuredmedia":[{"embeddable":true,"href":"https:\/\/travelshelper.com\/cs\/wp-json\/wp\/v2\/media\/2856"}],"wp:attachment":[{"href":"https:\/\/travelshelper.com\/cs\/wp-json\/wp\/v2\/media?parent=11663"}],"curies":[{"name":"wp","href":"https:\/\/api.w.org\/{rel}","templated":true}]}}