{"id":11657,"date":"2024-09-13T15:30:46","date_gmt":"2024-09-13T15:30:46","guid":{"rendered":"https:\/\/travelshelper.com\/staging\/?page_id=11657"},"modified":"2026-03-12T16:14:43","modified_gmt":"2026-03-12T16:14:43","slug":"cork","status":"publish","type":"page","link":"https:\/\/travelshelper.com\/cs\/destinations\/europe\/ireland\/cork\/","title":{"rendered":"Korek"},"content":{"rendered":"<p>Cork, \u201erebelsk\u00e9 m\u011bsto\u201c, je druh\u00e9 nejv\u011bt\u0161\u00ed m\u011bsto Irska, kde podle s\u010d\u00edt\u00e1n\u00ed lidu z roku 2022 \u017eije 224 004 obyvatel a rozkl\u00e1d\u00e1 se na plo\u0161e p\u0159ibli\u017en\u011b 37 kilometr\u016f \u010dtvere\u010dn\u00edch na ostrov\u011b tvo\u0159en\u00e9m dv\u011bma kan\u00e1ly \u0159eky Lee. Nach\u00e1z\u00ed se v jihoz\u00e1padn\u00edm Irsku jako okresn\u00ed m\u011bsto hrabstv\u00ed Cork a disponuje jedn\u00edm z nejv\u011bt\u0161\u00edch p\u0159\u00edrodn\u00edch p\u0159\u00edstav\u016f na sv\u011bt\u011b, jeho\u017e n\u00e1b\u0159e\u017e\u00ed a doky \u00fast\u00ed na v\u00fdchod do jezera Lough Mahon a p\u0159\u00edstavu Cork Harbour.<\/p>\n<p>Osada, kter\u00e1 se pozd\u011bji stala Corkem \u2013 v ir\u0161tin\u011b zn\u00e1m\u00fd jako Corcaigh, \u201eba\u017eina\u201c \u2013 byla zalo\u017eena v \u0161est\u00e9m stolet\u00ed kolem kl\u00e1\u0161tera zalo\u017een\u00e9ho svat\u00fdm Fin Barrem a vd\u011b\u010d\u00ed za sv\u016fj p\u016fvod \u00farodn\u00e9 a splavn\u00e9 delt\u011b \u0159eky Lee. Viking\u0161t\u00ed \u00fato\u010dn\u00edci m\u011bsto roz\u0161\u00ed\u0159ili kolem roku 915 n. l. a v roce 1185 princ Jan ud\u011blil Corku jeho chartu, \u010d\u00edm\u017e jej pov\u00fd\u0161il na m\u011bsto pod angevinskou korunou. Pln\u011b obezd\u011bn\u00e9 st\u0159edov\u011bk\u00e9 j\u00e1dro se rozrostlo a vyplnilo \u00fazk\u00fd ostrov mezi kan\u00e1ly \u0159eky Lee, z nich\u017e n\u011bkolik bylo pozd\u011bji zasyp\u00e1no a vytvo\u0159ilo dne\u0161n\u00ed ulici St. Patrick&#039;s Street, South Mall a Grand Parade. Zb\u00fdvaj\u00edc\u00ed kan\u00e1ly st\u00e1le obklopuj\u00ed centrum m\u011bsta, jeho\u017e \u0161\u00edpovit\u00fd obrys sv\u011bd\u010d\u00ed o jeho \u0159\u00ed\u010dn\u00ed minulosti.<\/p>\n<p>V sedmn\u00e1ct\u00e9m stolet\u00ed Cork vzkv\u00e9tal d\u00edky n\u00e1mo\u0159n\u00edmu obchodu, a\u010dkoli rostouc\u00ed velikost lod\u00ed tla\u010dila p\u0159\u00edstavn\u00ed aktivitu po proudu do Cobhu. Na vyv\u00fd\u0161en\u00e9m m\u00edst\u011b severn\u00edho b\u0159ehu se ty\u010dila prosperuj\u00edc\u00ed p\u0159edm\u011bst\u00ed, jako nap\u0159\u00edklad Sunday&#039;s Well a Montenotte, zat\u00edmco na ji\u017en\u00edm b\u0159ehu se formoval univerzitn\u00ed kampus z devaten\u00e1ct\u00e9ho stolet\u00ed \u2013 University College Cork. St\u0159edov\u011bk\u00e9 hradby m\u011bsta se dochovaly pouze ve fragmentech kolem hlavn\u00edch ulic North a South, p\u0159esto pov\u011bdom\u00ed o d\u011bdictv\u00ed p\u0159etrv\u00e1v\u00e1 v pam\u00e1tk\u00e1ch, jako je \u010cerven\u00e9 opatstv\u00ed, jedin\u00fd poz\u016fstatek st\u0159edov\u011bk\u00e9ho kostela, a dv\u011b katedr\u00e1ly Panny Marie (severn\u00ed katedr\u00e1la byla zah\u00e1jena v roce 1808, v\u011b\u017e byla p\u0159istav\u011bna v 60. letech 19. stolet\u00ed) a Saint Fin Barre&#039;s (postavena v letech 1862\u20131879 na d\u0159\u00edv\u011bj\u0161\u00edch z\u00e1kladech podle n\u00e1vrh\u016f Williama Burgese).<\/p>\n<p>Cork si d\u00edky sv\u00fdm politick\u00fdm sklon\u016fm vyslou\u017eil p\u0159\u00edzvisko \u201eRebelsk\u00e9 m\u011bsto\u201c kv\u016fli sv\u00fdm sympati\u00edm k Yorksist\u016fm b\u011bhem V\u00e1lky r\u016f\u017e\u00ed a pozd\u011bji kv\u016fli odporu k anglo-irsk\u00e9 smlouv\u011b v ob\u010dansk\u00e9 v\u00e1lce. To vedlo k popul\u00e1rn\u00edm odkaz\u016fm na \u201eskute\u010dn\u00e9 hlavn\u00ed m\u011bsto\u201c a fiktivn\u00ed \u201eLidovou republiku Cork\u201c prost\u0159ednictv\u00edm m\u00edstn\u00edho pouli\u010dn\u00edho um\u011bn\u00ed a tri\u010dek. Jeho nez\u00e1visl\u00fd duch je doprov\u00e1zen hrdost\u00ed na charakteristick\u00e9 m\u00edstn\u00ed tradice j\u00eddla \u2013 crubeeny, dr\u0161\u0165ky a drisheen, kter\u00e9 se kdysi pod\u00e1valy v restaurac\u00edch z poloviny dvac\u00e1t\u00e9ho stolet\u00ed, jako byla ta Katty Barryov\u00e9 \u2013 a na stolet\u00fd Anglick\u00fd trh, jeho\u017e kryt\u00e9 st\u00e1nky s rybami, masem, produkty a \u0159emesln\u00fdmi s\u00fdry evokuj\u00ed identitu Corku jako historick\u00e9ho obchodn\u00edho p\u0159\u00edstavu. V posledn\u00ed dob\u011b se dokov\u00e9 sklady znovuzrodily jako Marina Market (otev\u0159en v z\u00e1\u0159\u00ed 2020) a v Ballintemple Black Market (z\u00e1\u0159\u00ed 2021), oba kryt\u00e9 s\u00e1ly s j\u00eddlem, kde se m\u00eds\u00ed m\u00edstn\u00ed prodejci s \u017eiv\u00fdmi akcemi.<\/p>\n<p>Oce\u00e1nsk\u00e9 klima m\u011bsta se vyzna\u010duje m\u00edrn\u00fdmi teplotami, vydatn\u00fdmi sr\u00e1\u017ekami a prom\u011bnlivost\u00ed typickou pro irsk\u00e9 klima K\u00f6ppen Cfb. P\u0159evl\u00e1d\u00e1 zde z\u00f3na odolnosti 9b; mr\u00e1z nebo sn\u00edh jsou v n\u00edzko polo\u017een\u00e9m st\u0159edu ostrova vz\u00e1cn\u00e9. Klimatologick\u00e1 stanice leti\u0161t\u011b Cork, kter\u00e1 se nach\u00e1z\u00ed v nadmo\u0159sk\u00e9 v\u00fd\u0161ce 153 m, n\u011bkolik kilometr\u016f ji\u017en\u011b od j\u00e1dra, zaznamen\u00e1v\u00e1 pr\u016fm\u011brn\u00e9 ro\u010dn\u00ed sr\u00e1\u017eky 1 239 mm, 218 de\u0161tiv\u00fdch dn\u016f (nad 0,2 mm), z nich\u017e 80 p\u0159esahuje 5 mm, spolu s 6,5 dny krupobit\u00ed a 9,5 dny sn\u011bhu nebo pl\u00edskanice (sn\u00edh le\u017e\u00ed pouh\u00e9 dva dny). Mlha pokr\u00fdv\u00e1 m\u011bsto p\u0159ibli\u017en\u011b 97,8 r\u00e1n ro\u010dn\u011b, p\u0159ev\u00e1\u017en\u011b v zim\u011b, p\u0159esto se Cork tak\u00e9 \u0159ad\u00ed mezi nejslunn\u011bj\u0161\u00ed irsk\u00e1 m\u011bsta s pr\u016fm\u011brn\u011b v\u00edce ne\u017e \u010dty\u0159mi hodinami slune\u010dn\u00edho svitu denn\u011b a pouze 63,7 dny bez slunce, zejm\u00e9na v polovin\u011b zimy. Ob\u010dasn\u00e9 z\u00e1plavy pod\u00e9l \u0159eky Lee podtrhuj\u00ed bl\u00edzk\u00fd vztah m\u011bsta k jeho vodn\u00edm tok\u016fm.<\/p>\n<p>Kulturn\u00ed \u017eivot v Corku pulzuje kreativitou. Cork School of Music a Crawford College of Art and Design spolu s divadeln\u00edmi slo\u017ekami UCC vytv\u00e1\u0159ej\u00ed pulzuj\u00edc\u00ed um\u011bleck\u00fd ekosyst\u00e9m. Divadeln\u00ed spole\u010dnost Corcadorca Theatre Company \u2013 kdysi domov Cilliana Murphyho \u2013 sd\u00edl\u00ed prostor s N\u00e1rodn\u00edm institutem pro choreografii a tanec; s komorn\u00edm Triskel Arts Centre a jeho nez\u00e1visl\u00fdm kinem; s tane\u010dn\u00edm s\u00e1lem Firkin Crane; a s v\u00fdukou na Cork Academy of Dramatic Art, Montfort College of Performing Arts a Graffiti Theatre Company. Ka\u017edoro\u010dn\u00ed festivaly \u2013 Cork Jazz Festival, Cork Film Festival a Live at the Marquee \u2013 p\u0159itahuj\u00ed mezin\u00e1rodn\u00ed publikum, zat\u00edmco Everyman Palace Theatre a Granary Theatre nab\u00edzej\u00ed celoro\u010dn\u00ed reperto\u00e1r.<\/p>\n<p>Hudebn\u00ed s\u00e1ly maj\u00ed kapacitu od pades\u00e1ti do tis\u00edce m\u00edst: Cork Opera House, The Everyman, Cork Arts Theatre, Cyprus Avenue, Dali, Triskel Christchurch, The Roundy a Coughlan&#039;s. Mezi dom\u00e1c\u00ed talenty pat\u0159\u00ed RT\u00c9 Vanbrugh Quartet, rockov\u00e9 hv\u011bzdy John Spillane a Rory Gallagher, z\u00e1sadn\u00ed kapely Five Go Down to the Sea?, Microdisney, The Frank and Walters, Sultans of Ping a Simple Kid, stejn\u011b jako opern\u00ed p\u011bvci Cara O&#039;Sullivan, Mary Hegarty, Brendan Collins a Sam McElroy. Liter\u00e1rn\u00ed kruhy se shlukuj\u00ed kolem Munster Literature Centre a Triskel Arts Centre, kter\u00e9 ct\u00ed rod\u00e1ky z Corku Franka O&#039;Connora a Se\u00e1na \u00d3 Faol\u00e1ina a udr\u017euj\u00ed hlasy jako Thomas McCarthy, Gerry Murphy a William Wall.<\/p>\n<p>Investice do kulturn\u00ed infrastruktury prom\u011bnily m\u011bsto: modern\u00ed roz\u0161\u00ed\u0159en\u00ed M\u011bstsk\u00e9 um\u011bleck\u00e9 galerie Crawford, renovace Opery z po\u010d\u00e1tku 21. stolet\u00ed, Galerie Lewise Glucksmana v UCC otev\u0159en\u00e1 v roce 2004 \u2013 kter\u00e1 se dostala do u\u017e\u0161\u00edho v\u00fdb\u011bru na britskou Stirlingovu cenu \u2013 a dokon\u010den\u00ed budovy Hudebn\u00ed \u0161koly v hodnot\u011b 60 milion\u016f eur v z\u00e1\u0159\u00ed 2007. V\u00fdb\u011br Corku Evropsk\u00fdm hlavn\u00edm m\u011bstem kultury v roce 2005 a jeho za\u0159azen\u00ed do \u017eeb\u0159\u00ed\u010dku Lonely Planet&#039;s Best in Travel 2010 \u2013 oslavovan\u00e9ho jako \u201esofistikovan\u00e9, \u017eiv\u00e9 a rozmanit\u00e9\u201c \u2013 sv\u011bd\u010d\u00ed o jeho glob\u00e1ln\u00edm v\u00fdznamu.<\/p>\n<p>Architektonick\u00e9 d\u011bdictv\u00ed propojuje epoch\u00e1ln\u00ed obdob\u00ed. Ulice svat\u00e9ho Patrika \u2013 kdysi kan\u00e1l Lee \u2013 se vine pod ark\u00e1dami a p\u011b\u0161\u00edmi z\u00f3nami a jej\u00ed severn\u00ed konec je ozna\u010den sochou otce Matthewa. Na ulici Olivera Plunketta stoj\u00ed Hlavn\u00ed po\u0161ta s v\u00e1pencovou fas\u00e1dou, kter\u00e1 se nach\u00e1z\u00ed na m\u00edst\u011b Kr\u00e1lovsk\u00e9ho divadla z roku 1760, kter\u00e9 Pablo Fanque v roce 1850 p\u0159estav\u011bl na amfite\u00e1tr, ne\u017e se v roce 1877 stalo sou\u010dasnou Hlavn\u00ed po\u0161tovn\u00ed kancel\u00e1\u0159\u00ed (GPO). Grand Parade, stromy lemovan\u00e1 alej s kancel\u00e1\u0159emi a finan\u010dn\u00edmi institucemi, kontrastuje s georgi\u00e1nsk\u00fdmi bankovn\u00edmi interi\u00e9ry star\u0161\u00edho South Mall, v\u010detn\u011b sm\u011bn\u00e1rny Allied Irish Bank z 60. let 19. stolet\u00ed. Modern\u00ed panorama m\u011bsta je definov\u00e1no County Hall \u2013 kdysi nejvy\u0161\u0161\u00ed budovou Irska, dokud ji nep\u0159ekonal nedalek\u00fd Elysian \u2013 a rozmarnou bronzovou sochou \u201eCha a Miah\u201c. Na druh\u00e9 stran\u011b Lee se viktori\u00e1nsk\u00e1 psychiatrick\u00e1 l\u00e9\u010debna Panny Marie znovu zrodila jako rezidence Atkins Hall.<\/p>\n<p>Severn\u00ed stran\u011b dominuje v\u011b\u017e kostela sv. Anny v Shandonu \u2013 jej\u00ed\u017e fas\u00e1dy jsou z \u010derven\u00e9ho p\u00edskovce a b\u00edl\u00e9ho v\u00e1pence, zakon\u010den\u00e9 \u010dty\u0159metrovou korouhvi\u010dkou s losos\u00edm vzorem \u2013 a je symbolem m\u011bsta. Nedaleko se nach\u00e1z\u00ed Skiddy&#039;s Almshouse, kter\u00fd p\u0159ipom\u00edn\u00e1 filantropii osmn\u00e1ct\u00e9ho stolet\u00ed. Radnice v Corku, postaven\u00e1 ve 30. letech 20. stolet\u00ed jako gesto usm\u00ed\u0159en\u00ed britsk\u00e9 vl\u00e1dy po akci \u201eBurning of Cork\u201c p\u0159\u00edslu\u0161n\u00edky hnut\u00ed Black and Tans v roce 1920, nahradila budovu zni\u010denou b\u011bhem v\u00e1lky za nez\u00e1vislost. M\u011bstsk\u00e1 architektura pokra\u010duje v podob\u011b soudn\u00ed budovy na Washington Street a pevnosti Elizabeth Fort, zat\u00edmco kulturn\u00ed pam\u00e1tky se hojn\u011b vyskytuj\u00ed v kostele Christ Church (nyn\u00ed Triskel Arts Centre), dominik\u00e1nsk\u00e9m kostele sv. Marie, n\u00e1b\u0159e\u017en\u00edch n\u00e1dvo\u0159\u00edch UCC, b\u00fdval\u00e9m \u017eensk\u00e9m v\u011bzen\u00ed v Sunday&#039;s Well a historick\u00e9m English Marketu z roku 1786 (jeho po\u010d\u00e1tky sahaj\u00ed a\u017e do roku 1610).<\/p>\n<p>Zelen\u00e9 plochy obohacuj\u00ed m\u011bstsk\u00fd \u017eivot: z\u00e1padn\u011b od centra se nach\u00e1z\u00ed Fitzgerald\u016fv park, kde se nach\u00e1z\u00ed Ve\u0159ejn\u00e9 muzeum v Corku; v parku Bishop Lucey je zachov\u00e1na \u010d\u00e1st st\u0159edov\u011bk\u00e9 hradby; ryb\u00e1\u0159sk\u00e9 jezero zn\u00e1m\u00e9 jako The Lough a koridory Marina and Atlantic Pond na okraji Blackrocku podporuj\u00ed b\u011b\u017ece, vesla\u0159e a cyklisty. Od roku 2012 m\u011bsto vybudovalo do sv\u00fdch ulic vrstven\u00e9 cyklostezky a stojany na kola a v roce 2014 spustila organizace An Rothar Nua syst\u00e9m ve\u0159ejn\u00e9 p\u016fj\u010dovny 330 j\u00edzdn\u00edch kol na 31 dokovac\u00edch stanic\u00edch.<\/p>\n<p>Corksk\u00e1 pivovarnick\u00e1 tradice p\u0159etrv\u00e1v\u00e1 i p\u0159es uzav\u0159en\u00ed pivovaru Beamish &amp; Crawford v roce 2009, jeho\u017e provoz se p\u0159esunul do Murphy&#039;s v Lady&#039;s Well (nyn\u00ed va\u0159\u00ed i Heineken v tuzemsku). Pivovar Franciscan Well, zalo\u017een\u00fd v roce 1998 a pozd\u011bji p\u0159evzat\u00fd spole\u010dnost\u00ed Coors, pokra\u010duje v \u0159emesln\u00e9 v\u00fdrob\u011b.<\/p>\n<p>Dopravn\u00ed spojen\u00ed spojuje Cork s Irskem a d\u00e1le. Leti\u0161t\u011b Cork, druh\u00e9 nejru\u0161n\u011bj\u0161\u00ed v zemi, le\u017e\u00ed ji\u017en\u011b od m\u011bsta a nab\u00edz\u00ed lety do v\u00edce ne\u017e \u010dty\u0159iceti p\u011bti evropsk\u00fdch destinac\u00ed. Autobusov\u00e9 linky \u00c9ireann City (linky 201\u2013226) spojuj\u00ed centrum s p\u0159edm\u011bst\u00edmi, n\u00e1kupn\u00edmi centry a univerzitn\u00edmi kampusy, zat\u00edmco dv\u011b okru\u017en\u00ed trasy vedou na sever a na jih. Od ledna 2019 linka 220 zaji\u0161\u0165uje prvn\u00ed irsk\u00fd autobus s nep\u0159etr\u017eit\u00fdm provozem, spojuje Ballincollig a Carrigaline ka\u017edou hodinu mezi 1:30 a 5:30 a po\u010det cestuj\u00edc\u00edch se v prvn\u00edm roce zv\u00fd\u0161il o 70 procent. V \u0159\u00edjnu 2022 zah\u00e1jil N\u00e1rodn\u00ed dopravn\u00ed \u00fa\u0159ad ve\u0159ejn\u00e9 konzultace o BusConnects pro Cork a v r\u00e1mci t\u0159et\u00edho kola konzultac\u00ed v listopadu 2023 navrhl tucet koridor\u016f, autobusov\u00fdch bran, roz\u0161\u00ed\u0159en\u00e9 autobusov\u00e9 pruhy a pl\u00e1novan\u00fd p\u0159estupn\u00ed ustav u Univerzitn\u00ed nemocnice v Corku. D\u00e1lkov\u00e9 autobusy odj\u00ed\u017ed\u011bj\u00ed z Parnell Place do Killarney, Waterfordu, Athlone, na leti\u0161t\u011b Shannon, do Limericku, Galway a Dublinu, dopln\u011bn\u00e9 soukrom\u00fdmi dopravci Irish Citylink, Aircoach a Dublin Coach.<\/p>\n<p>Mezi n\u00e1mo\u0159n\u00ed slu\u017eby pat\u0159\u00ed trajekt Cross River Ferry mezi Rushbrooke a Passage West, kter\u00fd usnad\u0148uje doj\u00ed\u017ed\u011bj\u00edc\u00ed dopravu pod tunelem Jack Lynch, a automobilov\u00e1 doprava spole\u010dnosti Brittany Ferries z Ringaskiddy do Roscoffu ve Francii p\u0159es p\u0159\u00edstav Cork \u0161estn\u00e1ct kilometr\u016f jihov\u00fdchodn\u011b od centra. Vedle d\u00e1lnice M8 do Dublinu prob\u00edhaj\u00ed od 80. let 20. stolet\u00ed vylep\u0161en\u00ed silnic \u2013 Cork South Link, dvouproudov\u00e1 silnice South Ring, tunel Jack Lynch, estak\u00e1da Kinsale Road (2006), obchvaty N20 a rekonstrukce Patrick Street zam\u011b\u0159en\u00e1 na p\u011b\u0161\u00ed z\u00f3nu.<\/p>\n<p>\u017deleznice kdysi definovaly dopravn\u00ed strukturu Corku s osmi stanicemi, kter\u00e9 obsluhovaly m\u00edstn\u00ed a region\u00e1ln\u00ed linky. Dnes je stanice Kent uzlem pro hodinov\u00e9 odjezdy z Dublinu spole\u010dnosti Irish Rail a linky InterCity do Killarney, Tralee, Limericku, Ennisu a Galway, zat\u00edmco stanice Little Island a Glounthaune slou\u017e\u00ed p\u0159\u00edm\u011bstsk\u00fdm cestuj\u00edc\u00edm a znovuotev\u0159en\u00e9 trati Glounthaune\u2013Midleton (2009). Historick\u00e9 tramvaje \u2013 v roce 1872 ko\u0148sk\u00e9 a od roku 1898 do roku 1931 elektrick\u00e9 \u2013 ustoupily modern\u00edm kolej\u00edm.<\/p>\n<p>Po\u010det obyvatel Corku vzrostl z 208 669 p\u0159i s\u010d\u00edt\u00e1n\u00ed lidu v roce 2016 na 224 004 v roce 2022 po roz\u0161\u00ed\u0159en\u00ed hranic, kter\u00e9 p\u0159ivedlo m\u011bsta jako Blarney do m\u011bstsk\u00fdch hranic. Metropolitn\u00ed Cork nyn\u00ed m\u00e1 p\u0159es 300 000 obyvatel. Soci\u00e1ln\u00ed strukturu obohacuje \u0159ada imigrantsk\u00fdch komunit: Pol\u00e1ci, Britov\u00e9, Litevci, Francouzi, N\u011bmci, Indov\u00e9, Nigerijci, Ma\u010fa\u0159i, Slov\u00e1ci a \u0160pan\u011bl\u00e9, ti v\u0161ichni p\u0159isp\u00edvaj\u00ed ke kosmopolitn\u00edmu charakteru m\u011bsta. \u017deny nepatrn\u011b p\u0159evy\u0161uj\u00ed po\u010det mu\u017e\u016f, co\u017e odr\u00e1\u017e\u00ed n\u00e1rodn\u00ed trendy, ale s men\u0161\u00edm rozd\u00edlem.<\/p>\n<p>Pod svou pov\u011bst\u00ed \u201erebelsk\u00e9ho m\u011bsta\u201c z\u016fst\u00e1v\u00e1 Cork bohat\u011b vrstevnatou m\u011bstskou tapiseri\u00ed \u2013 z\u00e1rove\u0148 st\u0159edov\u011bk\u00fdm kl\u00e1\u0161terem, vikingskou pevnost\u00ed, georgi\u00e1nsk\u00fdm obchodn\u00edm p\u0159\u00edstavem a modern\u00edm evropsk\u00fdm kulturn\u00edm centrem \u2013 jeho\u017e \u0159\u00ed\u010dn\u00ed ostrovn\u00ed j\u00e1dro a proslul\u00e9 n\u00e1b\u0159e\u017e\u00ed nad\u00e1le utv\u00e1\u0159ej\u00ed \u017eivouc\u00ed m\u011bsto, kter\u00e9 hled\u00ed do sv\u011bta, i kdy\u017e si v\u00e1\u017e\u00ed sv\u00e9ho siln\u011b nez\u00e1visl\u00e9ho d\u011bdictv\u00ed.<\/p>","protected":false},"excerpt":{"rendered":"<p>Cork je druh\u00e9 nejv\u011bt\u0161\u00ed m\u011bsto v Irsku a spr\u00e1vn\u00ed centrum hrabstv\u00ed Cork s 224 004 obyvateli podle s\u010d\u00edt\u00e1n\u00ed lidu z roku 2022. Toto dynamick\u00e9 metropolitn\u00ed centrum, kter\u00e9 se nach\u00e1z\u00ed v provincii Munster, je t\u0159et\u00edm nejv\u011bt\u0161\u00edm m\u011bstem na ostrov\u011b Irska. V\u00fdraznou topografii m\u011bsta charakterizuje jeho j\u00e1dro, kter\u00e9 se nach\u00e1z\u00ed na ostrov\u011b vytvo\u0159en\u00e9m dv\u011bma kan\u00e1ly \u0159eky Lee. Tyto kan\u00e1ly se setk\u00e1vaj\u00ed na v\u00fdchodn\u00edm konci m\u011bsta, kde se rozs\u00e1hl\u00e1 s\u00ed\u0165 n\u00e1b\u0159e\u017e\u00ed a dok\u016f t\u00e1hne do Lough Mahon a Cork Harbour, uzn\u00e1van\u00fdch jako jeden z nejv\u011bt\u0161\u00edch p\u0159\u00edrodn\u00edch p\u0159\u00edstav\u016f na sv\u011bt\u011b.<\/p>","protected":false},"author":1,"featured_media":3992,"parent":11622,"menu_order":0,"comment_status":"closed","ping_status":"closed","template":"elementor_theme","meta":{"_eb_attr":"","footnotes":""},"class_list":["post-11657","page","type-page","status-publish","has-post-thumbnail"],"_links":{"self":[{"href":"https:\/\/travelshelper.com\/cs\/wp-json\/wp\/v2\/pages\/11657","targetHints":{"allow":["GET"]}}],"collection":[{"href":"https:\/\/travelshelper.com\/cs\/wp-json\/wp\/v2\/pages"}],"about":[{"href":"https:\/\/travelshelper.com\/cs\/wp-json\/wp\/v2\/types\/page"}],"author":[{"embeddable":true,"href":"https:\/\/travelshelper.com\/cs\/wp-json\/wp\/v2\/users\/1"}],"replies":[{"embeddable":true,"href":"https:\/\/travelshelper.com\/cs\/wp-json\/wp\/v2\/comments?post=11657"}],"version-history":[{"count":0,"href":"https:\/\/travelshelper.com\/cs\/wp-json\/wp\/v2\/pages\/11657\/revisions"}],"up":[{"embeddable":true,"href":"https:\/\/travelshelper.com\/cs\/wp-json\/wp\/v2\/pages\/11622"}],"wp:featuredmedia":[{"embeddable":true,"href":"https:\/\/travelshelper.com\/cs\/wp-json\/wp\/v2\/media\/3992"}],"wp:attachment":[{"href":"https:\/\/travelshelper.com\/cs\/wp-json\/wp\/v2\/media?parent=11657"}],"curies":[{"name":"wp","href":"https:\/\/api.w.org\/{rel}","templated":true}]}}