{"id":11622,"date":"2024-09-13T14:30:05","date_gmt":"2024-09-13T14:30:05","guid":{"rendered":"https:\/\/travelshelper.com\/staging\/?page_id=11622"},"modified":"2026-03-12T16:14:57","modified_gmt":"2026-03-12T16:14:57","slug":"irsko","status":"publish","type":"page","link":"https:\/\/travelshelper.com\/cs\/destinations\/europe\/ireland\/","title":{"rendered":"Irsko"},"content":{"rendered":"<p>Irsko je ostrov s n\u011bco m\u00e1lo p\u0159es sedm milion\u016f obyvatel, kter\u00fd zab\u00edr\u00e1 84 421 kilometr\u016f \u010dtvere\u010dn\u00edch na severoz\u00e1padn\u00edm okraji Evropy. Od Velk\u00e9 Brit\u00e1nie je odd\u011blen Severn\u00edm pr\u016flivem, Irsk\u00fdm mo\u0159em a pr\u016flivem svat\u00e9ho Ji\u0159\u00ed, tak\u017ee je druh\u00fdm nejv\u011bt\u0161\u00edm z Britsk\u00fdch ostrov\u016f, t\u0159et\u00edm nejv\u011bt\u0161\u00edm v Evrop\u011b a dvac\u00e1t\u00fdm nejv\u011bt\u0161\u00edm na sv\u011bt\u011b. Geopoliticky tvo\u0159\u00ed p\u011bt \u0161estin ostrova suver\u00e9nn\u00ed Irsk\u00e1 republika, zat\u00edmco zb\u00fdvaj\u00edc\u00ed \u0161estinu tvo\u0159\u00ed Severn\u00ed Irsko, kter\u00e9 je sou\u010d\u00e1st\u00ed Spojen\u00e9ho kr\u00e1lovstv\u00ed.<\/p>\n<p>Irsk\u00fd ter\u00e9n je definov\u00e1n n\u00edzko polo\u017een\u00fdmi horami tvo\u0159\u00edc\u00edmi prstenec kolem centr\u00e1ln\u00ed roviny, kde se \u0159eka Shannon \u2013 s d\u00e9lkou 360,5 kilometru nejdel\u0161\u00ed na ostrov\u011b \u2013 vine od pramene v hrabstv\u00ed Cavan k \u00fast\u00ed pobl\u00ed\u017e Limericku. Nejvy\u0161\u0161\u00ed vrchol, Carrauntoohil v hrabstv\u00ed Kerry, se ty\u010d\u00ed do v\u00fd\u0161ky 1 039 metr\u016f nad mo\u0159em. M\u00edrn\u00e9 oce\u00e1nsk\u00e9 klima, zm\u00edr\u0148ovan\u00e9 vlhk\u00fdmi atlantsk\u00fdmi v\u011btry, udr\u017euje bujn\u00e9 travn\u00ed porosty, kter\u00e9 zemi vynesly p\u0159ezd\u00edvku \u201eSmaragdov\u00fd ostrov\u201c. Zimy jsou v zem\u011bpisn\u00fdch \u0161\u00ed\u0159k\u00e1ch mezi 51\u00b0 a 56\u00b0 severn\u00ed \u0161\u00ed\u0159ky m\u00edrn\u011bj\u0161\u00ed, ne\u017e by se dalo o\u010dek\u00e1vat, i kdy\u017e l\u00e9ta z\u016fst\u00e1vaj\u00ed chladn\u011bj\u0161\u00ed ne\u017e v kontinent\u00e1ln\u00ed Evrop\u011b; p\u0159evl\u00e1daj\u00ed sr\u00e1\u017eky a obla\u010dnost, p\u0159i\u010dem\u017e z\u00e1padn\u00ed oblasti nesou hlavn\u00ed t\u00edhu atlantsk\u00fdch bou\u0159\u00ed, ob\u010dasn\u00e9ho sn\u011bhu, krupobit\u00ed a blesk\u016f, zat\u00edmco v\u00fdchod t\u00edhne k slab\u0161\u00edm sr\u00e1\u017ek\u00e1m.<\/p>\n<p>D\u016fkazy o lidsk\u00e9m os\u00eddlen\u00ed sahaj\u00ed v\u00edce ne\u017e dev\u011bt tis\u00edcilet\u00ed zp\u011bt. V prvn\u00edm stolet\u00ed na\u0161eho letopo\u010dtu se galsk\u00fd spole\u010densk\u00fd \u0159\u00e1d vykrystalizoval, zorganizoval se do \u010detn\u00fdch drobn\u00fdch kr\u00e1lovstv\u00ed pod veden\u00edm provin\u010dn\u00edch kr\u00e1l\u016f, z nich\u017e ka\u017ed\u00e9 soupe\u0159ilo o nadvl\u00e1du a titul Velekr\u00e1le v Ta\u0159e. K\u0159es\u0165anstv\u00ed zanechalo sv\u016fj nesmazateln\u00fd otisk v p\u00e1t\u00e9m stolet\u00ed, kdy mision\u00e1\u0159i, jako byl svat\u00fd Patrik, zalo\u017eili kl\u00e1\u0161tern\u00ed osady, kter\u00e9 se staly centry vzd\u011blanosti, zdoben\u00ed a kulturn\u00ed v\u00fdm\u011bny. Tato ran\u011b k\u0159es\u0165ansk\u00e1 m\u00edsta \u2013 poustevnick\u00e9 cely neboli \u201ecilly\u201c, \u010dasto ozna\u010den\u00e9 m\u00edstn\u00edmi n\u00e1zvy za\u010d\u00ednaj\u00edc\u00edmi na \u201eKil\u201c \u2013 se v normansk\u00e9 \u00e9\u0159e rozrostla do velkolep\u011bj\u0161\u00edch z\u00e1klad\u016f a dodnes p\u0159e\u017e\u00edvaj\u00ed jako evokativn\u00ed ruiny v Glendalough, Clonmacnoise a Rock of Cashel.<\/p>\n<p>Konec osm\u00e9ho stolet\u00ed byl sv\u011bdkem n\u00e1stupu vikingsk\u00fdch n\u00e1jezd\u016f, kter\u00e9 se vyvinuly v osidlov\u00e1n\u00ed a obchod a vyvrcholily bitvou u Clontarfu 23. dubna 1014, kde kr\u00e1l Brian Boru fakticky ukon\u010dil severskou moc. P\u0159\u00edchod Anglo-Norman\u016f ve dvan\u00e1ct\u00e9m stolet\u00ed zah\u00e1jil ob\u010dasn\u00e9 anglick\u00e9 n\u00e1roky na svrchovanost, kter\u00e9 se upevnily a\u017e s tudorovsk\u00fdm znovudobyt\u00edm v \u0161estn\u00e1ct\u00e9m a sedmn\u00e1ct\u00e9m stolet\u00ed. Plant\u00e1\u017en\u00ed programy a konfiskace p\u016fdy vedly k protestantsk\u00e9 nadvl\u00e1d\u011b, kodifikovan\u00e9 v trestn\u00edch z\u00e1konech z 90. let 17. stolet\u00ed s c\u00edlem pod\u0159\u00eddit si katolickou v\u011bt\u0161inu a protestantsk\u00e9 disidenty. Akty unie z roku 1801 za\u010dlenily Irsko do Spojen\u00e9ho kr\u00e1lovstv\u00ed a tento status z\u016fstal a\u017e do dvac\u00e1t\u00e9ho stolet\u00ed.<\/p>\n<p>Devaten\u00e1ct\u00e9 stolet\u00ed bylo sv\u011bdkem dramatick\u00fdch demografick\u00fdch ot\u0159es\u016f. Popula\u010dn\u00ed n\u00e1r\u016fst od renesance byl kr\u00e1tce p\u0159eru\u0161en hladomorem v letech 1740\u20131741, kter\u00fd si vy\u017e\u00e1dal t\u00e9m\u011b\u0159 dv\u011b p\u011btiny obyvatel. Po o\u017eiven\u00ed n\u00e1sledoval velk\u00fd hladomor ve 40. letech 19. stolet\u00ed, kter\u00fd zp\u016fsobil p\u0159ibli\u017en\u011b milion \u00famrt\u00ed a stejn\u00fd po\u010det obyvatel p\u0159im\u011bl k emigraci. B\u011bhem n\u00e1sleduj\u00edc\u00edho stolet\u00ed se populace Irska sn\u00ed\u017eila o v\u00edce ne\u017e polovinu, co\u017e se prudce odch\u00fdlilo od r\u016fstu, kter\u00fd za\u017e\u00edvala v cel\u00e9 Evrop\u011b.<\/p>\n<p>Nacionalistick\u00e9 nad\u0161en\u00ed a ozbrojen\u00fd odpor na po\u010d\u00e1tku dvac\u00e1t\u00e9ho stolet\u00ed vyvrcholily v\u00e1lkou za nez\u00e1vislost (1919\u201321), rozd\u011blen\u00edm a vytvo\u0159en\u00edm Irsk\u00e9ho svobodn\u00e9ho st\u00e1tu. V n\u00e1sleduj\u00edc\u00edch desetilet\u00edch si Svobodn\u00fd st\u00e1t n\u00e1rokoval rostouc\u00ed autonomii, dokud z\u00e1kon o Irsk\u00e9 republice (1948) nevyhl\u00e1sil pln\u00fd republik\u00e1nsk\u00fd status. V Severn\u00edm Irsku propuklo sekt\u00e1\u0159sk\u00e9 nap\u011bt\u00ed od konce 60. let 20. stolet\u00ed v vlekl\u00fd konflikt; m\u00edr se vr\u00e1til a\u017e po Velkop\u00e1te\u010dn\u00ed dohod\u011b z roku 1998. V roce 1973 se ob\u011b jurisdikce p\u0159ipojily k Evropsk\u00e9mu hospod\u00e1\u0159sk\u00e9mu spole\u010denstv\u00ed, jen aby Spojen\u00e9 kr\u00e1lovstv\u00ed (a tedy i Severn\u00ed Irsko) v roce 2020 po referendu v roce 2016 opustilo Evropskou unii. Severn\u00ed Irsko si pot\u00e9 udr\u017eelo jedine\u010dn\u00e9 postaven\u00ed a \u00fa\u010dastnilo se jednotn\u00e9ho trhu EU se zbo\u017e\u00edm \u2013 kompromis, jeho\u017e c\u00edlem bylo podpo\u0159it m\u00edrov\u00fd proces a zachovat otev\u0159enou hranici na ostrov\u011b.<\/p>\n<p>Kulturn\u00ed d\u011bdictv\u00ed Irska rezonuje daleko za jeho b\u0159ehy. Domorod\u00e1 gaelsk\u00e1 kultura p\u0159etrv\u00e1v\u00e1 prost\u0159ednictv\u00edm hrabstv\u00ed po\u0159\u00e1dan\u00fdch Gaelskou atletickou asociac\u00ed, fotbalu a hurlingu, irsk\u00fdch hudebn\u00edch setk\u00e1n\u00ed v hospod\u00e1ch a p\u0159etrv\u00e1vaj\u00edc\u00edho irsk\u00e9ho jazyka \u2013 nyn\u00ed men\u0161inov\u00e9ho jazyka, ale kdysi lidov\u00e9ho jazyka ostrova a m\u00e9dia bohat\u00e9ho liter\u00e1rn\u00edho korpusu zahrnuj\u00edc\u00edho starou, st\u0159edn\u00ed a ran\u011b novov\u011bkou ir\u0161tinu. P\u0159\u00ednos Irska ke sv\u011btov\u00e9 literatu\u0159e, zejm\u00e9na v angli\u010dtin\u011b, je co do hustoty bezkonkuren\u010dn\u00ed, od st\u0159edov\u011bk\u00fdch s\u00e1g a letopis\u016f a\u017e po modern\u00ed romanopisce, b\u00e1sn\u00edky a dramatiky.<\/p>\n<p>Um\u011bleck\u00e9 tradice se nejz\u0159eteln\u011bji projevuj\u00ed ve slo\u017eit\u00fdch keltsk\u00fdch uzlech, kter\u00e9 kdysi zdobily iluminovan\u00e9 rukopisy a kamenn\u00e9 \u0159ezby, nyn\u00ed jsou v\u0161udyp\u0159\u00edtomn\u00e9 ve \u0161perc\u00edch a grafick\u00fdch motivech jako symbol \u201ekeltsk\u00e9\u201c identity. I hospodsk\u00e1 kultura se stala mezin\u00e1rodn\u00edm symbolem irsk\u00e9 spole\u010denskosti: m\u00edsta, kde se sch\u00e1zej\u00ed vyprav\u011b\u010di, plynou rozhovory a tradi\u010dn\u00ed hudba se oz\u00fdv\u00e1 v tepl\u00e9m d\u0159ev\u011b.<\/p>\n<p>Topografie ostrova se vyzna\u010duje rozmanit\u00fdmi outdoorov\u00fdmi aktivitami. Z\u00e1padn\u00ed pob\u0159e\u017e\u00ed, kter\u00e9 je vystaveno Atlantiku, se py\u0161n\u00ed proslul\u00fdmi surfa\u0159sk\u00fdmi pl\u00e1\u017eemi \u2013 mezi nimi\u017e jsou Bundoran, Lahinch a Donegal Bay \u2013 kde zimn\u00ed vlny l\u00e1kaj\u00ed Evropany na mistrovsk\u00e9 z\u00e1vody. Pot\u00e1p\u011b\u010di prozkoum\u00e1vaj\u00ed \u010dist\u00e9 vody hem\u017e\u00edc\u00ed se mo\u0159sk\u00fdm \u017eivotem kolem vrak\u016f u Malin Head a hrabstv\u00ed Cork. Ryb\u00e1\u0159i lov\u00ed lososy v \u0159ece Shannon a pstruhy na v\u00edce ne\u017e \u010dtrn\u00e1cti tis\u00edc\u00edch kilometrech \u0159ek a sedmi tis\u00edc\u00edch kilometrech pob\u0159e\u017e\u00ed. Na zmapovan\u00fdch a zna\u010den\u00fdch pl\u00e1\u017e\u00edch vzkv\u00e9t\u00e1 i rybolov na mo\u0159i a na mo\u0159i.<\/p>\n<p>Kulin\u00e1\u0159sk\u00e9 d\u011bdictv\u00ed odr\u00e1\u017e\u00ed spole\u010densk\u00e9 d\u011bjiny. St\u0159edov\u011bk\u00e1 z\u00e1vislost na chovu dobytka, kde byl dobytek m\u011b\u0159\u00edtkem bohatstv\u00ed, up\u0159ednost\u0148ovala ml\u00e9\u010dn\u00e9 v\u00fdrobky p\u0159ed hov\u011bz\u00edm; solen\u00e1 slanina (\u201epl\u00e1tky\u201c), m\u00e1slo a jelito na b\u00e1zi krve z\u016fst\u00e1vaj\u00ed dlouhodob\u00fdmi potravinami. Zaveden\u00ed brambor v \u0161estn\u00e1ct\u00e9m stolet\u00ed zp\u016fsobilo revoluci ve strav\u011b a v polovin\u011b devaten\u00e1ct\u00e9ho stolet\u00ed se staly t\u00e9m\u011b\u0159 jedinou ob\u017eivou a inspirovaly ikonick\u00e1 j\u00eddla: du\u0161en\u00e9 maso se slaninou a zel\u00edm, bramborov\u00fd burger a colcannon. Sou\u010dasn\u00e1 \u201enov\u00e1 irsk\u00e1 kuchyn\u011b\u201c stav\u00ed na tomto z\u00e1klad\u011b \u2013 \u010derstv\u00e1 zelenina, kor\u00fd\u0161i, \u0159emesln\u00e9 s\u00fdry a chl\u00e9b \u2013 a z\u00e1rove\u0148 zachov\u00e1v\u00e1 \u00fast\u0159edn\u00ed roli brambor; \u201eDublin Lawyer\u201c s humrem a whisky je p\u0159\u00edkladem f\u00faze tradice a inovace.<\/p>\n<p>Lihoviny a piva p\u0159edstavuj\u00ed dal\u0161\u00ed rozm\u011br n\u00e1rodn\u00ed identity. Pal\u00edrna Old Bushmills v hrabstv\u00ed Antrim kdysi produkovala devades\u00e1t procent sv\u011btov\u00e9 produkce whisky; n\u00e1sledn\u00e9 poklesy b\u011bhem americk\u00e9 prohibice a meziv\u00e1le\u010dn\u00e9 obchodn\u00ed spory sn\u00ed\u017eily pod\u00edl irsk\u00e9 whisky na trhu na dv\u011b procenta do poloviny dvac\u00e1t\u00e9ho stolet\u00ed. O\u017eiven\u00ed od konce 90. let 20. stolet\u00ed obnovilo mezin\u00e1rodn\u00ed v\u00fdznam irsk\u00e9 whisky, p\u0159i\u010dem\u017e destilovan\u00e9 odr\u016fdy se vyzna\u010duj\u00ed leh\u010d\u00edm kou\u0159em a vyv\u00e1\u017eenou sladkost\u00ed. Whisky je z\u00e1kladem kr\u00e9mov\u00fdch lik\u00e9r\u016f, jako je Baileys a sv\u011btozn\u00e1m\u00e1 \u201eirsk\u00e1 k\u00e1va\u201c. Stejn\u011b tak symbolick\u00fd je stout \u2013 zejm\u00e9na Guinness \u2013 a tvrd\u00fd cider, spolu s m\u00edstn\u00edm nealkoholick\u00fdm n\u00e1pojem, \u010dervenou limon\u00e1dou.<\/p>\n<p>Ekonomick\u00e1 ukazatele ilustruj\u00ed ostr\u00e9 kontrasty. V roce 2021 \u010dinil nomin\u00e1ln\u00ed HDP Irsk\u00e9 republiky 423,5 miliardy eur s produkc\u00ed na obyvatele 84 049,9 eur; hrub\u00e1 p\u0159idan\u00e1 hodnota Severn\u00edho Irska \u010dinila 52 miliard liber, tj. 27 154 liber na osobu. Navzdory odd\u011blen\u00fdm m\u011bn\u00e1m a statistick\u00fdm metod\u00e1m se obchodn\u00ed integrace na cel\u00e9m ostrov\u011b nad\u00e1le prohlubuje, co\u017e vede k v\u00fdzv\u00e1m k \u201eceloirsk\u00e9 ekonomice\u201c, kter\u00e1 by vyu\u017eila rozsah a konkurenceschopnost.<\/p>\n<p>Bohat\u00e1 irsk\u00e1 galerie historick\u00fdch pam\u00e1tek p\u0159itahuje miliony n\u00e1v\u0161t\u011bvn\u00edk\u016f. Dv\u011b m\u00edsta jsou zaps\u00e1na na seznamu sv\u011btov\u00e9ho d\u011bdictv\u00ed UNESCO: neolitick\u00fd pal\u00e1c a poh\u0159ebn\u00ed komplex v Br\u00fa na B\u00f3inne a \u010dedi\u010dov\u00e9 sloupy Obrova chodn\u00edku. Burrensk\u00e1 pole, Ceide Fields a hora Mount Stewart \u010dekaj\u00ed na form\u00e1ln\u00ed zaps\u00e1n\u00ed na seznam. Mezi nejnav\u0161t\u011bvovan\u011bj\u0161\u00ed atrakce pat\u0159\u00ed hrad Bunratty, Mohersk\u00e9 \u00fatesy, hrad Blarney \u2013 kde n\u00e1v\u0161t\u011bvn\u00edci hledaj\u00ed legend\u00e1rn\u00ed dar v\u00fd\u0159e\u010dnosti \u2013 a kl\u00e1\u0161tern\u00ed ruiny v Glendalough a Clonmacnoise. Dublin, hlavn\u00ed m\u011bsto a hlavn\u00ed vstupn\u00ed bod, l\u00e1k\u00e1 Knihou z Kellsu v Trinity College a muzeem Guinness Storehouse, zat\u00edmco drsn\u00fd z\u00e1pad \u2013 Killarney, Connemara a Aransk\u00e9 ostrovy \u2013 nab\u00edz\u00ed panoramatick\u00e9 krajiny a kulturn\u00ed pono\u0159en\u00ed. Pansk\u00e9 domy a hrady v palladi\u00e1nsk\u00e9m, neoklasicistn\u00edm a gotick\u00e9m slohu, jako jsou Bantry House, Castle Ward a Ashford Castle, poskytuj\u00ed jak architektonick\u00fd vhled, tak luxusn\u00ed pohostinnost.<\/p>\n<p>M\u011bstsk\u00fd \u017eivot se odehr\u00e1v\u00e1 ve m\u011bstech protkan\u00fdch histori\u00ed a modern\u00edm vybaven\u00edm. Dublin pulzuje kosmopolitn\u00ed energi\u00ed; Cork, zalo\u017een\u00fd St. Finbarrem kolem roku 600 n. l. na \u0159ece Lee, je oslavov\u00e1n sv\u00fdmi mo\u0159sk\u00fdmi plody a festivaly. Galway spojuje \u017eiv\u00e9 um\u011bn\u00ed s p\u0159\u00edstupem k \u00fachvatn\u00e9 kr\u00e1se Connemary. Kilkenny evokuje st\u0159edov\u011bk\u00e9 kouzlo; Letterkenny slou\u017e\u00ed jako br\u00e1na k divok\u00e9mu pob\u0159e\u017e\u00ed Donegalu. Limerick\u016fv georgi\u00e1nsk\u00fd m\u0159\u00ed\u017ekov\u00fd syst\u00e9m a ponur\u00e1 pevnost p\u0159ipom\u00ednaj\u00ed jeho vikingsko-angloamerickou minulost, zat\u00edmco Sligo \u2013 milovan\u00e9 W. B. Yeatsem \u2013 evokuje lyrick\u00e9 krajiny. Waterford, nejstar\u0161\u00ed m\u011bsto ostrova, se py\u0161n\u00ed vikingsk\u00fdmi z\u00e1klady a georgi\u00e1nsk\u00fdmi fas\u00e1dami.<\/p>\n<p>M\u00edstn\u00ed zvyky z\u016fst\u00e1vaj\u00ed ned\u00edlnou sou\u010d\u00e1st\u00ed z\u00e1\u017eitku n\u00e1v\u0161t\u011bvn\u00edka: srde\u010dn\u00e9 \u201ejak se m\u00e1\u0161?\u201c vym\u011b\u0148ovan\u00e9 na venkovsk\u00fdch cest\u00e1ch; laskav\u00e9 \u201enic se nestalo\u201c jako odpov\u011b\u010f na vd\u011b\u010dnost; flexibiln\u00ed p\u0159\u00edstup k \u010dasov\u011b vyrovnan\u00e9mu dochviln\u00e9mu vymezen\u00ed form\u00e1ln\u00edch sch\u016fzek; a opatrn\u00e9 vyh\u00fdb\u00e1n\u00ed se choulostiv\u00fdm t\u00e9mat\u016fm \u2013 sekt\u00e1\u0159sk\u00fdm d\u011bjin\u00e1m, politick\u00fdm rozkol\u016fm, c\u00edrkevn\u00edm skand\u00e1l\u016fm \u2013 pokud \u010dlov\u011bk nem\u00e1 hlubokou citlivost. Z\u00e1pasy v kraj\u00edch Gaelsk\u00e9 atletick\u00e9 asociace nab\u00edzej\u00ed autentick\u00e9 zapojen\u00ed, a\u010dkoli vstupenky na fin\u00e1le v Croke Parku jsou velmi \u017e\u00e1dan\u00e9. Dostihov\u00e1 z\u00e1vodi\u0161t\u011b v ka\u017ed\u00e9m kraji oslavuj\u00ed n\u00e1rodn\u00ed v\u00e1\u0161e\u0148 pro dostihy a h\u0159eb\u010d\u00edn. Golfov\u00e1 h\u0159i\u0161t\u011b \u2013 od Adare, budouc\u00edho hostitele Ryder Cupu, a\u017e po Royal Portrush \u2013 kotv\u00ed v revitalizovan\u00fdch z\u00e1meck\u00fdch hotelech.<\/p>\n<p>Skryt\u00fd proud zv\u011bdavosti po p\u0159edc\u00edch p\u0159iv\u00e1d\u00ed mnoho lid\u00ed k irsk\u00fdm archiv\u016fm a farn\u00edm matrik\u00e1m, kde sleduj\u00ed sv\u016fj p\u016fvod nap\u0159\u00ed\u010d stalet\u00edmi migrac\u00ed a ot\u0159es\u016f. Genealogick\u00fd v\u00fdzkum, a\u010dkoli je brzd\u011bn mezerami a ztr\u00e1tami, t\u011b\u017e\u00ed z digitaliza\u010dn\u00edch snah, zejm\u00e9na v hrabstv\u00ed Clare.<\/p>\n<p>Irsko se skrze svou krajinu a komunity prol\u00edn\u00e1 starobyl\u00fdm a sou\u010dasn\u00fdm, m\u00edstn\u00edm teplem a vn\u011bj\u0161\u00edm dynamismem. Poezie a pr\u00f3za, hudba a tanec, drsn\u00e9 hory a m\u00edrn\u00e9 pl\u00e1n\u011b, stoick\u00e1 historie a trval\u00e1 odolnost se prol\u00ednaj\u00ed na ostrov\u011b, kter\u00fd vyb\u00edz\u00ed k rozj\u00edm\u00e1n\u00ed i oslav\u00e1m.<\/p>\n<p>V zemi, kde se minulost a p\u0159\u00edtomnost prol\u00ednaj\u00ed v kameni a p\u0159\u00edb\u011bhu, ka\u017ed\u00fd cestovatel nach\u00e1z\u00ed aspekt jedine\u010dn\u00e9 irsk\u00e9 identity \u2013 identity formovan\u00e9 geologi\u00ed a genealogi\u00ed, invaz\u00ed a nez\u00e1vislost\u00ed, v\u00edrou a slavnostmi. Skute\u010dn\u00fd poklad ostrova v\u0161ak spo\u010d\u00edv\u00e1 v nehmotn\u00e9m: v uv\u00edt\u00e1n\u00ed na prahu, ve spole\u010dn\u00e9m sm\u00edchu u p\u016fllitru piva, v tich\u00e9 \u00fact\u011b p\u0159ed kamenn\u00fdm kruhem za \u00fasvitu. Irsko p\u0159etrv\u00e1v\u00e1 nejen jako m\u00edsto na map\u011b, ale jako pozv\u00e1n\u00ed k objevov\u00e1n\u00ed vazeb, kter\u00e9 spojuj\u00ed zemi, d\u011bdictv\u00ed a p\u0159edstavivost.<\/p>","protected":false},"excerpt":{"rendered":"<p>Irsko je ostrovn\u00ed republika le\u017e\u00edc\u00ed v severn\u00edm Atlantsk\u00e9m oce\u00e1nu u severoz\u00e1padn\u00edho pob\u0159e\u017e\u00ed pevninsk\u00e9 Evropy a v roce 2022 m\u00e1 p\u0159ibli\u017en\u011b 7 milion\u016f obyvatel. Tento ostrov, t\u0159et\u00ed nejv\u011bt\u0161\u00ed v Evrop\u011b a dvac\u00e1t\u00fd nejv\u011bt\u0161\u00ed na sv\u011bt\u011b, je geopoliticky rozd\u011blen mezi Irskou republiku, zahrnuj\u00edc\u00ed asi p\u011bt \u0161estin \u00fazem\u00ed, a Severn\u00ed Irsko, kter\u00e9 je sou\u010d\u00e1st\u00ed Spojen\u00e9ho kr\u00e1lovstv\u00ed. Irsk\u00e1 republika m\u00e1 5,1 milionu obyvatel, zat\u00edmco Severn\u00ed Irsko m\u00e1 1,9 milionu ob\u010dan\u016f, d\u00edky \u010demu\u017e je Irsko po Velk\u00e9 Brit\u00e1nii druh\u00fdm nejlidnat\u011bj\u0161\u00edm ostrovem v Evrop\u011b.<\/p>","protected":false},"author":1,"featured_media":4036,"parent":24078,"menu_order":0,"comment_status":"closed","ping_status":"closed","template":"elementor_theme","meta":{"_eb_attr":"","footnotes":""},"class_list":["post-11622","page","type-page","status-publish","has-post-thumbnail"],"_links":{"self":[{"href":"https:\/\/travelshelper.com\/cs\/wp-json\/wp\/v2\/pages\/11622","targetHints":{"allow":["GET"]}}],"collection":[{"href":"https:\/\/travelshelper.com\/cs\/wp-json\/wp\/v2\/pages"}],"about":[{"href":"https:\/\/travelshelper.com\/cs\/wp-json\/wp\/v2\/types\/page"}],"author":[{"embeddable":true,"href":"https:\/\/travelshelper.com\/cs\/wp-json\/wp\/v2\/users\/1"}],"replies":[{"embeddable":true,"href":"https:\/\/travelshelper.com\/cs\/wp-json\/wp\/v2\/comments?post=11622"}],"version-history":[{"count":0,"href":"https:\/\/travelshelper.com\/cs\/wp-json\/wp\/v2\/pages\/11622\/revisions"}],"up":[{"embeddable":true,"href":"https:\/\/travelshelper.com\/cs\/wp-json\/wp\/v2\/pages\/24078"}],"wp:featuredmedia":[{"embeddable":true,"href":"https:\/\/travelshelper.com\/cs\/wp-json\/wp\/v2\/media\/4036"}],"wp:attachment":[{"href":"https:\/\/travelshelper.com\/cs\/wp-json\/wp\/v2\/media?parent=11622"}],"curies":[{"name":"wp","href":"https:\/\/api.w.org\/{rel}","templated":true}]}}