{"id":11584,"date":"2024-09-13T13:53:18","date_gmt":"2024-09-13T13:53:18","guid":{"rendered":"https:\/\/travelshelper.com\/staging\/?page_id=11584"},"modified":"2026-03-12T17:16:53","modified_gmt":"2026-03-12T17:16:53","slug":"lotyssko","status":"publish","type":"page","link":"https:\/\/travelshelper.com\/cs\/destinations\/europe\/latvia\/","title":{"rendered":"Loty\u0161sko"},"content":{"rendered":"<p>Loty\u0161sko, ofici\u00e1ln\u011b Loty\u0161sk\u00e1 republika, zab\u00edr\u00e1 64 589 kilometr\u016f \u010dtvere\u010dn\u00edch na v\u00fdchodn\u00edm pob\u0159e\u017e\u00ed Baltsk\u00e9ho mo\u0159e a m\u00e1 p\u0159ibli\u017en\u011b 1,9 milionu obyvatel. Le\u017e\u00ed mezi 55\u00b0 a 58\u00b0 severn\u00ed \u0161\u00ed\u0159ky a 21\u00b0 a\u017e 29\u00b0 v\u00fdchodn\u00ed d\u00e9lky, na severu hrani\u010d\u00ed s Estonskem, na jihu s Litvou, na v\u00fdchod\u011b s Ruskem a na jihov\u00fdchod\u011b s B\u011bloruskem a p\u0159es Baltsk\u00e9 mo\u0159e m\u00e1 n\u00e1mo\u0159n\u00ed hranici se \u0160v\u00e9dskem. Tato m\u00edrn\u00e1 oblast les\u016f, \u0159ek a rovin z\u016fst\u00e1v\u00e1 jednou z nejv\u00edce podce\u0148ovan\u00fdch zem\u00ed severn\u00ed Evropy.<\/p>\n<p>Loty\u0161sk\u00fd ter\u00e9n z\u0159\u00eddka p\u0159esahuje 100 metr\u016f nad mo\u0159em, s v\u00fdjimkou m\u00edrn\u00e9ho vyv\u00fd\u0161en\u00e9ho vrcholu Gaizi\u0146kalns s nadmo\u0159skou v\u00fd\u0161kou 311,6 metru. Rozloha Loty\u0161ska zahrnuje 62 157 km\u00b2 pevn\u00e9 p\u016fdy, 18 159 km\u00b2 obd\u011bl\u00e1van\u00e9 p\u016fdy a 34 964 km\u00b2 les\u016f. Vnitrozemsk\u00e9 vody pokr\u00fdvaj\u00ed 2 402 km\u00b2, v\u010detn\u011b Lub\u0101ns \u2013 nejv\u011bt\u0161\u00edho jezera s rozlohou 80,7 km\u00b2 \u2013 a Dr\u012bdzis, kter\u00e9 se pono\u0159uje do hloubky 65,1 metru. \u0158eka Gauja, nejdel\u0161\u00ed loty\u0161sk\u00fd vodn\u00ed tok s d\u00e9lkou 452 kilometr\u016f, se vine p\u00edskovcov\u00fdmi roklemi a sm\u00ed\u0161en\u00fdmi lesy. Daugava, a\u010dkoli je celkem dlouh\u00e1 1 005 kilometr\u016f, poskytuje Loty\u0161sku 352 kilometr\u016f toku. Jej\u00ed klikat\u00e9 b\u0159ehy dlouhodob\u011b podporuj\u00ed zem\u011bd\u011blsk\u00e1 \u00fadol\u00ed i zalesn\u011bn\u00e9 rezervace.<\/p>\n<p>Klimaticky se Loty\u0161sko nach\u00e1z\u00ed na hranici vlhk\u00e9ho kontinent\u00e1ln\u00edho a p\u0159\u00edmo\u0159sk\u00e9ho klimatu. Pob\u0159e\u017en\u00ed oblasti \u2013 zejm\u00e9na Kuronsk\u00fd poloostrov \u2013 se vyzna\u010duj\u00ed m\u00edrn\u00fdmi zimami a um\u00edrn\u011bn\u00fdm letn\u00edm teplem; vnitrozem\u00ed se pot\u00fdk\u00e1 s v\u011bt\u0161\u00ed kontinentalitou, kde zimn\u00ed minima klesaj\u00ed v siln\u00fdch v\u00fdkyvech a\u017e k \u201330 \u00b0C a letn\u00ed maxima se bl\u00ed\u017e\u00ed 35 \u00b0C. Zima, kter\u00e1 trv\u00e1 od poloviny prosince do poloviny b\u0159ezna, p\u0159in\u00e1\u0161\u00ed pr\u016fm\u011brn\u00e9 teploty kolem \u20136 \u00b0C, stabiln\u00ed sn\u011bhovou pokr\u00fdvku a kr\u00e1tk\u00e9 denn\u00ed sv\u011btlo. L\u00e9to, od \u010dervna do srpna, p\u0159in\u00e1\u0161\u00ed pr\u016fm\u011brn\u00e9 maxima kolem 19 \u00b0C, m\u00edrn\u00e9 noci a ob\u010dasn\u00e9 vlny veder. Jaro a podzim, oba zhruba stejn\u011b dlouh\u00e9, se vyzna\u010duj\u00ed m\u00edrn\u00fdmi p\u0159est\u00e1vkami, kter\u00e9 lesy prom\u011b\u0148uj\u00ed v plameny barev nebo je zti\u0161uj\u00ed v sv\u011btle \u0161ed\u00fdch odst\u00ednech.<\/p>\n<p>Lidsk\u00e9 os\u00eddlen\u00ed v modern\u00edm Loty\u0161sku odr\u00e1\u017e\u00ed stalet\u00ed m\u011bn\u00edc\u00ed se suverenity. Domorod\u00ed Baltov\u00e9, p\u0159edkov\u00e9 dne\u0161n\u00edch Loty\u0161\u016f, se koncem prvn\u00edho tis\u00edcilet\u00ed n. l. sjednotili do kmenov\u00fdch komunit. Od t\u0159in\u00e1ct\u00e9ho stolet\u00ed spadala \u00fazem\u00ed pod nadvl\u00e1du Livonsk\u00e9ho \u0159\u00e1du \u2013 slo\u017eky \u0158\u00e1du n\u011bmeck\u00fdch ryt\u00ed\u0159\u016f \u2013 a pot\u00e9 oscilovala mezi polsko-litevsk\u00fdm vlivem a \u0161v\u00e9dskou nadvl\u00e1dou. Rusk\u00e1 nadvl\u00e1da n\u00e1sledovala po velk\u00e9 severn\u00ed v\u00e1lce na po\u010d\u00e1tku osmn\u00e1ct\u00e9ho stolet\u00ed a p\u0159etrv\u00e1vala a\u017e do bou\u0159liv\u00fdch ud\u00e1lost\u00ed prvn\u00ed sv\u011btov\u00e9 v\u00e1lky.<\/p>\n<p>Dne 18. listopadu 1918, po rozpadu \u0159\u00ed\u0161e, Loty\u0161sko vyhl\u00e1silo nez\u00e1vislost na n\u011bmeck\u00fdch okupantech. Tato rod\u00edc\u00ed se republika za\u017eila v roce 1934 p\u0159evrat, kter\u00fd nastolil autorit\u00e1\u0159sk\u00fd re\u017eim K\u0101rlise Ulmanise. Druh\u00e1 sv\u011btov\u00e1 v\u00e1lka zni\u010dila faktickou suverenitu, kdy\u017e sov\u011btsk\u00e1 anexe v roce 1940 nav\u00e1zala na nacistickou okupaci v roce 1941, jen aby Rud\u00e1 arm\u00e1da znovu z\u00edskala kontrolu v roce 1944. B\u011bhem n\u00e1sleduj\u00edc\u00edch \u010dty\u0159iceti p\u011bti let existence Loty\u0161sk\u00e9 SSR demografick\u00e9 zm\u011bny v d\u016fsledku sov\u011btsk\u00e9 politiky zv\u00fd\u0161ily po\u010det etnick\u00fdch Rus\u016f na t\u00e9m\u011b\u0159 \u010dtvrtinu populace.<\/p>\n<p>Zp\u00edvaj\u00edc\u00ed revoluce z roku 1987 \u2013 sou\u010d\u00e1st \u0161ir\u0161\u00edho pobaltsk\u00e9ho \u00fasil\u00ed o sebeur\u010den\u00ed \u2013 vyvrcholila obnovenou nez\u00e1vislost\u00ed 21. srpna 1991. Od t\u00e9 doby si Loty\u0161sko udr\u017euje unit\u00e1rn\u00ed parlamentn\u00ed demokracii a integrovalo se do euroatlantick\u00fdch struktur: Evropsk\u00e9 unie a NATO v roce 2004 a euroz\u00f3ny v roce 2014. Jeho index lidsk\u00e9ho rozvoje jej \u0159ad\u00ed mezi vysp\u011bl\u00e9 ekonomiky s vysok\u00fdmi p\u0159\u00edjmy.<\/p>\n<p>Loty\u0161sk\u00e1 ekonomika na po\u010d\u00e1tku jednadvac\u00e1t\u00e9ho stolet\u00ed p\u0159e\u010dkala dramatick\u00e9 v\u00fdkyvy. Robustn\u00ed r\u016fst od roku 2000 vyst\u0159\u00eddal 18procentn\u00ed pokles na za\u010d\u00e1tku roku 2009 uprost\u0159ed bubliny poh\u00e1n\u011bn\u00e9 spot\u0159ebou a bankovn\u00ed krize. N\u00e1sledovalo o\u017eiven\u00ed, podpo\u0159en\u00e9 diverzifikac\u00ed do dopravy, logistiky a slu\u017eeb. \u010cty\u0159i hlavn\u00ed p\u0159\u00edstavy zem\u011b \u2013 Riga, Ventspils, Liep\u0101ja a Skulte \u2013 p\u0159epravuj\u00ed hromadn\u00fd n\u00e1klad, ropu a rafinovan\u00e9 produkty a spojuj\u00ed Rusko, B\u011blorusko a St\u0159edn\u00ed Asii se z\u00e1padn\u00ed Evropou. Mezin\u00e1rodn\u00ed leti\u0161t\u011b v Rize, nejru\u0161n\u011bj\u0161\u00ed v pobaltsk\u00fdch st\u00e1tech, v roce 2019 odbavilo 7,8 milionu cestuj\u00edc\u00edch, zat\u00edmco spole\u010dnost airBaltic udr\u017euje n\u00edzkon\u00e1kladovou s\u00ed\u0165 v p\u0159ibli\u017en\u011b osmdes\u00e1ti destinac\u00edch. \u017delezni\u010dn\u00ed infrastruktura zahrnuje 1 826 km trat\u00ed s rusk\u00fdm rozchodem, z nich\u017e 251 km je elektrifikovan\u00fdch; p\u0159ipravovan\u00e9 standardn\u00ed rozchodn\u00e9 spojen\u00ed Rail Baltica, kter\u00e9 m\u00e1 b\u00fdt dokon\u010deno v roce 2026, slibuje p\u0159\u00edm\u00e9 spojen\u00ed z Helsinek p\u0159es Tallinn a Rigu do Var\u0161avy.<\/p>\n<p>Silnice se t\u00e1hnou po 1 675 km hlavn\u00edch tepen, 5 473 km region\u00e1ln\u00edch tras a 13 064 km m\u011bstsk\u00fdch komunikac\u00ed, v\u010detn\u011b koridoru E67 z Var\u0161avy do Tallinnu a E22 mezi Ventspilsem a Terehovou. Do roku 2017 m\u011blo loty\u0161sk\u00e9 pozn\u00e1vac\u00ed zna\u010dky 803 546 vozidel, co\u017e sv\u011bd\u010d\u00ed o integraci zem\u011b do kontinent\u00e1ln\u00edch vazeb.<\/p>\n<p>Demografick\u00fd v\u00fdvoj Loty\u0161ska odhaluje p\u0159etrv\u00e1vaj\u00edc\u00ed probl\u00e9my. Celkov\u00e1 plodnost se pohybuje na \u00farovni 1,61 porod\u016f na \u017eenu, co\u017e je pod \u00farovn\u00ed pot\u0159ebnou k napln\u011bn\u00ed, zat\u00edmco pr\u016fm\u011brn\u00e1 d\u00e9lka \u017eivota dos\u00e1hla v roce 2013 73,2 let. Nerovnov\u00e1ha pohlav\u00ed zkresluje zastoupen\u00ed \u017een ve star\u0161\u00edch kohort\u00e1ch: mezi osobami star\u0161\u00edmi sedmdes\u00e1ti let p\u0159evy\u0161uje po\u010det \u017een mu\u017ee v pom\u011bru v\u00edce ne\u017e dva ku jedn\u00e9. Etni\u010dt\u00ed Loty\u0161i s 63 procenty mluv\u00ed baltsk\u00fdm jazykem, kter\u00fd dal n\u00e1rodu jm\u00e9no. Rusov\u00e9 tvo\u0159\u00ed t\u00e9m\u011b\u0159 \u010dtvrtinu obyvatel, tak\u017ee ru\u0161tina je rodn\u00fdm jazykem 37,7 procenta obyvatel. Pr\u00e1vn\u00ed status mnoha etnick\u00fdch Rus\u016f \u2013 obyvatel bez st\u00e1tn\u00ed p\u0159\u00edslu\u0161nosti, kte\u0159\u00ed mus\u00ed pro z\u00edsk\u00e1n\u00ed ob\u010danstv\u00ed slo\u017eit zkou\u0161ky z loty\u0161sk\u00e9ho jazyka \u2013 z\u016fst\u00e1v\u00e1 citlivou spole\u010denskou z\u00e1le\u017eitost\u00ed.<\/p>\n<p>Kulturn\u00ed projev v Loty\u0161sku propojuje agr\u00e1rn\u00ed d\u011bdictv\u00ed s m\u011bstskou modernitou. Tradi\u010dn\u00ed kuchyn\u011b se to\u010d\u00ed kolem m\u00edstn\u00edch produkt\u016f \u2013 brambor, je\u010dmene, zel\u00ed a vep\u0159ov\u00e9ho masa \u2013 s \u0161ed\u00fdm hr\u00e1\u0161kem a \u0161pekem spolu se \u0161\u0165ov\u00edkovou pol\u00e9vkou a hust\u00fdm \u017eitn\u00fdm chlebem jako kulin\u00e1\u0159sk\u00fdmi pil\u00ed\u0159i. Vliv sousedn\u00edho N\u011bmecka, Ruska a Skandin\u00e1vie je patrn\u00fd, p\u0159esto kuchyn\u011b z\u016fst\u00e1v\u00e1 sp\u00ed\u0161e vydatn\u00e1 ne\u017e pikantn\u00ed.<\/p>\n<p>Loty\u0161sk\u00e1 centra m\u011bst p\u0159edstavuj\u00ed kontrastn\u00ed charaktery. Riga, hlavn\u00ed a nejv\u011bt\u0161\u00ed m\u011bsto, si zachov\u00e1v\u00e1 star\u00e9 m\u011bsto, kter\u00e9 je zaps\u00e1no na seznamu sv\u011btov\u00e9ho d\u011bdictv\u00ed UNESCO, s jeho secesn\u00edmi fas\u00e1dami a v\u011b\u017eovitou siluetou zasazenou uprost\u0159ed \u0161irok\u00fdch bulv\u00e1r\u016f a n\u00e1b\u0159e\u017e\u00ed. Centr\u00e1ln\u00ed tr\u017enice, kdysi hang\u00e1ry pro Zeppelin, hu\u010d\u00ed prodejci nab\u00edzej\u00edc\u00edmi sez\u00f3nn\u00ed produkty a uzen\u00e9 pochoutky. Za st\u0159edov\u011bk\u00fdm j\u00e1drem se k nebi t\u00e1hnou modern\u00ed v\u011b\u017ee, kter\u00e9 symbolizuj\u00ed ekonomickou vitalitu m\u011bsta a nap\u011bt\u00ed mezi zachov\u00e1n\u00edm a pokrokem.<\/p>\n<p>P\u0159ibli\u017en\u011b t\u0159icet kilometr\u016f z\u00e1padn\u011b se J\u016brmala rozkl\u00e1d\u00e1 pod\u00e9l dvan\u00e1ctikilometrov\u00e9ho pruhu b\u00edl\u00e9ho p\u00edsku, dun lemovan\u00fdch borovicemi a d\u0159ev\u011bn\u00fdch vil. D\u0159\u00edve \u00fato\u010di\u0161t\u011b c\u00edsa\u0159sk\u00fdch elit, z\u016fst\u00e1v\u00e1 p\u0159edn\u00edm n\u00e1rodn\u00edm l\u00e1ze\u0148sk\u00fdm st\u0159ediskem a jeho l\u00e1ze\u0148sk\u00e9 komplexy p\u0159itahuj\u00ed obyvatele m\u011bst i zahrani\u010dn\u00ed hosty. Sigulda, pades\u00e1t kilometr\u016f na v\u00fdchod, se rozkl\u00e1d\u00e1 v \u00fadol\u00ed vyhlouben\u00e9m \u0159ekou Gaujou; jej\u00ed gotick\u00fd hrad Turaida a rozlehl\u00e1 jeskyn\u011b G\u016btmanis ukotvuj\u00ed krajinu \u00fates\u016f a bukov\u00fdch les\u016f, kter\u00e9 pozdn\u00ed podzimn\u00ed sv\u011btlo prom\u011b\u0148uje v rezav\u011b zbarvenou n\u00e1dheru.<\/p>\n<p>C\u0113sis, jedno z nejstar\u0161\u00edch loty\u0161sk\u00fdch osad, se py\u0161n\u00ed hradbami Livonsk\u00e9ho \u0159\u00e1du a rouben\u00fdmi domy seskupen\u00fdmi kolem kamenn\u00e9 v\u011b\u017ee. Jeho okol\u00ed \u2013 lesy protkan\u00e9 cyklostezkami \u2013 nab\u00edz\u00ed tich\u00fd kontrapunkt k m\u011bstsk\u00fdm rytm\u016fm hlavn\u00edho m\u011bsta. D\u00e1le na z\u00e1pad se nach\u00e1z\u00ed Liep\u0101ja, kter\u00e1 si n\u00e1rokuje p\u0159ezd\u00edvku \u201em\u011bsto v\u011btru\u201c, jej\u00ed\u017e v\u011btrem o\u0161lehan\u00e1 pl\u00e1\u017e ustupuje Karost\u011b, b\u00fdval\u00e9mu n\u00e1mo\u0159n\u00edmu okrsku, kter\u00fd se stal \u017eiv\u00fdm muzeem kas\u00e1ren z p\u0159elomu stolet\u00ed a v\u011bzen\u00ed pob\u0159e\u017en\u00ed pevnosti. Ventspils, le\u017e\u00edc\u00ed severoz\u00e1padn\u011b, se vyvinul v dokonale udr\u017eovan\u00e9 p\u0159\u00edstavn\u00ed m\u011bsto protkan\u00e9 stezkami se sochami a upraven\u00fdmi promen\u00e1dami.<\/p>\n<p>Pokud se vyd\u00e1te na jih, naraz\u00edte na Kuld\u012bgu, kde se Venta Rapid rozprost\u00edr\u00e1 o d\u00e9lce 249 metr\u016f \u2013 nej\u0161ir\u0161\u00ed vodop\u00e1dov\u00e1 \u0159\u00edmsa v Evrop\u011b \u2013 uprost\u0159ed d\u0159ev\u011bn\u00fdch st\u0159ech a dl\u00e1\u017ed\u011bn\u00fdch uli\u010dek, kter\u00e9 p\u0159ipom\u00ednaj\u00ed st\u0159edoevropsk\u00e9 tr\u017en\u00ed m\u011bsto. Zemgalsk\u00e9 n\u00ed\u017einy kolem Jelgavy odhaluj\u00ed barokn\u00ed eleganci v pal\u00e1ci Rund\u0101le a vlastn\u00edm pal\u00e1cov\u00e9m komplexu m\u011bsta, zat\u00edmco latgalsk\u00fd ter\u00e9n poset\u00fd jezery se st\u0159edem v Daugavpilsu evokuje star\u0161\u00ed multikulturn\u00ed mozaiku loty\u0161sk\u00fdch, rusk\u00fdch a \u017eidovsk\u00fdch tradic.<\/p>\n<p>P\u0159\u00edrodn\u00ed d\u011bdictv\u00ed Loty\u0161ska je i nad\u00e1le z\u00e1sadn\u00ed. Lesy pokr\u00fdvaj\u00ed polovinu \u00fazem\u00ed a prol\u00ednaj\u00ed se se \u010dty\u0159mi n\u00e1rodn\u00edmi parky. N\u00e1rodn\u00ed park Gauja, nejv\u011bt\u0161\u00ed z nich, okouzluje sv\u00fdmi \u0159\u00ed\u010dn\u00edmi \u00fadol\u00edmi a p\u00edskovcov\u00fdmi v\u00fdchozy. N\u00e1rodn\u00ed park \u0136emeri chr\u00e1n\u00ed stezky po ba\u017ein\u00e1ch a vz\u00e1cnou fl\u00f3ru na dohled od ri\u017esk\u00fdch p\u0159edm\u011bst\u00ed. N\u00e1rodn\u00ed park R\u0101zna na v\u00fdchod\u011b chr\u00e1n\u00ed ledovcov\u00e1 jezera obklopen\u00e1 ba\u017einami a N\u00e1rodn\u00ed park Sl\u012btere na mysu Kolka ozna\u010duje soutok Ri\u017esk\u00e9ho z\u00e1livu a Baltsk\u00e9ho mo\u0159e, jeho\u017e v\u011btrem o\u0161lehan\u00e9 louky ka\u017ed\u00fd podzim host\u00ed st\u011bhovav\u00e9 pt\u00e1ky.<\/p>\n<p>Aktivity v p\u0159\u00edrod\u011b odr\u00e1\u017eej\u00ed rovnov\u00e1hu zem\u011b mezi ochranou p\u0159\u00edrody a dostupnost\u00ed. Turistick\u00e9 trasy sahaj\u00ed od m\u00edrn\u00fdch lesn\u00edch cest a\u017e po dlouh\u00e9 plavby na k\u00e1no\u00edch pod\u00e9l vodn\u00edch tok\u016f. Pozorovatel\u00e9 pt\u00e1k\u016f, p\u0159itahov\u00e1ni podzimn\u00edmi migra\u010dn\u00edmi tahy, se umis\u0165uj\u00ed mezi r\u00e1kos\u00edm a rozhlednami. Sb\u011br hub z\u016fst\u00e1v\u00e1 n\u00e1rodn\u00ed z\u00e1bavou, stejn\u011b b\u011b\u017enou jako sb\u011br li\u0161ek pod borovicemi u vesn\u00edk\u016f. Baltsk\u00e9 pob\u0159e\u017e\u00ed nab\u00edz\u00ed t\u00e9m\u011b\u0159 p\u011bt set kilometr\u016f pob\u0159e\u017e\u00ed \u2013 \u010dasto opu\u0161t\u011bn\u00e9ho \u2013 kde hladina mo\u0159e nepost\u0159ehnuteln\u011b stoup\u00e1, co\u017e l\u00e1k\u00e1 k dlouh\u00fdm proch\u00e1zk\u00e1m pod\u00e9l pob\u0159e\u017e\u00ed a v tepl\u00fdch letn\u00edch m\u011bs\u00edc\u00edch kles\u00e1 i voda s pr\u016fm\u011brnou teplotou kolem 20 \u00b0C v \u010dervenci a srpnu.<\/p>\n<p>Loty\u0161sk\u00e1 spole\u010dnost si cen\u00ed zdvo\u0159ilosti. Ve\u0159ejn\u00e1 prostranstv\u00ed jsou udr\u017eov\u00e1na bez odpadk\u016f a v ka\u017edodenn\u00edm \u017eivot\u011b p\u0159etrv\u00e1vaj\u00ed zdvo\u0159il\u00e9 zvyky \u2013 podr\u017eov\u00e1n\u00ed dve\u0159\u00ed, uvol\u0148ov\u00e1n\u00ed prostoru \u2013 a zved\u00e1n\u00ed host\u016f. Rozhovory o politice nebo osobn\u00edch financ\u00edch jsou vyhrazeny pro bl\u00edzk\u00e9; zahrani\u010dn\u00ed n\u00e1v\u0161t\u011bvn\u00edci jsou v\u00edt\u00e1ni s odm\u011b\u0159enou p\u0159\u00edmo\u010darost\u00ed. Lidov\u00e1 symbolika p\u0159etrv\u00e1v\u00e1 v \u0159emeslech a ob\u0159adech: svastika neboli p\u0113rkonkrusts se ve v\u00fd\u0161ivk\u00e1ch objevuje jako p\u0159edk\u0159es\u0165ansk\u00fd symbol ohn\u011b a energie, zcela bez souvislosti s pozd\u011bj\u0161\u00edmi zpronev\u011brami.<\/p>\n<p>Od vstupu do Evropsk\u00e9 unie v roce 2004 a p\u0159ijet\u00ed eura v roce 2014 se Loty\u0161sko p\u0159iklonilo k hlub\u0161\u00ed integraci a z\u00e1rove\u0148 chr\u00e1nilo jazykov\u00e9 a kulturn\u00ed d\u011bdictv\u00ed. Pr\u016fzkumy proveden\u00e9 v souvislosti se zaveden\u00edm eura uk\u00e1zaly \u00fazkou v\u011bt\u0161inu ve prosp\u011bch nov\u00e9 m\u011bny, co\u017e odr\u00e1\u017e\u00ed opatrn\u00fd i pragmatick\u00fd elektor\u00e1t. Postsov\u011btsk\u00e9 \u00fapravy zahrnovaly reformy soudnictv\u00ed, protikorup\u010dn\u00ed opat\u0159en\u00ed a investice do infrastruktury, a to i p\u0159esto, \u017ee zem\u011b \u010del\u00ed demografick\u00e9mu poklesu a emigraci.<\/p>\n<p>Loty\u0161sko se dnes nach\u00e1z\u00ed na pomez\u00ed pastora\u010dn\u00edch rozloh a metropolitn\u00edch ambic\u00ed. Jeho kolektivn\u00ed pam\u011b\u0165 nese otisk st\u0159edov\u011bk\u00fdch \u0159\u00e1d\u016f, c\u00edsa\u0159sk\u00fdch car\u016f a totalitn\u00edch okupac\u00ed. Sou\u010dasn\u00e1 identita republiky se v\u0161ak prosazuje prost\u0159ednictv\u00edm obnoven\u00e9 lidov\u00e9 architektury, prosperuj\u00edc\u00ed um\u011bleck\u00e9 sc\u00e9ny a odoln\u00fdch ob\u010dansk\u00fdch instituc\u00ed. N\u00e1v\u0161t\u011bvn\u00edci jsou zv\u00e1ni nejen k prohl\u00e9dnut\u00ed fotogenick\u00fdch fas\u00e1d a p\u0159\u00edrodn\u00edch panoramat, ale tak\u00e9 k propojen\u00ed se spole\u010dnost\u00ed, kter\u00e1 si cen\u00ed decentnosti, jasnosti vyj\u00e1d\u0159en\u00ed a hlubok\u00e9ho spojen\u00ed s m\u00edstem.<\/p>\n<p>V t\u00e9to baltsk\u00e9 \u0159\u00ed\u0161i se ka\u017ed\u00e9 ro\u010dn\u00ed obdob\u00ed odv\u00edj\u00ed s m\u011b\u0159enou kadenc\u00ed. Jaro vypou\u0161t\u00ed smaragdov\u00e9 pupeny v lu\u017en\u00edch les\u00edch. Dlouh\u00e9 letn\u00ed dny l\u00e1kaj\u00ed rodiny na pl\u00e1\u017ee, kde se p\u00edse\u010dn\u00e9 duny t\u00e1hnou kilometry bez p\u0159eru\u0161en\u00ed. Podzim rozpaluje lesy v odst\u00ednech \u010derven\u00e9 a zlat\u00e9 a zimn\u00ed ticho hal\u00ed pole do nedot\u010den\u00e9ho sn\u011bhu. Na tomto pozad\u00ed p\u0159etrv\u00e1v\u00e1 loty\u0161sk\u00e9 d\u011bdictv\u00ed \u2013 jeho p\u0159\u00edb\u011bh vykreslen\u00fd v kamenn\u00fdch pevnostech, pansk\u00fdch s\u00eddlech a samotn\u00fdch rytmech p\u0159\u00edrody \u2013 a \u010dek\u00e1 na ty, kte\u0159\u00ed cht\u011bj\u00ed sp\u00ed\u0161e pozorovat ne\u017e konzumovat, sp\u00ed\u0161e ch\u00e1pat ne\u017e jen b\u00fdt sv\u011bdky.<\/p>","protected":false},"excerpt":{"rendered":"<p>Loty\u0161sko, kter\u00e9 se nach\u00e1z\u00ed v oblasti Baltsk\u00e9ho mo\u0159e v severn\u00ed Evrop\u011b, m\u00e1 populaci p\u0159ibli\u017en\u011b 1,9 milionu jedinc\u016f. Loty\u0161sko, kter\u00e9 se nach\u00e1z\u00ed na v\u00fdchodn\u00edm pob\u0159e\u017e\u00ed Baltsk\u00e9ho mo\u0159e, m\u00e1 kl\u00ed\u010dovou polohu v severn\u00ed Evrop\u011b a funguje jako prost\u0159edn\u00edk mezi v\u00fdchodn\u00ed a z\u00e1padn\u00ed Evropou. Tento mal\u00fd, ale dynamick\u00fd n\u00e1rod m\u00e1 rozlohu 64 589 kilometr\u016f \u010dtvere\u010dn\u00edch (24 938 \u010dtvere\u010dn\u00edch mil), \u010d\u00edm\u017e je o n\u011bco v\u011bt\u0161\u00ed ne\u017e Z\u00e1padn\u00ed Virginie ve Spojen\u00fdch st\u00e1tech nebo t\u00e9m\u011b\u0159 ekvivalentn\u00ed velikosti Irska.<\/p>","protected":false},"author":1,"featured_media":3257,"parent":24078,"menu_order":0,"comment_status":"closed","ping_status":"closed","template":"elementor_theme","meta":{"_eb_attr":"","footnotes":""},"class_list":["post-11584","page","type-page","status-publish","has-post-thumbnail"],"_links":{"self":[{"href":"https:\/\/travelshelper.com\/cs\/wp-json\/wp\/v2\/pages\/11584","targetHints":{"allow":["GET"]}}],"collection":[{"href":"https:\/\/travelshelper.com\/cs\/wp-json\/wp\/v2\/pages"}],"about":[{"href":"https:\/\/travelshelper.com\/cs\/wp-json\/wp\/v2\/types\/page"}],"author":[{"embeddable":true,"href":"https:\/\/travelshelper.com\/cs\/wp-json\/wp\/v2\/users\/1"}],"replies":[{"embeddable":true,"href":"https:\/\/travelshelper.com\/cs\/wp-json\/wp\/v2\/comments?post=11584"}],"version-history":[{"count":0,"href":"https:\/\/travelshelper.com\/cs\/wp-json\/wp\/v2\/pages\/11584\/revisions"}],"up":[{"embeddable":true,"href":"https:\/\/travelshelper.com\/cs\/wp-json\/wp\/v2\/pages\/24078"}],"wp:featuredmedia":[{"embeddable":true,"href":"https:\/\/travelshelper.com\/cs\/wp-json\/wp\/v2\/media\/3257"}],"wp:attachment":[{"href":"https:\/\/travelshelper.com\/cs\/wp-json\/wp\/v2\/media?parent=11584"}],"curies":[{"name":"wp","href":"https:\/\/api.w.org\/{rel}","templated":true}]}}