{"id":11578,"date":"2024-09-13T13:47:07","date_gmt":"2024-09-13T13:47:07","guid":{"rendered":"https:\/\/travelshelper.com\/staging\/?page_id=11578"},"modified":"2026-03-12T18:25:16","modified_gmt":"2026-03-12T18:25:16","slug":"vilnius","status":"publish","type":"page","link":"https:\/\/travelshelper.com\/cs\/destinations\/europe\/lithuania\/vilnius\/","title":{"rendered":"Vilnius"},"content":{"rendered":"<p>Vilnius se prezentuje jako m\u011bsto s m\u011b\u0159enou hustotou os\u00eddlen\u00ed a rozlehlou zelen\u00ed. V lednu 2025 \u017eilo v jeho obci 607 667 obyvatel, zat\u00edmco \u0161ir\u0161\u00ed m\u011bstsk\u00e1 aglomerace \u010d\u00edtala p\u0159ibli\u017en\u011b 747 864 obyvatel. Vilnius se rozkl\u00e1d\u00e1 na 402 kilometrech \u010dtvere\u010dn\u00edch v jihov\u00fdchodn\u00ed Litv\u011b na \u00farodn\u00e9m soutoku \u0159ek Vilnia a Neris, p\u0159ibli\u017en\u011b 312 kilometr\u016f do vnitrozem\u00ed od pob\u0159e\u017e\u00ed Baltsk\u00e9ho mo\u0159e. Jeho sou\u0159adnice ho \u0159ad\u00ed bl\u00edzko geometrick\u00e9ho st\u0159edu kontinentu, jak jej ur\u010dil francouzsk\u00fd N\u00e1rodn\u00ed geografick\u00fd institut na 54\u00b054\u2032 severn\u00ed \u0161\u00ed\u0159ky a 25\u00b019\u2032 v\u00fdchodn\u00ed d\u00e9lky.<\/p>\n<p>Vilnius je od sv\u00fdch po\u010d\u00e1tk\u016f definov\u00e1n sv\u00fdmi prom\u011bnliv\u00fdmi hranicemi \u2013 geografick\u00fdmi, politick\u00fdmi a kulturn\u00edmi. Vykop\u00e1vky na Gediminov\u011b vrchu a pod\u00e9l \u0159eky Vilnius nazna\u010duj\u00ed p\u0159eru\u0161ovanou lidskou p\u0159\u00edtomnost od neolitu, kter\u00e1 se vyvinula v opevn\u011bn\u00e9 s\u00eddli\u0161t\u011b kolem prvn\u00edho tis\u00edcilet\u00ed n. l. Do roku 1323 velkokn\u00ed\u017ee Gediminas zalo\u017eil na vrcholu kopce cihlovou pevnost, kter\u00e1 ukotvila rod\u00edc\u00ed se m\u011bsto, je\u017e m\u011blo slou\u017eit jako s\u00eddlo \u0159\u00ed\u0161e t\u00e1hnouc\u00ed se od Baltsk\u00e9ho k \u010cern\u00e9mu mo\u0159i. B\u011bhem n\u00e1sleduj\u00edc\u00edho stolet\u00ed a p\u016fl se vedle d\u0159ev\u011bn\u00fdch le\u0161en\u00ed ty\u010dily gotick\u00e9 v\u011b\u017ee a renesan\u010dn\u00ed port\u00e1ly, kter\u00e9 r\u00e1movaly klikat\u00e9 ulice, je\u017e se dodnes vine 3,6 kilometry \u010dtvere\u010dn\u00edmi Star\u00e9ho M\u011bsta.<\/p>\n<p>Architektonick\u00fd soubor Star\u00e9ho M\u011bsta z\u016fst\u00e1v\u00e1 jedn\u00edm z nejsoudr\u017en\u011bj\u0161\u00edch soubor\u016f st\u0159edov\u011bk\u00fdch uli\u010dn\u00edch vzor\u016f a barokn\u00edch ozdob v Evrop\u011b. V roce 1994 jej UNESCO zapsalo na seznam sv\u011btov\u00e9ho d\u011bdictv\u00ed UNESCO, a to jak kv\u016fli jeho rozsahu \u2013 mezi nejv\u011bt\u0161\u00ed dochovan\u00e1 historick\u00e1 j\u00e1dra kontinentu \u2013 tak i kv\u016fli jeho stylistick\u00e9 \u010distot\u011b. N\u00e1v\u0161t\u011bvn\u00edci dnes sleduj\u00ed hlavn\u00ed tepnu, ulici Pilies, od pal\u00e1ce velkov\u00e9vod\u016f k radnici ze 16. stolet\u00ed. Na jej\u00edm toku naraz\u00edte na kapli svat\u00e9ho Kazim\u00edra, postavenou v roce 1624 architekty Matteem Castellim a Pietrem Pertim, jej\u00ed\u017e ozdoby z b\u00edl\u00e9ho mramoru a zlacen\u00e9 \u0161tuky jsou p\u0159\u00edkladem vilniusk\u00e9ho baroka, kter\u00e9 dod\u00e1v\u00e1 m\u011bstu jedine\u010dnou noblesu na v\u00fdchodn\u00edm k\u0159\u00eddle Evropy.<\/p>\n<p>Du\u0161e m\u011bsta v\u0161ak spo\u010d\u00edv\u00e1 stejn\u011b tak v jeho mezer\u00e1ch jako v jeho velkolep\u00fdch fas\u00e1d\u00e1ch. Mezi \u00fazk\u00fdmi uli\u010dkami a skryt\u00fdmi dvorky se nach\u00e1zej\u00ed stopy mnoha komunit, kter\u00e9 formovaly multikulturn\u00ed d\u011bdictv\u00ed Vilniusu. B\u011bhem polsko-litevsk\u00e9ho spole\u010denstv\u00ed v 16. a 17. stolet\u00ed p\u0159irovn\u00e1vali sou\u010dasn\u00ed pozorovatel\u00e9 kosmopolitismus m\u011bsta ke starov\u011bk\u00e9mu Babylonu. Vedle synagog se ty\u010dily k\u0159es\u0165ansk\u00e9 katedr\u00e1ly a pravoslavn\u00e9 svatyn\u011b, kter\u00e9 p\u0159ed druhou sv\u011btovou v\u00e1lkou ud\u011blaly z Vilniusu d\u016fle\u017eit\u00e9 centrum \u017eidovsk\u00e9ho \u017eivota \u2013 \u201eJeruzal\u00e9m Litvy\u201c, jak jej v roce 1812 nazval Napoleon. A\u010dkoli holocaust tuto komunitu zni\u010dil, smutn\u00e9 poz\u016fstatky Velk\u00e9 synagogy a pam\u00e1tn\u00edky na b\u00fdval\u00fdch h\u0159bitovech sv\u011bd\u010d\u00ed o m\u011bstsk\u00e9m pluralismu, kter\u00fd byl zni\u010den n\u00e1sil\u00edm.<\/p>\n<p>V 19. stolet\u00ed a na sklonku \u00e9ry carsk\u00e9ho Ruska byly d\u0159ev\u011bn\u00e9 okraje m\u011bsta nahrazeny bulv\u00e1ry a n\u00e1m\u011bst\u00edmi, jen aby carsk\u00e9 dekrety v roce 1795 smazaly \u010d\u00e1sti Katedr\u00e1ln\u00edho n\u00e1m\u011bst\u00ed a po roce 1945 \u010d\u00e1sti ulice Vokie\u010di\u0173. Rekonstrukce v\u0161ak p\u0159inesla i sv\u00e9 vlastn\u00ed inovace, proto\u017ee m\u00edstn\u00ed \u0159emesln\u00edci a emigrant\u0161t\u00ed architekti p\u0159estavovali kostely v neoklasicistn\u00edm stylu nebo p\u0159estavovali pal\u00e1ce v jazyce vilniusk\u00e9ho baroka. V polovin\u011b 20. stolet\u00ed se Gediminova v\u011b\u017e rozkl\u00e1dala nad m\u011bstsk\u00fdm prostorem zjizven\u00fdm okupac\u00ed a v\u00e1lkou, ale nikdy nepostr\u00e1dan\u00fdm ob\u010danskou odolnost.<\/p>\n<p>Od znovuz\u00edsk\u00e1n\u00ed nez\u00e1vislosti v roce 1991 se Vilnius sna\u017e\u00ed o sbl\u00ed\u017een\u00ed se z\u00e1padn\u00ed Evropou, vstup do NATO a Evropsk\u00e9 unie a p\u0159itahuje fintech firmy i n\u00edzkon\u00e1kladov\u00e9 poskytovatele. V roce 2025 byl jmenov\u00e1n Evropsk\u00fdm zelen\u00fdm m\u011bstem, co\u017e odr\u00e1\u017e\u00ed pe\u010dliv\u00e9 urbanistick\u00e9 pl\u00e1nov\u00e1n\u00ed, kter\u00e9 vyhrazuje t\u00e9m\u011b\u0159 69 procent jeho plochy pro parky, p\u0159\u00edrodn\u00ed rezervace a vodn\u00ed toky. Osm geomorfologick\u00fdch a hydrografick\u00fdch rezervac\u00ed chr\u00e1n\u00ed m\u00edrn\u00e9 svahy Vok\u0117 a Auk\u0161tagiris, zat\u00edmco nejm\u00e9n\u011b t\u0159icet jezer a \u0161estn\u00e1ct \u0159ek dotv\u00e1\u0159\u00ed m\u011bstskou krajinu pod \u0161ir\u00fdm nebem. Vingis Park, rozkl\u00e1daj\u00edc\u00ed se na 162 hektarech, host\u00ed koncerty a maratony; Bernardinsk\u00fd park, obnoven\u00fd do sv\u00fdch kontur z 19. stolet\u00ed v roce 2013, nab\u00edz\u00ed tich\u00e9 zaz\u0159en\u00ed vedle Gediminasovy siluety.<\/p>\n<p>Takov\u00e9 rozlohy zm\u00edr\u0148uj\u00ed kontinent\u00e1ln\u00ed klima, kter\u00e9 se vyzna\u010duje tepl\u00fdmi l\u00e9ty \u2013 s periodick\u00fdmi vlnami veder, kter\u00e9 zvedaj\u00ed denn\u00ed teplom\u011bry nad 30 \u00b0C \u2013 a zimami, kter\u00e9 mohou klesnout pod \u201325 \u00b0C a zp\u016fsobit n\u00e1mrazu na \u0159ek\u00e1ch i jezerech. Pr\u016fm\u011brn\u00fd ro\u010dn\u00ed \u00fahrn sr\u00e1\u017eek je 691 milimetr\u016f a pr\u016fm\u011brn\u00e1 ro\u010dn\u00ed teplota 7,3 \u00b0C maskuje v\u011bt\u0161\u00ed variabilitu pozorovanou b\u011bhem t\u00e9m\u011b\u0159 dvou a p\u016fl stolet\u00ed m\u00edstn\u00edch z\u00e1znam\u016f. V posledn\u00edch desetilet\u00edch do\u0161lo k v\u00fdrazn\u00e9mu trendu oteplov\u00e1n\u00ed, kter\u00fd Litevsk\u00e1 hydrometeorologick\u00e1 slu\u017eba p\u0159ipisuje antropogenn\u00edm vliv\u016fm \u2013 p\u0159ipom\u00ednka toho, \u017ee ani zelen\u00e1 struktura m\u011bsta jej nedok\u00e1\u017ee ochr\u00e1nit p\u0159ed glob\u00e1ln\u00edmi zm\u011bnami.<\/p>\n<p>Kulturn\u00ed instituce posiluj\u00ed postaven\u00ed Vilniusu jako centra baltsk\u00e9 kreativity. N\u00e1rodn\u00ed muzeum Litvy, kter\u00e9 s\u00eddl\u00ed v zrekonstruovan\u00e9m Pal\u00e1ci velkokn\u00ed\u017eat, zkoum\u00e1 v\u00fdvoj n\u00e1roda od st\u0159edov\u011bk\u00e9ho v\u00e9vodstv\u00ed po modern\u00ed republiku. Nedaleko se nach\u00e1z\u00ed Muzeum u\u017eit\u00e9ho um\u011bn\u00ed a designu, kter\u00e9 shroma\u017e\u010fuje lidov\u00e9 textilie, n\u00e1bo\u017eenskou ikonografii a od\u011bvn\u00ed rarity z 18. a\u017e 20. stolet\u00ed. Na druh\u00e9 stran\u011b \u0159eky Neris se nach\u00e1z\u00ed Centrum sou\u010dasn\u00e9ho um\u011bn\u00ed, nejv\u011bt\u0161\u00ed sv\u00e9ho druhu v pobaltsk\u00fdch st\u00e1tech, kter\u00e9 v nov\u011b pojat\u00e9m pr\u016fmyslov\u00e9m prostoru o rozloze 2 400 metr\u016f \u010dtvere\u010dn\u00edch po\u0159\u00e1d\u00e1 v\u00fdstavy performance, filmu a avantgardn\u00edch instalac\u00ed. V roce 2018 otev\u0159elo Muzeum Litvy jako filantropick\u00fd podnik p\u0159ibli\u017en\u011b 5 000 d\u011bl, od \u00fazkost\u00ed sov\u011btsk\u00e9 \u00e9ry a\u017e po nad\u0161en\u00ed po z\u00edsk\u00e1n\u00ed nez\u00e1vislosti.<\/p>\n<p>Krom\u011b v\u00fdznamn\u00fdch pam\u00e1tek vypr\u00e1v\u011bj\u00ed v\u011bdeck\u00e1 a pam\u011btn\u00ed m\u00edsta m\u011bsta i z\u00e1va\u017en\u011bj\u0161\u00ed kapitoly. V Muzeu okupac\u00ed a boj\u016f za svobodu, kter\u00e9 s\u00eddl\u00ed v b\u00fdval\u00e9m s\u00eddle KGB, jsou vystaveny expozice zachycuj\u00edc\u00ed represivn\u00ed mechanismy, kter\u00e9 sv\u00edraly Litvu pod sov\u011btskou vl\u00e1dou. Pam\u00e1tn\u00edk Paneriai uchov\u00e1v\u00e1 pam\u00e1tku masov\u00fdch poprav sp\u00e1chan\u00fdch nacistick\u00fdmi a sov\u011btsk\u00fdmi silami. H\u0159bitov Rasos, vysv\u011bcen\u00fd v roce 1801, uchov\u00e1v\u00e1 ostatky signat\u00e1\u0159\u016f Aktu o nez\u00e1vislosti z roku 1918 a tak\u00e9 srdce polsk\u00e9ho mar\u0161\u00e1la J\u00f3zefa Pi\u0142sudsk\u00e9ho \u2013 dojemn\u00fd symbol propleten\u00fdch osud\u016f.<\/p>\n<p>Ekonomick\u00e9 ukazatele podtrhuj\u00ed etablov\u00e1n\u00ed Vilniusu jako region\u00e1ln\u00edho centra. Ve druh\u00e9m \u010dtvrtlet\u00ed roku 2024 dos\u00e1hla pr\u016fm\u011brn\u00e1 hrub\u00e1 m\u011bs\u00ed\u010dn\u00ed mzda 2 501,1 EUR, zat\u00edmco HDP na obyvatele se bl\u00ed\u017eil 30 000 EUR. M\u011bsto hostilo summit NATO v roce 2023 a spolu s rakousk\u00fdm Lincem bylo v roce 2009 Evropsk\u00fdm hlavn\u00edm m\u011bstem kultury. Jeho um\u00edst\u011bn\u00ed na 76. m\u00edst\u011b v indexu glob\u00e1ln\u00edch finan\u010dn\u00edch center a 29. m\u00edst\u011b v Evrop\u011b odr\u00e1\u017e\u00ed rozv\u00edjej\u00edc\u00ed se sektor fintech, kter\u00fd p\u0159itahuje mezin\u00e1rodn\u00ed investice a talenty.<\/p>\n<p>Dopravn\u00ed infrastruktura propojuje Vilnius s \u0161ir\u0161\u00edmi koridory pohybu. Hlavn\u00ed litevsk\u00e9 leti\u0161t\u011b le\u017e\u00ed pouh\u00fdch p\u011bt kilometr\u016f od centra m\u011bsta a spojuje ho \u017eeleznic\u00ed a silnic\u00ed s Minskem, Kaliningradem, Moskvou a Petrohradem a s v\u00fdznamn\u00fdmi litevsk\u00fdmi centry po d\u00e1lnic\u00edch A1, A2 a dal\u0161\u00edch. Ve m\u011bst\u011b p\u0159eprav\u00ed denn\u011b p\u0159ibli\u017en\u011b p\u016fl milionu cestuj\u00edc\u00edch rozs\u00e1hl\u00e1 s\u00ed\u0165 v\u00edce ne\u017e 60 autobusov\u00fdch linek a 18 trolejbusov\u00fdch linek. Vozov\u00fd park ve\u0159ejn\u00e9 dopravy, obnoven\u00fd o nov\u00e1 n\u00edzkopodla\u017en\u00ed vozidla a vybaven\u00fd Wi-Fi a nab\u00edje\u010dkami za\u0159\u00edzen\u00ed, je p\u0159\u00edkladem z\u00e1vazku k modernizaci i p\u0159\u00edstupnosti.<\/p>\n<p>Statistiky cestovn\u00edho ruchu ukazuj\u00ed postupn\u00fd, ale trval\u00fd n\u00e1r\u016fst po\u010dtu n\u00e1v\u0161t\u011bvn\u00edk\u016f. V roce 2018 bylo zaznamen\u00e1no p\u0159es 1,2 milionu p\u0159enocov\u00e1n\u00ed, z \u010deho\u017e p\u0159ibli\u017en\u011b 970 000 tvo\u0159ili cizinci. Cestovatel\u00e9 p\u0159ij\u00ed\u017ed\u011bj\u00ed za historick\u00fdm z\u00e1\u017eitkem \u2013 t\u00e9m\u011b\u0159 polovina z nich byla v dan\u00e9m roce poprv\u00e9 \u2013 a \u010dasto se zdr\u017euj\u00ed v kav\u00e1rn\u00e1ch a muze\u00edch Star\u00e9ho M\u011bsta. Charakteristick\u00fdm prvkem m\u011bsta se stal let horkovzdu\u0161n\u00fdm balonem, kter\u00fd se v roce 2022 konal s t\u00e9m\u011b\u0159 tis\u00edci v\u00fdstupy. Pr\u016fvodci zam\u011b\u0159en\u00ed na pom\u011br ceny a kvality mezit\u00edm \u0159ad\u00ed Vilnius mezi cenov\u011b nejv\u00fdhodn\u011bj\u0161\u00ed hlavn\u00ed m\u011bsta Evropy, co\u017e je hodnocen\u00ed ovlivn\u011bno rozumn\u00fdmi cenami ubytov\u00e1n\u00ed, rozmanit\u00fdmi mo\u017enostmi stravov\u00e1n\u00ed a m\u011bstsk\u00fdmi \u010dtvrt\u011bmi p\u0159\u00e1telsk\u00fdmi k p\u011b\u0161\u00edm chodc\u016fm.<\/p>\n<p>U\u017eupis, samozvan\u00e1 republika na v\u00fdchodn\u00edm okraji m\u011bsta, je zt\u011blesn\u011bn\u00edm vilniusk\u00e9 sm\u011bsice form\u00e1ln\u00ed spr\u00e1vy a um\u011bleck\u00e9 svobody. Vyhl\u00e1\u0161en\u00e1 v roce 1997, si zachov\u00e1v\u00e1 vlastn\u00ed \u00fastavu, hymnu a prezidenta, a to i p\u0159esto, \u017ee v jej\u00edch dl\u00e1\u017ed\u011bn\u00fdch ulic\u00edch a na fas\u00e1d\u00e1ch na b\u0159ehu \u0159eky se nach\u00e1zej\u00ed ateli\u00e9ry a galerie, kter\u00e9 se vzp\u00edraj\u00ed kategorizaci. Boh\u00e9msk\u00fd \u00e9tos \u010dtvrti dopl\u0148uje ceremoni\u00e1ln\u00ed v\u00e1\u017enost Star\u00e9ho M\u011bsta a obohacuje vilniusk\u00e9 vypr\u00e1v\u011bn\u00ed t\u00edm, \u017ee nab\u00edz\u00ed alternativn\u00ed vizi spole\u010dn\u00e9ho \u017eivota.<\/p>\n<p>Vzd\u011bl\u00e1v\u00e1n\u00ed a inovace nach\u00e1zej\u00ed spole\u010dnou \u0159e\u010d v instituc\u00edch, jako je Vilniussk\u00e1 univerzita, jedna z nejstar\u0161\u00edch akademi\u00ed ve v\u00fdchodn\u00ed Evrop\u011b, zalo\u017een\u00e1 v roce 1579, a v rozv\u00edjej\u00edc\u00edch se technologick\u00fdch parc\u00edch, kter\u00e9 podporuj\u00ed za\u010d\u00ednaj\u00edc\u00ed podniky v oblasti softwaru, biotechnologi\u00ed a obnoviteln\u00fdch zdroj\u016f energie. Tato souhra d\u011bdictv\u00ed a budoucnosti o\u017eivuje m\u011bsto, kter\u00e9 se opakovan\u011b obnovovalo uprost\u0159ed m\u011bn\u00edc\u00edch se suverenit. Od st\u0159edov\u011bk\u00fdch ta\u017een\u00ed \u0158\u00e1du n\u011bmeck\u00fdch ryt\u00ed\u0159\u016f a\u017e po vrchol Polsko-litevsk\u00e9ho spole\u010denstv\u00ed, od rusk\u00e9 imperi\u00e1ln\u00ed vl\u00e1dy k sov\u011btsk\u00e9mu podman\u011bn\u00ed a nakonec k nez\u00e1visl\u00e9 republice a modern\u00edmu \u010dlenstv\u00ed v EU, Vilnius stoj\u00ed jako palimpsest vrstven\u00fdch d\u011bjin \u2013 ka\u017ed\u00e1 vepsan\u00e1 do p\u0159edchoz\u00ed, ani\u017e by vymazala sv\u00e9 p\u0159edch\u016fdce.<\/p>\n<p>Na okraj\u00edch m\u011bsta se nach\u00e1zej\u00ed p\u0159\u00edrodn\u00ed rezervace, kter\u00e9 chr\u00e1n\u00ed meandry \u0159eky Vilnius a z\u00e1plavovou oblast \u0159eky Neris a nab\u00edzej\u00ed jak ekologick\u00e9 \u00fato\u010di\u0161t\u011b, tak rekrea\u010dn\u00ed koridory. Krajinn\u00e1 rezervace Cedronas Upstream a geomorfologick\u00e1 rezervace \u0160e\u0161kin\u0117 Slopes chr\u00e1n\u00ed biotopy pro pta\u010d\u00ed a vodn\u00ed druhy a p\u0159ipom\u00ednaj\u00ed obyvatel\u016fm, \u017ee velkom\u011bstsk\u00fd \u017eivot m\u016f\u017ee koexistovat s rytmy divok\u00e9ho prost\u0159ed\u00ed. V teplej\u0161\u00edch m\u011bs\u00edc\u00edch se jezera, jako je Bal\u017eis, hem\u017e\u00ed plavci a piknik\u00e1\u0159i, co\u017e potvrzuje kouzlo m\u011bstsk\u00e9ho prost\u0159ed\u00ed, kter\u00e9 stejn\u011b snadno p\u0159izp\u016fsobuje odpo\u010dinku jako oslavuje m\u011bstskou ok\u00e1zalost.<\/p>\n<p>S postupem Vilniusu do poloviny 2020. let 21. stolet\u00ed se mezi jeho v\u00fdzvy \u0159ad\u00ed nalezen\u00ed rovnov\u00e1hy mezi r\u016fstem a ochranou p\u0159\u00edrody a zaji\u0161t\u011bn\u00ed toho, aby rostouc\u00ed prosperita prosp\u00edvala \u0161irok\u00e9mu spektru obyvatel. Rozpo\u010det m\u011bstsk\u00e9 spr\u00e1vy v roce 2022 p\u0159ekro\u010dil 1 miliardu eur a byl zam\u011b\u0159en na modernizaci infrastruktury, soci\u00e1ln\u00ed slu\u017eby a kulturn\u00ed projekty. Snahy o roz\u0161\u00ed\u0159en\u00ed elektrifikace ve\u0159ejn\u00e9 dopravy, obnovu historick\u00fdch \u010dtvrt\u00ed a integraci p\u0159\u00edrody do urbanistick\u00e9ho pl\u00e1nov\u00e1n\u00ed odhaluj\u00ed strategii zalo\u017eenou na dlouhodob\u00e9 p\u00e9\u010di, nikoli na kr\u00e1tkodob\u00e9 pod\u00edvan\u00e9.<\/p>\n<p>Vilnius nakonec z\u016fst\u00e1v\u00e1 m\u00edstem tich\u00fdch odhalen\u00ed sp\u00ed\u0161e ne\u017e velkolep\u00fdch prohl\u00e1\u0161en\u00ed. Jeho p\u0159\u00ednos nespo\u010d\u00edv\u00e1 v jedin\u00e9 pam\u00e1tce nebo ud\u00e1losti, ale v kumulativn\u00edm efektu stalet\u00ed akumulace: cechovn\u00ed s\u00edn\u011b, jejich\u017e fas\u00e1dy praskaj\u00ed v\u011bkem; skryt\u00e9 kaple, kde sv\u011btlo pronik\u00e1 skrz malovan\u00e9 sklo; parky, kde se d\u011btsk\u00fd sm\u00edch m\u00eds\u00ed se vzd\u00e1len\u00fdm zvon\u011bn\u00edm katedr\u00e1ln\u00edch zvon\u016f. Historie zde nen\u00ed ani vzd\u00e1lenou expozic\u00ed, ani vnucen\u00fdm vypr\u00e1v\u011bn\u00edm, ale \u017eiv\u00fdm kontinuem, na kter\u00e9m se pod\u00edlej\u00ed obyvatel\u00e9 i n\u00e1v\u0161t\u011bvn\u00edci. Takov\u00e9 je trval\u00e9 kouzlo Vilniusu: m\u011bstsk\u00e1 komplexnost, kter\u00e1 si nevy\u017eaduje ani nevy\u017eaduje zkr\u00e1\u0161lov\u00e1n\u00ed, ale sp\u00ed\u0161e vzkv\u00e9t\u00e1 z integrity sv\u00fdch \u017eiv\u00fdch textur.<\/p>","protected":false},"excerpt":{"rendered":"<p>Vilnius, hlavn\u00ed m\u011bsto Litvy, je p\u0159\u00edkladem slo\u017eit\u00e9ho d\u011bdictv\u00ed evropsk\u00e9 historie a kultury. Tato dynamick\u00e1 metropole s o\u010dek\u00e1van\u00fdm po\u010dtem obyvatel 605 270 k \u010dervenci 2024 je nejv\u011bt\u0161\u00ed v Litv\u011b a druh\u00e1 nejlidnat\u011bj\u0161\u00ed v pobaltsk\u00fdch republik\u00e1ch. Rozs\u00e1hl\u00e1 m\u011bstsk\u00e1 oblast Vilnius, za hranicemi m\u011bsta, m\u00e1 v\u011bt\u0161\u00ed populaci, zhruba 708 627 obyvatel.<\/p>","protected":false},"author":1,"featured_media":3827,"parent":11553,"menu_order":0,"comment_status":"closed","ping_status":"closed","template":"elementor_theme","meta":{"_eb_attr":"","footnotes":""},"class_list":["post-11578","page","type-page","status-publish","has-post-thumbnail"],"_links":{"self":[{"href":"https:\/\/travelshelper.com\/cs\/wp-json\/wp\/v2\/pages\/11578","targetHints":{"allow":["GET"]}}],"collection":[{"href":"https:\/\/travelshelper.com\/cs\/wp-json\/wp\/v2\/pages"}],"about":[{"href":"https:\/\/travelshelper.com\/cs\/wp-json\/wp\/v2\/types\/page"}],"author":[{"embeddable":true,"href":"https:\/\/travelshelper.com\/cs\/wp-json\/wp\/v2\/users\/1"}],"replies":[{"embeddable":true,"href":"https:\/\/travelshelper.com\/cs\/wp-json\/wp\/v2\/comments?post=11578"}],"version-history":[{"count":0,"href":"https:\/\/travelshelper.com\/cs\/wp-json\/wp\/v2\/pages\/11578\/revisions"}],"up":[{"embeddable":true,"href":"https:\/\/travelshelper.com\/cs\/wp-json\/wp\/v2\/pages\/11553"}],"wp:featuredmedia":[{"embeddable":true,"href":"https:\/\/travelshelper.com\/cs\/wp-json\/wp\/v2\/media\/3827"}],"wp:attachment":[{"href":"https:\/\/travelshelper.com\/cs\/wp-json\/wp\/v2\/media?parent=11578"}],"curies":[{"name":"wp","href":"https:\/\/api.w.org\/{rel}","templated":true}]}}